{"id":2060,"date":"2025-07-08T13:29:47","date_gmt":"2025-07-08T16:29:47","guid":{"rendered":"https:\/\/informacionoficial.mendoza.gob.ar\/saludydeportes\/?page_id=2060"},"modified":"2026-03-06T15:03:40","modified_gmt":"2026-03-06T18:03:40","slug":"2060-2","status":"publish","type":"page","link":"https:\/\/informacionoficial.mendoza.gob.ar\/saludydeportes\/2060-2\/","title":{"rendered":"Direcci\u00f3n Gral. Regi\u00f3n Valle de Uco"},"content":{"rendered":"<p>[et_pb_section fb_built=\u00bb1&#8243; _builder_version=\u00bb4.27.4&#8243; _module_preset=\u00bbdefault\u00bb background_color=\u00bb#FFFFFF\u00bb height=\u00bb100%\u00bb custom_margin=\u00bb0px|0px|0px|0px|false|false\u00bb custom_padding=\u00bb0px|0px|0px|0px|false|false\u00bb border_color_bottom=\u00bb#C8A977&#8243; global_colors_info=\u00bb{}\u00bb][et_pb_row _builder_version=\u00bb4.27.4&#8243; _module_preset=\u00bbdefault\u00bb max_width=\u00bb100%\u00bb height=\u00bb100%\u00bb custom_margin=\u00bb1rem|auto|1rem|auto|true|false\u00bb custom_padding=\u00bb1rem||1rem||true|false\u00bb global_colors_info=\u00bb{}\u00bb][et_pb_column type=\u00bb4_4&#8243; _builder_version=\u00bb4.27.2&#8243; _module_preset=\u00bbdefault\u00bb global_colors_info=\u00bb{}\u00bb][et_pb_heading title=\u00bbDirecci\u00f3n General Regi\u00f3n Valle de Uco\u00bb _builder_version=\u00bb4.27.4&#8243; _module_preset=\u00bbdefault\u00bb title_font=\u00bb|600|||||||\u00bb title_text_color=\u00bb#000F9F\u00bb custom_margin=\u00bb0px|0px|0px|0px|false|false\u00bb custom_padding=\u00bb1rem||1rem||true|false\u00bb hover_enabled=\u00bb0&#8243; global_colors_info=\u00bb{}\u00bb sticky_enabled=\u00bb0&#8243;][\/et_pb_heading][et_pb_text _builder_version=\u00bb4.27.4&#8243; _module_preset=\u00bbdefault\u00bb text_font=\u00bb&#8211;et_global_heading_font||||||||\u00bb text_text_color=\u00bb#000000&#8243; text_font_size=\u00bb20px\u00bb header_font=\u00bb&#8211;et_global_heading_font||||||||\u00bb custom_margin=\u00bb0px|0px|0px|0px|false|false\u00bb custom_padding=\u00bb1rem||1rem||true|false\u00bb global_colors_info=\u00bb{}\u00bb]<\/p>\n<p>Lic. Paulo Gonz\u00e1lez Trigo<br \/>Director<br \/>G\u00fcemes 1441, Tunuy\u00e1n<br \/>Tel.:\u00a0(02622) 422324<br \/>Correo: jpgonzaleztrigo@mendoza.gov<\/p>\n<p>[\/et_pb_text][\/et_pb_column][\/et_pb_row][et_pb_row _builder_version=\u00bb4.27.4&#8243; _module_preset=\u00bbdefault\u00bb custom_margin=\u00bb20px||20px||false|false\u00bb custom_margin_tablet=\u00bb20px||10px||false|false\u00bb custom_margin_phone=\u00bb20px||10px||false|false\u00bb custom_margin_last_edited=\u00bbon|desktop\u00bb custom_padding=\u00bb0px|0px|0px|0px|true|true\u00bb border_radii=\u00bbon|12px|12px|12px|12px\u00bb border_width_all=\u00bb2px\u00bb border_color_all=\u00bb#C8A977&#8243; global_colors_info=\u00bb{}\u00bb][et_pb_column type=\u00bb4_4&#8243; _builder_version=\u00bb4.27.4&#8243; _module_preset=\u00bbdefault\u00bb global_colors_info=\u00bb{}\u00bb][et_pb_toggle title=\u00bbMisi\u00f3n\u00bb open_toggle_text_color=\u00bb#C8A977&#8243; open_toggle_background_color=\u00bbRGBA(255,255,255,0)\u00bb closed_toggle_text_color=\u00bb#C8A977&#8243; closed_toggle_background_color=\u00bbRGBA(255,255,255,0)\u00bb icon_color=\u00bb#C8A977&#8243; toggle_icon=\u00bb&#xe050;||divi||400&#8243; open_icon_color=\u00bb#C8A977&#8243; open_toggle_icon=\u00bb&#x21;||divi||400&#8243; admin_label=\u00bbConmutador\u00bb _builder_version=\u00bb4.27.4&#8243; _module_preset=\u00bbdefault\u00bb title_text_color=\u00bb#C8A977&#8243; title_level=\u00bbh4&#8243; title_font=\u00bb|600|||||||\u00bb body_font=\u00bb||||||||\u00bb body_text_color=\u00bb#02000A\u00bb background_color=\u00bb#C8A977&#8243; custom_padding=\u00bb||20px|||\u00bb hover_enabled=\u00bb0&#8243; border_width_all=\u00bb2px\u00bb border_color_all=\u00bb#C8A977&#8243; border_style_all=\u00bbnone\u00bb global_colors_info=\u00bb{}\u00bb sticky_enabled=\u00bb0&#8243; body_font_size=\u00bb16px\u00bb]<\/p>\n<p>Entender en la coordinaci\u00f3n operativa de la Regi\u00f3n Sanitaria Provincial asignada, a trav\u00e9s de la direcci\u00f3n, organizaci\u00f3n y control de la misma, promoviendo la prestaci\u00f3n de los servicios de salud, su accesibilidad y calidad en pos de su promoci\u00f3n, prevenci\u00f3n y asistencia, orientada al mejoramiento de las condiciones de salud y bienestar de la poblaci\u00f3n.<\/p>\n<p>[\/et_pb_toggle][\/et_pb_column][\/et_pb_row][et_pb_row _builder_version=\u00bb4.27.4&#8243; _module_preset=\u00bbdefault\u00bb custom_margin=\u00bb20px||20px||false|false\u00bb custom_margin_tablet=\u00bb20px||10px||false|false\u00bb custom_margin_phone=\u00bb20px||10px||false|false\u00bb custom_margin_last_edited=\u00bbon|desktop\u00bb custom_padding=\u00bb0px|0px|0px|0px|true|true\u00bb border_radii=\u00bbon|12px|12px|12px|12px\u00bb border_width_all=\u00bb2px\u00bb border_color_all=\u00bb#C8A977&#8243; global_colors_info=\u00bb{}\u00bb][et_pb_column type=\u00bb4_4&#8243; _builder_version=\u00bb4.27.2&#8243; _module_preset=\u00bbdefault\u00bb global_colors_info=\u00bb{}\u00bb][et_pb_toggle title=\u00bbFunciones\u00bb open_toggle_text_color=\u00bb#C8A977&#8243; open_toggle_background_color=\u00bbRGBA(255,255,255,0)\u00bb closed_toggle_text_color=\u00bb#C8A977&#8243; closed_toggle_background_color=\u00bbRGBA(255,255,255,0)\u00bb icon_color=\u00bb#C8A977&#8243; toggle_icon=\u00bb&#xe050;||divi||400&#8243; open_icon_color=\u00bb#C8A977&#8243; open_toggle_icon=\u00bb&#x21;||divi||400&#8243; admin_label=\u00bbConmutador\u00bb _builder_version=\u00bb4.27.4&#8243; _module_preset=\u00bbdefault\u00bb title_text_color=\u00bb#C8A977&#8243; title_level=\u00bbh4&#8243; title_font=\u00bb|600|||||||\u00bb body_font=\u00bb||||||||\u00bb body_text_color=\u00bb#02000A\u00bb background_color=\u00bb#C8A977&#8243; custom_padding=\u00bb||20px|||\u00bb hover_enabled=\u00bb0&#8243; border_width_all=\u00bb2px\u00bb border_color_all=\u00bb#C8A977&#8243; border_style_all=\u00bbnone\u00bb global_colors_info=\u00bb{}\u00bb sticky_enabled=\u00bb0&#8243; body_font_size=\u00bb16px\u00bb]<\/p>\n<ul>\n<li style=\"text-align: justify\">Planificar y establecer con la Subsecretar\u00eda de Gesti\u00f3n de Salud los objetivos para la gesti\u00f3n regional sanitaria, el plan de acci\u00f3n y estrategias para llevarlos a cabo en funci\u00f3n de la pol\u00edtica ministerial.<\/li>\n<li style=\"text-align: justify\">Planificar, dirigir y coordinar acciones con la Direcci\u00f3n de Hospitales cuando corresponda.<\/li>\n<li style=\"text-align: justify\">Organizar y gestionar los recursos disponibles y fijar procedimientos y jerarqu\u00edas para poner en pr\u00e1ctica el plan de acci\u00f3n previamente dise\u00f1ado.<\/li>\n<li style=\"text-align: justify\">Liderar e impulsar que los equipos se ajusten a los criterios y procesos establecidos.<\/li>\n<li style=\"text-align: justify\">Controlar y evaluar si se estuvieran generando desajustes, y de ser necesario, reorganizar las actividades para ajustarlas y que cumplan con el prop\u00f3sito inicial de forma productiva.<\/li>\n<li style=\"text-align: justify\">Supervisar que las actividades de promoci\u00f3n, prevenci\u00f3n y asistencia de la salud en el primer nivel de atenci\u00f3n, atenci\u00f3n hospitalaria y atenci\u00f3n pre \u2013 post hospitalaria sean ejecutadas correctamente.<\/li>\n<li style=\"text-align: justify\">Implementar en la Regi\u00f3n a su cargo la estrategia de atenci\u00f3n primaria de salud en conjunto con otras direcciones, si correspondiera.<\/li>\n<li style=\"text-align: justify\">Proponer al Ministerio la asignaci\u00f3n de recursos presupuestarios a cada uno de los efectores de la Regi\u00f3n.<\/li>\n<li style=\"text-align: justify\">Identificar la poblaci\u00f3n a su cargo con sus caracter\u00edsticas demogr\u00e1ficas y epidemiol\u00f3gicas propias dando fundamento a la distribuci\u00f3n de recursos humanos, f\u00edsicos, tecnol\u00f3gicos y a la toma de decisiones.<\/li>\n<li style=\"text-align: justify\">Coordinar el relevamiento de recursos tecnol\u00f3gicos de diagn\u00f3stico y tratamiento disponibles.<\/li>\n<li style=\"text-align: justify\">Proponer al Ministerio la cartera de servicios regional.<\/li>\n<li style=\"text-align: justify\">Proponer al Ministerio la incorporaci\u00f3n de nueva tecnolog\u00eda en el \u00e1mbito de la Regi\u00f3n.<\/li>\n<li style=\"text-align: justify\">Dar seguimiento a las actividades de implementaci\u00f3n de la Historia Cl\u00ednica \u00danica.<\/li>\n<li style=\"text-align: justify\">Implementar mecanismos de referencia y contra referencia en conjunto con la Direcci\u00f3n de Emergencias y Cat\u00e1strofes cuando corresponda, estableciendo criterios para el libre tr\u00e1nsito del ciudadano a trav\u00e9s de los distintos niveles de la red de complejidad creciente del sistema sanitario.<\/li>\n<li style=\"text-align: justify\">Implementar protocolos asistenciales longitudinales.<\/li>\n<li style=\"text-align: justify\">Definir y proponer la distribuci\u00f3n racionalmente del recurso humano en el \u00e1mbito de la regi\u00f3n de acuerdo con las necesidades asistenciales de la poblaci\u00f3n.<\/li>\n<li style=\"text-align: justify\">Proponer al Ministerio la contrataci\u00f3n del personal por regi\u00f3n y no por efector.<\/li>\n<li style=\"text-align: justify\">Controlar que se efectu\u00e9 la facturaci\u00f3n a terceros responsables.<\/li>\n<li style=\"text-align: justify\">Proponer al Ministerio la celebraci\u00f3n de contratos con efectores privados seg\u00fan la necesidad de la Regi\u00f3n.<\/li>\n<li style=\"text-align: justify\">Proponer e implementar procesos de control de gesti\u00f3n de la calidad.<\/li>\n<\/ul>\n<p>[\/et_pb_toggle][\/et_pb_column][\/et_pb_row][\/et_pb_section]<\/p>\n","protected":false},"excerpt":{"rendered":"<p>Lic. Paulo Gonz\u00e1lez TrigoDirectorG\u00fcemes 1441, Tunuy\u00e1nTel.:\u00a0(02622) 422324Correo: jpgonzaleztrigo@mendoza.govEntender en la coordinaci\u00f3n operativa de la Regi\u00f3n Sanitaria Provincial asignada, a trav\u00e9s de la direcci\u00f3n, organizaci\u00f3n y control de la misma, promoviendo la prestaci\u00f3n de los servicios de salud, su accesibilidad y calidad en pos de su promoci\u00f3n, prevenci\u00f3n y asistencia, orientada al mejoramiento de las condiciones [&hellip;]<\/p>\n","protected":false},"author":18,"featured_media":0,"parent":0,"menu_order":0,"comment_status":"closed","ping_status":"closed","template":"","meta":{"_et_pb_use_builder":"on","_et_pb_old_content":"","_et_gb_content_width":"","footnotes":""},"class_list":["post-2060","page","type-page","status-publish","hentry"],"_links":{"self":[{"href":"https:\/\/informacionoficial.mendoza.gob.ar\/saludydeportes\/wp-json\/wp\/v2\/pages\/2060","targetHints":{"allow":["GET"]}}],"collection":[{"href":"https:\/\/informacionoficial.mendoza.gob.ar\/saludydeportes\/wp-json\/wp\/v2\/pages"}],"about":[{"href":"https:\/\/informacionoficial.mendoza.gob.ar\/saludydeportes\/wp-json\/wp\/v2\/types\/page"}],"author":[{"embeddable":true,"href":"https:\/\/informacionoficial.mendoza.gob.ar\/saludydeportes\/wp-json\/wp\/v2\/users\/18"}],"replies":[{"embeddable":true,"href":"https:\/\/informacionoficial.mendoza.gob.ar\/saludydeportes\/wp-json\/wp\/v2\/comments?post=2060"}],"version-history":[{"count":9,"href":"https:\/\/informacionoficial.mendoza.gob.ar\/saludydeportes\/wp-json\/wp\/v2\/pages\/2060\/revisions"}],"predecessor-version":[{"id":6531,"href":"https:\/\/informacionoficial.mendoza.gob.ar\/saludydeportes\/wp-json\/wp\/v2\/pages\/2060\/revisions\/6531"}],"wp:attachment":[{"href":"https:\/\/informacionoficial.mendoza.gob.ar\/saludydeportes\/wp-json\/wp\/v2\/media?parent=2060"}],"curies":[{"name":"wp","href":"https:\/\/api.w.org\/{rel}","templated":true}]}}