{"id":2123,"date":"2025-07-14T10:06:06","date_gmt":"2025-07-14T13:06:06","guid":{"rendered":"https:\/\/informacionoficial.mendoza.gob.ar\/saludydeportes\/?page_id=2123"},"modified":"2026-03-19T15:48:08","modified_gmt":"2026-03-19T18:48:08","slug":"direccion-de-farmacologia","status":"publish","type":"page","link":"https:\/\/informacionoficial.mendoza.gob.ar\/saludydeportes\/direccion-de-farmacologia\/","title":{"rendered":"Direcci\u00f3n de Farmacolog\u00eda"},"content":{"rendered":"<p>[et_pb_section fb_built=\u00bb1&#8243; _builder_version=\u00bb4.27.4&#8243; _module_preset=\u00bbdefault\u00bb background_color=\u00bb#FFFFFF\u00bb height=\u00bb100%\u00bb custom_margin=\u00bb0px|0px|0px|0px|false|false\u00bb custom_padding=\u00bb0px|0px|0px|0px|false|false\u00bb border_color_bottom=\u00bb#C8A977&#8243; global_colors_info=\u00bb{}\u00bb][et_pb_row _builder_version=\u00bb4.27.4&#8243; _module_preset=\u00bbdefault\u00bb max_width=\u00bb100%\u00bb height=\u00bb100%\u00bb custom_margin=\u00bb1rem|auto|1rem|auto|true|false\u00bb custom_padding=\u00bb1rem||1rem||true|false\u00bb global_colors_info=\u00bb{}\u00bb][et_pb_column type=\u00bb4_4&#8243; _builder_version=\u00bb4.27.2&#8243; _module_preset=\u00bbdefault\u00bb global_colors_info=\u00bb{}\u00bb][et_pb_heading title=\u00bbDirecci\u00f3n de Farmacolog\u00eda\u00bb _builder_version=\u00bb4.27.4&#8243; _module_preset=\u00bbdefault\u00bb title_font=\u00bb|600|||||||\u00bb title_text_align=\u00bbleft\u00bb title_text_color=\u00bb#000F9F\u00bb custom_margin=\u00bb0px|0px|0px|0px|false|false\u00bb custom_padding=\u00bb1rem||1rem||true|false\u00bb hover_enabled=\u00bb0&#8243; global_colors_info=\u00bb{}\u00bb sticky_enabled=\u00bb0&#8243;][\/et_pb_heading][et_pb_text _builder_version=\u00bb4.27.4&#8243; _module_preset=\u00bbdefault\u00bb text_font=\u00bb||||||||\u00bb text_text_color=\u00bb#000000&#8243; text_font_size=\u00bb20px\u00bb header_font=\u00bb||||||||\u00bb header_text_align=\u00bbleft\u00bb text_orientation=\u00bbcenter\u00bb custom_margin=\u00bb0px|0px|0px|0px|false|false\u00bb custom_padding=\u00bb1rem||1rem||true|false\u00bb global_colors_info=\u00bb{}\u00bb]<\/p>\n<p style=\"text-align: left\">Farm. Antonella Dellamaggiore<br \/>Directora<br \/>Avda. L. Peltier 351 &#8211; 5to, Piso C.P. 5500 &#8211; Mza.<br \/>Tel.: 3852928<br \/>Correo:adellamaggiore@mendoza.gov.ar<\/p>\n<p>[\/et_pb_text][\/et_pb_column][\/et_pb_row][et_pb_row _builder_version=\u00bb4.27.4&#8243; _module_preset=\u00bbdefault\u00bb custom_margin=\u00bb20px||20px||false|false\u00bb custom_margin_tablet=\u00bb20px||10px||false|false\u00bb custom_margin_phone=\u00bb20px||10px||false|false\u00bb custom_margin_last_edited=\u00bbon|desktop\u00bb custom_padding=\u00bb0px|0px|0px|0px|true|true\u00bb border_radii=\u00bbon|12px|12px|12px|12px\u00bb border_width_all=\u00bb2px\u00bb border_color_all=\u00bb#C8A977&#8243; global_colors_info=\u00bb{}\u00bb][et_pb_column type=\u00bb4_4&#8243; _builder_version=\u00bb4.27.4&#8243; _module_preset=\u00bbdefault\u00bb global_colors_info=\u00bb{}\u00bb][et_pb_toggle title=\u00bbMisi\u00f3n\u00bb open_toggle_text_color=\u00bb#C8A977&#8243; open_toggle_background_color=\u00bbRGBA(255,255,255,0)\u00bb closed_toggle_text_color=\u00bb#C8A977&#8243; closed_toggle_background_color=\u00bbRGBA(255,255,255,0)\u00bb icon_color=\u00bb#C8A977&#8243; toggle_icon=\u00bb&#xe050;||divi||400&#8243; open_icon_color=\u00bb#C8A977&#8243; open_toggle_icon=\u00bb&#x21;||divi||400&#8243; admin_label=\u00bbConmutador\u00bb _builder_version=\u00bb4.27.4&#8243; _module_preset=\u00bbdefault\u00bb title_text_color=\u00bb#C8A977&#8243; title_level=\u00bbh4&#8243; title_font=\u00bb|600|||||||\u00bb title_font_size=\u00bb18px\u00bb body_font=\u00bb||||||||\u00bb body_text_color=\u00bb#02000A\u00bb body_font_size=\u00bb17px\u00bb background_color=\u00bb#C8A977&#8243; custom_padding=\u00bb||20px|||\u00bb border_width_all=\u00bb2px\u00bb border_color_all=\u00bb#C8A977&#8243; border_style_all=\u00bbnone\u00bb global_colors_info=\u00bb{}\u00bb]<\/p>\n<p>Supervisar las operaciones que conllevan a asegurar el acceso a los medicamentos esenciales, en forma equitativa, oportuna y confiable con criterios de efectividad, calidad aceptable, eficiencia, seguridad y la promoci\u00f3n del uso racional de medicamentos, productos herbarios e insumos m\u00e9dicos a todos los ciudadanos de la Provincia de Mendoza, de acuerdo a las pol\u00edticas definidas por el Ministerio de Salud y Deportes.<\/p>\n<p>[\/et_pb_toggle][\/et_pb_column][\/et_pb_row][et_pb_row _builder_version=\u00bb4.27.4&#8243; _module_preset=\u00bbdefault\u00bb custom_margin=\u00bb20px||20px||false|false\u00bb custom_margin_tablet=\u00bb20px||10px||false|false\u00bb custom_margin_phone=\u00bb20px||10px||false|false\u00bb custom_margin_last_edited=\u00bbon|desktop\u00bb custom_padding=\u00bb0px|0px|0px|0px|true|true\u00bb border_radii=\u00bbon|12px|12px|12px|12px\u00bb border_width_all=\u00bb2px\u00bb border_color_all=\u00bb#C8A977&#8243; global_colors_info=\u00bb{}\u00bb][et_pb_column type=\u00bb4_4&#8243; _builder_version=\u00bb4.27.2&#8243; _module_preset=\u00bbdefault\u00bb global_colors_info=\u00bb{}\u00bb][et_pb_toggle title=\u00bbFunciones\u00bb open_toggle_text_color=\u00bb#C8A977&#8243; open_toggle_background_color=\u00bbRGBA(255,255,255,0)\u00bb closed_toggle_text_color=\u00bb#C8A977&#8243; closed_toggle_background_color=\u00bbRGBA(255,255,255,0)\u00bb icon_color=\u00bb#C8A977&#8243; toggle_icon=\u00bb&#xe050;||divi||400&#8243; open_icon_color=\u00bb#C8A977&#8243; open_toggle_icon=\u00bb&#x21;||divi||400&#8243; admin_label=\u00bbConmutador\u00bb _builder_version=\u00bb4.27.4&#8243; _module_preset=\u00bbdefault\u00bb title_text_color=\u00bb#C8A977&#8243; title_level=\u00bbh4&#8243; title_font=\u00bb|600|||||||\u00bb body_font=\u00bb||||||||\u00bb body_text_color=\u00bb#02000A\u00bb body_font_size=\u00bb17px\u00bb background_color=\u00bb#C8A977&#8243; custom_padding=\u00bb||20px|||\u00bb border_width_all=\u00bb2px\u00bb border_color_all=\u00bb#C8A977&#8243; border_style_all=\u00bbnone\u00bb global_colors_info=\u00bb{}\u00bb]<\/p>\n<ul>\n<li style=\"text-align: justify\">Dirigir, supervisar y coordinar pol\u00edticas que aseguren a los ciudadanos el acceso a los medicamentos esenciales, usando como pilares la selecci\u00f3n de medicamentos contenidos en el Formulario Terap\u00e9utico Provincial.<\/li>\n<li style=\"text-align: justify\">Identificar tareas y proponer y\/o desarrollar procesos de mejora.<\/li>\n<li style=\"text-align: justify\">Liderar e impulsar que los equipos a su cargo se ajusten a los criterios y procesos establecidos.<\/li>\n<li style=\"text-align: justify\">Efectuar los controles sanitarios necesarios para asegurar la calidad de los productos enunciados en el Art. 1\u00ba de la Ley N\u00ba 5897y de las drogas, medicamentos, elementos de diagn\u00f3stico e insumos utilizados en la prevenci\u00f3n, reparaci\u00f3n y rehabilitaci\u00f3n de la salud y regular la circulaci\u00f3n intraprovincial de los mismos.<\/li>\n<li style=\"text-align: justify\">Controlar el cumplimiento de las disposiciones relativas a la modalidad, promoci\u00f3n, publicidad y conducta prescriptiva acorde a lo dispuesto por el art\u00edculo 14\u00ba de la Ley N\u00ba 5897 y Ley N\u00ba 7037.<\/li>\n<li style=\"text-align: justify\">Instrumentar los programas de f\u00e1rmaco-vigilancia y tecnovigilancia y controlar su cumplimiento, a los fines de garantizar las condiciones de eficacia terap\u00e9utica de las drogas, medicamentos, elementos de diagn\u00f3stico e insumos utilizados en la prevenci\u00f3n, reparaci\u00f3n y rehabilitaci\u00f3n de la salud.<\/li>\n<li style=\"text-align: justify\">Organizar un centro de informaci\u00f3n, consulta y especializaci\u00f3n, debiendo mantener actualizados los registros necesarios para el cumplimiento de sus funciones.<\/li>\n<li style=\"text-align: justify\">Actualizar en forma peri\u00f3dica el Formulario Terap\u00e9utico Provincial a trav\u00e9s de la Comisi\u00f3n Asesora de Medicamentos, en base a los criterios de calidad, eficiencia e inocuidad de los mismos.<\/li>\n<li style=\"text-align: justify\">Establecer los mecanismos \u00f3ptimos de adquisici\u00f3n y distribuci\u00f3n de los bienes sujetos a la Ley N\u00ba 5897, con el finde asegurar a los ciudadanos el suministro de los mismos en forma equitativa, accesible y oportuna.<\/li>\n<li style=\"text-align: justify\">Aplicar la legislaci\u00f3n nacional y provincial vigente a los fines del cumplimiento de los objetivos encomendados.<\/li>\n<li style=\"text-align: justify\">Instrumentar programas de capacitaci\u00f3n continua orientados a la gesti\u00f3n, manipulaci\u00f3n, uso racional y estrategias sanitarias orientadas a la promoci\u00f3n, prevenci\u00f3n, protecci\u00f3n y asistencia en salud.<\/li>\n<li style=\"text-align: justify\">Organizar un registro de actividades cient\u00edficas en el \u00c1rea de Farmacolog\u00eda Cl\u00ednica y el contralor de las mismas seg\u00fan las normativas vigentes y las que se dicten en el futuro, asegurando la protecci\u00f3n de los derechos y el bienestar de los sujetos de estudio y la calidad e integridad de la informaci\u00f3n del estudio.<\/li>\n<\/ul>\n<p>[\/et_pb_toggle][\/et_pb_column][\/et_pb_row][et_pb_row _builder_version=\u00bb4.27.4&#8243; _module_preset=\u00bbdefault\u00bb max_width=\u00bb100%\u00bb height=\u00bb100%\u00bb custom_margin=\u00bb0px||0px||false|false\u00bb custom_padding=\u00bb1rem|0px|1rem|0px|true|false\u00bb global_colors_info=\u00bb{}\u00bb][et_pb_column type=\u00bb4_4&#8243; _builder_version=\u00bb4.27.4&#8243; _module_preset=\u00bbdefault\u00bb global_colors_info=\u00bb{}\u00bb][et_pb_text _builder_version=\u00bb4.27.4&#8243; _module_preset=\u00bbdefault\u00bb text_font=\u00bb&#8211;et_global_heading_font|600|||||||\u00bb text_text_color=\u00bb#3CB4E5&#8243; text_font_size=\u00bb25px\u00bb header_3_font_size=\u00bb75px\u00bb text_orientation=\u00bbcenter\u00bb global_colors_info=\u00bb{}\u00bb]<\/p>\n<p>Dependencias<\/p>\n<p>[\/et_pb_text][\/et_pb_column][\/et_pb_row][et_pb_row column_structure=\u00bb1_2,1_2&#8243; _builder_version=\u00bb4.27.4&#8243; _module_preset=\u00bbdefault\u00bb max_width=\u00bb100%\u00bb global_colors_info=\u00bb{}\u00bb][et_pb_column type=\u00bb1_2&#8243; _builder_version=\u00bb4.27.4&#8243; _module_preset=\u00bbdefault\u00bb global_colors_info=\u00bb{}\u00bb][et_pb_blurb title=\u00bbSubdirecci\u00f3n de Log\u00edstica y Abastecimiento\u00bb use_icon=\u00bbon\u00bb font_icon=\u00bb&#xf472;||fa||900&#8243; icon_placement=\u00bbleft\u00bb content_max_width=\u00bb100%\u00bb _builder_version=\u00bb4.27.4&#8243; _module_preset=\u00bbdefault\u00bb header_font=\u00bb|600|||||||\u00bb header_text_color=\u00bb#000F9F\u00bb header_font_size=\u00bb20px\u00bb body_font=\u00bb&#8211;et_global_body_font||||||||\u00bb body_text_color=\u00bb#000000&#8243; body_font_size=\u00bb16px\u00bb width=\u00bb100%\u00bb max_width=\u00bb100%\u00bb height=\u00bb100%\u00bb custom_margin=\u00bb0px|0px|0px|0px|false|false\u00bb custom_padding=\u00bb1rem|1rem|1rem|1rem|true|true\u00bb border_radii=\u00bbon|15px|15px|15px|15px\u00bb box_shadow_style=\u00bbpreset1&#8243; global_colors_info=\u00bb{}\u00bb]<\/p>\n<p>Dra. en Farm. Palomo Viviana \u2013 vpalomo@mendoza.gov.ar<br \/>Sr. Rodriguez Leonardo \u2013 leorodriguez@mendoza.gov.ar<br \/><strong>Responsables<\/strong><br \/>Videla Castillo 2961, Mendoza<br \/><strong>Contacto<\/strong><br \/>Correo electr\u00f3nico: abastecimiento-salud@mendoza.gov.ar<\/p>\n<p>[\/et_pb_blurb][\/et_pb_column][et_pb_column type=\u00bb1_2&#8243; _builder_version=\u00bb4.27.4&#8243; _module_preset=\u00bbdefault\u00bb global_colors_info=\u00bb{}\u00bb][et_pb_blurb title=\u00bbDepartamento de Farmacia\u00bb use_icon=\u00bbon\u00bb font_icon=\u00bb&#xf477;||fa||900&#8243; icon_placement=\u00bbleft\u00bb content_max_width=\u00bb100%\u00bb _builder_version=\u00bb4.27.4&#8243; _module_preset=\u00bbdefault\u00bb header_font=\u00bb|600|||||||\u00bb header_text_color=\u00bb#000F9F\u00bb header_font_size=\u00bb20px\u00bb body_font=\u00bb&#8211;et_global_body_font||||||||\u00bb body_text_color=\u00bb#000000&#8243; body_font_size=\u00bb16px\u00bb width=\u00bb100%\u00bb max_width=\u00bb100%\u00bb height=\u00bb100%\u00bb custom_margin=\u00bb0px|0px|0px|0px|false|false\u00bb custom_padding=\u00bb1rem|1rem|1rem|1rem|true|true\u00bb border_radii=\u00bbon|15px|15px|15px|15px\u00bb box_shadow_style=\u00bbpreset1&#8243; global_colors_info=\u00bb{}\u00bb]<\/p>\n<p>Farm. Maria Elsa Garcia<br \/><strong>Responsable<\/strong><br \/>Rondeau 50 esq. Av. San Mart\u00edn Mendoza (5500)<br \/><strong>Contacto<\/strong><br \/>Correo electr\u00f3nico: deptofarmacia@mendoza.gov.ar<br \/>Tel\u00e9fono (261) 423 4715<\/p>\n<p>[\/et_pb_blurb][\/et_pb_column][\/et_pb_row][et_pb_row _builder_version=\u00bb4.27.4&#8243; _module_preset=\u00bbdefault\u00bb max_width=\u00bb100%\u00bb height=\u00bb100%\u00bb custom_margin=\u00bb0px||0px||false|false\u00bb custom_padding=\u00bb1rem|0px|1rem|0px|true|false\u00bb global_colors_info=\u00bb{}\u00bb][et_pb_column type=\u00bb4_4&#8243; _builder_version=\u00bb4.27.4&#8243; _module_preset=\u00bbdefault\u00bb global_colors_info=\u00bb{}\u00bb][et_pb_text _builder_version=\u00bb4.27.4&#8243; _module_preset=\u00bbdefault\u00bb text_font=\u00bb&#8211;et_global_heading_font|600|||||||\u00bb text_text_color=\u00bb#3CB4E5&#8243; text_font_size=\u00bb25px\u00bb header_3_font_size=\u00bb75px\u00bb text_orientation=\u00bbcenter\u00bb global_colors_info=\u00bb{}\u00bb]<\/p>\n<p>Informaci\u00f3n<\/p>\n<p>[\/et_pb_text][\/et_pb_column][\/et_pb_row][et_pb_row column_structure=\u00bb1_2,1_2&#8243; _builder_version=\u00bb4.27.4&#8243; _module_preset=\u00bbdefault\u00bb link_option_url=\u00bbhttps:\/\/informacionoficial.mendoza.gob.ar\/saludydeportes\/comunicados-departamento-de-farmacia\/\u00bb border_radii=\u00bbon|12px|12px|12px|12px\u00bb global_colors_info=\u00bb{}\u00bb][et_pb_column type=\u00bb1_2&#8243; _builder_version=\u00bb4.27.4&#8243; _module_preset=\u00bbdefault\u00bb link_option_url=\u00bbhttps:\/\/informacionoficial.mendoza.gob.ar\/saludydeportes\/comunicados-departamento-de-farmacia\/\u00bb global_colors_info=\u00bb{}\u00bb][et_pb_text _builder_version=\u00bb4.27.4&#8243; _module_preset=\u00bbdefault\u00bb text_font=\u00bb|600|||||||\u00bb text_text_color=\u00bb#000F9F\u00bb text_font_size=\u00bb20px\u00bb header_3_font=\u00bb|600|||||||\u00bb header_3_text_align=\u00bbcenter\u00bb header_3_text_color=\u00bb#000F9F\u00bb background_color=\u00bbrgba(0,15,159,0)\u00bb custom_padding=\u00bb1em||1em||true|false\u00bb link_option_url=\u00bbhttps:\/\/informacionoficial.mendoza.gob.ar\/saludydeportes\/comunicados-departamento-de-farmacia\/\u00bb border_radii=\u00bboff||||\u00bb border_width_all=\u00bb2px\u00bb border_color_all=\u00bb#000F9F\u00bb global_colors_info=\u00bb{}\u00bb background__hover_enabled=\u00bbon|desktop\u00bb background_color__hover=\u00bbrgba(0,15,159,0.15)\u00bb background_enable_color__hover=\u00bbon\u00bb]<\/p>\n<p>Comunicados<\/p>\n<p>[\/et_pb_text][\/et_pb_column][et_pb_column type=\u00bb1_2&#8243; _builder_version=\u00bb4.27.4&#8243; _module_preset=\u00bbdefault\u00bb link_option_url=\u00bbhttps:\/\/informacionoficial.mendoza.gob.ar\/saludydeportes\/comunicados-departamento-de-farmacia\/\u00bb global_colors_info=\u00bb{}\u00bb][et_pb_toggle title=\u00bbLegales\u00bb open_toggle_text_color=\u00bb#000F9F\u00bb open_toggle_background_color=\u00bb#FFFFFF\u00bb closed_toggle_background_color=\u00bb#FFFFFF\u00bb icon_color=\u00bb#000F9F\u00bb _builder_version=\u00bb4.27.4&#8243; _module_preset=\u00bbdefault\u00bb title_text_color=\u00bb#000F9F\u00bb title_level=\u00bbh2&#8243; title_font=\u00bb|600|||||||\u00bb title_font_size=\u00bb20px\u00bb body_font=\u00bb|600|||||||\u00bb body_font_size=\u00bb17px\u00bb border_width_all=\u00bb2px\u00bb border_color_all=\u00bb#000F9F\u00bb global_colors_info=\u00bb{}\u00bb]<\/p>\n<ul>\n<li><a href=\"https:\/\/informacionoficial.mendoza.gob.ar\/saludydeportes\/decretos-dirfar\/\" target=\"_blank\" rel=\"noopener\">Decretos<\/a><\/li>\n<li><a href=\"https:\/\/informacionoficial.mendoza.gob.ar\/saludydeportes\/leyes-dirfar\/\" target=\"_blank\" rel=\"noopener\">Leyes<\/a><\/li>\n<li><a href=\"https:\/\/informacionoficial.mendoza.gob.ar\/saludydeportes\/resoluciones-dirfar\/\" target=\"_blank\" rel=\"noopener\">Resoluciones<\/a><\/li>\n<\/ul>\n<p>[\/et_pb_toggle][\/et_pb_column][\/et_pb_row][\/et_pb_section]<\/p>\n","protected":false},"excerpt":{"rendered":"<p>Farm. Antonella DellamaggioreDirectoraAvda. L. Peltier 351 &#8211; 5to, Piso C.P. 5500 &#8211; Mza.Tel.: 3852928Correo:adellamaggiore@mendoza.gov.arSupervisar las operaciones que conllevan a asegurar el acceso a los medicamentos esenciales, en forma equitativa, oportuna y confiable con criterios de efectividad, calidad aceptable, eficiencia, seguridad y la promoci\u00f3n del uso racional de medicamentos, productos herbarios e insumos m\u00e9dicos a todos [&hellip;]<\/p>\n","protected":false},"author":18,"featured_media":0,"parent":0,"menu_order":0,"comment_status":"closed","ping_status":"closed","template":"","meta":{"_et_pb_use_builder":"on","_et_pb_old_content":"","_et_gb_content_width":"","footnotes":""},"class_list":["post-2123","page","type-page","status-publish","hentry"],"_links":{"self":[{"href":"https:\/\/informacionoficial.mendoza.gob.ar\/saludydeportes\/wp-json\/wp\/v2\/pages\/2123","targetHints":{"allow":["GET"]}}],"collection":[{"href":"https:\/\/informacionoficial.mendoza.gob.ar\/saludydeportes\/wp-json\/wp\/v2\/pages"}],"about":[{"href":"https:\/\/informacionoficial.mendoza.gob.ar\/saludydeportes\/wp-json\/wp\/v2\/types\/page"}],"author":[{"embeddable":true,"href":"https:\/\/informacionoficial.mendoza.gob.ar\/saludydeportes\/wp-json\/wp\/v2\/users\/18"}],"replies":[{"embeddable":true,"href":"https:\/\/informacionoficial.mendoza.gob.ar\/saludydeportes\/wp-json\/wp\/v2\/comments?post=2123"}],"version-history":[{"count":36,"href":"https:\/\/informacionoficial.mendoza.gob.ar\/saludydeportes\/wp-json\/wp\/v2\/pages\/2123\/revisions"}],"predecessor-version":[{"id":6640,"href":"https:\/\/informacionoficial.mendoza.gob.ar\/saludydeportes\/wp-json\/wp\/v2\/pages\/2123\/revisions\/6640"}],"wp:attachment":[{"href":"https:\/\/informacionoficial.mendoza.gob.ar\/saludydeportes\/wp-json\/wp\/v2\/media?parent=2123"}],"curies":[{"name":"wp","href":"https:\/\/api.w.org\/{rel}","templated":true}]}}