{"id":2167,"date":"2025-07-15T13:14:41","date_gmt":"2025-07-15T16:14:41","guid":{"rendered":"https:\/\/informacionoficial.mendoza.gob.ar\/saludydeportes\/?page_id=2167"},"modified":"2025-09-10T08:38:31","modified_gmt":"2025-09-10T11:38:31","slug":"direccion-de-maternidad-e-infancia","status":"publish","type":"page","link":"https:\/\/informacionoficial.mendoza.gob.ar\/saludydeportes\/direccion-de-maternidad-e-infancia\/","title":{"rendered":"Direcci\u00f3n de Maternidad e Infancia"},"content":{"rendered":"<p>[et_pb_section fb_built=\u00bb1&#8243; _builder_version=\u00bb4.27.4&#8243; _module_preset=\u00bbdefault\u00bb background_color=\u00bb#FFFFFF\u00bb height=\u00bb100%\u00bb custom_margin=\u00bb0px|0px|0px|0px|false|false\u00bb custom_padding=\u00bb0px|0px|0px|0px|false|false\u00bb border_color_bottom=\u00bb#C8A977&#8243; global_colors_info=\u00bb{}\u00bb][et_pb_row _builder_version=\u00bb4.27.4&#8243; _module_preset=\u00bbdefault\u00bb max_width=\u00bb100%\u00bb height=\u00bb100%\u00bb custom_margin=\u00bb1rem|auto|1rem|auto|true|false\u00bb custom_padding=\u00bb1rem||1rem||true|false\u00bb global_colors_info=\u00bb{}\u00bb][et_pb_column type=\u00bb4_4&#8243; _builder_version=\u00bb4.27.2&#8243; _module_preset=\u00bbdefault\u00bb global_colors_info=\u00bb{}\u00bb][et_pb_heading title=\u00bbDirecci\u00f3n de Maternidad e Infancia\u00bb _builder_version=\u00bb4.27.4&#8243; _module_preset=\u00bbdefault\u00bb title_font=\u00bb&#8211;et_global_heading_font|600|||||||\u00bb title_text_color=\u00bb#000F9F\u00bb custom_margin=\u00bb0px|0px|0px|0px|false|false\u00bb custom_padding=\u00bb1rem||1rem||true|false\u00bb global_colors_info=\u00bb{}\u00bb][\/et_pb_heading][et_pb_text _builder_version=\u00bb4.27.4&#8243; _module_preset=\u00bbdefault\u00bb text_font=\u00bb&#8211;et_global_heading_font||||||||\u00bb text_text_color=\u00bb#000000&#8243; text_font_size=\u00bb20px\u00bb header_font=\u00bb&#8211;et_global_heading_font||||||||\u00bb custom_margin=\u00bb0px|0px|0px|0px|false|false\u00bb custom_padding=\u00bb1rem||1rem||true|false\u00bb global_colors_info=\u00bb{}\u00bb]<\/p>\n<p>Dra. Natalia Courtis<br \/>Directora<br \/>9 de julio1257 Mendoza 1er Piso &#8211; C.P. 5500<br \/>Tel. (0261) 413 2478<br \/>Correo: dpmimza@mendoza.gov.ar<\/p>\n<p>[\/et_pb_text][\/et_pb_column][\/et_pb_row][et_pb_row _builder_version=\u00bb4.27.4&#8243; _module_preset=\u00bbdefault\u00bb custom_margin=\u00bb20px||20px||false|false\u00bb custom_margin_tablet=\u00bb20px||10px||false|false\u00bb custom_margin_phone=\u00bb20px||10px||false|false\u00bb custom_margin_last_edited=\u00bbon|desktop\u00bb custom_padding=\u00bb0px|0px|0px|0px|true|true\u00bb border_radii=\u00bbon|12px|12px|12px|12px\u00bb border_width_all=\u00bb2px\u00bb border_color_all=\u00bb#C8A977&#8243; global_colors_info=\u00bb{}\u00bb][et_pb_column type=\u00bb4_4&#8243; _builder_version=\u00bb4.27.2&#8243; _module_preset=\u00bbdefault\u00bb global_colors_info=\u00bb{}\u00bb][et_pb_toggle title=\u00bbMisi\u00f3n\u00bb open_toggle_text_color=\u00bb#C8A977&#8243; open_toggle_background_color=\u00bbRGBA(255,255,255,0)\u00bb closed_toggle_text_color=\u00bb#C8A977&#8243; closed_toggle_background_color=\u00bbRGBA(255,255,255,0)\u00bb icon_color=\u00bb#C8A977&#8243; toggle_icon=\u00bb&#xe050;||divi||400&#8243; open_icon_color=\u00bb#C8A977&#8243; open_toggle_icon=\u00bb&#x21;||divi||400&#8243; admin_label=\u00bbConmutador\u00bb _builder_version=\u00bb4.27.4&#8243; _module_preset=\u00bbdefault\u00bb title_text_color=\u00bb#C8A977&#8243; title_level=\u00bbh4&#8243; title_font=\u00bb&#8211;et_global_heading_font|500|||||||\u00bb body_font=\u00bb&#8211;et_global_body_font||||||||\u00bb body_text_color=\u00bb#02000A\u00bb background_color=\u00bb#C8A977&#8243; custom_padding=\u00bb||20px|||\u00bb hover_enabled=\u00bb0&#8243; border_width_all=\u00bb2px\u00bb border_color_all=\u00bb#C8A977&#8243; border_style_all=\u00bbnone\u00bb global_colors_info=\u00bb{}\u00bb sticky_enabled=\u00bb0&#8243;]<\/p>\n<p style=\"text-align: justify\">Elaborar, supervisar y ejecutar pol\u00edticas p\u00fablicas dirigidas a proteger la salud de ni\u00f1as, ni\u00f1os, personas gestantes y pu\u00e9rperas conforme a los lineamientos establecidos por el Ministerio de Salud y Deportes y los organismos internacionales especializados en la materia, dando cumplimiento a la normativa legal vigente.<\/p>\n<p>[\/et_pb_toggle][\/et_pb_column][\/et_pb_row][et_pb_row _builder_version=\u00bb4.27.4&#8243; _module_preset=\u00bbdefault\u00bb custom_margin=\u00bb20px||20px||false|false\u00bb custom_margin_tablet=\u00bb20px||10px||false|false\u00bb custom_margin_phone=\u00bb20px||10px||false|false\u00bb custom_margin_last_edited=\u00bbon|desktop\u00bb custom_padding=\u00bb0px|0px|0px|0px|true|true\u00bb border_radii=\u00bbon|12px|12px|12px|12px\u00bb border_width_all=\u00bb2px\u00bb border_color_all=\u00bb#C8A977&#8243; global_colors_info=\u00bb{}\u00bb][et_pb_column type=\u00bb4_4&#8243; _builder_version=\u00bb4.27.2&#8243; _module_preset=\u00bbdefault\u00bb global_colors_info=\u00bb{}\u00bb][et_pb_toggle title=\u00bbFunciones\u00bb open_toggle_text_color=\u00bb#C8A977&#8243; open_toggle_background_color=\u00bbRGBA(255,255,255,0)\u00bb closed_toggle_text_color=\u00bb#C8A977&#8243; closed_toggle_background_color=\u00bbRGBA(255,255,255,0)\u00bb icon_color=\u00bb#C8A977&#8243; toggle_icon=\u00bb&#xe050;||divi||400&#8243; open_icon_color=\u00bb#C8A977&#8243; open_toggle_icon=\u00bb&#x21;||divi||400&#8243; admin_label=\u00bbConmutador\u00bb _builder_version=\u00bb4.27.4&#8243; _module_preset=\u00bbdefault\u00bb title_text_color=\u00bb#C8A977&#8243; title_level=\u00bbh4&#8243; title_font=\u00bb&#8211;et_global_body_font|500|||||||\u00bb body_font=\u00bb&#8211;et_global_body_font||||||||\u00bb body_text_color=\u00bb#02000A\u00bb background_color=\u00bb#C8A977&#8243; custom_padding=\u00bb||20px|||\u00bb hover_enabled=\u00bb0&#8243; border_width_all=\u00bb2px\u00bb border_color_all=\u00bb#C8A977&#8243; border_style_all=\u00bbnone\u00bb global_colors_info=\u00bb{}\u00bb sticky_enabled=\u00bb0&#8243;]<\/p>\n<ul>\n<li style=\"text-align: justify\">Dirigir y supervisar las operaciones concernientes a la aplicaci\u00f3n de pol\u00edticas de salud materno\/infantil de la Provincia de Mendoza.<\/li>\n<li style=\"text-align: justify\">Coordinar con los efectores de salud de los distintos niveles de atenci\u00f3n las acciones destinadas a disminuir la morbimortalidad materna e infantil.<\/li>\n<li style=\"text-align: justify\">Articular acciones con los efectores de salud de los distintos niveles de atenci\u00f3n en pos de fortalecer la red de asistencia sanitaria para la poblaci\u00f3n objetivo, con el fin de optimizar recursos y brindar atenci\u00f3n de calidad y centrada en la familia.<\/li>\n<li style=\"text-align: justify\">Identificar indicadores de procesos y resultados para evaluar y mejorar la salud de la poblaci\u00f3n objetivo.<\/li>\n<li style=\"text-align: justify\">Ejecutar acciones de promoci\u00f3n y prevenci\u00f3n de la salud materno\/infantil en pos de la defensa de los derechos de ni\u00f1as, ni\u00f1os, personas gestantes y pu\u00e9rperas.<\/li>\n<li style=\"text-align: justify\">Organizar programas de actualizaci\u00f3n continua de los efectores de salud destinados a la asistencia de la poblaci\u00f3n materno-infantil.<\/li>\n<li style=\"text-align: justify\">Incentivar la participaci\u00f3n de la comunidad organizada, en el cuidado de la salud y la protecci\u00f3n de los derechos.<\/li>\n<li style=\"text-align: justify\">Orientar las acciones del sector privado y la seguridad social en materia de habilitaci\u00f3n, categorizaci\u00f3n y acreditaci\u00f3n de recursos, a fin de unificar program\u00e1ticamente las acciones m\u00e9dico-asistenciales y sociales en toda la Provincia.<\/li>\n<\/ul>\n<p>[\/et_pb_toggle][\/et_pb_column][\/et_pb_row][et_pb_row _builder_version=\u00bb4.27.4&#8243; _module_preset=\u00bbdefault\u00bb max_width=\u00bb100%\u00bb height=\u00bb100%\u00bb custom_margin=\u00bb0px||0px||false|false\u00bb custom_padding=\u00bb1rem|0px|1rem|0px|true|false\u00bb global_colors_info=\u00bb{}\u00bb][et_pb_column type=\u00bb4_4&#8243; _builder_version=\u00bb4.27.4&#8243; _module_preset=\u00bbdefault\u00bb global_colors_info=\u00bb{}\u00bb][et_pb_text _builder_version=\u00bb4.27.4&#8243; _module_preset=\u00bbdefault\u00bb text_font=\u00bb&#8211;et_global_heading_font|600|||||||\u00bb text_text_color=\u00bb#3CB4E5&#8243; text_font_size=\u00bb25px\u00bb header_3_font_size=\u00bb75px\u00bb text_orientation=\u00bbcenter\u00bb global_colors_info=\u00bb{}\u00bb]<\/p>\n<p>Dependencias<\/p>\n<p>[\/et_pb_text][\/et_pb_column][\/et_pb_row][et_pb_row column_structure=\u00bb1_2,1_2&#8243; _builder_version=\u00bb4.27.4&#8243; _module_preset=\u00bbdefault\u00bb global_colors_info=\u00bb{}\u00bb][et_pb_column type=\u00bb1_2&#8243; _builder_version=\u00bb4.27.4&#8243; _module_preset=\u00bbdefault\u00bb global_colors_info=\u00bb{}\u00bb][et_pb_blurb title=\u00bbPrograma Provincial de Prevenci\u00f3n y Atenci\u00f3n Integral del Maltrato a la Ni\u00f1ez y Adolescencia\u00bb use_icon=\u00bbon\u00bb font_icon=\u00bb&#xf1ae;||fa||900&#8243; icon_placement=\u00bbleft\u00bb content_max_width=\u00bb100%\u00bb _builder_version=\u00bb4.27.4&#8243; _module_preset=\u00bbdefault\u00bb header_font=\u00bb&#8211;et_global_heading_font||||||||\u00bb header_text_color=\u00bb#000F9F\u00bb body_font=\u00bb&#8211;et_global_body_font|600|||||||\u00bb width=\u00bb100%\u00bb max_width=\u00bb100%\u00bb height=\u00bb100%\u00bb custom_margin=\u00bb0px|0px|0px|0px|false|false\u00bb custom_padding=\u00bb1rem|1rem|1rem|1rem|true|true\u00bb border_radii=\u00bbon|15px|15px|15px|15px\u00bb box_shadow_style=\u00bbpreset1&#8243; global_colors_info=\u00bb{}\u00bb]<\/p>\n<p>Lic. Rosario Chahla<br \/><strong>Responsable<\/strong><br \/><strong>Contacto<\/strong><br \/>Direcci\u00f3n: 9 de julio 1257 2do piso. Ciudad. Mendoza.<br \/>Correo: <a href=\"mailto:ppmitecnica@mendoza.gov.ar\">ppmitecnica@mendoza.gov.ar<\/a><\/p>\n<p>Para m\u00e1s informaci\u00f3n<a href=\"https:\/\/informacionoficial.mendoza.gob.ar\/saludydeportes\/servicios-programa-provincial-de-prevencion-y-atencion-integral-del-maltrato-a-la-ninez-y-adolescencia\/\"> ingres\u00e1 aqu\u00ed<\/a><\/p>\n<p>[\/et_pb_blurb][\/et_pb_column][et_pb_column type=\u00bb1_2&#8243; _builder_version=\u00bb4.27.4&#8243; _module_preset=\u00bbdefault\u00bb global_colors_info=\u00bb{}\u00bb][et_pb_blurb title=\u00bbPrograma Provincial de Salud Reproductiva\u00bb use_icon=\u00bbon\u00bb font_icon=\u00bb&#xf500;||fa||900&#8243; icon_placement=\u00bbleft\u00bb content_max_width=\u00bb100%\u00bb _builder_version=\u00bb4.27.4&#8243; _module_preset=\u00bbdefault\u00bb header_font=\u00bb&#8211;et_global_heading_font||||||||\u00bb header_text_color=\u00bb#000F9F\u00bb body_font=\u00bb&#8211;et_global_body_font|600|||||||\u00bb width=\u00bb100%\u00bb max_width=\u00bb100%\u00bb height=\u00bb100%\u00bb custom_margin=\u00bb0px|0px|0px|0px|false|false\u00bb custom_padding=\u00bb1rem|1rem|1rem|1rem|true|true\u00bb border_radii=\u00bbon|15px|15px|15px|15px\u00bb box_shadow_style=\u00bbpreset1&#8243; global_colors_info=\u00bb{}\u00bb]<\/p>\n<p>Lic Johana Bazan<br \/><strong>Responsable<\/strong><br \/><strong>Contacto<\/strong><br \/>Avenida San Mart\u00edn 1360 1\u00ba Piso \u2013 Oficina 5<br \/>Direcci\u00f3n: Correo: salud-reproductiva@mendoza.gov.ar<br \/>Para m\u00e1s informaci\u00f3n<a href=\"https:\/\/informacionoficial.mendoza.gob.ar\/saludydeportes\/servicios-programa-provincial-de-salud-reproductiva\/\"> ingres\u00e1 aqu\u00ed<\/a><\/p>\n<p>[\/et_pb_blurb][\/et_pb_column][\/et_pb_row][et_pb_row _builder_version=\u00bb4.27.4&#8243; _module_preset=\u00bbdefault\u00bb max_width=\u00bb100%\u00bb height=\u00bb100%\u00bb custom_margin=\u00bb0px||0px||false|false\u00bb custom_padding=\u00bb1rem|0px|1rem|0px|true|false\u00bb global_colors_info=\u00bb{}\u00bb][et_pb_column type=\u00bb4_4&#8243; _builder_version=\u00bb4.27.4&#8243; _module_preset=\u00bbdefault\u00bb global_colors_info=\u00bb{}\u00bb][et_pb_text _builder_version=\u00bb4.27.4&#8243; _module_preset=\u00bbdefault\u00bb text_font=\u00bb&#8211;et_global_heading_font|600|||||||\u00bb text_text_color=\u00bb#3CB4E5&#8243; text_font_size=\u00bb25px\u00bb header_3_font_size=\u00bb75px\u00bb text_orientation=\u00bbcenter\u00bb global_colors_info=\u00bb{}\u00bb]<\/p>\n<p>Informaci\u00f3n<\/p>\n<p>[\/et_pb_text][\/et_pb_column][\/et_pb_row][et_pb_row _builder_version=\u00bb4.27.4&#8243; _module_preset=\u00bbdefault\u00bb background_color=\u00bb#FFFFFF\u00bb custom_margin=\u00bb20px||20px||false|false\u00bb custom_margin_tablet=\u00bb20px||10px||false|false\u00bb custom_margin_phone=\u00bb20px||10px||false|false\u00bb custom_margin_last_edited=\u00bbon|desktop\u00bb custom_padding=\u00bb0px|0px|0px|0px|true|true\u00bb border_radii=\u00bbon|12px|12px|12px|12px\u00bb border_width_all=\u00bb2px\u00bb border_color_all=\u00bb#000F9F\u00bb global_colors_info=\u00bb{}\u00bb][et_pb_column type=\u00bb4_4&#8243; _builder_version=\u00bb4.27.2&#8243; _module_preset=\u00bbdefault\u00bb global_colors_info=\u00bb{}\u00bb][et_pb_toggle title=\u00bbInformaci\u00f3n para equipos de salud\u00bb open_toggle_text_color=\u00bb#000F9F\u00bb open_toggle_background_color=\u00bb#FFFFFF\u00bb closed_toggle_text_color=\u00bb#000F9F\u00bb closed_toggle_background_color=\u00bb#FFFFFF\u00bb icon_color=\u00bb#000F9F\u00bb toggle_icon=\u00bb&#xe050;||divi||400&#8243; open_icon_color=\u00bb#C8A977&#8243; open_toggle_icon=\u00bb&#x21;||divi||400&#8243; admin_label=\u00bbConmutador\u00bb _builder_version=\u00bb4.27.4&#8243; _module_preset=\u00bbdefault\u00bb title_text_color=\u00bb#000F9F\u00bb title_level=\u00bbh4&#8243; title_font=\u00bb&#8211;et_global_heading_font||||||||\u00bb closed_title_font=\u00bb&#8211;et_global_heading_font||||||||\u00bb body_font=\u00bb&#8211;et_global_body_font||||||||\u00bb body_text_color=\u00bb#02000A\u00bb background_color=\u00bb#FFFFFF\u00bb custom_padding=\u00bb||20px|||\u00bb border_width_all=\u00bb2px\u00bb border_color_all=\u00bb#000F9F\u00bb border_style_all=\u00bbnone\u00bb global_colors_info=\u00bb{}\u00bb]<\/p>\n<p><span style=\"text-decoration: underline\"><strong>Normas Legales<\/strong><\/span><\/p>\n<ul>\n<li><a href=\"https:\/\/mza-dicaws-portal-uploads-media-prod.s3.us-east-1.amazonaws.com\/informacion-oficial\/uploads\/sites\/15\/2025\/07\/ley_25929_parto_humanizado_decreto_web_0.pdf\">Ley de parto humanizado nacional<\/a><\/li>\n<li><a href=\"https:\/\/ossyr.org.ar\/\">Ley de parto respetado provincial<\/a><\/li>\n<li><a href=\"https:\/\/servicios.infoleg.gob.ar\/infolegInternet\/anexos\/110000-114999\/110778\/norma.htm\">Ley de protecci\u00f3n de ni\u00f1os, ni\u00f1as y adolescentes<\/a><\/li>\n<li><a href=\"https:\/\/oig.cepal.org\/sites\/default\/files\/2020_ley27611_arg.pdf\">Ley de los 1000 d\u00edas<\/a><\/li>\n<li><a href=\"https:\/\/e-legis-ar.msal.gov.ar\/htdocs\/legisalud\/migration\/html\/21373.html\">Ley de promoci\u00f3n, protecci\u00f3n y concientizaci\u00f3n p\u00fablica de la importancia de la lactancia materna<\/a><\/li>\n<li><a href=\"https:\/\/e-legis-ar.msal.gov.ar\/htdocs\/legisalud\/migration\/html\/21448.html\">Ley semana provincial de lactancia materna<\/a><\/li>\n<li><a href=\"https:\/\/www.argentina.gob.ar\/normativa\/provincial\/ley-9324-123456789-0abc-defg-423-9000mvorpyel\/actualizacion\">Licencia por maternidad y paternidad<\/a><\/li>\n<li><a href=\"https:\/\/e-legis-ar.msal.gov.ar\/htdocs\/legisalud\/migration\/html\/26105.html\">Resoluci\u00f3n Implementaci\u00f3n de centros de lactancia y CRLH<\/a><\/li>\n<li><a href=\"https:\/\/mza-dicaws-portal-uploads-media-prod.s3.us-east-1.amazonaws.com\/informacion-oficial\/uploads\/sites\/15\/2025\/07\/3009-CATEG.-MATERNIDADES.pdf\">Resoluci\u00f3n Categorizaci\u00f3n Maternidades Privadas<\/a><\/li>\n<li><a href=\"https:\/\/www.argentina.gob.ar\/normativa\/nacional\/resoluci%C3%B3n-495-2014-229118\/texto\">Resoluci\u00f3n programa nacional de garant\u00eda de calidad de la atenci\u00f3n m\u00e9dica<\/a><\/li>\n<li><a href=\"https:\/\/mza-dicaws-portal-uploads-media-prod.s3.us-east-1.amazonaws.com\/informacion-oficial\/uploads\/sites\/15\/2025\/07\/Resolucion-1843-Mortalidad-Materna.doc\">Resoluci\u00f3n 1843 Mortalidad Materna<\/a><\/li>\n<li><a href=\"https:\/\/mza-dicaws-portal-uploads-media-prod.s3.us-east-1.amazonaws.com\/informacion-oficial\/uploads\/sites\/15\/2025\/07\/Resolucion1844-Mortalidad-Infantil1.doc\">Resoluci\u00f3n 1844 Mortalidad Infantil<\/a><\/li>\n<li>Resoluci\u00f3n 2069\/17 Alta Conjunta<\/li>\n<li><a href=\"https:\/\/e-legis-ar.msal.gov.ar\/htdocs\/legisalud\/migration\/html\/26105.html\">Resoluci\u00f3n 1481\/15 Gu\u00eda para la implementaci\u00f3n de Centros de Lactancia Materna\/ Centros de Recolecci\u00f3n de leche Humana<\/a><\/li>\n<li>Resoluci\u00f3n 4073\/19 Categorizaci\u00f3n Maternidades P\u00fablicas<\/li>\n<li>Resoluci\u00f3n 4072\/19 CONE<\/li>\n<\/ul>\n<p><span style=\"text-decoration: underline\"><strong>Lineamientos t\u00e9cnicos<\/strong><\/span><\/p>\n<ul>\n<li><a href=\"https:\/\/mza-dicaws-portal-uploads-media-prod.s3.us-east-1.amazonaws.com\/informacion-oficial\/uploads\/sites\/15\/2025\/07\/Buenas-Practicas-en-duelo-perinatal.pdf\">Buenas Pr\u00e1cticas en Duelo Perinatal<\/a><\/li>\n<li>Vacuna para embarazadas VSR<\/li>\n<li>Protocolo de consumo de sustancias y embarazo (Recomendaciones para la atenci\u00f3n integral en salud de personas gestantes y consumos problem\u00e1ticos de sustancias)<\/li>\n<\/ul>\n<p>[\/et_pb_toggle][\/et_pb_column][\/et_pb_row][et_pb_row _builder_version=\u00bb4.27.4&#8243; _module_preset=\u00bbdefault\u00bb background_color=\u00bb#FFFFFF\u00bb custom_margin=\u00bb20px||20px||false|false\u00bb custom_margin_tablet=\u00bb20px||10px||false|false\u00bb custom_margin_phone=\u00bb20px||10px||false|false\u00bb custom_margin_last_edited=\u00bbon|desktop\u00bb custom_padding=\u00bb0px|0px|0px|0px|true|true\u00bb border_radii=\u00bbon|12px|12px|12px|12px\u00bb border_width_all=\u00bb2px\u00bb border_color_all=\u00bb#000F9F\u00bb global_colors_info=\u00bb{}\u00bb][et_pb_column type=\u00bb4_4&#8243; _builder_version=\u00bb4.27.2&#8243; _module_preset=\u00bbdefault\u00bb global_colors_info=\u00bb{}\u00bb][et_pb_toggle title=\u00bbInformaci\u00f3n para la comunidad\u00bb open_toggle_text_color=\u00bb#000F9F\u00bb open_toggle_background_color=\u00bb#FFFFFF\u00bb closed_toggle_text_color=\u00bb#000F9F\u00bb closed_toggle_background_color=\u00bb#FFFFFF\u00bb icon_color=\u00bb#000F9F\u00bb toggle_icon=\u00bb&#xe050;||divi||400&#8243; open_icon_color=\u00bb#C8A977&#8243; open_toggle_icon=\u00bb&#x21;||divi||400&#8243; admin_label=\u00bbConmutador\u00bb _builder_version=\u00bb4.27.4&#8243; _module_preset=\u00bbdefault\u00bb title_text_color=\u00bb#000F9F\u00bb title_level=\u00bbh4&#8243; title_font=\u00bb&#8211;et_global_heading_font||||||||\u00bb closed_title_font=\u00bb&#8211;et_global_heading_font||||||||\u00bb body_font=\u00bb&#8211;et_global_body_font||||||||\u00bb body_text_color=\u00bb#02000A\u00bb background_color=\u00bb#FFFFFF\u00bb custom_padding=\u00bb||20px|||\u00bb border_width_all=\u00bb2px\u00bb border_color_all=\u00bb#000F9F\u00bb border_style_all=\u00bbnone\u00bb global_colors_info=\u00bb{}\u00bb]<\/p>\n<ul>\n<li><a href=\"https:\/\/informacionoficial.mendoza.gob.ar\/saludydeportes\/servicios-programa-provincial-de-salud-reproductiva\/\">Sue\u00f1o seguro<\/a><\/li>\n<li><a href=\"https:\/\/www.youtube.com\/watch?v=jr026Gtsoxg\">C\u00f3mo la Mam\u00e1 puede extraerse la leche en su casa<\/a><\/li>\n<li><a href=\"https:\/\/www.argentina.gob.ar\/salud\/crecerconsalud\/lactancia\/extraerleche\">C\u00f3mo donar leche humana<\/a><\/li>\n<li><a href=\"https:\/\/www.youtube.com\/watch?v=9Mdyatw19nM\">RCP en lactantes<\/a><\/li>\n<li><a href=\"https:\/\/www.youtube.com\/watch?v=zAotBDGPOPg\">RCP en ni\u00f1os y ni\u00f1as<\/a><\/li>\n<li><a href=\"https:\/\/www.youtube.com\/watch?v=qOkpW5LuYHI\">Obstrucci\u00f3n de la v\u00eda a\u00e9rea en menores de 1 a\u00f1o<\/a><\/li>\n<li><a href=\"https:\/\/www.youtube.com\/watch?v=kiv9FcrCkZI\">Uso del desfibrilador externo<\/a><\/li>\n<li><a href=\"https:\/\/www.youtube.com\/watch?v=uj13jPii2KI\">Obstrucci\u00f3n de la v\u00eda a\u00e9rea en ni\u00f1os mayores de 1 a\u00f1o<\/a><\/li>\n<li><a href=\"https:\/\/www.youtube.com\/watch?v=uvtig726tZI\">Derechos en el momento del nacimiento<\/a><\/li>\n<\/ul>\n<p>[\/et_pb_toggle][\/et_pb_column][\/et_pb_row][\/et_pb_section]<\/p>\n","protected":false},"excerpt":{"rendered":"<p>Dra. Natalia CourtisDirectora9 de julio1257 Mendoza 1er Piso &#8211; C.P. 5500Tel. (0261) 413 2478Correo: dpmimza@mendoza.gov.arElaborar, supervisar y ejecutar pol\u00edticas p\u00fablicas dirigidas a proteger la salud de ni\u00f1as, ni\u00f1os, personas gestantes y pu\u00e9rperas conforme a los lineamientos establecidos por el Ministerio de Salud y Deportes y los organismos internacionales especializados en la materia, dando cumplimiento a [&hellip;]<\/p>\n","protected":false},"author":18,"featured_media":0,"parent":0,"menu_order":0,"comment_status":"closed","ping_status":"closed","template":"","meta":{"_et_pb_use_builder":"on","_et_pb_old_content":"","_et_gb_content_width":"","footnotes":""},"class_list":["post-2167","page","type-page","status-publish","hentry"],"_links":{"self":[{"href":"https:\/\/informacionoficial.mendoza.gob.ar\/saludydeportes\/wp-json\/wp\/v2\/pages\/2167","targetHints":{"allow":["GET"]}}],"collection":[{"href":"https:\/\/informacionoficial.mendoza.gob.ar\/saludydeportes\/wp-json\/wp\/v2\/pages"}],"about":[{"href":"https:\/\/informacionoficial.mendoza.gob.ar\/saludydeportes\/wp-json\/wp\/v2\/types\/page"}],"author":[{"embeddable":true,"href":"https:\/\/informacionoficial.mendoza.gob.ar\/saludydeportes\/wp-json\/wp\/v2\/users\/18"}],"replies":[{"embeddable":true,"href":"https:\/\/informacionoficial.mendoza.gob.ar\/saludydeportes\/wp-json\/wp\/v2\/comments?post=2167"}],"version-history":[{"count":20,"href":"https:\/\/informacionoficial.mendoza.gob.ar\/saludydeportes\/wp-json\/wp\/v2\/pages\/2167\/revisions"}],"predecessor-version":[{"id":4384,"href":"https:\/\/informacionoficial.mendoza.gob.ar\/saludydeportes\/wp-json\/wp\/v2\/pages\/2167\/revisions\/4384"}],"wp:attachment":[{"href":"https:\/\/informacionoficial.mendoza.gob.ar\/saludydeportes\/wp-json\/wp\/v2\/media?parent=2167"}],"curies":[{"name":"wp","href":"https:\/\/api.w.org\/{rel}","templated":true}]}}