{"id":2266,"date":"2025-07-16T12:47:56","date_gmt":"2025-07-16T15:47:56","guid":{"rendered":"https:\/\/informacionoficial.mendoza.gob.ar\/saludydeportes\/?page_id=2266"},"modified":"2025-10-06T09:55:50","modified_gmt":"2025-10-06T12:55:50","slug":"programas-alto-rendimiento","status":"publish","type":"page","link":"https:\/\/informacionoficial.mendoza.gob.ar\/saludydeportes\/ministerio-de-salud-y-deportes\/deportes\/programas-alto-rendimiento\/","title":{"rendered":"Programas Alto Rendimiento"},"content":{"rendered":"<p>[et_pb_section fb_built=\u00bb1&#8243; _builder_version=\u00bb4.27.4&#8243; _module_preset=\u00bbdefault\u00bb global_colors_info=\u00bb{}\u00bb][et_pb_row _builder_version=\u00bb4.27.4&#8243; _module_preset=\u00bbdefault\u00bb locked=\u00bboff\u00bb global_colors_info=\u00bb{}\u00bb][et_pb_column type=\u00bb4_4&#8243; _builder_version=\u00bb4.27.4&#8243; _module_preset=\u00bbdefault\u00bb global_colors_info=\u00bb{}\u00bb][et_pb_heading title=\u00bbAlto Rendimiento\u00bb _builder_version=\u00bb4.27.4&#8243; _module_preset=\u00bbdefault\u00bb title_text_color=\u00bb#000F9F\u00bb global_colors_info=\u00bb{}\u00bb][\/et_pb_heading][\/et_pb_column][\/et_pb_row][et_pb_row _builder_version=\u00bb4.27.4&#8243; _module_preset=\u00bbdefault\u00bb locked=\u00bboff\u00bb global_colors_info=\u00bb{}\u00bb][et_pb_column type=\u00bb4_4&#8243; _builder_version=\u00bb4.27.4&#8243; _module_preset=\u00bbdefault\u00bb global_colors_info=\u00bb{}\u00bb][et_pb_tabs _builder_version=\u00bb4.27.4&#8243; _module_preset=\u00bbdefault\u00bb custom_padding=\u00bb||0px|||\u00bb hover_enabled=\u00bb0&#8243; global_colors_info=\u00bb{}\u00bb sticky_enabled=\u00bb0&#8243;][et_pb_tab title=\u00bbBecas de Estudio a Deportistas Federados\u00bb _builder_version=\u00bb4.27.4&#8243; _module_preset=\u00bbdefault\u00bb hover_enabled=\u00bb0&#8243; global_colors_info=\u00bb{}\u00bb sticky_enabled=\u00bb0&#8243;]<\/p>\n<p><img loading=\"lazy\" decoding=\"async\" src=\"https:\/\/mza-dicaws-portal-uploads-media-prod.s3.amazonaws.com\/informacion-oficial\/uploads\/sites\/15\/2025\/10\/flyer-feed-14-1024x576.png\" width=\"1024\" height=\"576\" alt=\"\" class=\"wp-image-4980 aligncenter size-large\" srcset=\"https:\/\/mza-dicaws-portal-uploads-media-prod.s3.amazonaws.com\/informacion-oficial\/uploads\/sites\/15\/2025\/10\/flyer-feed-14-980x551.png 980w, https:\/\/mza-dicaws-portal-uploads-media-prod.s3.amazonaws.com\/informacion-oficial\/uploads\/sites\/15\/2025\/10\/flyer-feed-14-480x270.png 480w\" sizes=\"(min-width: 0px) and (max-width: 480px) 480px, (min-width: 481px) and (max-width: 980px) 980px, (min-width: 981px) 1024px, 100vw\" \/><\/p>\n<p><strong>Becas de Estudio Universitario para Deportistas Federados<\/strong><\/p>\n<p>Este programa, tiene como objetivo el desarrollo de nuestros deportistas, en los aspectos f\u00edsico, t\u00e9cnico, t\u00e1ctico, social y educativo, buscando as\u00ed el desarrollo del alto rendimiento para Mendoza.<\/p>\n<p>La Subsecretar\u00eda de Deportes junto a universidades posibilitan el otorgamiento de becas para empezar, continuar o finalizar sus estudios en las carreras que estas instituciones ofrecen.<\/p>\n<p>Para el 2026 las universidades participantes son:<\/p>\n<p><strong>UNIVERSIDAD JUAN AGUST\u00cdN MAZA<\/strong><\/p>\n<p><strong>UNIVERSIDAD DE MENDOZA<\/strong><\/p>\n<p><strong>UNIVERSIDAD DE CONGRESO<\/strong><\/p>\n<p><strong>UNIVERSIDAD CHAMPAGNAT<\/strong><\/p>\n<p><strong>INSTITUTO UNIVERSITARIO DE CIENCIAS EMPRESARIALES<\/strong><\/p>\n<p><strong>UNIVERSIDAD NACIONAL DE CUYO<\/strong><\/p>\n<p><strong>UNIVERSIDAD DEL ACONCAGUA<\/strong><\/p>\n<p><strong>Requisitos<\/strong><\/p>\n<p>Para acceder a las becas, los alumnos aspirantes deben <a href=\"https:\/\/mza-dicaws-portal-uploads-media-prod.s3.amazonaws.com\/atencion-ciudadana\/uploads\/2025\/09\/SALUD_FORMULARIO-DE-INSCRIPCION-DE-BECAS-2026.pdf\">descargar la solicitud de inscripci\u00f3n<\/a><span>\u00a0<\/span>y presentarla en las oficinas de la Subsecretar\u00eda de Deportes junto con:<\/p>\n<ul>\n<li>Fotocopia del DNI<\/li>\n<li>Nota de intenci\u00f3n dirigida al subsecretario de Deportes Prof. Federico Chiapetta<\/li>\n<li>Certificado anal\u00edtico de colegio secundario o certificado de alumno regular<\/li>\n<li>Certificado de federaci\u00f3n (hoja membretada), certificado modelo para asociaciones \/ federaciones deportivas con firma y sello de la instituci\u00f3n correspondiente<\/li>\n<li>Curr\u00edculum deportivo con firma y sello de asociaci\u00f3n \/ federaci\u00f3n (m\u00e1ximo 2 hojas)<\/li>\n<\/ul>\n<p><span>Las inscripciones estar\u00e1n abiertas <strong>desde el lunes 8 de septiembre hasta el viernes 31 de octubre de 2025, de lunes a viernes de 8 a 15 horas,<\/strong> en las oficinas de la Subsecretar\u00eda de Deportes, ubicadas en el Estadio Malvinas Argentinas del Parque General San Mart\u00edn. Para m\u00e1s informaci\u00f3n, los interesados pueden comunicarse con la Direcci\u00f3n de Alto Rendimiento al 261 443 9100 (interno 141) o escribir al correo electr\u00f3nico\u00a0<\/span><a href=\"mailto:altorendimientodeportesmendoza@gmail.com\">altorendimientodeportesmendoza@gmail.com<\/a><span>.<\/span><\/p>\n<p>Direcci\u00f3n de Alto Rendimiento<br \/>0261 443 9100 | interno 141<br \/>Contacto:<span>\u00a0<\/span><a href=\"mailto:altorendimientodeportesmendoza@gmail.com\" target=\"_blank\" rel=\"noopener noreferrer\">altorendimientodeportesmendoza@gmail.com<\/a><\/p>\n<p>&nbsp;<\/p>\n<p>[\/et_pb_tab][et_pb_tab title=\u00bbApoyo a Deportistas Mendocinos\u00bb _builder_version=\u00bb4.27.4&#8243; _module_preset=\u00bbdefault\u00bb background_color=\u00bb#FFFFFF\u00bb background_enable_color=\u00bbon\u00bb global_colors_info=\u00bb{}\u00bb]<\/p>\n<p><strong>Programa de Apoyo a Deportistas Mendocinos<\/strong><\/p>\n<p>Se apoya econ\u00f3micamente a deportistas federados para poder cubrir gastos de alimentaci\u00f3n, indumentaria deportiva,\u00a0 viajes, etc., para generar mejoras en su desarrollo y calidad deportiva, a nivel grupal e individual.<\/p>\n<p>Direcci\u00f3n de Alto Rendimiento<br \/>Tel: 0261 443 9100 int 141<\/p>\n<ul><\/ul>\n<p>[\/et_pb_tab][et_pb_tab title=\u00bbApoyo a Federaciones\u00bb _builder_version=\u00bb4.27.4&#8243; _module_preset=\u00bbdefault\u00bb global_colors_info=\u00bb{}\u00bb]<\/p>\n<p><strong><span>Programa de Apoyo a Federaciones<\/span><\/strong><\/p>\n<p><span>Mediante este programa la Subsecretar\u00eda de Deportes, brinda apoyo econ\u00f3mico a federaciones, asociaciones y clubes con el objeto de mejorar instalaciones, compra de material deportivo, y brindar apoyo a seleccionados de cada una de las instituciones.<\/span><\/p>\n<p><span>Todas aquellas asociaciones\/federaciones que deseen solicitar apoyo,\u00a0<\/span><span>deber\u00e1n presentar formulario de solicitud de subsidio para personas jur\u00eddicas.<\/span><\/p>\n<p>Contacto:<br \/>Direcci\u00f3n de Alto Rendimiento<br \/>Tel\u00e9fono: 0261 443 9100. Interno 119<\/p>\n<p>&nbsp;<\/p>\n<p>[\/et_pb_tab][et_pb_tab title=\u00bbJuegos Binacionales\u00bb _builder_version=\u00bb4.27.4&#8243; _module_preset=\u00bbdefault\u00bb global_colors_info=\u00bb{}\u00bb]<\/p>\n<p><b>Juegos Binacionales de Integraci\u00f3n Andina \u00abCristo Redentor\u00bb<\/b><\/p>\n<p>Los Juegos Binacionales de Integraci\u00f3n Andina, son encuentros de integraci\u00f3n deportiva para j\u00f3venes, que se realizan anualmente, entre las provincias argentinas de Mendoza, San Luis, C\u00f3rdoba, San Juan y las regiones chilenas de Valpara\u00edso, Del Libertador Bernardo O`Higgins, Del Maule y Regi\u00f3n Metropolitana, altern\u00e1ndose el pa\u00eds anfitri\u00f3n cada a\u00f1o, en el marco del protocolo de acuerdo suscripto por las autoridades deportivas de Chile y Argentina.<\/p>\n<p>Dicha integraci\u00f3n estar\u00e1 dada en damas y varones para la categor\u00eda Sub 18, con excepci\u00f3n de tenis de campo que ser\u00e1 categor\u00eda Sub 16 y atletismo categor\u00eda Sub 19.<\/p>\n<p>Objetivos:<\/p>\n<p><span style=\"font-size: 14px\">1 Objetivos Generales:<\/span><\/p>\n<p>1.1 Posibilitar la integraci\u00f3n chileno \u2013 argentina de los j\u00f3venes a trav\u00e9s de actividades deportivas y culturales,\u00a0 estableciendo as\u00ed lazos de amistad y confraternidad.<\/p>\n<p>1.2 Incentivar la pr\u00e1ctica sistem\u00e1tica de las actividades deportivas como una forma de mejorar la calidad de vida de los j\u00f3venes.<\/p>\n<p>2 Objetivos Espec\u00edficos:<\/p>\n<p>2.1 Crear e implementar el encuentro deportivo binacional en las siguientes disciplinas deportivas: Categor\u00eda 15-18 a\u00f1os: B\u00e1squetbol (M y F), Ciclismo (M), Nataci\u00f3n (M y F), Tenis de mesa (M y F), Voleibol (M y F), Balonmano (M y F), F\u00fatbol (F), Taekwondo (M y F).<br \/>Categor\u00eda 14 \u2013 16 a\u00f1os: Tenis (M y F) Categor\u00eda 15 \u2013 19 a\u00f1os: Atletismo (M y F)<\/p>\n<p>2.2 \u00a0Alcanzar \u00a0los \u00a0mayores \u00a0niveles \u00a0de \u00a0rendimiento \u00a0posible, de \u00a0tal \u00a0forma \u00a0de \u00a0proyectar \u00a0a \u00a0los deportistas m\u00e1s all\u00e1 de los Juegos de Integraci\u00f3n Binacional.<\/p>\n<p>2.3 Realizar actividades de capacitaci\u00f3n t\u00e9cnica a trav\u00e9s de jornadas, cursos o seminarios tendientes a producir un permanente intercambio en los niveles t\u00e9cnicos metodol\u00f3gicos entre ambos pa\u00edses.<\/p>\n<p>2.4 Promover e incentivar a los ganadores de los deportes individuales y colectivos a participar de un \u00a0encuentro \u00a0a \u00a0trav\u00e9s \u00a0de\u00a0 torneos \u00a0que\u00a0 son \u00a0hom\u00f3logos \u00a0de\u00a0 los \u00a0juegos \u00a0tanto \u00a0de\u00a0 la \u00a0zona\u00a0 Norte (JUDEJUT), Centro (JUEGOS DE INTEGRACI\u00d3N ANDINA) y zona Sur (JUEGOS DE LA ARAUCAN\u00cdA).<\/p>\n<p>2.5 Promover e incentivar la pr\u00e1ctica de los deportes seleccionados por la Comisi\u00f3n Ejecutiva Binacional, manteni\u00e9ndolos durante un ciclo ol\u00edmpico y cumplido dicho plazo evaluar la continuidad de los mismos<\/p>\n<p>Contacto:<br \/>Direcci\u00f3n de Alto Rendimiento<br \/>0261 443 9100 interno 141<\/p>\n<p>&nbsp;<\/p>\n<p>[\/et_pb_tab][et_pb_tab title=\u00bbCompetencias Deportivas Interuniversitarias\u00bb _builder_version=\u00bb4.27.4&#8243; _module_preset=\u00bbdefault\u00bb global_colors_info=\u00bb{}\u00bb]<\/p>\n<p><strong>Competencias Deportivas Interuniversitarias<\/strong><\/p>\n<p>La Subsecretar\u00eda de Deportes brinda apoyo a 9 universidades (2 estatales y 7 privadas) m\u00e1s el Instituto de Educaci\u00f3n F\u00edsica \u201cJorge E. Coll\u201d de la provincia (10 casas de altos estudios de nuestra provincia), para organizar una competencia deportiva interuniversitaria, y\u00a0 as\u00ed promover y colaborar en desarrollar el deporte, la actividad f\u00edsica, la integraci\u00f3n estudiantil, y reafirmar una cultura del deporte universitario provincial.<\/p>\n<p>Para esta pol\u00edtica deportiva la Subsecretar\u00eda de Deportes aporta un subsidio econ\u00f3mico para la coordinaci\u00f3n, log\u00edstica y realizaci\u00f3n de estas competencias, para el pago de los arbitrajes (del m\u00e1ximo nivel) entre muchas otras cuestiones propias que demandan las distintas competencias. A esto se suma el aporte de las premiaciones (copas y medallas), los materiales deportivos y recursos humanos, entre otros aportes.<\/p>\n<p>En los \u00faltimos a\u00f1os estas competencias han tenido un crecimiento exponencial, con la consiguiente consecuencia de un significativo incremento del nivel log\u00edstico y deportivo. En los \u00faltimos a\u00f1os se sumaron dos\u00a0 Universidades Provinciales junto con el Instituto de Educaci\u00f3n F\u00edsica de nuestra provincia (IEF). A su vez, la cantidad de deportes se ha incrementado notablemente, pasando de 6 a 17 deportes.<br \/>Los mismos son:<\/p>\n<p>\u2013 F\u00fatbol 11 masculino<\/p>\n<p>\u2013 F\u00fatbol femenino<\/p>\n<p>\u2013 F\u00fatbol de sal\u00f3n masculino<\/p>\n<p>\u2013 B\u00e1squet masculino<\/p>\n<p>\u2013 V\u00f3ley masculino<\/p>\n<p>\u2013 V\u00f3ley femenino<\/p>\n<p>\u2013 Hockey s\/c\u00e9sped femenino<\/p>\n<p>\u2013 Taekwondo masculino<\/p>\n<p>\u2013 Taekwondo femenino<\/p>\n<p>\u2013 Paddel masculino<\/p>\n<p>\u2013 Tenis por equipo<\/p>\n<p>\u2013 Ajedrez<\/p>\n<p>\u2013 Nataci\u00f3n masculino<\/p>\n<p>\u2013 Nataci\u00f3n femenino<\/p>\n<p>\u2013 Tenis de mesa masculino<\/p>\n<p>\u2013 Tenis de mesa femenino<\/p>\n<p>Este proyecto beneficia a m\u00e1s de 1800 alumnos universitarios y a todas las redes deportivas que se conforman y desarrollan en cada instituci\u00f3n educativa a partir de estas competencias (conformaci\u00f3n, consolidaci\u00f3n y desarrollo de coordinaciones y direcciones deportivas, profesores de educaci\u00f3n f\u00edsica a cargo de los deportes, materiales e infraestructuras deportivas para acompa\u00f1ar el desarrollo de dichos deportes, etc.).<\/p>\n<p><strong>Direcci\u00f3n de Alto Rendimiento<\/strong><br \/><strong>0261 4439100 int. 141<\/strong><br \/><strong>interuniversitarios@mendoza.gov.ar<\/strong><\/p>\n<p><strong><\/strong><\/p>\n<p>[\/et_pb_tab][et_pb_tab title=\u00bbControl y Fiscalizaci\u00f3n de Gimnasios\u00bb _builder_version=\u00bb4.27.4&#8243; _module_preset=\u00bbdefault\u00bb global_colors_info=\u00bb{}\u00bb]<\/p>\n<p><strong>Control y fiscalizaci\u00f3n de gimnasios<\/strong><\/p>\n<p>El \u00c1rea de Supervisi\u00f3n y Fiscalizaci\u00f3n de Gimnasios, se encarga de la inscripci\u00f3n, habilitaci\u00f3n e inspecci\u00f3n establecida por la Ley 6457 y el Decreto Reglamentario 576\/98 modificado por el Decreto 577\/04.<\/p>\n<p>El procedimiento de inscripci\u00f3n, habilitaci\u00f3n y fiscalizaci\u00f3n es aplicable a gimnasios, institutos o escuelas de Yoga y escuelas Dojos o Dojagans de Artes Marciales p\u00fablicos y\/o privados, que funcionen dentro de la Provincia de Mendoza.<\/p>\n<p>Contacto:<br \/>Direcci\u00f3n de Alto Rendimiento<br \/>Tel\u00e9fono: 0261 4439100 interno 137<br \/>Correo electr\u00f3nico:<span>\u00a0<\/span><a href=\"mailto:supervision.gimnasios@mendoza.gov.ar\">supervision.gimnasios@mendoza.gov.ar<\/a><\/p>\n<p>Instructivo Registro de gimnasios<\/p>\n<ul>\n<li>RO1 \u2013 Solicitud de Inscripci\u00f3n y Registro<\/li>\n<li>RO2 \u2013 Ficha de Inscripci\u00f3n y Registro<\/li>\n<li>RO3 \u2013 Solicitud de Alta\/Baja Propietario<\/li>\n<li>RO4- Solicitud de Alta\/Baja Director T\u00e9cnico<\/li>\n<li>RO5- Solicitud de Alta\/Baja Profesor<\/li>\n<li>RO6- Solicitud de Alta\/Baja T\u00e9cnico\/Instructor<\/li>\n<\/ul>\n<p>[\/et_pb_tab][et_pb_tab title=\u00bbDeporte Escolar\u00bb _builder_version=\u00bb4.27.4&#8243; _module_preset=\u00bbdefault\u00bb global_colors_info=\u00bb{}\u00bb]<\/p>\n<p><strong><img loading=\"lazy\" decoding=\"async\" src=\"https:\/\/mza-dicaws-portal-uploads-media-prod.s3.amazonaws.com\/informacion-oficial\/uploads\/sites\/15\/2025\/08\/pie-de-pagina-03-300x157.png\" width=\"300\" height=\"157\" alt=\"\" class=\"wp-image-4205 alignnone size-medium\" style=\"display: block;margin-left: auto;margin-right: auto\" \/>Deporte Escolar<\/strong><\/p>\n<p>-El objetivo primordial de Deporte Escolar es incluir y desarrollar el deporte como dinamizador de capacidades, cualidades, y desarrollo integral de los sujetos dentro de la Educaci\u00f3n F\u00edsica escolar, tanto a nivel primario como secundario. Garantizando la organizaci\u00f3n a nivel Provincial de un calendario de Juegos Deportivos Escolares que complementen las actividades organizadas y planificadas del deporte dentro del contexto de la Educaci\u00f3n F\u00edsica escolar.<\/p>\n<p>Por este motivo las instituciones que tienen intervenci\u00f3n en forma directa son las siguientes:<\/p>\n<p>\u2022 Direcci\u00f3n General de Escuelas: Es la encargada de la coordinaci\u00f3n de los Juegos escolares dentro de cada escuela, tanto en nivel primario como secundario. Tambi\u00e9n prestar\u00e1 colaboraci\u00f3n con los Municipio en la primera etapa o tambi\u00e9n denominada Etapa Departamental (la misma se desarrollar\u00e1 por n\u00facleos).<\/p>\n<p>\u2022 Municipio: encargados de la organizaci\u00f3n, coordinaci\u00f3n y ejecuci\u00f3n de la etapa departamental (la etapa por n\u00facleos y la etapa final).<\/p>\n<p>\u2022 Subsecretar\u00eda de Deportes: encargada delinear la estructura general de los Juegos Deportivos Escolares, como as\u00ed tambi\u00e9n el financiamiento de los mismos (competencia externa). Controlar\u00e1 las 2 etapas departamentales y estar\u00e1 encargada de la organizaci\u00f3n, coordinaci\u00f3n y ejecuci\u00f3n de la etapa Provincial (secundarios).<\/p>\n<p>-Alcance de la propuesta: de 1\u00ba grado (primaria) hasta 3\u00ba a\u00f1o (secundaria).<\/p>\n<p>-Disciplinas deportivas: futsal, b\u00e1squet, balonmano, v\u00f3ley y ajedrez (todos en masculino y femenino).<\/p>\n<p>-Calendario deportivo: de junio a octubre.<\/p>\n<p>Contacto:<br \/>Direcci\u00f3n de Alto Rendimiento<br \/>Tel\u00e9fono: 0261 443 9100 interno 119<\/p>\n<p>[\/et_pb_tab][et_pb_tab title=\u00bbCentros de Tecnificaci\u00f3n\u00bb _builder_version=\u00bb4.27.4&#8243; _module_preset=\u00bbdefault\u00bb global_colors_info=\u00bb{}\u00bb]<\/p>\n<p><strong>Programa Provincial de Desarrollo Deportivo<\/strong><\/p>\n<p>Las Escuelas de Formaci\u00f3n Deportiva funcionan en todos los departamentos y est\u00e1n destinadas a ni\u00f1os no federados de 5 a 10 a\u00f1os (aproximadamente).<br \/>Centros de Desarrollo Deportivo Nacionales.<br \/>Centros de Tecnificaci\u00f3n Nacionales.<br \/>Centros de Tecnificaci\u00f3n Provinciales.<br \/>Centros de Alto Rendimiento.<\/p>\n<p>Objetivo:<br \/>La finalidad de este proyecto, es brindar apoyo a municipios (escuelas de formaci\u00f3n deportiva), Asociaciones y Federaciones (centros de Desarrollo Deportivo Nacional y centros de tecnificaci\u00f3n nacionales y provinciales y centros de alto rendimiento), a trav\u00e9s de subsidios econ\u00f3micos, para conformar m\u00f3dulos de entrenadores especialistas, que desarrollan su tarea durante 8 meses al a\u00f1o.<\/p>\n<p>Direcci\u00f3n de Alto Rendimiento<br \/>Tel\u00e9fono: 0261 443 9100 interno 119<br \/>Correo electr\u00f3nico:<span>\u00a0<\/span><a href=\"mailto:alebenito5@yahoo.com.ar\" target=\"_blank\" rel=\"noopener noreferrer\">alebenito5@yahoo.com.ar<\/a><\/p>\n<p>[\/et_pb_tab][et_pb_tab title=\u00bbPrograma de Incentivo a Deportistas\u00bb _builder_version=\u00bb4.27.4&#8243; _module_preset=\u00bbdefault\u00bb global_colors_info=\u00bb{}\u00bb]<\/p>\n<p><strong>Programa de Incentivo a Deportistas<\/strong><\/p>\n<p>A trav\u00e9s de este programa la Subsecretar\u00eda de Deportes brinda apoyo econ\u00f3mico a deportistas federados para poder cubrir gastos de alimentaci\u00f3n, indumentaria deportiva y viajes, entre otros costos.<\/p>\n<p>Contacto:<br \/>Direcci\u00f3n de Alto Rendimiento<br \/>Tel\u00e9fono: 0261 443 9100 interno 141<\/p>\n<p>[\/et_pb_tab][\/et_pb_tabs][\/et_pb_column][\/et_pb_row][\/et_pb_section]<\/p>\n","protected":false},"excerpt":{"rendered":"<p>Becas de Estudio Universitario para Deportistas Federados Este programa, tiene como objetivo el desarrollo de nuestros deportistas, en los aspectos f\u00edsico, t\u00e9cnico, t\u00e1ctico, social y educativo, buscando as\u00ed el desarrollo del alto rendimiento para Mendoza. La Subsecretar\u00eda de Deportes junto a universidades posibilitan el otorgamiento de becas para empezar, continuar o finalizar sus estudios en [&hellip;]<\/p>\n","protected":false},"author":11,"featured_media":0,"parent":31,"menu_order":0,"comment_status":"closed","ping_status":"closed","template":"","meta":{"_et_pb_use_builder":"on","_et_pb_old_content":"","_et_gb_content_width":"","footnotes":""},"class_list":["post-2266","page","type-page","status-publish","hentry"],"_links":{"self":[{"href":"https:\/\/informacionoficial.mendoza.gob.ar\/saludydeportes\/wp-json\/wp\/v2\/pages\/2266","targetHints":{"allow":["GET"]}}],"collection":[{"href":"https:\/\/informacionoficial.mendoza.gob.ar\/saludydeportes\/wp-json\/wp\/v2\/pages"}],"about":[{"href":"https:\/\/informacionoficial.mendoza.gob.ar\/saludydeportes\/wp-json\/wp\/v2\/types\/page"}],"author":[{"embeddable":true,"href":"https:\/\/informacionoficial.mendoza.gob.ar\/saludydeportes\/wp-json\/wp\/v2\/users\/11"}],"replies":[{"embeddable":true,"href":"https:\/\/informacionoficial.mendoza.gob.ar\/saludydeportes\/wp-json\/wp\/v2\/comments?post=2266"}],"version-history":[{"count":9,"href":"https:\/\/informacionoficial.mendoza.gob.ar\/saludydeportes\/wp-json\/wp\/v2\/pages\/2266\/revisions"}],"predecessor-version":[{"id":4984,"href":"https:\/\/informacionoficial.mendoza.gob.ar\/saludydeportes\/wp-json\/wp\/v2\/pages\/2266\/revisions\/4984"}],"up":[{"embeddable":true,"href":"https:\/\/informacionoficial.mendoza.gob.ar\/saludydeportes\/wp-json\/wp\/v2\/pages\/31"}],"wp:attachment":[{"href":"https:\/\/informacionoficial.mendoza.gob.ar\/saludydeportes\/wp-json\/wp\/v2\/media?parent=2266"}],"curies":[{"name":"wp","href":"https:\/\/api.w.org\/{rel}","templated":true}]}}