{"id":23,"date":"2025-03-06T20:50:35","date_gmt":"2025-03-06T19:50:35","guid":{"rendered":"https:\/\/informacionoficial.mendoza.gob.ar\/saludydeportes\/?page_id=23"},"modified":"2025-03-06T20:50:41","modified_gmt":"2025-03-06T19:50:41","slug":"transparencia","status":"publish","type":"page","link":"https:\/\/informacionoficial.mendoza.gob.ar\/saludydeportes\/transparencia\/","title":{"rendered":"Transparencia"},"content":{"rendered":"<p>[et_pb_section fb_built=\u00bb1&#8243; admin_label=\u00bbSubscribe\u00bb _builder_version=\u00bb4.27.4&#8243; _module_preset=\u00bbdefault\u00bb use_background_color_gradient=\u00bbon\u00bb background_color_gradient_stops=\u00bbrgba(0,0,0,0.6) 0%|rgba(0,0,0,0.6) 100%\u00bb background_color_gradient_overlays_image=\u00bbon\u00bb background_image=\u00bbhttps:\/\/mza-dicaws-portal-uploads-media-prod.s3.us-east-1.amazonaws.com\/informacion-oficial\/uploads\/sites\/15\/2025\/03\/0-cc6f1e49-d3dd-4bcd-b2ab-6ad15dbb8dbf-1920&#215;1080-1.jpg\u00bb background_position=\u00bbbottom_center\u00bb custom_padding=\u00bb0vw||0vw||true|false\u00bb locked=\u00bboff\u00bb collapsed=\u00bbon\u00bb global_colors_info=\u00bb{}\u00bb theme_builder_area=\u00bbpost_content\u00bb][et_pb_row _builder_version=\u00bb4.27.4&#8243; _module_preset=\u00bbdefault\u00bb locked=\u00bboff\u00bb global_colors_info=\u00bb{}\u00bb theme_builder_area=\u00bbpost_content\u00bb][et_pb_column type=\u00bb4_4&#8243; _builder_version=\u00bb4.27.4&#8243; _module_preset=\u00bbdefault\u00bb background_color=\u00bbrgba(255,255,255,0.17)\u00bb custom_padding=\u00bb40px|40px|40px|40px|true|true\u00bb custom_padding_tablet=\u00bb30px|30px|30px|30px|true|true\u00bb custom_padding_phone=\u00bb20px|20px|20px|20px|true|true\u00bb custom_padding_last_edited=\u00bbon|desktop\u00bb animation_style=\u00bbfade\u00bb border_radii=\u00bbon|10px|10px|10px|10px\u00bb border_width_all=\u00bb5px\u00bb border_color_all=\u00bbrgba(255,255,255,0.19)\u00bb global_colors_info=\u00bb{}\u00bb theme_builder_area=\u00bbpost_content\u00bb][et_pb_heading title=\u00bbTransparencia\u00bb _builder_version=\u00bb4.27.4&#8243; _module_preset=\u00bbdefault\u00bb title_font=\u00bb|900|||||||\u00bb title_text_align=\u00bbcenter\u00bb title_text_color=\u00bb#FFFFFF\u00bb title_font_size=\u00bb35px\u00bb title_text_shadow_style=\u00bbpreset1&#8243; global_colors_info=\u00bb{}\u00bb theme_builder_area=\u00bbpost_content\u00bb][\/et_pb_heading][\/et_pb_column][\/et_pb_row][et_pb_row column_structure=\u00bb1_3,1_3,1_3&#8243; make_equal=\u00bbon\u00bb _builder_version=\u00bb4.27.4&#8243; _module_preset=\u00bbdefault\u00bb animation_style=\u00bbfade\u00bb locked=\u00bboff\u00bb global_colors_info=\u00bb{}\u00bb theme_builder_area=\u00bbpost_content\u00bb][et_pb_column type=\u00bb1_3&#8243; _builder_version=\u00bb4.27.4&#8243; _module_preset=\u00bbdefault\u00bb background_color=\u00bbrgba(255,255,255,0.17)\u00bb custom_padding=\u00bb40px|40px|40px|40px|true|true\u00bb custom_padding_tablet=\u00bb30px|30px|30px|30px|true|true\u00bb custom_padding_phone=\u00bb20px|20px|20px|20px|true|true\u00bb custom_padding_last_edited=\u00bbon|desktop\u00bb animation_style=\u00bbfade\u00bb link_option_url=\u00bbhttps:\/\/osepmendoza.com.ar\/web\/\u00bb link_option_url_new_window=\u00bbon\u00bb border_radii=\u00bbon|10px|10px|10px|10px\u00bb border_width_all=\u00bb5px\u00bb border_color_all=\u00bbrgba(255,255,255,0.19)\u00bb global_colors_info=\u00bb{%22gcid-924bddf2-c0ef-4ef9-b028-8630e1b50bab%22:%91%22background_color%22%93}\u00bb theme_builder_area=\u00bbpost_content\u00bb][et_pb_icon font_icon=\u00bb&#xe059;||divi||400&#8243; icon_color=\u00bb#3CB4E5&#8243; icon_width=\u00bb40px\u00bb _builder_version=\u00bb4.27.4&#8243; _module_preset=\u00bbdefault\u00bb global_colors_info=\u00bb{}\u00bb theme_builder_area=\u00bbpost_content\u00bb][\/et_pb_icon][et_pb_text _builder_version=\u00bb4.27.4&#8243; _module_preset=\u00bb_initial\u00bb text_orientation=\u00bbcenter\u00bb custom_margin=\u00bb||0px||false|false\u00bb global_colors_info=\u00bb{}\u00bb theme_builder_area=\u00bbpost_content\u00bb]<\/p>\n<h4>Informaci\u00f3n institucional, organizativa y de planificaci\u00f3n<\/h4>\n<p>[\/et_pb_text][\/et_pb_column][et_pb_column type=\u00bb1_3&#8243; _builder_version=\u00bb4.22.1&#8243; _module_preset=\u00bbdefault\u00bb background_color=\u00bbrgba(255,255,255,0.17)\u00bb custom_padding=\u00bb40px|40px|40px|40px|true|true\u00bb custom_padding_tablet=\u00bb30px|30px|30px|30px|true|true\u00bb custom_padding_phone=\u00bb20px|20px|20px|20px|true|true\u00bb custom_padding_last_edited=\u00bbon|desktop\u00bb animation_style=\u00bbfade\u00bb border_radii=\u00bbon|10px|10px|10px|10px\u00bb border_width_all=\u00bb5px\u00bb border_color_all=\u00bbrgba(255,255,255,0.19)\u00bb global_colors_info=\u00bb{%22gcid-924bddf2-c0ef-4ef9-b028-8630e1b50bab%22:%91%22background_color%22%93}\u00bb theme_builder_area=\u00bbpost_content\u00bb][et_pb_icon font_icon=\u00bb&#xf56c;||fa||900&#8243; icon_color=\u00bb#3CB4E5&#8243; icon_width=\u00bb40px\u00bb _builder_version=\u00bb4.27.4&#8243; _module_preset=\u00bbdefault\u00bb global_colors_info=\u00bb{}\u00bb theme_builder_area=\u00bbpost_content\u00bb][\/et_pb_icon][et_pb_text _builder_version=\u00bb4.27.4&#8243; _module_preset=\u00bb_initial\u00bb text_orientation=\u00bbcenter\u00bb custom_margin=\u00bb||0px||false|false\u00bb global_colors_info=\u00bb{}\u00bb theme_builder_area=\u00bbpost_content\u00bb]<\/p>\n<h4>Informaci\u00f3n de relevancia jur\u00eddica<\/h4>\n<p>[\/et_pb_text][\/et_pb_column][et_pb_column type=\u00bb1_3&#8243; _builder_version=\u00bb4.22.1&#8243; _module_preset=\u00bbdefault\u00bb background_color=\u00bbrgba(255,255,255,0.17)\u00bb custom_padding=\u00bb40px|40px|40px|40px|true|true\u00bb custom_padding_tablet=\u00bb30px|30px|30px|30px|true|true\u00bb custom_padding_phone=\u00bb20px|20px|20px|20px|true|true\u00bb custom_padding_last_edited=\u00bbon|desktop\u00bb animation_style=\u00bbfade\u00bb border_radii=\u00bbon|10px|10px|10px|10px\u00bb border_width_all=\u00bb5px\u00bb border_color_all=\u00bbrgba(255,255,255,0.19)\u00bb global_colors_info=\u00bb{%22gcid-924bddf2-c0ef-4ef9-b028-8630e1b50bab%22:%91%22background_color%22%93}\u00bb theme_builder_area=\u00bbpost_content\u00bb][et_pb_icon font_icon=\u00bb&#xe0f2;||divi||400&#8243; icon_color=\u00bb#3CB4E5&#8243; icon_width=\u00bb40px\u00bb _builder_version=\u00bb4.27.4&#8243; _module_preset=\u00bbdefault\u00bb global_colors_info=\u00bb{}\u00bb theme_builder_area=\u00bbpost_content\u00bb][\/et_pb_icon][et_pb_text _builder_version=\u00bb4.27.4&#8243; _module_preset=\u00bb_initial\u00bb text_orientation=\u00bbcenter\u00bb custom_margin=\u00bb||0px||false|false\u00bb global_colors_info=\u00bb{}\u00bb theme_builder_area=\u00bbpost_content\u00bb]<\/p>\n<h4>Informaci\u00f3n econ\u00f3mica, presupuestaria y estad\u00edstica<\/h4>\n<p>[\/et_pb_text][\/et_pb_column][\/et_pb_row][\/et_pb_section]<\/p>\n","protected":false},"excerpt":{"rendered":"<p>Informaci\u00f3n institucional, organizativa y de planificaci\u00f3nInformaci\u00f3n de relevancia jur\u00eddicaInformaci\u00f3n econ\u00f3mica, presupuestaria y estad\u00edstica<\/p>\n","protected":false},"author":1,"featured_media":0,"parent":0,"menu_order":0,"comment_status":"closed","ping_status":"closed","template":"","meta":{"_et_pb_use_builder":"on","_et_pb_old_content":"","_et_gb_content_width":"","footnotes":""},"class_list":["post-23","page","type-page","status-publish","hentry"],"_links":{"self":[{"href":"https:\/\/informacionoficial.mendoza.gob.ar\/saludydeportes\/wp-json\/wp\/v2\/pages\/23","targetHints":{"allow":["GET"]}}],"collection":[{"href":"https:\/\/informacionoficial.mendoza.gob.ar\/saludydeportes\/wp-json\/wp\/v2\/pages"}],"about":[{"href":"https:\/\/informacionoficial.mendoza.gob.ar\/saludydeportes\/wp-json\/wp\/v2\/types\/page"}],"author":[{"embeddable":true,"href":"https:\/\/informacionoficial.mendoza.gob.ar\/saludydeportes\/wp-json\/wp\/v2\/users\/1"}],"replies":[{"embeddable":true,"href":"https:\/\/informacionoficial.mendoza.gob.ar\/saludydeportes\/wp-json\/wp\/v2\/comments?post=23"}],"version-history":[{"count":2,"href":"https:\/\/informacionoficial.mendoza.gob.ar\/saludydeportes\/wp-json\/wp\/v2\/pages\/23\/revisions"}],"predecessor-version":[{"id":25,"href":"https:\/\/informacionoficial.mendoza.gob.ar\/saludydeportes\/wp-json\/wp\/v2\/pages\/23\/revisions\/25"}],"wp:attachment":[{"href":"https:\/\/informacionoficial.mendoza.gob.ar\/saludydeportes\/wp-json\/wp\/v2\/media?parent=23"}],"curies":[{"name":"wp","href":"https:\/\/api.w.org\/{rel}","templated":true}]}}