{"id":258,"date":"2025-05-14T13:33:49","date_gmt":"2025-05-14T11:33:49","guid":{"rendered":"https:\/\/informacionoficial.mendoza.gob.ar\/saludydeportes\/?page_id=258"},"modified":"2025-08-19T09:30:50","modified_gmt":"2025-08-19T12:30:50","slug":"deportes-infraestructura","status":"publish","type":"page","link":"https:\/\/informacionoficial.mendoza.gob.ar\/saludydeportes\/ministerio-de-salud-y-deportes\/deportes\/deportes-infraestructura\/","title":{"rendered":"Infraestructura"},"content":{"rendered":"<p>[et_pb_section fb_built=\u00bb1&#8243; _builder_version=\u00bb4.27.4&#8243; _module_preset=\u00bbdefault\u00bb global_colors_info=\u00bb{}\u00bb][et_pb_row _builder_version=\u00bb4.27.4&#8243; _module_preset=\u00bbdefault\u00bb global_colors_info=\u00bb{}\u00bb][et_pb_column type=\u00bb4_4&#8243; _builder_version=\u00bb4.27.4&#8243; _module_preset=\u00bbdefault\u00bb global_colors_info=\u00bb{}\u00bb][et_pb_video src=\u00bbhttps:\/\/mza-dicaws-portal-uploads-media-prod.s3.amazonaws.com\/informacion-oficial\/uploads\/sites\/15\/2025\/07\/Parque-deportivo.mp4&#8243; _builder_version=\u00bb4.27.4&#8243; _module_preset=\u00bbdefault\u00bb hover_enabled=\u00bb0&#8243; global_colors_info=\u00bb{}\u00bb title_text=\u00bbParque deportivo\u00bb sticky_enabled=\u00bb0&#8243;][\/et_pb_video][\/et_pb_column][\/et_pb_row][et_pb_row _builder_version=\u00bb4.27.4&#8243; _module_preset=\u00bbdefault\u00bb global_colors_info=\u00bb{}\u00bb][et_pb_column type=\u00bb4_4&#8243; _builder_version=\u00bb4.27.4&#8243; _module_preset=\u00bbdefault\u00bb global_colors_info=\u00bb{}\u00bb][et_pb_divider _builder_version=\u00bb4.27.4&#8243; _module_preset=\u00bbdefault\u00bb global_colors_info=\u00bb{}\u00bb][\/et_pb_divider][\/et_pb_column][\/et_pb_row][et_pb_row _builder_version=\u00bb4.27.4&#8243; _module_preset=\u00bbdefault\u00bb border_color_all=\u00bb#000F9F\u00bb global_colors_info=\u00bb{}\u00bb][et_pb_column type=\u00bb4_4&#8243; _builder_version=\u00bb4.27.4&#8243; _module_preset=\u00bbdefault\u00bb global_colors_info=\u00bb{}\u00bb][et_pb_cta title=\u00bbEstadio Malvinas Argentinas\u00bb button_text=\u00bbClics\u00bb _builder_version=\u00bb4.27.4&#8243; _module_preset=\u00bbdefault\u00bb header_text_color=\u00bb#000F9F\u00bb background_color=\u00bb#FFFFFF\u00bb text_orientation=\u00bbleft\u00bb background_layout=\u00bblight\u00bb global_colors_info=\u00bb{}\u00bb content__hover_enabled=\u00bbon|desktop\u00bb content__hover=\u00bb<\/p>\n<p>El Estadio Malvinas Argentinas, ubicado al pie de la Cordillera de los Andes en el Parque General San Mart\u00edn, a solo 3 km del centro de Mendoza, fue construido para el Mundial de F\u00fatbol de 1978 por el arquitecto Rafael Vi\u00f1oly sobre un antiguo aut\u00f3dromo. Inaugurado el 14 de mayo de ese a\u00f1o, pas\u00f3 a llamarse en 1982 en homenaje a la gesta de Malvinas. Tiene capacidad para 42 mil personas y ha sido sede de eventos deportivos, art\u00edsticos y culturales de gran relevancia. Desde 2012, el Gobierno provincial lleva adelante un proceso continuo de modernizaci\u00f3n, con mejoras en infraestructura, accesibilidad, seguridad y tecnolog\u00eda, posicionando al estadio como un \u00edcono deportivo y tur\u00edstico con visitas guiadas disponibles durante todo el a\u00f1o.<\/p>\n<p>\u00ab]<\/p>\n<p style=\"text-align: left\">El Estadio Malvinas Argentinas, ubicado al pie de la Cordillera de los Andes en el Parque General San Mart\u00edn, a solo 3 km del centro de Mendoza, fue construido para el Mundial de F\u00fatbol de 1978 por el arquitecto Rafael Vi\u00f1oly sobre un antiguo aut\u00f3dromo. Inaugurado el 14 de mayo de ese a\u00f1o, recibi\u00f3 su nombre en 1982, en homenaje a la gesta de Malvinas. Tiene capacidad para 42.000 personas y ha sido sede de eventos deportivos, art\u00edsticos y culturales de gran relevancia. Desde 2012, el Gobierno provincial lleva adelante un proceso continuo de modernizaci\u00f3n, con mejoras en infraestructura, accesibilidad, seguridad y tecnolog\u00eda, posicionando al estadio como un \u00edcono deportivo y tur\u00edstico con visitas guiadas disponibles durante todo el a\u00f1o.<\/p>\n<p>[\/et_pb_cta][et_pb_gallery gallery_ids=\u00bb2000,1999,1998,1997&#8243; fullwidth=\u00bbon\u00bb _builder_version=\u00bb4.27.4&#8243; _module_preset=\u00bbdefault\u00bb global_colors_info=\u00bb{}\u00bb][\/et_pb_gallery][\/et_pb_column][\/et_pb_row][et_pb_row _builder_version=\u00bb4.27.4&#8243; _module_preset=\u00bbdefault\u00bb global_colors_info=\u00bb{}\u00bb][et_pb_column type=\u00bb4_4&#8243; _builder_version=\u00bb4.27.4&#8243; _module_preset=\u00bbdefault\u00bb global_colors_info=\u00bb{}\u00bb][et_pb_divider _builder_version=\u00bb4.27.4&#8243; _module_preset=\u00bbdefault\u00bb global_colors_info=\u00bb{}\u00bb][\/et_pb_divider][\/et_pb_column][\/et_pb_row][et_pb_row _builder_version=\u00bb4.27.4&#8243; _module_preset=\u00bbdefault\u00bb border_color_all=\u00bb#000F9F\u00bb locked=\u00bboff\u00bb global_colors_info=\u00bb{}\u00bb][et_pb_column type=\u00bb4_4&#8243; _builder_version=\u00bb4.27.4&#8243; _module_preset=\u00bbdefault\u00bb global_colors_info=\u00bb{}\u00bb][et_pb_cta title=\u00bbEstadio Aconcagua Arena\u00bb button_text=\u00bbClics\u00bb _builder_version=\u00bb4.27.4&#8243; _module_preset=\u00bbdefault\u00bb header_text_color=\u00bb#000F9F\u00bb background_color=\u00bb#FFFFFF\u00bb text_orientation=\u00bbleft\u00bb background_layout=\u00bblight\u00bb global_colors_info=\u00bb{}\u00bb content__hover_enabled=\u00bbon|desktop\u00bb content__hover=\u00bb<\/p>\n<p>El Estadio Malvinas Argentinas, ubicado al pie de la Cordillera de los Andes en el Parque General San Mart\u00edn, a solo 3 km del centro de Mendoza, fue construido para el Mundial de F\u00fatbol de 1978 por el arquitecto Rafael Vi\u00f1oly sobre un antiguo aut\u00f3dromo. Inaugurado el 14 de mayo de ese a\u00f1o, pas\u00f3 a llamarse en 1982 en homenaje a la gesta de Malvinas. Tiene capacidad para 42 mil personas y ha sido sede de eventos deportivos, art\u00edsticos y culturales de gran relevancia. Desde 2012, el Gobierno provincial lleva adelante un proceso continuo de modernizaci\u00f3n, con mejoras en infraestructura, accesibilidad, seguridad y tecnolog\u00eda, posicionando al estadio como un \u00edcono deportivo y tur\u00edstico con visitas guiadas disponibles durante todo el a\u00f1o.<\/p>\n<p>\u00ab]<\/p>\n<p style=\"text-align: left\">El Aconcagua Arena, inaugurado el 28 de julio de 2018 con un amistoso de futsal entre Argentina y Colombia, es el estadio cubierto m\u00e1s grande de Mendoza, con capacidad para 8.500 personas. Est\u00e1 ubicado en el Parque Deportivo Provincial, sobre Av. El Libertador, en el Parque General San Mart\u00edn, y forma parte de un complejo que incluye el Vel\u00f3dromo \u201cErnesto Contreras\u201d, la pista de atletismo y el estadio de hockey sobre c\u00e9sped.<\/p>\n<p style=\"text-align: left\">Cuenta con un campo de juego de 50 x 36 metros, una superficie cubierta total de 23.000 m\u00b2 y diversas \u00e1reas funcionales como camarines, consultorio m\u00e9dico, sala de rehabilitaci\u00f3n, auditorio, restaurante, sala de prensa, cabinas de transmisi\u00f3n, locales comerciales y zonas de atenci\u00f3n m\u00e9dica. Su infraestructura lo posiciona como un centro deportivo y de eventos de primer nivel en la regi\u00f3n.<\/p>\n<p>[\/et_pb_cta][et_pb_gallery gallery_ids=\u00bb2396,299,263,2400,2397,2398&#8243; fullwidth=\u00bbon\u00bb _builder_version=\u00bb4.27.4&#8243; _module_preset=\u00bbdefault\u00bb global_colors_info=\u00bb{}\u00bb][\/et_pb_gallery][\/et_pb_column][\/et_pb_row][et_pb_row _builder_version=\u00bb4.27.4&#8243; _module_preset=\u00bbdefault\u00bb global_colors_info=\u00bb{}\u00bb][et_pb_column type=\u00bb4_4&#8243; _builder_version=\u00bb4.27.4&#8243; _module_preset=\u00bbdefault\u00bb global_colors_info=\u00bb{}\u00bb][et_pb_divider _builder_version=\u00bb4.27.4&#8243; _module_preset=\u00bbdefault\u00bb global_colors_info=\u00bb{}\u00bb][\/et_pb_divider][\/et_pb_column][\/et_pb_row][et_pb_row _builder_version=\u00bb4.27.4&#8243; _module_preset=\u00bbdefault\u00bb border_color_all=\u00bb#000F9F\u00bb locked=\u00bboff\u00bb global_colors_info=\u00bb{}\u00bb][et_pb_column type=\u00bb4_4&#8243; _builder_version=\u00bb4.27.4&#8243; _module_preset=\u00bbdefault\u00bb global_colors_info=\u00bb{}\u00bb][et_pb_cta title=\u00bbEstadio Mendocino de Hockey\u00bb button_text=\u00bbClics\u00bb _builder_version=\u00bb4.27.4&#8243; _module_preset=\u00bbdefault\u00bb header_text_color=\u00bb#000F9F\u00bb background_color=\u00bb#FFFFFF\u00bb text_orientation=\u00bbleft\u00bb background_layout=\u00bblight\u00bb global_colors_info=\u00bb{}\u00bb content__hover_enabled=\u00bbon|desktop\u00bb content__hover=\u00bb<\/p>\n<p>El Estadio Malvinas Argentinas, ubicado al pie de la Cordillera de los Andes en el Parque General San Mart\u00edn, a solo 3 km del centro de Mendoza, fue construido para el Mundial de F\u00fatbol de 1978 por el arquitecto Rafael Vi\u00f1oly sobre un antiguo aut\u00f3dromo. Inaugurado el 14 de mayo de ese a\u00f1o, pas\u00f3 a llamarse en 1982 en homenaje a la gesta de Malvinas. Tiene capacidad para 42 mil personas y ha sido sede de eventos deportivos, art\u00edsticos y culturales de gran relevancia. Desde 2012, el Gobierno provincial lleva adelante un proceso continuo de modernizaci\u00f3n, con mejoras en infraestructura, accesibilidad, seguridad y tecnolog\u00eda, posicionando al estadio como un \u00edcono deportivo y tur\u00edstico con visitas guiadas disponibles durante todo el a\u00f1o.<\/p>\n<p>\u00ab]<\/p>\n<p>Inaugurado en 2013, este estadio es considerado el m\u00e1s grande del pa\u00eds y alberg\u00f3 ese mismo a\u00f1o, la Copa Panamericana de Hockey sobre C\u00e9sped, donde \u00abLas Leonas\u00bb se consagraron campeonas.<\/p>\n<p>Tiene capacidad para 1.700 espectadores, ampliable con gradas m\u00f3viles y cuenta con cuatro vestuarios para equipos, dos para \u00e1rbitros, sala m\u00e9dica para controles de dopaje, palcos, cuerpos sanitarios p\u00fablicos, accesibilidad para personas con discapacidad, dep\u00f3sitos, riego automatizado e iluminaci\u00f3n apta para transmisiones en HD. Sus especificaciones t\u00e9cnicas son equivalentes a las de los Juegos Ol\u00edmpicos de Londres 2012.<\/p>\n<p>[\/et_pb_cta][et_pb_gallery gallery_ids=\u00bb301,2611,2612,2613&#8243; fullwidth=\u00bbon\u00bb _builder_version=\u00bb4.27.4&#8243; _module_preset=\u00bbdefault\u00bb global_colors_info=\u00bb{}\u00bb][\/et_pb_gallery][\/et_pb_column][\/et_pb_row][et_pb_row _builder_version=\u00bb4.27.4&#8243; _module_preset=\u00bbdefault\u00bb global_colors_info=\u00bb{}\u00bb][et_pb_column type=\u00bb4_4&#8243; _builder_version=\u00bb4.27.4&#8243; _module_preset=\u00bbdefault\u00bb global_colors_info=\u00bb{}\u00bb][et_pb_divider _builder_version=\u00bb4.27.4&#8243; _module_preset=\u00bbdefault\u00bb global_colors_info=\u00bb{}\u00bb][\/et_pb_divider][\/et_pb_column][\/et_pb_row][et_pb_row _builder_version=\u00bb4.27.4&#8243; _module_preset=\u00bbdefault\u00bb border_color_all=\u00bb#000F9F\u00bb locked=\u00bboff\u00bb global_colors_info=\u00bb{}\u00bb][et_pb_column type=\u00bb4_4&#8243; _builder_version=\u00bb4.27.4&#8243; _module_preset=\u00bbdefault\u00bb global_colors_info=\u00bb{}\u00bb][et_pb_cta title=\u00bbPista de atletismo\u00bb button_text=\u00bbClics\u00bb _builder_version=\u00bb4.27.4&#8243; _module_preset=\u00bbdefault\u00bb header_text_color=\u00bb#000F9F\u00bb background_color=\u00bb#FFFFFF\u00bb text_orientation=\u00bbleft\u00bb background_layout=\u00bblight\u00bb global_colors_info=\u00bb{}\u00bb content__hover_enabled=\u00bbon|desktop\u00bb content__hover=\u00bb<\/p>\n<p>El Estadio Malvinas Argentinas, ubicado al pie de la Cordillera de los Andes en el Parque General San Mart\u00edn, a solo 3 km del centro de Mendoza, fue construido para el Mundial de F\u00fatbol de 1978 por el arquitecto Rafael Vi\u00f1oly sobre un antiguo aut\u00f3dromo. Inaugurado el 14 de mayo de ese a\u00f1o, pas\u00f3 a llamarse en 1982 en homenaje a la gesta de Malvinas. Tiene capacidad para 42 mil personas y ha sido sede de eventos deportivos, art\u00edsticos y culturales de gran relevancia. Desde 2012, el Gobierno provincial lleva adelante un proceso continuo de modernizaci\u00f3n, con mejoras en infraestructura, accesibilidad, seguridad y tecnolog\u00eda, posicionando al estadio como un \u00edcono deportivo y tur\u00edstico con visitas guiadas disponibles durante todo el a\u00f1o.<\/p>\n<p>\u00ab]<\/p>\n<p>Tiene una superficie de 4.400 metros cuadrados y para su construcci\u00f3n se utiliz\u00f3 la misma tecnolog\u00eda de los Juegos Ol\u00edmpicos Pek\u00edn 2008 y Londres 2012.<\/p>\n<p>Mendoza cambi\u00f3 la vieja pista de polvo de ladrillo por una de material sin\u00adt\u00e9tico con las medidas reglamentarias, estipuladas por la <em>International Associa\u00adtion of Athletics Federation<\/em> (IAAF), lo que permiti\u00f3 homologarla como clase A2, para realizar campeonatos regionales y conti\u00adnentales.<\/p>\n<p>Cuenta con la \u00faltima tecnolog\u00eda en la materia y de hecho, es id\u00e9ntica a la que se utiliz\u00f3 en Londres. Una alfombra sint\u00e9\u00adtica (t\u00e9cnicamente denominada \u201csolado\u201d) amortigua la pisada del atleta, le permite tomar m\u00e1s velocidad y minimiza el riesgo de lesiones.<\/p>\n<p>[\/et_pb_cta][et_pb_gallery gallery_ids=\u00bb2608,2609,2607,2606&#8243; fullwidth=\u00bbon\u00bb _builder_version=\u00bb4.27.4&#8243; _module_preset=\u00bbdefault\u00bb global_colors_info=\u00bb{}\u00bb][\/et_pb_gallery][\/et_pb_column][\/et_pb_row][et_pb_row _builder_version=\u00bb4.27.4&#8243; _module_preset=\u00bbdefault\u00bb global_colors_info=\u00bb{}\u00bb][et_pb_column type=\u00bb4_4&#8243; _builder_version=\u00bb4.27.4&#8243; _module_preset=\u00bbdefault\u00bb global_colors_info=\u00bb{}\u00bb][et_pb_divider _builder_version=\u00bb4.27.4&#8243; _module_preset=\u00bbdefault\u00bb global_colors_info=\u00bb{}\u00bb][\/et_pb_divider][\/et_pb_column][\/et_pb_row][et_pb_row column_structure=\u00bb1_3,1_3,1_3&#8243; _builder_version=\u00bb4.27.4&#8243; _module_preset=\u00bbdefault\u00bb global_colors_info=\u00bb{}\u00bb][et_pb_column type=\u00bb1_3&#8243; _builder_version=\u00bb4.27.4&#8243; _module_preset=\u00bbdefault\u00bb global_colors_info=\u00bb{}\u00bb][et_pb_accordion _builder_version=\u00bb4.27.4&#8243; _module_preset=\u00bbdefault\u00bb global_colors_info=\u00bb{}\u00bb][et_pb_accordion_item title=\u00bbVel\u00f3dromo Ernesto Contreras\u00bb open=\u00bbon\u00bb _builder_version=\u00bb4.27.4&#8243; _module_preset=\u00bbdefault\u00bb global_colors_info=\u00bb{}\u00bb]<\/p>\n<p>El Vel\u00f3dromo Provincial fue inaugurado en 1995 y dos a\u00f1os m\u00e1s tarde, fue bautizado con el nombre de Ernesto \u201cEl C\u00f3ndor de Am\u00e9rica\u201d Contreras, en honor al ciclista m\u00e1s emblem\u00e1tico que tuvo nuestra provincia.<\/p>\n<p>El \u00f3valo de 333 metros, construido en cemento, est\u00e1 preparado para albergar todas las pruebas ol\u00edmpicas y de espect\u00e1culo, finales de etapas de rutas, pr\u00f3logos y presentaciones.<\/p>\n<p>Posee tribunas naturales y pueden competir hasta 32 ciclistas simult\u00e1neamente. Con un acceso amplio y un t\u00fanel para no interrumpir las pruebas, el escenario es catalogado como uno de los mejores del pa\u00eds.<\/p>\n<p>[\/et_pb_accordion_item][\/et_pb_accordion][\/et_pb_column][et_pb_column type=\u00bb1_3&#8243; _builder_version=\u00bb4.27.4&#8243; _module_preset=\u00bbdefault\u00bb global_colors_info=\u00bb{}\u00bb][et_pb_accordion _builder_version=\u00bb4.27.4&#8243; _module_preset=\u00bbdefault\u00bb global_colors_info=\u00bb{}\u00bb][et_pb_accordion_item title=\u00bbCanchas de tenis de cemento\u00bb open=\u00bbon\u00bb _builder_version=\u00bb4.27.4&#8243; _module_preset=\u00bbdefault\u00bb global_colors_info=\u00bb{}\u00bb]<\/p>\n<p>En el predio del Parque Deportivo de la Provincia, en 2015 se construyeron tres canchas de tenis de hormig\u00f3n, de 11 x 24 metros cada una, en un per\u00edmetro de 2.280 m2.<\/p>\n<p>Junto a las canchas, se encuentra otra explanada, de 10 x 25 metros, con un front\u00f3n de 4.90 metros de alto, para diversas actividades deportivas. Ambos espacios se emplazan al Sur-Este del Estadio Mendocino de Hockey sobre C\u00e9sped.<\/p>\n<p>[\/et_pb_accordion_item][\/et_pb_accordion][\/et_pb_column][et_pb_column type=\u00bb1_3&#8243; _builder_version=\u00bb4.27.4&#8243; _module_preset=\u00bbdefault\u00bb global_colors_info=\u00bb{}\u00bb][et_pb_accordion _builder_version=\u00bb4.27.4&#8243; _module_preset=\u00bbdefault\u00bb global_colors_info=\u00bb{}\u00bb][et_pb_accordion_item title=\u00bbCanchas de padel\u00bb open=\u00bbon\u00bb _builder_version=\u00bb4.27.4&#8243; _module_preset=\u00bbdefault\u00bb global_colors_info=\u00bb{}\u00bb]<\/p>\n<p>Construidas para el Premier Padel Tour.<\/p>\n<p>[\/et_pb_accordion_item][\/et_pb_accordion][\/et_pb_column][\/et_pb_row][\/et_pb_section]<\/p>\n","protected":false},"excerpt":{"rendered":"<p>El Estadio Malvinas Argentinas, ubicado al pie de la Cordillera de los Andes en el Parque General San Mart\u00edn, a solo 3 km del centro de Mendoza, fue construido para el Mundial de F\u00fatbol de 1978 por el arquitecto Rafael Vi\u00f1oly sobre un antiguo aut\u00f3dromo. Inaugurado el 14 de mayo de ese a\u00f1o, recibi\u00f3 su [&hellip;]<\/p>\n","protected":false},"author":11,"featured_media":0,"parent":31,"menu_order":0,"comment_status":"closed","ping_status":"closed","template":"","meta":{"_et_pb_use_builder":"on","_et_pb_old_content":"","_et_gb_content_width":"","footnotes":""},"class_list":["post-258","page","type-page","status-publish","hentry"],"_links":{"self":[{"href":"https:\/\/informacionoficial.mendoza.gob.ar\/saludydeportes\/wp-json\/wp\/v2\/pages\/258","targetHints":{"allow":["GET"]}}],"collection":[{"href":"https:\/\/informacionoficial.mendoza.gob.ar\/saludydeportes\/wp-json\/wp\/v2\/pages"}],"about":[{"href":"https:\/\/informacionoficial.mendoza.gob.ar\/saludydeportes\/wp-json\/wp\/v2\/types\/page"}],"author":[{"embeddable":true,"href":"https:\/\/informacionoficial.mendoza.gob.ar\/saludydeportes\/wp-json\/wp\/v2\/users\/11"}],"replies":[{"embeddable":true,"href":"https:\/\/informacionoficial.mendoza.gob.ar\/saludydeportes\/wp-json\/wp\/v2\/comments?post=258"}],"version-history":[{"count":22,"href":"https:\/\/informacionoficial.mendoza.gob.ar\/saludydeportes\/wp-json\/wp\/v2\/pages\/258\/revisions"}],"predecessor-version":[{"id":4201,"href":"https:\/\/informacionoficial.mendoza.gob.ar\/saludydeportes\/wp-json\/wp\/v2\/pages\/258\/revisions\/4201"}],"up":[{"embeddable":true,"href":"https:\/\/informacionoficial.mendoza.gob.ar\/saludydeportes\/wp-json\/wp\/v2\/pages\/31"}],"wp:attachment":[{"href":"https:\/\/informacionoficial.mendoza.gob.ar\/saludydeportes\/wp-json\/wp\/v2\/media?parent=258"}],"curies":[{"name":"wp","href":"https:\/\/api.w.org\/{rel}","templated":true}]}}