{"id":2814,"date":"2025-07-25T15:57:11","date_gmt":"2025-07-25T18:57:11","guid":{"rendered":"https:\/\/informacionoficial.mendoza.gob.ar\/saludydeportes\/?page_id=2814"},"modified":"2025-07-29T12:11:01","modified_gmt":"2025-07-29T15:11:01","slug":"normativas-residuos-patogenicos","status":"publish","type":"page","link":"https:\/\/informacionoficial.mendoza.gob.ar\/saludydeportes\/normativas-residuos-patogenicos\/","title":{"rendered":"Normativas &#8211; Residuos Patog\u00e9nicos"},"content":{"rendered":"<p>[et_pb_section fb_built=\u00bb1&#8243; _builder_version=\u00bb4.27.4&#8243; _module_preset=\u00bbdefault\u00bb background_color=\u00bb#FFFFFF\u00bb background_enable_image=\u00bboff\u00bb background_size=\u00bbcontain\u00bb background_enable_video_mp4=\u00bboff\u00bb background_video_width=\u00bb100%\u00bb background_video_height=\u00bb100%\u00bb module_alignment=\u00bbcenter\u00bb min_height=\u00bb397px\u00bb custom_margin=\u00bb0px|0px|0px|0px|false|false\u00bb custom_padding=\u00bb0px|0px|0px|0px|false|false\u00bb hover_enabled=\u00bb0&#8243; locked=\u00bboff\u00bb global_colors_info=\u00bb{}\u00bb sticky_enabled=\u00bb0&#8243;][et_pb_row _builder_version=\u00bb4.27.4&#8243; _module_preset=\u00bbdefault\u00bb custom_margin=\u00bb0px||0px||false|false\u00bb custom_padding=\u00bb1rem||1rem||true|false\u00bb hover_enabled=\u00bb0&#8243; sticky_enabled=\u00bb0&#8243;][et_pb_column _builder_version=\u00bb4.27.4&#8243; _module_preset=\u00bbdefault\u00bb type=\u00bb4_4&#8243;][et_pb_heading title=\u00bbResiduos Patog\u00e9nicos y Farmac\u00e9uticos\u00bb _builder_version=\u00bb4.27.4&#8243; _module_preset=\u00bbdefault\u00bb title_text_color=\u00bb#000F9F\u00bb hover_enabled=\u00bb0&#8243; sticky_enabled=\u00bb0&#8243;][\/et_pb_heading][\/et_pb_column][\/et_pb_row][et_pb_row _builder_version=\u00bb4.27.4&#8243; _module_preset=\u00bbdefault\u00bb custom_margin=\u00bb0px||0px||false|false\u00bb custom_padding=\u00bb1rem||1rem||true|false\u00bb][et_pb_column _builder_version=\u00bb4.27.4&#8243; _module_preset=\u00bbdefault\u00bb type=\u00bb4_4&#8243;][et_pb_heading title=\u00bbNormativas\u00bb _builder_version=\u00bb4.27.4&#8243; _module_preset=\u00bbdefault\u00bb title_level=\u00bbh2&#8243; title_text_color=\u00bb#000F9F\u00bb hover_enabled=\u00bb0&#8243; sticky_enabled=\u00bb0&#8243;][\/et_pb_heading][\/et_pb_column][\/et_pb_row][et_pb_row _builder_version=\u00bb4.27.4&#8243; _module_preset=\u00bbdefault\u00bb hover_enabled=\u00bb0&#8243; global_colors_info=\u00bb{}\u00bb custom_margin=\u00bb0px||0px||false|false\u00bb custom_padding=\u00bb1rem||1rem||true|false\u00bb sticky_enabled=\u00bb0&#8243;][et_pb_column type=\u00bb4_4&#8243; _builder_version=\u00bb4.27.4&#8243; _module_preset=\u00bbdefault\u00bb global_colors_info=\u00bb{}\u00bb][et_pb_text _builder_version=\u00bb4.27.4&#8243; _module_preset=\u00bbdefault\u00bb text_font=\u00bb|600|||||||\u00bb text_text_color=\u00bb#000000&#8243; text_font_size=\u00bb18px\u00bb text_line_height=\u00bb1.5em\u00bb header_font=\u00bb|600|||||||\u00bb global_colors_info=\u00bb{}\u00bb]<\/p>\n<ul>\n<li><a href=\"https:\/\/mza-dicaws-portal-uploads-media-prod.s3.us-east-1.amazonaws.com\/informacion-oficial\/uploads\/sites\/15\/2025\/07\/6.A-Ley-No-7168-Residuos-Patogenicos-y-Farmaceuticos.pdf\">Ley 7168 Residuos Patog\u00e9nicos y Farmac\u00e9uticos<\/a><\/li>\n<li><a href=\"https:\/\/mza-dicaws-portal-uploads-media-prod.s3.us-east-1.amazonaws.com\/informacion-oficial\/uploads\/sites\/15\/2025\/07\/6.B-Decreto-regralmentario-No-2108-Residuos-Patogenicos-y-Farmaceuticos.pdf\">Decreto reglamentario 2108\/05 Residuos Patog\u00e9nicos y Farmac\u00e9uticos Decreto 212\/10<\/a><\/li>\n<li><a href=\"https:\/\/mza-dicaws-portal-uploads-media-prod.s3.us-east-1.amazonaws.com\/informacion-oficial\/uploads\/sites\/15\/2025\/07\/RS-1940-24-ARANCELES.pdf\">Resoluci\u00f3n 1940\/24 Clasificaci\u00f3n y sub-clasificaci\u00f3n de prestadores de servicios de salud \/ tipo de sanci\u00f3n<\/a><\/li>\n<li><a href=\"https:\/\/mza-dicaws-portal-uploads-media-prod.s3.us-east-1.amazonaws.com\/informacion-oficial\/uploads\/sites\/15\/2025\/07\/Res.-1191-25_MODIFICACION-ANEXO-II-RESO.-1940-24.pdf\">Modificaci\u00f3n-ANEXO-II-RESO.-1940-24<\/a><\/li>\n<li><a href=\"https:\/\/mza-dicaws-portal-uploads-media-prod.s3.us-east-1.amazonaws.com\/informacion-oficial\/uploads\/sites\/15\/2025\/07\/Res.-1190-25_CLASIFICACION-Y-SUBCLASIFICACION-ESTABLECIMIENTO-GENERADORES-DE-RESIDUOS-PATOGENICOS-Y-O-FARMACENUTICOS.pdf\">Res.-1190-25_Clasificaci\u00f3n-y-Subclasificaci\u00f3n-Establecimientos-Generadores Residuos-Patog\u00e9nicos-Y-O-Farmac\u00e9uticos<\/a><\/li>\n<\/ul>\n<p>[\/et_pb_text][\/et_pb_column][\/et_pb_row][\/et_pb_section]<\/p>\n","protected":false},"excerpt":{"rendered":"<p>Ley 7168 Residuos Patog\u00e9nicos y Farmac\u00e9uticos Decreto reglamentario 2108\/05 Residuos Patog\u00e9nicos y Farmac\u00e9uticos Decreto 212\/10 Resoluci\u00f3n 1940\/24 Clasificaci\u00f3n y sub-clasificaci\u00f3n de prestadores de servicios de salud \/ tipo de sanci\u00f3n Modificaci\u00f3n-ANEXO-II-RESO.-1940-24 Res.-1190-25_Clasificaci\u00f3n-y-Subclasificaci\u00f3n-Establecimientos-Generadores Residuos-Patog\u00e9nicos-Y-O-Farmac\u00e9uticos<\/p>\n","protected":false},"author":18,"featured_media":0,"parent":0,"menu_order":0,"comment_status":"closed","ping_status":"closed","template":"","meta":{"_et_pb_use_builder":"on","_et_pb_old_content":"","_et_gb_content_width":"","footnotes":""},"class_list":["post-2814","page","type-page","status-publish","hentry"],"_links":{"self":[{"href":"https:\/\/informacionoficial.mendoza.gob.ar\/saludydeportes\/wp-json\/wp\/v2\/pages\/2814","targetHints":{"allow":["GET"]}}],"collection":[{"href":"https:\/\/informacionoficial.mendoza.gob.ar\/saludydeportes\/wp-json\/wp\/v2\/pages"}],"about":[{"href":"https:\/\/informacionoficial.mendoza.gob.ar\/saludydeportes\/wp-json\/wp\/v2\/types\/page"}],"author":[{"embeddable":true,"href":"https:\/\/informacionoficial.mendoza.gob.ar\/saludydeportes\/wp-json\/wp\/v2\/users\/18"}],"replies":[{"embeddable":true,"href":"https:\/\/informacionoficial.mendoza.gob.ar\/saludydeportes\/wp-json\/wp\/v2\/comments?post=2814"}],"version-history":[{"count":3,"href":"https:\/\/informacionoficial.mendoza.gob.ar\/saludydeportes\/wp-json\/wp\/v2\/pages\/2814\/revisions"}],"predecessor-version":[{"id":2965,"href":"https:\/\/informacionoficial.mendoza.gob.ar\/saludydeportes\/wp-json\/wp\/v2\/pages\/2814\/revisions\/2965"}],"wp:attachment":[{"href":"https:\/\/informacionoficial.mendoza.gob.ar\/saludydeportes\/wp-json\/wp\/v2\/media?parent=2814"}],"curies":[{"name":"wp","href":"https:\/\/api.w.org\/{rel}","templated":true}]}}