{"id":2926,"date":"2025-07-29T11:35:51","date_gmt":"2025-07-29T14:35:51","guid":{"rendered":"https:\/\/informacionoficial.mendoza.gob.ar\/saludydeportes\/?page_id=2926"},"modified":"2026-01-19T10:36:04","modified_gmt":"2026-01-19T13:36:04","slug":"direccion-de-prevencion-y-promocion-de-la-salud","status":"publish","type":"page","link":"https:\/\/informacionoficial.mendoza.gob.ar\/saludydeportes\/direccion-de-prevencion-y-promocion-de-la-salud\/","title":{"rendered":"Direcci\u00f3n de Prevenci\u00f3n y Promoci\u00f3n de la Salud"},"content":{"rendered":"<p>[et_pb_section fb_built=\u00bb1&#8243; _builder_version=\u00bb4.27.4&#8243; _module_preset=\u00bbdefault\u00bb background_color=\u00bb#FFFFFF\u00bb height=\u00bb100%\u00bb custom_margin=\u00bb0px|0px|0px|0px|false|false\u00bb custom_padding=\u00bb0px|0px|0px|0px|false|false\u00bb border_color_bottom=\u00bb#C8A977&#8243; global_colors_info=\u00bb{}\u00bb][et_pb_row _builder_version=\u00bb4.27.4&#8243; _module_preset=\u00bbdefault\u00bb max_width=\u00bb100%\u00bb height=\u00bb100%\u00bb custom_margin=\u00bb1rem|auto|1rem|auto|true|false\u00bb custom_padding=\u00bb1rem||1rem||true|false\u00bb global_colors_info=\u00bb{}\u00bb][et_pb_column type=\u00bb4_4&#8243; _builder_version=\u00bb4.27.2&#8243; _module_preset=\u00bbdefault\u00bb global_colors_info=\u00bb{}\u00bb][et_pb_heading title=\u00bbDirecci\u00f3n de Prevenci\u00f3n y Promoci\u00f3n de la Salud\u00bb _builder_version=\u00bb4.27.4&#8243; _module_preset=\u00bbdefault\u00bb title_font=\u00bb&#8211;et_global_heading_font||||||||\u00bb title_text_color=\u00bb#000F9F\u00bb custom_margin=\u00bb0px|0px|0px|0px|false|false\u00bb custom_padding=\u00bb1rem||1rem||true|false\u00bb global_colors_info=\u00bb{}\u00bb][\/et_pb_heading][et_pb_text _builder_version=\u00bb4.27.4&#8243; _module_preset=\u00bbdefault\u00bb text_font=\u00bb&#8211;et_global_heading_font||||||||\u00bb text_text_color=\u00bb#000000&#8243; text_font_size=\u00bb20px\u00bb header_font=\u00bb&#8211;et_global_heading_font||||||||\u00bb custom_margin=\u00bb0px|0px|0px|0px|false|false\u00bb custom_padding=\u00bb1rem||1rem||true|false\u00bb global_colors_info=\u00bb{}\u00bb]<\/p>\n<p>Lic. Yanina Mazzaresi<br \/><strong>Directora<\/strong><br \/>Coronel Rodr\u00edguez 1209, Mendoza -CP 5500 .<br \/>Tel. 4202148<br \/>Correo: preventivosmendoza@mendoza.gov.ar<\/p>\n<p>[\/et_pb_text][\/et_pb_column][\/et_pb_row][et_pb_row _builder_version=\u00bb4.27.4&#8243; _module_preset=\u00bbdefault\u00bb custom_margin=\u00bb20px||20px||false|false\u00bb custom_margin_tablet=\u00bb20px||10px||false|false\u00bb custom_margin_phone=\u00bb20px||10px||false|false\u00bb custom_margin_last_edited=\u00bbon|desktop\u00bb custom_padding=\u00bb0px|0px|0px|0px|true|true\u00bb border_radii=\u00bbon|12px|12px|12px|12px\u00bb border_width_all=\u00bb2px\u00bb border_color_all=\u00bb#C8A977&#8243; global_colors_info=\u00bb{}\u00bb][et_pb_column type=\u00bb4_4&#8243; _builder_version=\u00bb4.27.2&#8243; _module_preset=\u00bbdefault\u00bb global_colors_info=\u00bb{}\u00bb][et_pb_toggle title=\u00bbMisi\u00f3n\u00bb open_toggle_text_color=\u00bb#C8A977&#8243; open_toggle_background_color=\u00bbRGBA(255,255,255,0)\u00bb closed_toggle_text_color=\u00bb#C8A977&#8243; closed_toggle_background_color=\u00bbRGBA(255,255,255,0)\u00bb icon_color=\u00bb#C8A977&#8243; toggle_icon=\u00bb&#xe050;||divi||400&#8243; open_icon_color=\u00bb#C8A977&#8243; open_toggle_icon=\u00bb&#x21;||divi||400&#8243; admin_label=\u00bbConmutador\u00bb _builder_version=\u00bb4.27.4&#8243; _module_preset=\u00bbdefault\u00bb title_text_color=\u00bb#C8A977&#8243; title_font=\u00bb&#8211;et_global_heading_font||||||||\u00bb body_font=\u00bb&#8211;et_global_body_font||||||||\u00bb body_text_color=\u00bb#02000A\u00bb background_color=\u00bb#C8A977&#8243; custom_padding=\u00bb||20px|||\u00bb border_width_all=\u00bb2px\u00bb border_color_all=\u00bb#C8A977&#8243; border_style_all=\u00bbnone\u00bb global_colors_info=\u00bb{}\u00bb]<\/p>\n<p>Dirigir y supervisar las actividades relativas a la prevenci\u00f3n de las enfermedades de los ciudadanos, fomentando la salud a trav\u00e9s de programas preventivos y de promoci\u00f3n de \u00e1mbito estatal.<\/p>\n<p>Supervisar y ejecutar las operaciones concernientes a la aplicaci\u00f3n de pol\u00edticas p\u00fablicas dirigidas a proteger la salud de las infancias conforme a los lineamientos establecidos por el Ministerio de Salud y Deportes y los convenios internacionales, dando cumplimiento a la normativa legal vigente.<\/p>\n<p>[\/et_pb_toggle][\/et_pb_column][\/et_pb_row][et_pb_row _builder_version=\u00bb4.27.4&#8243; _module_preset=\u00bbdefault\u00bb custom_margin=\u00bb20px||20px||false|false\u00bb custom_margin_tablet=\u00bb20px||10px||false|false\u00bb custom_margin_phone=\u00bb20px||10px||false|false\u00bb custom_margin_last_edited=\u00bbon|desktop\u00bb custom_padding=\u00bb0px|0px|0px|0px|true|true\u00bb border_radii=\u00bbon|12px|12px|12px|12px\u00bb border_width_all=\u00bb2px\u00bb border_color_all=\u00bb#C8A977&#8243; global_colors_info=\u00bb{}\u00bb][et_pb_column type=\u00bb4_4&#8243; _builder_version=\u00bb4.27.2&#8243; _module_preset=\u00bbdefault\u00bb global_colors_info=\u00bb{}\u00bb][et_pb_toggle title=\u00bbFunciones\u00bb open_toggle_text_color=\u00bb#C8A977&#8243; open_toggle_background_color=\u00bbRGBA(255,255,255,0)\u00bb closed_toggle_text_color=\u00bb#C8A977&#8243; closed_toggle_background_color=\u00bbRGBA(255,255,255,0)\u00bb icon_color=\u00bb#C8A977&#8243; toggle_icon=\u00bb&#xe050;||divi||400&#8243; open_icon_color=\u00bb#C8A977&#8243; open_toggle_icon=\u00bb&#x21;||divi||400&#8243; admin_label=\u00bbConmutador\u00bb _builder_version=\u00bb4.27.4&#8243; _module_preset=\u00bbdefault\u00bb title_text_color=\u00bb#C8A977&#8243; title_font=\u00bb&#8211;et_global_heading_font|600|||||||\u00bb body_font=\u00bb&#8211;et_global_body_font||||||||\u00bb body_text_color=\u00bb#02000A\u00bb background_color=\u00bb#C8A977&#8243; custom_padding=\u00bb||20px|||\u00bb border_width_all=\u00bb2px\u00bb border_color_all=\u00bb#C8A977&#8243; border_style_all=\u00bbnone\u00bb global_colors_info=\u00bb{}\u00bb]<\/p>\n<ul>\n<li>Planificar y supervisar las acciones y estrategias para la promoci\u00f3n de la salud y la prevenci\u00f3n de enfermedades en la Provincia de Mendoza.<\/li>\n<li>Identificar, proponer y\/o desarrollar procesos de mejora continua.<\/li>\n<li>Liderar e impulsar que los equipos a su cargo se ajusten a los criterios y procesos establecidos.<\/li>\n<li>Realizar la gesti\u00f3n de insumos y recursos necesarios para alcanzar los objetivos establecidos.<\/li>\n<li>Ejecutar acciones destinadas a la prevenci\u00f3n de enfermedades y a la promoci\u00f3n de la salud en funci\u00f3n de los lineamientos establecidos en el Plan de Salud de la Provincia.<\/li>\n<li>Fortalecer los procesos de atenci\u00f3n en salud y servicios asistenciales a trav\u00e9s de la ejecuci\u00f3n del Plan Provincial de Tele-Salud.<\/li>\n<li>Establecer protocolos, procedimientos y gu\u00edas de pr\u00e1ctica cl\u00ednica estandarizadas, en funci\u00f3n de evidencia cient\u00edfica actualizada, para diagn\u00f3sticos y tratamientos de patolog\u00edas prevalentes espec\u00edficas.<\/li>\n<li>Capacitar y articular capacitaciones a los profesionales de la salud y a la comunidad en general.<\/li>\n<li>Establecer indicadores de gesti\u00f3n, evaluar y dar seguimientos a los mismos.<\/li>\n<li>Realizar el seguimiento y evaluaci\u00f3n de los programas de prevenci\u00f3n y promoci\u00f3n de la salud a cargo de la Direcci\u00f3n.<\/li>\n<li>Articular y coordinar acciones interministeriales e intersectoriales con el objetivo de mejorar los procesos destinados a la prevenci\u00f3n de enfermedades prevalentes y a la promoci\u00f3n de la salud de los habitantes de la Provincia de Mendoza.<\/li>\n<li>Articular acciones con los efectores de salud de los distintos niveles de atenci\u00f3n en pos de fortalecer la red de asistencia sanitaria para la poblaci\u00f3n objetivo, con el fin de optimizar recursos y brindar atenci\u00f3n de calidad y centrada en la comunidad.<\/li>\n<li>Identificar indicadores de procesos y resultados para evaluar y mejorar la salud de la poblaci\u00f3n objetivo.<\/li>\n<li>Facilitar la participaci\u00f3n de la comunidad organizada, en el cuidado de la salud y la protecci\u00f3n de los derechos.<\/li>\n<li>Coordinar y articular los programas nacionales y provinciales de prevenci\u00f3n y promoci\u00f3n de la salud.<\/li>\n<\/ul>\n<p>[\/et_pb_toggle][\/et_pb_column][\/et_pb_row][et_pb_row _builder_version=\u00bb4.27.4&#8243; _module_preset=\u00bbdefault\u00bb max_width=\u00bb100%\u00bb height=\u00bb100%\u00bb custom_margin=\u00bb0px||0px||false|false\u00bb custom_padding=\u00bb1rem|0px|1rem|0px|true|false\u00bb global_colors_info=\u00bb{}\u00bb][et_pb_column type=\u00bb4_4&#8243; _builder_version=\u00bb4.27.4&#8243; _module_preset=\u00bbdefault\u00bb global_colors_info=\u00bb{}\u00bb][et_pb_text _builder_version=\u00bb4.27.4&#8243; _module_preset=\u00bbdefault\u00bb text_font=\u00bb&#8211;et_global_heading_font|600|||||||\u00bb text_text_color=\u00bb#3CB4E5&#8243; text_font_size=\u00bb25px\u00bb header_3_font_size=\u00bb75px\u00bb text_orientation=\u00bbcenter\u00bb global_colors_info=\u00bb{}\u00bb]<\/p>\n<p>Dependencias<\/p>\n<p>[\/et_pb_text][\/et_pb_column][\/et_pb_row][et_pb_row column_structure=\u00bb1_2,1_2&#8243; _builder_version=\u00bb4.27.4&#8243; _module_preset=\u00bbdefault\u00bb global_colors_info=\u00bb{}\u00bb][et_pb_column type=\u00bb1_2&#8243; _builder_version=\u00bb4.27.4&#8243; _module_preset=\u00bbdefault\u00bb global_colors_info=\u00bb{}\u00bb][et_pb_blurb title=\u00bbUnidad de enfermedades no transmisibles\u00bb use_icon=\u00bbon\u00bb font_icon=\u00bb&#xe05c;||fa||900&#8243; icon_placement=\u00bbleft\u00bb content_max_width=\u00bb100%\u00bb _builder_version=\u00bb4.27.4&#8243; _module_preset=\u00bbdefault\u00bb header_font=\u00bb&#8211;et_global_heading_font||||||||\u00bb header_text_color=\u00bb#000F9F\u00bb header_font_size=\u00bb20px\u00bb body_font=\u00bb&#8211;et_global_body_font||||||||\u00bb width=\u00bb100%\u00bb max_width=\u00bb100%\u00bb height=\u00bb100%\u00bb custom_margin=\u00bb0px|0px|0px|0px|false|false\u00bb custom_padding=\u00bb1rem|1rem|1rem|1rem|true|true\u00bb hover_enabled=\u00bb0&#8243; border_radii=\u00bbon|15px|15px|15px|15px\u00bb box_shadow_style=\u00bbpreset1&#8243; global_colors_info=\u00bb{}\u00bb sticky_enabled=\u00bb0&#8243;]<\/p>\n<p>Para mas informaci\u00f3n <a href=\"https:\/\/informacionoficial.mendoza.gob.ar\/saludydeportes\/unidad-de-enfermedades-cronicas-no-transmisibles\/\">ingres\u00e1 aqu\u00ed<\/a><\/p>\n<p>[\/et_pb_blurb][\/et_pb_column][et_pb_column type=\u00bb1_2&#8243; _builder_version=\u00bb4.27.4&#8243; _module_preset=\u00bbdefault\u00bb global_colors_info=\u00bb{}\u00bb][et_pb_blurb title=\u00bbUnidad de enfermedades transmisibles\u00bb use_icon=\u00bbon\u00bb font_icon=\u00bb&#xe05c;||fa||900&#8243; icon_placement=\u00bbleft\u00bb content_max_width=\u00bb100%\u00bb _builder_version=\u00bb4.27.4&#8243; _module_preset=\u00bbdefault\u00bb header_font=\u00bb&#8211;et_global_heading_font||||||||\u00bb header_text_color=\u00bb#000F9F\u00bb header_font_size=\u00bb20px\u00bb body_font=\u00bb&#8211;et_global_body_font||||||||\u00bb width=\u00bb100%\u00bb max_width=\u00bb100%\u00bb height=\u00bb100%\u00bb custom_margin=\u00bb0px|0px|0px|0px|false|false\u00bb custom_padding=\u00bb1rem|1rem|1rem|1rem|true|true\u00bb border_radii=\u00bbon|15px|15px|15px|15px\u00bb box_shadow_style=\u00bbpreset1&#8243; global_colors_info=\u00bb{}\u00bb]<\/p>\n<p>Para mas informaci\u00f3n <a href=\"https:\/\/informacionoficial.mendoza.gob.ar\/saludydeportes\/unidad-de-enfermedades-cronicas-transmisibles\/\">ingres\u00e1 aqu\u00ed<\/a><\/p>\n<p>[\/et_pb_blurb][\/et_pb_column][\/et_pb_row][et_pb_row column_structure=\u00bb1_2,1_2&#8243; _builder_version=\u00bb4.27.4&#8243; _module_preset=\u00bbdefault\u00bb global_colors_info=\u00bb{}\u00bb][et_pb_column type=\u00bb1_2&#8243; _builder_version=\u00bb4.27.4&#8243; _module_preset=\u00bbdefault\u00bb global_colors_info=\u00bb{}\u00bb][et_pb_blurb title=\u00bbDepartamento de educaci\u00f3n para la salud\u00bb use_icon=\u00bbon\u00bb font_icon=\u00bb&#xf7e6;||fa||900&#8243; icon_placement=\u00bbleft\u00bb content_max_width=\u00bb100%\u00bb _builder_version=\u00bb4.27.4&#8243; _module_preset=\u00bbdefault\u00bb header_font=\u00bb&#8211;et_global_heading_font||||||||\u00bb header_text_color=\u00bb#000F9F\u00bb header_font_size=\u00bb20px\u00bb body_font=\u00bb&#8211;et_global_body_font||||||||\u00bb width=\u00bb100%\u00bb max_width=\u00bb100%\u00bb height=\u00bb100%\u00bb custom_margin=\u00bb0px|0px|0px|0px|false|false\u00bb custom_padding=\u00bb1rem|1rem|1rem|1rem|true|true\u00bb border_radii=\u00bbon|15px|15px|15px|15px\u00bb box_shadow_style=\u00bbpreset1&#8243; global_colors_info=\u00bb{}\u00bb]<\/p>\n<p>Para mas informaci\u00f3n <a href=\"https:\/\/informacionoficial.mendoza.gob.ar\/saludydeportes\/departamento-de-educacion-para-la-salud\/\">ingres\u00e1 aqu\u00ed<\/a><\/p>\n<p>[\/et_pb_blurb][\/et_pb_column][et_pb_column type=\u00bb1_2&#8243; _builder_version=\u00bb4.27.4&#8243; _module_preset=\u00bbdefault\u00bb global_colors_info=\u00bb{}\u00bb][et_pb_blurb title=\u00bbDepartamento de Enfermedades Zoon\u00f3ticas y Vectoriales\u00bb use_icon=\u00bbon\u00bb font_icon=\u00bb&#xf1b0;||fa||900&#8243; icon_placement=\u00bbleft\u00bb content_max_width=\u00bb100%\u00bb _builder_version=\u00bb4.27.4&#8243; _module_preset=\u00bbdefault\u00bb header_font=\u00bb&#8211;et_global_heading_font||||||||\u00bb header_text_color=\u00bb#000F9F\u00bb header_font_size=\u00bb20px\u00bb body_font=\u00bb&#8211;et_global_body_font||||||||\u00bb width=\u00bb100%\u00bb max_width=\u00bb100%\u00bb height=\u00bb100%\u00bb custom_margin=\u00bb0px|0px|0px|0px|false|false\u00bb custom_padding=\u00bb1rem|1rem|1rem|1rem|true|true\u00bb border_radii=\u00bbon|15px|15px|15px|15px\u00bb box_shadow_style=\u00bbpreset1&#8243; global_colors_info=\u00bb{}\u00bb]<\/p>\n<p>Para mas informaci\u00f3n <a href=\"https:\/\/informacionoficial.mendoza.gob.ar\/saludydeportes\/departamento-de-enfermedades-zoonoticas-y-vectoriales\/\">ingres\u00e1 aqu\u00ed<\/a><\/p>\n<p>[\/et_pb_blurb][\/et_pb_column][\/et_pb_row][et_pb_row column_structure=\u00bb1_2,1_2&#8243; _builder_version=\u00bb4.27.4&#8243; _module_preset=\u00bbdefault\u00bb global_colors_info=\u00bb{}\u00bb][et_pb_column type=\u00bb1_2&#8243; _builder_version=\u00bb4.27.4&#8243; _module_preset=\u00bbdefault\u00bb global_colors_info=\u00bb{}\u00bb][et_pb_blurb title=\u00bbPrograma Provincial de Salud Integral en Adolescencia\u00bb use_icon=\u00bbon\u00bb font_icon=\u00bb&#xf1ae;||fa||900&#8243; icon_placement=\u00bbleft\u00bb content_max_width=\u00bb100%\u00bb _builder_version=\u00bb4.27.4&#8243; _module_preset=\u00bbdefault\u00bb header_font=\u00bb&#8211;et_global_heading_font||||||||\u00bb header_text_color=\u00bb#000F9F\u00bb header_font_size=\u00bb20px\u00bb body_font=\u00bb&#8211;et_global_body_font||||||||\u00bb width=\u00bb100%\u00bb max_width=\u00bb100%\u00bb height=\u00bb100%\u00bb custom_margin=\u00bb0px|0px|0px|0px|false|false\u00bb custom_padding=\u00bb1rem|1rem|1rem|1rem|true|true\u00bb border_radii=\u00bbon|15px|15px|15px|15px\u00bb box_shadow_style=\u00bbpreset1&#8243; global_colors_info=\u00bb{}\u00bb]<\/p>\n<p>Para mas informaci\u00f3n <a href=\"https:\/\/informacionoficial.mendoza.gob.ar\/saludydeportes\/programa-provincial-de-salud-integral-en-adolescencia\/\">ingres\u00e1 aqu\u00ed<\/a><\/p>\n<p>[\/et_pb_blurb][\/et_pb_column][et_pb_column type=\u00bb1_2&#8243; _builder_version=\u00bb4.27.4&#8243; _module_preset=\u00bbdefault\u00bb global_colors_info=\u00bb{}\u00bb][et_pb_blurb title=\u00bbPrograma Sumar\u00bb use_icon=\u00bbon\u00bb font_icon=\u00bb&#xf234;||fa||900&#8243; icon_placement=\u00bbleft\u00bb content_max_width=\u00bb100%\u00bb _builder_version=\u00bb4.27.4&#8243; _module_preset=\u00bbdefault\u00bb header_font=\u00bb&#8211;et_global_heading_font||||||||\u00bb header_text_color=\u00bb#000F9F\u00bb header_font_size=\u00bb20px\u00bb body_font=\u00bb&#8211;et_global_body_font||||||||\u00bb width=\u00bb100%\u00bb max_width=\u00bb100%\u00bb height=\u00bb100%\u00bb custom_margin=\u00bb0px|0px|0px|0px|false|false\u00bb custom_padding=\u00bb1rem|1rem|1rem|1rem|true|true\u00bb border_radii=\u00bbon|15px|15px|15px|15px\u00bb box_shadow_style=\u00bbpreset1&#8243; global_colors_info=\u00bb{}\u00bb]<\/p>\n<p>Para mas informaci\u00f3n ingres\u00e1 aqu\u00ed<\/p>\n<p>[\/et_pb_blurb][\/et_pb_column][\/et_pb_row][et_pb_row _builder_version=\u00bb4.27.4&#8243; _module_preset=\u00bbdefault\u00bb max_width=\u00bb100%\u00bb height=\u00bb100%\u00bb custom_margin=\u00bb0px||0px||false|false\u00bb custom_padding=\u00bb1rem|0px|1rem|0px|true|false\u00bb global_colors_info=\u00bb{}\u00bb][et_pb_column type=\u00bb4_4&#8243; _builder_version=\u00bb4.27.4&#8243; _module_preset=\u00bbdefault\u00bb global_colors_info=\u00bb{}\u00bb][et_pb_text _builder_version=\u00bb4.27.4&#8243; _module_preset=\u00bbdefault\u00bb text_font=\u00bb&#8211;et_global_heading_font|600|||||||\u00bb text_text_color=\u00bb#3CB4E5&#8243; text_font_size=\u00bb25px\u00bb header_3_font_size=\u00bb75px\u00bb text_orientation=\u00bbcenter\u00bb global_colors_info=\u00bb{}\u00bb]<\/p>\n<p>Informaci\u00f3n<\/p>\n<p>[\/et_pb_text][\/et_pb_column][\/et_pb_row][et_pb_row _builder_version=\u00bb4.27.4&#8243; _module_preset=\u00bbdefault\u00bb background_color=\u00bb#FFFFFF\u00bb custom_margin=\u00bb20px||20px||false|false\u00bb custom_margin_tablet=\u00bb20px||10px||false|false\u00bb custom_margin_phone=\u00bb20px||10px||false|false\u00bb custom_margin_last_edited=\u00bbon|desktop\u00bb custom_padding=\u00bb0px|0px|0px|0px|true|true\u00bb border_radii=\u00bbon|12px|12px|12px|12px\u00bb border_width_all=\u00bb2px\u00bb border_color_all=\u00bb#000F9F\u00bb global_colors_info=\u00bb{}\u00bb][et_pb_column type=\u00bb4_4&#8243; _builder_version=\u00bb4.27.2&#8243; _module_preset=\u00bbdefault\u00bb global_colors_info=\u00bb{}\u00bb][et_pb_toggle title=\u00bbInformaci\u00f3n para equipos de salud\u00bb open_toggle_text_color=\u00bb#000F9F\u00bb open_toggle_background_color=\u00bb#FFFFFF\u00bb closed_toggle_text_color=\u00bb#000F9F\u00bb closed_toggle_background_color=\u00bb#FFFFFF\u00bb icon_color=\u00bb#000F9F\u00bb toggle_icon=\u00bb&#xe050;||divi||400&#8243; open_icon_color=\u00bb#C8A977&#8243; open_toggle_icon=\u00bb&#x21;||divi||400&#8243; admin_label=\u00bbConmutador\u00bb _builder_version=\u00bb4.27.4&#8243; _module_preset=\u00bbdefault\u00bb title_text_color=\u00bb#000F9F\u00bb title_level=\u00bbh4&#8243; title_font=\u00bb&#8211;et_global_heading_font||||||||\u00bb closed_title_font=\u00bb&#8211;et_global_heading_font||||||||\u00bb body_font=\u00bb&#8211;et_global_body_font||||||||\u00bb body_text_color=\u00bb#02000A\u00bb body_font_size=\u00bb17px\u00bb background_color=\u00bb#FFFFFF\u00bb custom_padding=\u00bb||20px|||\u00bb border_width_all=\u00bb2px\u00bb border_color_all=\u00bb#000F9F\u00bb border_style_all=\u00bbnone\u00bb global_colors_info=\u00bb{}\u00bb]<\/p>\n<ul>\n<li><a href=\"https:\/\/informacionoficial.mendoza.gob.ar\/saludydeportes\/guias-de-practica-clinica\/\">V\u00edas Cl\u00ednicas<\/a><\/li>\n<\/ul>\n<p>[\/et_pb_toggle][\/et_pb_column][\/et_pb_row][\/et_pb_section]<\/p>\n","protected":false},"excerpt":{"rendered":"<p>Lic. Yanina MazzaresiDirectoraCoronel Rodr\u00edguez 1209, Mendoza -CP 5500 .Tel. 4202148Correo: preventivosmendoza@mendoza.gov.arDirigir y supervisar las actividades relativas a la prevenci\u00f3n de las enfermedades de los ciudadanos, fomentando la salud a trav\u00e9s de programas preventivos y de promoci\u00f3n de \u00e1mbito estatal. Supervisar y ejecutar las operaciones concernientes a la aplicaci\u00f3n de pol\u00edticas p\u00fablicas dirigidas a proteger la [&hellip;]<\/p>\n","protected":false},"author":18,"featured_media":0,"parent":0,"menu_order":0,"comment_status":"closed","ping_status":"closed","template":"","meta":{"_et_pb_use_builder":"on","_et_pb_old_content":"","_et_gb_content_width":"","footnotes":""},"class_list":["post-2926","page","type-page","status-publish","hentry"],"_links":{"self":[{"href":"https:\/\/informacionoficial.mendoza.gob.ar\/saludydeportes\/wp-json\/wp\/v2\/pages\/2926","targetHints":{"allow":["GET"]}}],"collection":[{"href":"https:\/\/informacionoficial.mendoza.gob.ar\/saludydeportes\/wp-json\/wp\/v2\/pages"}],"about":[{"href":"https:\/\/informacionoficial.mendoza.gob.ar\/saludydeportes\/wp-json\/wp\/v2\/types\/page"}],"author":[{"embeddable":true,"href":"https:\/\/informacionoficial.mendoza.gob.ar\/saludydeportes\/wp-json\/wp\/v2\/users\/18"}],"replies":[{"embeddable":true,"href":"https:\/\/informacionoficial.mendoza.gob.ar\/saludydeportes\/wp-json\/wp\/v2\/comments?post=2926"}],"version-history":[{"count":21,"href":"https:\/\/informacionoficial.mendoza.gob.ar\/saludydeportes\/wp-json\/wp\/v2\/pages\/2926\/revisions"}],"predecessor-version":[{"id":6121,"href":"https:\/\/informacionoficial.mendoza.gob.ar\/saludydeportes\/wp-json\/wp\/v2\/pages\/2926\/revisions\/6121"}],"wp:attachment":[{"href":"https:\/\/informacionoficial.mendoza.gob.ar\/saludydeportes\/wp-json\/wp\/v2\/media?parent=2926"}],"curies":[{"name":"wp","href":"https:\/\/api.w.org\/{rel}","templated":true}]}}