{"id":3022,"date":"2025-07-29T15:54:07","date_gmt":"2025-07-29T18:54:07","guid":{"rendered":"https:\/\/informacionoficial.mendoza.gob.ar\/saludydeportes\/?page_id=3022"},"modified":"2026-04-06T11:58:58","modified_gmt":"2026-04-06T14:58:58","slug":"certificaciones-discapacidad","status":"publish","type":"page","link":"https:\/\/informacionoficial.mendoza.gob.ar\/saludydeportes\/certificaciones-discapacidad\/","title":{"rendered":"Certificaciones &#8211; Discapacidad"},"content":{"rendered":"<p>[et_pb_section fb_built=\u00bb1&#8243; _builder_version=\u00bb4.27.4&#8243; _module_preset=\u00bbdefault\u00bb background_color=\u00bb#FFFFFF\u00bb background_enable_image=\u00bboff\u00bb background_size=\u00bbcontain\u00bb background_enable_video_mp4=\u00bboff\u00bb background_video_width=\u00bb100%\u00bb background_video_height=\u00bb100%\u00bb module_alignment=\u00bbcenter\u00bb min_height=\u00bb397px\u00bb custom_margin=\u00bb0px|0px|0px|0px|false|false\u00bb custom_padding=\u00bb0px|0px|0px|0px|false|false\u00bb locked=\u00bboff\u00bb global_colors_info=\u00bb{}\u00bb][et_pb_row _builder_version=\u00bb4.27.4&#8243; _module_preset=\u00bbdefault\u00bb custom_margin=\u00bb0px||0px||false|false\u00bb custom_padding=\u00bb1rem||1rem||true|false\u00bb global_colors_info=\u00bb{}\u00bb][et_pb_column type=\u00bb4_4&#8243; _builder_version=\u00bb4.27.4&#8243; _module_preset=\u00bbdefault\u00bb global_colors_info=\u00bb{}\u00bb][et_pb_heading title=\u00bbCertificaciones\u00bb _builder_version=\u00bb4.27.4&#8243; _module_preset=\u00bbdefault\u00bb title_text_color=\u00bb#000F9F\u00bb hover_enabled=\u00bb0&#8243; global_colors_info=\u00bb{}\u00bb title_font=\u00bb|600|||||||\u00bb sticky_enabled=\u00bb0&#8243;][\/et_pb_heading][\/et_pb_column][\/et_pb_row][et_pb_row _builder_version=\u00bb4.27.4&#8243; _module_preset=\u00bbdefault\u00bb custom_margin=\u00bb0px||0px||false|false\u00bb custom_padding=\u00bb1rem||1rem||true|false\u00bb global_colors_info=\u00bb{}\u00bb][et_pb_column type=\u00bb4_4&#8243; _builder_version=\u00bb4.27.4&#8243; _module_preset=\u00bbdefault\u00bb global_colors_info=\u00bb{}\u00bb][et_pb_heading title=\u00bbJunta Evaluadora Central\u00bb _builder_version=\u00bb4.27.4&#8243; _module_preset=\u00bbdefault\u00bb title_text_color=\u00bb#000F9F\u00bb title_font_size=\u00bb20px\u00bb hover_enabled=\u00bb0&#8243; global_colors_info=\u00bb{}\u00bb title_font=\u00bb|600|||||||\u00bb sticky_enabled=\u00bb0&#8243;][\/et_pb_heading][\/et_pb_column][\/et_pb_row][et_pb_row _builder_version=\u00bb4.27.4&#8243; _module_preset=\u00bbdefault\u00bb custom_margin=\u00bb0px||0px||false|false\u00bb custom_padding=\u00bb1rem||1rem||true|false\u00bb global_colors_info=\u00bb{}\u00bb][et_pb_column type=\u00bb4_4&#8243; _builder_version=\u00bb4.27.4&#8243; _module_preset=\u00bbdefault\u00bb global_colors_info=\u00bb{}\u00bb][et_pb_text _builder_version=\u00bb4.27.4&#8243; _module_preset=\u00bbdefault\u00bb text_font=\u00bb||||||||\u00bb text_text_color=\u00bb#000000&#8243; text_font_size=\u00bb16px\u00bb text_line_height=\u00bb1.5em\u00bb header_font=\u00bb|600|||||||\u00bb global_colors_info=\u00bb{}\u00bb]<\/p>\n<p><span style=\"color: #000000\"><strong>Direcci\u00f3n:<\/strong> Pedro Molina 565 ciudad de Mendoza. Entre 25 de Mayo y Pasaje Lemos.<\/span><br \/><strong><span style=\"color: #000000\">D\u00edas y horarios de atenci\u00f3n p\u00fablico<\/span><\/strong><br \/><span style=\"color: #000000\">Informes y entrega de turnos de lunes a viernes de 8.30 hs. A 13 hs.<\/span><br \/><span style=\"color: #000000\">Junta Evaluadora Local (Casos hospitalarios) lunes y martes de 9 hs. A 12 hs.<\/span><br \/><span style=\"color: #000000\">Junta Evaluadora Central atiende solo casos denegados por Juntas Municipales los jueves de 9 hs. A 12 hs.<\/span><br \/><span style=\"color: #000000\"><strong>Tel\u00e9fono<\/strong>: (261)4253756<\/span><br \/><span style=\"color: #000000\"><strong>Correo<\/strong>: <a href=\"mailto:certificaciones@mendoza.gov.ar\" style=\"color: #000000\">certificaciones@mendoza.gov.ar<\/a><\/span><\/p>\n<p><span style=\"color: #000000\"><strong>JUNTAS EVALUADORAS DE DISCAPACIDAD<\/strong><\/span><\/p>\n<p><strong><span style=\"color: #000000\">Ciudad<\/span><\/strong><\/p>\n<p><strong><span style=\"color: #000000\">Junta Evaluadora Municipal de Ciudad<\/span><\/strong><\/p>\n<p><span style=\"color: #000000\"><strong>Direcci\u00f3n<\/strong>: 9 de Julio 500 (Accesibilidad Inclusi\u00f3n y Derechos Humanos \u2013 4\u00ba Piso Municipalidad de Ciudad)<\/span><br \/><strong><span style=\"color: #000000\">D\u00edas y horario de atenci\u00f3n al p\u00fablico<\/span><\/strong><br \/><span style=\"color: #000000\">Informes y entrega de turnos lunes a Jueves de 8.30 hs. a 13.30 hs.<\/span><br \/><span style=\"color: #000000\">Junta Evaluadora viernes de 8 hs. a 15.30 hs.<\/span><br \/><span style=\"color: #000000\"><strong>Tel\u00e9fono:<\/strong> 2615962335<\/span><br \/><span style=\"color: #000000\"><strong>Email<\/strong>: inclusionyaccesibilidadmendoza@gmail.com<\/span><\/p>\n<p><span style=\"color: #000000\"><strong>Godoy Cruz<\/strong><\/span><\/p>\n<p><span style=\"color: #000000\"><strong>Junta Evaluadora Municipal de Godoy Cruz<\/strong><\/span><\/p>\n<p><span style=\"color: #000000\"><strong>Direcci\u00f3n: <\/strong>Joaqu\u00edn V. Gonz\u00e1lez y Cipolletti H\u00edper en el Ala Norte del Hipermercado Libertad.<\/span><br \/><strong><span style=\"color: #000000\">D\u00edas y horarios de atenci\u00f3n al p\u00fablico<\/span><\/strong><br \/><span style=\"color: #000000\">Informes y entrega de turnos lunes a viernes de 8 hs. a 14 hs.<\/span><br \/><span style=\"color: #000000\">Junta Evaluadora lunes a viernes de 9 hs. a 13 hs.<\/span><br \/><span style=\"color: #000000\"><strong>Tel\u00e9fono:<\/strong> 4429376<\/span><br \/><span style=\"color: #000000\"><strong>Email<\/strong>: discapacidadgcruz@gmail.com<\/span><\/p>\n<p><strong><span style=\"color: #000000\">Maip\u00fa<\/span><\/strong><\/p>\n<p><strong><span style=\"color: #000000\">Junta Evaluadora Municipal de Maip\u00fa<\/span><\/strong><\/p>\n<p><strong>Direcci\u00f3n<\/strong>: Padre V\u00e1zquez 586<br \/><strong>D\u00edas y horarios de atenci\u00f3n al p\u00fablico<\/strong><br \/>Informes, turnos y Junta Evaluadora) de lunes a viernes 8 hs. a 13 hs.<br \/><strong>Tel\u00e9fono<\/strong>: 4811687<br \/><strong>Email<\/strong>: discapacidadmaipu@hotmail.com<\/p>\n<p><strong><span style=\"color: #000000\">Las Heras<\/span><\/strong><\/p>\n<p><strong><span style=\"color: #000000\">Junta Evaluadora Municipal de Las Heras<\/span><\/strong><\/p>\n<p><span style=\"color: #000000\"><strong>Direcci\u00f3n:<\/strong> Patricias Mendocinas y Cacique Guaymall\u00e9n Ciudad de Las Heras.<\/span><br \/><strong><span style=\"color: #000000\">D\u00edas y horarios de atenci\u00f3n al p\u00fablico<\/span><\/strong><br \/><span style=\"color: #000000\">Informes y turnos de lunes a viernes de 8 hs. a 14 hs.<\/span><br \/><span style=\"color: #000000\">Junta Evaluadora lunes, martes, jueves y viernes de 13 hs. a 17 hs.<\/span><br \/><strong><span style=\"color: #000000\">Sin Tel\u00e9fono<\/span><\/strong><br \/><span style=\"color: #000000\"><strong>Email:<\/strong> discapacidadlh@gmail.com<\/span><\/p>\n<p><span style=\"color: #000000\"><strong>Guaymall\u00e9n<\/strong><\/span><\/p>\n<p><span style=\"color: #000000\"><strong>Junta Evaluadora Municipal de Guaymall\u00e9n<\/strong><\/span><\/p>\n<p><span style=\"color: #000000\"><strong>Direcci\u00f3n:<\/strong> Mitre y Godoy Cruz.<\/span><br \/><strong><span style=\"color: #000000\">D\u00edas y horarios de atenci\u00f3n al p\u00fablico<\/span><\/strong><br \/><span style=\"color: #000000\">Informes y entrega de turnos lunes a viernes de 8 hs. a 13 hs.<\/span><br \/><span style=\"color: #000000\">Junta Evaluadora lunes a viernes de 8 hs. a 13 hs. y martes y mi\u00e9rcoles de 14 hs. a 17 hs.<\/span><br \/><span style=\"color: #000000\"><strong>Tel\u00e9fono:<\/strong> 4498387<\/span><br \/><span style=\"color: #000000\"><strong>Email:<\/strong> discapacidadgllen@gmail.com<\/span><\/p>\n<p><strong><span class=\"fontstyle0\" style=\"color: #000000\">Luj\u00e1n de Cuyo<\/span><\/strong><\/p>\n<p><span class=\"fontstyle0\" style=\"color: #000000\"><strong>Junta Evaluadora Municipal de Luj\u00e1n de Cuyo<\/strong><br \/><\/span><\/p>\n<p><span style=\"color: #000000\"><span class=\"fontstyle0\"><strong>Direcci\u00f3n:<\/strong> calle <\/span><span class=\"fontstyle2\">Vargas y Taboada<br \/><\/span><span class=\"fontstyle0\"><strong>D\u00edas y horarios de atenci\u00f3n al p\u00fablico<\/strong><br \/><\/span><span class=\"fontstyle2\">Informes y entrega de turnos lunes a viernes 8 hs. a 13 hs.<br \/>Junta Evaluadora lunes, mi\u00e9rcoles y viernes de 14 hs. a 17 hs.<br \/><\/span><strong><span class=\"fontstyle0\">Tel\u00e9fono: <\/span><\/strong><span class=\"fontstyle2\">Fijo 5621618 o por Whatsapp 2615927666<br \/><\/span><span class=\"fontstyle0\"><strong>Email<\/strong>: <\/span><span class=\"fontstyle2\">juntadiscapacidadlujan@gmail.com<\/span><\/span><\/p>\n<p><strong><span style=\"color: #000000\">Lavalle<\/span><\/strong><\/p>\n<p><strong><span style=\"color: #000000\">Junta Evaluadora Municipal de Lavalle<\/span><\/strong><\/p>\n<p><span style=\"color: #000000\"><strong>Direcci\u00f3n:<\/strong> Remedios de Escalada y San Mart\u00edn\u00a0 en el \u00c1rea de Salud del Municipio.<\/span><br \/><strong><span style=\"color: #000000\">D\u00edas y horarios de atenci\u00f3n al p\u00fablico<\/span><\/strong><br \/><span style=\"color: #000000\">Informes y entrega de turnos lunes, martes, jueves y viernes 7.30 hs. a 13.30 hs.<\/span><br \/><span style=\"color: #000000\">Junta Evaluadora martes y mi\u00e9rcoles de 7.30 hs. a 14.30 hs.<\/span><br \/><span style=\"color: #000000\"><strong>Tel\u00e9fono:<\/strong> 2616226807<\/span><br \/><span style=\"color: #000000\"><strong>Email<\/strong> <a href=\"mailto:areadiscapacidadlavalle@gmail.com\">areadiscapacidadlavalle@gmail.com<\/a> \/ discapacidad@lavallemendoza.gob.ar<\/span><\/p>\n<p><strong><span style=\"color: #000000\">Jun\u00edn<\/span><\/strong><\/p>\n<p><strong><span style=\"color: #000000\">Junta Evaluadora Municipal de Jun\u00edn<\/span><\/strong><\/p>\n<p><span style=\"color: #000000\"><strong>Direcci\u00f3n:<\/strong> Sarmiento esquina Don Bosco<\/span><br \/><strong><span style=\"color: #000000\">D\u00edas y horarios de atenci\u00f3n al p\u00fablico<\/span><\/strong><br \/><span style=\"color: #000000\">Informes y entrega de turnos lunes a viernes de 7 hs. a 13 hs.<\/span><br \/><span style=\"color: #000000\">Junta Evaluadora jueves de 8 hs. a 13 hs.<\/span><br \/><span style=\"color: #000000\"><strong>Tel\u00e9fono:<\/strong> 2634521352<\/span><br \/><span style=\"color: #000000\"><strong>Email:<\/strong> juntajunin@juninmendoza.gov.ar<\/span><\/p>\n<p><strong><span style=\"color: #000000\">San Mart\u00edn<\/span><\/strong><\/p>\n<p><strong><span style=\"color: #000000\">Junta Evaluadora Municipal de San Mart\u00edn<\/span><\/strong><\/p>\n<p><span style=\"color: #000000\"><strong>Direcci\u00f3n:<\/strong> Almirante Brown y Espa\u00f1a<\/span><br \/><strong><span style=\"color: #000000\">D\u00edas y horarios de atenci\u00f3n al p\u00fablico<\/span><\/strong><br \/><span style=\"color: #000000\">Informes y entrega de turnos lunes a viernes de 7 hs. a 13 hs.<\/span><br \/><span style=\"color: #000000\">Junta Evaluadora lunes a viernes de 8.30 hs. a 13 hs.<\/span><br \/><span style=\"color: #000000\"><strong>Tel\u00e9fono:<\/strong> 02634431997<\/span><br \/><span style=\"color: #000000\"><strong>Email:<\/strong> discasanmartin@yahoo.com.ar<\/span><\/p>\n<p><strong><span class=\"fontstyle0\" style=\"color: #000000\">Santa Rosa<\/span><\/strong><\/p>\n<p><strong><span class=\"fontstyle0\" style=\"color: #000000\">Junta Evaluadora Municipal de Santa Rosa<\/span><\/strong><\/p>\n<p><span style=\"color: #000000\"><strong><span class=\"fontstyle0\">Direcci\u00f3n: <\/span><\/strong><span class=\"fontstyle2\">Avenida San Mart\u00edn sin n\u00famero<br \/><\/span><span class=\"fontstyle0\"><strong>D\u00edas y horarios de atenci\u00f3n al p\u00fablico<\/strong><br \/><\/span><span class=\"fontstyle2\">Informes de lunes a viernes de 7 hs. a 13 hs.<br \/>Entrega de turnos mi\u00e9rcoles de 7 hs. a 13 hs.<br \/>Junta Evaluadora jueves de 15 hs. a 19 hs.<br \/><\/span><span class=\"fontstyle0\"><strong>Tel\u00e9fono<\/strong>: <\/span><span class=\"fontstyle2\">263 4653765<br \/><\/span><strong><span class=\"fontstyle0\">Email: <\/span><\/strong><span class=\"fontstyle2\">santarosadiscapacidad@gmail.com<\/span><\/span><\/p>\n<p><strong><span style=\"color: #000000\">La Paz<\/span><\/strong><\/p>\n<p><strong><span style=\"color: #000000\">Junta Evaluadora Municipal de La Paz<\/span><\/strong><\/p>\n<p><span style=\"color: #000000\"><strong>Direcci\u00f3n:<\/strong> Avenida 25 de mayo sin n\u00famero<\/span><br \/><strong><span style=\"color: #000000\">D\u00edas y horarios de atenci\u00f3n al p\u00fablico<\/span><\/strong><br \/><span style=\"color: #000000\">Informes jueves de 18 hs. a 21.30 hs<\/span><br \/><span style=\"color: #000000\">Entrega de turnos de lunes a jueves por celular y el d\u00eda de atenci\u00f3n<\/span><br \/><span style=\"color: #000000\">Junta Evaluadora jueves de 18 hs. a 21.30 hs.<\/span><br \/><span style=\"color: #000000\"><strong>Tel\u00e9fono:<\/strong> 261 3001055<\/span><br \/><span style=\"color: #000000\"><strong>Email:<\/strong> tamiriera2002@yahoo.com.ar<\/span><\/p>\n<p><strong><span class=\"fontstyle0\" style=\"color: #000000\">Rivadavia<\/span><\/strong><\/p>\n<p><strong><span style=\"font-size: inherit;color: #000000\">Junta Evaluadora Municipal de Rivadavia<\/span><\/strong><\/p>\n<p><span style=\"color: #000000\"><strong><span class=\"fontstyle0\">Direcci\u00f3n: <\/span><\/strong><span class=\"fontstyle2\">Perito Moreno y Lavalle<br \/><\/span><span class=\"fontstyle0\"><strong>D\u00edas y horarios de atenci\u00f3n al p\u00fablico<\/strong><br \/><\/span><span class=\"fontstyle2\">Informes y entrega de turnos martes y jueves 7 hs. a 12 hs.<br \/>Junta Evaluadora lunes de 8 hs. a 13 hs y de 16 hs. a 18.30 hs. Jueves de 8 hs. a 13 hs<br \/><\/span><strong><span class=\"fontstyle0\">Tel\u00e9fono: <\/span><\/strong><span class=\"fontstyle2\">263 4343046<br \/><\/span><span class=\"fontstyle0\"><strong>Email<\/strong>: <\/span><span class=\"fontstyle2\">juntadiscapacidadrivia@gmail.com<\/span><\/span><\/p>\n<p><strong><span style=\"color: #000000\">San Carlos<\/span><\/strong><\/p>\n<p><strong><span style=\"color: #000000\">Junta Evaluadora Municipal de San Carlos<\/span><\/strong><\/p>\n<p><span style=\"color: #000000\"><strong>Direcci\u00f3n:<\/strong> Ricardo bustos 336, La Consulta, San Carlos<\/span><br \/><strong><span style=\"color: #000000\">D\u00edas y horarios de atenci\u00f3n al p\u00fablico<\/span><\/strong><br \/><span style=\"color: #000000\">Informes y entrega de turnos de lunes a viernes. 7 hs. a 13 hs<\/span><br \/><span style=\"color: #000000\">Junta Evaluadora martes de 8 hs. a 13 hs<\/span><br \/><span style=\"color: #000000\"><strong>Tel\u00e9fono:<\/strong> 2622467056<\/span><br \/><span style=\"color: #000000\"><strong>Email<\/strong>: <a href=\"mailto:sancarlosareadiscapacidad@gmail.com\">sancarlosareadiscapacidad@gmail.com<\/a><\/span><\/p>\n<p><strong><span style=\"color: #000000\">Tunuy\u00e1n<\/span><\/strong><\/p>\n<p><strong><span style=\"color: #000000\">Junta Evaluadora Municipal de Tunuy\u00e1n<\/span><\/strong><\/p>\n<p><span style=\"color: #000000\">Direcci\u00f3n La Argentina 600<\/span><br \/><strong><span style=\"color: #000000\">D\u00edas y horarios de atenci\u00f3n al p\u00fablico<\/span><\/strong><br \/><span style=\"color: #000000\">Informes y entrega de turnos lunes a viernes de 7 hs. a 13 hs.<\/span><br \/><span style=\"color: #000000\">Junta Evaluadora viernes de 10 hs. a 16 hs.<\/span><br \/><span style=\"color: #000000\"><strong>Tel\u00e9fono:<\/strong> 2612022004<\/span><br \/><span style=\"color: #000000\"><strong>Email: <\/strong><a href=\"mailto:areadediscapacidadtunuyan@gmail.com\">areadediscapacidadtunuyan@gmail.com<\/a><\/span><\/p>\n<p><strong><span style=\"color: #000000\">Tupungato<\/span><\/strong><\/p>\n<p><strong><span style=\"color: #000000\">Junta Evaluadora Municipal de Tupungato<\/span><\/strong><\/p>\n<p><span style=\"color: #000000\"><strong>Direcci\u00f3n:<\/strong> Beltr\u00e1n 43<\/span><br \/><strong><span style=\"color: #000000\">D\u00edas y horarios de atenci\u00f3n al p\u00fablico<\/span><\/strong><br \/><span style=\"color: #000000\">Informes y entrega de turnos lunes a viernes de 7 hs. a 15 hs.<\/span><br \/><span style=\"color: #000000\">Junta Evaluadora mi\u00e9rcoles de 08 hs. a 13 hs.<\/span><br \/><span style=\"color: #000000\"><strong>Tel\u00e9fono: <\/strong>2622522017<\/span><br \/><span style=\"color: #000000\"><strong>Email:<\/strong> discapacidad@tupungato.gob.ar<\/span><\/p>\n<p><strong><span style=\"color: #000000\">San Rafael<\/span><\/strong><\/p>\n<p><strong><span style=\"color: #000000\">Junta Evaluadora Municipal de San Rafael<\/span><\/strong><\/p>\n<p><span style=\"color: #000000\"><strong>Direcci\u00f3n<\/strong>: Av. Zapata y C\u00f3rdoba<\/span><br \/><strong><span style=\"color: #000000\">D\u00edas y horarios de atenci\u00f3n al p\u00fablico<\/span><\/strong><br \/><span style=\"color: #000000\">Informes y entrega de turnos lunes a viernes de 7 hs. a 13 hs.<\/span><br \/><span style=\"color: #000000\">Junta Evaluadora martes, mi\u00e9rcoles, jueves de 8 hs. a 12.30 hs<\/span><br \/><span style=\"color: #000000\"><strong>Tel\u00e9fonos<\/strong>: 2604403732 y 4420037<\/span><br \/><span style=\"color: #000000\"><strong>Email<\/strong>: coordinacionintegraldiscap@gmail.com<\/span><\/p>\n<p><strong><span class=\"fontstyle0\" style=\"color: #000000\">General Alvear<\/span><\/strong><\/p>\n<p><strong><span class=\"fontstyle0\" style=\"color: #000000\">Junta Evaluadora Municipal de General Alvear<\/span><\/strong><\/p>\n<p><span class=\"fontstyle0\" style=\"color: #000000\"><strong>Direcci\u00f3n:<\/strong> Zeballos 1200<br \/><strong>D\u00edas y horarios de atenci\u00f3n al p\u00fablico<\/strong><br \/>Informes y entrega de turnos de lunes a viernes de 7 hs. a 13 hs.<br \/>Junta Evaluadora martes de 7 hs. a 12.30 hs.<br \/><strong>Tel\u00e9fono<\/strong>: 2625\/425861<br \/><strong>Email<\/strong>: asesoriadiscapacidad@alvearmendoza.gob.ar<\/span><\/p>\n<p><strong><span style=\"color: #000000\">Malarg\u00fce<\/span><\/strong><\/p>\n<p><strong><span style=\"color: #000000\">Junta Evaluadora Municipal de Malarg\u00fce<\/span><\/strong><br \/><span style=\"color: #000000\"><strong>Direcci\u00f3n<\/strong>: Comandante Salas y Juan Corvalan<\/span><br \/><strong><span style=\"color: #000000\">D\u00edas y horarios de atenci\u00f3n al p\u00fablico<\/span><\/strong><br \/><span style=\"color: #000000\">Informes y entrega de turnos de lunes a viernes de 8 hs. a 13 hs.<\/span><br \/><span style=\"color: #000000\">Junta Evaluadora mi\u00e9rcoles y jueves de 8 hs. a 10.30 hs.<\/span><br \/><span style=\"color: #000000\"><strong>Tel\u00e9fono:<\/strong> 2604471541 Inteno 103<\/span><br \/><span style=\"color: #000000\"><strong>Email<\/strong>: oficinadiscapacidad@malargue.gov.ar<\/span><\/p>\n<p><span style=\"color: #000000\"><strong>Criterios de Inclusi\u00f3n<\/strong>:<\/span><br \/><span style=\"color: #000000\">Toda persona con alguna enfermedad con presunci\u00f3n de discapacidad que requiera el servicio de\u00a0evaluaci\u00f3n y certificaci\u00f3n.<\/span><\/p>\n<p>[\/et_pb_text][\/et_pb_column][\/et_pb_row][\/et_pb_section]<\/p>\n","protected":false},"excerpt":{"rendered":"<p>Direcci\u00f3n: Pedro Molina 565 ciudad de Mendoza. Entre 25 de Mayo y Pasaje Lemos.D\u00edas y horarios de atenci\u00f3n p\u00fablicoInformes y entrega de turnos de lunes a viernes de 8.30 hs. A 13 hs.Junta Evaluadora Local (Casos hospitalarios) lunes y martes de 9 hs. A 12 hs.Junta Evaluadora Central atiende solo casos denegados por Juntas Municipales [&hellip;]<\/p>\n","protected":false},"author":18,"featured_media":0,"parent":0,"menu_order":0,"comment_status":"closed","ping_status":"closed","template":"","meta":{"_et_pb_use_builder":"on","_et_pb_old_content":"<!-- wp:heading {\"level\":5} -->\n<h5 class=\"wp-block-heading\"><\/h5>\n<!-- \/wp:heading -->","_et_gb_content_width":"","footnotes":""},"class_list":["post-3022","page","type-page","status-publish","hentry"],"_links":{"self":[{"href":"https:\/\/informacionoficial.mendoza.gob.ar\/saludydeportes\/wp-json\/wp\/v2\/pages\/3022","targetHints":{"allow":["GET"]}}],"collection":[{"href":"https:\/\/informacionoficial.mendoza.gob.ar\/saludydeportes\/wp-json\/wp\/v2\/pages"}],"about":[{"href":"https:\/\/informacionoficial.mendoza.gob.ar\/saludydeportes\/wp-json\/wp\/v2\/types\/page"}],"author":[{"embeddable":true,"href":"https:\/\/informacionoficial.mendoza.gob.ar\/saludydeportes\/wp-json\/wp\/v2\/users\/18"}],"replies":[{"embeddable":true,"href":"https:\/\/informacionoficial.mendoza.gob.ar\/saludydeportes\/wp-json\/wp\/v2\/comments?post=3022"}],"version-history":[{"count":7,"href":"https:\/\/informacionoficial.mendoza.gob.ar\/saludydeportes\/wp-json\/wp\/v2\/pages\/3022\/revisions"}],"predecessor-version":[{"id":6960,"href":"https:\/\/informacionoficial.mendoza.gob.ar\/saludydeportes\/wp-json\/wp\/v2\/pages\/3022\/revisions\/6960"}],"wp:attachment":[{"href":"https:\/\/informacionoficial.mendoza.gob.ar\/saludydeportes\/wp-json\/wp\/v2\/media?parent=3022"}],"curies":[{"name":"wp","href":"https:\/\/api.w.org\/{rel}","templated":true}]}}