{"id":3063,"date":"2025-07-29T16:14:51","date_gmt":"2025-07-29T19:14:51","guid":{"rendered":"https:\/\/informacionoficial.mendoza.gob.ar\/saludydeportes\/?page_id=3063"},"modified":"2025-07-29T16:15:29","modified_gmt":"2025-07-29T19:15:29","slug":"programa-de-deteccion-seguimiento-y-estimulacion-precoz-de-s-e-prec-discapacidad","status":"publish","type":"page","link":"https:\/\/informacionoficial.mendoza.gob.ar\/saludydeportes\/programa-de-deteccion-seguimiento-y-estimulacion-precoz-de-s-e-prec-discapacidad\/","title":{"rendered":"PROGRAMA DE DETECCI\u00d3N, SEGUIMIENTO Y ESTIMULACI\u00d3N PRECOZ (De.S.E.Prec.) &#8211; Discapacidad"},"content":{"rendered":"<p>[et_pb_section fb_built=\u00bb1&#8243; _builder_version=\u00bb4.27.4&#8243; _module_preset=\u00bbdefault\u00bb background_color=\u00bb#FFFFFF\u00bb background_enable_image=\u00bboff\u00bb background_size=\u00bbcontain\u00bb background_enable_video_mp4=\u00bboff\u00bb background_video_width=\u00bb100%\u00bb background_video_height=\u00bb100%\u00bb module_alignment=\u00bbcenter\u00bb min_height=\u00bb397px\u00bb custom_margin=\u00bb0px|0px|0px|0px|false|false\u00bb custom_padding=\u00bb0px|0px|0px|0px|false|false\u00bb locked=\u00bboff\u00bb global_colors_info=\u00bb{}\u00bb][et_pb_row _builder_version=\u00bb4.27.4&#8243; _module_preset=\u00bbdefault\u00bb custom_margin=\u00bb0px||0px||false|false\u00bb custom_padding=\u00bb1rem||1rem||true|false\u00bb global_colors_info=\u00bb{}\u00bb][et_pb_column type=\u00bb4_4&#8243; _builder_version=\u00bb4.27.4&#8243; _module_preset=\u00bbdefault\u00bb global_colors_info=\u00bb{}\u00bb][et_pb_heading title=\u00bbPrograma de Detecci\u00f3n, Seguimiento y Estimulaci\u00f3n precoz (De.S.E.Prec.)\u00bb _builder_version=\u00bb4.27.4&#8243; _module_preset=\u00bbdefault\u00bb title_text_color=\u00bb#000F9F\u00bb hover_enabled=\u00bb0&#8243; global_colors_info=\u00bb{}\u00bb sticky_enabled=\u00bb0&#8243;][\/et_pb_heading][\/et_pb_column][\/et_pb_row][et_pb_row _builder_version=\u00bb4.27.4&#8243; _module_preset=\u00bbdefault\u00bb custom_margin=\u00bb0px||0px||false|false\u00bb custom_padding=\u00bb1rem||1rem||true|false\u00bb global_colors_info=\u00bb{}\u00bb][et_pb_column type=\u00bb4_4&#8243; _builder_version=\u00bb4.27.4&#8243; _module_preset=\u00bbdefault\u00bb global_colors_info=\u00bb{}\u00bb][et_pb_text _builder_version=\u00bb4.27.4&#8243; _module_preset=\u00bbdefault\u00bb text_font=\u00bb&#8211;et_global_body_font||||||||\u00bb text_text_color=\u00bb#000000&#8243; text_font_size=\u00bb15px\u00bb text_line_height=\u00bb1.5em\u00bb header_font=\u00bb|600|||||||\u00bb global_colors_info=\u00bb{}\u00bb]<\/p>\n<div>\n<p><strong>Problema que se plantea <span style=\"text-decoration: underline\">resolver:<\/span><\/strong><\/p>\n<p>El programa busca ayudar a ni\u00f1os y ni\u00f1as de 0 a 4 a\u00f1os que tienen riesgo de retraso en su desarrollo o que necesitan un diagn\u00f3stico temprano o intervenci\u00f3n terap\u00e9utica. Las estrategias est\u00e1n dise\u00f1adas para prevenir problemas en el desarrollo infantil, promover el cuidado y ofrecer apoyo con profesionales capacitados (equipo interdisciplinario) para dar respuestas a las necesidades de los ni\u00f1os y ni\u00f1as, y a su entorno familiar.<\/p>\n<p><strong>Servicios que brinda:<\/strong><\/p>\n<ul>\n<li><strong>Evaluaci\u00f3n diagn\u00f3stica:<\/strong> Realizamos evaluaciones para ni\u00f1os y ni\u00f1as con riesgo de retraso en su desarrollo.<\/li>\n<li><strong>Estimulaci\u00f3n temprana:<\/strong> Ofrecemos actividades espec\u00edficas y oportunas para ayudar a ni\u00f1os con posibles problemas de desarrollo.<\/li>\n<li><strong>Seguimiento y apoyo:<\/strong> Acompa\u00f1amos a las familias en el proceso de detecci\u00f3n de discapacidades.<\/li>\n<li><strong>Asesoramiento y contenci\u00f3n:<\/strong> Brindamos apoyo y orientaci\u00f3n a las familias y cuidadores.<\/li>\n<li><strong>Gesti\u00f3n intersectorial:<\/strong> Trabajamos en red con diferentes instituciones y sectores.<\/li>\n<li><strong>Capacitaci\u00f3n a profesionales:<\/strong> Ofrecemos formaci\u00f3n en t\u00e9cnicas de detecci\u00f3n y estimulaci\u00f3n temprana.<\/li>\n<li><strong>Capacitaci\u00f3n a la comunidad:<\/strong> Educamos a padres, l\u00edderes comunitarios, educadores y organizaciones sobre c\u00f3mo prevenir y tratar discapacidades y fomentar la intervenci\u00f3n temprana.<\/li>\n<\/ul>\n<p><strong>Criterios de Inclusi\u00f3n:<\/strong><\/p>\n<p>El programa est\u00e1 dirigido a ni\u00f1os y ni\u00f1as de 0 a 4 a\u00f1os y sus familias que vienen derivados por profesionales o que consultan espont\u00e1neamente y que presentan retrasos en su desarrollo o est\u00e1n en riesgo de tenerlos, ya sea a nivel psicomotor, lenguaje, vincular o ambiental.<\/p>\n<\/div>\n<p><strong>Localizaci\u00f3n<\/strong>:<\/p>\n<p>&nbsp;<\/p>\n<p><span style=\"text-decoration: underline\"><strong>Hospital Luis Lagomaggiore<\/strong><\/span><\/p>\n<p>Lic. Bistu\u00e9 Eugenia (Psicp)<br \/>Lic. Belen Patiri (T.S)<br \/>Lic. Mar\u00eda Silvana Gago (Plga)<br \/>Lic. Navia Alicia (Prof. EF)<br \/>Dra. Marcela Bunader (Flga)<\/p>\n<p>Lun, Mier, Jueves 7:30 a 13:00 hs<\/p>\n<p><strong><u>Centro de Salud N\u00ba 1 B\u00ba San Mart\u00edn<\/u><\/strong><\/p>\n<p>Lic. Venerdini Silvia (Plga)<\/p>\n<p>Jueves 12:30 a 17:30hs<\/p>\n<p><strong><u>Hospital Dr. Ram\u00f3n Carrillo<\/u><\/strong><\/p>\n<p>Lic. Matilde Boueri (Flga)<br \/>Lic. Milagros Guillot (Plga)<br \/>Lic. Bistu\u00e9 Eugenia (Psicp)<br \/>Lic. Maria Silvina Gago (Plga)<br \/>Lic. Debora Guillaume (TO)<br \/>Lic. Belen Patiri (T.S)<\/p>\n<p>Lunes \u2013 Jueves: 13:30 a 18:30<br \/>Mi\u00e9rcoles: 7:30 a 13:00<\/p>\n<p><strong><span style=\"text-decoration: underline\">Hospital Regional Diego Paroissien<\/span><\/strong><\/p>\n<p>Lic. Mattolini Cecilia (Flga)<\/p>\n<p>Martes 7:30 a 13<br \/>Mi\u00e9rcoles y Jueves de 7:30 a 12:30hs<\/p>\n<p><span style=\"text-decoration: underline\"><strong>Centro de Salud N\u00ba 60 Guti\u00e9rrez<\/strong><\/span><\/p>\n<p>Lic. Viviana Esquivel (Flga)<\/p>\n<p>Lunes de 7:00 a 13:00 Hs.<\/p>\n<p><strong><u>Centro de Salud N\u00ba 56<\/u><u> Rodeo del Medio<\/u><\/strong><\/p>\n<p>Lic. Mar\u00eda In\u00e9s Nieto (Plga)<br \/>Lic. Viviana Esquivel (Flga)<\/p>\n<p>Martes 7:30 a 13hs<\/p>\n<p><strong><u>Centro d Salud N\u00ba 5<\/u><u> Pascual Lauriente<\/u><\/strong><\/p>\n<p>Lic. Navia Alicia (Prof. \u00a0EF)<br \/>Lic. Pereyra M\u00f3nica (Flga)<\/p>\n<p>Viernes de 8:00 a 13:00hs<br \/>Martes de 8:00 a 13:00hs.<\/p>\n<p><strong><u>Centro de Salud N\u00ba 15<\/u><u> Ej\u00e9rcito de los Andes<\/u><\/strong><\/p>\n<p>Lic. Pereyra M\u00f3nica (Flga)<br \/>Lic. Navia Alicia(Prof.EF)<br \/>Lic. Bistu\u00e9 Eugenia (Psicp)<br \/>Lic. Mar\u00eda Silvana Gago (Plga)<\/p>\n<p>Jueves y Viernes de 8:00 a 13:00 hs<br \/>Martes de 8:00 a 14:30 hs.<\/p>\n<p><strong><u>Centro de Salud N\u00ba 222<\/u><u> Ren\u00e9 Favaloro <\/u><\/strong><\/p>\n<p>Lic. Milagros Guillot (Plga)<br \/>Lic. Mar\u00eda Lourdes Araujo (T.S.)<br \/>Lic. D\u00e9bora Guillaume (TO)<\/p>\n<p>Viernes de 8:00 a 13:30<\/p>\n<p><strong><u>Centro de Salud N\u00ba 16<\/u><u> Villa Nueva<\/u><\/strong><\/p>\n<p>Lic. Nieto Mar\u00eda In\u00e9s (Plga)<\/p>\n<p>Mi\u00e9rcoles 13:00 a 18:00 hs.<\/p>\n<p><strong><u>Centro de Salud N\u00ba 28<\/u><u> Dr. Juan M. Navarro<\/u><\/strong><\/p>\n<p>Lic. Milagros Guillot (Plga)<br \/>Lic. Matilde Boueri (Flga)<br \/>Lic. Mar\u00eda Lourdes Araujo (T.S.)<br \/>Lic. Nieto Mar\u00eda In\u00e9s (Plga)<\/p>\n<p>Jueves 13:00 a 18:00 hs..<\/p>\n<p><span style=\"text-decoration: underline\"><strong>Centro de Salud N\u00ba 149 Dr. Ram\u00f3n Carrillo<\/strong><\/span><\/p>\n<p>Milagros Guillot (Plga)<br \/>Lic. Matilde Boueri (Flga)<br \/>Lic. Venerdini Silvia (Plga)<br \/>Lic. Mar\u00eda Lourdes Araujo (T.S.)<\/p>\n<p>Martes 7:30 a 14:30<br \/>Mi\u00e9rcoles 13:00 a 18:00 hs<\/p>\n<p><strong><u>Centro de Salud N\u00ba 204<\/u><u> B\u00ba Sarmiento<\/u><\/strong><\/p>\n<p>Lic. Matilde Boueri (Flga)<br \/>Lic. D\u00e9bora Guillaume(TO)<\/p>\n<p>Martes de 9:00 a 13:00 Hs<\/p>\n<p><strong><u>Centro de Salud N\u00ba 31 <\/u><u>David Busana<\/u><\/strong><\/p>\n<p>Lic. Mattolini Cecilia (Flga)<br \/>Lic. Nieto Mar\u00eda In\u00e9s (Plga)<\/p>\n<p>Lunes 7:30 a 13:00 hs.<\/p>\n<p><u>H<\/u><strong><span style=\"text-decoration: underline\">ospital Alfredo Italo Perrupato\u00a0<\/span><\/strong><\/p>\n<p>Lic. Aizcorbe, Celeste (Flga)<br \/>Conte Celina (Prof. \u00a0EF)<\/p>\n<p>Martes 7:00 a 13:00<br \/>Jueves de 8:00 a 13:30 hs.<\/p>\n<p><strong><u>Centro de Salud N\u00ba 50<\/u><u> Hilda Tonini <\/u><\/strong><\/p>\n<p>Olivares Marisa (Prof.EF)<\/p>\n<p>Martes 8:00 a 13:00<br \/>Mi\u00e9rcoles 13:30 a 17:30<\/p>\n<p><strong><u>Centro de Salud N\u00ba 242 Dr. Ismael Yuri<\/u><\/strong><\/p>\n<p>Lic Celeste Aizcorbe (Flga)<br \/>Olivares Marisa (Prof. EF)<\/p>\n<p>Jueves de 8:00 a 13:00hs.<\/p>\n<p><strong><u>Centro de Salud N\u00ba 082 Buen Orden<\/u><\/strong><\/p>\n<p>Conte Celina (Prof. EF)<\/p>\n<p>Martes de 8:00 a 13:00<\/p>\n<p><strong><u>Centro Integrador Comunitario N\u00ba 913 La Colonia<\/u><\/strong><\/p>\n<p>Conte, Celina (Prof. EF)<br \/>Olivares Marisa (Prof.EF)<br \/>Lic. Celeste Aizcorbe (Flga)<\/p>\n<p>Mi\u00e9rcoles 8:00 a 13:00<br \/>Viernes 8:00 a 13:30 hs<\/p>\n<p><strong><u>Hospital Arenas Raffo<\/u><\/strong><\/p>\n<p>Lic. Celeste Aizcorbe (Flga)<\/p>\n<p>Mi\u00e9rcoles 7:00 a 13:00 hs.<\/p>\n<p><u><strong>Hospital Arturo Illias<\/strong><\/u><\/p>\n<p>Lic. Andrea Funes (Flga)<br \/>Lic. Cintia Ruiz (Klga)<\/p>\n<p>Mi\u00e9rcoles y viernes. 15:00 a 20:00 hs.<\/p>\n<p><strong><u>C.I.C. 926 Barrio Boggero<\/u><\/strong><\/p>\n<p>Lic. Andrea Funes (Flga)<br \/>Lic. Cintia Ruiz (Klga)<\/p>\n<p>Lunes y jueves: 14.30 a 20:00 hs.<\/p>\n<p><strong><span style=\"text-decoration: underline\">Hospital Victorino Tagarelli<\/span><\/strong><\/p>\n<p>Lic. Lanzavechia Carolina(Flga)<br \/>Morgani Yolanda (Flga)<\/p>\n<p>Jueves de 8 a 13:30 hs<br \/>Viernes de 8 a 13hs.<\/p>\n<p><strong><u>Hospital Antonio Scaravelli<\/u><\/strong><\/p>\n<p>Lic. Martina Bonad\u00e9 (Flga)<\/p>\n<p>Lunes de 13:00 a 18:30 hs.<\/p>\n<p><strong><u>Hospital General Las Heras<\/u><\/strong><\/p>\n<p>Lic. Martina Bonad\u00e9 (Flga)<\/p>\n<p>Lunes de 13:00 a 18:30 hs.<br \/>Jueves y viernes de 8:00 a 13:30.<\/p>\n<p><u><strong>Centro de Salud N\u00ba 94 \u2013 El Algarrobo<\/strong><\/u><\/p>\n<p>Lic. Martina Bonad\u00e9 (Flga)<\/p>\n<p>Lunes de 8:00 a 12:30 Hs.<\/p>\n<p><strong><u>\u00c1rea Departamental San Rafael<\/u><\/strong><\/p>\n<p>Lic. Micaela Montoya (Plga)<\/p>\n<p>Martes de 8:00 a 14:00 Hs.<\/p>\n<p><strong><u>Centro de Salud N\u00ba 130 Salto de las Rosas<\/u><\/strong><\/p>\n<p>Lic. Micaela Montoya (Plga)<\/p>\n<p>Mi\u00e9rcoles de 8:00 a 14:00 Hs..<\/p>\n<p><strong><u>Centro de Salud N\u00ba 159 Humberto Taranto<\/u><\/strong><\/p>\n<p>Lic. Gullotta Carolina Gisel (Flga)<br \/>Lic. Mendolicchio Florencia Paula<\/p>\n<p>Lunes de 13:00 a 18:00.<\/p>\n<p><span style=\"text-decoration: underline\"><strong>Hospital Enfermeros Argentinos<\/strong><\/span><\/p>\n<p>Lic. Analia Micheli (Plga)<br \/>Lic. Rosana Arenas (Flga)<br \/>Lic. Cinthia Ben\u00edtez (TS)<\/p>\n<p>Martes de 13:00 a 19:00 hs.<br \/>Viernes de 7:00 a 13:00 hs.<\/p>\n<p><strong><u>Centro de Salud N\u00ba 121 Bowen<\/u><\/strong><\/p>\n<p>Lic. Analia Micheli (Plga)<br \/>Lic. Rosana Arenas (Flga)<br \/>Lic. Cinthia Ben\u00edtez (TS)<\/p>\n<p>Seg\u00fan demanda.<\/p>\n<p><strong><u>Hospital Malarg\u00fce<\/u><\/strong><\/p>\n<p>Lic. Emilia Lalli (Plga)<br \/>Lic. Danila Ramal (Pscp)<\/p>\n<p>Martes de 14:00 a 16:00<br \/>Mi\u00e9rcoles de 14:00 a 18:00<br \/>Viernes de 8:00 a 13:00 hs.<\/p>\n<p>[\/et_pb_text][\/et_pb_column][\/et_pb_row][\/et_pb_section]<\/p>\n","protected":false},"excerpt":{"rendered":"<p>Problema que se plantea resolver: El programa busca ayudar a ni\u00f1os y ni\u00f1as de 0 a 4 a\u00f1os que tienen riesgo de retraso en su desarrollo o que necesitan un diagn\u00f3stico temprano o intervenci\u00f3n terap\u00e9utica. Las estrategias est\u00e1n dise\u00f1adas para prevenir problemas en el desarrollo infantil, promover el cuidado y ofrecer apoyo con profesionales capacitados [&hellip;]<\/p>\n","protected":false},"author":18,"featured_media":0,"parent":0,"menu_order":0,"comment_status":"closed","ping_status":"closed","template":"","meta":{"_et_pb_use_builder":"on","_et_pb_old_content":"","_et_gb_content_width":"","footnotes":""},"class_list":["post-3063","page","type-page","status-publish","hentry"],"_links":{"self":[{"href":"https:\/\/informacionoficial.mendoza.gob.ar\/saludydeportes\/wp-json\/wp\/v2\/pages\/3063","targetHints":{"allow":["GET"]}}],"collection":[{"href":"https:\/\/informacionoficial.mendoza.gob.ar\/saludydeportes\/wp-json\/wp\/v2\/pages"}],"about":[{"href":"https:\/\/informacionoficial.mendoza.gob.ar\/saludydeportes\/wp-json\/wp\/v2\/types\/page"}],"author":[{"embeddable":true,"href":"https:\/\/informacionoficial.mendoza.gob.ar\/saludydeportes\/wp-json\/wp\/v2\/users\/18"}],"replies":[{"embeddable":true,"href":"https:\/\/informacionoficial.mendoza.gob.ar\/saludydeportes\/wp-json\/wp\/v2\/comments?post=3063"}],"version-history":[{"count":3,"href":"https:\/\/informacionoficial.mendoza.gob.ar\/saludydeportes\/wp-json\/wp\/v2\/pages\/3063\/revisions"}],"predecessor-version":[{"id":3069,"href":"https:\/\/informacionoficial.mendoza.gob.ar\/saludydeportes\/wp-json\/wp\/v2\/pages\/3063\/revisions\/3069"}],"wp:attachment":[{"href":"https:\/\/informacionoficial.mendoza.gob.ar\/saludydeportes\/wp-json\/wp\/v2\/media?parent=3063"}],"curies":[{"name":"wp","href":"https:\/\/api.w.org\/{rel}","templated":true}]}}