{"id":3070,"date":"2025-07-29T16:26:04","date_gmt":"2025-07-29T19:26:04","guid":{"rendered":"https:\/\/informacionoficial.mendoza.gob.ar\/saludydeportes\/?page_id=3070"},"modified":"2025-07-29T16:26:04","modified_gmt":"2025-07-29T19:26:04","slug":"rehabilitacion-discapacidad","status":"publish","type":"page","link":"https:\/\/informacionoficial.mendoza.gob.ar\/saludydeportes\/rehabilitacion-discapacidad\/","title":{"rendered":"Rehabilitaci\u00f3n &#8211; Discapacidad"},"content":{"rendered":"<p>[et_pb_section fb_built=\u00bb1&#8243; _builder_version=\u00bb4.27.4&#8243; _module_preset=\u00bbdefault\u00bb background_color=\u00bb#FFFFFF\u00bb background_enable_image=\u00bboff\u00bb background_size=\u00bbcontain\u00bb background_enable_video_mp4=\u00bboff\u00bb background_video_width=\u00bb100%\u00bb background_video_height=\u00bb100%\u00bb module_alignment=\u00bbcenter\u00bb min_height=\u00bb397px\u00bb custom_margin=\u00bb0px|0px|0px|0px|false|false\u00bb custom_padding=\u00bb0px|0px|0px|0px|false|false\u00bb locked=\u00bboff\u00bb global_colors_info=\u00bb{}\u00bb theme_builder_area=\u00bbpost_content\u00bb][et_pb_row _builder_version=\u00bb4.27.4&#8243; _module_preset=\u00bbdefault\u00bb custom_margin=\u00bb0px||0px||false|false\u00bb custom_padding=\u00bb1rem||1rem||true|false\u00bb global_colors_info=\u00bb{}\u00bb theme_builder_area=\u00bbpost_content\u00bb][et_pb_column type=\u00bb4_4&#8243; _builder_version=\u00bb4.27.4&#8243; _module_preset=\u00bbdefault\u00bb global_colors_info=\u00bb{}\u00bb theme_builder_area=\u00bbpost_content\u00bb][et_pb_heading title=\u00bbRehabilitaci\u00f3n\u00bb _builder_version=\u00bb4.27.4&#8243; _module_preset=\u00bbdefault\u00bb title_text_color=\u00bb#000F9F\u00bb hover_enabled=\u00bb0&#8243; global_colors_info=\u00bb{}\u00bb theme_builder_area=\u00bbpost_content\u00bb sticky_enabled=\u00bb0&#8243;][\/et_pb_heading][\/et_pb_column][\/et_pb_row][et_pb_row _builder_version=\u00bb4.27.4&#8243; _module_preset=\u00bbdefault\u00bb custom_margin=\u00bb0px||0px||false|false\u00bb custom_padding=\u00bb1rem||1rem||true|false\u00bb global_colors_info=\u00bb{}\u00bb theme_builder_area=\u00bbpost_content\u00bb][et_pb_column type=\u00bb4_4&#8243; _builder_version=\u00bb4.27.4&#8243; _module_preset=\u00bbdefault\u00bb global_colors_info=\u00bb{}\u00bb theme_builder_area=\u00bbpost_content\u00bb][et_pb_text _builder_version=\u00bb4.27.4&#8243; _module_preset=\u00bbdefault\u00bb text_font=\u00bb&#8211;et_global_body_font||||||||\u00bb text_text_color=\u00bb#000000&#8243; text_font_size=\u00bb15px\u00bb text_line_height=\u00bb1.5em\u00bb header_font=\u00bb&#8211;et_global_body_font|500|||||||\u00bb hover_enabled=\u00bb0&#8243; global_colors_info=\u00bb{}\u00bb theme_builder_area=\u00bbpost_content\u00bb sticky_enabled=\u00bb0&#8243;]<\/p>\n<p><strong>Problema que se plantea resolver<\/strong>:<br \/>La existencia de personas con discapacidad que no poseen cobertura social\u00a0 o recursos econ\u00f3micos suficientes para acceder a una rehabilitaci\u00f3n integral, transporte y elementos ortop\u00e9dicos.<\/p>\n<p><strong>Bienes o servicios que brinda<\/strong><\/p>\n<ul>\n<li>Pago de rehabilitaci\u00f3n integral y transporte en forma directa a la persona titular de derecho, o en forma indirecta al efector con Convenio, Instituci\u00f3n de la Sociedad Civil.<\/li>\n<li>Subsidio para la compra, pr\u00e9stamo\u00a0 \u00f3 confecci\u00f3n de equipamiento ort\u00e9sico y prot\u00e9sico, aud\u00edfonos y sillas de ruedas, elementos ortop\u00e9dicos con tecnolog\u00eda de punta y con tecnolog\u00eda simplificada.<\/li>\n<li>Asesoramiento, evaluaci\u00f3n cl\u00ednica, derivaci\u00f3n.<\/li>\n<li>Rehabilitaci\u00f3n a trav\u00e9s de dos Servicios de Rehabilitaci\u00f3n Integral.<\/li>\n<li>Apoyo y asesoramiento t\u00e9cnico a instituciones de rehabilitaci\u00f3n integral, CET Centros Educativos Terap\u00e9uticos y Centros de D\u00eda para su creaci\u00f3n y funcionamiento.<\/li>\n<li>Evaluaci\u00f3n de tratamientos de rehabilitaci\u00f3n, derivaci\u00f3n y control de gesti\u00f3n a instituciones de rehabilitaci\u00f3n integral.<\/li>\n<li>Orientaci\u00f3n psicosocial a familias con alg\u00fan miembro con discapacidad.<\/li>\n<\/ul>\n<p><strong>Localizaci\u00f3n<\/strong>:<br \/>Los 18 Departamentos de la Provincia.<br \/>En el caso puntual de los Servicios de Rehabilitaci\u00f3n Integral, funciona uno en el predio del Hospital Lencinas de Godoy Cruz y otro en el Hospital Scaravelli de Tunuy\u00e1n.<\/p>\n<p><strong>Criterios de Inclusi\u00f3n:<\/strong><br \/>Personas de 0 a 60 a\u00f1os con discapacidad que no cuentan con cobertura social, de salud o\u00a0previsional.<\/p>\n<p>[\/et_pb_text][\/et_pb_column][\/et_pb_row][\/et_pb_section]<\/p>\n","protected":false},"excerpt":{"rendered":"<p>Problema que se plantea resolver:La existencia de personas con discapacidad que no poseen cobertura social\u00a0 o recursos econ\u00f3micos suficientes para acceder a una rehabilitaci\u00f3n integral, transporte y elementos ortop\u00e9dicos. Bienes o servicios que brinda Pago de rehabilitaci\u00f3n integral y transporte en forma directa a la persona titular de derecho, o en forma indirecta al efector [&hellip;]<\/p>\n","protected":false},"author":18,"featured_media":0,"parent":0,"menu_order":0,"comment_status":"closed","ping_status":"closed","template":"","meta":{"_et_pb_use_builder":"on","_et_pb_old_content":"","_et_gb_content_width":"","footnotes":""},"class_list":["post-3070","page","type-page","status-publish","hentry"],"_links":{"self":[{"href":"https:\/\/informacionoficial.mendoza.gob.ar\/saludydeportes\/wp-json\/wp\/v2\/pages\/3070","targetHints":{"allow":["GET"]}}],"collection":[{"href":"https:\/\/informacionoficial.mendoza.gob.ar\/saludydeportes\/wp-json\/wp\/v2\/pages"}],"about":[{"href":"https:\/\/informacionoficial.mendoza.gob.ar\/saludydeportes\/wp-json\/wp\/v2\/types\/page"}],"author":[{"embeddable":true,"href":"https:\/\/informacionoficial.mendoza.gob.ar\/saludydeportes\/wp-json\/wp\/v2\/users\/18"}],"replies":[{"embeddable":true,"href":"https:\/\/informacionoficial.mendoza.gob.ar\/saludydeportes\/wp-json\/wp\/v2\/comments?post=3070"}],"version-history":[{"count":2,"href":"https:\/\/informacionoficial.mendoza.gob.ar\/saludydeportes\/wp-json\/wp\/v2\/pages\/3070\/revisions"}],"predecessor-version":[{"id":3073,"href":"https:\/\/informacionoficial.mendoza.gob.ar\/saludydeportes\/wp-json\/wp\/v2\/pages\/3070\/revisions\/3073"}],"wp:attachment":[{"href":"https:\/\/informacionoficial.mendoza.gob.ar\/saludydeportes\/wp-json\/wp\/v2\/media?parent=3070"}],"curies":[{"name":"wp","href":"https:\/\/api.w.org\/{rel}","templated":true}]}}