{"id":3076,"date":"2025-07-29T16:33:43","date_gmt":"2025-07-29T19:33:43","guid":{"rendered":"https:\/\/informacionoficial.mendoza.gob.ar\/saludydeportes\/?page_id=3076"},"modified":"2025-07-29T16:33:49","modified_gmt":"2025-07-29T19:33:49","slug":"sistema-de-contencion-familiar-socio-comunitario-discapacidad","status":"publish","type":"page","link":"https:\/\/informacionoficial.mendoza.gob.ar\/saludydeportes\/sistema-de-contencion-familiar-socio-comunitario-discapacidad\/","title":{"rendered":"Sistema de Contenci\u00f3n Familiar Socio Comunitario &#8211; Discapacidad"},"content":{"rendered":"<p>[et_pb_section fb_built=\u00bb1&#8243; _builder_version=\u00bb4.27.4&#8243; _module_preset=\u00bbdefault\u00bb background_color=\u00bb#FFFFFF\u00bb background_enable_image=\u00bboff\u00bb background_size=\u00bbcontain\u00bb background_enable_video_mp4=\u00bboff\u00bb background_video_width=\u00bb100%\u00bb background_video_height=\u00bb100%\u00bb module_alignment=\u00bbcenter\u00bb min_height=\u00bb397px\u00bb custom_margin=\u00bb0px|0px|0px|0px|false|false\u00bb custom_padding=\u00bb0px|0px|0px|0px|false|false\u00bb locked=\u00bboff\u00bb global_colors_info=\u00bb{}\u00bb theme_builder_area=\u00bbpost_content\u00bb][et_pb_row _builder_version=\u00bb4.27.4&#8243; _module_preset=\u00bbdefault\u00bb custom_margin=\u00bb0px||0px||false|false\u00bb custom_padding=\u00bb1rem||1rem||true|false\u00bb global_colors_info=\u00bb{}\u00bb theme_builder_area=\u00bbpost_content\u00bb][et_pb_column type=\u00bb4_4&#8243; _builder_version=\u00bb4.27.4&#8243; _module_preset=\u00bbdefault\u00bb global_colors_info=\u00bb{}\u00bb theme_builder_area=\u00bbpost_content\u00bb][et_pb_heading title=\u00bbSistema de Contenci\u00f3n Familiar Socio Comunitario\u00bb _builder_version=\u00bb4.27.4&#8243; _module_preset=\u00bbdefault\u00bb title_text_color=\u00bb#000F9F\u00bb hover_enabled=\u00bb0&#8243; global_colors_info=\u00bb{}\u00bb theme_builder_area=\u00bbpost_content\u00bb sticky_enabled=\u00bb0&#8243;][\/et_pb_heading][\/et_pb_column][\/et_pb_row][et_pb_row _builder_version=\u00bb4.27.4&#8243; _module_preset=\u00bbdefault\u00bb custom_margin=\u00bb0px||0px||false|false\u00bb custom_padding=\u00bb1rem||1rem||true|false\u00bb global_colors_info=\u00bb{}\u00bb theme_builder_area=\u00bbpost_content\u00bb][et_pb_column type=\u00bb4_4&#8243; _builder_version=\u00bb4.27.4&#8243; _module_preset=\u00bbdefault\u00bb global_colors_info=\u00bb{}\u00bb theme_builder_area=\u00bbpost_content\u00bb][et_pb_text _builder_version=\u00bb4.27.4&#8243; _module_preset=\u00bbdefault\u00bb text_font=\u00bb&#8211;et_global_body_font||||||||\u00bb text_text_color=\u00bb#000000&#8243; text_font_size=\u00bb15px\u00bb text_line_height=\u00bb1.5em\u00bb header_font=\u00bb|600|||||||\u00bb hover_enabled=\u00bb0&#8243; global_colors_info=\u00bb{}\u00bb theme_builder_area=\u00bbpost_content\u00bb sticky_enabled=\u00bb0&#8243;]<\/p>\n<p><strong>Sistemas de Apoyo Econ\u00f3mico<\/strong><\/p>\n<ul>\n<li style=\"text-align: justify\">Familia de Apoyo grupo etario de 0 a 60 a\u00f1os<\/li>\n<li style=\"text-align: justify\">Familia Biol\u00f3gica grupo etario de 0 a 18 a\u00f1os con CUD vigente en situaci\u00f3n de vulnerabilidad social y econ\u00f3mica, sin cobertura de obra social.<\/li>\n<li style=\"text-align: justify\">Sistema de Residencia Individual consiste en el otorgamiento de un subsidio econ\u00f3mico\u00a0 a la persona con discapacidad para poder facilitar su inclusi\u00f3n a un espacio de vida individual\u00a0 gestionado por la PCD (alquiler informal tipo pensi\u00f3n donde conviva con otras personas y comparta espacios en com\u00fan). La finalidad es que la persona con buenos\u00a0 niveles de autonom\u00eda e independencia pueda autorrealizarse viviendo solo y sosteniendo controles m\u00e9dicos, toma de medicaci\u00f3n, etc. Se implementa para personas con discapacidad a partir de los 18 a\u00f1os hasta 60.<\/li>\n<li style=\"text-align: justify\">Sistema Cuidador Domiciliario consiste en la b\u00fasqueda de una persona con formaci\u00f3n y capacitaci\u00f3n af\u00edn que pueda acompa\u00f1ar y sostener tareas y funciones con la PCD por ejemplo toma de medicaci\u00f3n, acompa\u00f1amiento a controles m\u00e9dicos, supervisi\u00f3n, refuerzo de A.V.D (actividades de la Vida Diaria) destinado a personas con discapacidad de 0 a 60 a\u00f1os<\/li>\n<li style=\"text-align: justify\">Sistema de Internaci\u00f3n en Hogares consiste en la evaluaci\u00f3n y admisi\u00f3n en un espacio institucional (Residencia Asistida) de la PCD que por su patolog\u00eda y nivel de dependencia funcional requiera del cuidado y asistencia de terceros, esto es,la imposibilidad de poder adquirir habilidades de la vida diaria: alimentaci\u00f3n, higiene y vestimenta con ayuda y asistencia, control y supervisi\u00f3n de medicaci\u00f3n, etc. Se implementa a partir de los 18 a\u00f1os y hasta los 60 a\u00f1os.<\/li>\n<\/ul>\n<p>[\/et_pb_text][\/et_pb_column][\/et_pb_row][\/et_pb_section]<\/p>\n","protected":false},"excerpt":{"rendered":"<p>Sistemas de Apoyo Econ\u00f3mico Familia de Apoyo grupo etario de 0 a 60 a\u00f1os Familia Biol\u00f3gica grupo etario de 0 a 18 a\u00f1os con CUD vigente en situaci\u00f3n de vulnerabilidad social y econ\u00f3mica, sin cobertura de obra social. Sistema de Residencia Individual consiste en el otorgamiento de un subsidio econ\u00f3mico\u00a0 a la persona con discapacidad [&hellip;]<\/p>\n","protected":false},"author":18,"featured_media":0,"parent":0,"menu_order":0,"comment_status":"closed","ping_status":"closed","template":"","meta":{"_et_pb_use_builder":"on","_et_pb_old_content":"","_et_gb_content_width":"","footnotes":""},"class_list":["post-3076","page","type-page","status-publish","hentry"],"_links":{"self":[{"href":"https:\/\/informacionoficial.mendoza.gob.ar\/saludydeportes\/wp-json\/wp\/v2\/pages\/3076","targetHints":{"allow":["GET"]}}],"collection":[{"href":"https:\/\/informacionoficial.mendoza.gob.ar\/saludydeportes\/wp-json\/wp\/v2\/pages"}],"about":[{"href":"https:\/\/informacionoficial.mendoza.gob.ar\/saludydeportes\/wp-json\/wp\/v2\/types\/page"}],"author":[{"embeddable":true,"href":"https:\/\/informacionoficial.mendoza.gob.ar\/saludydeportes\/wp-json\/wp\/v2\/users\/18"}],"replies":[{"embeddable":true,"href":"https:\/\/informacionoficial.mendoza.gob.ar\/saludydeportes\/wp-json\/wp\/v2\/comments?post=3076"}],"version-history":[{"count":2,"href":"https:\/\/informacionoficial.mendoza.gob.ar\/saludydeportes\/wp-json\/wp\/v2\/pages\/3076\/revisions"}],"predecessor-version":[{"id":3079,"href":"https:\/\/informacionoficial.mendoza.gob.ar\/saludydeportes\/wp-json\/wp\/v2\/pages\/3076\/revisions\/3079"}],"wp:attachment":[{"href":"https:\/\/informacionoficial.mendoza.gob.ar\/saludydeportes\/wp-json\/wp\/v2\/media?parent=3076"}],"curies":[{"name":"wp","href":"https:\/\/api.w.org\/{rel}","templated":true}]}}