{"id":31,"date":"2025-05-14T13:44:12","date_gmt":"2025-05-14T11:44:12","guid":{"rendered":"https:\/\/informacionoficial.mendoza.gob.ar\/saludydeportes\/?page_id=31"},"modified":"2026-03-03T08:37:20","modified_gmt":"2026-03-03T11:37:20","slug":"deportes","status":"publish","type":"page","link":"https:\/\/informacionoficial.mendoza.gob.ar\/saludydeportes\/ministerio-de-salud-y-deportes\/deportes\/","title":{"rendered":"Subsecretar\u00eda de Deportes"},"content":{"rendered":"<p>[et_pb_section fb_built=\u00bb1&#8243; _builder_version=\u00bb4.27.4&#8243; _module_preset=\u00bbdefault\u00bb background_color=\u00bb#FFFFFF\u00bb background_enable_image=\u00bboff\u00bb background_size=\u00bbcontain\u00bb background_video_mp4=\u00bbhttps:\/\/mza-dicaws-portal-uploads-media-prod.s3.amazonaws.com\/informacion-oficial\/uploads\/sites\/15\/2025\/07\/deportes.mp4&#8243; background_video_width=\u00bb100%\u00bb background_video_height=\u00bb100%\u00bb module_alignment=\u00bbcenter\u00bb min_height=\u00bb40em\u00bb locked=\u00bboff\u00bb global_colors_info=\u00bb{}\u00bb][et_pb_row _builder_version=\u00bb4.27.4&#8243; _module_preset=\u00bbdefault\u00bb global_colors_info=\u00bb{}\u00bb][et_pb_column type=\u00bb4_4&#8243; _builder_version=\u00bb4.27.4&#8243; _module_preset=\u00bbdefault\u00bb global_colors_info=\u00bb{}\u00bb][et_pb_post_title meta=\u00bboff\u00bb featured_image=\u00bboff\u00bb _builder_version=\u00bb4.27.4&#8243; _module_preset=\u00bbdefault\u00bb title_level=\u00bbh3&#8243; title_font=\u00bbBasic|700|||||||\u00bb title_text_align=\u00bbcenter\u00bb title_text_color=\u00bb#FFFFFF\u00bb title_font_size=\u00bb5rem\u00bb background_color=\u00bbRGBA(255,255,255,0)\u00bb text_orientation=\u00bbcenter\u00bb width=\u00bb100%\u00bb max_width=\u00bb100%\u00bb custom_margin=\u00bb1em||1em||false|false\u00bb animation_style=\u00bbfade\u00bb title_font_size_tablet=\u00bb5rem\u00bb title_font_size_phone=\u00bb3rem\u00bb title_font_size_last_edited=\u00bbon|phone\u00bb title_text_shadow_style=\u00bbpreset1&#8243; title_text_shadow_color=\u00bb#000000&#8243; text_shadow_style=\u00bbpreset3&#8243; global_colors_info=\u00bb{}\u00bb][\/et_pb_post_title][\/et_pb_column][\/et_pb_row][et_pb_row column_structure=\u00bb1_3,1_3,1_3&#8243; use_custom_gutter=\u00bbon\u00bb gutter_width=\u00bb2&#8243; make_equal=\u00bbon\u00bb _builder_version=\u00bb4.27.4&#8243; _module_preset=\u00bbdefault\u00bb width=\u00bb70%\u00bb max_width=\u00bb80%\u00bb module_alignment=\u00bbcenter\u00bb custom_margin=\u00bb1em|auto|1em|auto|false|false\u00bb custom_padding=\u00bb2em|1em|2em|1em|false|false\u00bb global_colors_info=\u00bb{}\u00bb][et_pb_column type=\u00bb1_3&#8243; _builder_version=\u00bb4.27.4&#8243; _module_preset=\u00bbdefault\u00bb global_colors_info=\u00bb{}\u00bb][et_pb_text _builder_version=\u00bb4.27.4&#8243; _dynamic_attributes=\u00bblink_option_url\u00bb _module_preset=\u00bbdefault\u00bb header_3_font=\u00bb|600|||||||\u00bb header_3_text_align=\u00bbcenter\u00bb header_3_text_color=\u00bb#FFFFFF\u00bb background_color=\u00bbrgba(2,0,10,0.5)\u00bb custom_padding=\u00bb2em||2em||true|false\u00bb link_option_url=\u00bb@ET-DC@eyJkeW5hbWljIjp0cnVlLCJjb250ZW50IjoicG9zdF9saW5rX3VybF9wYWdlIiwic2V0dGluZ3MiOnsicG9zdF9pZCI6IjMzOTIiLCJlbmFibGVfaHRtbCI6Im9mZiJ9fQ==@\u00bb border_radii=\u00bbon|15px|15px|15px|15px\u00bb border_width_all=\u00bb4px\u00bb border_color_all=\u00bb#FFFFFF\u00bb global_colors_info=\u00bb{}\u00bb]<\/p>\n<h3>Atenci\u00f3n Ciudadana<\/h3>\n<p>[\/et_pb_text][\/et_pb_column][et_pb_column type=\u00bb1_3&#8243; _builder_version=\u00bb4.27.4&#8243; _module_preset=\u00bbdefault\u00bb global_colors_info=\u00bb{}\u00bb][et_pb_text _builder_version=\u00bb4.27.4&#8243; _dynamic_attributes=\u00bblink_option_url\u00bb _module_preset=\u00bbdefault\u00bb header_3_font=\u00bb|600|||||||\u00bb header_3_text_align=\u00bbcenter\u00bb header_3_text_color=\u00bb#FFFFFF\u00bb background_color=\u00bbrgba(2,0,10,0.5)\u00bb custom_padding=\u00bb2em||2em||true|false\u00bb link_option_url=\u00bb@ET-DC@eyJkeW5hbWljIjp0cnVlLCJjb250ZW50IjoicG9zdF9saW5rX3VybF9wYWdlIiwic2V0dGluZ3MiOnsicG9zdF9pZCI6IjIwMDgiLCJlbmFibGVfaHRtbCI6Im9mZiJ9fQ==@\u00bb border_radii=\u00bbon|15px|15px|15px|15px\u00bb border_width_all=\u00bb4px\u00bb border_color_all=\u00bb#FFFFFF\u00bb locked=\u00bboff\u00bb global_colors_info=\u00bb{}\u00bb]<\/p>\n<h3>Informaci\u00f3n Oficial<\/h3>\n<p>[\/et_pb_text][\/et_pb_column][et_pb_column type=\u00bb1_3&#8243; _builder_version=\u00bb4.27.4&#8243; _module_preset=\u00bbdefault\u00bb global_colors_info=\u00bb{}\u00bb][et_pb_text _builder_version=\u00bb4.27.4&#8243; _module_preset=\u00bbdefault\u00bb header_3_font=\u00bb|600|||||||\u00bb header_3_text_align=\u00bbcenter\u00bb header_3_text_color=\u00bb#FFFFFF\u00bb background_color=\u00bbrgba(2,0,10,0.5)\u00bb custom_padding=\u00bb2em||2em||true|false\u00bb link_option_url=\u00bbhttps:\/\/prensa.mendoza.gob.ar\/category\/salud-y-deportes\/deportes\/\u00bb border_radii=\u00bbon|15px|15px|15px|15px\u00bb border_width_all=\u00bb4px\u00bb border_color_all=\u00bb#FFFFFF\u00bb locked=\u00bboff\u00bb global_colors_info=\u00bb{}\u00bb]<\/p>\n<h3>Prensa<\/h3>\n<p>[\/et_pb_text][\/et_pb_column][\/et_pb_row][\/et_pb_section][et_pb_section fb_built=\u00bb1&#8243; _builder_version=\u00bb4.27.4&#8243; _module_preset=\u00bbdefault\u00bb background_color=\u00bb#f7f7f7&#8243; global_module=\u00bb237&#8243; saved_tabs=\u00bball\u00bb locked=\u00bboff\u00bb global_colors_info=\u00bb{}\u00bb][et_pb_row column_structure=\u00bb1_2,1_2&#8243; _builder_version=\u00bb4.27.4&#8243; _module_preset=\u00bbdefault\u00bb locked=\u00bboff\u00bb global_colors_info=\u00bb{}\u00bb][et_pb_column type=\u00bb1_2&#8243; _builder_version=\u00bb4.27.4&#8243; _module_preset=\u00bbdefault\u00bb global_colors_info=\u00bb{}\u00bb][et_pb_blurb title=\u00bbDeporte Social y Comunitario\u00bb url=\u00bbhttps:\/\/informacionoficial.mendoza.gob.ar\/saludydeportes\/ministerio-de-salud-y-deportes\/deportes\/programas\/\u00bb use_icon=\u00bbon\u00bb font_icon=\u00bb&#xf1e3;||fa||400&#8243; _builder_version=\u00bb4.27.4&#8243; _module_preset=\u00bbdefault\u00bb header_font=\u00bb|800|||||||\u00bb header_text_color=\u00bb#000F9F\u00bb background_color=\u00bb#FFFFFF\u00bb custom_padding=\u00bb1em|1em|1em|1em|true|true\u00bb border_radii=\u00bbon|15px|15px|15px|15px\u00bb box_shadow_style=\u00bbpreset3&#8243; box_shadow_blur=\u00bb23px\u00bb box_shadow_spread=\u00bb-14px\u00bb global_colors_info=\u00bb{}\u00bb]<\/p>\n<p style=\"text-align: left\"><span style=\"color: #141414\">Acceso al deporte y la actividad f\u00edsica en toda la provincia, especialmente en sectores vulnerables, mediante programas inclusivos, articulaci\u00f3n con instituciones y municipios, desarrollo de recursos humanos y fomento de actividades en la naturaleza como medio de integraci\u00f3n y mejora de la calidad de vida.<\/span><\/p>\n<p>[\/et_pb_blurb][\/et_pb_column][et_pb_column type=\u00bb1_2&#8243; _builder_version=\u00bb4.27.4&#8243; _module_preset=\u00bbdefault\u00bb global_colors_info=\u00bb{}\u00bb][et_pb_blurb title=\u00bbAlto Rendimiento\u00bb url=\u00bbhttps:\/\/informacionoficial.mendoza.gob.ar\/saludydeportes\/ministerio-de-salud-y-deportes\/deportes\/programas-alto-rendimiento\/\u00bb use_icon=\u00bbon\u00bb font_icon=\u00bb&#xf70c;||fa||900&#8243; _builder_version=\u00bb4.27.4&#8243; _module_preset=\u00bbdefault\u00bb header_font=\u00bb|800|||||||\u00bb header_text_color=\u00bb#000F9F\u00bb background_color=\u00bb#FFFFFF\u00bb custom_padding=\u00bb1em|1em|1em|1em|true|true\u00bb border_radii=\u00bbon|15px|15px|15px|15px\u00bb box_shadow_style=\u00bbpreset3&#8243; box_shadow_blur=\u00bb23px\u00bb box_shadow_spread=\u00bb-14px\u00bb global_colors_info=\u00bb{}\u00bb]<\/p>\n<p style=\"text-align: left\"><span style=\"color: #141414\">Impulsar el desarrollo del deporte competitivo en la provincia, mediante la planificaci\u00f3n y coordinaci\u00f3n de programas de promoci\u00f3n, captaci\u00f3n de talentos, capacitaci\u00f3n t\u00e9cnica, control institucional y apoyo a la participaci\u00f3n en eventos deportivos, en articulaci\u00f3n con entidades deportivas locales, nacionales e internacionales.<\/span><\/p>\n<p>[\/et_pb_blurb][\/et_pb_column][\/et_pb_row][\/et_pb_section][et_pb_section fb_built=\u00bb1&#8243; fullwidth=\u00bbon\u00bb _builder_version=\u00bb4.27.4&#8243; _module_preset=\u00bbdefault\u00bb background_color=\u00bb#0C71C3&#8243; background_image=\u00bbhttps:\/\/mza-dicaws-portal-uploads-media-prod.s3.amazonaws.com\/informacion-oficial\/uploads\/sites\/15\/2025\/11\/20251022_100311-scaled.jpg\u00bb custom_padding=\u00bb0px||0px||true|false\u00bb hover_enabled=\u00bb0&#8243; global_colors_info=\u00bb{}\u00bb sticky_enabled=\u00bb0&#8243;][et_pb_fullwidth_header text_orientation=\u00bbcenter\u00bb button_one_text=\u00bbM\u00e1s info\u00bb button_one_url=\u00bbhttps:\/\/informacionoficial.mendoza.gob.ar\/saludydeportes\/deportes-subsecretaria-de-deportes\/visitas-guiadas\/\u00bb logo_image_url=\u00bbhttps:\/\/mza-dicaws-portal-uploads-media-prod.s3.amazonaws.com\/informacion-oficial\/uploads\/sites\/15\/2026\/03\/Senti-Malvinas-2026-04-scaled.png\u00bb content_max_width=\u00bb40%\u00bb logo_image_url_tablet=\u00bbhttps:\/\/mza-dicaws-portal-uploads-media-prod.s3.us-east-1.amazonaws.com\/informacion-oficial\/uploads\/sites\/15\/2025\/05\/redes-01-700&#215;875-1.png\u00bb logo_image_url_phone=\u00bbhttps:\/\/mza-dicaws-portal-uploads-media-prod.s3.us-east-1.amazonaws.com\/informacion-oficial\/uploads\/sites\/15\/2025\/05\/redes-01-700&#215;875-1.png\u00bb logo_image_url_last_edited=\u00bbon|phone\u00bb content_max_width_tablet=\u00bb\u00bb content_max_width_phone=\u00bb100%\u00bb content_max_width_last_edited=\u00bbon|phone\u00bb _builder_version=\u00bb4.27.4&#8243; _module_preset=\u00bbdefault\u00bb background_color=\u00bbRGBA(255,255,255,0)\u00bb background_enable_image=\u00bboff\u00bb width=\u00bb100%\u00bb max_width=\u00bb100%\u00bb custom_padding=\u00bb0px||0px||true|false\u00bb animation_style=\u00bbfade\u00bb hover_enabled=\u00bb0&#8243; border_radii_image=\u00bbon|16px|16px|16px|16px\u00bb border_style_all_image=\u00bbgroove\u00bb box_shadow_style=\u00bbpreset1&#8243; box_shadow_style_image=\u00bbpreset1&#8243; global_colors_info=\u00bb{}\u00bb title_text=\u00bbSent\u00ed Malvinas 2026-04&#8243; sticky_enabled=\u00bb0&#8243;][\/et_pb_fullwidth_header][\/et_pb_section][et_pb_section fb_built=\u00bb1&#8243; _builder_version=\u00bb4.27.4&#8243; _module_preset=\u00bbdefault\u00bb global_colors_info=\u00bb{}\u00bb][et_pb_row _builder_version=\u00bb4.27.4&#8243; _module_preset=\u00bbdefault\u00bb global_colors_info=\u00bb{}\u00bb][et_pb_column type=\u00bb4_4&#8243; _builder_version=\u00bb4.27.4&#8243; _module_preset=\u00bbdefault\u00bb global_colors_info=\u00bb{}\u00bb][et_pb_text _builder_version=\u00bb4.27.4&#8243; _module_preset=\u00bbdefault\u00bb text_font=\u00bb|800|||||||\u00bb header_font=\u00bb|800|||||||\u00bb header_2_text_color=\u00bb#3CB4E5&#8243; global_colors_info=\u00bb{}\u00bb]<\/p>\n<h2><strong>Centro de Medicina Deportiva<\/strong><\/h2>\n<p>[\/et_pb_text][et_pb_text _builder_version=\u00bb4.27.4&#8243; _module_preset=\u00bbdefault\u00bb global_colors_info=\u00bb{}\u00bb]<\/p>\n<p><span>La pr\u00e1ctica deportiva no solo representa un camino hacia una vida m\u00e1s saludable y activa, sino que tambi\u00e9n conlleva ciertos desaf\u00edos y riesgos que deben ser abordados con responsabilidad y conocimiento. Desde la perspectiva de la\u00a0<\/span><strong>Medicina del Deporte<\/strong><span>, resulta imprescindible tomar una posici\u00f3n firme frente a los aspectos m\u00e9dicos asociados a la actividad f\u00edsica, con el objetivo de proteger la salud y optimizar el rendimiento de quienes la practican.<\/span><\/p>\n<p>[\/et_pb_text][et_pb_code _builder_version=\u00bb4.27.4&#8243; _module_preset=\u00bbdefault\u00bb text_orientation=\u00bbcenter\u00bb custom_css_free_form=\u00bbselector button{||  background-color:white;||  padding:1em 2em;||  border-radius:15px;||  color:#3cb4e5;||   font-weight:bold;||  border:#3cb4e5 solid 2px;||  cursor:pointer;||}\u00bb global_colors_info=\u00bb{}\u00bb]<\/p>\n<div><!-- [et_pb_line_break_holder] --><a href=\"https:\/\/informacionoficial.mendoza.gob.ar\/saludydeportes\/deportes-subsecretaria-de-deportes\/centro-de-promocion-de-la-salud-y-medicina-deportiva\/\"><!-- [et_pb_line_break_holder] -->  <button><!-- [et_pb_line_break_holder] -->    Equipo M\u00e9dico<!-- [et_pb_line_break_holder] -->  <\/button><!-- [et_pb_line_break_holder] --><\/a><!-- [et_pb_line_break_holder] --><a href=\"https:\/\/informacionoficial.mendoza.gob.ar\/saludydeportes\/ministerio-de-salud-y-deportes\/deportes\/turnos-centro-medicina-deportiva\/\"><!-- [et_pb_line_break_holder] -->  <button><!-- [et_pb_line_break_holder] -->    Turnos<!-- [et_pb_line_break_holder] -->  <\/button><!-- [et_pb_line_break_holder] --><\/a><!-- [et_pb_line_break_holder] --><!-- [et_pb_line_break_holder] --><\/div>\n<p>[\/et_pb_code][et_pb_image src=\u00bbhttps:\/\/mza-dicaws-portal-uploads-media-prod.s3.us-east-1.amazonaws.com\/informacion-oficial\/uploads\/sites\/15\/2025\/05\/Flyer-13-08.png\u00bb title_text=\u00bbFlyer +13-08&#8243; align=\u00bbcenter\u00bb _builder_version=\u00bb4.27.4&#8243; _module_preset=\u00bbdefault\u00bb width=\u00bb50%\u00bb module_alignment=\u00bbcenter\u00bb global_colors_info=\u00bb{}\u00bb][\/et_pb_image][\/et_pb_column][\/et_pb_row][\/et_pb_section][et_pb_section fb_built=\u00bb1&#8243; _builder_version=\u00bb4.27.4&#8243; _module_preset=\u00bbdefault\u00bb background_color=\u00bb#f7f7f7&#8243; border_width_top=\u00bb7px\u00bb border_color_top=\u00bb#C8A977&#8243; locked=\u00bboff\u00bb global_colors_info=\u00bb{}\u00bb][et_pb_row _builder_version=\u00bb4.27.4&#8243; _module_preset=\u00bbdefault\u00bb custom_margin=\u00bb5em|auto|1em|auto|false|false\u00bb custom_padding=\u00bb0em||2em||false|false\u00bb global_colors_info=\u00bb{}\u00bb][et_pb_column type=\u00bb4_4&#8243; _builder_version=\u00bb4.27.4&#8243; _module_preset=\u00bbdefault\u00bb global_colors_info=\u00bb{}\u00bb][et_pb_heading title=\u00bb\u00c1reas\u00bb _builder_version=\u00bb4.27.4&#8243; _module_preset=\u00bbdefault\u00bb title_level=\u00bbh3&#8243; title_font=\u00bb|700|||||||\u00bb title_text_align=\u00bbcenter\u00bb title_text_color=\u00bb#000F9F\u00bb title_font_size=\u00bb34px\u00bb global_colors_info=\u00bb{}\u00bb][\/et_pb_heading][\/et_pb_column][\/et_pb_row][et_pb_row column_structure=\u00bb1_3,1_3,1_3&#8243; make_equal=\u00bbon\u00bb _builder_version=\u00bb4.27.4&#8243; _module_preset=\u00bbdefault\u00bb animation_style=\u00bbfade\u00bb locked=\u00bboff\u00bb global_colors_info=\u00bb{}\u00bb][et_pb_column type=\u00bb1_3&#8243; _builder_version=\u00bb4.27.4&#8243; _module_preset=\u00bbdefault\u00bb background_color=\u00bb#FFFFFF\u00bb custom_padding=\u00bb40px|40px|40px|40px|true|true\u00bb custom_padding_tablet=\u00bb30px|30px|30px|30px|true|true\u00bb custom_padding_phone=\u00bb20px|20px|20px|20px|true|true\u00bb custom_padding_last_edited=\u00bbon|desktop\u00bb animation_style=\u00bbfade\u00bb link_option_url=\u00bbhttps:\/\/informacionoficial.mendoza.gob.ar\/saludydeportes\/ministerio-de-salud-y-deportes\/deportes\/deportes-direccion-de-administracion\/\u00bb border_radii=\u00bbon|10px|10px|10px|10px\u00bb border_width_all=\u00bb5px\u00bb border_color_all=\u00bbrgba(255,255,255,0.19)\u00bb box_shadow_style=\u00bbpreset3&#8243; box_shadow_blur=\u00bb26px\u00bb box_shadow_spread=\u00bb-9px\u00bb global_colors_info=\u00bb{}\u00bb][et_pb_icon font_icon=\u00bb&#xe016;||divi||400&#8243; icon_color=\u00bb#000F9F\u00bb icon_width=\u00bb60px\u00bb url=\u00bbhttps:\/\/informacionoficial.mendoza.gob.ar\/saludydeportes\/ministerio-de-salud-y-deportes\/deportes\/deportes-direccion-de-administracion\/\u00bb _builder_version=\u00bb4.27.4&#8243; _module_preset=\u00bbdefault\u00bb global_colors_info=\u00bb{}\u00bb][\/et_pb_icon][et_pb_text _builder_version=\u00bb4.27.4&#8243; _module_preset=\u00bbdefault\u00bb text_font=\u00bb&#8211;et_global_body_font|600|||||||\u00bb text_text_color=\u00bb#000000&#8243; text_font_size=\u00bb20px\u00bb header_font=\u00bb&#8211;et_global_body_font|600|||||||\u00bb header_text_color=\u00bb#FFFFFF\u00bb header_font_size=\u00bb18px\u00bb header_3_font=\u00bb&#8211;et_global_body_font||||||||\u00bb header_3_text_color=\u00bb#000000&#8243; header_4_font=\u00bb&#8211;et_global_body_font||||||||\u00bb text_orientation=\u00bbcenter\u00bb custom_margin=\u00bb||0px||false|false\u00bb global_colors_info=\u00bb%91%93&#8243;]<\/p>\n<p>Administraci\u00f3n<\/p>\n<p>[\/et_pb_text][\/et_pb_column][et_pb_column type=\u00bb1_3&#8243; _builder_version=\u00bb4.27.4&#8243; _module_preset=\u00bbdefault\u00bb background_color=\u00bb#FFFFFF\u00bb custom_padding=\u00bb40px|40px|40px|40px|true|true\u00bb custom_padding_tablet=\u00bb30px|30px|30px|30px|true|true\u00bb custom_padding_phone=\u00bb20px|20px|20px|20px|true|true\u00bb custom_padding_last_edited=\u00bbon|desktop\u00bb animation_style=\u00bbfade\u00bb link_option_url=\u00bbhttps:\/\/informacionoficial.mendoza.gob.ar\/saludydeportes\/ministerio-de-salud-y-deportes\/deportes\/deportes-direccion-de-deporte-social-y-comunitario\/\u00bb border_radii=\u00bbon|10px|10px|10px|10px\u00bb border_width_all=\u00bb5px\u00bb border_color_all=\u00bbrgba(255,255,255,0.19)\u00bb box_shadow_style=\u00bbpreset3&#8243; box_shadow_blur=\u00bb26px\u00bb box_shadow_spread=\u00bb-9px\u00bb global_colors_info=\u00bb{%22gcid-924bddf2-c0ef-4ef9-b028-8630e1b50bab%22:%91%22background_color%22%93}\u00bb][et_pb_icon font_icon=\u00bb&#xf500;||fa||900&#8243; icon_color=\u00bb#000F9F\u00bb icon_width=\u00bb60px\u00bb _builder_version=\u00bb4.27.4&#8243; _module_preset=\u00bbdefault\u00bb locked=\u00bboff\u00bb global_colors_info=\u00bb{}\u00bb][\/et_pb_icon][et_pb_text _builder_version=\u00bb4.27.4&#8243; _module_preset=\u00bbdefault\u00bb text_font=\u00bb&#8211;et_global_body_font|600|||||||\u00bb text_text_color=\u00bb#000000&#8243; text_font_size=\u00bb20px\u00bb header_font=\u00bb&#8211;et_global_body_font|600|||||||\u00bb header_text_color=\u00bb#FFFFFF\u00bb header_font_size=\u00bb18px\u00bb header_3_font=\u00bb&#8211;et_global_body_font||||||||\u00bb header_3_text_color=\u00bb#000000&#8243; header_4_font=\u00bb&#8211;et_global_body_font||||||||\u00bb text_orientation=\u00bbcenter\u00bb custom_margin=\u00bb||0px||false|false\u00bb locked=\u00bboff\u00bb global_colors_info=\u00bb%91%93&#8243;]<\/p>\n<p>Deporte Social y Comunitario<\/p>\n<p>[\/et_pb_text][\/et_pb_column][et_pb_column type=\u00bb1_3&#8243; _builder_version=\u00bb4.27.4&#8243; _module_preset=\u00bbdefault\u00bb background_color=\u00bb#FFFFFF\u00bb custom_padding=\u00bb40px|40px|40px|40px|true|true\u00bb custom_padding_tablet=\u00bb30px|30px|30px|30px|true|true\u00bb custom_padding_phone=\u00bb20px|20px|20px|20px|true|true\u00bb custom_padding_last_edited=\u00bbon|desktop\u00bb animation_style=\u00bbfade\u00bb link_option_url=\u00bbhttps:\/\/informacionoficial.mendoza.gob.ar\/saludydeportes\/ministerio-de-salud-y-deportes\/deportes\/deportes-direccion-de-alto-rendimiento\/\u00bb border_radii=\u00bbon|10px|10px|10px|10px\u00bb border_width_all=\u00bb5px\u00bb border_color_all=\u00bbrgba(255,255,255,0.19)\u00bb box_shadow_style=\u00bbpreset3&#8243; box_shadow_blur=\u00bb26px\u00bb box_shadow_spread=\u00bb-9px\u00bb global_colors_info=\u00bb{%22gcid-924bddf2-c0ef-4ef9-b028-8630e1b50bab%22:%91%22background_color%22%93}\u00bb][et_pb_icon font_icon=\u00bb&#xf091;||fa||900&#8243; icon_color=\u00bb#000F9F\u00bb icon_width=\u00bb60px\u00bb _builder_version=\u00bb4.27.4&#8243; _module_preset=\u00bbdefault\u00bb locked=\u00bboff\u00bb global_colors_info=\u00bb{}\u00bb][\/et_pb_icon][et_pb_text _builder_version=\u00bb4.27.4&#8243; _module_preset=\u00bbdefault\u00bb text_font=\u00bb&#8211;et_global_body_font|600|||||||\u00bb text_text_color=\u00bb#000000&#8243; text_font_size=\u00bb20px\u00bb header_font=\u00bb&#8211;et_global_body_font|600|||||||\u00bb header_text_color=\u00bb#FFFFFF\u00bb header_font_size=\u00bb18px\u00bb header_3_font=\u00bb&#8211;et_global_body_font||||||||\u00bb header_3_text_color=\u00bb#000000&#8243; header_4_font=\u00bb&#8211;et_global_body_font||||||||\u00bb text_orientation=\u00bbcenter\u00bb custom_margin=\u00bb||0px||false|false\u00bb link_option_url=\u00bbhttps:\/\/informacionoficial.mendoza.gob.ar\/saludydeportes\/ministerio-de-salud-y-deportes\/deportes\/deportes-direccion-de-alto-rendimiento\/\u00bb locked=\u00bboff\u00bb global_colors_info=\u00bb%91%93&#8243;]<\/p>\n<p>Alto Rendimiento<\/p>\n<p>[\/et_pb_text][\/et_pb_column][\/et_pb_row][\/et_pb_section]<\/p>\n","protected":false},"excerpt":{"rendered":"<p>Atenci\u00f3n CiudadanaInformaci\u00f3n OficialPrensaAcceso al deporte y la actividad f\u00edsica en toda la provincia, especialmente en sectores vulnerables, mediante programas inclusivos, articulaci\u00f3n con instituciones y municipios, desarrollo de recursos humanos y fomento de actividades en la naturaleza como medio de integraci\u00f3n y mejora de la calidad de vida.Impulsar el desarrollo del deporte competitivo en la provincia, [&hellip;]<\/p>\n","protected":false},"author":11,"featured_media":0,"parent":532,"menu_order":0,"comment_status":"closed","ping_status":"closed","template":"","meta":{"_et_pb_use_builder":"on","_et_pb_old_content":"","_et_gb_content_width":"","footnotes":""},"class_list":["post-31","page","type-page","status-publish","hentry"],"_links":{"self":[{"href":"https:\/\/informacionoficial.mendoza.gob.ar\/saludydeportes\/wp-json\/wp\/v2\/pages\/31","targetHints":{"allow":["GET"]}}],"collection":[{"href":"https:\/\/informacionoficial.mendoza.gob.ar\/saludydeportes\/wp-json\/wp\/v2\/pages"}],"about":[{"href":"https:\/\/informacionoficial.mendoza.gob.ar\/saludydeportes\/wp-json\/wp\/v2\/types\/page"}],"author":[{"embeddable":true,"href":"https:\/\/informacionoficial.mendoza.gob.ar\/saludydeportes\/wp-json\/wp\/v2\/users\/11"}],"replies":[{"embeddable":true,"href":"https:\/\/informacionoficial.mendoza.gob.ar\/saludydeportes\/wp-json\/wp\/v2\/comments?post=31"}],"version-history":[{"count":81,"href":"https:\/\/informacionoficial.mendoza.gob.ar\/saludydeportes\/wp-json\/wp\/v2\/pages\/31\/revisions"}],"predecessor-version":[{"id":6405,"href":"https:\/\/informacionoficial.mendoza.gob.ar\/saludydeportes\/wp-json\/wp\/v2\/pages\/31\/revisions\/6405"}],"up":[{"embeddable":true,"href":"https:\/\/informacionoficial.mendoza.gob.ar\/saludydeportes\/wp-json\/wp\/v2\/pages\/532"}],"wp:attachment":[{"href":"https:\/\/informacionoficial.mendoza.gob.ar\/saludydeportes\/wp-json\/wp\/v2\/media?parent=31"}],"curies":[{"name":"wp","href":"https:\/\/api.w.org\/{rel}","templated":true}]}}