{"id":3216,"date":"2025-07-30T14:48:13","date_gmt":"2025-07-30T17:48:13","guid":{"rendered":"https:\/\/informacionoficial.mendoza.gob.ar\/saludydeportes\/?page_id=3216"},"modified":"2025-07-30T14:48:19","modified_gmt":"2025-07-30T17:48:19","slug":"programa-de-proteccion-habitacional","status":"publish","type":"page","link":"https:\/\/informacionoficial.mendoza.gob.ar\/saludydeportes\/programa-de-proteccion-habitacional\/","title":{"rendered":"Programa de Protecci\u00f3n Habitacional"},"content":{"rendered":"<p>[et_pb_section fb_built=\u00bb1&#8243; _builder_version=\u00bb4.27.4&#8243; _module_preset=\u00bbdefault\u00bb background_color=\u00bb#FFFFFF\u00bb background_enable_image=\u00bboff\u00bb background_size=\u00bbcontain\u00bb background_enable_video_mp4=\u00bboff\u00bb background_video_width=\u00bb100%\u00bb background_video_height=\u00bb100%\u00bb module_alignment=\u00bbcenter\u00bb min_height=\u00bb397px\u00bb custom_margin=\u00bb0px|0px|0px|0px|false|false\u00bb custom_padding=\u00bb0px|0px|0px|0px|false|false\u00bb locked=\u00bboff\u00bb global_colors_info=\u00bb{}\u00bb theme_builder_area=\u00bbpost_content\u00bb][et_pb_row _builder_version=\u00bb4.27.4&#8243; _module_preset=\u00bbdefault\u00bb custom_margin=\u00bb0px||0px||false|false\u00bb custom_padding=\u00bb1rem||1rem||true|false\u00bb global_colors_info=\u00bb{}\u00bb theme_builder_area=\u00bbpost_content\u00bb][et_pb_column type=\u00bb4_4&#8243; _builder_version=\u00bb4.27.4&#8243; _module_preset=\u00bbdefault\u00bb global_colors_info=\u00bb{}\u00bb theme_builder_area=\u00bbpost_content\u00bb][et_pb_heading title=\u00bbPrograma de Protecci\u00f3n Habitacional\u00bb _builder_version=\u00bb4.27.4&#8243; _module_preset=\u00bbdefault\u00bb title_text_color=\u00bb#000F9F\u00bb hover_enabled=\u00bb0&#8243; global_colors_info=\u00bb{}\u00bb theme_builder_area=\u00bbpost_content\u00bb sticky_enabled=\u00bb0&#8243;][\/et_pb_heading][\/et_pb_column][\/et_pb_row][et_pb_row _builder_version=\u00bb4.27.4&#8243; _module_preset=\u00bbdefault\u00bb custom_margin=\u00bb0px||0px||false|false\u00bb custom_padding=\u00bb1rem||1rem||true|false\u00bb global_colors_info=\u00bb{}\u00bb theme_builder_area=\u00bbpost_content\u00bb][et_pb_column type=\u00bb4_4&#8243; _builder_version=\u00bb4.27.4&#8243; _module_preset=\u00bbdefault\u00bb global_colors_info=\u00bb{}\u00bb theme_builder_area=\u00bbpost_content\u00bb][et_pb_text _builder_version=\u00bb4.27.4&#8243; _module_preset=\u00bbdefault\u00bb text_font=\u00bb|600|||||||\u00bb text_text_color=\u00bb#000000&#8243; text_font_size=\u00bb18px\u00bb text_line_height=\u00bb1.5em\u00bb header_font=\u00bb|600|||||||\u00bb hover_enabled=\u00bb0&#8243; global_colors_info=\u00bb{}\u00bb theme_builder_area=\u00bbpost_content\u00bb sticky_enabled=\u00bb0&#8243;]<\/p>\n<ul>\n<li style=\"text-align: justify\"><span style=\"color: #000000\"><strong>Problema que se plantea resolver<\/strong>: Las insuficientes redes sociales de apoyo familiar y comunitario de los Adultos Mayores, generan falta de protecci\u00f3n y cuidado, que se traducen en situaciones de vulnerabilidad socio- econ\u00f3mica y precariedad habitacional. Ello requiere la intervenci\u00f3n del Estado en su rol de contenci\u00f3n y vig\u00eda de la protecci\u00f3n de los derechos de los Adultos Mayores.<\/span><\/li>\n<li style=\"text-align: justify\"><span style=\"color: #000000\"><strong>Objetivo principal: <\/strong>Brindar contenci\u00f3n, atenci\u00f3n y asistencia integral, procurando el bienestar b\u00edo psico social de los Adultos Mayores de alto riesgo social, sin contenci\u00f3n familiar en distintas modalidades de Residencia de larga estad\u00eda.<\/span><\/li>\n<li style=\"text-align: justify\"><span style=\"color: #000000\"><strong>Bienes<\/strong>:<\/span><\/li>\n<\/ul>\n<p style=\"padding-left: 40px;text-align: justify\"><span style=\"color: #000000\">1-Alojamiento, manutenci\u00f3n y vestimenta en Hogares y Residencias.<\/span><\/p>\n<p style=\"padding-left: 40px;text-align: justify\"><span style=\"color: #000000\">2-Entrega de medicamentos y pa\u00f1ales para Adultos en Macrohogares y Residencias.<\/span><\/p>\n<p style=\"padding-left: 40px;text-align: justify\"><span style=\"color: #000000\">3-Posesi\u00f3n por acta de tenencia, de viviendas en comodato.<\/span><\/p>\n<p style=\"padding-left: 40px;text-align: justify\"><span style=\"color: #000000\">4-Provisi\u00f3n de elementos ortop\u00e9dicos.<\/span><\/p>\n<ul style=\"text-align: justify\">\n<li><span style=\"color: #000000\"><strong>Servicios:<\/strong><\/span><\/li>\n<\/ul>\n<p style=\"padding-left: 40px;text-align: justify\"><span style=\"color: #000000\">\u2013 Intervenci\u00f3n Interdisciplinaria gerontol\u00f3gica (m\u00e9dica, psicol\u00f3gica, social, nutricional,\u00a0odontol\u00f3gica, kinesiol\u00f3gica y actividad f\u00edsica).<\/span><\/p>\n<p style=\"padding-left: 40px;text-align: justify\"><span style=\"color: #000000\">\u2013 Organizaci\u00f3n de eventos recreativos.<\/span><\/p>\n<p style=\"padding-left: 40px;text-align: justify\"><span style=\"color: #000000\">\u2013 Asesoramiento y abordaje interdisciplinario.<\/span><\/p>\n<p style=\"padding-left: 40px;text-align: justify\"><span style=\"color: #000000\">\u2013 Capacitaci\u00f3n gerontol\u00f3gica y acompa\u00f1amiento a los agentes que desempe\u00f1an funciones en\u00a0los establecimientos de larga estancia.<\/span><\/p>\n<p style=\"padding-left: 40px;text-align: justify\"><span style=\"color: #000000\">\u2013 Coordinaci\u00f3n con redes sociales de los residentes.<\/span><\/p>\n<p style=\"padding-left: 40px;text-align: justify\"><span style=\"color: #000000\">\u2013 Coordinaci\u00f3n con otras instituciones.<\/span><\/p>\n<ul>\n<li style=\"text-align: justify\"><span style=\"color: #000000\"><strong>Residencias: <\/strong>El programa posee 7 macro residencias y 1 residencia de admisi\u00f3n transitoria que es \u00fanica en todo el pa\u00eds, es un dispositivo de contenci\u00f3n habitacional para personas mayores que brinda contenci\u00f3n temporal ante situaciones especiales.<\/span><\/li>\n<\/ul>\n<p><span style=\"color: #000000\"><strong style=\"font-size: inherit\">Localizaci\u00f3n<\/strong><span style=\"font-size: inherit\">:<\/span><\/span><\/p>\n<table style=\"border-collapse: collapse;width: 100%;height: 336px\" border=\"1\">\n<tbody>\n<tr style=\"height: 24px\">\n<td style=\"width: 33.3333%;height: 24px\"><span style=\"color: #0000ff\">Macro Residencias<\/span><\/td>\n<td style=\"width: 33.3333%;height: 24px\"><span style=\"color: #0000ff\">Domicilio<\/span><\/td>\n<td style=\"width: 33.3333%;height: 24px\"><span style=\"color: #0000ff\">Departamento<\/span><\/td>\n<\/tr>\n<tr style=\"height: 24px\">\n<td style=\"width: 33.3333%;height: 24px\">Santa Marta<\/td>\n<td style=\"width: 33.3333%;height: 24px\">Boulogne Sur Mer 361<\/td>\n<td style=\"width: 33.3333%;height: 24px\">Capital<\/td>\n<\/tr>\n<tr style=\"height: 48px\">\n<td style=\"width: 33.3333%;height: 48px\">Santa Teresita<\/td>\n<td style=\"width: 33.3333%;height: 48px\">San Lorenzo y F.S. Carlos &#8211; B\u00ba Urquiza<\/td>\n<td style=\"width: 33.3333%;height: 48px\">Tunuy\u00e1n<\/td>\n<\/tr>\n<tr style=\"height: 24px\">\n<td style=\"width: 33.3333%;height: 24px\">Felipe Llaver<\/td>\n<td style=\"width: 33.3333%;height: 24px\">Abdala 100<\/td>\n<td style=\"width: 33.3333%;height: 24px\">San Mart\u00edn<\/td>\n<\/tr>\n<tr style=\"height: 24px\">\n<td style=\"width: 33.3333%;height: 24px\">S. Isidro Labrador<\/td>\n<td style=\"width: 33.3333%;height: 24px\">Almirante Brown 517<\/td>\n<td style=\"width: 33.3333%;height: 24px\">Rivadavia<\/td>\n<\/tr>\n<tr style=\"height: 48px\">\n<td style=\"width: 33.3333%;height: 48px\">Ricardo Pierola<\/td>\n<td style=\"width: 33.3333%;height: 48px\">Avda. Alvear Oeste 1370<\/td>\n<td style=\"width: 33.3333%;height: 48px\">Gral. Alvear<\/td>\n<\/tr>\n<tr style=\"height: 48px\">\n<td style=\"width: 33.3333%;height: 48px\">E. Ruiz de Correa<\/td>\n<td style=\"width: 33.3333%;height: 48px\">Monse\u00f1or Fernandez 320<\/td>\n<td style=\"width: 33.3333%;height: 48px\">Tupungato<\/td>\n<\/tr>\n<tr style=\"height: 48px\">\n<td style=\"width: 33.3333%;height: 48px\"><span style=\"color: #0000ff\">Residencia de Admisi\u00f3n Transitoria<\/span><\/td>\n<td style=\"width: 33.3333%;height: 48px\"><span style=\"color: #0000ff\">Domicilio<\/span><\/td>\n<td style=\"width: 33.3333%;height: 48px\"><span style=\"color: #0000ff\">Departamento<\/span><\/td>\n<\/tr>\n<tr style=\"height: 48px\">\n<td style=\"width: 33.3333%;height: 48px\">Los Toneles<\/td>\n<td style=\"width: 33.3333%;height: 48px\">B\u00ba Los Toneles M:H C:7<\/td>\n<td style=\"width: 33.3333%;height: 48px\">Godoy Cruz<\/td>\n<\/tr>\n<\/tbody>\n<\/table>\n<ul>\n<li><strong style=\"font-size: inherit\">Criterios de Inclusi\u00f3n:<\/strong><\/li>\n<\/ul>\n<p style=\"padding-left: 40px;text-align: justify\">\u2013 Hombre y Mujeres de 60 y m\u00e1s a\u00f1os.<br \/>\u2013 Adultos Mayores que se encuentren en estado de vulnerabilidad socio econ\u00f3mica y\/o en\u00a0situaci\u00f3n de calle, con necesidades b\u00e1sicas insatisfechas y con redes de contenci\u00f3n social\u00a0insuficientes.<br \/>\u2013 No debe padecer enfermedades infectocontagiosas o patolog\u00eda aguda, cr\u00f3nica o terminal que\u00a0requieran atenci\u00f3n y asistencia m\u00e9dica especializada y permanente, como as\u00ed mismo\u00a0patolog\u00edas psiqui\u00e1tricas con trastornos severos del comportamiento que alteren la convivencia\u00a0en las distintas modalidades de contenci\u00f3n habitacional.<\/p>\n<p>[\/et_pb_text][\/et_pb_column][\/et_pb_row][\/et_pb_section]<\/p>\n","protected":false},"excerpt":{"rendered":"<p>Problema que se plantea resolver: Las insuficientes redes sociales de apoyo familiar y comunitario de los Adultos Mayores, generan falta de protecci\u00f3n y cuidado, que se traducen en situaciones de vulnerabilidad socio- econ\u00f3mica y precariedad habitacional. Ello requiere la intervenci\u00f3n del Estado en su rol de contenci\u00f3n y vig\u00eda de la protecci\u00f3n de los derechos [&hellip;]<\/p>\n","protected":false},"author":18,"featured_media":0,"parent":0,"menu_order":0,"comment_status":"closed","ping_status":"closed","template":"","meta":{"_et_pb_use_builder":"on","_et_pb_old_content":"","_et_gb_content_width":"","footnotes":""},"class_list":["post-3216","page","type-page","status-publish","hentry"],"_links":{"self":[{"href":"https:\/\/informacionoficial.mendoza.gob.ar\/saludydeportes\/wp-json\/wp\/v2\/pages\/3216","targetHints":{"allow":["GET"]}}],"collection":[{"href":"https:\/\/informacionoficial.mendoza.gob.ar\/saludydeportes\/wp-json\/wp\/v2\/pages"}],"about":[{"href":"https:\/\/informacionoficial.mendoza.gob.ar\/saludydeportes\/wp-json\/wp\/v2\/types\/page"}],"author":[{"embeddable":true,"href":"https:\/\/informacionoficial.mendoza.gob.ar\/saludydeportes\/wp-json\/wp\/v2\/users\/18"}],"replies":[{"embeddable":true,"href":"https:\/\/informacionoficial.mendoza.gob.ar\/saludydeportes\/wp-json\/wp\/v2\/comments?post=3216"}],"version-history":[{"count":2,"href":"https:\/\/informacionoficial.mendoza.gob.ar\/saludydeportes\/wp-json\/wp\/v2\/pages\/3216\/revisions"}],"predecessor-version":[{"id":3219,"href":"https:\/\/informacionoficial.mendoza.gob.ar\/saludydeportes\/wp-json\/wp\/v2\/pages\/3216\/revisions\/3219"}],"wp:attachment":[{"href":"https:\/\/informacionoficial.mendoza.gob.ar\/saludydeportes\/wp-json\/wp\/v2\/media?parent=3216"}],"curies":[{"name":"wp","href":"https:\/\/api.w.org\/{rel}","templated":true}]}}