{"id":3315,"date":"2025-07-31T16:54:03","date_gmt":"2025-07-31T19:54:03","guid":{"rendered":"https:\/\/informacionoficial.mendoza.gob.ar\/saludydeportes\/?page_id=3315"},"modified":"2025-07-31T17:08:54","modified_gmt":"2025-07-31T20:08:54","slug":"servicios-programa-provincial-de-prevencion-y-atencion-integral-del-maltrato-a-la-ninez-y-adolescencia","status":"publish","type":"page","link":"https:\/\/informacionoficial.mendoza.gob.ar\/saludydeportes\/servicios-programa-provincial-de-prevencion-y-atencion-integral-del-maltrato-a-la-ninez-y-adolescencia\/","title":{"rendered":"Servicios &#8211; Programa Provincial de Prevenci\u00f3n y Atenci\u00f3n Integral del Maltrato a la Ni\u00f1ez y Adolescencia"},"content":{"rendered":"<p>[et_pb_section fb_built=\u00bb1&#8243; _builder_version=\u00bb4.27.4&#8243; _module_preset=\u00bbdefault\u00bb background_color=\u00bb#FFFFFF\u00bb background_enable_image=\u00bboff\u00bb background_size=\u00bbcontain\u00bb background_enable_video_mp4=\u00bboff\u00bb background_video_width=\u00bb100%\u00bb background_video_height=\u00bb100%\u00bb module_alignment=\u00bbcenter\u00bb min_height=\u00bb397px\u00bb custom_margin=\u00bb0px|0px|0px|0px|false|false\u00bb custom_padding=\u00bb0px|0px|0px|0px|false|false\u00bb locked=\u00bboff\u00bb global_colors_info=\u00bb{}\u00bb][et_pb_row _builder_version=\u00bb4.27.4&#8243; _module_preset=\u00bbdefault\u00bb custom_margin=\u00bb0px||0px||false|false\u00bb custom_padding=\u00bb1rem||1rem||true|false\u00bb global_colors_info=\u00bb{}\u00bb][et_pb_column type=\u00bb4_4&#8243; _builder_version=\u00bb4.27.4&#8243; _module_preset=\u00bbdefault\u00bb global_colors_info=\u00bb{}\u00bb][et_pb_heading title=\u00bbServicios\u00bb _builder_version=\u00bb4.27.4&#8243; _module_preset=\u00bbdefault\u00bb title_text_color=\u00bb#000F9F\u00bb global_colors_info=\u00bb{}\u00bb][\/et_pb_heading][\/et_pb_column][\/et_pb_row][et_pb_row _builder_version=\u00bb4.27.4&#8243; _module_preset=\u00bbdefault\u00bb custom_margin=\u00bb0px||0px||false|false\u00bb custom_padding=\u00bb1rem||1rem||true|false\u00bb global_colors_info=\u00bb{}\u00bb][et_pb_column type=\u00bb4_4&#8243; _builder_version=\u00bb4.27.4&#8243; _module_preset=\u00bbdefault\u00bb global_colors_info=\u00bb{}\u00bb][et_pb_text _builder_version=\u00bb4.27.4&#8243; _module_preset=\u00bbdefault\u00bb text_font=\u00bb&#8211;et_global_body_font||||||||\u00bb text_text_color=\u00bb#000000&#8243; text_font_size=\u00bb15px\u00bb text_line_height=\u00bb1.5em\u00bb header_font=\u00bb|600|||||||\u00bb text_orientation=\u00bbjustified\u00bb global_colors_info=\u00bb{}\u00bb]<\/p>\n<p><strong>Unidades Especializadas Departamentales: EFECTORES PPMI:<\/strong><\/p>\n<p><strong>Capital<\/strong>: CIC N 1 Capital, Centro de Salud N\u00b0 1-CIC B\u00b0 La Favorita<\/p>\n<p><strong>Las Heras<\/strong>: Hospital Carrillo (Internaci\u00f3n y Ambulatorio), Hospital Chrabalowski Uspallata, Hospital Gailhac, Centro de Salud N\u00b025, Centro de Salud N\u00b0139<\/p>\n<p><strong>Godoy Cruz<\/strong>: Centro de Salud N\u00b030, Centro de Salud N\u00b0168, Centro de Salud N\u00b04<\/p>\n<p><strong>Lavalle<\/strong>: Centro de Salud Jocol\u00ed, Centro de Salud 43 Costa de Araujo, Centro de Salud 44 Gustavo Andr\u00e9, CIC Villa Tulumaya, Centro de Salud 40 El Vergel, \u00c1rea Sanitaria Villa Tulumaya, CIC Jocol\u00ed, Centro de Salud 42 San Francisco, CIC Colonia Italia, Centro de Salud 41 Tres de Mayo, Centro de Salud 46 &#8211; Laguna del Rosario, Centro de Salud 133 &#8211; Asunci\u00f3n, CAPS 200 &#8211; La Majada, Centro de Salud 49 &#8211; El Retamo, Centro de Salud N\u00ba 47 &#8211; San Jos\u00e9.<\/p>\n<p><strong>Guaymall\u00e9n<\/strong>: Hospital Notti (Internaci\u00f3n y Ambulatorio), Centro de Salud N\u00b016, Microhospital Puente de Hierro, CAPS 5 Pascual Lauriente.<\/p>\n<p><strong>Luj\u00e1n<\/strong>: Centro de Salud N\u00b031, Centro de Salud N\u00b039, Centro de Salud N\u00b035, Centro de Salud N\u00b0217, Centro de Salud N\u00b0218, Espacio Municipal Nido 13 Ugarteche.<\/p>\n<p><strong>Maip\u00fa<\/strong>: Hospital Metraux, Centro de Salud Mental y Familiar, Hospital Paroissiens- Centro de Salud 237.<\/p>\n<p><strong>Rivadavia<\/strong>: Hospital Saporitti<\/p>\n<p><strong>La Paz<\/strong>: Hospital Arturo Illia<\/p>\n<p><strong>Santa Rosa<\/strong>: Hospital Arenas Raffo<\/p>\n<p><strong>Jun\u00edn<\/strong>: Centro de Salud N\u00b0162<\/p>\n<p><strong>San Mart\u00edn<\/strong>: Hospital Perrupato<\/p>\n<p><strong>Tunuy\u00e1n<\/strong>: Hospital Scaravelli.<\/p>\n<p><strong>Tupungato<\/strong>: Hospital Las Heras<\/p>\n<p><strong>San Carlos<\/strong>: Microhospital de La Consulta, CIC Chilecito, Centro de Salud El Cepillo<\/p>\n<p><strong>San Rafael<\/strong>: Hospital Schestakow<\/p>\n<p>G<strong>eneral Alvear<\/strong>: CIC MUNICIPAL<\/p>\n<p><strong>Malarg\u00fce<\/strong>: Hospital Regional de Malarg\u00fce<\/p>\n<p>[\/et_pb_text][\/et_pb_column][\/et_pb_row][\/et_pb_section]<\/p>\n","protected":false},"excerpt":{"rendered":"<p>Unidades Especializadas Departamentales: EFECTORES PPMI: Capital: CIC N 1 Capital, Centro de Salud N\u00b0 1-CIC B\u00b0 La Favorita Las Heras: Hospital Carrillo (Internaci\u00f3n y Ambulatorio), Hospital Chrabalowski Uspallata, Hospital Gailhac, Centro de Salud N\u00b025, Centro de Salud N\u00b0139 Godoy Cruz: Centro de Salud N\u00b030, Centro de Salud N\u00b0168, Centro de Salud N\u00b04 Lavalle: Centro de [&hellip;]<\/p>\n","protected":false},"author":18,"featured_media":0,"parent":0,"menu_order":0,"comment_status":"closed","ping_status":"closed","template":"","meta":{"_et_pb_use_builder":"on","_et_pb_old_content":"","_et_gb_content_width":"","footnotes":""},"class_list":["post-3315","page","type-page","status-publish","hentry"],"_links":{"self":[{"href":"https:\/\/informacionoficial.mendoza.gob.ar\/saludydeportes\/wp-json\/wp\/v2\/pages\/3315","targetHints":{"allow":["GET"]}}],"collection":[{"href":"https:\/\/informacionoficial.mendoza.gob.ar\/saludydeportes\/wp-json\/wp\/v2\/pages"}],"about":[{"href":"https:\/\/informacionoficial.mendoza.gob.ar\/saludydeportes\/wp-json\/wp\/v2\/types\/page"}],"author":[{"embeddable":true,"href":"https:\/\/informacionoficial.mendoza.gob.ar\/saludydeportes\/wp-json\/wp\/v2\/users\/18"}],"replies":[{"embeddable":true,"href":"https:\/\/informacionoficial.mendoza.gob.ar\/saludydeportes\/wp-json\/wp\/v2\/comments?post=3315"}],"version-history":[{"count":4,"href":"https:\/\/informacionoficial.mendoza.gob.ar\/saludydeportes\/wp-json\/wp\/v2\/pages\/3315\/revisions"}],"predecessor-version":[{"id":3320,"href":"https:\/\/informacionoficial.mendoza.gob.ar\/saludydeportes\/wp-json\/wp\/v2\/pages\/3315\/revisions\/3320"}],"wp:attachment":[{"href":"https:\/\/informacionoficial.mendoza.gob.ar\/saludydeportes\/wp-json\/wp\/v2\/media?parent=3315"}],"curies":[{"name":"wp","href":"https:\/\/api.w.org\/{rel}","templated":true}]}}