{"id":3357,"date":"2025-07-31T21:17:54","date_gmt":"2025-08-01T00:17:54","guid":{"rendered":"https:\/\/informacionoficial.mendoza.gob.ar\/saludydeportes\/?page_id=3357"},"modified":"2026-04-01T13:19:19","modified_gmt":"2026-04-01T16:19:19","slug":"el-faro-centro-de-dia-de-salud-mental-para-adolescentes","status":"publish","type":"page","link":"https:\/\/informacionoficial.mendoza.gob.ar\/saludydeportes\/el-faro-centro-de-dia-de-salud-mental-para-adolescentes\/","title":{"rendered":"El Faro \u2013 Centro de D\u00eda de Salud Mental para Adolescentes"},"content":{"rendered":"<p>[et_pb_section fb_built=\u00bb1&#8243; _builder_version=\u00bb4.27.4&#8243; _module_preset=\u00bbdefault\u00bb background_color=\u00bb#FFFFFF\u00bb background_enable_image=\u00bboff\u00bb background_size=\u00bbcontain\u00bb background_enable_video_mp4=\u00bboff\u00bb background_video_width=\u00bb100%\u00bb background_video_height=\u00bb100%\u00bb module_alignment=\u00bbcenter\u00bb min_height=\u00bb397px\u00bb custom_margin=\u00bb0px|0px|0px|0px|false|false\u00bb custom_padding=\u00bb0px|0px|0px|0px|false|false\u00bb locked=\u00bboff\u00bb global_colors_info=\u00bb{}\u00bb][et_pb_row _builder_version=\u00bb4.27.4&#8243; _module_preset=\u00bbdefault\u00bb custom_margin=\u00bb0px||0px||false|false\u00bb custom_padding=\u00bb1rem||1rem||true|false\u00bb global_colors_info=\u00bb{}\u00bb][et_pb_column type=\u00bb4_4&#8243; _builder_version=\u00bb4.27.4&#8243; _module_preset=\u00bbdefault\u00bb global_colors_info=\u00bb{}\u00bb][et_pb_heading title=\u00bbEl Faro \u2013 Centro de D\u00eda de Salud Mental para Adolescentes\u00bb _builder_version=\u00bb4.27.4&#8243; _module_preset=\u00bbdefault\u00bb title_font=\u00bb|600|||||||\u00bb title_text_color=\u00bb#000F9F\u00bb hover_enabled=\u00bb0&#8243; global_colors_info=\u00bb{}\u00bb sticky_enabled=\u00bb0&#8243;][\/et_pb_heading][\/et_pb_column][\/et_pb_row][et_pb_row _builder_version=\u00bb4.27.4&#8243; _module_preset=\u00bbdefault\u00bb custom_margin=\u00bb0px||0px||false|false\u00bb custom_padding=\u00bb1rem||1rem||true|false\u00bb global_colors_info=\u00bb{}\u00bb][et_pb_column type=\u00bb4_4&#8243; _builder_version=\u00bb4.27.4&#8243; _module_preset=\u00bbdefault\u00bb global_colors_info=\u00bb{}\u00bb][et_pb_text _builder_version=\u00bb4.27.4&#8243; _module_preset=\u00bbdefault\u00bb text_font=\u00bb&#8211;et_global_body_font||||||||\u00bb text_text_color=\u00bb#000000&#8243; text_font_size=\u00bb16px\u00bb text_line_height=\u00bb1.5em\u00bb header_font=\u00bb|600|||||||\u00bb hover_enabled=\u00bb0&#8243; global_colors_info=\u00bb{}\u00bb text_orientation=\u00bbjustified\u00bb sticky_enabled=\u00bb0&#8243;]<\/p>\n<p style=\"text-align: justify\">El Faro es un centro de d\u00eda p\u00fablico que brinda atenci\u00f3n en salud mental a adolescentes de 12 a 18 a\u00f1os que presentan dificultades para incluirse y sostenerse en otros dispositivos de abordaje o que requieren un acompa\u00f1amiento intensivo y continuado. Ofrece atenci\u00f3n ambulatoria a trav\u00e9s de un equipo interdisciplinario integrado por profesionales de Psicolog\u00eda, Trabajo Social, Comunicaci\u00f3n Social, Educaci\u00f3n F\u00edsica y Artes.<\/p>\n<p>[\/et_pb_text][\/et_pb_column][\/et_pb_row][et_pb_row column_structure=\u00bb1_2,1_2&#8243; _builder_version=\u00bb4.27.4&#8243; _module_preset=\u00bbdefault\u00bb global_colors_info=\u00bb{}\u00bb][et_pb_column type=\u00bb1_2&#8243; _builder_version=\u00bb4.27.4&#8243; _module_preset=\u00bbdefault\u00bb global_colors_info=\u00bb{}\u00bb][et_pb_blurb title=\u00bbEl Faro \u2013 Centro de D\u00eda de Salud Mental para Adolescentes\u00bb use_icon=\u00bbon\u00bb font_icon=\u00bb&#xe05c;||fa||900&#8243; icon_placement=\u00bbleft\u00bb content_max_width=\u00bb100%\u00bb _builder_version=\u00bb4.27.4&#8243; _module_preset=\u00bbdefault\u00bb header_font=\u00bb&#8211;et_global_heading_font|600|||||||\u00bb header_text_color=\u00bb#000F9F\u00bb header_font_size=\u00bb20px\u00bb body_font=\u00bb&#8211;et_global_body_font||||||||\u00bb body_text_color=\u00bb#000000&#8243; body_font_size=\u00bb15px\u00bb width=\u00bb100%\u00bb max_width=\u00bb100%\u00bb height=\u00bb100%\u00bb custom_margin=\u00bb0px|0px|0px|0px|false|false\u00bb custom_padding=\u00bb1rem|1rem|1rem|1rem|true|true\u00bb hover_enabled=\u00bb0&#8243; border_radii=\u00bbon|15px|15px|15px|15px\u00bb box_shadow_style=\u00bbpreset1&#8243; global_colors_info=\u00bb{}\u00bb sticky_enabled=\u00bb0&#8243;]<\/p>\n<p style=\"text-align: justify\"><strong>Direcci\u00f3n<\/strong>: CIC de Fray Luis Beltr\u00e1n, Maip\u00fa (Los \u00c1lamos y Ruta Nac.7)<br \/><strong>Celular<\/strong>: 261 6950866<br \/><strong>Mail<\/strong>: elfarocentrodediamdz@gmail.com<br \/><strong>Horario<\/strong>: Lunes a viernes, de 8.30 a 14.30.<\/p>\n<p>[\/et_pb_blurb][\/et_pb_column][et_pb_column type=\u00bb1_2&#8243; _builder_version=\u00bb4.27.4&#8243; _module_preset=\u00bbdefault\u00bb global_colors_info=\u00bb{}\u00bb][\/et_pb_column][\/et_pb_row][\/et_pb_section]<\/p>\n","protected":false},"excerpt":{"rendered":"<p>El Faro es un centro de d\u00eda p\u00fablico que brinda atenci\u00f3n en salud mental a adolescentes de 12 a 18 a\u00f1os que presentan dificultades para incluirse y sostenerse en otros dispositivos de abordaje o que requieren un acompa\u00f1amiento intensivo y continuado. Ofrece atenci\u00f3n ambulatoria a trav\u00e9s de un equipo interdisciplinario integrado por profesionales de Psicolog\u00eda, [&hellip;]<\/p>\n","protected":false},"author":18,"featured_media":0,"parent":0,"menu_order":0,"comment_status":"closed","ping_status":"closed","template":"","meta":{"_et_pb_use_builder":"on","_et_pb_old_content":"","_et_gb_content_width":"","footnotes":""},"class_list":["post-3357","page","type-page","status-publish","hentry"],"_links":{"self":[{"href":"https:\/\/informacionoficial.mendoza.gob.ar\/saludydeportes\/wp-json\/wp\/v2\/pages\/3357","targetHints":{"allow":["GET"]}}],"collection":[{"href":"https:\/\/informacionoficial.mendoza.gob.ar\/saludydeportes\/wp-json\/wp\/v2\/pages"}],"about":[{"href":"https:\/\/informacionoficial.mendoza.gob.ar\/saludydeportes\/wp-json\/wp\/v2\/types\/page"}],"author":[{"embeddable":true,"href":"https:\/\/informacionoficial.mendoza.gob.ar\/saludydeportes\/wp-json\/wp\/v2\/users\/18"}],"replies":[{"embeddable":true,"href":"https:\/\/informacionoficial.mendoza.gob.ar\/saludydeportes\/wp-json\/wp\/v2\/comments?post=3357"}],"version-history":[{"count":8,"href":"https:\/\/informacionoficial.mendoza.gob.ar\/saludydeportes\/wp-json\/wp\/v2\/pages\/3357\/revisions"}],"predecessor-version":[{"id":6941,"href":"https:\/\/informacionoficial.mendoza.gob.ar\/saludydeportes\/wp-json\/wp\/v2\/pages\/3357\/revisions\/6941"}],"wp:attachment":[{"href":"https:\/\/informacionoficial.mendoza.gob.ar\/saludydeportes\/wp-json\/wp\/v2\/media?parent=3357"}],"curies":[{"name":"wp","href":"https:\/\/api.w.org\/{rel}","templated":true}]}}