{"id":3374,"date":"2025-07-31T23:31:58","date_gmt":"2025-08-01T02:31:58","guid":{"rendered":"https:\/\/informacionoficial.mendoza.gob.ar\/saludydeportes\/?page_id=3374"},"modified":"2026-01-19T12:36:07","modified_gmt":"2026-01-19T15:36:07","slug":"departamento-de-evaluacion-regulacion-y-fiscalizacion-de-la-investigacion-en-salud","status":"publish","type":"page","link":"https:\/\/informacionoficial.mendoza.gob.ar\/saludydeportes\/departamento-de-evaluacion-regulacion-y-fiscalizacion-de-la-investigacion-en-salud\/","title":{"rendered":"Departamento de Evaluaci\u00f3n, Regulaci\u00f3n y Fiscalizaci\u00f3n de la Investigaci\u00f3n en Salud"},"content":{"rendered":"<p>[et_pb_section fb_built=\u00bb1&#8243; _builder_version=\u00bb4.27.4&#8243; _module_preset=\u00bbdefault\u00bb background_color=\u00bb#FFFFFF\u00bb background_enable_image=\u00bboff\u00bb background_size=\u00bbcontain\u00bb background_enable_video_mp4=\u00bboff\u00bb background_video_width=\u00bb100%\u00bb background_video_height=\u00bb100%\u00bb module_alignment=\u00bbcenter\u00bb min_height=\u00bb397px\u00bb custom_margin=\u00bb0px|0px|0px|0px|false|false\u00bb custom_padding=\u00bb0px|0px|0px|0px|false|false\u00bb locked=\u00bboff\u00bb global_colors_info=\u00bb{}\u00bb][et_pb_row _builder_version=\u00bb4.27.4&#8243; _module_preset=\u00bbdefault\u00bb custom_margin=\u00bb0px||0px||false|false\u00bb custom_padding=\u00bb1rem||1rem||true|false\u00bb global_colors_info=\u00bb{}\u00bb][et_pb_column type=\u00bb4_4&#8243; _builder_version=\u00bb4.27.4&#8243; _module_preset=\u00bbdefault\u00bb global_colors_info=\u00bb{}\u00bb][et_pb_heading title=\u00bbDepartamento de Evaluaci\u00f3n, Regulaci\u00f3n y Fiscalizaci\u00f3n de la Investigaci\u00f3n en Salud\u00bb _builder_version=\u00bb4.27.4&#8243; _module_preset=\u00bbdefault\u00bb title_text_color=\u00bb#000F9F\u00bb global_colors_info=\u00bb{}\u00bb][\/et_pb_heading][\/et_pb_column][\/et_pb_row][et_pb_row _builder_version=\u00bb4.27.4&#8243; _module_preset=\u00bbdefault\u00bb custom_margin=\u00bb0px||0px||false|false\u00bb custom_padding=\u00bb1rem||1rem||true|false\u00bb global_colors_info=\u00bb{}\u00bb][et_pb_column type=\u00bb4_4&#8243; _builder_version=\u00bb4.27.4&#8243; _module_preset=\u00bbdefault\u00bb global_colors_info=\u00bb{}\u00bb][et_pb_text _builder_version=\u00bb4.27.4&#8243; _module_preset=\u00bbdefault\u00bb text_font=\u00bb&#8211;et_global_body_font||||||||\u00bb text_text_color=\u00bb#000000&#8243; text_font_size=\u00bb18px\u00bb text_line_height=\u00bb1.5em\u00bb header_font=\u00bb|600|||||||\u00bb hover_enabled=\u00bb0&#8243; global_colors_info=\u00bb{}\u00bb sticky_enabled=\u00bb0&#8243;]<\/p>\n<p style=\"text-align: justify\"><strong>Registro Provincial de Investigaci\u00f3n en Salud (RePRIS)<\/strong><\/p>\n<p style=\"text-align: justify\"><strong>Registro de Investigadores<\/strong><\/p>\n<ul>\n<li style=\"text-align: justify\"><a href=\"https:\/\/infosalud.mendoza.gov.ar\/sisap\/interfaz\/Controlador.php?accion=cargar&amp;formulario=ReprisRegistroDeInvestigadores&amp;paso=1&amp;viene=sistema&amp;grupo=1\">Alta en el registro \u2013 Video explicativo<\/a><\/li>\n<li style=\"text-align: justify\"><a href=\"https:\/\/infosalud.mendoza.gov.ar\/sisap\/interfaz\/Controlador.php?accion=consultaPredefinida&amp;paso=2&amp;categoria=ReprisRegistroDeInvestigadores&amp;consulta=Tabla1Investigadores&amp;formulario=ReprisRegistroDeInvestigadores&amp;ruta=ReprisRegistroDeInvestigadores\">Listado de Investigadores<\/a><\/li>\n<\/ul>\n<p style=\"text-align: justify\"><strong>Registro de Investigaciones<\/strong><\/p>\n<ul>\n<li style=\"text-align: justify\"><a href=\"https:\/\/infosalud.mendoza.gov.ar\/error\/403.php\">Inscripci\u00f3n\/modificaci\u00f3n de Protocolo<\/a><\/li>\n<li style=\"text-align: justify\"><a href=\"https:\/\/mza-dicaws-portal-uploads-media-prod.s3.us-east-1.amazonaws.com\/informacion-oficial\/uploads\/sites\/15\/2025\/08\/Procedimiento-Carta-Acuerdo-Protocolos-en-Efectores-Publicos.pdf\">Procedimiento Carta Acuerdo Protocolos en Efectores P\u00fablicos<\/a><\/li>\n<li style=\"text-align: justify\"><a href=\"https:\/\/mza-dicaws-portal-uploads-media-prod.s3.amazonaws.com\/informacion-oficial\/uploads\/sites\/15\/2025\/10\/Procedmiento-Inscripcion-Protocolo-de-Investigacion-en-RePRIS.2025docx.pdf\">Nuevo documento de procedimiento de inscripci\u00f3n 2025<\/a><\/li>\n<li style=\"text-align: justify\"><a href=\"https:\/\/mza-dicaws-portal-uploads-media-prod.s3.amazonaws.com\/informacion-oficial\/uploads\/sites\/15\/2025\/10\/2428-Nuevos-Montos-Repris-2025.pdf\">Resoluci\u00f3n de cambio de Montos 2428\/2025<\/a><\/li>\n<\/ul>\n<p><strong>Consejo Provincial de Evaluaci\u00f3n \u00c9tica en Investigaci\u00f3n \u2013 CoPEIS<\/strong><br \/>Misi\u00f3n<br \/>El Consejo Provincial de Evaluaci\u00f3n \u00e9tica en investigaci\u00f3n CoPEIS, tiene como prop\u00f3sito contribuir a la calidad cient\u00edfica y \u00e9tica de las investigaciones que se desarrollen en seres humanos dentro del \u00e1mbito de la provincia de Mendoza, velando por el resguardo de la seguridad de los sujetos que participan en las mismas.<br \/>Las investigaciones que se encuentren enmarcadas dentro de lo establecido en los art\u00edculos 10, 29 y 30 de la Resoluci\u00f3n 2583\/09 y lo establecido en el Documento de Posicionamiento de Anticuerpos Monoclonales (ver abajo) deben ser evaluadas por el COPEIS antes de su inicio. Se detalla procedimiento en instructivo que encuentra al final de la pagina.<\/p>\n<p><a href=\"https:\/\/mza-dicaws-portal-uploads-media-prod.s3.us-east-1.amazonaws.com\/informacion-oficial\/uploads\/sites\/15\/2025\/08\/RES-3389-19_Reglamento-Copeis-1.pdf\">Reglamento de Funcionamiento de CoPEIS. Resoluci\u00f3n 3389\/19<\/a><\/p>\n<p><strong>Miembros del CoPEIS<\/strong><\/p>\n<ul>\n<li><a href=\"https:\/\/mza-dicaws-portal-uploads-media-prod.s3.us-east-1.amazonaws.com\/informacion-oficial\/uploads\/sites\/15\/2025\/08\/RS-CoPEIS.23.pdf\">Miembros Representantes del Ministerio de Salud<\/a><\/li>\n<\/ul>\n<p><strong>Procedimientos Operativos POES \u2013 CoPEIS<\/strong><\/p>\n<p>Los protocolos que deben ser evaluados por CoPEIS deber\u00e1n presentar la documentaci\u00f3n correspondiente en ESPA\u00d1OL y el l\u00edmite de presentaci\u00f3n son 10 d\u00edas h\u00e1biles previos a la fecha de reuni\u00f3n.<br \/>La presentaci\u00f3n de la documentaci\u00f3n para estudios que se realicen en efectores p\u00fablicos estatales la debe realizar el CEIS institucional; para el caso de los centros privados la debe realizar el coordinador del estudio.<br \/>El resultado de la evaluaci\u00f3n ser\u00e1 comunicado 72hs posteriores de la pr\u00f3xima reuni\u00f3n en la que se halla presentado la documentaci\u00f3n del protocolo a los miembros del CoPEIS.<\/p>\n<ul>\n<li><a href=\"https:\/\/mza-dicaws-portal-uploads-media-prod.s3.us-east-1.amazonaws.com\/informacion-oficial\/uploads\/sites\/15\/2025\/08\/Procedimiento-solicitud-de-Evaluacion-de-Protocolo-CoPEIS.pdf\">Procedimiento para la solicitud de Evaluaci\u00f3n de Protocolos de Investigaci\u00f3n en CoPEIS<\/a><\/li>\n<li><a href=\"https:\/\/mza-dicaws-portal-uploads-media-prod.s3.us-east-1.amazonaws.com\/informacion-oficial\/uploads\/sites\/15\/2025\/08\/CHECK-LIST-PARA-LA-RECEPCION-DE-SOLICITUD-DE-EVALUACION-DE-PROTOCOLOS-DE-INVESTIGACION-PARA-EL-COPEIS.2023.pdf\">Checklist para la recepci\u00f3n de solicitud de evaluaci\u00f3n de protocolos de investigaci\u00f3n para CoPEIS<\/a><\/li>\n<\/ul>\n<table style=\"border-collapse: collapse;width: 100%\" border=\"1\">\n<tbody>\n<tr>\n<td style=\"width: 100%\"><img loading=\"lazy\" decoding=\"async\" src=\"https:\/\/mza-dicaws-portal-uploads-media-prod.s3.amazonaws.com\/informacion-oficial\/uploads\/sites\/15\/2026\/01\/Cronograma-COPIES-2026.-1er.-semestre-1024x791.jpg\" width=\"1024\" height=\"791\" alt=\"\" class=\"wp-image-6137 aligncenter size-large\" srcset=\"https:\/\/mza-dicaws-portal-uploads-media-prod.s3.amazonaws.com\/informacion-oficial\/uploads\/sites\/15\/2026\/01\/Cronograma-COPIES-2026.-1er.-semestre-980x757.jpg 980w, https:\/\/mza-dicaws-portal-uploads-media-prod.s3.amazonaws.com\/informacion-oficial\/uploads\/sites\/15\/2026\/01\/Cronograma-COPIES-2026.-1er.-semestre-480x371.jpg 480w\" sizes=\"(min-width: 0px) and (max-width: 480px) 480px, (min-width: 481px) and (max-width: 980px) 980px, (min-width: 981px) 1024px, 100vw\" \/><\/td>\n<\/tr>\n<\/tbody>\n<\/table>\n<p>&nbsp;<\/p>\n<p><strong>Contingencias COVID-19<\/strong><\/p>\n<ul>\n<li><a href=\"https:\/\/mza-dicaws-portal-uploads-media-prod.s3.us-east-1.amazonaws.com\/informacion-oficial\/uploads\/sites\/15\/2025\/08\/Dispo.N\u00b021-COVID-19.pdf\">Disposici\u00f3n N\u00b021 EFC-COVID-19<\/a><\/li>\n<li><a href=\"https:\/\/mza-dicaws-portal-uploads-media-prod.s3.us-east-1.amazonaws.com\/informacion-oficial\/uploads\/sites\/15\/2025\/08\/Diferencias-entre-INVESt_VIGILEPID_covid.pdf\">Investigaci\u00f3n \u2013 Vigilancia Epidemiol\u00f3gica Covid-19<\/a><\/li>\n<\/ul>\n<p><strong>Marco Legal y Documentos T\u00e9cnicos<\/strong><\/p>\n<ul>\n<li><a href=\"https:\/\/mza-dicaws-portal-uploads-media-prod.s3.us-east-1.amazonaws.com\/informacion-oficial\/uploads\/sites\/15\/2025\/08\/Resol.1413.24-Ampliacion-1227.15-1.pdf\">Resolucion N\u00b0 1413\/24 -actualizaci\u00f3n de la REsol. N\u00b0 1227\/15 y ampliatoria de la Resol N\u00b02583\/09<\/a><\/li>\n<li><a href=\"https:\/\/mza-dicaws-portal-uploads-media-prod.s3.us-east-1.amazonaws.com\/informacion-oficial\/uploads\/sites\/15\/2025\/08\/Resolucion-1412.24-Ampliacion-1252.17.pdf\">Resoluci\u00f3n N\u00b0 1412\/24 Actualizaci\u00f3n y ampliaci\u00f3n de la Resoluci\u00f3n N\u00b01252\/17<\/a><\/li>\n<li><a href=\"https:\/\/mza-dicaws-portal-uploads-media-prod.s3.us-east-1.amazonaws.com\/informacion-oficial\/uploads\/sites\/15\/2025\/08\/Resolucion-2334.Constitucion-del-Consejo-provincial-.pdf\">Resoluci\u00f3n 2334 \u2013 Constituci\u00f3n del Consejo Provincial de Evaluaci\u00f3n \u00c9tica en Investigaci\u00f3n<\/a><\/li>\n<li><a href=\"https:\/\/mza-dicaws-portal-uploads-media-prod.s3.us-east-1.amazonaws.com\/informacion-oficial\/uploads\/sites\/15\/2025\/08\/Resolucion-2583-del-ano-2009-Sistema-de-Registro-Evaluacion-y-Fiscalizacion-de-las-Investigacion-en-Mendoza.pdf\">Resoluci\u00f3n 2583 a\u00f1o 2009 \u2013 Sistema de Registro Evaluaci\u00f3n y Fiscalizaci\u00f3n de las Investigaci\u00f3n en Mendoza<\/a><\/li>\n<li><a href=\"https:\/\/mza-dicaws-portal-uploads-media-prod.s3.us-east-1.amazonaws.com\/informacion-oficial\/uploads\/sites\/15\/2025\/08\/Resolucion-1227-del-ano-2015-ampliacion-de-la-Resolucion-2583.pdf\">Resoluci\u00f3n 1227 a\u00f1o 2015 \u2013 Ampliaci\u00f3n de la Resoluci\u00f3n 2583<\/a><\/li>\n<li><a href=\"https:\/\/mza-dicaws-portal-uploads-media-prod.s3.us-east-1.amazonaws.com\/informacion-oficial\/uploads\/sites\/15\/2025\/08\/Posicionamiento-monoclonales.pdf\">Posicionamiento del Co.P.E.IS en referencia a los PROTOCOLOS DE INVESTIGACI\u00d3N que involucren ANTICUERPOS MONOCLONALES (AcM)<\/a><\/li>\n<li><a href=\"https:\/\/mza-dicaws-portal-uploads-media-prod.s3.us-east-1.amazonaws.com\/informacion-oficial\/uploads\/sites\/15\/2025\/08\/Documento-Posicionamiento-Biobancos-y-Genetica.pdf\">Documento de Posicionamiento Biobancos y Gen\u00e9tica<\/a><\/li>\n<li><a href=\"https:\/\/mza-dicaws-portal-uploads-media-prod.s3.us-east-1.amazonaws.com\/informacion-oficial\/uploads\/sites\/15\/2025\/08\/Ley-No-9538-.pdf\">Ley N\u00ba 9538<\/a><\/li>\n<\/ul>\n<p><strong>Marco Legal y Documentos T\u00e9cnicos<\/strong><\/p>\n<ul>\n<li><a href=\"https:\/\/mza-dicaws-portal-uploads-media-prod.s3.us-east-1.amazonaws.com\/informacion-oficial\/uploads\/sites\/15\/2025\/08\/1252-COMITE-DE-ETICA-DE-INVESTIGACION-EN-SALUD-CEIS.pdf\">Resoluci\u00f3n 1252\/17 Acreditaci\u00f3n registro y funcionalizaci\u00f3n de los comit\u00e9s de \u00e9tica de Investigaci\u00f3n en la provincia de Mendoza<\/a><\/li>\n<li><a href=\"https:\/\/mza-dicaws-portal-uploads-media-prod.s3.us-east-1.amazonaws.com\/informacion-oficial\/uploads\/sites\/15\/2025\/08\/Dispo-No-5.pdf\">Disposicion 05\/19 -Requisitos evaluaci\u00f3n de protocolos y emisi\u00f3n de dict\u00e1menes<\/a><\/li>\n<li><a href=\"https:\/\/mza-dicaws-portal-uploads-media-prod.s3.us-east-1.amazonaws.com\/informacion-oficial\/uploads\/sites\/15\/2025\/08\/POES.CEIS_.2019.pdf\">Disposici\u00f3n 06\/19- POES Acreditaci\u00f3n, Registro, Supervisi\u00f3n, CEIS Mza.<strong><\/strong><\/a><\/li>\n<\/ul>\n<p><strong>CEIS acreditados en la provincia de Mendoza<\/strong><\/p>\n<ul>\n<li><a href=\"https:\/\/mza-dicaws-portal-uploads-media-prod.s3.us-east-1.amazonaws.com\/informacion-oficial\/uploads\/sites\/15\/2025\/08\/LISTADO-DE-CEIS-ACREDITADOS-EN-MENDOZA-2024.pdf\">CEIS acreditados<\/a><\/li>\n<li><a href=\"https:\/\/infosalud.mendoza.gov.ar\/sisap\/interfaz\/Controlador.php?accion=consultaPredefinida&amp;paso=2&amp;categoria=RepComites&amp;consulta=Tabla1Comites&amp;formulario=RepComites&amp;ruta=RepComites\">Registro de Comit\u00e9s<\/a><\/li>\n<\/ul>\n<p>[\/et_pb_text][\/et_pb_column][\/et_pb_row][\/et_pb_section]<\/p>\n","protected":false},"excerpt":{"rendered":"<p>Registro Provincial de Investigaci\u00f3n en Salud (RePRIS) Registro de Investigadores Alta en el registro \u2013 Video explicativo Listado de Investigadores Registro de Investigaciones Inscripci\u00f3n\/modificaci\u00f3n de Protocolo Procedimiento Carta Acuerdo Protocolos en Efectores P\u00fablicos Nuevo documento de procedimiento de inscripci\u00f3n 2025 Resoluci\u00f3n de cambio de Montos 2428\/2025 Consejo Provincial de Evaluaci\u00f3n \u00c9tica en Investigaci\u00f3n \u2013 CoPEISMisi\u00f3nEl [&hellip;]<\/p>\n","protected":false},"author":18,"featured_media":0,"parent":0,"menu_order":0,"comment_status":"closed","ping_status":"closed","template":"","meta":{"_et_pb_use_builder":"on","_et_pb_old_content":"","_et_gb_content_width":"","footnotes":""},"class_list":["post-3374","page","type-page","status-publish","hentry"],"_links":{"self":[{"href":"https:\/\/informacionoficial.mendoza.gob.ar\/saludydeportes\/wp-json\/wp\/v2\/pages\/3374","targetHints":{"allow":["GET"]}}],"collection":[{"href":"https:\/\/informacionoficial.mendoza.gob.ar\/saludydeportes\/wp-json\/wp\/v2\/pages"}],"about":[{"href":"https:\/\/informacionoficial.mendoza.gob.ar\/saludydeportes\/wp-json\/wp\/v2\/types\/page"}],"author":[{"embeddable":true,"href":"https:\/\/informacionoficial.mendoza.gob.ar\/saludydeportes\/wp-json\/wp\/v2\/users\/18"}],"replies":[{"embeddable":true,"href":"https:\/\/informacionoficial.mendoza.gob.ar\/saludydeportes\/wp-json\/wp\/v2\/comments?post=3374"}],"version-history":[{"count":8,"href":"https:\/\/informacionoficial.mendoza.gob.ar\/saludydeportes\/wp-json\/wp\/v2\/pages\/3374\/revisions"}],"predecessor-version":[{"id":6138,"href":"https:\/\/informacionoficial.mendoza.gob.ar\/saludydeportes\/wp-json\/wp\/v2\/pages\/3374\/revisions\/6138"}],"wp:attachment":[{"href":"https:\/\/informacionoficial.mendoza.gob.ar\/saludydeportes\/wp-json\/wp\/v2\/media?parent=3374"}],"curies":[{"name":"wp","href":"https:\/\/api.w.org\/{rel}","templated":true}]}}