{"id":3392,"date":"2025-08-01T09:28:21","date_gmt":"2025-08-01T12:28:21","guid":{"rendered":"https:\/\/informacionoficial.mendoza.gob.ar\/saludydeportes\/?page_id=3392"},"modified":"2025-10-13T12:10:31","modified_gmt":"2025-10-13T15:10:31","slug":"atencion-ciudadana-deportes","status":"publish","type":"page","link":"https:\/\/informacionoficial.mendoza.gob.ar\/saludydeportes\/ministerio-de-salud-y-deportes\/deportes\/atencion-ciudadana-deportes\/","title":{"rendered":"Atenci\u00f3n Ciudadana Deportes"},"content":{"rendered":"<p>[et_pb_section fb_built=\u00bb1&#8243; _builder_version=\u00bb4.27.4&#8243; _module_preset=\u00bbdefault\u00bb background_color=\u00bb#f2f2f2&#8243; custom_margin=\u00bb||||false|false\u00bb custom_padding=\u00bb1rem||1rem||false|false\u00bb locked=\u00bboff\u00bb global_colors_info=\u00bb{}\u00bb][et_pb_row _builder_version=\u00bb4.27.4&#8243; _module_preset=\u00bbdefault\u00bb custom_margin=\u00bb1rem||||false|false\u00bb custom_padding=\u00bb1rem||1rem||false|false\u00bb locked=\u00bboff\u00bb global_colors_info=\u00bb{}\u00bb][et_pb_column type=\u00bb4_4&#8243; _builder_version=\u00bb4.27.4&#8243; _module_preset=\u00bbdefault\u00bb global_colors_info=\u00bb{}\u00bb][et_pb_post_title meta=\u00bboff\u00bb featured_image=\u00bboff\u00bb _builder_version=\u00bb4.27.4&#8243; _module_preset=\u00bbdefault\u00bb title_font=\u00bb|700|||||||\u00bb title_text_align=\u00bbcenter\u00bb title_text_color=\u00bb#000000&#8243; title_font_size=\u00bb30px\u00bb background_color=\u00bb#FFFFFF\u00bb module_alignment=\u00bbcenter\u00bb custom_margin=\u00bb0px||0px||false|false\u00bb custom_padding=\u00bb1em||1em||false|false\u00bb title_font_size_tablet=\u00bb30px\u00bb title_font_size_phone=\u00bb26px\u00bb title_font_size_last_edited=\u00bbon|phone\u00bb border_radii=\u00bbon|15px|15px|15px|15px\u00bb box_shadow_style=\u00bbpreset1&#8243; global_colors_info=\u00bb{}\u00bb][\/et_pb_post_title][\/et_pb_column][\/et_pb_row][et_pb_row _builder_version=\u00bb4.27.4&#8243; _module_preset=\u00bbdefault\u00bb global_colors_info=\u00bb{}\u00bb][et_pb_column type=\u00bb4_4&#8243; _builder_version=\u00bb4.27.4&#8243; _module_preset=\u00bbdefault\u00bb global_colors_info=\u00bb{}\u00bb][et_pb_code _builder_version=\u00bb4.27.4&#8243; _module_preset=\u00bbdefault\u00bb width=\u00bb100%\u00bb max_width=\u00bb100%\u00bb custom_css_free_form=\u00bb.custom-search-form {||    text-align: center;||    margin: 20px auto;||    max-width: 80%;||    border: 1px solid #ccc;||    padding: 20px 4px;||    border-radius: 50px;||    font-size: 20px;||    box-shadow: 0 4px 8px rgba(0, 0, 0, 0.1);||    background: white;||    display: flex;||    flex-wrap: wrap;||    justify-content: center;||    gap: 10px;||}||||.custom-search-input {||    padding: 10px;||    width: 70%;||    border: none !important;||    background: transparent;||    border-radius: 50px;||    font-size: 20px;||}||||.custom-search-button {||    padding: 15px 20px 15px  20px;||    border: none;||    border-radius: 40px;||    background: rgb(223, 172, 107);||    color: white;||    font-size: 15px;||    cursor: pointer;||  \twidth:100px;||}||.custom-search-button img{||  display:none;||}||||||\/* Estilos responsive para m\u00f3viles *\/||@media screen and (max-width: 768px) {||    .custom-search-input {||        width: 70%;||        font-size: 18px;||    }||  .custom-search-input::placeholder {||    font-size: 12px;||}||||    .custom-search-button {||        width: 20%;||        padding: 15px;||        font-size: 16px;||    }||  .custom-search-button img{||    width:20px;||    display:flex||  }|| .custom-search-button p{||    display: none;||  }||    .custom-search-form {||        padding: 10px;||        font-size: 18px;||    }||}||\u00bb global_colors_info=\u00bb{}\u00bb]\n    <form method=\"get\" action=\"https:\/\/atencionciudadana.mendoza.gob.ar\/\" class=\"custom-search-form\">\n        <input type=\"text\" name=\"s\" placeholder=\"\u00bfQu\u00e9 tr\u00e1mite necesit\u00e1s?\" class=\"custom-search-input\" value=\"\" required>\n        <button type=\"submit\" class=\"custom-search-button\"><p>Buscar<\/p><image src=\"http:\/\/atencionciudadana.mendoza.gob.ar\/wp-content\/uploads\/2025\/06\/Diseno_sin_titulo__1_-removebg-preview.png\" alt=\"buscar\"\/><\/button>\n    <\/form>\n\n\n    [\/et_pb_code][\/et_pb_column][\/et_pb_row][et_pb_row use_custom_gutter=\u00bbon\u00bb gutter_width=\u00bb2&#8243; make_equal=\u00bbon\u00bb _builder_version=\u00bb4.27.4&#8243; _module_preset=\u00bbdefault\u00bb custom_margin=\u00bb0px||0px||false|false\u00bb custom_padding=\u00bb1rem||1rem||true|false\u00bb locked=\u00bboff\u00bb global_colors_info=\u00bb{}\u00bb][et_pb_column type=\u00bb4_4&#8243; _builder_version=\u00bb4.27.4&#8243; _module_preset=\u00bbdefault\u00bb custom_padding=\u00bb1em||||false|false\u00bb global_colors_info=\u00bb{}\u00bb][et_pb_text module_id=\u00bbcultura\u00bb _builder_version=\u00bb4.27.4&#8243; _module_preset=\u00bbdefault\u00bb text_font=\u00bb|600|||||||\u00bb text_text_color=\u00bb#FFFFFF\u00bb text_font_size=\u00bb20px\u00bb background_color=\u00bb#3CB4E5&#8243; custom_margin=\u00bb0px||0px||true|false\u00bb custom_padding=\u00bb1rem||1rem||true|false\u00bb border_radii=\u00bboff|15px|15px||\u00bb global_colors_info=\u00bb{}\u00bb]<\/p>\n<p style=\"text-align: center\">Deportes<\/p>\n<p>[\/et_pb_text][et_pb_toggle title=\u00bbVer tr\u00e1mites\u00bb _builder_version=\u00bb4.27.4&#8243; _module_preset=\u00bbdefault\u00bb hover_enabled=\u00bb0&#8243; global_colors_info=\u00bb{}\u00bb sticky_enabled=\u00bb0&#8243;]<\/p>\n<p>&nbsp;<\/p>\n<ul>\n<li><a href=\"https:\/\/atencionciudadana.mendoza.gob.ar\/reduccion-tarifa-electrica-a-clubes\/\">Reducci\u00f3n Tarifa El\u00e9ctrica a clubes<\/a><\/li>\n<li><a href=\"https:\/\/atencionciudadana.mendoza.gob.ar\/solicitud-de-instalaciones-externas\/\">Solicitud de Instalaciones Externas<\/a><\/li>\n<li><a href=\"https:\/\/mza-dicaws-portal-uploads-media-prod.s3.amazonaws.com\/informacion-oficial\/uploads\/sites\/15\/2025\/05\/REQUISITOS-PARA-REG.-INSTITUCIONES-DXTIVAS-2025.pdf\">Requisitos para registrar instituciones deportivas<\/a><\/li>\n<\/ul>\n<p><strong>GIMNASIOS<\/strong><\/p>\n<ul>\n<li><a href=\"https:\/\/atencionciudadana.mendoza.gob.ar\/registro-de-gimnasios\/\">Instructivo de Registro de Gimnasios<\/a><\/li>\n<li><a href=\"https:\/\/atencionciudadana.mendoza.gob.ar\/solicitud-de-registro-e-inscripcion-de-gimnasios\/\">Solicitud de Registro e Inscripci\u00f3n de Gimnasios<\/a><\/li>\n<li><a href=\"https:\/\/mza-dicaws-portal-uploads-media-prod.s3.amazonaws.com\/informacion-oficial\/uploads\/sites\/15\/2025\/09\/R2-Solicitud-de-registro-e-inscripciones-de-gimnasios-2025.pdf\">Ficha de Inscripci\u00f3n y Registro de Gimnasios<\/a><\/li>\n<li><a href=\"https:\/\/atencionciudadana.mendoza.gob.ar\/solicitud-de-alta-baja-propietario-gimnasio\/\">Solicitud de Alta\/Baja Propietario Gimnasio<\/a><\/li>\n<li><a href=\"https:\/\/atencionciudadana.mendoza.gob.ar\/solicitud-de-alta-baja-director-tecnico\/\">Solicitud de Alta\/Baja Director T\u00e9cnico<\/a><\/li>\n<li><a href=\"https:\/\/atencionciudadana.mendoza.gob.ar\/solicitud-de-alta-baja-profesor\/\">Solicitud de Alta\/Baja Profesor<\/a><\/li>\n<li><a href=\"https:\/\/atencionciudadana.mendoza.gob.ar\/solicitud-de-alta-baja-tecnico-instructor\/\">Solicitud de Alta\/Baja T\u00e9cnico\/Instructor<\/a><\/li>\n<li><a href=\"https:\/\/atencionciudadana.mendoza.gob.ar\/registro-de-entrenadores-tecnicos-instructores-deportivos-y-profesores\/\">Registro de entrenadores, t\u00e9cnicos, instructores deportivos y profesores<\/a><\/li>\n<\/ul>\n<p><strong>SUBSIDIOS<\/strong><\/p>\n<ul>\n<li><a href=\"https:\/\/atencionciudadana.mendoza.gob.ar\/solicitud-subsidios-municipios\/\">Solicitud Subsidios Municipios<\/a><\/li>\n<li><a href=\"https:\/\/atencionciudadana.mendoza.gob.ar\/solicitud-subsidios-personas-humanas\/\">Solicitud Subsidios Personas Humanas<\/a><\/li>\n<li><a href=\"https:\/\/atencionciudadana.mendoza.gob.ar\/solicitud-subsidios-personas-juridicas-entidades-deportivas\/\">Solicitud Subsidios Personas Jur\u00eddicas &#8211; Entidades Deportivas<\/a><\/li>\n<li><a href=\"https:\/\/atencionciudadana.mendoza.gob.ar\/solicitud-subsidios-personas-juridicas-otras-entidades\/\">Solicitud Subsidios Personas Jur\u00eddicas &#8211; Otras Entidades<\/a><\/li>\n<\/ul>\n<ul>\n<li><a href=\"https:\/\/atencionciudadana.mendoza.gob.ar\/solicitud-becas-de-estudio-universitario-para-deportistas-federados\/\">Solicitud de Becas Deportivas para Estudiantes Universitarios<\/a><\/li>\n<li><a href=\"https:\/\/atencionciudadana.mendoza.gob.ar\/solicitud-controles-centro-de-promocion-de-la-salud-y-medicina-deportiva\/\">Solicitud Controles &#8211; Centro de Promoci\u00f3n de la Salud y Medicina Deportiva<\/a><\/li>\n<li><a href=\"\/\/atencionciudadana.mendoza.gob.ar\/visitas-guiadas-senti-malvinas-para-turistas-parea-instituciones\/\">Visitas guiadas &#8216;Sent\u00ed Malvinas&#8217; para Turistas parea instituciones<\/a><\/li>\n<li><a href=\"https:\/\/atencionciudadana.mendoza.gob.ar\/visitas-guiadas-senti-malvinas-para-turistas-para-turistas-y-publico-en-general\/\">Visitas guiadas &#8216;Sent\u00ed Malvinas&#8217; para Turistas y p\u00fablico en general<\/a><\/li>\n<li><a href=\"https:\/\/atencionciudadana.mendoza.gob.ar\/solicitud-programa-volve-al-club\/\">Solicitud Programa \u201cVolv\u00e9 al Club\u201d<\/a><\/li>\n<li><a href=\"https:\/\/atencionciudadana.mendoza.gob.ar\/formulario-requisitos-autorizacion-de-eventos-de-deporte-aventura-y-alto-riesgo\/\">Formulario requisitos autorizaci\u00f3n de eventos de deporte aventura y alto riesgo<\/a><\/li>\n<li><a href=\"https:\/\/mza-dicaws-portal-uploads-media-prod.s3.amazonaws.com\/informacion-oficial\/uploads\/sites\/15\/2025\/05\/REQUISITOS-LICENCIA-2025.pdf\">Solicitud Licencia especial deportiva<\/a><\/li>\n<\/ul>\n<ul>\n<li><a href=\"https:\/\/mza-dicaws-portal-uploads-media-prod.s3.amazonaws.com\/informacion-oficial\/uploads\/sites\/15\/2025\/05\/DECLARACION-JURADA-USO-PISTA-PROVINCIAL-DE-ATLETISMO-2025.pdf\">Declaraci\u00f3n Jurada uso de Pista Provincial de Atletismo<\/a><\/li>\n<\/ul>\n<p>&nbsp;<\/p>\n<p>&nbsp;<\/p>\n<p>&nbsp;<\/p>\n<p>[\/et_pb_toggle][\/et_pb_column][\/et_pb_row][\/et_pb_section]<\/p>\n","protected":false},"excerpt":{"rendered":"<p>\n    <form method=\"get\" action=\"https:\/\/atencionciudadana.mendoza.gob.ar\/\" class=\"custom-search-form\">\n        <input type=\"text\" name=\"s\" placeholder=\"\u00bfQu\u00e9 tr\u00e1mite necesit\u00e1s?\" class=\"custom-search-input\" value=\"\" required>\n        <button type=\"submit\" class=\"custom-search-button\"><p>Buscar<\/p><image src=\"http:\/\/atencionciudadana.mendoza.gob.ar\/wp-content\/uploads\/2025\/06\/Diseno_sin_titulo__1_-removebg-preview.png\" alt=\"buscar\"\/><\/button>\n    <\/form>\n\n\n    Deportes&nbsp; Reducci\u00f3n Tarifa El\u00e9ctrica a clubes Solicitud de Instalaciones Externas Requisitos para registrar instituciones deportivas GIMNASIOS Instructivo de Registro de Gimnasios Solicitud de Registro e Inscripci\u00f3n de Gimnasios Ficha de Inscripci\u00f3n y Registro de Gimnasios Solicitud de Alta\/Baja Propietario Gimnasio Solicitud de Alta\/Baja Director T\u00e9cnico Solicitud de Alta\/Baja Profesor Solicitud de Alta\/Baja T\u00e9cnico\/Instructor Registro de [&hellip;]<\/p>\n","protected":false},"author":11,"featured_media":0,"parent":31,"menu_order":0,"comment_status":"closed","ping_status":"closed","template":"","meta":{"_et_pb_use_builder":"on","_et_pb_old_content":"","_et_gb_content_width":"","footnotes":""},"class_list":["post-3392","page","type-page","status-publish","hentry"],"_links":{"self":[{"href":"https:\/\/informacionoficial.mendoza.gob.ar\/saludydeportes\/wp-json\/wp\/v2\/pages\/3392","targetHints":{"allow":["GET"]}}],"collection":[{"href":"https:\/\/informacionoficial.mendoza.gob.ar\/saludydeportes\/wp-json\/wp\/v2\/pages"}],"about":[{"href":"https:\/\/informacionoficial.mendoza.gob.ar\/saludydeportes\/wp-json\/wp\/v2\/types\/page"}],"author":[{"embeddable":true,"href":"https:\/\/informacionoficial.mendoza.gob.ar\/saludydeportes\/wp-json\/wp\/v2\/users\/11"}],"replies":[{"embeddable":true,"href":"https:\/\/informacionoficial.mendoza.gob.ar\/saludydeportes\/wp-json\/wp\/v2\/comments?post=3392"}],"version-history":[{"count":12,"href":"https:\/\/informacionoficial.mendoza.gob.ar\/saludydeportes\/wp-json\/wp\/v2\/pages\/3392\/revisions"}],"predecessor-version":[{"id":5122,"href":"https:\/\/informacionoficial.mendoza.gob.ar\/saludydeportes\/wp-json\/wp\/v2\/pages\/3392\/revisions\/5122"}],"up":[{"embeddable":true,"href":"https:\/\/informacionoficial.mendoza.gob.ar\/saludydeportes\/wp-json\/wp\/v2\/pages\/31"}],"wp:attachment":[{"href":"https:\/\/informacionoficial.mendoza.gob.ar\/saludydeportes\/wp-json\/wp\/v2\/media?parent=3392"}],"curies":[{"name":"wp","href":"https:\/\/api.w.org\/{rel}","templated":true}]}}