{"id":3608,"date":"2025-08-01T14:13:11","date_gmt":"2025-08-01T17:13:11","guid":{"rendered":"https:\/\/informacionoficial.mendoza.gob.ar\/saludydeportes\/?page_id=3608"},"modified":"2025-08-03T20:09:10","modified_gmt":"2025-08-03T23:09:10","slug":"comite-de-docencia-e-investigacion","status":"publish","type":"page","link":"https:\/\/informacionoficial.mendoza.gob.ar\/saludydeportes\/comite-de-docencia-e-investigacion\/","title":{"rendered":"Comit\u00e9 de Docencia e Investigaci\u00f3n"},"content":{"rendered":"<p>[et_pb_section fb_built=\u00bb1&#8243; _builder_version=\u00bb4.27.4&#8243; _module_preset=\u00bbdefault\u00bb background_color=\u00bb#FFFFFF\u00bb background_enable_image=\u00bboff\u00bb background_size=\u00bbcontain\u00bb background_enable_video_mp4=\u00bboff\u00bb background_video_width=\u00bb100%\u00bb background_video_height=\u00bb100%\u00bb module_alignment=\u00bbcenter\u00bb min_height=\u00bb397px\u00bb custom_margin=\u00bb0px|0px|0px|0px|false|false\u00bb custom_padding=\u00bb0px|0px|0px|0px|false|false\u00bb locked=\u00bboff\u00bb global_colors_info=\u00bb{}\u00bb theme_builder_area=\u00bbpost_content\u00bb][et_pb_row _builder_version=\u00bb4.27.4&#8243; _module_preset=\u00bbdefault\u00bb custom_margin=\u00bb0px||0px||false|false\u00bb custom_padding=\u00bb1rem||1rem||true|false\u00bb global_colors_info=\u00bb{}\u00bb theme_builder_area=\u00bbpost_content\u00bb][et_pb_column type=\u00bb4_4&#8243; _builder_version=\u00bb4.27.4&#8243; _module_preset=\u00bbdefault\u00bb global_colors_info=\u00bb{}\u00bb theme_builder_area=\u00bbpost_content\u00bb][et_pb_heading title=\u00bbComit\u00e9 de Docencia e Investigaci\u00f3n\u00bb _builder_version=\u00bb4.27.4&#8243; _module_preset=\u00bbdefault\u00bb title_text_color=\u00bb#000F9F\u00bb hover_enabled=\u00bb0&#8243; global_colors_info=\u00bb{}\u00bb theme_builder_area=\u00bbpost_content\u00bb sticky_enabled=\u00bb0&#8243;][\/et_pb_heading][\/et_pb_column][\/et_pb_row][et_pb_row _builder_version=\u00bb4.27.4&#8243; _module_preset=\u00bbdefault\u00bb custom_margin=\u00bb20px||20px||false|false\u00bb custom_margin_tablet=\u00bb20px||10px||false|false\u00bb custom_margin_phone=\u00bb20px||10px||false|false\u00bb custom_margin_last_edited=\u00bbon|desktop\u00bb custom_padding=\u00bb0px|0px|0px|0px|true|true\u00bb border_radii=\u00bbon|12px|12px|12px|12px\u00bb border_width_all=\u00bb2px\u00bb border_color_all=\u00bb#C8A977&#8243; global_colors_info=\u00bb{}\u00bb theme_builder_area=\u00bbpost_content\u00bb][et_pb_column type=\u00bb4_4&#8243; _builder_version=\u00bb4.27.4&#8243; _module_preset=\u00bbdefault\u00bb global_colors_info=\u00bb{}\u00bb theme_builder_area=\u00bbpost_content\u00bb][et_pb_toggle title=\u00bbVisi\u00f3n\u00bb open_toggle_text_color=\u00bb#C8A977&#8243; open_toggle_background_color=\u00bbRGBA(255,255,255,0)\u00bb closed_toggle_text_color=\u00bb#C8A977&#8243; closed_toggle_background_color=\u00bbRGBA(255,255,255,0)\u00bb icon_color=\u00bb#C8A977&#8243; toggle_icon=\u00bb&#xe050;||divi||400&#8243; open_icon_color=\u00bb#C8A977&#8243; open_toggle_icon=\u00bb&#x21;||divi||400&#8243; admin_label=\u00bbConmutador\u00bb _builder_version=\u00bb4.27.4&#8243; _module_preset=\u00bbdefault\u00bb title_text_color=\u00bb#C8A977&#8243; title_level=\u00bbh4&#8243; title_font=\u00bb&#8211;et_global_body_font||||||||\u00bb body_font=\u00bb||||||||\u00bb body_text_color=\u00bb#02000A\u00bb background_color=\u00bb#C8A977&#8243; custom_padding=\u00bb||20px|||\u00bb hover_enabled=\u00bb0&#8243; border_width_all=\u00bb2px\u00bb border_color_all=\u00bb#C8A977&#8243; border_style_all=\u00bbnone\u00bb global_colors_info=\u00bb{}\u00bb theme_builder_area=\u00bbpost_content\u00bb sticky_enabled=\u00bb0&#8243;]<\/p>\n<p><span style=\"color: #000000\">Constituirse en referente en temas de formaci\u00f3n, capacitaci\u00f3n e investigaci\u00f3n en Salud Mental y Consumos problem\u00e1ticos de la Provincia de Mendoza.<\/span><\/p>\n<p>[\/et_pb_toggle][\/et_pb_column][\/et_pb_row][et_pb_row _builder_version=\u00bb4.27.4&#8243; _module_preset=\u00bbdefault\u00bb custom_margin=\u00bb20px||20px||false|false\u00bb custom_margin_tablet=\u00bb20px||10px||false|false\u00bb custom_margin_phone=\u00bb20px||10px||false|false\u00bb custom_margin_last_edited=\u00bbon|desktop\u00bb custom_padding=\u00bb0px|0px|0px|0px|true|true\u00bb border_radii=\u00bbon|12px|12px|12px|12px\u00bb border_width_all=\u00bb2px\u00bb border_color_all=\u00bb#C8A977&#8243; global_colors_info=\u00bb{}\u00bb theme_builder_area=\u00bbpost_content\u00bb][et_pb_column type=\u00bb4_4&#8243; _builder_version=\u00bb4.27.4&#8243; _module_preset=\u00bbdefault\u00bb global_colors_info=\u00bb{}\u00bb theme_builder_area=\u00bbpost_content\u00bb][et_pb_toggle title=\u00bbMisi\u00f3n\u00bb open_toggle_text_color=\u00bb#C8A977&#8243; open_toggle_background_color=\u00bbRGBA(255,255,255,0)\u00bb closed_toggle_text_color=\u00bb#C8A977&#8243; closed_toggle_background_color=\u00bbRGBA(255,255,255,0)\u00bb icon_color=\u00bb#C8A977&#8243; toggle_icon=\u00bb&#xe050;||divi||400&#8243; open_icon_color=\u00bb#C8A977&#8243; open_toggle_icon=\u00bb&#x21;||divi||400&#8243; admin_label=\u00bbConmutador\u00bb _builder_version=\u00bb4.27.4&#8243; _module_preset=\u00bbdefault\u00bb title_text_color=\u00bb#C8A977&#8243; title_level=\u00bbh4&#8243; title_font=\u00bb&#8211;et_global_body_font||||||||\u00bb body_font=\u00bb||||||||\u00bb body_text_color=\u00bb#02000A\u00bb background_color=\u00bb#C8A977&#8243; custom_padding=\u00bb||20px|||\u00bb hover_enabled=\u00bb0&#8243; border_width_all=\u00bb2px\u00bb border_color_all=\u00bb#C8A977&#8243; border_style_all=\u00bbnone\u00bb global_colors_info=\u00bb{}\u00bb theme_builder_area=\u00bbpost_content\u00bb sticky_enabled=\u00bb0&#8243;]<\/p>\n<p style=\"text-align: justify\"><span style=\"color: #000000\">Planificar, desarrollar y supervisar las actividades de formaci\u00f3n y perfeccionamiento de los diferentes actores que participan en el campo de la Salud Mental en la provincia de Mendoza, y favorecer la integraci\u00f3n entre las actividades asistenciales, docentes y de investigaci\u00f3n como mecanismo de reflexi\u00f3n e innovaci\u00f3n, para generar el crecimiento y mejora continua del personal de salud.<\/span><\/p>\n<p>[\/et_pb_toggle][\/et_pb_column][\/et_pb_row][et_pb_row _builder_version=\u00bb4.27.4&#8243; _module_preset=\u00bbdefault\u00bb custom_margin=\u00bb20px||20px||false|false\u00bb custom_margin_tablet=\u00bb20px||10px||false|false\u00bb custom_margin_phone=\u00bb20px||10px||false|false\u00bb custom_margin_last_edited=\u00bbon|desktop\u00bb custom_padding=\u00bb0px|0px|0px|0px|true|true\u00bb hover_enabled=\u00bb0&#8243; border_radii=\u00bbon|12px|12px|12px|12px\u00bb border_width_all=\u00bb2px\u00bb border_color_all=\u00bb#C8A977&#8243; global_colors_info=\u00bb{}\u00bb theme_builder_area=\u00bbpost_content\u00bb sticky_enabled=\u00bb0&#8243;][et_pb_column type=\u00bb4_4&#8243; _builder_version=\u00bb4.27.4&#8243; _module_preset=\u00bbdefault\u00bb global_colors_info=\u00bb{}\u00bb theme_builder_area=\u00bbpost_content\u00bb][et_pb_toggle title=\u00bbValores\u00bb open_toggle_text_color=\u00bb#C8A977&#8243; open_toggle_background_color=\u00bbRGBA(255,255,255,0)\u00bb closed_toggle_text_color=\u00bb#C8A977&#8243; closed_toggle_background_color=\u00bbRGBA(255,255,255,0)\u00bb icon_color=\u00bb#C8A977&#8243; toggle_icon=\u00bb&#xe050;||divi||400&#8243; open_icon_color=\u00bb#C8A977&#8243; open_toggle_icon=\u00bb&#x21;||divi||400&#8243; admin_label=\u00bbConmutador\u00bb _builder_version=\u00bb4.27.4&#8243; _module_preset=\u00bbdefault\u00bb title_text_color=\u00bb#C8A977&#8243; title_level=\u00bbh4&#8243; title_font=\u00bb&#8211;et_global_body_font||||||||\u00bb body_font=\u00bb||||||||\u00bb body_text_color=\u00bb#02000A\u00bb background_color=\u00bb#C8A977&#8243; custom_padding=\u00bb||20px|||\u00bb hover_enabled=\u00bb0&#8243; border_width_all=\u00bb2px\u00bb border_color_all=\u00bb#C8A977&#8243; border_style_all=\u00bbnone\u00bb global_colors_info=\u00bb{}\u00bb theme_builder_area=\u00bbpost_content\u00bb sticky_enabled=\u00bb0&#8243;]<\/p>\n<p style=\"text-align: justify\"><span style=\"color: #000000\">El CDI se gu\u00eda por los principios \u00e9ticos que subyacen a toda actividad que tiene como objetivo acompa\u00f1ar a personas afectadas por padecimientos de salud mental. Las actividades a desarrollar se sustentan en la solidaridad, el respeto, la honestidad y el sentido de pertenencia que representan valores que impactan directamente en la atenci\u00f3n que recibe nuestra poblaci\u00f3n.<\/span><\/p>\n<p>[\/et_pb_toggle][\/et_pb_column][\/et_pb_row][et_pb_row _builder_version=\u00bb4.27.4&#8243; _module_preset=\u00bbdefault\u00bb custom_margin=\u00bb0px||0px||false|false\u00bb custom_padding=\u00bb1rem||1rem||true|false\u00bb global_colors_info=\u00bb{}\u00bb theme_builder_area=\u00bbpost_content\u00bb][et_pb_column type=\u00bb4_4&#8243; _builder_version=\u00bb4.27.4&#8243; _module_preset=\u00bbdefault\u00bb global_colors_info=\u00bb{}\u00bb theme_builder_area=\u00bbpost_content\u00bb][et_pb_text _builder_version=\u00bb4.27.4&#8243; _module_preset=\u00bbdefault\u00bb text_font=\u00bb&#8211;et_global_body_font||||||||\u00bb text_text_color=\u00bb#000000&#8243; text_font_size=\u00bb15px\u00bb text_line_height=\u00bb1.5em\u00bb header_font=\u00bb|600|||||||\u00bb hover_enabled=\u00bb0&#8243; global_colors_info=\u00bb{}\u00bb theme_builder_area=\u00bbpost_content\u00bb sticky_enabled=\u00bb0&#8243;]<\/p>\n<p>&nbsp;<\/p>\n<h5><span style=\"color: #000000\">MIEMBROS<\/span><\/h5>\n<p><span style=\"color: #000000\"><b>Presidente<\/b><\/span><br \/><span style=\"color: #000000\">Magister Mariano Motuca<\/span><br \/><span style=\"color: #000000\"><b>Secretaria<\/b><\/span><br \/><span style=\"color: #000000\">Magister Marian Moscetta<\/span><br \/><span style=\"color: #000000\"><b>Vocales<\/b><\/span><br \/><span style=\"color: #000000\">M\u00e9dica psiquiatra Samanta Cannata<\/span><br \/><span style=\"color: #000000\">Lic. en Enfermer\u00eda especialista en Salud Mental H\u00e9ctor Oviedo<\/span><br \/><span style=\"color: #000000\">Lic. en Trabajo Social especialista en Salud Mental Marcela Hidalgo<\/span><\/p>\n<h5><span style=\"color: #000000\">Subcomisi\u00f3n de Residencias<\/span><\/h5>\n<p><span style=\"color: #000000\">Lic. Mar\u00eda P\u00eda Fracchia<\/span><br \/><span style=\"color: #000000\">Lic. Fabian Garc\u00eda<\/span><br \/><span style=\"color: #000000\">Lic. Natalia Socas<\/span><\/p>\n<h5><span style=\"color: #000000\">Cronograma de reuniones 2025<\/span><\/h5>\n<ul>\n<li><span style=\"color: #000000\">5 de febrero<\/span><\/li>\n<li><span style=\"color: #000000\">19 de febrero<\/span><\/li>\n<li><span style=\"color: #000000\">5 de marzo<\/span><\/li>\n<li><span style=\"color: #000000\">19 de marzo<\/span><\/li>\n<li><span style=\"color: #000000\">16 de abril<\/span><\/li>\n<li><span style=\"color: #000000\">30 de abril<\/span><\/li>\n<li><span style=\"color: #000000\">14 de mayo<\/span><\/li>\n<li><span style=\"color: #000000\">28 de mayo<\/span><\/li>\n<li><span style=\"color: #000000\">11 de junio<\/span><\/li>\n<li><span style=\"color: #000000\">25 de junio<\/span><\/li>\n<li><span style=\"color: #000000\">23 de julio<\/span><\/li>\n<li><span style=\"color: #000000\">6 de agosto<\/span><\/li>\n<li><span style=\"color: #000000\">20 de agosto<\/span><\/li>\n<li><span style=\"color: #000000\">3 de setiembre<\/span><\/li>\n<li><span style=\"color: #000000\">17 de setiembre<\/span><\/li>\n<li><span style=\"color: #000000\">1 de octubre<\/span><\/li>\n<li><span style=\"color: #000000\">15 de octubre<\/span><\/li>\n<li><span style=\"color: #000000\">29 de octubre<\/span><\/li>\n<li><span style=\"color: #000000\">12 de noviembre<\/span><\/li>\n<li><span style=\"color: #000000\">26 de noviembre<\/span><\/li>\n<li><span style=\"color: #000000\">10 de diciembre<\/span><\/li>\n<\/ul>\n<p><span style=\"color: #000000\"><b>Las propuestas de temas a tratar en cada reuni\u00f3n, incluyendo la solicitud de auspicios, avales o pedidos de coorganizaci\u00f3n, se recibir\u00e1n a trav\u00e9s del correo electr\u00f3nico oficial (comitesaludmental@mendoza.gov.ar) hasta 72 horas h\u00e1biles antes de la reuni\u00f3n.<\/b><\/span><\/p>\n<p>\u00bfQu\u00e9 solicitudes deben enviarse al CDI?<\/p>\n<p>1) Pedidos de organizaci\u00f3n, aval y\/o auspicio de capacitaciones.<br \/>2) Solicitudes de difusi\u00f3n e invitaci\u00f3n a actividades acad\u00e9micas<br \/>3) Copia de pedidos de rotaciones y\/o pr\u00e1cticas solicitadas a efectores de la Direcci\u00f3n.<br \/>4) Solicitud de firmas de convenios que puedan surgir con otras Instituciones<br \/>5) Investigaciones tales como revisiones bibliogr\u00e1ficas o epidemiol\u00f3gicas<br \/>6) Todo lo relativo a Residencias<\/p>\n<p>Formulario para Solicitud de AVAL ACD\u00c9MICO para actividades orgnizadas por efectores de la DSMyCP: <a href=\"https:\/\/forms.gle\/kL7E4SUtwaTfvEj88\">ingres\u00e1 aqu\u00ed<\/a><\/p>\n<p>Formulario para Solicitud de AUSPICIO ACAD\u00c9MICO para actividades orgnizadas por instituciones externas a la DSMyCP: <a href=\"https:\/\/forms.gle\/NwPFhB6W6D5W9euXo6\">ingres\u00e1 aqu\u00ed<\/a>\u00a0<\/p>\n<p>Para definir en forma correcta el tipo de actividad por la que va a requerir AVAL o AUSPICIO, <a href=\"https:\/\/drive.google.com\/file\/d\/1Z9JnAaYGIpHuZhBvDVE5W06YaXhhA2nl\/view\">ingres\u00e1 aqu\u00ed<\/a><\/p>\n<p>Correo electr\u00f3nico del Comit\u00e9: comitesaludmental@mendoza.gov.ar<\/p>\n<p>[\/et_pb_text][\/et_pb_column][\/et_pb_row][\/et_pb_section]<\/p>\n","protected":false},"excerpt":{"rendered":"<p>Constituirse en referente en temas de formaci\u00f3n, capacitaci\u00f3n e investigaci\u00f3n en Salud Mental y Consumos problem\u00e1ticos de la Provincia de Mendoza.Planificar, desarrollar y supervisar las actividades de formaci\u00f3n y perfeccionamiento de los diferentes actores que participan en el campo de la Salud Mental en la provincia de Mendoza, y favorecer la integraci\u00f3n entre las actividades [&hellip;]<\/p>\n","protected":false},"author":18,"featured_media":0,"parent":0,"menu_order":0,"comment_status":"closed","ping_status":"closed","template":"","meta":{"_et_pb_use_builder":"on","_et_pb_old_content":"","_et_gb_content_width":"","footnotes":""},"class_list":["post-3608","page","type-page","status-publish","hentry"],"_links":{"self":[{"href":"https:\/\/informacionoficial.mendoza.gob.ar\/saludydeportes\/wp-json\/wp\/v2\/pages\/3608","targetHints":{"allow":["GET"]}}],"collection":[{"href":"https:\/\/informacionoficial.mendoza.gob.ar\/saludydeportes\/wp-json\/wp\/v2\/pages"}],"about":[{"href":"https:\/\/informacionoficial.mendoza.gob.ar\/saludydeportes\/wp-json\/wp\/v2\/types\/page"}],"author":[{"embeddable":true,"href":"https:\/\/informacionoficial.mendoza.gob.ar\/saludydeportes\/wp-json\/wp\/v2\/users\/18"}],"replies":[{"embeddable":true,"href":"https:\/\/informacionoficial.mendoza.gob.ar\/saludydeportes\/wp-json\/wp\/v2\/comments?post=3608"}],"version-history":[{"count":4,"href":"https:\/\/informacionoficial.mendoza.gob.ar\/saludydeportes\/wp-json\/wp\/v2\/pages\/3608\/revisions"}],"predecessor-version":[{"id":3653,"href":"https:\/\/informacionoficial.mendoza.gob.ar\/saludydeportes\/wp-json\/wp\/v2\/pages\/3608\/revisions\/3653"}],"wp:attachment":[{"href":"https:\/\/informacionoficial.mendoza.gob.ar\/saludydeportes\/wp-json\/wp\/v2\/media?parent=3608"}],"curies":[{"name":"wp","href":"https:\/\/api.w.org\/{rel}","templated":true}]}}