{"id":3682,"date":"2025-08-04T11:50:04","date_gmt":"2025-08-04T14:50:04","guid":{"rendered":"https:\/\/informacionoficial.mendoza.gob.ar\/saludydeportes\/?page_id=3682"},"modified":"2026-04-14T16:08:41","modified_gmt":"2026-04-14T19:08:41","slug":"escuela-de-salud-publica","status":"publish","type":"page","link":"https:\/\/informacionoficial.mendoza.gob.ar\/saludydeportes\/escuela-de-salud-publica\/","title":{"rendered":"Escuela de Salud P\u00fablica"},"content":{"rendered":"<p>[et_pb_section fb_built=\u00bb1&#8243; _builder_version=\u00bb4.27.4&#8243; _module_preset=\u00bbdefault\u00bb background_color=\u00bb#FFFFFF\u00bb background_enable_image=\u00bboff\u00bb background_size=\u00bbcontain\u00bb background_enable_video_mp4=\u00bboff\u00bb background_video_width=\u00bb100%\u00bb background_video_height=\u00bb100%\u00bb module_alignment=\u00bbcenter\u00bb min_height=\u00bb397px\u00bb custom_margin=\u00bb0px|0px|0px|0px|false|false\u00bb custom_padding=\u00bb0px|0px|0px|0px|false|false\u00bb locked=\u00bboff\u00bb global_colors_info=\u00bb{}\u00bb][et_pb_row _builder_version=\u00bb4.27.4&#8243; _module_preset=\u00bbdefault\u00bb max_width=\u00bb100%\u00bb height=\u00bb100%\u00bb custom_margin=\u00bb1rem|auto|1rem|auto|true|false\u00bb custom_padding=\u00bb1rem||1rem||true|false\u00bb global_colors_info=\u00bb{}\u00bb][et_pb_column type=\u00bb4_4&#8243; _builder_version=\u00bb4.27.2&#8243; _module_preset=\u00bbdefault\u00bb global_colors_info=\u00bb{}\u00bb][et_pb_heading title=\u00bbEscuela de Salud P\u00fablica\u00bb _builder_version=\u00bb4.27.4&#8243; _module_preset=\u00bbdefault\u00bb title_font=\u00bb&#8211;et_global_heading_font||||||||\u00bb title_text_color=\u00bb#000F9F\u00bb custom_margin=\u00bb0px|0px|0px|0px|false|false\u00bb custom_padding=\u00bb1rem||1rem||true|false\u00bb global_colors_info=\u00bb{}\u00bb][\/et_pb_heading][et_pb_text _builder_version=\u00bb4.27.4&#8243; _module_preset=\u00bbdefault\u00bb text_font=\u00bb&#8211;et_global_heading_font||||||||\u00bb text_text_color=\u00bb#000000&#8243; text_font_size=\u00bb20px\u00bb header_font=\u00bb&#8211;et_global_heading_font||||||||\u00bb custom_margin=\u00bb0px|0px|0px|0px|false|false\u00bb custom_padding=\u00bb1rem||1rem||true|false\u00bb global_colors_info=\u00bb{}\u00bb]<\/p>\n<p>Lic. Ra\u00fal Zangrandi<br \/><strong>Responsable<\/strong><br \/><strong>Contacto<\/strong><br \/>Mail : espm@mendoza.gov.ar<br \/>Tel.: (261)-6524491<\/p>\n<p>[\/et_pb_text][\/et_pb_column][\/et_pb_row][et_pb_row _builder_version=\u00bb4.27.4&#8243; _module_preset=\u00bbdefault\u00bb global_colors_info=\u00bb{}\u00bb][et_pb_column type=\u00bb4_4&#8243; _builder_version=\u00bb4.27.4&#8243; _module_preset=\u00bbdefault\u00bb global_colors_info=\u00bb{}\u00bb][et_pb_image src=\u00bbhttps:\/\/mza-dicaws-portal-uploads-media-prod.s3.amazonaws.com\/informacion-oficial\/uploads\/sites\/15\/2026\/04\/IMG-20260414-WA0050.jpg\u00bb title_text=\u00bbIMG-20260414-WA0050&#8243; url=\u00bbhttps:\/\/capacitaciones-salud.mendoza.gov.ar\/login\/index.php\u00bb url_new_window=\u00bbon\u00bb align=\u00bbcenter\u00bb _builder_version=\u00bb4.27.4&#8243; _module_preset=\u00bbdefault\u00bb hover_enabled=\u00bb0&#8243; global_colors_info=\u00bb{}\u00bb sticky_enabled=\u00bb0&#8243;][\/et_pb_image][et_pb_image src=\u00bbhttps:\/\/mza-dicaws-portal-uploads-media-prod.s3.amazonaws.com\/informacion-oficial\/uploads\/sites\/15\/2026\/04\/Flayer-PPMI-2026.jpeg\u00bb title_text=\u00bbFlayer PPMI 2026&#8243; url=\u00bbhttps:\/\/capacitaciones-salud.mendoza.gov.ar\/login\/index.php\u00bb url_new_window=\u00bbon\u00bb align=\u00bbcenter\u00bb _builder_version=\u00bb4.27.4&#8243; _module_preset=\u00bbdefault\u00bb global_colors_info=\u00bb{}\u00bb][\/et_pb_image][et_pb_image src=\u00bbhttps:\/\/mza-dicaws-portal-uploads-media-prod.s3.amazonaws.com\/informacion-oficial\/uploads\/sites\/15\/2026\/03\/Curso-Salud-Reproductiva-2026-e1773334400629.jpg\u00bb title_text=\u00bbCurso Salud Reproductiva 2026&#8243; url=\u00bbhttps:\/\/capacitaciones-salud.mendoza.gov.ar\/login\/index.php\u00bb url_new_window=\u00bbon\u00bb align=\u00bbcenter\u00bb _builder_version=\u00bb4.27.4&#8243; _module_preset=\u00bbdefault\u00bb global_colors_info=\u00bb{}\u00bb][\/et_pb_image][et_pb_image src=\u00bbhttps:\/\/mza-dicaws-portal-uploads-media-prod.s3.amazonaws.com\/informacion-oficial\/uploads\/sites\/15\/2025\/12\/WhatsApp-Image-2025-12-01-at-9.40.32-AM.jpeg\u00bb title_text=\u00bbWhatsApp Image 2025-12-01 at 9.40.32 AM\u00bb url=\u00bbhttps:\/\/capacitaciones-salud.mendoza.gov.ar\/login\/index.php\u00bb url_new_window=\u00bbon\u00bb align=\u00bbcenter\u00bb _builder_version=\u00bb4.27.4&#8243; _module_preset=\u00bbdefault\u00bb global_colors_info=\u00bb{}\u00bb][\/et_pb_image][et_pb_image src=\u00bbhttps:\/\/mza-dicaws-portal-uploads-media-prod.s3.amazonaws.com\/informacion-oficial\/uploads\/sites\/15\/2025\/11\/WhatsApp-Image-2025-11-25-at-9.29.07-AM.jpeg\u00bb title_text=\u00bbWhatsApp Image 2025-11-25 at 9.29.07 AM\u00bb url=\u00bbhttps:\/\/paho-org.zoom.us\/webinar\/register\/WN_LMEEdYGJTDSCzHk3lMpCvg#\/registration\u00bb url_new_window=\u00bbon\u00bb align=\u00bbcenter\u00bb _builder_version=\u00bb4.27.4&#8243; _module_preset=\u00bbdefault\u00bb global_colors_info=\u00bb{}\u00bb][\/et_pb_image][et_pb_image src=\u00bbhttps:\/\/mza-dicaws-portal-uploads-media-prod.s3.amazonaws.com\/informacion-oficial\/uploads\/sites\/15\/2025\/10\/WhatsApp-Image-2025-10-03-at-11.50.41-AM-e1759510650274.jpeg\u00bb title_text=\u00bbMetodolog\u00eda de investigaci\u00f3n\u00bb url=\u00bbhttps:\/\/capacitaciones-salud.mendoza.gov.ar\/login\/index.php\u00bb align=\u00bbcenter\u00bb _builder_version=\u00bb4.27.4&#8243; _module_preset=\u00bbdefault\u00bb global_colors_info=\u00bb{}\u00bb][\/et_pb_image][et_pb_image src=\u00bbhttps:\/\/mza-dicaws-portal-uploads-media-prod.s3.amazonaws.com\/informacion-oficial\/uploads\/sites\/15\/2025\/09\/WhatsApp-Image-2025-09-19-at-2.36.35-PM-e1758306610150.jpeg\u00bb title_text=\u00bbWhatsApp Image 2025-09-19 at 2.36.35 PM\u00bb url=\u00bbhttps:\/\/capacitaciones-salud.mendoza.gov.ar\/login\/index.php\u00bb align=\u00bbcenter\u00bb _builder_version=\u00bb4.27.4&#8243; _module_preset=\u00bbdefault\u00bb global_colors_info=\u00bb{}\u00bb][\/et_pb_image][et_pb_image src=\u00bbhttps:\/\/mza-dicaws-portal-uploads-media-prod.s3.amazonaws.com\/informacion-oficial\/uploads\/sites\/15\/2025\/09\/WhatsApp-Image-2025-09-09-at-1.46.41-PM.jpeg\u00bb title_text=\u00bbWhatsApp Image 2025-09-09 at 1.46.41 PM\u00bb url=\u00bbhttps:\/\/capacitaciones-salud.mendoza.gov.ar\/login\/index.php\u00bb align=\u00bbcenter\u00bb _builder_version=\u00bb4.27.4&#8243; _module_preset=\u00bbdefault\u00bb width=\u00bb78%\u00bb module_alignment=\u00bbcenter\u00bb min_height=\u00bb359px\u00bb height=\u00bb806px\u00bb global_colors_info=\u00bb{}\u00bb][\/et_pb_image][et_pb_image src=\u00bbhttps:\/\/mza-dicaws-portal-uploads-media-prod.s3.amazonaws.com\/informacion-oficial\/uploads\/sites\/15\/2025\/09\/WhatsApp-Image-2025-09-09-at-1.46.31-PM.jpeg\u00bb title_text=\u00bbWhatsApp Image 2025-09-09 at 1.46.31 PM\u00bb url=\u00bbhttps:\/\/capacitaciones-salud.mendoza.gov.ar\/login\/index.php\u00bb _builder_version=\u00bb4.27.4&#8243; _module_preset=\u00bbdefault\u00bb width=\u00bb53%\u00bb max_width=\u00bb57%\u00bb module_alignment=\u00bbcenter\u00bb global_colors_info=\u00bb{}\u00bb][\/et_pb_image][et_pb_image src=\u00bbhttps:\/\/mza-dicaws-portal-uploads-media-prod.s3.us-east-1.amazonaws.com\/informacion-oficial\/uploads\/sites\/15\/2025\/08\/Comunicacion-de-riesgos-y-participacion-comunitaria-frente-a-emergencias-por-brotes-de-dengue-700&#215;700-1.jpg\u00bb title_text=\u00bbComunicacion-de-riesgos-y-participacion-comunitaria-frente-a-emergencias-por-brotes-de-dengue-700&#215;700&#8243; align=\u00bbcenter\u00bb _builder_version=\u00bb4.27.4&#8243; _module_preset=\u00bbdefault\u00bb global_colors_info=\u00bb{}\u00bb][\/et_pb_image][et_pb_image src=\u00bbhttps:\/\/mza-dicaws-portal-uploads-media-prod.s3.us-east-1.amazonaws.com\/informacion-oficial\/uploads\/sites\/15\/2025\/08\/Capacitacion-sobre-la-Respuesta-Medico-Legal-700&#215;700-1.jpg\u00bb title_text=\u00bbCapacitacion-sobre-la-Respuesta-Medico-Legal-700&#215;700&#8243; align=\u00bbcenter\u00bb _builder_version=\u00bb4.27.4&#8243; _module_preset=\u00bbdefault\u00bb global_colors_info=\u00bb{}\u00bb][\/et_pb_image][et_pb_image src=\u00bbhttps:\/\/mza-dicaws-portal-uploads-media-prod.s3.us-east-1.amazonaws.com\/informacion-oficial\/uploads\/sites\/15\/2025\/08\/unnamed-700&#215;450-1.jpg\u00bb title_text=\u00bbunnamed-700&#215;450&#8243; align=\u00bbcenter\u00bb _builder_version=\u00bb4.27.4&#8243; _module_preset=\u00bbdefault\u00bb global_colors_info=\u00bb{}\u00bb][\/et_pb_image][et_pb_text _builder_version=\u00bb4.27.4&#8243; _module_preset=\u00bbdefault\u00bb text_font=\u00bb&#8211;et_global_body_font||||||||\u00bb text_text_color=\u00bb#000000&#8243; text_font_size=\u00bb15px\u00bb text_orientation=\u00bbjustified\u00bb global_colors_info=\u00bb{}\u00bb]<\/p>\n<p class=\"size-16\" lang=\"x-size-16\" style=\"text-align: center\"><strong><a href=\"https:\/\/campaigns.paho.org\/t\/y-l-qaeud-htthjytrtt-y\/\" target=\"_blank\" rel=\"noopener noreferrer\">Reg\u00edstrese aqui<\/a><\/strong><\/p>\n<p class=\"size-16\" lang=\"x-size-16\" style=\"text-align: center\"><strong>\u00danase al segundo encuentro de la serie de seminarios virtuales sobre\u00a0<\/strong><strong><a class=\"no-underline\" href=\"https:\/\/campaigns.paho.org\/t\/y-l-qaeud-htthjytrtt-j\/\">Atenci\u00f3n Primaria de Salud\u00a0<\/a><\/strong><\/p>\n<p>En este evento se presentar\u00e1 el nuevo informe regional de la OPS sobre\u00a0<a href=\"https:\/\/campaigns.paho.org\/t\/y-l-qaeud-htthjytrtt-t\/\">Salud universal en las Am\u00e9ricas<\/a>, que aborda las brechas persistentes en el acceso a los servicios de salud, la cobertura y la protecci\u00f3n financiera en la Regi\u00f3n de las Am\u00e9ricas. Esta publicaci\u00f3n destaca el papel estrat\u00e9gico de la atenci\u00f3n primaria de salud para abordar estos desaf\u00edos y avanzar hacia sistemas de salud m\u00e1s equitativos, sostenibles y resilientes.<\/p>\n<p><img decoding=\"async\" role=\"img\" class=\"emoji\" alt=\"\ud83d\udcc5\" src=\"https:\/\/s.w.org\/images\/core\/emoji\/13.0.0\/svg\/1f4c5.svg\" \/>\u00a0<strong>1 de julio de 2025<\/strong><br \/><img decoding=\"async\" role=\"img\" class=\"emoji\" alt=\"\ud83d\udd65\" src=\"https:\/\/s.w.org\/images\/core\/emoji\/13.0.0\/svg\/1f565.svg\" \/>\u00a0<strong>10:30 a.\u202fm. \u2013 12:00 p.\u202fm. (EST)<\/strong><br \/><img decoding=\"async\" role=\"img\" class=\"emoji\" alt=\"\ud83c\udf10\" src=\"https:\/\/s.w.org\/images\/core\/emoji\/13.0.0\/svg\/1f310.svg\" \/>\u00a0<strong>Interpretaci\u00f3n simult\u00e1nea en espa\u00f1ol, ingl\u00e9s, franc\u00e9s, portugu\u00e9s y lengua de se\u00f1as internacional (IS)<\/strong><\/p>\n<p><a class=\"no-underline\" href=\"https:\/\/campaigns.paho.org\/t\/y-l-qaeud-htthjytrtt-i\/\"><img decoding=\"async\" role=\"img\" class=\"emoji\" alt=\"\ud83d\udd17\" src=\"https:\/\/s.w.org\/images\/core\/emoji\/13.0.0\/svg\/1f517.svg\" \/>\u00a0<\/a><a href=\"https:\/\/campaigns.paho.org\/t\/y-l-qaeud-htthjytrtt-d\/\"><strong>Inscr\u00edbase aqu\u00ed<\/strong><\/a><\/p>\n<p>[\/et_pb_text][et_pb_image src=\u00bbhttps:\/\/mza-dicaws-portal-uploads-media-prod.s3.us-east-1.amazonaws.com\/informacion-oficial\/uploads\/sites\/15\/2025\/08\/Flayer-TMDM-700&#215;704-1.jpg\u00bb title_text=\u00bbFlayer-TMDM-700&#215;704&#8243; url=\u00bbhttps:\/\/serviciossalud.mendoza.gov.ar\/esalud\/login\/index.php\u00bb align=\u00bbcenter\u00bb _builder_version=\u00bb4.27.4&#8243; _module_preset=\u00bbdefault\u00bb global_colors_info=\u00bb{}\u00bb][\/et_pb_image][et_pb_image src=\u00bbhttps:\/\/mza-dicaws-portal-uploads-media-prod.s3.us-east-1.amazonaws.com\/informacion-oficial\/uploads\/sites\/15\/2025\/08\/diplomado-gestion-en-salud.png\u00bb title_text=\u00bbdiplomado-gestion-en-salud\u00bb align=\u00bbcenter\u00bb _builder_version=\u00bb4.27.4&#8243; _module_preset=\u00bbdefault\u00bb global_colors_info=\u00bb{}\u00bb][\/et_pb_image][et_pb_image src=\u00bbhttps:\/\/mza-dicaws-portal-uploads-media-prod.s3.us-east-1.amazonaws.com\/informacion-oficial\/uploads\/sites\/15\/2025\/08\/2025-b.png\u00bb title_text=\u00bb2025-b\u00bb align=\u00bbcenter\u00bb _builder_version=\u00bb4.27.4&#8243; _module_preset=\u00bbdefault\u00bb global_colors_info=\u00bb{}\u00bb][\/et_pb_image][et_pb_text _builder_version=\u00bb4.27.4&#8243; _module_preset=\u00bbdefault\u00bb text_font=\u00bb&#8211;et_global_body_font||||||||\u00bb text_text_color=\u00bb#000000&#8243; global_colors_info=\u00bb{}\u00bb]<\/p>\n<p><strong>COSTO DE INSCRIPCI\u00d3N:\u00a0 $ 38.000\u00a0 \u00a0<\/strong><strong style=\"font-size: inherit\">Consultas al Mail:\u00a0<\/strong><strong style=\"font-size: inherit\">gestiondesalud.hc@gmail.com<\/strong><\/p>\n<p>[\/et_pb_text][et_pb_image src=\u00bbhttps:\/\/mza-dicaws-portal-uploads-media-prod.s3.us-east-1.amazonaws.com\/informacion-oficial\/uploads\/sites\/15\/2025\/08\/Flayer-HSI-2025-A-700&#215;587-1.png\u00bb title_text=\u00bbFlayer-HSI-2025-A-700&#215;587&#8243; url=\u00bbhttps:\/\/serviciossalud.mendoza.gov.ar\/esalud\/login\/index.php\u00bb align=\u00bbcenter\u00bb _builder_version=\u00bb4.27.4&#8243; _module_preset=\u00bbdefault\u00bb global_colors_info=\u00bb{}\u00bb][\/et_pb_image][et_pb_image src=\u00bbhttps:\/\/mza-dicaws-portal-uploads-media-prod.s3.us-east-1.amazonaws.com\/informacion-oficial\/uploads\/sites\/15\/2025\/08\/Flayer-nuevo-de-Capacitadores-2025-A.jpg\u00bb title_text=\u00bbFlayer-nuevo-de-Capacitadores-2025-A\u00bb url=\u00bbhttps:\/\/serviciossalud.mendoza.gov.ar\/esalud\/login\/index.php\u00bb align=\u00bbcenter\u00bb _builder_version=\u00bb4.27.4&#8243; _module_preset=\u00bbdefault\u00bb global_colors_info=\u00bb{}\u00bb][\/et_pb_image][et_pb_image src=\u00bbhttps:\/\/mza-dicaws-portal-uploads-media-prod.s3.us-east-1.amazonaws.com\/informacion-oficial\/uploads\/sites\/15\/2025\/08\/Flayer-curso-PPMI-1ra-Cohorte-2025-700&#215;695-1.jpeg\u00bb title_text=\u00bbFlayer-curso-PPMI-1ra-Cohorte-2025-700&#215;695&#8243; url=\u00bbhttps:\/\/serviciossalud.mendoza.gov.ar\/esalud\/login\/index.php\u00bb align=\u00bbcenter\u00bb _builder_version=\u00bb4.27.4&#8243; _module_preset=\u00bbdefault\u00bb global_colors_info=\u00bb{}\u00bb][\/et_pb_image][et_pb_text _builder_version=\u00bb4.27.4&#8243; _module_preset=\u00bbdefault\u00bb text_font=\u00bb&#8211;et_global_body_font||||||||\u00bb global_colors_info=\u00bb{}\u00bb]<\/p>\n<p>\u00a0\u00a0<a style=\"text-align: center\" href=\"https:\/\/forms.gle\/PzKwbn1TAueKAr6w8\" target=\"_blank\" rel=\"noopener noreferrer\">Formulario de Inscripci\u00f3n al curso (Hacer Clik aqu\u00ed)<\/a><\/p>\n<p>[\/et_pb_text][et_pb_image src=\u00bbhttps:\/\/mza-dicaws-portal-uploads-media-prod.s3.us-east-1.amazonaws.com\/informacion-oficial\/uploads\/sites\/15\/2025\/08\/Flayer-Curso-1era-cohorte-2025-700&#215;989-1.jpeg\u00bb title_text=\u00bbFlayer-Curso-1era-cohorte-2025-700&#215;989&#8243; url=\u00bbhttps:\/\/serviciossalud.mendoza.gov.ar\/esalud\/login\/index.php\u00bb align=\u00bbcenter\u00bb _builder_version=\u00bb4.27.4&#8243; _module_preset=\u00bbdefault\u00bb global_colors_info=\u00bb{}\u00bb][\/et_pb_image][\/et_pb_column][\/et_pb_row][\/et_pb_section]<\/p>\n","protected":false},"excerpt":{"rendered":"<p>Lic. Ra\u00fal ZangrandiResponsableContactoMail : espm@mendoza.gov.arTel.: (261)-6524491Reg\u00edstrese aqui \u00danase al segundo encuentro de la serie de seminarios virtuales sobre\u00a0Atenci\u00f3n Primaria de Salud\u00a0 En este evento se presentar\u00e1 el nuevo informe regional de la OPS sobre\u00a0Salud universal en las Am\u00e9ricas, que aborda las brechas persistentes en el acceso a los servicios de salud, la cobertura y la [&hellip;]<\/p>\n","protected":false},"author":18,"featured_media":0,"parent":0,"menu_order":0,"comment_status":"closed","ping_status":"closed","template":"","meta":{"_et_pb_use_builder":"on","_et_pb_old_content":"","_et_gb_content_width":"","footnotes":""},"class_list":["post-3682","page","type-page","status-publish","hentry"],"_links":{"self":[{"href":"https:\/\/informacionoficial.mendoza.gob.ar\/saludydeportes\/wp-json\/wp\/v2\/pages\/3682","targetHints":{"allow":["GET"]}}],"collection":[{"href":"https:\/\/informacionoficial.mendoza.gob.ar\/saludydeportes\/wp-json\/wp\/v2\/pages"}],"about":[{"href":"https:\/\/informacionoficial.mendoza.gob.ar\/saludydeportes\/wp-json\/wp\/v2\/types\/page"}],"author":[{"embeddable":true,"href":"https:\/\/informacionoficial.mendoza.gob.ar\/saludydeportes\/wp-json\/wp\/v2\/users\/18"}],"replies":[{"embeddable":true,"href":"https:\/\/informacionoficial.mendoza.gob.ar\/saludydeportes\/wp-json\/wp\/v2\/comments?post=3682"}],"version-history":[{"count":38,"href":"https:\/\/informacionoficial.mendoza.gob.ar\/saludydeportes\/wp-json\/wp\/v2\/pages\/3682\/revisions"}],"predecessor-version":[{"id":7068,"href":"https:\/\/informacionoficial.mendoza.gob.ar\/saludydeportes\/wp-json\/wp\/v2\/pages\/3682\/revisions\/7068"}],"wp:attachment":[{"href":"https:\/\/informacionoficial.mendoza.gob.ar\/saludydeportes\/wp-json\/wp\/v2\/media?parent=3682"}],"curies":[{"name":"wp","href":"https:\/\/api.w.org\/{rel}","templated":true}]}}