{"id":4154,"date":"2025-08-14T10:38:44","date_gmt":"2025-08-14T13:38:44","guid":{"rendered":"https:\/\/informacionoficial.mendoza.gob.ar\/saludydeportes\/?page_id=4154"},"modified":"2025-08-14T10:38:44","modified_gmt":"2025-08-14T13:38:44","slug":"info-instituc-hc","status":"publish","type":"page","link":"https:\/\/informacionoficial.mendoza.gob.ar\/saludydeportes\/info-instituc-hc\/","title":{"rendered":"Informaci\u00f3n Institucional"},"content":{"rendered":"<p>[et_pb_section fb_built=\u00bb1&#8243; _builder_version=\u00bb4.27.2&#8243; _module_preset=\u00bbdefault\u00bb custom_margin=\u00bb0px||0px||false|false\u00bb custom_padding=\u00bb0px||0px||false|false\u00bb global_colors_info=\u00bb{}\u00bb][et_pb_row _builder_version=\u00bb4.27.4&#8243; _module_preset=\u00bbdefault\u00bb max_width=\u00bb100%\u00bb global_colors_info=\u00bb{}\u00bb][et_pb_column type=\u00bb4_4&#8243; _builder_version=\u00bb4.27.4&#8243; _module_preset=\u00bbdefault\u00bb global_colors_info=\u00bb{}\u00bb][et_pb_post_title featured_image=\u00bboff\u00bb _builder_version=\u00bb4.27.4&#8243; _module_preset=\u00bbdefault\u00bb title_text_align=\u00bbcenter\u00bb title_text_color=\u00bb#666666&#8243; global_colors_info=\u00bb{}\u00bb][\/et_pb_post_title][\/et_pb_column][\/et_pb_row][\/et_pb_section][et_pb_section fb_built=\u00bb1&#8243; _builder_version=\u00bb4.27.2&#8243; _module_preset=\u00bbdefault\u00bb custom_margin=\u00bb0px||0px||false|false\u00bb custom_padding=\u00bb0px||0px||false|false\u00bb global_colors_info=\u00bb{}\u00bb][et_pb_row _builder_version=\u00bb4.27.4&#8243; _module_preset=\u00bbdefault\u00bb max_width=\u00bb100%\u00bb global_colors_info=\u00bb{}\u00bb][et_pb_column type=\u00bb4_4&#8243; _builder_version=\u00bb4.27.4&#8243; _module_preset=\u00bbdefault\u00bb global_colors_info=\u00bb{}\u00bb][et_pb_heading title=\u00bbMisi\u00f3n &#8211; Visi\u00f3n &#8211; Valores\u00bb _builder_version=\u00bb4.27.4&#8243; _module_preset=\u00bbdefault\u00bb title_level=\u00bbh2&#8243; title_text_align=\u00bbcenter\u00bb background_color=\u00bb#C8A977&#8243; custom_margin=\u00bb0px||0px||false|false\u00bb custom_padding=\u00bb1em||1em||false|false\u00bb title_text_shadow_style=\u00bbpreset1&#8243; border_radii=\u00bboff|15px|15px||\u00bb global_colors_info=\u00bb{}\u00bb][\/et_pb_heading][et_pb_text _builder_version=\u00bb4.27.4&#8243; _module_preset=\u00bbdefault\u00bb text_font=\u00bb|600|||||||\u00bb text_font_size=\u00bb20px\u00bb text_orientation=\u00bbjustified\u00bb custom_margin=\u00bb0px||0px||false|false\u00bb custom_padding=\u00bb1em|1em|1em|1em|false|false\u00bb border_radii=\u00bboff|||15px|15px\u00bb border_width_all=\u00bb1px\u00bb global_colors_info=\u00bb{}\u00bb]<\/p>\n<p id=\"block-e0fcb1f0-fb5d-4a44-8165-d08f54fd9c44\">El <strong>Hospital Central de Mendoza<\/strong> es un hospital p\u00fablico descentralizado, perteneciente al Ministerio de Salud, Desarrollo Social y Deportes de la Provincia e integrante de la Red Provincial de Asistencia Sanitaria.<\/p>\n<p id=\"block-54f0cf29-392f-43fb-b8a4-b31fb7b3dc91\">Nuestra misi\u00f3n es brindar con calidad, eficiencia y equidad, de una manera oportuna, segura y continua, en un entorno accesible, respetuoso y amable, siempre centrado en el paciente, los servicios de salud necesarios para satisfacer las necesidades de salud de la poblaci\u00f3n que nos ha sido encomendada, principalmente en las emergencias y la alta complejidad, integrando a esto la formaci\u00f3n de recursos humanos y la investigaci\u00f3n biom\u00e9dica y generando, adem\u00e1s, la informaci\u00f3n necesaria que permita optimizar las estructuras y procesos del hospital y del resto de la red sanitaria con el fin \u00faltimo de mejorar la salud y calidad de vida de todos los habitantes de la Provincia.<\/p>\n<p id=\"block-c379564a-0a36-4fd3-b44b-d64036586209\">Trabajamos para ser una instituci\u00f3n sanitaria de excelencia y de referencia en nuestra Provincia y en el Oeste del pa\u00eds, en lo asistencial en docencia y en investigaci\u00f3n, con la capacidad de resolver los casos m\u00e1s complejos de todas las \u00e1reas de la medicina. Aspiramos a ser reconocidos por los ciudadanos y los profesionales de la salud como una organizaci\u00f3n competente en todas sus actividades y que se destaque por la calidad de sus procesos y por la satisfacci\u00f3n que es capaz de generar en sus pacientes y en su propio personal. Pretendemos ser el hospital donde cada ciudadano prefiera ser atendido cuando lo necesite, al que todos sus integrantes est\u00e9n orgullosos de pertenecer y del que las personas con talento deseen formar parte.<\/p>\n<p id=\"block-3072573a-9206-4f90-b488-246907331ab1\">Los valores que fomentamos y en los que nos apoyamos para cumplir con nuestras tareas diarias y alcanzar los ideales que no hemos propuesto son el<span>\u00a0<\/span><strong>compromiso<\/strong><span>\u00a0<\/span>con nuestra misi\u00f3n, la<span>\u00a0<\/span><strong>idoneidad<\/strong><span>\u00a0<\/span>para realizar todos procesos necesarios para ello, la<span>\u00a0<\/span><strong>empat\u00eda<\/strong><span>\u00a0<\/span>por quienes requieran nuestra atenci\u00f3n y el<span>\u00a0<\/span><strong>trabajo en equipo<\/strong>.<\/p>\n<p>[\/et_pb_text][\/et_pb_column][\/et_pb_row][\/et_pb_section][et_pb_section fb_built=\u00bb1&#8243; _builder_version=\u00bb4.27.2&#8243; _module_preset=\u00bbdefault\u00bb custom_margin=\u00bb0px||0px||false|false\u00bb custom_padding=\u00bb0px||0px||false|false\u00bb global_colors_info=\u00bb{}\u00bb][\/et_pb_section]<\/p>\n","protected":false},"excerpt":{"rendered":"<p>El Hospital Central de Mendoza es un hospital p\u00fablico descentralizado, perteneciente al Ministerio de Salud, Desarrollo Social y Deportes de la Provincia e integrante de la Red Provincial de Asistencia Sanitaria. Nuestra misi\u00f3n es brindar con calidad, eficiencia y equidad, de una manera oportuna, segura y continua, en un entorno accesible, respetuoso y amable, siempre [&hellip;]<\/p>\n","protected":false},"author":56,"featured_media":0,"parent":0,"menu_order":0,"comment_status":"closed","ping_status":"closed","template":"","meta":{"_et_pb_use_builder":"on","_et_pb_old_content":"","_et_gb_content_width":"","footnotes":""},"class_list":["post-4154","page","type-page","status-publish","hentry"],"_links":{"self":[{"href":"https:\/\/informacionoficial.mendoza.gob.ar\/saludydeportes\/wp-json\/wp\/v2\/pages\/4154","targetHints":{"allow":["GET"]}}],"collection":[{"href":"https:\/\/informacionoficial.mendoza.gob.ar\/saludydeportes\/wp-json\/wp\/v2\/pages"}],"about":[{"href":"https:\/\/informacionoficial.mendoza.gob.ar\/saludydeportes\/wp-json\/wp\/v2\/types\/page"}],"author":[{"embeddable":true,"href":"https:\/\/informacionoficial.mendoza.gob.ar\/saludydeportes\/wp-json\/wp\/v2\/users\/56"}],"replies":[{"embeddable":true,"href":"https:\/\/informacionoficial.mendoza.gob.ar\/saludydeportes\/wp-json\/wp\/v2\/comments?post=4154"}],"version-history":[{"count":3,"href":"https:\/\/informacionoficial.mendoza.gob.ar\/saludydeportes\/wp-json\/wp\/v2\/pages\/4154\/revisions"}],"predecessor-version":[{"id":4159,"href":"https:\/\/informacionoficial.mendoza.gob.ar\/saludydeportes\/wp-json\/wp\/v2\/pages\/4154\/revisions\/4159"}],"wp:attachment":[{"href":"https:\/\/informacionoficial.mendoza.gob.ar\/saludydeportes\/wp-json\/wp\/v2\/media?parent=4154"}],"curies":[{"name":"wp","href":"https:\/\/api.w.org\/{rel}","templated":true}]}}