{"id":5198,"date":"2025-10-16T13:26:46","date_gmt":"2025-10-16T16:26:46","guid":{"rendered":"https:\/\/informacionoficial.mendoza.gob.ar\/saludydeportes\/?page_id=5198"},"modified":"2025-10-16T13:28:35","modified_gmt":"2025-10-16T16:28:35","slug":"programa-incluir-salud-mendoza","status":"publish","type":"page","link":"https:\/\/informacionoficial.mendoza.gob.ar\/saludydeportes\/programa-incluir-salud-mendoza\/","title":{"rendered":"Programa Incluir Salud Mendoza"},"content":{"rendered":"<p>[et_pb_section fb_built=\u00bb1&#8243; _builder_version=\u00bb4.27.4&#8243; _module_preset=\u00bbdefault\u00bb background_color=\u00bb#FFFFFF\u00bb height=\u00bb100%\u00bb custom_margin=\u00bb0px|0px|0px|0px|false|false\u00bb custom_padding=\u00bb0px|0px|0px|0px|false|false\u00bb border_color_bottom=\u00bb#C8A977&#8243; global_colors_info=\u00bb{}\u00bb theme_builder_area=\u00bbpost_content\u00bb][et_pb_row _builder_version=\u00bb4.27.4&#8243; _module_preset=\u00bbdefault\u00bb max_width=\u00bb100%\u00bb height=\u00bb100%\u00bb custom_margin=\u00bb1rem|auto|1rem|auto|true|false\u00bb custom_padding=\u00bb1rem||1rem||true|false\u00bb global_colors_info=\u00bb{}\u00bb theme_builder_area=\u00bbpost_content\u00bb][et_pb_column type=\u00bb4_4&#8243; _builder_version=\u00bb4.27.2&#8243; _module_preset=\u00bbdefault\u00bb global_colors_info=\u00bb{}\u00bb theme_builder_area=\u00bbpost_content\u00bb][et_pb_heading title=\u00bbPrograma Incluir Salud Mendoza\u00bb _builder_version=\u00bb4.27.4&#8243; _module_preset=\u00bbdefault\u00bb title_font=\u00bb&#8211;et_global_heading_font|600|||||||\u00bb title_text_color=\u00bb#000F9F\u00bb custom_margin=\u00bb0px|0px|0px|0px|false|false\u00bb custom_padding=\u00bb1rem||1rem||true|false\u00bb hover_enabled=\u00bb0&#8243; global_colors_info=\u00bb{}\u00bb theme_builder_area=\u00bbpost_content\u00bb sticky_enabled=\u00bb0&#8243;][\/et_pb_heading][et_pb_text _builder_version=\u00bb4.27.4&#8243; _module_preset=\u00bbdefault\u00bb text_font=\u00bb&#8211;et_global_heading_font||||||||\u00bb text_text_color=\u00bb#000000&#8243; text_font_size=\u00bb20px\u00bb header_font=\u00bb&#8211;et_global_heading_font||||||||\u00bb custom_margin=\u00bb0px|0px|0px|0px|false|false\u00bb custom_padding=\u00bb1rem||1rem||true|false\u00bb hover_enabled=\u00bb0&#8243; global_colors_info=\u00bb{}\u00bb theme_builder_area=\u00bbpost_content\u00bb sticky_enabled=\u00bb0&#8243;]<\/p>\n<p>Dr. Roberto M. Campos<br \/><strong>Responsable<\/strong><br \/><strong>Contacto<\/strong><br \/>Lunes a Viernes 7 a 14 hs.<br \/>Sede Central: <a href=\"https:\/\/maps.app.goo.gl\/pavQTqcxhGynbHU56\">San Juan 255, Cdad. C.P. 5500<\/a><br \/>Correos:<\/p>\n<ul>\n<li><a href=\"mailto:incluirsalud@mendoza.gov.ar\">incluirsalud@mendoza.gov.ar<\/a><\/li>\n<li><a href=\"mailto:comprasincluirsalud@mendoza.gov.ar\">comprasincluirsalud@mendoza.gov.ar<\/a><\/li>\n<li><a href=\"mailto:mesaentradaincluirsalud@mendoza.gov.ar\">mesaentradaincluirsalud@mendoza.gov.ar<\/a><\/li>\n<li><a href=\"mailto:transporteincluirsalud@mendoza.gov.ar\">transporteincluirsalud@mendoza.gov.ar<\/a><\/li>\n<\/ul>\n<p>[\/et_pb_text][\/et_pb_column][\/et_pb_row][et_pb_row _builder_version=\u00bb4.27.4&#8243; _module_preset=\u00bbdefault\u00bb max_width=\u00bb100%\u00bb height=\u00bb100%\u00bb custom_margin=\u00bb0px||0px||false|false\u00bb custom_padding=\u00bb1rem|0px|1rem|0px|true|false\u00bb global_colors_info=\u00bb{}\u00bb theme_builder_area=\u00bbpost_content\u00bb][et_pb_column type=\u00bb4_4&#8243; _builder_version=\u00bb4.27.4&#8243; _module_preset=\u00bbdefault\u00bb global_colors_info=\u00bb{}\u00bb theme_builder_area=\u00bbpost_content\u00bb][et_pb_text _builder_version=\u00bb4.27.4&#8243; _module_preset=\u00bbdefault\u00bb text_font=\u00bb&#8211;et_global_heading_font|600|||||||\u00bb text_text_color=\u00bb#3CB4E5&#8243; text_font_size=\u00bb25px\u00bb header_3_font_size=\u00bb75px\u00bb text_orientation=\u00bbcenter\u00bb hover_enabled=\u00bb0&#8243; global_colors_info=\u00bb{}\u00bb theme_builder_area=\u00bbpost_content\u00bb sticky_enabled=\u00bb0&#8243;]<\/p>\n<p>Sedes<\/p>\n<p>[\/et_pb_text][\/et_pb_column][\/et_pb_row][et_pb_row column_structure=\u00bb1_2,1_2&#8243; _builder_version=\u00bb4.27.4&#8243; _module_preset=\u00bbdefault\u00bb global_colors_info=\u00bb{}\u00bb theme_builder_area=\u00bbpost_content\u00bb][et_pb_column type=\u00bb1_2&#8243; _builder_version=\u00bb4.27.4&#8243; _module_preset=\u00bbdefault\u00bb global_colors_info=\u00bb{}\u00bb theme_builder_area=\u00bbpost_content\u00bb][et_pb_blurb title=\u00bbSede Hospital Central\u00bb use_icon=\u00bbon\u00bb font_icon=\u00bb&#xe081;||divi||400&#8243; icon_placement=\u00bbleft\u00bb content_max_width=\u00bb100%\u00bb _builder_version=\u00bb4.27.4&#8243; _module_preset=\u00bbdefault\u00bb header_font=\u00bb&#8211;et_global_heading_font||||||||\u00bb header_text_color=\u00bb#000F9F\u00bb body_font=\u00bb&#8211;et_global_body_font|600|||||||\u00bb width=\u00bb100%\u00bb max_width=\u00bb100%\u00bb height=\u00bb100%\u00bb custom_margin=\u00bb0px|0px|0px|0px|false|false\u00bb custom_padding=\u00bb1rem|1rem|1rem|1rem|true|true\u00bb hover_enabled=\u00bb0&#8243; border_radii=\u00bbon|15px|15px|15px|15px\u00bb box_shadow_style=\u00bbpreset1&#8243; global_colors_info=\u00bb{}\u00bb theme_builder_area=\u00bbpost_content\u00bb sticky_enabled=\u00bb0&#8243; body_font_size=\u00bb16px\u00bb]<\/p>\n<p><strong>Contacto<\/strong><br \/>Horarios: Lunes a Viernes de 7 a 14hs.<br \/>Hospital Central: calle L. N. Alem &amp; calle Salta, Cdad. C.P. 5500<\/p>\n<p>[\/et_pb_blurb][\/et_pb_column][et_pb_column type=\u00bb1_2&#8243; _builder_version=\u00bb4.27.4&#8243; _module_preset=\u00bbdefault\u00bb global_colors_info=\u00bb{}\u00bb theme_builder_area=\u00bbpost_content\u00bb][et_pb_blurb title=\u00bbSede San Rafael\u00bb use_icon=\u00bbon\u00bb font_icon=\u00bb&#xe081;||divi||400&#8243; icon_placement=\u00bbleft\u00bb content_max_width=\u00bb100%\u00bb _builder_version=\u00bb4.27.4&#8243; _module_preset=\u00bbdefault\u00bb header_font=\u00bb&#8211;et_global_heading_font||||||||\u00bb header_text_color=\u00bb#000F9F\u00bb body_font=\u00bb&#8211;et_global_body_font|600|||||||\u00bb width=\u00bb100%\u00bb max_width=\u00bb100%\u00bb height=\u00bb100%\u00bb custom_margin=\u00bb0px|0px|0px|0px|false|false\u00bb custom_padding=\u00bb1rem|1rem|1rem|1rem|true|true\u00bb hover_enabled=\u00bb0&#8243; border_radii=\u00bbon|15px|15px|15px|15px\u00bb box_shadow_style=\u00bbpreset1&#8243; global_colors_info=\u00bb{}\u00bb theme_builder_area=\u00bbpost_content\u00bb sticky_enabled=\u00bb0&#8243; body_font_size=\u00bb16px\u00bb]<\/p>\n<p><strong>Contacto<\/strong><br \/>Horarios: Lunes a Viernes de 8 a 12 hs.<br \/>Hospital Schestakow:\u00a0 calle Cmte. Torres 150, San Rafael C.P. 5600<\/p>\n<p>[\/et_pb_blurb][\/et_pb_column][\/et_pb_row][et_pb_row _builder_version=\u00bb4.27.4&#8243; _module_preset=\u00bbdefault\u00bb max_width=\u00bb100%\u00bb height=\u00bb100%\u00bb custom_margin=\u00bb0px||0px||false|false\u00bb custom_padding=\u00bb1rem|0px|1rem|0px|true|false\u00bb global_colors_info=\u00bb{}\u00bb theme_builder_area=\u00bbpost_content\u00bb][et_pb_column type=\u00bb4_4&#8243; _builder_version=\u00bb4.27.4&#8243; _module_preset=\u00bbdefault\u00bb global_colors_info=\u00bb{}\u00bb theme_builder_area=\u00bbpost_content\u00bb][et_pb_text _builder_version=\u00bb4.27.4&#8243; _module_preset=\u00bbdefault\u00bb text_font=\u00bb&#8211;et_global_heading_font|600|||||||\u00bb text_text_color=\u00bb#3CB4E5&#8243; text_font_size=\u00bb25px\u00bb header_3_font_size=\u00bb75px\u00bb text_orientation=\u00bbcenter\u00bb global_colors_info=\u00bb{}\u00bb theme_builder_area=\u00bbpost_content\u00bb]<\/p>\n<p>Informaci\u00f3n<\/p>\n<p>[\/et_pb_text][\/et_pb_column][\/et_pb_row][et_pb_row _builder_version=\u00bb4.27.4&#8243; _module_preset=\u00bbdefault\u00bb background_color=\u00bb#FFFFFF\u00bb custom_margin=\u00bb20px||20px||false|false\u00bb custom_margin_tablet=\u00bb20px||10px||false|false\u00bb custom_margin_phone=\u00bb20px||10px||false|false\u00bb custom_margin_last_edited=\u00bbon|desktop\u00bb custom_padding=\u00bb0px|0px|0px|0px|true|true\u00bb border_radii=\u00bbon|12px|12px|12px|12px\u00bb border_width_all=\u00bb2px\u00bb border_color_all=\u00bb#000F9F\u00bb global_colors_info=\u00bb{}\u00bb theme_builder_area=\u00bbpost_content\u00bb][et_pb_column type=\u00bb4_4&#8243; _builder_version=\u00bb4.27.2&#8243; _module_preset=\u00bbdefault\u00bb global_colors_info=\u00bb{}\u00bb theme_builder_area=\u00bbpost_content\u00bb][et_pb_toggle title=\u00bbAfiliaciones\u00bb open_toggle_text_color=\u00bb#000F9F\u00bb open_toggle_background_color=\u00bb#FFFFFF\u00bb closed_toggle_text_color=\u00bb#000F9F\u00bb closed_toggle_background_color=\u00bb#FFFFFF\u00bb icon_color=\u00bb#000F9F\u00bb toggle_icon=\u00bb&#xe050;||divi||400&#8243; open_icon_color=\u00bb#C8A977&#8243; open_toggle_icon=\u00bb&#x21;||divi||400&#8243; admin_label=\u00bbConmutador\u00bb _builder_version=\u00bb4.27.4&#8243; _module_preset=\u00bbdefault\u00bb title_text_color=\u00bb#000F9F\u00bb title_level=\u00bbh4&#8243; title_font=\u00bb&#8211;et_global_heading_font||||||||\u00bb closed_title_font=\u00bb&#8211;et_global_heading_font||||||||\u00bb body_font=\u00bb&#8211;et_global_body_font||||||||\u00bb body_text_color=\u00bb#02000A\u00bb background_color=\u00bb#FFFFFF\u00bb custom_padding=\u00bb||20px|||\u00bb hover_enabled=\u00bb0&#8243; border_width_all=\u00bb2px\u00bb border_color_all=\u00bb#000F9F\u00bb border_style_all=\u00bbnone\u00bb global_colors_info=\u00bb{}\u00bb theme_builder_area=\u00bbpost_content\u00bb sticky_enabled=\u00bb0&#8243; body_font_size=\u00bb17px\u00bb]<\/p>\n<p>La afiliaci\u00f3n no es autom\u00e1tica al momento de darse la Pensi\u00f3n No Contributiva, sino que requiere un tr\u00e1mite voluntario de afiliaci\u00f3n por parte del titular o representante legal. Es un tr\u00e1mite gratuito y presencial.<\/p>\n<p>Puede afiliarse al programa toda persona humana, titular de una Pensi\u00f3n no Contributiva (PNC) que no posea cobertura m\u00e9dica como beneficiario del Sistema Nacional de Seguro de Salud o de una Obra Social Provincial.<\/p>\n<p>[\/et_pb_toggle][\/et_pb_column][\/et_pb_row][et_pb_row _builder_version=\u00bb4.27.4&#8243; _module_preset=\u00bbdefault\u00bb background_color=\u00bb#FFFFFF\u00bb custom_margin=\u00bb20px||20px||false|false\u00bb custom_margin_tablet=\u00bb20px||10px||false|false\u00bb custom_margin_phone=\u00bb20px||10px||false|false\u00bb custom_margin_last_edited=\u00bbon|desktop\u00bb custom_padding=\u00bb0px|0px|0px|0px|true|true\u00bb border_radii=\u00bbon|12px|12px|12px|12px\u00bb border_width_all=\u00bb2px\u00bb border_color_all=\u00bb#000F9F\u00bb global_colors_info=\u00bb{}\u00bb theme_builder_area=\u00bbpost_content\u00bb][et_pb_column type=\u00bb4_4&#8243; _builder_version=\u00bb4.27.2&#8243; _module_preset=\u00bbdefault\u00bb global_colors_info=\u00bb{}\u00bb theme_builder_area=\u00bbpost_content\u00bb][et_pb_toggle title=\u00bbInformaci\u00f3n para la comunidad\u00bb open_toggle_text_color=\u00bb#000F9F\u00bb open_toggle_background_color=\u00bb#FFFFFF\u00bb closed_toggle_text_color=\u00bb#000F9F\u00bb closed_toggle_background_color=\u00bb#FFFFFF\u00bb icon_color=\u00bb#000F9F\u00bb toggle_icon=\u00bb&#xe050;||divi||400&#8243; open_icon_color=\u00bb#C8A977&#8243; open_toggle_icon=\u00bb&#x21;||divi||400&#8243; admin_label=\u00bbConmutador\u00bb _builder_version=\u00bb4.27.4&#8243; _module_preset=\u00bbdefault\u00bb title_text_color=\u00bb#000F9F\u00bb title_level=\u00bbh4&#8243; title_font=\u00bb&#8211;et_global_heading_font||||||||\u00bb closed_title_font=\u00bb&#8211;et_global_heading_font||||||||\u00bb body_font=\u00bb&#8211;et_global_body_font||||||||\u00bb body_text_color=\u00bb#02000A\u00bb background_color=\u00bb#FFFFFF\u00bb custom_padding=\u00bb||20px|||\u00bb hover_enabled=\u00bb0&#8243; border_width_all=\u00bb2px\u00bb border_color_all=\u00bb#000F9F\u00bb border_style_all=\u00bbnone\u00bb global_colors_info=\u00bb{}\u00bb theme_builder_area=\u00bbpost_content\u00bb body_font_size=\u00bb17px\u00bb sticky_enabled=\u00bb0&#8243;]<\/p>\n<p>Incluir Salud es un programa que brinda servicios de salud a las personas afiliadas (Beneficiarios), a trav\u00e9s de la red p\u00fablica de prestadores y garantiza que todas las personas titulares de una Pensi\u00f3n no Contributiva (PNC) puedan acceder a una atenci\u00f3n de calidad.<\/p>\n<p>[\/et_pb_toggle][\/et_pb_column][\/et_pb_row][\/et_pb_section]<\/p>\n","protected":false},"excerpt":{"rendered":"<p>Dr. Roberto M. CamposResponsableContactoLunes a Viernes 7 a 14 hs.Sede Central: San Juan 255, Cdad. C.P. 5500Correos: incluirsalud@mendoza.gov.ar comprasincluirsalud@mendoza.gov.ar mesaentradaincluirsalud@mendoza.gov.ar transporteincluirsalud@mendoza.gov.ar SedesContactoHorarios: Lunes a Viernes de 7 a 14hs.Hospital Central: calle L. N. Alem &amp; calle Salta, Cdad. C.P. 5500ContactoHorarios: Lunes a Viernes de 8 a 12 hs.Hospital Schestakow:\u00a0 calle Cmte. Torres 150, San Rafael [&hellip;]<\/p>\n","protected":false},"author":18,"featured_media":0,"parent":0,"menu_order":0,"comment_status":"closed","ping_status":"closed","template":"","meta":{"_et_pb_use_builder":"on","_et_pb_old_content":"","_et_gb_content_width":"","footnotes":""},"class_list":["post-5198","page","type-page","status-publish","hentry"],"_links":{"self":[{"href":"https:\/\/informacionoficial.mendoza.gob.ar\/saludydeportes\/wp-json\/wp\/v2\/pages\/5198","targetHints":{"allow":["GET"]}}],"collection":[{"href":"https:\/\/informacionoficial.mendoza.gob.ar\/saludydeportes\/wp-json\/wp\/v2\/pages"}],"about":[{"href":"https:\/\/informacionoficial.mendoza.gob.ar\/saludydeportes\/wp-json\/wp\/v2\/types\/page"}],"author":[{"embeddable":true,"href":"https:\/\/informacionoficial.mendoza.gob.ar\/saludydeportes\/wp-json\/wp\/v2\/users\/18"}],"replies":[{"embeddable":true,"href":"https:\/\/informacionoficial.mendoza.gob.ar\/saludydeportes\/wp-json\/wp\/v2\/comments?post=5198"}],"version-history":[{"count":3,"href":"https:\/\/informacionoficial.mendoza.gob.ar\/saludydeportes\/wp-json\/wp\/v2\/pages\/5198\/revisions"}],"predecessor-version":[{"id":5213,"href":"https:\/\/informacionoficial.mendoza.gob.ar\/saludydeportes\/wp-json\/wp\/v2\/pages\/5198\/revisions\/5213"}],"wp:attachment":[{"href":"https:\/\/informacionoficial.mendoza.gob.ar\/saludydeportes\/wp-json\/wp\/v2\/media?parent=5198"}],"curies":[{"name":"wp","href":"https:\/\/api.w.org\/{rel}","templated":true}]}}