{"id":5325,"date":"2025-10-29T17:37:46","date_gmt":"2025-10-29T20:37:46","guid":{"rendered":"https:\/\/informacionoficial.mendoza.gob.ar\/saludydeportes\/?page_id=5325"},"modified":"2025-12-17T16:56:32","modified_gmt":"2025-12-17T19:56:32","slug":"guias-de-practica-clinica","status":"publish","type":"page","link":"https:\/\/informacionoficial.mendoza.gob.ar\/saludydeportes\/guias-de-practica-clinica\/","title":{"rendered":"V\u00edas Cl\u00ednicas"},"content":{"rendered":"[et_pb_section admin_label=\u00bbsection\u00bb]\n\t\t\t[et_pb_row admin_label=\u00bbrow\u00bb]\n\t\t\t\t[et_pb_column type=\u00bb4_4&#8243;][et_pb_text admin_label=\u00bbText\u00bb]<ul class=\"wp-block-latest-posts__list has-dates wp-block-latest-posts has-medium-font-size\"><li><a class=\"wp-block-latest-posts__post-title\" href=\"https:\/\/informacionoficial.mendoza.gob.ar\/saludydeportes\/guias-de-practica-clinica-2\/tamizaje-de-cancer-colorrectal\/\">Tamizaje de C\u00e1ncer Colorrectal<\/a><time datetime=\"2025-10-01T02:00:00-03:00\" class=\"wp-block-latest-posts__post-date\">1 de octubre de 2025<\/time><\/li>\n<li><a class=\"wp-block-latest-posts__post-title\" href=\"https:\/\/informacionoficial.mendoza.gob.ar\/saludydeportes\/guias-de-practica-clinica-2\/cancer-de-mama\/\">C\u00e1ncer de Mama<\/a><time datetime=\"2024-11-21T17:41:00-03:00\" class=\"wp-block-latest-posts__post-date\">21 de noviembre de 2024<\/time><\/li>\n<li><a class=\"wp-block-latest-posts__post-title\" href=\"https:\/\/informacionoficial.mendoza.gob.ar\/saludydeportes\/guias-de-practica-clinica-2\/obesidad\/\">Obesidad<\/a><time datetime=\"2024-10-01T17:54:00-03:00\" class=\"wp-block-latest-posts__post-date\">1 de octubre de 2024<\/time><\/li>\n<li><a class=\"wp-block-latest-posts__post-title\" href=\"https:\/\/informacionoficial.mendoza.gob.ar\/saludydeportes\/guias-de-practica-clinica-2\/enfermedad-renal-cronica\/\">Enfermedad Renal Cr\u00f3nica<\/a><time datetime=\"2024-10-01T12:46:00-03:00\" class=\"wp-block-latest-posts__post-date\">1 de octubre de 2024<\/time><\/li>\n<li><a class=\"wp-block-latest-posts__post-title\" href=\"https:\/\/informacionoficial.mendoza.gob.ar\/saludydeportes\/guias-de-practica-clinica-2\/hipertension-arterial\/\">Hipertensi\u00f3n Arterial<\/a><time datetime=\"2024-10-01T10:37:00-03:00\" class=\"wp-block-latest-posts__post-date\">1 de octubre de 2024<\/time><\/li>\n<li><a class=\"wp-block-latest-posts__post-title\" href=\"https:\/\/informacionoficial.mendoza.gob.ar\/saludydeportes\/guias-de-practica-clinica-2\/epoc\/\">EPOC<\/a><time datetime=\"2024-10-01T09:44:00-03:00\" class=\"wp-block-latest-posts__post-date\">1 de octubre de 2024<\/time><\/li>\n<li><a class=\"wp-block-latest-posts__post-title\" href=\"https:\/\/informacionoficial.mendoza.gob.ar\/saludydeportes\/guias-de-practica-clinica-2\/asma\/\">Asma<\/a><time datetime=\"2024-10-01T07:11:00-03:00\" class=\"wp-block-latest-posts__post-date\">1 de octubre de 2024<\/time><\/li>\n<li><a class=\"wp-block-latest-posts__post-title\" href=\"https:\/\/informacionoficial.mendoza.gob.ar\/saludydeportes\/guias-de-practica-clinica-2\/enfermedad-renal-cronica-en-pediatria\/\">Enfermedad Renal Cr\u00f3nica en Pediatr\u00eda<\/a><time datetime=\"2024-10-01T06:47:00-03:00\" class=\"wp-block-latest-posts__post-date\">1 de octubre de 2024<\/time><\/li>\n<li><a class=\"wp-block-latest-posts__post-title\" href=\"https:\/\/informacionoficial.mendoza.gob.ar\/saludydeportes\/guias-de-practica-clinica-2\/diabetes-mellitus-tipo-2\/\">Diabetes Mellitus Tipo 2<\/a><time datetime=\"2024-10-01T05:52:00-03:00\" class=\"wp-block-latest-posts__post-date\">1 de octubre de 2024<\/time><\/li>\n<li><a class=\"wp-block-latest-posts__post-title\" href=\"https:\/\/informacionoficial.mendoza.gob.ar\/saludydeportes\/guias-de-practica-clinica-2\/prevencion-del-cancer-de-cuello-uterino\/\">Prevenci\u00f3n del C\u00e1ncer de Cuello Uterino<\/a><time datetime=\"2024-10-01T04:06:00-03:00\" class=\"wp-block-latest-posts__post-date\">1 de octubre de 2024<\/time><\/li>\n<\/ul>[\/et_pb_text][\/et_pb_column]\n\t\t\t[\/et_pb_row]\n\t\t[\/et_pb_section]","protected":false},"excerpt":{"rendered":"","protected":false},"author":18,"featured_media":0,"parent":0,"menu_order":0,"comment_status":"closed","ping_status":"closed","template":"","meta":{"_et_pb_use_builder":"on","_et_pb_old_content":"<!-- wp:latest-posts {\"categories\":[{\"id\":38,\"count\":1,\"description\":\"\",\"link\":\"https:\/\/informacionoficial.mendoza.gob.ar\/saludydeportes\/category\/guias-de-practica-clinica-2\/\",\"name\":\"Gu\u00edas de Pr\u00e1ctica Cl\u00ednica\",\"slug\":\"guias-de-practica-clinica-2\",\"taxonomy\":\"category\",\"parent\":0,\"meta\":[],\"_links\":{\"self\":[{\"href\":\"https:\/\/informacionoficial.mendoza.gob.ar\/saludydeportes\/wp-json\/wp\/v2\/categories\/38\",\"targetHints\":{\"allow\":[\"GET\",\"POST\",\"PUT\",\"PATCH\",\"DELETE\"]}}],\"collection\":[{\"href\":\"https:\/\/informacionoficial.mendoza.gob.ar\/saludydeportes\/wp-json\/wp\/v2\/categories\"}],\"about\":[{\"href\":\"https:\/\/informacionoficial.mendoza.gob.ar\/saludydeportes\/wp-json\/wp\/v2\/taxonomies\/category\"}],\"wp:post_type\":[{\"href\":\"https:\/\/informacionoficial.mendoza.gob.ar\/saludydeportes\/wp-json\/wp\/v2\/posts?categories=38\"}],\"curies\":[{\"name\":\"wp\",\"href\":\"https:\/\/api.w.org\/{rel}\",\"templated\":true}]}}],\"postsToShow\":100,\"displayPostDate\":true,\"fontSize\":\"medium\"} \/-->","_et_gb_content_width":"1080","footnotes":""},"class_list":["post-5325","page","type-page","status-publish","hentry"],"_links":{"self":[{"href":"https:\/\/informacionoficial.mendoza.gob.ar\/saludydeportes\/wp-json\/wp\/v2\/pages\/5325","targetHints":{"allow":["GET"]}}],"collection":[{"href":"https:\/\/informacionoficial.mendoza.gob.ar\/saludydeportes\/wp-json\/wp\/v2\/pages"}],"about":[{"href":"https:\/\/informacionoficial.mendoza.gob.ar\/saludydeportes\/wp-json\/wp\/v2\/types\/page"}],"author":[{"embeddable":true,"href":"https:\/\/informacionoficial.mendoza.gob.ar\/saludydeportes\/wp-json\/wp\/v2\/users\/18"}],"replies":[{"embeddable":true,"href":"https:\/\/informacionoficial.mendoza.gob.ar\/saludydeportes\/wp-json\/wp\/v2\/comments?post=5325"}],"version-history":[{"count":8,"href":"https:\/\/informacionoficial.mendoza.gob.ar\/saludydeportes\/wp-json\/wp\/v2\/pages\/5325\/revisions"}],"predecessor-version":[{"id":6013,"href":"https:\/\/informacionoficial.mendoza.gob.ar\/saludydeportes\/wp-json\/wp\/v2\/pages\/5325\/revisions\/6013"}],"wp:attachment":[{"href":"https:\/\/informacionoficial.mendoza.gob.ar\/saludydeportes\/wp-json\/wp\/v2\/media?parent=5325"}],"curies":[{"name":"wp","href":"https:\/\/api.w.org\/{rel}","templated":true}]}}