{"id":5396,"date":"2025-10-30T15:07:23","date_gmt":"2025-10-30T18:07:23","guid":{"rendered":"https:\/\/informacionoficial.mendoza.gob.ar\/saludydeportes\/?page_id=5396"},"modified":"2026-04-06T11:12:19","modified_gmt":"2026-04-06T14:12:19","slug":"boletines-epidemiologicos-2","status":"publish","type":"page","link":"https:\/\/informacionoficial.mendoza.gob.ar\/saludydeportes\/boletines-epidemiologicos-2\/","title":{"rendered":"Boletines epidemiol\u00f3gicos"},"content":{"rendered":"<p>[et_pb_section fb_built=\u00bb1&#8243; _builder_version=\u00bb4.27.4&#8243; _module_preset=\u00bbdefault\u00bb background_color=\u00bb#FFFFFF\u00bb background_enable_image=\u00bboff\u00bb background_size=\u00bbcontain\u00bb background_enable_video_mp4=\u00bboff\u00bb background_video_width=\u00bb100%\u00bb background_video_height=\u00bb100%\u00bb module_alignment=\u00bbcenter\u00bb min_height=\u00bb397px\u00bb custom_margin=\u00bb0px|0px|0px|0px|false|false\u00bb custom_padding=\u00bb0px|0px|0px|0px|false|false\u00bb locked=\u00bboff\u00bb global_colors_info=\u00bb{}\u00bb][et_pb_row _builder_version=\u00bb4.27.4&#8243; _module_preset=\u00bbdefault\u00bb custom_margin=\u00bb0px||0px||false|false\u00bb custom_padding=\u00bb1rem||1rem||true|false\u00bb global_colors_info=\u00bb{}\u00bb][et_pb_column type=\u00bb4_4&#8243; _builder_version=\u00bb4.27.4&#8243; _module_preset=\u00bbdefault\u00bb global_colors_info=\u00bb{}\u00bb][et_pb_heading title=\u00bbBoletines Epidemiol\u00f3gicos\u00bb _builder_version=\u00bb4.27.4&#8243; _module_preset=\u00bbdefault\u00bb title_text_color=\u00bb#000F9F\u00bb hover_enabled=\u00bb0&#8243; global_colors_info=\u00bb{}\u00bb title_font=\u00bb|600|||||||\u00bb sticky_enabled=\u00bb0&#8243;][\/et_pb_heading][\/et_pb_column][\/et_pb_row][et_pb_row _builder_version=\u00bb4.27.4&#8243; _module_preset=\u00bbdefault\u00bb custom_margin=\u00bb0px||0px||false|false\u00bb custom_padding=\u00bb1rem||1rem||true|false\u00bb global_colors_info=\u00bb{}\u00bb][et_pb_column type=\u00bb4_4&#8243; _builder_version=\u00bb4.27.4&#8243; _module_preset=\u00bbdefault\u00bb global_colors_info=\u00bb{}\u00bb][et_pb_text _builder_version=\u00bb4.27.4&#8243; _module_preset=\u00bbdefault\u00bb text_font=\u00bb&#8211;et_global_body_font||||||||\u00bb text_text_color=\u00bb#000000&#8243; text_font_size=\u00bb17px\u00bb text_line_height=\u00bb1em\u00bb header_font=\u00bb|600|||||||\u00bb hover_enabled=\u00bb0&#8243; global_colors_info=\u00bb{}\u00bb sticky_enabled=\u00bb0&#8243;]<\/p>\n<p><strong>A\u00f1o 2026<\/strong><\/p>\n<ul>\n<li><a href=\"https:\/\/mza-dicaws-portal-uploads-media-prod.s3.amazonaws.com\/informacion-oficial\/uploads\/sites\/15\/2026\/04\/Reporte-Epidemiologico-No-21-Marzo-2026.pdf\">Reporte Epidemiol\u00f3gico N\u00ba 21<\/a><\/li>\n<li><a href=\"https:\/\/mza-dicaws-portal-uploads-media-prod.s3.amazonaws.com\/informacion-oficial\/uploads\/sites\/15\/2026\/03\/Reporte-Epidemiologico-No-20-Febrero-2026.pdf\">Reporte Epidemiol\u00f3gico N\u00ba 20<\/a><\/li>\n<li><a href=\"https:\/\/mza-dicaws-portal-uploads-media-prod.s3.amazonaws.com\/informacion-oficial\/uploads\/sites\/15\/2026\/01\/Reporte-Epidemiologico-No-19-Enero-2026.pdf\">Reporte Epidemiol\u00f3gico N\u00ba 19<\/a><\/li>\n<\/ul>\n<p><strong>A\u00f1o 2025<\/strong><\/p>\n<ul>\n<li><a href=\"https:\/\/mza-dicaws-portal-uploads-media-prod.s3.amazonaws.com\/informacion-oficial\/uploads\/sites\/15\/2025\/12\/Boletin-Epidemiologico-N\u00b014-2025.pdf\">Bolet\u00edn Epidemiol\u00f3gico N\u00ba 14<\/a><\/li>\n<li><a href=\"https:\/\/mza-dicaws-portal-uploads-media-prod.s3.amazonaws.com\/informacion-oficial\/uploads\/sites\/15\/2025\/12\/Reporte-Epidemiologico-No-18-2025.pdf\">Reporte Epidemiol\u00f3gico N\u00b0 18<\/a><\/li>\n<li><a href=\"https:\/\/mza-dicaws-portal-uploads-media-prod.s3.amazonaws.com\/informacion-oficial\/uploads\/sites\/15\/2025\/10\/Reporte-Epidemiologico-No-17-2025.pdf\">Reporte Epidemiol\u00f3gico N\u00ba 17<\/a><\/li>\n<li><a href=\"https:\/\/mza-dicaws-portal-uploads-media-prod.s3.amazonaws.com\/informacion-oficial\/uploads\/sites\/15\/2025\/09\/Reporte-Epidemiologico-No-16-2025.pdf\">Reporte Epidemiol\u00f3gico N\u00b0 16<\/a><\/li>\n<li><a href=\"https:\/\/mza-dicaws-portal-uploads-media-prod.s3.amazonaws.com\/informacion-oficial\/uploads\/sites\/15\/2025\/09\/Boletin-Epidemiologico-N%C2%B013-2025.pdf\">Bolet\u00edn Epidemiol\u00f3gico N\u00b0 13<\/a><\/li>\n<li><a href=\"https:\/\/mza-dicaws-portal-uploads-media-prod.s3.us-east-1.amazonaws.com\/informacion-oficial\/uploads\/sites\/15\/2025\/08\/Reporte-Epidemiologico-No-15-2025.pdf\">Reporte Epidemiol\u00f3gico N\u00ba 15<\/a><\/li>\n<li><a href=\"https:\/\/mza-dicaws-portal-uploads-media-prod.s3.us-east-1.amazonaws.com\/informacion-oficial\/uploads\/sites\/15\/2025\/08\/Reporte-Epidemiologico-No-14-2025-1.pdf\">Reporte Epidemiol\u00f3gico N\u00ba 14<\/a><\/li>\n<li><a href=\"https:\/\/www.mendoza.gov.ar\/wp-content\/uploads\/sites\/7\/2025\/05\/Reporte-Epidemiologico-No-13-2025.pdf\">Reporte Epidemiol\u00f3gico N\u00b0 13<\/a><\/li>\n<li><a href=\"https:\/\/www.mendoza.gov.ar\/wp-content\/uploads\/sites\/7\/2025\/05\/Boletin-Epidemiologico-N%C2%B012-2025.pdf\">Bolet\u00edn Epidemiol\u00f3gico N\u00b0 12<\/a><\/li>\n<li><a href=\"https:\/\/www.mendoza.gov.ar\/wp-content\/uploads\/sites\/7\/2025\/03\/Reporte-Epidemiologico-No-12-2025.pdf\">Reporte Epidemiol\u00f3gico N\u00b0 12<\/a><\/li>\n<li><a href=\"https:\/\/www.mendoza.gov.ar\/wp-content\/uploads\/sites\/7\/2025\/02\/Reporte-Epidemiologico-N%C2%B011-2025.pdf\">Reporte Epidemiol\u00f3gico N\u00b0 11<\/a><\/li>\n<li><a href=\"https:\/\/informacionoficial.mendoza.gob.ar\/saludydeportes\/boletines-epidemiologicos\/\">Reporte Epidemiol\u00f3gico N\u00ba 10<\/a><\/li>\n<\/ul>\n<p><strong>A\u00f1o 2024<\/strong><\/p>\n<ul>\n<li><a href=\"https:\/\/www.mendoza.gov.ar\/wp-content\/uploads\/sites\/7\/2024\/12\/Boletin-Epidemiologico-N%C2%B011-2024.pdf\">Bolet\u00edn Epidemiol\u00f3gico N\u00b0 11<\/a><\/li>\n<li><a href=\"https:\/\/www.mendoza.gov.ar\/wp-content\/uploads\/sites\/7\/2024\/11\/Reporte-Epidemiologico-No-9-2024.pdf\">Reporte Epidemiol\u00f3gico N\u00ba 9<\/a><\/li>\n<li><a href=\"https:\/\/www.mendoza.gov.ar\/wp-content\/uploads\/sites\/7\/2024\/10\/Reporte-Epidemiologico-No-8-2024.pdf\">Reporte Epidemiol\u00f3gico N\u00ba 8<\/a><\/li>\n<li><a href=\"https:\/\/www.mendoza.gov.ar\/wp-content\/uploads\/sites\/7\/2024\/09\/Reporte-Epidemiologico-No-7-2024.pdf\">Reporte Epidemiol\u00f3gico N\u00ba7<\/a><\/li>\n<li><a href=\"https:\/\/www.mendoza.gov.ar\/wp-content\/uploads\/sites\/7\/2024\/08\/Boletin-Epidemiologico-No-10-2024.pdf\">Bolet\u00edn Epidemiol\u00f3gico N\u00b0 10<\/a><\/li>\n<li><a href=\"https:\/\/www.mendoza.gov.ar\/wp-content\/uploads\/sites\/7\/2024\/07\/Reporte-Epidemiologico-No-6-2024.pdf\">Reporte Epidemiol\u00f3gico N\u00ba 6<\/a><\/li>\n<li><a href=\"https:\/\/www.mendoza.gov.ar\/wp-content\/uploads\/sites\/7\/2024\/06\/Reporte-Epidemiologico-No-5-2024.pdf\">Reporte Epidemiol\u00f3gico N\u00ba 5<\/a><\/li>\n<li><a href=\"https:\/\/www.mendoza.gov.ar\/wp-content\/uploads\/sites\/7\/2024\/05\/Reporte-Epidemiologico-No-4-2024.pdf\">Reporte Epidemiol\u00f3gico N\u00b0 4<\/a><\/li>\n<li><a href=\"https:\/\/www.mendoza.gov.ar\/wp-content\/uploads\/sites\/7\/2024\/04\/Boletin-Epidemiologico-No-9-2024.pdf\">Bolet\u00edn Epidemiol\u00f3gico N\u00ba 9<\/a><\/li>\n<li><a href=\"https:\/\/www.mendoza.gov.ar\/wp-content\/uploads\/sites\/7\/2024\/03\/Reporte-Epidemiologico-No-3-2024.pdf\">Reporte Epidemiol\u00f3gico N\u00b0 3<\/a><\/li>\n<li><a href=\"https:\/\/www.mendoza.gov.ar\/wp-content\/uploads\/sites\/7\/2024\/02\/Reporte-Epidemiologico-No-2-Ano-2024.pdf\">Reporte Epidemiol\u00f3gico N\u00b0 2<\/a><\/li>\n<li><a href=\"https:\/\/www.mendoza.gov.ar\/wp-content\/uploads\/sites\/7\/2024\/01\/Reporte-Epidemiologico-No-1-Ano-2024.pdf\">Reporte Epidemiol\u00f3gico N\u00ba 1<\/a><\/li>\n<\/ul>\n<p><strong>A\u00f1o 2023<\/strong><strong><\/strong><\/p>\n<p><strong><\/strong><\/p>\n<ul>\n<li><a href=\"https:\/\/www.mendoza.gov.ar\/wp-content\/uploads\/sites\/7\/2023\/12\/Boletin-Epidemiologico-N%C2%B0-8.pdf\">Bolet\u00edn Epidemiol\u00f3gico N\u00b0 8<\/a><\/li>\n<li><a href=\"https:\/\/www.mendoza.gov.ar\/wp-content\/uploads\/sites\/7\/2023\/10\/BOLETIN-EPIDEMIOLOGICO-N%C2%B0-7.pdf\">Bolet\u00edn Epidemiol\u00f3gico N\u00b0 7<\/a><\/li>\n<li><a href=\"https:\/\/www.mendoza.gov.ar\/wp-content\/uploads\/sites\/7\/2023\/07\/BOLETIN-N%C2%B0-6.pdf\">Bolet\u00edn Epidemiol\u00f3gico N\u00b0 6<\/a><\/li>\n<li><a href=\"https:\/\/www.mendoza.gov.ar\/wp-content\/uploads\/sites\/7\/2023\/03\/BOLETIN-EPIDEMIOLOGICO-N%C2%B0-5.pdf\">Bolet\u00edn Epidemiol\u00f3gico N\u00b0 5<\/a><\/li>\n<li><a href=\"https:\/\/www.mendoza.gov.ar\/wp-content\/uploads\/sites\/7\/2022\/12\/Boletin-Epidemiologico-N%C2%B04.pdf\">Bolet\u00edn Epidemiol\u00f3gico N\u00b0 4<\/a><\/li>\n<li><a href=\"https:\/\/www.mendoza.gov.ar\/wp-content\/uploads\/sites\/7\/2022\/10\/Boletin-Epidemiologico-N%C2%B03-.pdf\">Bolet\u00edn Epidemiol\u00f3gico N\u00b0 3<\/a><\/li>\n<li><a href=\"https:\/\/www.mendoza.gov.ar\/wp-content\/uploads\/sites\/7\/2022\/08\/Boletin-Epidemiologico-N%C2%B0-2.pdf\">Bolet\u00edn Epidemiol\u00f3gico N\u00b0 2<\/a><\/li>\n<li><a href=\"https:\/\/www.mendoza.gov.ar\/wp-content\/uploads\/sites\/7\/2022\/05\/Boletin-Epidemiologico-No-1.pdf\">Bolet\u00edn Epidemiol\u00f3gico N\u00b0 1<\/a><\/li>\n<\/ul>\n<p>[\/et_pb_text][\/et_pb_column][\/et_pb_row][\/et_pb_section]<\/p>\n","protected":false},"excerpt":{"rendered":"<p>A\u00f1o 2026 Reporte Epidemiol\u00f3gico N\u00ba 21 Reporte Epidemiol\u00f3gico N\u00ba 20 Reporte Epidemiol\u00f3gico N\u00ba 19 A\u00f1o 2025 Bolet\u00edn Epidemiol\u00f3gico N\u00ba 14 Reporte Epidemiol\u00f3gico N\u00b0 18 Reporte Epidemiol\u00f3gico N\u00ba 17 Reporte Epidemiol\u00f3gico N\u00b0 16 Bolet\u00edn Epidemiol\u00f3gico N\u00b0 13 Reporte Epidemiol\u00f3gico N\u00ba 15 Reporte Epidemiol\u00f3gico N\u00ba 14 Reporte Epidemiol\u00f3gico N\u00b0 13 Bolet\u00edn Epidemiol\u00f3gico N\u00b0 12 Reporte Epidemiol\u00f3gico N\u00b0 [&hellip;]<\/p>\n","protected":false},"author":18,"featured_media":0,"parent":0,"menu_order":0,"comment_status":"closed","ping_status":"closed","template":"","meta":{"_et_pb_use_builder":"on","_et_pb_old_content":"","_et_gb_content_width":"","footnotes":""},"class_list":["post-5396","page","type-page","status-publish","hentry"],"_links":{"self":[{"href":"https:\/\/informacionoficial.mendoza.gob.ar\/saludydeportes\/wp-json\/wp\/v2\/pages\/5396","targetHints":{"allow":["GET"]}}],"collection":[{"href":"https:\/\/informacionoficial.mendoza.gob.ar\/saludydeportes\/wp-json\/wp\/v2\/pages"}],"about":[{"href":"https:\/\/informacionoficial.mendoza.gob.ar\/saludydeportes\/wp-json\/wp\/v2\/types\/page"}],"author":[{"embeddable":true,"href":"https:\/\/informacionoficial.mendoza.gob.ar\/saludydeportes\/wp-json\/wp\/v2\/users\/18"}],"replies":[{"embeddable":true,"href":"https:\/\/informacionoficial.mendoza.gob.ar\/saludydeportes\/wp-json\/wp\/v2\/comments?post=5396"}],"version-history":[{"count":12,"href":"https:\/\/informacionoficial.mendoza.gob.ar\/saludydeportes\/wp-json\/wp\/v2\/pages\/5396\/revisions"}],"predecessor-version":[{"id":6951,"href":"https:\/\/informacionoficial.mendoza.gob.ar\/saludydeportes\/wp-json\/wp\/v2\/pages\/5396\/revisions\/6951"}],"wp:attachment":[{"href":"https:\/\/informacionoficial.mendoza.gob.ar\/saludydeportes\/wp-json\/wp\/v2\/media?parent=5396"}],"curies":[{"name":"wp","href":"https:\/\/api.w.org\/{rel}","templated":true}]}}