{"id":6300,"date":"2026-02-19T16:11:43","date_gmt":"2026-02-19T19:11:43","guid":{"rendered":"https:\/\/informacionoficial.mendoza.gob.ar\/saludydeportes\/?page_id=6300"},"modified":"2026-02-19T16:58:34","modified_gmt":"2026-02-19T19:58:34","slug":"contacto-ued","status":"publish","type":"page","link":"https:\/\/informacionoficial.mendoza.gob.ar\/saludydeportes\/contacto-ued\/","title":{"rendered":"Contacto UED"},"content":{"rendered":"<p>[et_pb_section fb_built=\u00bb1&#8243; _builder_version=\u00bb4.27.4&#8243; _module_preset=\u00bbdefault\u00bb background_color=\u00bb#FFFFFF\u00bb background_enable_image=\u00bboff\u00bb background_size=\u00bbcontain\u00bb background_enable_video_mp4=\u00bboff\u00bb background_video_width=\u00bb100%\u00bb background_video_height=\u00bb100%\u00bb module_alignment=\u00bbcenter\u00bb min_height=\u00bb397px\u00bb custom_margin=\u00bb0px|0px|0px|0px|false|false\u00bb custom_padding=\u00bb0px|0px|0px|0px|false|false\u00bb locked=\u00bboff\u00bb global_colors_info=\u00bb{}\u00bb][et_pb_row _builder_version=\u00bb4.27.4&#8243; _module_preset=\u00bbdefault\u00bb custom_margin=\u00bb0px||0px||false|false\u00bb custom_padding=\u00bb1rem||1rem||true|false\u00bb global_colors_info=\u00bb{}\u00bb][et_pb_column type=\u00bb4_4&#8243; _builder_version=\u00bb4.27.4&#8243; _module_preset=\u00bbdefault\u00bb global_colors_info=\u00bb{}\u00bb][et_pb_heading title=\u00bb\u00bfC\u00f3mo solicitar una evaluaci\u00f3n?\u00bb _builder_version=\u00bb4.27.4&#8243; _module_preset=\u00bbdefault\u00bb title_font=\u00bb|600|||||||\u00bb title_text_color=\u00bb#000F9F\u00bb global_colors_info=\u00bb{}\u00bb][\/et_pb_heading][\/et_pb_column][\/et_pb_row][et_pb_row _builder_version=\u00bb4.27.4&#8243; _module_preset=\u00bbdefault\u00bb custom_margin=\u00bb0px||0px||false|false\u00bb custom_padding=\u00bb1rem||1rem||true|false\u00bb global_colors_info=\u00bb{}\u00bb][et_pb_column type=\u00bb4_4&#8243; _builder_version=\u00bb4.27.4&#8243; _module_preset=\u00bbdefault\u00bb global_colors_info=\u00bb{}\u00bb][et_pb_text _builder_version=\u00bb4.27.4&#8243; _module_preset=\u00bbdefault\u00bb text_font=\u00bb&#8211;et_global_body_font||||||||\u00bb text_text_color=\u00bb#000000&#8243; text_font_size=\u00bb17px\u00bb text_line_height=\u00bb1.5em\u00bb header_font=\u00bb|600|||||||\u00bb text_orientation=\u00bbjustified\u00bb global_colors_info=\u00bb{}\u00bb]<\/p>\n<h3><b>1 \u2013 \u00bfQui\u00e9n puede solicitar una evaluaci\u00f3n?<\/b><\/h3>\n<p><span style=\"font-weight: 400\">Toda aquella persona con un inter\u00e9s leg\u00edtimo en estudios y evaluaci\u00f3n tales como: profesionales y responsables sanitarios del sector estatal de salud de Mendoza, Obra Social Provincial y aquellos agentes de seguro de salud con convenios vigentes con la AETS.<\/span><\/p>\n<h3><b>2 \u2013 \u00bfC\u00f3mo solicitar una evaluaci\u00f3n<\/b><\/h3>\n<p><span style=\"font-weight: 400\">La solicitud podr\u00e1 ser realizada mediante el llenado del Formulario electr\u00f3nico que se habilita de forma anual como \u00abConvocatoria a Consulta sobre tecnolog\u00eda sanitaria candidata a evaluar\u00bb.<\/span><span style=\"font-weight: 400\"><br \/><\/span><span style=\"font-weight: 400\"> Si Ud. necesita realizar una consulta puede hacerla v\u00eda mail a info@aets.com.ar<\/span><\/p>\n<h3><b>3 \u2013 Etapas del proceso<\/b><\/h3>\n<p><span style=\"font-weight: 400\">El solicitante recibir\u00e1 un mail de confirmaci\u00f3n de su solicitud, una vez completado el formulario.<\/span><\/p>\n<p><span style=\"font-weight: 400\">\u2713<\/span><span style=\"font-weight: 400\"> Podr\u00e1 solicitarse ampliaci\u00f3n de informaci\u00f3n a los fines de la evaluaci\u00f3n y eventualmente ser convocados.<\/span><\/p>\n<p><span style=\"font-weight: 400\">\u2713<\/span><span style=\"font-weight: 400\"> Los solicitantes deber\u00e1n completar una Declaraci\u00f3n de no comercializaci\u00f3n de la evaluaci\u00f3n. (ver<\/span><a href=\"https:\/\/aets.com.ar\/politica-de-privacidad\/\"> <span style=\"font-weight: 400\">Pol\u00edtica de privacidad<\/span><\/a><span style=\"font-weight: 400\">)<\/span><\/p>\n<p><span style=\"font-weight: 400\">\u2713<\/span><span style=\"font-weight: 400\"> Solo se dar\u00e1 inicio al proceso una vez completada la informaci\u00f3n requerida.<\/span><\/p>\n<p><span style=\"font-weight: 400\">\u2713<\/span><span style=\"font-weight: 400\"> Todas las solicitudes recepcionadas ser\u00e1n sometidas a un proceso de priorizaci\u00f3n seg\u00fan criterios que ser\u00e1n informados a los solicitantes.<\/span><\/p>\n<p><span style=\"font-weight: 400\">\u2713<\/span><span style=\"font-weight: 400\"> Algunos informes por sus caracter\u00edsticas estar\u00e1n sujetos a consulta p\u00fablica previo a su publicaci\u00f3n final.<\/span><\/p>\n<p><span style=\"font-weight: 400\">\u2713<\/span><span style=\"font-weight: 400\"> El tiempo de entrega de los productos depender\u00e1 del tipo de producto solicitado. En todo momento esta informaci\u00f3n estar\u00e1 en conocimiento del solicitante, pudiendo variar entre semanas a meses.<\/span><\/p>\n<h3><b>4\u00a0 \u2013 Realizaci\u00f3n y comunicaci\u00f3n de la evaluaci\u00f3n<\/b><\/h3>\n<p><span style=\"font-weight: 400\">El informe final ser\u00e1 comunicado al solicitante mediante entrega electr\u00f3nica fehaciente. El orden de ejecuci\u00f3n de los informes depende exclusivamente del criterio de la AETS.<\/span><\/p>\n<h3><b>5 \u2013 Difusi\u00f3n de los estudios<\/b><\/h3>\n<p style=\"text-align: justify\"><span style=\"font-weight: 400\">Todos los estudios y evaluaciones emitidas ser\u00e1n comunicados a trav\u00e9s de la p\u00e1gina web y estar\u00e1n disponibles para utilizaci\u00f3n.<\/span><\/p>\n<p>[\/et_pb_text][\/et_pb_column][\/et_pb_row][et_pb_row _builder_version=\u00bb4.27.4&#8243; _module_preset=\u00bbdefault\u00bb global_colors_info=\u00bb{}\u00bb column_structure=\u00bb1_2,1_2&#8243;][et_pb_column type=\u00bb1_2&#8243; _builder_version=\u00bb4.27.4&#8243; _module_preset=\u00bbdefault\u00bb global_colors_info=\u00bb{}\u00bb][et_pb_text _builder_version=\u00bb4.27.4&#8243; _module_preset=\u00bbdefault\u00bb text_font=\u00bb|600|||||||\u00bb text_text_color=\u00bb#000F9F\u00bb text_font_size=\u00bb21px\u00bb global_colors_info=\u00bb{}\u00bb]<\/p>\n<p>Formulario de contacto<\/p>\n<p>[\/et_pb_text][et_pb_contact_form email=\u00bbgrodas27@gmail.com\u00bb _builder_version=\u00bb4.27.4&#8243; _module_preset=\u00bbdefault\u00bb _unique_id=\u00bb911232f0-c770-48eb-8d81-2859e9a74e07&#8243; captcha_text_color=\u00bbRGBA(255,255,255,0)\u00bb captcha_font_size=\u00bb1px\u00bb captcha_line_height=\u00bb1em\u00bb form_field_font_size=\u00bb17px\u00bb background_color=\u00bbrgba(200,169,119,0)\u00bb custom_button=\u00bbon\u00bb button_text_color=\u00bb#C8A977&#8243; button_bg_color=\u00bbRGBA(255,255,255,0)\u00bb hover_enabled=\u00bb0&#8243; global_colors_info=\u00bb{}\u00bb custom_margin=\u00bb|-188px||||\u00bb sticky_enabled=\u00bb0&#8243;][et_pb_contact_field field_id=\u00bbNombre_y_apellido\u00bb field_title=\u00bbNombre y apellido\u00bb _builder_version=\u00bb4.27.4&#8243; global_colors_info=\u00bb{}\u00bb button_text_size__hover_enabled=\u00bboff\u00bb button_one_text_size__hover_enabled=\u00bboff\u00bb button_two_text_size__hover_enabled=\u00bboff\u00bb button_text_color__hover_enabled=\u00bboff\u00bb button_one_text_color__hover_enabled=\u00bboff\u00bb button_two_text_color__hover_enabled=\u00bboff\u00bb button_border_width__hover_enabled=\u00bboff\u00bb button_one_border_width__hover_enabled=\u00bboff\u00bb button_two_border_width__hover_enabled=\u00bboff\u00bb button_border_color__hover_enabled=\u00bboff\u00bb button_one_border_color__hover_enabled=\u00bboff\u00bb button_two_border_color__hover_enabled=\u00bboff\u00bb button_border_radius__hover_enabled=\u00bboff\u00bb button_one_border_radius__hover_enabled=\u00bboff\u00bb button_two_border_radius__hover_enabled=\u00bboff\u00bb button_letter_spacing__hover_enabled=\u00bboff\u00bb button_one_letter_spacing__hover_enabled=\u00bboff\u00bb button_two_letter_spacing__hover_enabled=\u00bboff\u00bb button_bg_color__hover_enabled=\u00bboff\u00bb button_one_bg_color__hover_enabled=\u00bboff\u00bb button_two_bg_color__hover_enabled=\u00bboff\u00bb][\/et_pb_contact_field][et_pb_contact_field field_id=\u00bbEmail\u00bb field_title=\u00bbDirecci\u00f3n de correo electr\u00f3nico\u00bb field_type=\u00bbemail\u00bb _builder_version=\u00bb4.16&#8243; global_colors_info=\u00bb{}\u00bb button_text_size__hover_enabled=\u00bboff\u00bb button_one_text_size__hover_enabled=\u00bboff\u00bb button_two_text_size__hover_enabled=\u00bboff\u00bb button_text_color__hover_enabled=\u00bboff\u00bb button_one_text_color__hover_enabled=\u00bboff\u00bb button_two_text_color__hover_enabled=\u00bboff\u00bb button_border_width__hover_enabled=\u00bboff\u00bb button_one_border_width__hover_enabled=\u00bboff\u00bb button_two_border_width__hover_enabled=\u00bboff\u00bb button_border_color__hover_enabled=\u00bboff\u00bb button_one_border_color__hover_enabled=\u00bboff\u00bb button_two_border_color__hover_enabled=\u00bboff\u00bb button_border_radius__hover_enabled=\u00bboff\u00bb button_one_border_radius__hover_enabled=\u00bboff\u00bb button_two_border_radius__hover_enabled=\u00bboff\u00bb button_letter_spacing__hover_enabled=\u00bboff\u00bb button_one_letter_spacing__hover_enabled=\u00bboff\u00bb button_two_letter_spacing__hover_enabled=\u00bboff\u00bb button_bg_color__hover_enabled=\u00bboff\u00bb button_one_bg_color__hover_enabled=\u00bboff\u00bb button_two_bg_color__hover_enabled=\u00bboff\u00bb][\/et_pb_contact_field][et_pb_contact_field field_id=\u00bbAsunto\u00bb field_title=\u00bbAsunto\u00bb fullwidth_field=\u00bbon\u00bb _builder_version=\u00bb4.27.4&#8243; _module_preset=\u00bbdefault\u00bb global_colors_info=\u00bb{}\u00bb][\/et_pb_contact_field][et_pb_contact_field field_id=\u00bbMensaje\u00bb field_title=\u00bbMensaje\u00bb field_type=\u00bbtext\u00bb fullwidth_field=\u00bbon\u00bb _builder_version=\u00bb4.27.4&#8243; global_colors_info=\u00bb{}\u00bb button_text_size__hover_enabled=\u00bboff\u00bb button_one_text_size__hover_enabled=\u00bboff\u00bb button_two_text_size__hover_enabled=\u00bboff\u00bb button_text_color__hover_enabled=\u00bboff\u00bb button_one_text_color__hover_enabled=\u00bboff\u00bb button_two_text_color__hover_enabled=\u00bboff\u00bb button_border_width__hover_enabled=\u00bboff\u00bb button_one_border_width__hover_enabled=\u00bboff\u00bb button_two_border_width__hover_enabled=\u00bboff\u00bb button_border_color__hover_enabled=\u00bboff\u00bb button_one_border_color__hover_enabled=\u00bboff\u00bb button_two_border_color__hover_enabled=\u00bboff\u00bb button_border_radius__hover_enabled=\u00bboff\u00bb button_one_border_radius__hover_enabled=\u00bboff\u00bb button_two_border_radius__hover_enabled=\u00bboff\u00bb button_letter_spacing__hover_enabled=\u00bboff\u00bb button_one_letter_spacing__hover_enabled=\u00bboff\u00bb button_two_letter_spacing__hover_enabled=\u00bboff\u00bb button_bg_color__hover_enabled=\u00bboff\u00bb button_one_bg_color__hover_enabled=\u00bboff\u00bb button_two_bg_color__hover_enabled=\u00bboff\u00bb][\/et_pb_contact_field][\/et_pb_contact_form][\/et_pb_column][et_pb_column type=\u00bb1_2&#8243; _builder_version=\u00bb4.27.4&#8243; _module_preset=\u00bbdefault\u00bb global_colors_info=\u00bb{}\u00bb][et_pb_text _builder_version=\u00bb4.27.4&#8243; _module_preset=\u00bbdefault\u00bb text_font=\u00bb|&#8211;et_global_heading_font_weight|||||||\u00bb text_text_color=\u00bb#000000&#8243; text_font_size=\u00bb17px\u00bb hover_enabled=\u00bb0&#8243; global_colors_info=\u00bb{}\u00bb sticky_enabled=\u00bb0&#8243;]<\/p>\n<div class=\"text\">\n<p style=\"text-align: right\"><strong>Nuestros datos de contacto son:<\/strong><\/p>\n<\/div>\n<p style=\"text-align: right\"><span class=\"fa fa fa-envelope\"><\/span><a href=\"mailto:info@mendoza.com.ar\">info@mendoza.com.ar<\/a><\/p>\n<p style=\"text-align: right\">xxxxxxxxxxx, Ciudad.<\/p>\n<p style=\"text-align: right\">Mendoza &#8211; Argentina<\/p>\n<p>[\/et_pb_text][\/et_pb_column][\/et_pb_row][\/et_pb_section]<\/p>\n","protected":false},"excerpt":{"rendered":"<p>1 \u2013 \u00bfQui\u00e9n puede solicitar una evaluaci\u00f3n? Toda aquella persona con un inter\u00e9s leg\u00edtimo en estudios y evaluaci\u00f3n tales como: profesionales y responsables sanitarios del sector estatal de salud de Mendoza, Obra Social Provincial y aquellos agentes de seguro de salud con convenios vigentes con la AETS. 2 \u2013 \u00bfC\u00f3mo solicitar una evaluaci\u00f3n La solicitud [&hellip;]<\/p>\n","protected":false},"author":18,"featured_media":0,"parent":0,"menu_order":0,"comment_status":"closed","ping_status":"closed","template":"","meta":{"_et_pb_use_builder":"on","_et_pb_old_content":"","_et_gb_content_width":"","footnotes":""},"class_list":["post-6300","page","type-page","status-publish","hentry"],"_links":{"self":[{"href":"https:\/\/informacionoficial.mendoza.gob.ar\/saludydeportes\/wp-json\/wp\/v2\/pages\/6300","targetHints":{"allow":["GET"]}}],"collection":[{"href":"https:\/\/informacionoficial.mendoza.gob.ar\/saludydeportes\/wp-json\/wp\/v2\/pages"}],"about":[{"href":"https:\/\/informacionoficial.mendoza.gob.ar\/saludydeportes\/wp-json\/wp\/v2\/types\/page"}],"author":[{"embeddable":true,"href":"https:\/\/informacionoficial.mendoza.gob.ar\/saludydeportes\/wp-json\/wp\/v2\/users\/18"}],"replies":[{"embeddable":true,"href":"https:\/\/informacionoficial.mendoza.gob.ar\/saludydeportes\/wp-json\/wp\/v2\/comments?post=6300"}],"version-history":[{"count":7,"href":"https:\/\/informacionoficial.mendoza.gob.ar\/saludydeportes\/wp-json\/wp\/v2\/pages\/6300\/revisions"}],"predecessor-version":[{"id":6311,"href":"https:\/\/informacionoficial.mendoza.gob.ar\/saludydeportes\/wp-json\/wp\/v2\/pages\/6300\/revisions\/6311"}],"wp:attachment":[{"href":"https:\/\/informacionoficial.mendoza.gob.ar\/saludydeportes\/wp-json\/wp\/v2\/media?parent=6300"}],"curies":[{"name":"wp","href":"https:\/\/api.w.org\/{rel}","templated":true}]}}