{"id":6549,"date":"2026-04-14T12:09:12","date_gmt":"2026-04-14T15:09:12","guid":{"rendered":"https:\/\/informacionoficial.mendoza.gob.ar\/saludydeportes\/?page_id=6549"},"modified":"2026-04-14T12:09:19","modified_gmt":"2026-04-14T15:09:19","slug":"6549-2","status":"publish","type":"page","link":"https:\/\/informacionoficial.mendoza.gob.ar\/saludydeportes\/6549-2\/","title":{"rendered":""},"content":{"rendered":"<p>[et_pb_section fb_built=\u00bb1&#8243; _builder_version=\u00bb4.27.4&#8243; _module_preset=\u00bbdefault\u00bb global_colors_info=\u00bb{}\u00bb][et_pb_row _builder_version=\u00bb4.27.4&#8243; _module_preset=\u00bbdefault\u00bb global_colors_info=\u00bb{}\u00bb][et_pb_column type=\u00bb4_4&#8243; _builder_version=\u00bb4.27.4&#8243; _module_preset=\u00bbdefault\u00bb global_colors_info=\u00bb{}\u00bb][et_pb_text _builder_version=\u00bb4.27.4&#8243; _module_preset=\u00bbdefault\u00bb text_font=\u00bb|600|||||||\u00bb text_text_color=\u00bb#000F9F\u00bb text_font_size=\u00bb30px\u00bb global_colors_info=\u00bb{}\u00bb]<\/p>\n<p>Capacitaciones<\/p>\n<p>[\/et_pb_text][et_pb_text _builder_version=\u00bb4.27.4&#8243; _module_preset=\u00bbdefault\u00bb text_font=\u00bb||||||||\u00bb text_text_color=\u00bb#000F9F\u00bb text_font_size=\u00bb25px\u00bb header_font_size=\u00bb18px\u00bb header_text_shadow_style=\u00bbpreset2&#8243; global_colors_info=\u00bb{}\u00bb]<\/p>\n<p>Cursos activos<\/p>\n<p>[\/et_pb_text][\/et_pb_column][\/et_pb_row][et_pb_row _builder_version=\u00bb4.27.4&#8243; _module_preset=\u00bbdefault\u00bb global_colors_info=\u00bb{}\u00bb][et_pb_column type=\u00bb4_4&#8243; _builder_version=\u00bb4.27.4&#8243; _module_preset=\u00bbdefault\u00bb global_colors_info=\u00bb{}\u00bb][inftnc_image_carousel image_hover=\u00bbslide\u00bb navigation_icon_size=\u00bb40px\u00bb _builder_version=\u00bb4.27.4&#8243; _module_preset=\u00bbdefault\u00bb global_colors_info=\u00bb{}\u00bb][inftnc_image_carousel_child image=\u00bbhttps:\/\/mza-dicaws-portal-uploads-media-prod.s3.amazonaws.com\/informacion-oficial\/uploads\/sites\/15\/2026\/03\/Curso-Salud-Reproductiva-2026-e1773334400629.jpg\u00bb alt=\u00bbCurso de Salud y Derechos Sexuales Reproductivos: Revisando conceptos b\u00e1sicos\u00bb _builder_version=\u00bb4.27.4&#8243; _module_preset=\u00bbdefault\u00bb global_colors_info=\u00bb{}\u00bb][\/inftnc_image_carousel_child][inftnc_image_carousel_child image=\u00bbhttps:\/\/mza-dicaws-portal-uploads-media-prod.s3.amazonaws.com\/informacion-oficial\/uploads\/sites\/15\/2026\/04\/flyer-microcurso-3.png\u00bb alt=\u00bbMICROCURSO 3 Google Sheets: An\u00e1lisis Avanzado, Tablas Din\u00e1micas y Reportes Estrat\u00e9gicos \u00bb _builder_version=\u00bb4.27.4&#8243; _module_preset=\u00bbdefault\u00bb global_colors_info=\u00bb{}\u00bb][\/inftnc_image_carousel_child][inftnc_image_carousel_child image=\u00bbhttps:\/\/mza-dicaws-portal-uploads-media-prod.s3.amazonaws.com\/informacion-oficial\/uploads\/sites\/15\/2026\/04\/flyermicrocurso2.png\u00bb alt=\u00bbMICROCURSO 2 Google Sheets: Organizaci\u00f3n, Filtros y F\u00f3rmulas Esenciales \u00bb _builder_version=\u00bb4.27.4&#8243; _module_preset=\u00bbdefault\u00bb global_colors_info=\u00bb{}\u00bb][\/inftnc_image_carousel_child][inftnc_image_carousel_child image=\u00bbhttps:\/\/mza-dicaws-portal-uploads-media-prod.s3.amazonaws.com\/informacion-oficial\/uploads\/sites\/15\/2026\/04\/flyer-ia-gen.png\u00bb alt=\u00bbIntroducci\u00f3n a las Herramientas de Inteligencia Artificial para la Gesti\u00f3n en Salud\u00bb _builder_version=\u00bb4.27.4&#8243; _module_preset=\u00bbdefault\u00bb global_colors_info=\u00bb{}\u00bb][\/inftnc_image_carousel_child][inftnc_image_carousel_child image=\u00bbhttps:\/\/mza-dicaws-portal-uploads-media-prod.s3.amazonaws.com\/informacion-oficial\/uploads\/sites\/15\/2026\/04\/flyer-4-cursos-auto.jpeg\u00bb alt=\u00bbRedacci\u00f3n Administrativa Asistida por IA\u00bb _builder_version=\u00bb4.27.4&#8243; _module_preset=\u00bbdefault\u00bb global_colors_info=\u00bb{}\u00bb][\/inftnc_image_carousel_child][inftnc_image_carousel_child image=\u00bbhttps:\/\/mza-dicaws-portal-uploads-media-prod.s3.amazonaws.com\/informacion-oficial\/uploads\/sites\/15\/2026\/04\/flyer-4-cursos-auto.jpeg\u00bb alt=\u00bbCompetencias Digitales para Profesionales de la Salud\u00bb _builder_version=\u00bb4.27.4&#8243; _module_preset=\u00bbdefault\u00bb global_colors_info=\u00bb{}\u00bb][\/inftnc_image_carousel_child][inftnc_image_carousel_child image=\u00bbhttps:\/\/mza-dicaws-portal-uploads-media-prod.s3.amazonaws.com\/informacion-oficial\/uploads\/sites\/15\/2026\/04\/flyer-4-cursos-auto.jpeg\u00bb alt=\u00bb Dimensiones Socioculturales\u00bb _builder_version=\u00bb4.27.4&#8243; _module_preset=\u00bbdefault\u00bb global_colors_info=\u00bb{}\u00bb][\/inftnc_image_carousel_child][inftnc_image_carousel_child image=\u00bbhttps:\/\/mza-dicaws-portal-uploads-media-prod.s3.amazonaws.com\/informacion-oficial\/uploads\/sites\/15\/2026\/04\/toxico2025.jpg\u00bb alt=\u00bbToxicolog\u00eda Cl\u00ednica\u00bb _builder_version=\u00bb4.27.4&#8243; _module_preset=\u00bbdefault\u00bb global_colors_info=\u00bb{}\u00bb][\/inftnc_image_carousel_child][inftnc_image_carousel_child image=\u00bbhttps:\/\/mza-dicaws-portal-uploads-media-prod.s3.amazonaws.com\/informacion-oficial\/uploads\/sites\/15\/2026\/04\/flyer-microcurso-3.png\u00bb alt=\u00bbMICROCURSO 1: Fundamentos de datos para la gesti\u00f3n sanitaria con Google Sheets\u00bb _builder_version=\u00bb4.27.4&#8243; _module_preset=\u00bbdefault\u00bb global_colors_info=\u00bb{}\u00bb][\/inftnc_image_carousel_child][\/inftnc_image_carousel][\/et_pb_column][\/et_pb_row][\/et_pb_section]<\/p>\n","protected":false},"excerpt":{"rendered":"<p>CapacitacionesCursos activos<div class=\"et_pb_module inftnc_image_carousel inftnc_image_carousel_0\">\n\t\t\t\t\n\t\t\t\t\n\t\t\t\t\n\t\t\t\t\n\t\t\t\t\n\t\t\t\t\n\t\t\t\t<div class=\"et_pb_module_inner\">\n\t\t\t\t\t<div dir=\"\" class=\"inftnc_carousels_image_wrapper\" data-slides-to-show=\"3\" data-slide-scroll=\"1\" data-animation-speed=\"300\" data-autoplay=\"true\" data-autoplay-speed=\"3000\" data-navigation=\"true\" data-pagination=\"true\" data-infinite=\"true\" data-pause-hover=\"true\" data-swipe=\"true\" data-rtl=\"false\" data-slide-tablet=\"\" data-slide-phone=\"\" data-scroll-tablet=\"\" data-scroll-phone=\"\"><\/div>\n\t\t\t\t<\/div>\n\t\t\t<\/div>\n\t\t\t\t\t<div class=\"inftnc_carousel_child\">\n\t\t\t\t\t\t\t\n\t\t\t\t<img decoding=\"async\" class=\"image_carousel_img\" src=\"https:\/\/mza-dicaws-portal-uploads-media-prod.s3.amazonaws.com\/informacion-oficial\/uploads\/sites\/15\/2026\/03\/Curso-Salud-Reproductiva-2026-e1773334400629.jpg\" alt=\"Curso de Salud y Derechos Sexuales Reproductivos: Revisando conceptos b\u00e1sicos\">\n\t\t\t      \t<\/div>\n\t\t\t\t\t<div class=\"inftnc_carousel_child\">\n\t\t\t\t\t\t\t\n\t\t\t\t<img decoding=\"async\" class=\"image_carousel_img\" src=\"https:\/\/mza-dicaws-portal-uploads-media-prod.s3.amazonaws.com\/informacion-oficial\/uploads\/sites\/15\/2026\/04\/flyer-microcurso-3.png\" alt=\"MICROCURSO 3 Google Sheets: An\u00e1lisis Avanzado, Tablas Din\u00e1micas y Reportes Estrat\u00e9gicos \">\n\t\t\t      \t<\/div>\n\t\t\t\t\t<div class=\"inftnc_carousel_child\">\n\t\t\t\t\t\t\t\n\t\t\t\t<img decoding=\"async\" class=\"image_carousel_img\" src=\"https:\/\/mza-dicaws-portal-uploads-media-prod.s3.amazonaws.com\/informacion-oficial\/uploads\/sites\/15\/2026\/04\/flyermicrocurso2.png\" alt=\"MICROCURSO 2 Google Sheets: Organizaci\u00f3n, Filtros y F\u00f3rmulas Esenciales \">\n\t\t\t      \t<\/div>\n\t\t\t\t\t<div class=\"inftnc_carousel_child\">\n\t\t\t\t\t\t\t\n\t\t\t\t<img decoding=\"async\" class=\"image_carousel_img\" src=\"\u00bbhttps:\/\/mza-dicaws-portal-uploads-media-prod.s3.amazonaws.com\/informacion-oficial\/uploads\/sites\/15\/2026\/04\/flyer-ia-gen.png\u00bb\" alt=\"\u00bbIntroducci\u00f3n\">\n\t\t\t      \t<\/div><\/p>\n","protected":false},"author":18,"featured_media":0,"parent":0,"menu_order":0,"comment_status":"closed","ping_status":"closed","template":"","meta":{"_et_pb_use_builder":"on","_et_pb_old_content":"","_et_gb_content_width":"","footnotes":""},"class_list":["post-6549","page","type-page","status-publish","hentry"],"_links":{"self":[{"href":"https:\/\/informacionoficial.mendoza.gob.ar\/saludydeportes\/wp-json\/wp\/v2\/pages\/6549","targetHints":{"allow":["GET"]}}],"collection":[{"href":"https:\/\/informacionoficial.mendoza.gob.ar\/saludydeportes\/wp-json\/wp\/v2\/pages"}],"about":[{"href":"https:\/\/informacionoficial.mendoza.gob.ar\/saludydeportes\/wp-json\/wp\/v2\/types\/page"}],"author":[{"embeddable":true,"href":"https:\/\/informacionoficial.mendoza.gob.ar\/saludydeportes\/wp-json\/wp\/v2\/users\/18"}],"replies":[{"embeddable":true,"href":"https:\/\/informacionoficial.mendoza.gob.ar\/saludydeportes\/wp-json\/wp\/v2\/comments?post=6549"}],"version-history":[{"count":11,"href":"https:\/\/informacionoficial.mendoza.gob.ar\/saludydeportes\/wp-json\/wp\/v2\/pages\/6549\/revisions"}],"predecessor-version":[{"id":7061,"href":"https:\/\/informacionoficial.mendoza.gob.ar\/saludydeportes\/wp-json\/wp\/v2\/pages\/6549\/revisions\/7061"}],"wp:attachment":[{"href":"https:\/\/informacionoficial.mendoza.gob.ar\/saludydeportes\/wp-json\/wp\/v2\/media?parent=6549"}],"curies":[{"name":"wp","href":"https:\/\/api.w.org\/{rel}","templated":true}]}}