{"id":7093,"date":"2026-04-16T12:00:34","date_gmt":"2026-04-16T15:00:34","guid":{"rendered":"https:\/\/informacionoficial.mendoza.gob.ar\/saludydeportes\/?page_id=7093"},"modified":"2026-04-21T17:12:49","modified_gmt":"2026-04-21T20:12:49","slug":"capacitaciones-esalud","status":"publish","type":"page","link":"https:\/\/informacionoficial.mendoza.gob.ar\/saludydeportes\/capacitaciones-esalud\/","title":{"rendered":"Capacitaciones ESALUD"},"content":{"rendered":"<p>[et_pb_section fb_built=\u00bb1&#8243; _builder_version=\u00bb4.27.4&#8243; _module_preset=\u00bbdefault\u00bb custom_padding=\u00bb0px||4px|||\u00bb global_colors_info=\u00bb{}\u00bb][et_pb_row _builder_version=\u00bb4.27.4&#8243; _module_preset=\u00bbdefault\u00bb module_alignment=\u00bbcenter\u00bb global_colors_info=\u00bb{}\u00bb][et_pb_column type=\u00bb4_4&#8243; _builder_version=\u00bb4.27.4&#8243; _module_preset=\u00bbdefault\u00bb global_colors_info=\u00bb{}\u00bb][et_pb_image src=\u00bbhttps:\/\/mza-dicaws-portal-uploads-media-prod.s3.amazonaws.com\/informacion-oficial\/uploads\/sites\/15\/2025\/12\/Screenshot-2025-12-23-at-10-48-21-Inicie-sesion-en-el-sitio-ESALUD2.0.png\u00bb title_text=\u00bbScreenshot 2025-12-23 at 10-48-21 Inicie sesi\u00f3n en el sitio ESALUD2.0&#8243; _builder_version=\u00bb4.27.4&#8243; _module_preset=\u00bbdefault\u00bb global_colors_info=\u00bb{}\u00bb][\/et_pb_image][\/et_pb_column][\/et_pb_row][\/et_pb_section][et_pb_section fb_built=\u00bb1&#8243; _builder_version=\u00bb4.27.4&#8243; _module_preset=\u00bbdefault\u00bb global_colors_info=\u00bb{}\u00bb][et_pb_row column_structure=\u00bb1_3,1_3,1_3&#8243; _builder_version=\u00bb4.27.4&#8243; _module_preset=\u00bbdefault\u00bb global_colors_info=\u00bb{}\u00bb][et_pb_column type=\u00bb1_3&#8243; _builder_version=\u00bb4.27.4&#8243; _module_preset=\u00bbdefault\u00bb global_colors_info=\u00bb{}\u00bb][et_pb_number_counter title=\u00bbCursos dictados 2024 y 2025&#8243; number=\u00bb+50&#8243; percent_sign=\u00bboff\u00bb _builder_version=\u00bb4.27.4&#8243; _module_preset=\u00bbdefault\u00bb title_font=\u00bb|600|||||||\u00bb title_text_color=\u00bb#C8A977&#8243; number_text_color=\u00bb#000F9F\u00bb global_colors_info=\u00bb{}\u00bb][\/et_pb_number_counter][\/et_pb_column][et_pb_column type=\u00bb1_3&#8243; _builder_version=\u00bb4.27.4&#8243; _module_preset=\u00bbdefault\u00bb global_colors_info=\u00bb{}\u00bb][et_pb_number_counter title=\u00bbInscriptos\u00bb number=\u00bb+2000&#8243; percent_sign=\u00bboff\u00bb _builder_version=\u00bb4.27.4&#8243; _module_preset=\u00bbdefault\u00bb title_font=\u00bb|600|||||||\u00bb title_text_color=\u00bb#C8A977&#8243; number_text_color=\u00bb#000F9F\u00bb global_colors_info=\u00bb{}\u00bb][\/et_pb_number_counter][\/et_pb_column][et_pb_column type=\u00bb1_3&#8243; _builder_version=\u00bb4.27.4&#8243; _module_preset=\u00bbdefault\u00bb global_colors_info=\u00bb{}\u00bb][et_pb_number_counter title=\u00bbCertificados entregados\u00bb number=\u00bb+7000&#8243; percent_sign=\u00bboff\u00bb _builder_version=\u00bb4.27.4&#8243; _module_preset=\u00bbdefault\u00bb title_font=\u00bb|600|||||||\u00bb title_text_color=\u00bb#C8A977&#8243; number_text_color=\u00bb#000F9F\u00bb global_colors_info=\u00bb{}\u00bb][\/et_pb_number_counter][\/et_pb_column][\/et_pb_row][\/et_pb_section][et_pb_section fb_built=\u00bb1&#8243; _builder_version=\u00bb4.27.4&#8243; _module_preset=\u00bbdefault\u00bb global_colors_info=\u00bb{}\u00bb][et_pb_row column_structure=\u00bb1_3,1_3,1_3&#8243; _builder_version=\u00bb4.27.4&#8243; _module_preset=\u00bbdefault\u00bb global_colors_info=\u00bb{}\u00bb][et_pb_column type=\u00bb1_3&#8243; _builder_version=\u00bb4.27.4&#8243; _module_preset=\u00bbdefault\u00bb global_colors_info=\u00bb{}\u00bb][et_pb_button button_text=\u00bbInscripciones\u00bb button_alignment=\u00bbcenter\u00bb _builder_version=\u00bb4.27.4&#8243; _module_preset=\u00bbdefault\u00bb custom_button=\u00bbon\u00bb button_text_size=\u00bb22px\u00bb button_text_color=\u00bb#000F9F\u00bb button_bg_color=\u00bb#FFFFFF\u00bb button_border_color=\u00bb#3CB4E5&#8243; button_font=\u00bb|600|||||||\u00bb button_use_icon=\u00bboff\u00bb custom_margin=\u00bb||0px||false|false\u00bb box_shadow_style=\u00bbpreset3&#8243; global_colors_info=\u00bb{}\u00bb][\/et_pb_button][\/et_pb_column][et_pb_column type=\u00bb1_3&#8243; _builder_version=\u00bb4.27.4&#8243; _module_preset=\u00bbdefault\u00bb global_colors_info=\u00bb{}\u00bb][et_pb_button button_text=\u00bbCapacitaciones\u00bb button_alignment=\u00bbcenter\u00bb _builder_version=\u00bb4.27.4&#8243; _module_preset=\u00bbdefault\u00bb custom_button=\u00bbon\u00bb button_text_size=\u00bb22px\u00bb button_text_color=\u00bb#000F9F\u00bb button_bg_color=\u00bb#FFFFFF\u00bb button_border_color=\u00bb#3CB4E5&#8243; button_font=\u00bb|600|||||||\u00bb button_use_icon=\u00bboff\u00bb custom_margin=\u00bb||0px||false|false\u00bb box_shadow_style=\u00bbpreset3&#8243; global_colors_info=\u00bb{}\u00bb][\/et_pb_button][\/et_pb_column][et_pb_column type=\u00bb1_3&#8243; _builder_version=\u00bb4.27.4&#8243; _module_preset=\u00bbdefault\u00bb global_colors_info=\u00bb{}\u00bb][et_pb_button button_text=\u00bbAula virtual\u00bb button_alignment=\u00bbcenter\u00bb _builder_version=\u00bb4.27.4&#8243; _module_preset=\u00bbdefault\u00bb custom_button=\u00bbon\u00bb button_text_size=\u00bb22px\u00bb button_text_color=\u00bb#000F9F\u00bb button_bg_color=\u00bb#FFFFFF\u00bb button_border_color=\u00bb#3CB4E5&#8243; button_font=\u00bb|600|||||||\u00bb button_use_icon=\u00bboff\u00bb custom_margin=\u00bb||0px||false|false\u00bb box_shadow_style=\u00bbpreset3&#8243; global_colors_info=\u00bb{}\u00bb][\/et_pb_button][\/et_pb_column][\/et_pb_row][\/et_pb_section][et_pb_section fb_built=\u00bb1&#8243; _builder_version=\u00bb4.27.4&#8243; _module_preset=\u00bbdefault\u00bb global_colors_info=\u00bb{}\u00bb][et_pb_row _builder_version=\u00bb4.27.4&#8243; _module_preset=\u00bbdefault\u00bb global_colors_info=\u00bb{}\u00bb][et_pb_column type=\u00bb4_4&#8243; _builder_version=\u00bb4.27.4&#8243; _module_preset=\u00bbdefault\u00bb global_colors_info=\u00bb{}\u00bb][et_pb_text _builder_version=\u00bb4.27.4&#8243; _module_preset=\u00bbdefault\u00bb text_font=\u00bb|600|||||||\u00bb text_text_color=\u00bb#000F9F\u00bb text_font_size=\u00bb30px\u00bb global_colors_info=\u00bb{}\u00bb]<\/p>\n<p>Capacitaciones<\/p>\n<p>[\/et_pb_text][et_pb_text _builder_version=\u00bb4.27.4&#8243; _module_preset=\u00bbdefault\u00bb text_font=\u00bb||||||||\u00bb text_text_color=\u00bb#000F9F\u00bb text_font_size=\u00bb25px\u00bb header_font_size=\u00bb18px\u00bb header_text_shadow_style=\u00bbpreset2&#8243; global_colors_info=\u00bb{}\u00bb]<\/p>\n<p>Cursos activos<\/p>\n<p>[\/et_pb_text][\/et_pb_column][\/et_pb_row][et_pb_row _builder_version=\u00bb4.27.4&#8243; _module_preset=\u00bbdefault\u00bb global_colors_info=\u00bb{}\u00bb][et_pb_column type=\u00bb4_4&#8243; _builder_version=\u00bb4.27.4&#8243; _module_preset=\u00bbdefault\u00bb global_colors_info=\u00bb{}\u00bb][inftnc_image_carousel image_hover=\u00bbslide\u00bb navigation_icon_size=\u00bb40px\u00bb _builder_version=\u00bb4.27.4&#8243; _module_preset=\u00bbdefault\u00bb global_colors_info=\u00bb{}\u00bb][inftnc_image_carousel_child image=\u00bbhttps:\/\/mza-dicaws-portal-uploads-media-prod.s3.amazonaws.com\/informacion-oficial\/uploads\/sites\/15\/2026\/03\/Curso-Salud-Reproductiva-2026-e1773334400629.jpg\u00bb alt=\u00bbCurso de Salud y Derechos Sexuales Reproductivos: Revisando conceptos b\u00e1sicos\u00bb _builder_version=\u00bb4.27.4&#8243; _module_preset=\u00bbdefault\u00bb global_colors_info=\u00bb{}\u00bb][\/inftnc_image_carousel_child][inftnc_image_carousel_child image=\u00bbhttps:\/\/mza-dicaws-portal-uploads-media-prod.s3.amazonaws.com\/informacion-oficial\/uploads\/sites\/15\/2026\/04\/flyer-microcurso-3.png\u00bb alt=\u00bbMICROCURSO 3 Google Sheets: An\u00e1lisis Avanzado, Tablas Din\u00e1micas y Reportes Estrat\u00e9gicos \u00bb _builder_version=\u00bb4.27.4&#8243; _module_preset=\u00bbdefault\u00bb global_colors_info=\u00bb{}\u00bb][\/inftnc_image_carousel_child][inftnc_image_carousel_child image=\u00bbhttps:\/\/mza-dicaws-portal-uploads-media-prod.s3.amazonaws.com\/informacion-oficial\/uploads\/sites\/15\/2026\/04\/flyermicrocurso2.png\u00bb alt=\u00bbMICROCURSO 2 Google Sheets: Organizaci\u00f3n, Filtros y F\u00f3rmulas Esenciales \u00bb _builder_version=\u00bb4.27.4&#8243; _module_preset=\u00bbdefault\u00bb global_colors_info=\u00bb{}\u00bb][\/inftnc_image_carousel_child][inftnc_image_carousel_child image=\u00bbhttps:\/\/mza-dicaws-portal-uploads-media-prod.s3.amazonaws.com\/informacion-oficial\/uploads\/sites\/15\/2026\/04\/flyer-ia-gen.png\u00bb alt=\u00bbIntroducci\u00f3n a las Herramientas de Inteligencia Artificial para la Gesti\u00f3n en Salud\u00bb _builder_version=\u00bb4.27.4&#8243; _module_preset=\u00bbdefault\u00bb global_colors_info=\u00bb{}\u00bb][\/inftnc_image_carousel_child][inftnc_image_carousel_child image=\u00bbhttps:\/\/mza-dicaws-portal-uploads-media-prod.s3.amazonaws.com\/informacion-oficial\/uploads\/sites\/15\/2026\/04\/flyer-4-cursos-auto.jpeg\u00bb alt=\u00bbRedacci\u00f3n Administrativa Asistida por IA\u00bb _builder_version=\u00bb4.27.4&#8243; _module_preset=\u00bbdefault\u00bb global_colors_info=\u00bb{}\u00bb][\/inftnc_image_carousel_child][inftnc_image_carousel_child image=\u00bbhttps:\/\/mza-dicaws-portal-uploads-media-prod.s3.amazonaws.com\/informacion-oficial\/uploads\/sites\/15\/2026\/04\/flyer-4-cursos-auto.jpeg\u00bb alt=\u00bbCompetencias Digitales para Profesionales de la Salud\u00bb _builder_version=\u00bb4.27.4&#8243; _module_preset=\u00bbdefault\u00bb global_colors_info=\u00bb{}\u00bb][\/inftnc_image_carousel_child][inftnc_image_carousel_child image=\u00bbhttps:\/\/mza-dicaws-portal-uploads-media-prod.s3.amazonaws.com\/informacion-oficial\/uploads\/sites\/15\/2026\/04\/flyer-4-cursos-auto.jpeg\u00bb alt=\u00bb Dimensiones Socioculturales\u00bb _builder_version=\u00bb4.27.4&#8243; _module_preset=\u00bbdefault\u00bb global_colors_info=\u00bb{}\u00bb][\/inftnc_image_carousel_child][inftnc_image_carousel_child image=\u00bbhttps:\/\/mza-dicaws-portal-uploads-media-prod.s3.amazonaws.com\/informacion-oficial\/uploads\/sites\/15\/2026\/04\/toxico2025.jpg\u00bb alt=\u00bbToxicolog\u00eda Cl\u00ednica\u00bb _builder_version=\u00bb4.27.4&#8243; _module_preset=\u00bbdefault\u00bb global_colors_info=\u00bb{}\u00bb][\/inftnc_image_carousel_child][inftnc_image_carousel_child image=\u00bbhttps:\/\/mza-dicaws-portal-uploads-media-prod.s3.amazonaws.com\/informacion-oficial\/uploads\/sites\/15\/2026\/04\/flyer-microcurso-3.png\u00bb alt=\u00bbMICROCURSO 1: Fundamentos de datos para la gesti\u00f3n sanitaria con Google Sheets\u00bb _builder_version=\u00bb4.27.4&#8243; _module_preset=\u00bbdefault\u00bb global_colors_info=\u00bb{}\u00bb][\/inftnc_image_carousel_child][\/inftnc_image_carousel][\/et_pb_column][\/et_pb_row][\/et_pb_section][et_pb_section fb_built=\u00bb1&#8243; theme_builder_area=\u00bbpost_content\u00bb _builder_version=\u00bb4.27.4&#8243; _module_preset=\u00bbdefault\u00bb][et_pb_row _builder_version=\u00bb4.27.4&#8243; _module_preset=\u00bbdefault\u00bb theme_builder_area=\u00bbpost_content\u00bb column_structure=\u00bb1_3,1_3,1_3&#8243;][et_pb_column _builder_version=\u00bb4.27.4&#8243; _module_preset=\u00bbdefault\u00bb type=\u00bb1_3&#8243; theme_builder_area=\u00bbpost_content\u00bb][et_pb_blurb title=\u00bbDiplomado en Gesti\u00f3n de Salud\u00bb image=\u00bbhttps:\/\/mza-dicaws-portal-uploads-media-prod.s3.amazonaws.com\/informacion-oficial\/uploads\/sites\/15\/2026\/04\/WhatsApp-Image-2026-04-14-at-12.54.14.jpeg\u00bb _builder_version=\u00bb4.27.4&#8243; _module_preset=\u00bbdefault\u00bb theme_builder_area=\u00bbpost_content\u00bb title_text=\u00bbWhatsApp Image 2026-04-14 at 12.54.14&#8243; hover_enabled=\u00bb0&#8243; sticky_enabled=\u00bb0&#8243; image_icon_width=\u00bb80%\u00bb]<\/p>\n<p style=\"text-align: justify\"><strong>Fecha inicio:<\/strong> mayo 2026<br \/><strong>Duraci\u00f3n:<\/strong> 6 meses<br \/><strong>Modalidad:<\/strong> online<br \/><strong>Organiza:<\/strong> Ministerio de Salud y Deportes y la Facultad de Ciencias Econ\u00f3micas Universidad Nacional de Cuyo<br \/>M\u00e1s Info e inscripciones<\/p>\n<p>[\/et_pb_blurb][\/et_pb_column][et_pb_column _builder_version=\u00bb4.27.4&#8243; _module_preset=\u00bbdefault\u00bb type=\u00bb1_3&#8243; theme_builder_area=\u00bbpost_content\u00bb][et_pb_blurb title=\u00bbCurso Capacitador Reconocido en Manipulaci\u00f3n Segura de Alimentos\u00bb image=\u00bbhttps:\/\/mza-dicaws-portal-uploads-media-prod.s3.amazonaws.com\/informacion-oficial\/uploads\/sites\/15\/2026\/04\/IMG-20260414-WA0050.jpg\u00bb _builder_version=\u00bb4.27.4&#8243; _module_preset=\u00bbdefault\u00bb theme_builder_area=\u00bbpost_content\u00bb title_text=\u00bbIMG-20260414-WA0050&#8243; hover_enabled=\u00bb0&#8243; sticky_enabled=\u00bb0&#8243; image_icon_width=\u00bb80%\u00bb]<\/p>\n<p><strong>Inscripciones:<\/strong> del 13 al 30 abril<br \/><strong>Fecha inicio:<\/strong> 04 de mayo<br \/><strong>Finaliza:<\/strong> 30 de abril<br \/><strong>Modalidad:<\/strong> online<br \/><strong>Organiza:<\/strong> Departamento de Inocuidad Alimentaria del Ministerio de Salud y Deportes<\/p>\n<p>M\u00e1s Info e inscripciones<\/p>\n<p>[\/et_pb_blurb][\/et_pb_column][et_pb_column _builder_version=\u00bb4.27.4&#8243; _module_preset=\u00bbdefault\u00bb type=\u00bb1_3&#8243; theme_builder_area=\u00bbpost_content\u00bb][et_pb_blurb title=\u00bbCurso de Salud y Derechos Sexuales Reproductivos: Revisando conceptos b\u00e1sicos\u00bb image=\u00bbhttps:\/\/mza-dicaws-portal-uploads-media-prod.s3.amazonaws.com\/informacion-oficial\/uploads\/sites\/15\/2026\/04\/Screenshot-2025-12-23-at-10-48-21-Inicie-sesion-en-el-sitio-ESALUD2.0-scaled.png\u00bb _builder_version=\u00bb4.27.4&#8243; _module_preset=\u00bbdefault\u00bb theme_builder_area=\u00bbpost_content\u00bb title_text=\u00bbScreenshot-2025-12-23-at-10-48-21-Inicie-sesion-en-el-sitio-ESALUD2.0&#8243; hover_enabled=\u00bb0&#8243; sticky_enabled=\u00bb0&#8243; image_icon_width=\u00bb200%\u00bb]<\/p>\n<p><strong>Fecha:<\/strong> 13,20 y 27 de marzo<br \/><strong>Horario:<\/strong> 8.30 a 11 hs<br \/><strong>Destinado a:<\/strong> Equipos de salud y educaci\u00f3n. Estudiantes de nivel superior.<br \/><strong>Modalidad:<\/strong> v\u00eda meet (inscribite y te enviamos el link!)<br \/><strong>Organiza:<\/strong> Programa de Salud Reproductiva: Direcci\u00f3n de Maternidad e Infancia. Ministerio de Salud<\/p>\n<p>M\u00e1s Info e inscripciones<\/p>\n<p>[\/et_pb_blurb][\/et_pb_column][\/et_pb_row][\/et_pb_section]<\/p>\n","protected":false},"excerpt":{"rendered":"<p>CapacitacionesCursos activos<div class=\"et_pb_module inftnc_image_carousel inftnc_image_carousel_0\">\n\t\t\t\t\n\t\t\t\t\n\t\t\t\t\n\t\t\t\t\n\t\t\t\t\n\t\t\t\t\n\t\t\t\t<div class=\"et_pb_module_inner\">\n\t\t\t\t\t<div dir=\"\" class=\"inftnc_carousels_image_wrapper\" data-slides-to-show=\"3\" data-slide-scroll=\"1\" data-animation-speed=\"300\" data-autoplay=\"true\" data-autoplay-speed=\"3000\" data-navigation=\"true\" data-pagination=\"true\" data-infinite=\"true\" data-pause-hover=\"true\" data-swipe=\"true\" data-rtl=\"false\" data-slide-tablet=\"\" data-slide-phone=\"\" data-scroll-tablet=\"\" data-scroll-phone=\"\"><\/div>\n\t\t\t\t<\/div>\n\t\t\t<\/div>\n\t\t\t\t\t<div class=\"inftnc_carousel_child\">\n\t\t\t\t\t\t\t\n\t\t\t\t<img decoding=\"async\" class=\"image_carousel_img\" src=\"https:\/\/mza-dicaws-portal-uploads-media-prod.s3.amazonaws.com\/informacion-oficial\/uploads\/sites\/15\/2026\/03\/Curso-Salud-Reproductiva-2026-e1773334400629.jpg\" alt=\"Curso de Salud y Derechos Sexuales Reproductivos: Revisando conceptos b\u00e1sicos\">\n\t\t\t      \t<\/div>\n\t\t\t\t\t<div class=\"inftnc_carousel_child\">\n\t\t\t\t\t\t\t\n\t\t\t\t<img decoding=\"async\" class=\"image_carousel_img\" src=\"https:\/\/mza-dicaws-portal-uploads-media-prod.s3.amazonaws.com\/informacion-oficial\/uploads\/sites\/15\/2026\/04\/flyer-microcurso-3.png\" alt=\"MICROCURSO 3 Google Sheets: An\u00e1lisis Avanzado, Tablas Din\u00e1micas y Reportes Estrat\u00e9gicos \">\n\t\t\t      \t<\/div>\n\t\t\t\t\t<div class=\"inftnc_carousel_child\">\n\t\t\t\t\t\t\t\n\t\t\t\t<img decoding=\"async\" class=\"image_carousel_img\" src=\"https:\/\/mza-dicaws-portal-uploads-media-prod.s3.amazonaws.com\/informacion-oficial\/uploads\/sites\/15\/2026\/04\/flyermicrocurso2.png\" alt=\"MICROCURSO 2 Google Sheets: Organizaci\u00f3n, Filtros y F\u00f3rmulas Esenciales \">\n\t\t\t      \t<\/div>\n\t\t\t\t\t<div class=\"inftnc_carousel_child\">\n\t\t\t\t\t\t\t\n\t\t\t\t<img decoding=\"async\" class=\"image_carousel_img\" src=\"\u00bbhttps:\/\/mza-dicaws-portal-uploads-media-prod.s3.amazonaws.com\/informacion-oficial\/uploads\/sites\/15\/2026\/04\/flyer-ia-gen.png\u00bb\" alt=\"\u00bbIntroducci\u00f3n\">\n\t\t\t      \t<\/div><\/p>\n","protected":false},"author":18,"featured_media":0,"parent":0,"menu_order":0,"comment_status":"closed","ping_status":"closed","template":"","meta":{"_et_pb_use_builder":"on","_et_pb_old_content":"<!-- wp:divi\/placeholder \/-->","_et_gb_content_width":"","footnotes":""},"class_list":["post-7093","page","type-page","status-publish","hentry"],"_links":{"self":[{"href":"https:\/\/informacionoficial.mendoza.gob.ar\/saludydeportes\/wp-json\/wp\/v2\/pages\/7093","targetHints":{"allow":["GET"]}}],"collection":[{"href":"https:\/\/informacionoficial.mendoza.gob.ar\/saludydeportes\/wp-json\/wp\/v2\/pages"}],"about":[{"href":"https:\/\/informacionoficial.mendoza.gob.ar\/saludydeportes\/wp-json\/wp\/v2\/types\/page"}],"author":[{"embeddable":true,"href":"https:\/\/informacionoficial.mendoza.gob.ar\/saludydeportes\/wp-json\/wp\/v2\/users\/18"}],"replies":[{"embeddable":true,"href":"https:\/\/informacionoficial.mendoza.gob.ar\/saludydeportes\/wp-json\/wp\/v2\/comments?post=7093"}],"version-history":[{"count":5,"href":"https:\/\/informacionoficial.mendoza.gob.ar\/saludydeportes\/wp-json\/wp\/v2\/pages\/7093\/revisions"}],"predecessor-version":[{"id":7124,"href":"https:\/\/informacionoficial.mendoza.gob.ar\/saludydeportes\/wp-json\/wp\/v2\/pages\/7093\/revisions\/7124"}],"wp:attachment":[{"href":"https:\/\/informacionoficial.mendoza.gob.ar\/saludydeportes\/wp-json\/wp\/v2\/media?parent=7093"}],"curies":[{"name":"wp","href":"https:\/\/api.w.org\/{rel}","templated":true}]}}