{"id":930,"date":"2025-05-21T08:42:40","date_gmt":"2025-05-21T11:42:40","guid":{"rendered":"https:\/\/informacionoficial.mendoza.gob.ar\/saludydeportes\/?page_id=930"},"modified":"2025-05-21T09:24:34","modified_gmt":"2025-05-21T12:24:34","slug":"atencion-ciudadana-hcentral","status":"publish","type":"page","link":"https:\/\/informacionoficial.mendoza.gob.ar\/saludydeportes\/hcentral\/atencion-ciudadana-hcentral\/","title":{"rendered":"Atenci\u00f3n Ciudadana HCentral"},"content":{"rendered":"<p>[et_pb_section fb_built=\u00bb1&#8243; admin_label=\u00bbHeader\u00bb _builder_version=\u00bb4.27.4&#8243; _module_preset=\u00bb_initial\u00bb background_color=\u00bb#000000&#8243; background_image=\u00bbhttps:\/\/mza-dicaws-portal-uploads-media-prod.s3.us-east-1.amazonaws.com\/informacion-oficial\/uploads\/sites\/15\/2025\/04\/LA7_7469-scaled-1.jpg\u00bb min_height=\u00bb832.8px\u00bb custom_padding=\u00bb106px||53px||false|false\u00bb collapsed=\u00bbon\u00bb global_colors_info=\u00bb{%22gcid-1f1bf5fb-a99d-4acc-8d9e-ddac074c158c%22:%91%22background_color_gradient_stops%22,%22background_color_gradient_stops%22%93,%22gcid-4c79ba3d-a281-4fb6-9b14-02f9a4c793f2%22:%91%22background_color_gradient_stops%22,%22background_color_gradient_stops%22%93,%22gcid-688c464a-d6f2-4296-b592-395352c71c79%22:%91%22background_color_gradient_stops%22,%22background_color_gradient_stops%22%93,%22gcid-d119accd-44d7-4f2f-b9d7-599c8463324b%22:%91%22background_color_gradient_stops%22,%22background_color_gradient_stops%22%93}\u00bb][et_pb_row _builder_version=\u00bb4.25.1&#8243; _module_preset=\u00bbdefault\u00bb min_height=\u00bb146.4px\u00bb custom_margin=\u00bb-76px|auto|-79px|auto||\u00bb custom_padding=\u00bb||20px|||\u00bb global_colors_info=\u00bb{}\u00bb][et_pb_column type=\u00bb4_4&#8243; _builder_version=\u00bb4.25.1&#8243; _module_preset=\u00bbdefault\u00bb global_colors_info=\u00bb{}\u00bb][et_pb_heading title=\u00bb@ET-DC@eyJkeW5hbWljIjp0cnVlLCJjb250ZW50IjoicG9zdF90aXRsZSIsInNldHRpbmdzIjp7ImJlZm9yZSI6IiIsImFmdGVyIjoiIiwiZW5hYmxlX2h0bWwiOiJvZmYifX0=@\u00bb _builder_version=\u00bb4.23.4&#8243; _dynamic_attributes=\u00bbtitle\u00bb _module_preset=\u00bb_initial\u00bb title_font=\u00bbUrbanist|700|||||||\u00bb title_text_align=\u00bbcenter\u00bb title_text_color=\u00bb#FFFFFF\u00bb title_font_size=\u00bb40px\u00bb custom_margin=\u00bb||10px||false|false\u00bb title_text_shadow_style=\u00bbpreset1&#8243; title_text_shadow_color=\u00bb#000000&#8243; locked=\u00bboff\u00bb global_colors_info=\u00bb{}\u00bb][\/et_pb_heading][\/et_pb_column][\/et_pb_row][et_pb_row _builder_version=\u00bb4.23.4&#8243; _module_preset=\u00bbdefault\u00bb global_colors_info=\u00bb{}\u00bb][et_pb_column type=\u00bb4_4&#8243; _builder_version=\u00bb4.23.4&#8243; _module_preset=\u00bbdefault\u00bb global_colors_info=\u00bb{}\u00bb][et_pb_search button_color=\u00bb#0C71C3&#8243; _builder_version=\u00bb4.23.4&#8243; _module_preset=\u00bbdefault\u00bb form_field_text_color=\u00bb#0C71C3&#8243; button_font=\u00bb|700|||||||\u00bb button_text_color=\u00bb#FFFFFF\u00bb background_color=\u00bbrgba(255,255,255,0.72)\u00bb custom_margin=\u00bb||2px|||\u00bb locked=\u00bboff\u00bb global_colors_info=\u00bb{}\u00bb][\/et_pb_search][\/et_pb_column][\/et_pb_row][et_pb_row make_equal=\u00bbon\u00bb _builder_version=\u00bb4.23.4&#8243; _module_preset=\u00bbdefault\u00bb background_color=\u00bb#c8a977&#8243; min_height=\u00bb60px\u00bb custom_padding=\u00bb0px||2px||false|false\u00bb border_style_all=\u00bbnone\u00bb global_colors_info=\u00bb{}\u00bb][et_pb_column type=\u00bb4_4&#8243; _builder_version=\u00bb4.23.4&#8243; _module_preset=\u00bbdefault\u00bb custom_padding=\u00bb10px||||false|false\u00bb global_colors_info=\u00bb{}\u00bb][et_pb_heading title=\u00bbTR\u00c1MITES M\u00c1S BUSCADOS\u00bb _builder_version=\u00bb4.23.4&#8243; _module_preset=\u00bbdefault\u00bb title_font=\u00bb|700|||||||\u00bb title_text_align=\u00bbcenter\u00bb title_text_color=\u00bb#FFFFFF\u00bb title_text_shadow_style=\u00bbpreset1&#8243; global_colors_info=\u00bb{}\u00bb][\/et_pb_heading][\/et_pb_column][\/et_pb_row][et_pb_row column_structure=\u00bb1_4,1_4,1_4,1_4&#8243; make_equal=\u00bbon\u00bb _builder_version=\u00bb4.27.4&#8243; _module_preset=\u00bbdefault\u00bb background_color=\u00bb#000f9f\u00bb global_colors_info=\u00bb{}\u00bb][et_pb_column type=\u00bb1_4&#8243; _builder_version=\u00bb4.23.4&#8243; _module_preset=\u00bbdefault\u00bb global_colors_info=\u00bb{}\u00bb][et_pb_circle_counter title=\u00bbTURNOS\u00bb number=\u00bb600&#8243; percent_sign=\u00bboff\u00bb bar_bg_color=\u00bb#3cb4e5&#8243; _builder_version=\u00bb4.27.4&#8243; _module_preset=\u00bbdefault\u00bb title_font=\u00bb|700|||||||\u00bb title_text_align=\u00bbcenter\u00bb title_text_color=\u00bb#FFFFFF\u00bb title_font_size=\u00bb18px\u00bb background_layout=\u00bbdark\u00bb width=\u00bb65%\u00bb custom_margin=\u00bb0px|auto|0px|auto|false|false\u00bb hover_enabled=\u00bb0&#8243; global_colors_info=\u00bb{}\u00bb sticky_enabled=\u00bb0&#8243; link_option_url=\u00bb@ET-DC@eyJkeW5hbWljIjp0cnVlLCJjb250ZW50IjoicG9zdF9saW5rX3VybF9wYWdlIiwic2V0dGluZ3MiOnsicG9zdF9pZCI6IjkzOSIsImVuYWJsZV9odG1sIjoib2ZmIn19@\u00bb _dynamic_attributes=\u00bblink_option_url\u00bb][\/et_pb_circle_counter][\/et_pb_column][et_pb_column type=\u00bb1_4&#8243; _builder_version=\u00bb4.23.4&#8243; _module_preset=\u00bbdefault\u00bb global_colors_info=\u00bb{}\u00bb][et_pb_circle_counter title=\u00bbTR\u00c1MITES\u00bb number=\u00bb300&#8243; percent_sign=\u00bboff\u00bb bar_bg_color=\u00bb#3cb4e5&#8243; _builder_version=\u00bb4.23.4&#8243; _module_preset=\u00bbdefault\u00bb title_font=\u00bb|700|||||||\u00bb title_text_align=\u00bbcenter\u00bb title_text_color=\u00bb#FFFFFF\u00bb title_font_size=\u00bb18px\u00bb background_layout=\u00bbdark\u00bb width=\u00bb65%\u00bb custom_margin=\u00bb0px|auto|0px|auto|false|false\u00bb link_option_url=\u00bbtramites\u00bb global_colors_info=\u00bb{}\u00bb][\/et_pb_circle_counter][\/et_pb_column][et_pb_column type=\u00bb1_4&#8243; _builder_version=\u00bb4.23.4&#8243; _module_preset=\u00bbdefault\u00bb global_colors_info=\u00bb{}\u00bb][et_pb_blurb title=\u00bb911 Emergencias\u00bb use_icon=\u00bbon\u00bb font_icon=\u00bb&#xf590;||fa||900&#8243; image_icon_width=\u00bb126px\u00bb _builder_version=\u00bb4.27.4&#8243; _module_preset=\u00bbdefault\u00bb header_level=\u00bbh3&#8243; header_font=\u00bb|700|||||||\u00bb header_text_align=\u00bbcenter\u00bb header_text_color=\u00bb#FFFFFF\u00bb text_orientation=\u00bbcenter\u00bb custom_margin=\u00bb||||false|false\u00bb custom_padding=\u00bb0px||||false|false\u00bb global_colors_info=\u00bb{}\u00bb][\/et_pb_blurb][\/et_pb_column][et_pb_column type=\u00bb1_4&#8243; _builder_version=\u00bb4.27.4&#8243; _module_preset=\u00bbdefault\u00bb global_colors_info=\u00bb{}\u00bb][et_pb_blurb title=\u00bbVentanilla \u00danica\u00bb image=\u00bbhttps:\/\/mza-dicaws-portal-uploads-media-prod.s3.us-east-1.amazonaws.com\/informacion-oficial\/uploads\/sites\/15\/2025\/04\/148-1.png\u00bb image_icon_width=\u00bb80%\u00bb _builder_version=\u00bb4.23.4&#8243; _module_preset=\u00bbdefault\u00bb header_level=\u00bbh3&#8243; header_font=\u00bb|700|||||||\u00bb header_text_align=\u00bbcenter\u00bb header_text_color=\u00bb#FFFFFF\u00bb text_orientation=\u00bbcenter\u00bb custom_margin=\u00bb||||false|false\u00bb custom_padding=\u00bb0px||||false|false\u00bb global_colors_info=\u00bb{}\u00bb][\/et_pb_blurb][\/et_pb_column][\/et_pb_row][et_pb_row admin_label=\u00bb#tramites\u00bb _builder_version=\u00bb4.23.4&#8243; _module_preset=\u00bbdefault\u00bb background_color=\u00bb#c8a977&#8243; custom_padding=\u00bb5px||5px|||\u00bb global_colors_info=\u00bb{}\u00bb][et_pb_column type=\u00bb4_4&#8243; _builder_version=\u00bb4.23.4&#8243; _module_preset=\u00bbdefault\u00bb global_colors_info=\u00bb{}\u00bb][et_pb_heading title=\u00bbTR\u00c1MITES\u00bb _builder_version=\u00bb4.23.4&#8243; _module_preset=\u00bb_initial\u00bb title_font=\u00bb|700|||||||\u00bb title_text_align=\u00bbcenter\u00bb title_text_color=\u00bb#FFFFFF\u00bb min_height=\u00bb34px\u00bb custom_padding=\u00bb10px||0px|||\u00bb title_text_shadow_style=\u00bbpreset1&#8243; global_colors_info=\u00bb{}\u00bb][\/et_pb_heading][\/et_pb_column][\/et_pb_row][et_pb_row column_structure=\u00bb1_3,1_3,1_3&#8243; _builder_version=\u00bb4.27.4&#8243; _module_preset=\u00bbdefault\u00bb min_height=\u00bb260.4px\u00bb custom_padding=\u00bb12px|||||\u00bb global_colors_info=\u00bb{}\u00bb][et_pb_column type=\u00bb1_3&#8243; _builder_version=\u00bb4.23.4&#8243; _module_preset=\u00bbdefault\u00bb global_colors_info=\u00bb{}\u00bb][et_pb_heading title=\u00bbSALUD\u00bb _builder_version=\u00bb4.23.4&#8243; _module_preset=\u00bb_initial\u00bb title_font=\u00bb|700|||||||\u00bb title_text_align=\u00bbcenter\u00bb title_text_color=\u00bb#FFFFFF\u00bb title_font_size=\u00bb20px\u00bb background_color=\u00bb#000f9f\u00bb custom_margin=\u00bb||||false|false\u00bb custom_padding=\u00bb10px||||false|false\u00bb global_colors_info=\u00bb{}\u00bb][\/et_pb_heading][et_pb_toggle title=\u00bbCONI\u00bb _builder_version=\u00bb4.23.4&#8243; _module_preset=\u00bbdefault\u00bb title_font_size=\u00bb13px\u00bb body_font_size=\u00bb12px\u00bb global_colors_info=\u00bb{}\u00bb]<\/p>\n<p><a href=\"https:\/\/www.mendoza.gov.ar\/servicios\/sin-categoria\/certificacion-medica-ief-masculino-dr-emilio-coni\/\">Certificaci\u00f3n m\u00e9dica IEF masculino<\/a><\/p>\n<p><a href=\"https:\/\/www.mendoza.gov.ar\/servicios\/salud\/certificacion-medica-ief-femenino-dr-emilio-coni\/\">Certificaci\u00f3n m\u00e9dica IEF femenino<\/a><\/p>\n<p><a href=\"https:\/\/www.mendoza.gov.ar\/servicios\/salud\/certificacion-medica-conicet-dr-emilio-coni\/\">Certificaci\u00f3n m\u00e9dica CONICET<\/a><\/p>\n<p>[\/et_pb_toggle][et_pb_toggle title=\u00bbMatriculaciones\u00bb _builder_version=\u00bb4.27.4&#8243; _module_preset=\u00bbdefault\u00bb title_font_size=\u00bb13px\u00bb body_font_size=\u00bb12px\u00bb global_colors_info=\u00bb{}\u00bb]<\/p>\n<p><a href=\"https:\/\/www.mendoza.gob.ar\/?page_id=93\">Cancelaci\u00f3n de matr\u00edcula<\/a><\/p>\n<p><a href=\"https:\/\/www.mendoza.gob.ar\/?page_id=371526\">Cancelaci\u00f3n de matr\u00edcula sin tasa<\/a><\/p>\n<p>[\/et_pb_toggle][\/et_pb_column][et_pb_column type=\u00bb1_3&#8243; _builder_version=\u00bb4.23.4&#8243; _module_preset=\u00bbdefault\u00bb global_colors_info=\u00bb{}\u00bb][et_pb_heading title=\u00bbDPJ\u00bb _builder_version=\u00bb4.23.4&#8243; _module_preset=\u00bb_initial\u00bb title_font=\u00bb|700|||||||\u00bb title_text_align=\u00bbcenter\u00bb title_text_color=\u00bb#FFFFFF\u00bb title_font_size=\u00bb20px\u00bb background_color=\u00bb#000f9f\u00bb custom_margin=\u00bb||||false|false\u00bb custom_padding=\u00bb10px||||false|false\u00bb global_colors_info=\u00bb{}\u00bb][\/et_pb_heading][et_pb_toggle title=\u00bbCONI\u00bb _builder_version=\u00bb4.23.4&#8243; _module_preset=\u00bbdefault\u00bb title_font_size=\u00bb13px\u00bb body_font_size=\u00bb12px\u00bb global_colors_info=\u00bb{}\u00bb]<\/p>\n<p><a href=\"https:\/\/www.mendoza.gov.ar\/servicios\/sin-categoria\/certificacion-medica-ief-masculino-dr-emilio-coni\/\">Certificaci\u00f3n m\u00e9dica IEF masculino<\/a><\/p>\n<p><a href=\"https:\/\/www.mendoza.gov.ar\/servicios\/salud\/certificacion-medica-ief-femenino-dr-emilio-coni\/\">Certificaci\u00f3n m\u00e9dica IEF femenino<\/a><\/p>\n<p><a href=\"https:\/\/www.mendoza.gov.ar\/servicios\/salud\/certificacion-medica-conicet-dr-emilio-coni\/\">Certificaci\u00f3n m\u00e9dica CONICET<\/a><\/p>\n<p>[\/et_pb_toggle][et_pb_toggle title=\u00bbCONI\u00bb _builder_version=\u00bb4.23.4&#8243; _module_preset=\u00bbdefault\u00bb title_font_size=\u00bb13px\u00bb body_font_size=\u00bb12px\u00bb global_colors_info=\u00bb{}\u00bb]<\/p>\n<p><a href=\"https:\/\/www.mendoza.gov.ar\/servicios\/sin-categoria\/certificacion-medica-ief-masculino-dr-emilio-coni\/\">Certificaci\u00f3n m\u00e9dica IEF masculino<\/a><\/p>\n<p><a href=\"https:\/\/www.mendoza.gov.ar\/servicios\/salud\/certificacion-medica-ief-femenino-dr-emilio-coni\/\">Certificaci\u00f3n m\u00e9dica IEF femenino<\/a><\/p>\n<p><a href=\"https:\/\/www.mendoza.gov.ar\/servicios\/salud\/certificacion-medica-conicet-dr-emilio-coni\/\">Certificaci\u00f3n m\u00e9dica CONICET<\/a><\/p>\n<p>[\/et_pb_toggle][\/et_pb_column][et_pb_column type=\u00bb1_3&#8243; _builder_version=\u00bb4.23.4&#8243; _module_preset=\u00bbdefault\u00bb global_colors_info=\u00bb{}\u00bb][et_pb_heading title=\u00bbREGISTRO CIVIL\u00bb _builder_version=\u00bb4.23.4&#8243; _module_preset=\u00bb_initial\u00bb title_font=\u00bb|700|||||||\u00bb title_text_align=\u00bbcenter\u00bb title_text_color=\u00bb#FFFFFF\u00bb title_font_size=\u00bb20px\u00bb background_color=\u00bb#000f9f\u00bb custom_margin=\u00bb||||false|false\u00bb custom_padding=\u00bb10px||||false|false\u00bb global_colors_info=\u00bb{}\u00bb][\/et_pb_heading][et_pb_toggle title=\u00bbCONI\u00bb _builder_version=\u00bb4.23.4&#8243; _module_preset=\u00bbdefault\u00bb title_font_size=\u00bb13px\u00bb body_font_size=\u00bb12px\u00bb global_colors_info=\u00bb{}\u00bb]<\/p>\n<p><a href=\"https:\/\/www.mendoza.gov.ar\/servicios\/sin-categoria\/certificacion-medica-ief-masculino-dr-emilio-coni\/\">Certificaci\u00f3n m\u00e9dica IEF masculino<\/a><\/p>\n<p><a href=\"https:\/\/www.mendoza.gov.ar\/servicios\/salud\/certificacion-medica-ief-femenino-dr-emilio-coni\/\">Certificaci\u00f3n m\u00e9dica IEF femenino<\/a><\/p>\n<p><a href=\"https:\/\/www.mendoza.gov.ar\/servicios\/salud\/certificacion-medica-conicet-dr-emilio-coni\/\">Certificaci\u00f3n m\u00e9dica CONICET<\/a><\/p>\n<p>[\/et_pb_toggle][et_pb_toggle title=\u00bbCONI\u00bb _builder_version=\u00bb4.23.4&#8243; _module_preset=\u00bbdefault\u00bb title_font_size=\u00bb13px\u00bb body_font_size=\u00bb12px\u00bb global_colors_info=\u00bb{}\u00bb]<\/p>\n<p><a href=\"https:\/\/www.mendoza.gov.ar\/servicios\/sin-categoria\/certificacion-medica-ief-masculino-dr-emilio-coni\/\">Certificaci\u00f3n m\u00e9dica IEF masculino<\/a><\/p>\n<p><a href=\"https:\/\/www.mendoza.gov.ar\/servicios\/salud\/certificacion-medica-ief-femenino-dr-emilio-coni\/\">Certificaci\u00f3n m\u00e9dica IEF femenino<\/a><\/p>\n<p><a href=\"https:\/\/www.mendoza.gov.ar\/servicios\/salud\/certificacion-medica-conicet-dr-emilio-coni\/\">Certificaci\u00f3n m\u00e9dica CONICET<\/a><\/p>\n<p>[\/et_pb_toggle][\/et_pb_column][\/et_pb_row][\/et_pb_section][et_pb_section fb_built=\u00bb1&#8243; _builder_version=\u00bb4.23.4&#8243; _module_preset=\u00bb_initial\u00bb min_height=\u00bb600.4px\u00bb custom_margin=\u00bb-72px|||||\u00bb custom_padding=\u00bb0px||0px|||\u00bb global_colors_info=\u00bb{}\u00bb][\/et_pb_section]<\/p>\n","protected":false},"excerpt":{"rendered":"<p>Certificaci\u00f3n m\u00e9dica IEF masculino Certificaci\u00f3n m\u00e9dica IEF femenino Certificaci\u00f3n m\u00e9dica CONICETCancelaci\u00f3n de matr\u00edcula Cancelaci\u00f3n de matr\u00edcula sin tasaCertificaci\u00f3n m\u00e9dica IEF masculino Certificaci\u00f3n m\u00e9dica IEF femenino Certificaci\u00f3n m\u00e9dica CONICETCertificaci\u00f3n m\u00e9dica IEF masculino Certificaci\u00f3n m\u00e9dica IEF femenino Certificaci\u00f3n m\u00e9dica CONICETCertificaci\u00f3n m\u00e9dica IEF masculino Certificaci\u00f3n m\u00e9dica IEF femenino Certificaci\u00f3n m\u00e9dica CONICETCertificaci\u00f3n m\u00e9dica IEF masculino Certificaci\u00f3n m\u00e9dica IEF femenino [&hellip;]<\/p>\n","protected":false},"author":56,"featured_media":0,"parent":356,"menu_order":0,"comment_status":"closed","ping_status":"closed","template":"page-template-blank.php","meta":{"_et_pb_use_builder":"on","_et_pb_old_content":"","_et_gb_content_width":"","footnotes":""},"class_list":["post-930","page","type-page","status-publish","hentry"],"_links":{"self":[{"href":"https:\/\/informacionoficial.mendoza.gob.ar\/saludydeportes\/wp-json\/wp\/v2\/pages\/930","targetHints":{"allow":["GET"]}}],"collection":[{"href":"https:\/\/informacionoficial.mendoza.gob.ar\/saludydeportes\/wp-json\/wp\/v2\/pages"}],"about":[{"href":"https:\/\/informacionoficial.mendoza.gob.ar\/saludydeportes\/wp-json\/wp\/v2\/types\/page"}],"author":[{"embeddable":true,"href":"https:\/\/informacionoficial.mendoza.gob.ar\/saludydeportes\/wp-json\/wp\/v2\/users\/56"}],"replies":[{"embeddable":true,"href":"https:\/\/informacionoficial.mendoza.gob.ar\/saludydeportes\/wp-json\/wp\/v2\/comments?post=930"}],"version-history":[{"count":5,"href":"https:\/\/informacionoficial.mendoza.gob.ar\/saludydeportes\/wp-json\/wp\/v2\/pages\/930\/revisions"}],"predecessor-version":[{"id":948,"href":"https:\/\/informacionoficial.mendoza.gob.ar\/saludydeportes\/wp-json\/wp\/v2\/pages\/930\/revisions\/948"}],"up":[{"embeddable":true,"href":"https:\/\/informacionoficial.mendoza.gob.ar\/saludydeportes\/wp-json\/wp\/v2\/pages\/356"}],"wp:attachment":[{"href":"https:\/\/informacionoficial.mendoza.gob.ar\/saludydeportes\/wp-json\/wp\/v2\/media?parent=930"}],"curies":[{"name":"wp","href":"https:\/\/api.w.org\/{rel}","templated":true}]}}