{"id":939,"date":"2025-05-21T08:56:29","date_gmt":"2025-05-21T11:56:29","guid":{"rendered":"https:\/\/informacionoficial.mendoza.gob.ar\/saludydeportes\/?page_id=939"},"modified":"2025-08-12T09:41:51","modified_gmt":"2025-08-12T12:41:51","slug":"turnos-hcentral","status":"publish","type":"page","link":"https:\/\/informacionoficial.mendoza.gob.ar\/saludydeportes\/hcentral\/atencion-ciudadana-hcentral\/turnos-hcentral\/","title":{"rendered":"Turnos HCentral"},"content":{"rendered":"<p>[et_pb_section fb_built=\u00bb1&#8243; _builder_version=\u00bb4.27.4&#8243; _module_preset=\u00bbdefault\u00bb height=\u00bb100%\u00bb custom_margin=\u00bb0px|0px|0px|0px|false|false\u00bb custom_padding=\u00bb0px|0px|0px|0px|false|false\u00bb global_colors_info=\u00bb{}\u00bb][et_pb_row _builder_version=\u00bb4.27.4&#8243; _module_preset=\u00bbdefault\u00bb height=\u00bb100%\u00bb custom_margin=\u00bb1rem||1rem||true|false\u00bb custom_padding=\u00bb1rem|1rem|1rem|1rem|true|true\u00bb border_radii=\u00bbon|15px|15px|15px|15px\u00bb box_shadow_style=\u00bbpreset1&#8243; global_colors_info=\u00bb{}\u00bb][et_pb_column type=\u00bb4_4&#8243; _builder_version=\u00bb4.27.4&#8243; _module_preset=\u00bbdefault\u00bb global_colors_info=\u00bb{}\u00bb][et_pb_blurb title=\u00bbESCANEE QR PARA SOLICITAR TURNO\u00bb image=\u00bbhttps:\/\/mza-dicaws-portal-uploads-media-prod.s3.us-east-1.amazonaws.com\/informacion-oficial\/uploads\/sites\/15\/2025\/05\/QR-turnos.jpg\u00bb _builder_version=\u00bb4.27.4&#8243; _module_preset=\u00bbdefault\u00bb header_level=\u00bbh6&#8243; header_text_align=\u00bbcenter\u00bb header_text_color=\u00bb#000F9F\u00bb width=\u00bb100%\u00bb max_width=\u00bb100%\u00bb module_alignment=\u00bbcenter\u00bb height=\u00bb100%\u00bb custom_margin=\u00bb0px|0px|0px|0px|false|false\u00bb custom_padding=\u00bb0px|0px|0px|0px|false|false\u00bb global_colors_info=\u00bb{}\u00bb]<\/p>\n<h1 style=\"text-align: center\"><span style=\"color: #000f9f\"><a href=\"https:\/\/ticketsform.mendoza.gov.ar\/ticketsform\/servlet\/responderformulario?UGP_HC\" style=\"color: #000f9f\">TURNO<\/a><\/span><span><\/span><\/h1>\n<p><span><\/span><\/p>\n<p style=\"text-align: center\">Para poder solicitar turnos ten\u00e9s que contar con una derivaci\u00f3n del primer nivel de atenci\u00f3n (por ejemplo, centros de salud u hospitales de menor complejidad).<br \/>La derivaci\u00f3n ser\u00e1 necesaria para completar el formulario de solicitud de turnos.<br \/>Si ten\u00e9s alguna cobertura de salud, en principio, no podr\u00e1s ser atendido por nosotros debiendo dirigirse a tu respectiva Obra Social o Prepaga.<br \/>SI cumpl\u00eds con las mencionadas condiciones y necesit\u00e1s solicitar un turno para vos u otra persona presion\u00e1 el bot\u00f3n TURNOS o utiliz\u00e1 el c\u00f3digo QR.<br \/>Esta es la \u00fanica manera de solicitar turnos. No se entregan en el hospital.<\/p>\n<p>[\/et_pb_blurb][\/et_pb_column][\/et_pb_row][\/et_pb_section]<\/p>\n","protected":false},"excerpt":{"rendered":"<p>TURNO Para poder solicitar turnos ten\u00e9s que contar con una derivaci\u00f3n del primer nivel de atenci\u00f3n (por ejemplo, centros de salud u hospitales de menor complejidad).La derivaci\u00f3n ser\u00e1 necesaria para completar el formulario de solicitud de turnos.Si ten\u00e9s alguna cobertura de salud, en principio, no podr\u00e1s ser atendido por nosotros debiendo dirigirse a tu respectiva [&hellip;]<\/p>\n","protected":false},"author":56,"featured_media":0,"parent":930,"menu_order":0,"comment_status":"closed","ping_status":"closed","template":"page-template-blank.php","meta":{"_et_pb_use_builder":"on","_et_pb_old_content":"","_et_gb_content_width":"","footnotes":""},"class_list":["post-939","page","type-page","status-publish","hentry"],"_links":{"self":[{"href":"https:\/\/informacionoficial.mendoza.gob.ar\/saludydeportes\/wp-json\/wp\/v2\/pages\/939","targetHints":{"allow":["GET"]}}],"collection":[{"href":"https:\/\/informacionoficial.mendoza.gob.ar\/saludydeportes\/wp-json\/wp\/v2\/pages"}],"about":[{"href":"https:\/\/informacionoficial.mendoza.gob.ar\/saludydeportes\/wp-json\/wp\/v2\/types\/page"}],"author":[{"embeddable":true,"href":"https:\/\/informacionoficial.mendoza.gob.ar\/saludydeportes\/wp-json\/wp\/v2\/users\/56"}],"replies":[{"embeddable":true,"href":"https:\/\/informacionoficial.mendoza.gob.ar\/saludydeportes\/wp-json\/wp\/v2\/comments?post=939"}],"version-history":[{"count":10,"href":"https:\/\/informacionoficial.mendoza.gob.ar\/saludydeportes\/wp-json\/wp\/v2\/pages\/939\/revisions"}],"predecessor-version":[{"id":4007,"href":"https:\/\/informacionoficial.mendoza.gob.ar\/saludydeportes\/wp-json\/wp\/v2\/pages\/939\/revisions\/4007"}],"up":[{"embeddable":true,"href":"https:\/\/informacionoficial.mendoza.gob.ar\/saludydeportes\/wp-json\/wp\/v2\/pages\/930"}],"wp:attachment":[{"href":"https:\/\/informacionoficial.mendoza.gob.ar\/saludydeportes\/wp-json\/wp\/v2\/media?parent=939"}],"curies":[{"name":"wp","href":"https:\/\/api.w.org\/{rel}","templated":true}]}}