{"id":1126,"date":"2025-07-24T18:01:21","date_gmt":"2025-07-24T16:01:21","guid":{"rendered":"https:\/\/informacionoficial.mendoza.gob.ar\/seguridadyjusticia\/?page_id=1126"},"modified":"2025-07-29T15:14:01","modified_gmt":"2025-07-29T13:14:01","slug":"tipo-de-tramite","status":"publish","type":"page","link":"https:\/\/informacionoficial.mendoza.gob.ar\/seguridadyjusticia\/tipo-de-tramite\/","title":{"rendered":"Tipo de Tr\u00e1mite"},"content":{"rendered":"\n<p class=\"has-black-color has-text-color has-link-color wp-elements-70b0e2f267eb889b0ae365ceab47b696\" style=\"font-size:14px\">Para llevar a cabo cualquier tr\u00e1mite, el interesado deber contar con la aplicaci\u00f3n <strong>Mi Argentina<\/strong> descargada en su dispositivo. Puede acceder a la misma desde el siguiente enlace:<br>\ud83d\udc49 <a href=\"https:\/\/www.argentina.gob.ar\/aplicaciones\/mi-argentina\">https:\/\/www.argentina.gob.ar\/aplicaciones\/mi-argentina<\/a><\/p>\n\n\n\n<p class=\"has-black-color has-text-color has-link-color wp-elements-18d72d2e64ffcce27e4031269cae7af9\" style=\"font-size:14px\">A continuaci\u00f3n, deber\u00e1 descargar los formularios correspondientes seg\u00fan el tr\u00e1mite requerido, disponibles en el sitio oficial de ANMaC:<br>\ud83d\udc49 <a href=\"https:\/\/www.argentina.gob.ar\/justicia\/anmac\">https:\/\/www.argentina.gob.ar\/justicia\/anmac<\/a><\/p>\n\n\n\n<p class=\"has-black-color has-text-color has-link-color wp-elements-7e60a967fafe053aefb7a40bfed37516\" style=\"font-size:14px\">Una vez aprobado el tr\u00e1mite, las tarjetas correspondientes podr\u00e1n visualizarse autom\u00e1ticamente en dicha aplicaci\u00f3n.<\/p>\n\n\n\n<p class=\"has-black-color has-text-color has-link-color wp-elements-3cd34d249178d09eaca8c42bf803213f\" style=\"font-size:18px\"><strong>Credencial de Leg\u00edtimo Usuario \u2013 CLU<\/strong><\/p>\n\n\n\n<p class=\"has-black-color has-text-color has-link-color wp-elements-a1c3a05d6aee1459fddf2c6b246f0dc9\" style=\"font-size:18px\"><strong>Vigencia:<\/strong> 5 a\u00f1os<\/p>\n\n\n\n<p class=\"has-black-color has-text-color has-link-color wp-elements-1bfd6ce47a4cdcb77c0033daa69ba547\" style=\"font-size:14px\">El solicitante deber\u00e1 descargar la \u201csolicitud electr\u00f3nica\u201d v\u00eda web: <a href=\"https:\/\/www.argentina.gob.ar\/justicia\/anmac\">https:\/\/www.argentina.gob.ar\/justicia\/anmac<\/a><\/p>\n\n\n\n<p class=\"has-black-color has-text-color has-link-color wp-elements-aaf75fb7de50b8fc2dbc1d6953d67496\" style=\"font-size:14px\">Deber\u00e1 acreditar medios l\u00edcitos de vida, presentando bono de sueldo o comprobante de la AFIP en caso de ser monotributista (el \u00faltimo pago). En el caso de ser responsable inscripto, certificaci\u00f3n de ingresos certificada por el Consejo Profesional de Ciencias Econ\u00f3micas.<\/p>\n\n\n\n<p class=\"has-black-color has-text-color has-link-color wp-elements-c974e23cdf81449df4230e56d2e0b705\" style=\"font-size:14px\">Asimismo, se debe presentar certificado de antecedentes emitido por las UER que funcionan en el Registro Civil correspondiente al domicilio del solicitante, o en su defecto, en Correo Argentino, acompa\u00f1ado del D.N.I. y copia del mismo con domicilio actualizado.<\/p>\n\n\n\n<p class=\"has-black-color has-text-color has-link-color wp-elements-9237cb348bbd413063a55be25978893e\">En la solicitud, una vez descargada, se hallar\u00e1n los formularios a ser llenados por un m\u00e9dico, un psic\u00f3logo (Resoluci\u00f3n ANMaC N.\u00ba 23\/16 \u2014implementaci\u00f3n del sistema \u00fanico de emisi\u00f3n de certificados psicof\u00edsicos, que se extender\u00e1 a la totalidad del pa\u00eds en forma progresiva\u2014) y un instructor de tiro habilitado por ANMaC, quien evaluar\u00e1 la idoneidad en el manejo de armas del solicitante.<\/p>\n\n\n\n<p class=\"has-black-color has-text-color has-link-color wp-elements-9edd74ea67d3454cb99f438301a0cdf9\">Obtenido todo ello, se adquiere en cualquier sucursal del Banco Naci\u00f3n o de la Bolsa de Comercio de Mendoza un C\u00f3digo 158, seg\u00fan Ley Tributaria vigente, que se sumar\u00e1 a la documentaci\u00f3n anterior, en pago de la tasa provincial.<\/p>\n\n\n\n<p class=\"has-black-color has-text-color has-link-color wp-elements-3193ad0ed8e920bee7bbcafb0a580c51\">Finalmente, al concurrir a realizar el tr\u00e1mite, se abonar\u00e1 el arancel para valorizaci\u00f3n de tr\u00e1mites relacionados con los materiales controlados, fijado por ANMaC.<\/p>\n\n\n\n<p class=\"has-black-color has-text-color has-link-color wp-elements-dfdd76f6de981ae53c264b1b96b4af55\" style=\"font-size:18px\"><strong>Credencial de Tenencia<\/strong><\/p>\n\n\n\n<p class=\"has-black-color has-text-color has-link-color wp-elements-56deac1fd5a9ad7dbf2c2accb2c7c7eb\" style=\"font-size:18px\"><strong>Vigencia:<\/strong> No tiene vencimiento.<\/p>\n\n\n\n<p class=\"has-black-color has-text-color has-link-color wp-elements-7e6908f3b0941aa72edac22bd181a2e4\" style=\"font-size:14px\">Es una tarjeta que corresponde al arma que posee el usuario (una por cada arma). Para obtenerla, deber\u00e1 primeramente presentar la factura de compra del armamento, que extender\u00e1 el comercio (armer\u00eda) al momento de la venta, o en su defecto, su adquisici\u00f3n por transferencia, reempadronamiento o herencia.<\/p>\n\n\n\n<p class=\"has-black-color has-text-color has-link-color wp-elements-6583ef95ef28ada78e726f7099b5b9ae\" style=\"font-size:14px\">Al tr\u00e1mite se adjuntar\u00e1 un C\u00f3digo 159, seg\u00fan Ley Tributaria vigente.<\/p>\n\n\n\n<p class=\"has-black-color has-text-color has-link-color wp-elements-8f07c5833fa74114f611c459d7801665\" style=\"font-size:14px\">Finalmente, al concurrir a realizar el tr\u00e1mite, se abonar\u00e1 el arancel para valorizaci\u00f3n de tr\u00e1mites relacionados con los materiales controlados, fijado por ANMaC, siendo un importe para tenencia y otro importe para consumo de municiones.<\/p>\n\n\n\n<p class=\"has-black-color has-text-color has-link-color wp-elements-52237ae530de134512323564b65624f1\" style=\"font-size:18px\"><strong>Credencial de Portaci\u00f3n<\/strong><\/p>\n\n\n\n<p class=\"has-black-color has-text-color has-link-color wp-elements-d3b5dc214efe63a9cd1341cc06ba9579\" style=\"font-size:18px\"><strong>Vigencia:<\/strong> 1 a\u00f1o<\/p>\n\n\n\n<p class=\"has-black-color has-text-color has-link-color wp-elements-d825c4b49b4d7403af313f89b71954c6\" style=\"font-size:14px\">La autorizaci\u00f3n para portar armas de fuego s\u00f3lo se tramita a personal en actividad o retirado de la fuerza policial. Para obtenerla, se debe demostrar la idoneidad conforme el art. 53, inc. 3 del Decreto Reglamentario 395\/75 de la Ley de Armas.<\/p>\n\n\n\n<p class=\"has-black-color has-text-color has-link-color wp-elements-b1ec7565862ecfc7e5b8c0f3bb8dd3d2\" style=\"font-size:14px\">Se sumar\u00e1 a ello la respectiva credencial actualizada, un C\u00f3digo 160 seg\u00fan Ley Tributaria vigente \u2014a abonarse al momento de hacer el tr\u00e1mite\u2014, sumado al arancel correspondiente para valorizaci\u00f3n de tr\u00e1mites relacionados con los materiales controlados fijado por ANMaC.<\/p>\n\n\n\n<p class=\"has-black-color has-text-color has-link-color wp-elements-a94cf9bd10f836f26a9d2462f2e6d273\" style=\"font-size:14px\">Se recibe solicitud de portaci\u00f3n a civiles s\u00f3lo en casos excepcional\u00edsimos, debido a su car\u00e1cter restrictivo, por lo que los motivos deben ser fundados y elevados mediante nota del solicitante dirigida a ANMaC. La misma ser\u00e1 sometida a dictamen. S\u00f3lo si el dictamen es favorable se tramitar\u00e1 la portaci\u00f3n con el arancel correspondiente, en concepto de aforo de la Naci\u00f3n.<\/p>\n","protected":false},"excerpt":{"rendered":"<p>Para llevar a cabo cualquier tr\u00e1mite, el interesado deber contar con la aplicaci\u00f3n Mi Argentina descargada en su dispositivo. Puede acceder a la misma desde el siguiente enlace:\ud83d\udc49 https:\/\/www.argentina.gob.ar\/aplicaciones\/mi-argentina A continuaci\u00f3n, deber\u00e1 descargar los formularios correspondientes seg\u00fan el tr\u00e1mite requerido, disponibles en el sitio oficial de ANMaC:\ud83d\udc49 https:\/\/www.argentina.gob.ar\/justicia\/anmac Una vez aprobado el tr\u00e1mite, las tarjetas [&hellip;]<\/p>\n","protected":false},"author":26,"featured_media":0,"parent":0,"menu_order":0,"comment_status":"closed","ping_status":"closed","template":"","meta":{"_et_pb_use_builder":"off","_et_pb_old_content":"","_et_gb_content_width":"1080","footnotes":""},"class_list":["post-1126","page","type-page","status-publish","hentry"],"_links":{"self":[{"href":"https:\/\/informacionoficial.mendoza.gob.ar\/seguridadyjusticia\/wp-json\/wp\/v2\/pages\/1126","targetHints":{"allow":["GET"]}}],"collection":[{"href":"https:\/\/informacionoficial.mendoza.gob.ar\/seguridadyjusticia\/wp-json\/wp\/v2\/pages"}],"about":[{"href":"https:\/\/informacionoficial.mendoza.gob.ar\/seguridadyjusticia\/wp-json\/wp\/v2\/types\/page"}],"author":[{"embeddable":true,"href":"https:\/\/informacionoficial.mendoza.gob.ar\/seguridadyjusticia\/wp-json\/wp\/v2\/users\/26"}],"replies":[{"embeddable":true,"href":"https:\/\/informacionoficial.mendoza.gob.ar\/seguridadyjusticia\/wp-json\/wp\/v2\/comments?post=1126"}],"version-history":[{"count":2,"href":"https:\/\/informacionoficial.mendoza.gob.ar\/seguridadyjusticia\/wp-json\/wp\/v2\/pages\/1126\/revisions"}],"predecessor-version":[{"id":1415,"href":"https:\/\/informacionoficial.mendoza.gob.ar\/seguridadyjusticia\/wp-json\/wp\/v2\/pages\/1126\/revisions\/1415"}],"wp:attachment":[{"href":"https:\/\/informacionoficial.mendoza.gob.ar\/seguridadyjusticia\/wp-json\/wp\/v2\/media?parent=1126"}],"curies":[{"name":"wp","href":"https:\/\/api.w.org\/{rel}","templated":true}]}}