{"id":1129,"date":"2025-07-24T18:11:08","date_gmt":"2025-07-24T16:11:08","guid":{"rendered":"https:\/\/informacionoficial.mendoza.gob.ar\/seguridadyjusticia\/?page_id=1129"},"modified":"2025-07-29T15:19:03","modified_gmt":"2025-07-29T13:19:03","slug":"instructivo-para-solicitudes-electronicas-de-tramites","status":"publish","type":"page","link":"https:\/\/informacionoficial.mendoza.gob.ar\/seguridadyjusticia\/instructivo-para-solicitudes-electronicas-de-tramites\/","title":{"rendered":"Instructivo para solicitudes electr\u00f3nicas de tr\u00e1mites"},"content":{"rendered":"\n<p class=\"has-black-color has-text-color has-link-color wp-elements-d37bbf45c2951bde4e62894ea8a0d0f1\" style=\"font-size:14px\">Ingresar a la p\u00e1gina web de la ANMaC:<br><a href=\"https:\/\/www.argentina.gob.ar\/justicia\/anmac\">https:\/\/www.argentina.gob.ar\/justicia\/anmac<\/a><\/p>\n\n\n\n<p class=\"has-black-color has-text-color has-link-color wp-elements-7db67abddc0a6172eebb6410bf3fa84b\" style=\"font-size:14px\">\u2013 Seleccione <strong>SIGIMAC<\/strong> (Sistema de Gesti\u00f3n Integral de Materiales Controlados). El mismo sistema lo direccionar\u00e1 a la aplicaci\u00f3n <strong>Mi Argentina<\/strong>. Ingrese a la misma con su usuario y clave. Al entrar, estar\u00e1 gestionando el tr\u00e1mite en \u201cMi ANMaC\u201d.<\/p>\n\n\n\n<p class=\"has-black-color has-text-color has-link-color wp-elements-dd9a0074d28b25a421826f2af0b05d87\" style=\"font-size:14px\">\u2013 Haga clic en <strong>Solicitud<\/strong> (se abrir\u00e1 para completar el correspondiente formulario, donde tendr\u00e1 la mayor\u00eda de sus datos personales cargados; lo que debe verificar es que est\u00e9n actualizados o que sean los correspondientes).<\/p>\n\n\n\n<p class=\"has-black-color has-text-color has-link-color wp-elements-9b920484db50e097f236b02eda8608b1\" style=\"font-size:14px\">\u2013 Seleccione <strong>Persona F\u00edsica<\/strong>.<\/p>\n\n\n\n<p class=\"has-black-color has-text-color has-link-color wp-elements-4acab9d83be7f7905fe59d749bace9bd\" style=\"font-size:14px\">\u2013 Llene <strong>todos los datos<\/strong>.<\/p>\n\n\n\n<p class=\"has-black-color has-text-color has-link-color wp-elements-97e55026d52d27253af98932acfbfa24\" style=\"font-size:14px\">En caso de vivir en un domicilio distinto al que figura en el DNI, tendr\u00e1 que aclararlo al llenar el formulario del sector guarda del arma.<br><strong>Descargar formulario Declaraci\u00f3n Guarda del Arma SDG G1.<\/strong><\/p>\n\n\n\n<p class=\"has-black-color has-text-color has-link-color wp-elements-eeba1b23e128a53758571c09e4bff9b9\" style=\"font-size:14px\">Cuando complete los datos, se genera el <strong>c\u00f3digo de solicitud electr\u00f3nica <\/strong>(ejemplo: ZZ4GZ28G).<br>Recuerde que el c\u00f3digo generado tiene validez por 60 d\u00edas corridos a partir de la fecha en que se genera el tr\u00e1mite.<\/p>\n\n\n\n<p class=\"has-black-color has-text-color has-link-color wp-elements-750abcbe0e9ce3eeb52738adcf1fff4e\" style=\"font-size:14px\">El c\u00f3digo de solicitud le permite que los datos ingresados se guarden para editarlos en otro momento. Para ello, ingrese con el c\u00f3digo y el CUIT\/CUIL.<br>Vencidos los 60 d\u00edas, deber\u00e1 realizar una nueva solicitud.<br><strong>Guarde el c\u00f3digo<\/strong> para poder visualizar el estado de su(s) solicitud(es).<\/p>\n\n\n\n<p class=\"has-black-color has-text-color has-link-color wp-elements-a8d985b1d78e4682b926263448d4ff01\">En la tercera hoja \u201cDatos del tr\u00e1mite\u201d tiene la opci\u00f3n <strong>\u201c\u00bfPertenece a alguna fuerza de seguridad?\u201d<\/strong><\/p>\n\n\n\n<p class=\"has-black-color has-text-color has-link-color wp-elements-0b3c6093d523f5f05011be1f9e3069cf\">\u2013 Si responde <strong>s\u00ed<\/strong>: se despliega una ventana donde se debe hacer clic en la fuerza de seguridad a la que pertenece.<br>\u2013 Si responde <strong>no<\/strong>: como personal civil se debe completar medios l\u00edcitos de vida.<\/p>\n\n\n\n<p class=\"has-black-color has-text-color has-link-color wp-elements-b73a8eb611272a38bb95e75a1c20bd49\">Al final, encontrar\u00e1 la opci\u00f3n <strong>\u201cAgregar\u201d<\/strong>, si necesita iniciar otro tr\u00e1mite.<\/p>\n\n\n\n<p class=\"has-black-color has-text-color has-link-color wp-elements-6c9901dee2464004c2f3d6f3ab8f3a1a\">La certificaci\u00f3n psicof\u00edsica debe tramitarse desde el <strong>SIAF<\/strong> (Sistema Abierto y Federal de Emisi\u00f3n de Certificados Psicof\u00edsicos), en:<br><a href=\"http:\/\/www.argentina.gob.ar\/justicia\/anmac\/psicofisicos\">http:\/\/www.argentina.gob.ar\/justicia\/anmac\/psicofisicos<\/a><\/p>\n\n\n\n<p class=\"has-black-color has-text-color has-link-color wp-elements-0341e999c6dc2d98129afd1b87118157\">El personal de Fuerzas Armadas y de Seguridad podr\u00e1 cumplimentar la certificaci\u00f3n de aptitud psicof\u00edsica a trav\u00e9s de los servicios de salud de la fuerza, siempre que los profesionales est\u00e9n inscriptos en el <strong>Registro de Profesionales Habilitados<\/strong>.<\/p>\n\n\n\n<p class=\"has-black-color has-text-color has-link-color wp-elements-f6b4beabe844fd9fa3d4365ba2de5a03\">Los profesionales que realicen la revisi\u00f3n deben completar el formulario y utilizar la aplicaci\u00f3n que se encuentra en:<br><a href=\"https:\/\/servicios.anmac.gob.ar\/siaf\/\">https:\/\/servicios.anmac.gob.ar\/siaf\/<\/a><br>Y deben estar inscriptos en el <strong>Registro de Profesionales Habilitados<\/strong>.<\/p>\n\n\n\n<p class=\"has-black-color has-text-color has-link-color wp-elements-8fbb18467b62f09392b29ebad17905fa\">Para cualquier duda sobre el llenado de formularios y solicitudes electr\u00f3nicas, en la p\u00e1gina de la ANMaC se encuentran los siguientes instructivos:<\/p>\n\n\n\n<p class=\"has-black-color has-text-color has-link-color wp-elements-be7ac384bca967dd78951b51b23b0179\">\u2013 Instructivo R\u00e1pido de Solicitud Electr\u00f3nica de Tenencia de Armas<br>\u2013 Manual de Solicitud Electr\u00f3nica de Tenencia de Armas<br>\u2013 Manual de Solicitud Electr\u00f3nica de Credencial de Leg\u00edtimo Usuario<br>\u2013 Manual de Solicitud Electr\u00f3nica de Tarjeta de Control de Consumo de Municiones<\/p>\n\n\n\n<p class=\"has-black-color has-text-color has-link-color wp-elements-f66024bc9b42c9ea2d1ca5636c3bc4c8\"><strong>Una vez completos los requisitos, puede llevarlos a cualquiera de los centros de atenci\u00f3n mencionados.<\/strong><\/p>\n\n\n\n<h2 class=\"wp-block-heading has-black-color has-text-color has-link-color wp-elements-6e0a6e1c20bb9a57e2b04eae844ae7a4\"><strong>Resumen de documentaci\u00f3n a presentar<\/strong><\/h2>\n\n\n\n<h3 class=\"wp-block-heading has-black-color has-text-color has-link-color has-medium-font-size wp-elements-df0bc905966bfa1aec58db320fae93a4\">CIVILES<\/h3>\n\n\n\n<p class=\"has-black-color has-text-color has-link-color wp-elements-613e6d129b3e9e3ca26d94bbf3c9dc22\" style=\"font-size:14px\">Una vez completos los requisitos, puede llevar la documentaci\u00f3n a la ANMaC para continuar el tr\u00e1mite.<br><strong>Domicilio:<\/strong> Av. Boulogne Sur Mer 1998 (Tiro Federal), Mendoza \u2013 <strong>Tel\u00e9fono:<\/strong> 4230955<br>O bien, a los Centros de Atenci\u00f3n de la Direcci\u00f3n REPAR.<\/p>\n\n\n\n<p class=\"has-black-color has-text-color has-link-color wp-elements-45a2c1c8411ca7c4b122d643c29cfcf7\" style=\"font-size:14px\"><strong>CREDENCIAL DE LEG\u00cdTIMO USUARIO UCC<\/strong><\/p>\n\n\n\n<ul class=\"wp-block-list has-black-color has-text-color has-link-color wp-elements-6ebebe8be6c70910d56477d8dc092f80\">\n<li style=\"font-size:14px\">Llenar solicitud electr\u00f3nica donde figuran psicof\u00edsicos<\/li>\n\n\n\n<li style=\"font-size:14px\">Presentar en el REPAR:<ul><li>Psicof\u00edsico<\/li><\/ul><ul><li>Idoneidad de tiro (se realiza en un pol\u00edgono habilitado por la ANMaC)<\/li><\/ul><ul><li>Certificado de reincidencia (antecedentes penales)<\/li><\/ul><ul><li>Original y copia de DNI<\/li><\/ul><ul><li>Original y copia del \u00faltimo bono de sueldo o inscripci\u00f3n como monotributista y \u00faltimo pago<\/li><\/ul>\n<ul class=\"wp-block-list\">\n<li>Estampillas (ANMaC)<\/li>\n<\/ul>\n<\/li>\n<\/ul>\n\n\n\n<p class=\"has-black-color has-text-color has-link-color wp-elements-d8638ca02902aedb5799a42454d14b65\" style=\"font-size:14px\"><strong>TENENCIA<\/strong><\/p>\n\n\n\n<ul class=\"wp-block-list has-black-color has-text-color has-link-color wp-elements-18590ea870c18a955e1436d4a84b13f9\">\n<li class=\"has-black-color has-text-color has-link-color wp-elements-988b8b048e51fc58ad5f3ed387746771\" style=\"font-size:14px\">Original y copia del CLU<\/li>\n\n\n\n<li class=\"has-link-color wp-elements-070dc9195e4c28dd85fcfe532da4822b\" style=\"font-size:14px\">Factura de compra de armer\u00eda o solicitud electr\u00f3nica<\/li>\n\n\n\n<li class=\"has-link-color wp-elements-7c8a04f3bc87d4a6002eaf40e34232b1\" style=\"font-size:14px\">Estampilla UCC (usuario civil\/condicional)<\/li>\n\n\n\n<li class=\"has-link-color wp-elements-e6ebd8f6d1320254c8bd596404aec1b6\" style=\"font-size:14px\">Estampilla C.MCNS (consumo de municiones)<\/li>\n\n\n\n<li class=\"has-link-color wp-elements-503523f5368312dbb9182a03a6afa60a\" style=\"font-size:14px\">C\u00f3digo 159 (Banco Naci\u00f3n \/ Bolsa de Comercio)<\/li>\n<\/ul>\n\n\n\n<h3 class=\"wp-block-heading has-black-color has-text-color has-link-color has-medium-font-size wp-elements-e5a1ce46988a4a210efce3cb984ea517\">POLIC\u00cdAS EN ACTIVIDAD<\/h3>\n\n\n\n<p class=\"has-black-color has-text-color has-link-color wp-elements-b729d709200a3fc0d37543f0dd25a768\" style=\"font-size:14px\">Una vez completos los requisitos, puede llevar la documentaci\u00f3n a los Centros de Atenci\u00f3n de la Direcci\u00f3n REPAR.<\/p>\n\n\n\n<p class=\"has-black-color has-text-color has-link-color wp-elements-fb17f68c94f4698ae3854e52fa62c1f0\" style=\"font-size:14px\"><strong>CREDENCIAL DE LEG\u00cdTIMO USUARIO<\/strong><\/p>\n\n\n\n<ul class=\"wp-block-list\">\n<li class=\"has-black-color has-text-color has-link-color wp-elements-77fd5d7241e30a49932d9721ef7f46fe\" style=\"font-size:14px\">Llenar solicitud electr\u00f3nica donde figuran psicof\u00edsicos<\/li>\n\n\n\n<li class=\"has-black-color has-text-color has-link-color wp-elements-14d4d521293f31c891f394ea85eedebd\" style=\"font-size:14px\">Presentar en el REPAR:<ul><li>Psicof\u00edsico<\/li><\/ul><ul><li>Original y copia de DNI<\/li><\/ul><ul><li>Original y copia del \u00faltimo bono de sueldo<\/li><\/ul><ul><li>Estampillas (ANMaC)<\/li><\/ul>\n<ul class=\"wp-block-list\">\n<li>C\u00f3digo 158 (Banco Naci\u00f3n \/ Bolsa de Comercio)<\/li>\n<\/ul>\n<\/li>\n<\/ul>\n\n\n\n<p class=\"has-black-color has-text-color has-link-color wp-elements-d8638ca02902aedb5799a42454d14b65\" style=\"font-size:14px\"><strong>TENENCIA<\/strong><\/p>\n\n\n\n<ul class=\"wp-block-list\">\n<li class=\"has-black-color has-text-color has-link-color wp-elements-988b8b048e51fc58ad5f3ed387746771\" style=\"font-size:14px\">Original y copia del CLU<\/li>\n\n\n\n<li class=\"has-black-color has-text-color has-link-color wp-elements-d97dc042daf89b92cd35a2f568052bd6\" style=\"font-size:14px\">Factura de compra de armer\u00eda o solicitud electr\u00f3nica<\/li>\n\n\n\n<li class=\"has-black-color has-text-color has-link-color wp-elements-a790ff2b263e7b739eb2a2ed7881edf4\" style=\"font-size:14px\">Estampilla UCC (usuario civil\/condicional)<\/li>\n\n\n\n<li class=\"has-black-color has-text-color has-link-color wp-elements-7758ff6ee55fa210574a84e182a42160\" style=\"font-size:14px\">Estampilla C.MCNS (consumo de municiones)<\/li>\n\n\n\n<li class=\"has-black-color has-text-color has-link-color wp-elements-988c29d78058e742cf247fb17b8d99ec\" style=\"font-size:14px\">C\u00f3digo 159 (Banco Naci\u00f3n \/ Bolsa de Comercio)<\/li>\n<\/ul>\n\n\n\n<p class=\"has-black-color has-text-color has-link-color wp-elements-e6f606e318b0d4b42656be0d39c81945\" style=\"font-size:14px\"><strong>PORTACI\u00d3N<\/strong><\/p>\n\n\n\n<ul class=\"wp-block-list\">\n<li class=\"has-black-color has-text-color has-link-color wp-elements-dfb8bd5a10089dcba1348d5897c98971\" style=\"font-size:14px\">Psicof\u00edsico para portaci\u00f3n<\/li>\n\n\n\n<li class=\"has-black-color has-text-color has-link-color wp-elements-a83bcc8b43f9e45c929425bb434960d2\" style=\"font-size:14px\">Formulario 03 (llenar en el REPAR) \u2013 Descargar Formulario 03<\/li>\n\n\n\n<li class=\"has-black-color has-text-color has-link-color wp-elements-46801a19b1a007dae3760507956f42b3\" style=\"font-size:14px\">Original y copia de CLU \/ tenencia \/ portaci\u00f3n (si es renovaci\u00f3n)<\/li>\n\n\n\n<li class=\"has-black-color has-text-color has-link-color wp-elements-f570f725cb6952a225e5a88f655ee70a\" style=\"font-size:14px\">Original y copia de DNI<\/li>\n\n\n\n<li class=\"has-black-color has-text-color has-link-color wp-elements-6a30e3ab189280905fc9bbb7ee9612bd\" style=\"font-size:14px\">Original y copia del \u00faltimo bono de sueldo<\/li>\n\n\n\n<li class=\"has-black-color has-text-color has-link-color wp-elements-27e34e1b53d799fad7851ad6b5030767\" style=\"font-size:14px\">Estampillas (ANMaC)<\/li>\n\n\n\n<li class=\"has-black-color has-text-color has-link-color wp-elements-b393f906ac886b29ff6339549f45641f\" style=\"font-size:14px\">C\u00f3digo 160 (Banco Naci\u00f3n \/ Bolsa de Comercio)<\/li>\n<\/ul>\n\n\n\n<h3 class=\"wp-block-heading has-black-color has-text-color has-link-color has-medium-font-size wp-elements-a6caf7a759c024cb0f164b3571a463f3\">POLIC\u00cdAS RETIRADO<\/h3>\n\n\n\n<p class=\"has-black-color has-text-color has-link-color wp-elements-5ca68aee65973e8070a2e2ac2db3886a\">Una vez completos los requisitos, puede llevar la documentaci\u00f3n a los Centros de Atenci\u00f3n de la Direcci\u00f3n REPAR.<\/p>\n\n\n\n<p class=\"has-black-color has-text-color has-link-color wp-elements-fb17f68c94f4698ae3854e52fa62c1f0\" style=\"font-size:14px\"><strong>CREDENCIAL DE LEG\u00cdTIMO USUARIO<\/strong><\/p>\n\n\n\n<ul class=\"wp-block-list\">\n<li class=\"has-black-color has-text-color has-link-color wp-elements-77fd5d7241e30a49932d9721ef7f46fe\" style=\"font-size:14px\">Llenar solicitud electr\u00f3nica donde figuran psicof\u00edsicos<\/li>\n\n\n\n<li class=\"has-black-color has-text-color has-link-color wp-elements-627cc95d44f51666d1c2403a5d8be48d\" style=\"font-size:14px\">Presentar en el REPAR:<ul><li>Psicof\u00edsico<\/li><\/ul><ul><li>Original y copia de DNI<\/li><\/ul><ul><li>Original y copia del \u00faltimo bono de sueldo<\/li><\/ul><ul><li>Original y copia de la credencial policial<\/li><\/ul><ul><li>Original y copia de CLU \/ tenencia \/ portaci\u00f3n<\/li><\/ul><ul><li>Certificado de reincidencia (antecedentes penales)<\/li><\/ul><ul><li>Idoneidad de tiro ANEXO II (se realiza en un pol\u00edgono habilitado por la ANMaC)<\/li><\/ul><ul><li>Estampillas (ANMaC)<\/li><\/ul><ul><li>C\u00f3digo 158 (Banco Naci\u00f3n \/ Bolsa de Comercio)<\/li><\/ul>\n<ul class=\"wp-block-list\">\n<li>Estampilla para idoneidad de tiro<\/li>\n<\/ul>\n<\/li>\n<\/ul>\n\n\n\n<p class=\"has-black-color has-text-color has-link-color wp-elements-d8638ca02902aedb5799a42454d14b65\" style=\"font-size:14px\"><strong>TENENCIA<\/strong><\/p>\n\n\n\n<ul class=\"wp-block-list\">\n<li class=\"has-black-color has-text-color has-link-color wp-elements-988b8b048e51fc58ad5f3ed387746771\" style=\"font-size:14px\">Original y copia del CLU<\/li>\n\n\n\n<li class=\"has-black-color has-text-color has-link-color wp-elements-d97dc042daf89b92cd35a2f568052bd6\" style=\"font-size:14px\">Factura de compra de armer\u00eda o solicitud electr\u00f3nica<\/li>\n\n\n\n<li class=\"has-black-color has-text-color has-link-color wp-elements-a790ff2b263e7b739eb2a2ed7881edf4\" style=\"font-size:14px\">Estampilla UCC (usuario civil\/condicional)<\/li>\n\n\n\n<li class=\"has-black-color has-text-color has-link-color wp-elements-7758ff6ee55fa210574a84e182a42160\" style=\"font-size:14px\">Estampilla C.MCNS (consumo de municiones)<\/li>\n\n\n\n<li class=\"has-black-color has-text-color has-link-color wp-elements-988c29d78058e742cf247fb17b8d99ec\" style=\"font-size:14px\">C\u00f3digo 159 (Banco Naci\u00f3n \/ Bolsa de Comercio)<\/li>\n<\/ul>\n\n\n\n<p class=\"has-black-color has-text-color has-link-color wp-elements-e6f606e318b0d4b42656be0d39c81945\" style=\"font-size:14px\"><strong>PORTACI\u00d3N<\/strong><\/p>\n\n\n\n<ul class=\"wp-block-list\">\n<li class=\"has-black-color has-text-color has-link-color wp-elements-dfb8bd5a10089dcba1348d5897c98971\" style=\"font-size:14px\">Psicof\u00edsico para portaci\u00f3n<\/li>\n\n\n\n<li class=\"has-black-color has-text-color has-link-color wp-elements-a83bcc8b43f9e45c929425bb434960d2\" style=\"font-size:14px\">Formulario 03 (llenar en el REPAR) \u2013 Descargar Formulario 03<\/li>\n\n\n\n<li class=\"has-black-color has-text-color has-link-color wp-elements-e6d93951268e168797bac25176f76066\" style=\"font-size:14px\">Idoneidad de tiro ANEXO II (se realiza en un pol\u00edgono habilitado por la ANMaC) \u2013 Descargar ANEXO II<\/li>\n\n\n\n<li class=\"has-black-color has-text-color has-link-color wp-elements-f570f725cb6952a225e5a88f655ee70a\" style=\"font-size:14px\">Original y copia de DNI<\/li>\n\n\n\n<li class=\"has-black-color has-text-color has-link-color wp-elements-6a30e3ab189280905fc9bbb7ee9612bd\" style=\"font-size:14px\">Original y copia del \u00faltimo bono de sueldo<\/li>\n\n\n\n<li class=\"has-black-color has-text-color has-link-color wp-elements-508670233c759f7420610f999f3dcab6\" style=\"font-size:14px\">Certificado de reincidencia (antecedentes penales)<\/li>\n\n\n\n<li class=\"has-black-color has-text-color has-link-color wp-elements-46801a19b1a007dae3760507956f42b3\" style=\"font-size:14px\">Original y copia de CLU \/ tenencia \/ portaci\u00f3n (si es renovaci\u00f3n)<\/li>\n\n\n\n<li class=\"has-black-color has-text-color has-link-color wp-elements-27e34e1b53d799fad7851ad6b5030767\" style=\"font-size:14px\">Estampillas (ANMaC)<\/li>\n\n\n\n<li class=\"has-black-color has-text-color has-link-color wp-elements-b22102f437884a660a902d458fc66fee\" style=\"font-size:14px\">Estampilla para idoneidad de tiro<\/li>\n\n\n\n<li class=\"has-black-color has-text-color has-link-color wp-elements-b393f906ac886b29ff6339549f45641f\" style=\"font-size:14px\">C\u00f3digo 160 (Banco Naci\u00f3n \/ Bolsa de Comercio)<\/li>\n<\/ul>\n\n\n\n<h2 class=\"wp-block-heading has-black-color has-text-color has-link-color wp-elements-1743b24d356738fcbc676015442d0500\"><strong>Requisitos para Instructores de Tiro<\/strong><\/h2>\n\n\n\n<h3 class=\"wp-block-heading has-black-color has-text-color has-link-color wp-elements-2d32e697885e518585b744ab4cd89f26\" style=\"font-size:14px\">Categor\u00edas:<\/h3>\n\n\n\n<ul class=\"wp-block-list\">\n<li class=\"has-black-color has-text-color has-link-color wp-elements-74c4182fa59e6fab0d5740a461278894\" style=\"font-size:14px\"><strong>I.T.A.<\/strong> Profesor Instructor de Tiro<\/li>\n\n\n\n<li class=\"has-black-color has-text-color has-link-color wp-elements-3f8a1bdcf9262a0b4fd78ba6ffe13f8d\" style=\"font-size:14px\"><strong>I.T.B.<\/strong> Instructor de Tiro con Armas Cortas y Largas<\/li>\n\n\n\n<li class=\"has-black-color has-text-color has-link-color wp-elements-3d281c148e5e7ad44b1e9f3969ec11ba\" style=\"font-size:14px\"><strong>I.T.C.<\/strong> Certificante de Idoneidad en el Manejo de Armas de Fuego<\/li>\n\n\n\n<li class=\"has-black-color has-text-color has-link-color wp-elements-4f6d018a2683a21a9e0ddc008eb01c24\" style=\"font-size:14px\"><strong>I.T.E.<\/strong> Instructor de Tiro con Escopeta<\/li>\n<\/ul>\n\n\n\n<h3 class=\"wp-block-heading has-black-color has-text-color has-link-color wp-elements-36d3d0ceeff606311120a5410b756177\" style=\"font-size:14px\">Requisitos comunes para las cuatro categor\u00edas:<\/h3>\n\n\n\n<ul class=\"wp-block-list\">\n<li class=\"has-black-color has-text-color has-link-color wp-elements-0db0f46e8fa33f747f211b46b57c930b\" style=\"font-size:14px\">Nota dirigida al Director Ejecutivo de la ANMaC solicitando la categor\u00eda a la que se desea acceder, con curr\u00edculum detallado (Disp. 315\/07)<\/li>\n\n\n\n<li class=\"has-black-color has-text-color has-link-color wp-elements-f0ccd40be29be77ccae0fec23fa46fc1\" style=\"font-size:14px\">Fotocopia de la Credencial de Leg\u00edtimo Usuario de Uso Civil Condicional\n<ul class=\"wp-block-list\">\n<li>En caso de solicitantes civiles: acreditar tres a\u00f1os de antig\u00fcedad como leg\u00edtimo usuario o haber sido tirador juvenil federado al menos tres a\u00f1os, representante de entidad registrada ante la ANMaC<\/li>\n<\/ul>\n<\/li>\n\n\n\n<li class=\"has-black-color has-text-color has-link-color wp-elements-f578d8bac01a23750f21ca81acc90950\" style=\"font-size:14px\">Certificados de aptitud f\u00edsica (incluye control oftalmol\u00f3gico) y ps\u00edquica seg\u00fan instructivo del organismo, mediante el SiAF<\/li>\n\n\n\n<li class=\"has-black-color has-text-color has-link-color wp-elements-55a51da543c16802a62d0974f703d7a7\" style=\"font-size:14px\">Formularios Leyes 23.283 y 23.412\n<ul class=\"wp-block-list\">\n<li>En caso de personal de fuerza, incluir certificaci\u00f3n de situaci\u00f3n de revista<\/li>\n<\/ul>\n<\/li>\n<\/ul>\n\n\n\n<h3 class=\"wp-block-heading has-black-color has-text-color has-link-color wp-elements-9de819ddb5ce8826954d10c8d77dc5ed\">Requisitos particulares para I.T.A.<\/h3>\n\n\n\n<p class=\"has-black-color has-text-color has-link-color wp-elements-31bc776c65ac91ad1fdbf743cab6c6f7\">Se consideran antecedentes a tener en cuenta:<\/p>\n\n\n\n<ul class=\"wp-block-list\">\n<li class=\"has-black-color has-text-color has-link-color wp-elements-9c1d20f4483e4dc9ba2fc47fde99f2f3\">Nivel de educaci\u00f3n formal (secundario, universitario)<\/li>\n\n\n\n<li class=\"has-black-color has-text-color has-link-color wp-elements-d4bee43597a65b7a9e96a33162a6248a\">Conocimientos exhaustivos sobre armas cortas y largas, su manipulaci\u00f3n, tipos, munici\u00f3n, torneos, seguridad, disposiciones legales, primeros auxilios<\/li>\n\n\n\n<li class=\"has-black-color has-text-color has-link-color wp-elements-13fb049114b7c672420182aed78fb484\">Ser o haber sido:<ul><li>Ingeniero en armas, mec\u00e1nico armero, perito bal\u00edstico, crimin\u00f3logo, entrenador deportivo, maestro nacional tirador, autor de publicaciones sobre armas o tiro<\/li><\/ul><ul><li>Coleccionista, experto en recarga de municiones, presidente de entidad de tiro habilitada por ANMaC<\/li><\/ul>\n<ul class=\"wp-block-list\">\n<li>Docente con constancia en instituciones de fuerzas como profesor en especializaciones de instructores de tiro o cuerpos especiales<\/li>\n<\/ul>\n<\/li>\n<\/ul>\n\n\n\n<h3 class=\"wp-block-heading has-black-color has-text-color has-link-color wp-elements-27a4796a76ffd11fac7062d4ee551716\" style=\"font-size:14px\">Requisitos particulares para I.T.C., I.T.E. e I.T.B.<\/h3>\n\n\n\n<ul class=\"wp-block-list\">\n<li class=\"has-black-color has-text-color has-link-color wp-elements-16d6588ab09c6ce81b4b5931a9e66588\" style=\"font-size:14px\">Dominar aspectos legales y t\u00e9cnicos del leg\u00edtimo usuario, tenencia, portaci\u00f3n, adquisici\u00f3n y transporte de armas<\/li>\n\n\n\n<li class=\"has-black-color has-text-color has-link-color wp-elements-12a674bab4deca2f08d808aa06daf1a7\" style=\"font-size:14px\">Conocimientos sobre funcionamiento, desarme, limpieza y seguridad en armas de fuego (pistolas, rev\u00f3lveres, fusiles, carabinas, escopetas)<\/li>\n\n\n\n<li class=\"has-black-color has-text-color has-link-color wp-elements-2a741b221574d28d64f07ed4af15e956\" style=\"font-size:14px\">Poseer diploma emitido por un ITA o ser titular de comercio de armer\u00eda o entidad de tiro habilitada por la ANMaC<\/li>\n\n\n\n<li class=\"has-black-color has-text-color has-link-color wp-elements-0eb6aa3f6590342a2cd84b0845c377ba\" style=\"font-size:14px\">Los solicitantes tendr\u00e1n hasta <strong>tres evaluaciones anuales<\/strong> para cumplir los objetivos del Manual de Entidades de Tiro (Cap. IX, Sec. III, Disp. 380\/08)<\/li>\n\n\n\n<li class=\"has-black-color has-text-color has-link-color wp-elements-319405cd4319eded41c323116f6ec36d\" style=\"font-size:14px\">La evaluaci\u00f3n aprobada tiene una <strong>validez de un a\u00f1o<\/strong> desde su fecha<\/li>\n<\/ul>\n\n\n\n<h3 class=\"wp-block-heading has-black-color has-text-color has-link-color wp-elements-a9ca2357adab7544ac0af73cb4c70353\" style=\"font-size:14px\">Reinscripci\u00f3n en cualquier categor\u00eda:<\/h3>\n\n\n\n<ul class=\"wp-block-list\">\n<li class=\"has-black-color has-text-color has-link-color wp-elements-582dda8d558bcbb209399ab8f3238e4c\" style=\"font-size:14px\">CLU UCC (vigente)<\/li>\n\n\n\n<li class=\"has-black-color has-text-color has-link-color wp-elements-85c4c0b35e77d19baa7627f9c56bf500\" style=\"font-size:14px\">Psicof\u00edsico con control oftalmol\u00f3gico<\/li>\n\n\n\n<li class=\"has-black-color has-text-color has-link-color wp-elements-0661e2c80707b8fee8c9f0109b746a32\" style=\"font-size:14px\">Acta de certificaci\u00f3n para instructores de tiro \u2013 ANEXO IV<\/li>\n\n\n\n<li class=\"has-black-color has-text-color has-link-color wp-elements-d44e00777cdafdebf24870ba56714cc5\" style=\"font-size:14px\">Nota a la ANMaC acreditando antecedentes<\/li>\n\n\n\n<li class=\"has-black-color has-text-color has-link-color wp-elements-056b9c9df745bf67da0d59cd93034596\" style=\"font-size:14px\">Formularios Leyes 23.283 y 23.412<\/li>\n<\/ul>\n","protected":false},"excerpt":{"rendered":"<p>Ingresar a la p\u00e1gina web de la ANMaC:https:\/\/www.argentina.gob.ar\/justicia\/anmac \u2013 Seleccione SIGIMAC (Sistema de Gesti\u00f3n Integral de Materiales Controlados). El mismo sistema lo direccionar\u00e1 a la aplicaci\u00f3n Mi Argentina. Ingrese a la misma con su usuario y clave. Al entrar, estar\u00e1 gestionando el tr\u00e1mite en \u201cMi ANMaC\u201d. \u2013 Haga clic en Solicitud (se abrir\u00e1 para completar [&hellip;]<\/p>\n","protected":false},"author":26,"featured_media":0,"parent":0,"menu_order":0,"comment_status":"closed","ping_status":"closed","template":"","meta":{"_et_pb_use_builder":"off","_et_pb_old_content":"","_et_gb_content_width":"1080","footnotes":""},"class_list":["post-1129","page","type-page","status-publish","hentry"],"_links":{"self":[{"href":"https:\/\/informacionoficial.mendoza.gob.ar\/seguridadyjusticia\/wp-json\/wp\/v2\/pages\/1129","targetHints":{"allow":["GET"]}}],"collection":[{"href":"https:\/\/informacionoficial.mendoza.gob.ar\/seguridadyjusticia\/wp-json\/wp\/v2\/pages"}],"about":[{"href":"https:\/\/informacionoficial.mendoza.gob.ar\/seguridadyjusticia\/wp-json\/wp\/v2\/types\/page"}],"author":[{"embeddable":true,"href":"https:\/\/informacionoficial.mendoza.gob.ar\/seguridadyjusticia\/wp-json\/wp\/v2\/users\/26"}],"replies":[{"embeddable":true,"href":"https:\/\/informacionoficial.mendoza.gob.ar\/seguridadyjusticia\/wp-json\/wp\/v2\/comments?post=1129"}],"version-history":[{"count":3,"href":"https:\/\/informacionoficial.mendoza.gob.ar\/seguridadyjusticia\/wp-json\/wp\/v2\/pages\/1129\/revisions"}],"predecessor-version":[{"id":1423,"href":"https:\/\/informacionoficial.mendoza.gob.ar\/seguridadyjusticia\/wp-json\/wp\/v2\/pages\/1129\/revisions\/1423"}],"wp:attachment":[{"href":"https:\/\/informacionoficial.mendoza.gob.ar\/seguridadyjusticia\/wp-json\/wp\/v2\/media?parent=1129"}],"curies":[{"name":"wp","href":"https:\/\/api.w.org\/{rel}","templated":true}]}}