{"id":1151,"date":"2025-07-24T19:07:25","date_gmt":"2025-07-24T17:07:25","guid":{"rendered":"https:\/\/informacionoficial.mendoza.gob.ar\/seguridadyjusticia\/?page_id=1151"},"modified":"2025-07-28T14:25:02","modified_gmt":"2025-07-28T12:25:02","slug":"instituto-de-formacion-penitenciara-escuela-de-suboficiales-y-agentes","status":"publish","type":"page","link":"https:\/\/informacionoficial.mendoza.gob.ar\/seguridadyjusticia\/instituto-de-formacion-penitenciara-escuela-de-suboficiales-y-agentes\/","title":{"rendered":"Instituto de Formaci\u00f3n Penitenciaria &#8211; Escuela de Suboficiales y Agentes"},"content":{"rendered":"\n<p class=\"has-black-color has-text-color has-link-color wp-elements-8eeee3167350390d136a067b8edb97cb\">El Instituto de Formaci\u00f3n y Capacitaci\u00f3n del Personal del Servicio Penitenciario de la Provincia de Mendoza fue creado el 10 de mayo de 2012 mediante Resoluci\u00f3n N\u00b0 540\/2012 de la Direcci\u00f3n General del Servicio Penitenciario, constituy\u00e9ndose como un organismo estrat\u00e9gico en el marco del sistema de seguridad p\u00fablica de la provincia.<\/p>\n\n\n\n<p class=\"has-black-color has-text-color has-link-color wp-elements-e72a6369973010e8073f114cf98113bf\">Con el objetivo de optimizar los recursos y fortalecer el despliegue territorial, el 28 de febrero de 2024, a trav\u00e9s de la Resoluci\u00f3n DGSP N\u00b0 295\/24, se design\u00f3 como nuevo asiento del Instituto las instalaciones del \u201cComplejo de Alojamiento Permanente Almafuerte I\u201d, ubicado en la Zona Oeste.<\/p>\n\n\n\n<p class=\"has-black-color has-text-color has-link-color wp-elements-8f9e933c71bff4e526a748703f04a14f\">En este sentido, se implementa el \u201cCurso de Formaci\u00f3n para Aspirantes a Agentes Penitenciarios del Escalaf\u00f3n de Seguridad\u201d, con una duraci\u00f3n aproximada de seis (6) meses, orientado a dotar a los futuros agentes de los conocimientos te\u00f3ricos y pr\u00e1cticos necesarios para el ejercicio profesional de sus funciones dentro del r\u00e9gimen penitenciario.<\/p>\n\n\n\n<p class=\"has-black-color has-text-color has-link-color wp-elements-8d7e6e678db63a9245bf66115746763e\">El dise\u00f1o curricular responde a un enfoque integral, interdisciplinario, basado en competencias, y contempla una diversidad de \u00e1reas formativas.<\/p>\n\n\n\n<p class=\"has-black-color has-text-color has-link-color wp-elements-c7f4845a6136c6547f14d5170f0128c6\">El Instituto de Formaci\u00f3n Penitenciaria constituye as\u00ed un pilar fundamental en la profesionalizaci\u00f3n del personal penitenciario, asegurando est\u00e1ndares de calidad y eficiencia en la administraci\u00f3n de la seguridad y el tratamiento dentro del \u00e1mbito penitenciario provincial.<\/p>\n\n\n\n<p class=\"has-black-color has-text-color has-link-color wp-elements-f2d44782f44cd21267ff539697117142\"><strong>Aprobaci\u00f3n de la estructura&nbsp; y plan de estudio relacionado al curso de aspirantes a agentes penitenciarios del escalaf\u00f3n de seguridad<\/strong><\/p>\n\n\n\n<p class=\"has-black-color has-text-color has-link-color wp-elements-5b26b46866d5b893dad1373305b2bae7\">Tipo \u201cT\u201d: Curr\u00edcula te\u00f3rica<\/p>\n\n\n\n<p class=\"has-black-color has-text-color has-link-color wp-elements-84ec563b804c7fd241cae9bbc3042038\">Tipo \u201cP\u201d: Curr\u00edcula pr\u00e1ctica<\/p>\n\n\n\n<figure class=\"wp-block-table\"><table class=\"has-fixed-layout\"><tbody><tr><td><strong>MATERIAS<\/strong><\/td><td><strong>TIPO<\/strong><\/td><\/tr><tr><td><strong>DERECHOS HUMANOS<\/strong><\/td><td><strong>T<\/strong><\/td><\/tr><tr><td><strong>G\u00c9NERO Y DIVERSIDAD<\/strong><\/td><td><strong>T<\/strong><\/td><\/tr><tr><td><strong>INTRODUCCI\u00d3N AL DERECHO CONSTITUCIONAL Y PENAL &#8211; R\u00c9GIMEN DEL PERSONAL PENITENCIARIO<\/strong><\/td><td><strong>T<\/strong><\/td><\/tr><tr><td><strong>ORIENTACI\u00d3N ADMINISTRATIVA<\/strong><\/td><td><strong>T<\/strong><\/td><\/tr><tr><td><strong>PRIMEROS AUXILIOS BIOL\u00d3GICOS<\/strong><\/td><td><strong>T<\/strong><\/td><\/tr><tr><td><strong>PROBLEM\u00c1TICA DE SALUD Y SALUD MENTAL EN CONTEXTOS DE ENCIERRO<\/strong><\/td><td><strong>T<\/strong><\/td><\/tr><tr><td><strong>RECURSOS HUMANOS<\/strong><\/td><td><strong>T<\/strong><\/td><\/tr><tr><td><strong>R\u00c9GIMEN PROGRESIVO DE LA PENA<\/strong><\/td><td><strong>T<\/strong><\/td><\/tr><tr><td><strong>SEGURIDAD PENITENCIARIA-SEGURIDAD EXTERNA<\/strong><\/td><td><strong>T<\/strong><\/td><\/tr><tr><td><strong>SEGURIDAD PENITENCIARIA-SEGURIDAD INTERNA<\/strong><\/td><td><strong>T<\/strong><\/td><\/tr><tr><td><strong>TRATAMIENTO PENITENCIARIO<\/strong><\/td><td><strong>T<\/strong><\/td><\/tr><tr><td><strong>VISITA Y CONSERJER\u00cdA<\/strong><\/td><td><strong>T<\/strong><\/td><\/tr><tr><td><strong>AFA-DEFENSA PERSONAL<\/strong><\/td><td><strong>P<\/strong><\/td><\/tr><tr><td><strong>AFA-EDUCACI\u00d3N F\u00cdSICA<\/strong><\/td><td><strong>P<\/strong><\/td><\/tr><tr><td><strong>TASP\u2013ARMA Y TIRO<\/strong><\/td><td><strong>P<\/strong><\/td><\/tr><tr><td><strong>TASP-CULTURA ORGANIZACIONAL, FORMACI\u00d3N Y PRESENTACI\u00d3N<\/strong><\/td><td><strong>P<\/strong><\/td><\/tr><tr><td><strong>TASP-REQUISA<\/strong><\/td><td><strong>P<\/strong><\/td><\/tr><tr><td><strong>TASP-TRASLADOS<\/strong><\/td><td><strong>P<\/strong><\/td><\/tr><\/tbody><\/table><\/figure>\n\n\n\n<p class=\"has-black-color has-text-color has-link-color wp-elements-fdc49922dfdef010d7e8cec25f2bb035\"><strong>Requisitos para ingresar<\/strong><strong><\/strong><\/p>\n\n\n\n<ul class=\"wp-block-list\">\n<li class=\"has-black-color has-text-color has-link-color wp-elements-7976ac8b45b7a94239f9c5cae45b1e98\">Ser argentino nativo o por opci\u00f3n con documento argentino.<\/li>\n\n\n\n<li class=\"has-black-color has-text-color has-link-color wp-elements-9f1ecb15b32e4a555c074dceeefe90d8\">Tener domicilio real en la provincia de Mendoza<\/li>\n\n\n\n<li class=\"has-black-color has-text-color has-link-color wp-elements-694009fc91e1c56b66b92b99bffd3aae\">Edad: Desde los 18 a\u00f1os hasta los 33 a\u00f1os, ajust\u00e1ndose seg\u00fan los requerimientos de cada llamado<\/li>\n\n\n\n<li class=\"has-black-color has-text-color has-link-color wp-elements-7d63225c9cc93c090d22ac86edb002ca\">No ser infractor del deber de votar<\/li>\n\n\n\n<li class=\"has-black-color has-text-color has-link-color wp-elements-6ebcc1aabfca4a75bd83762cd7931846\">Tener t\u00edtulo de ciclo polimodal, secundario o equivalente, de car\u00e1cter DEFINITIVO y LEGALIZADO POR EL PODER JUDICIAL. (Lugar de legalizaci\u00f3n: Av. San Mart\u00edn 322 \u2013 Planta baja \u2013 Ciudad de Mendoza)\u00a0<\/li>\n\n\n\n<li class=\"has-black-color has-text-color has-link-color wp-elements-b8a8dd151cef1253f6259f3ee63dd418\">Estatura M\u00ednima: 1.55 metros<\/li>\n\n\n\n<li class=\"has-black-color has-text-color has-link-color wp-elements-0df3b673b21dab50e3730872119fbc99\">No encontrarse en estado de gravidez al momento de inscripci\u00f3n y durante el cursado<\/li>\n\n\n\n<li class=\"has-black-color has-text-color has-link-color wp-elements-9e4322ad24cfa634db4186c2332d7016\">No poseer tatuajes visibles en la cabeza, cara y cuello. Si los tuviera, al momento del cursado, se har\u00e1 firmar el acta compromiso indicando que debe removerlos\/eliminarlos, con tiempo l\u00edmite 2 meses desde esa fecha. De lo contrario, se proceder\u00e1 a dar de baja por no cumplir con los requisitos establecidos en el listado de ex\u00e1menes complementarios para aptitud f\u00edsica<\/li>\n\n\n\n<li class=\"has-black-color has-text-color has-link-color wp-elements-3360c9c8affad2212e35698b34967425\">Justificar antecedentes personales de buena conducta. (Ley 7878, art. 1)<\/li>\n\n\n\n<li class=\"has-black-color has-text-color has-link-color wp-elements-f33b8fda892e825b2d4c99bb9fe951db\">Justificar el no poseer medidas judiciales desfavorables (Registro de Juicios Universales y Deudores Alimentarios)<\/li>\n\n\n\n<li class=\"has-black-color has-text-color has-link-color wp-elements-547b31d9b4d1f5b00da5884f60c7943e\">Domicilio electr\u00f3nico personal. Poseer una cuenta de correo electr\u00f3nico personal que se utilizar\u00e1 para el proceso de registro, inscripci\u00f3n y notificaci\u00f3n fehaciente.\u00a0<\/li>\n\n\n\n<li class=\"has-black-color has-text-color has-link-color wp-elements-ee1433af2b9fef44383a6d9cad575248\">Presentar la documentaci\u00f3n personal en primera instancia, mediante formato digital y originales que ser\u00e1n solicitados oportunamente.<\/li>\n<\/ul>\n","protected":false},"excerpt":{"rendered":"<p>El Instituto de Formaci\u00f3n y Capacitaci\u00f3n del Personal del Servicio Penitenciario de la Provincia de Mendoza fue creado el 10 de mayo de 2012 mediante Resoluci\u00f3n N\u00b0 540\/2012 de la Direcci\u00f3n General del Servicio Penitenciario, constituy\u00e9ndose como un organismo estrat\u00e9gico en el marco del sistema de seguridad p\u00fablica de la provincia. Con el objetivo de [&hellip;]<\/p>\n","protected":false},"author":26,"featured_media":0,"parent":0,"menu_order":0,"comment_status":"closed","ping_status":"closed","template":"","meta":{"_et_pb_use_builder":"off","_et_pb_old_content":"","_et_gb_content_width":"1080","footnotes":""},"class_list":["post-1151","page","type-page","status-publish","hentry"],"_links":{"self":[{"href":"https:\/\/informacionoficial.mendoza.gob.ar\/seguridadyjusticia\/wp-json\/wp\/v2\/pages\/1151","targetHints":{"allow":["GET"]}}],"collection":[{"href":"https:\/\/informacionoficial.mendoza.gob.ar\/seguridadyjusticia\/wp-json\/wp\/v2\/pages"}],"about":[{"href":"https:\/\/informacionoficial.mendoza.gob.ar\/seguridadyjusticia\/wp-json\/wp\/v2\/types\/page"}],"author":[{"embeddable":true,"href":"https:\/\/informacionoficial.mendoza.gob.ar\/seguridadyjusticia\/wp-json\/wp\/v2\/users\/26"}],"replies":[{"embeddable":true,"href":"https:\/\/informacionoficial.mendoza.gob.ar\/seguridadyjusticia\/wp-json\/wp\/v2\/comments?post=1151"}],"version-history":[{"count":2,"href":"https:\/\/informacionoficial.mendoza.gob.ar\/seguridadyjusticia\/wp-json\/wp\/v2\/pages\/1151\/revisions"}],"predecessor-version":[{"id":1175,"href":"https:\/\/informacionoficial.mendoza.gob.ar\/seguridadyjusticia\/wp-json\/wp\/v2\/pages\/1151\/revisions\/1175"}],"wp:attachment":[{"href":"https:\/\/informacionoficial.mendoza.gob.ar\/seguridadyjusticia\/wp-json\/wp\/v2\/media?parent=1151"}],"curies":[{"name":"wp","href":"https:\/\/api.w.org\/{rel}","templated":true}]}}