{"id":1153,"date":"2025-07-24T19:10:18","date_gmt":"2025-07-24T17:10:18","guid":{"rendered":"https:\/\/informacionoficial.mendoza.gob.ar\/seguridadyjusticia\/?page_id=1153"},"modified":"2025-08-06T15:56:10","modified_gmt":"2025-08-06T13:56:10","slug":"instituto-de-educacion-superior-9-009-tupungato","status":"publish","type":"page","link":"https:\/\/informacionoficial.mendoza.gob.ar\/seguridadyjusticia\/instituto-de-educacion-superior-9-009-tupungato\/","title":{"rendered":"Instituto de Educaci\u00f3n Superior 9-009 &#8211; Tupungato"},"content":{"rendered":"\n<p class=\"has-black-color has-text-color has-link-color wp-elements-213eac30aec3b12598de545404858d54\"><strong>T\u00cdTULO QUE OTORGA:&nbsp;<\/strong>\u00abT\u00e9cnico Superior en Administraci\u00f3n P\u00fablica con Orientaci\u00f3n Penitenciaria\u00bb<\/p>\n\n\n\n<p class=\"has-black-color has-text-color has-link-color wp-elements-a36a4a28f976bd29fa42ede1b19f1f1d\"><strong>MODALIDAD<\/strong>:&nbsp;Presencial<\/p>\n\n\n\n<p class=\"has-black-color has-text-color has-link-color wp-elements-90c77df683f0dc78f57b6ab4a32d6744\"><strong>DURACI\u00d3N DE LA CARRERA<\/strong>:&nbsp;3&nbsp;a\u00f1os<\/p>\n\n\n\n<p class=\"has-black-color has-text-color has-link-color wp-elements-968df80d992c3204ef42ad0c90e11025\"><strong>HORARIOS<\/strong>:\u00a019 a 24.<\/p>\n\n\n\n<p class=\"has-black-color has-text-color has-link-color wp-elements-8311d2931b62ddb0ae20d4926f673c6f\"><strong>UBICACI\u00d3N<\/strong>:&nbsp;Unidad Acad\u00e9mica INFOPE&nbsp;&nbsp;(Instituto de Formaci\u00f3n Penitenciaria)&nbsp;<\/p>\n\n\n\n<p class=\"has-black-color has-text-color has-link-color wp-elements-ca35a04ecc41f05623572c0fdea36db1\">La Tecnicatura en Administraci\u00f3n P\u00fablica reconoce la importancia de contar con profesionales especializados en el \u00e1mbito p\u00fablico, que puedan conocer e intervenir en beneficio del proceso administrativo, interpretar, dise\u00f1ar e implementar pol\u00edticas p\u00fablicas, planes, programas y proyectos organizacionales.<\/p>\n\n\n\n<p class=\"has-black-color has-text-color has-link-color wp-elements-dc5703c61c3c221e2c91aef27e4b631e\">En este sentido, la orientaci\u00f3n incluida en la propuesta, promueve una fuerte impronta en el conocimiento, an\u00e1lisis e implementaci\u00f3n de los procesos organizacionales que les permitan ser agentes de cambio para la mejora de los mismos.<\/p>\n\n\n\n<p class=\"has-black-color has-text-color has-link-color wp-elements-6d03bc500e1b3789da050e890295ddb2\">La formaci\u00f3n de T\u00e9cnicos Profesionales de la Administraci\u00f3n P\u00fablica con Orientaci\u00f3n en Gesti\u00f3n Penitenciaria, deben estar dotados de herramientas que vayan en contra de la noci\u00f3n de \u00abirrecuperabilidad\u00bb de ciertas personas, que coadyuven el concepto que la c\u00e1rcel solo genera consecuencias negativas en quienes pasan por ella y que si alguno de los liberados no vuelve a cometer un hecho violento o delictivo es porque el resto de los circuitos sociales y de control funcionaron de alguna manera, pero no porque la c\u00e1rcel haya generado incentivos o condiciones para un actuar diferente.<\/p>\n\n\n\n<p class=\"has-black-color has-text-color has-link-color wp-elements-fdc49922dfdef010d7e8cec25f2bb035\"><strong>Requisitos para ingresar<\/strong><strong><\/strong><\/p>\n\n\n\n<p class=\"has-black-color has-text-color has-link-color wp-elements-fc8a2a46ff5eb63893b0f1401115f368\">Haber aprobado el Nivel Secundario o bien, ser mayor de 25 a\u00f1os seg\u00fan lo establecido en el Art. 7\u00b0 de la Ley de Educaci\u00f3n Superior 24521 y\u00a0 cumplimentar lo establecido en la normativa provincial vigente.<\/p>\n\n\n\n<p class=\"has-black-color has-text-color has-link-color wp-elements-f656b82e8a2d60f18daea956c24c9a13\"><strong>PLAN DE ESTUDIOS<\/strong><strong><\/strong><\/p>\n\n\n\n<p class=\"has-black-color has-text-color has-link-color wp-elements-a3d45a9c9c4279a0dd07a3ce26b29e04\"><strong>Primer A\u00f1o<\/strong><strong><\/strong><\/p>\n\n\n\n<p class=\"has-black-color has-text-color has-link-color wp-elements-7be79f6ee71fdebd7e9dd31b814c389d\">1. Administraci\u00f3n General<\/p>\n\n\n\n<p class=\"has-black-color has-text-color has-link-color wp-elements-0f9aff51b65a20a3b9eae9ff014ef739\">2. Econom\u00eda<\/p>\n\n\n\n<p class=\"has-black-color has-text-color has-link-color wp-elements-7da941519812f2ceef22ae6ad0fe6531\">3. Matem\u00e1tica y Estad\u00edstica<\/p>\n\n\n\n<p class=\"has-black-color has-text-color has-link-color wp-elements-01ade20c87db0c8de094dd7b2c7e412c\">4. Inform\u00e1tica y Tecnolog\u00edas de Informaci\u00f3n<\/p>\n\n\n\n<p class=\"has-black-color has-text-color has-link-color wp-elements-b098ff55d15c29e6cd5c624d2d4d7dd7\">5. Estado y Sociedad<\/p>\n\n\n\n<p class=\"has-black-color has-text-color has-link-color wp-elements-8964d4325422f2c649a6328cac8fa29f\">6. Comprensi\u00f3n y Producci\u00f3n de Textos<\/p>\n\n\n\n<p class=\"has-black-color has-text-color has-link-color wp-elements-9f3ea53ad828a6da0c9c5747eeb58b4d\">7. La Construcci\u00f3n del Sujeto en Contextos de Encierro<\/p>\n\n\n\n<p class=\"has-black-color has-text-color has-link-color wp-elements-07f68b3164c07029adc6489bedd8021e\">8. Introducci\u00f3n al Derecho y Derecho Constitucional<\/p>\n\n\n\n<p class=\"has-black-color has-text-color has-link-color wp-elements-a40341659debf8b5b3e08f8801cee5a4\">9. Pr\u00e1ctica Profesionalizante I<\/p>\n\n\n\n<p class=\"has-black-color has-text-color has-link-color wp-elements-83f0fb10da6b1b29d17cd94de566be6a\"><strong>Segundo A\u00f1o<\/strong><strong><\/strong><\/p>\n\n\n\n<p class=\"has-black-color has-text-color has-link-color wp-elements-63768cd47afbc292084002c505756c6f\">10. Derecho Penal y Procesal Penal<\/p>\n\n\n\n<p class=\"has-black-color has-text-color has-link-color wp-elements-4860aae0d460a39a3c9f5355384896e1\">11. Ejecuci\u00f3n Penal<\/p>\n\n\n\n<p class=\"has-black-color has-text-color has-link-color wp-elements-92f6e25efc17d2b44946f7c885ef9b6e\">12. Derechos Humanos<\/p>\n\n\n\n<p class=\"has-black-color has-text-color has-link-color wp-elements-cedd1504e08a49d898f8fe99fae375f8\">13. Administraci\u00f3n y Desarrollo de los Recursos Humanos en el Sector P\u00fablico<\/p>\n\n\n\n<p class=\"has-black-color has-text-color has-link-color wp-elements-2cac635030a3ebd3d079411bb85918b6\">14. Administraci\u00f3n P\u00fablica<\/p>\n\n\n\n<p class=\"has-black-color has-text-color has-link-color wp-elements-68c7f292a42e8b2900bba5c25d673e69\">15. Derecho P\u00fablico Provincial<\/p>\n\n\n\n<p class=\"has-black-color has-text-color has-link-color wp-elements-154316400b8bfaacb8397146492f478c\">16. Problem\u00e1tica Sociocultural y del Trabajo<\/p>\n\n\n\n<p class=\"has-black-color has-text-color has-link-color wp-elements-dbbe0737a001fe4bf14cf16353994e1c\">17. Formulaci\u00f3n y Evaluaci\u00f3n de Proyectos<\/p>\n\n\n\n<p class=\"has-black-color has-text-color has-link-color wp-elements-916bf07627a5cbccdc9c1771283c59b2\">18. Pr\u00e1ctica Profesionalizante II<\/p>\n\n\n\n<p class=\"has-black-color has-text-color has-link-color wp-elements-584b46e8ec2e89dbf4c48a6132b7d421\"><strong>Tercer A\u00f1o<\/strong><strong><\/strong><\/p>\n\n\n\n<p class=\"has-black-color has-text-color has-link-color wp-elements-ec2a373003f311dabdf04402c853d7df\">19. Gesti\u00f3n de Pol\u00edticas P\u00fablicas<\/p>\n\n\n\n<p class=\"has-black-color has-text-color has-link-color wp-elements-86d48494950dc07d0ab18017c1b41f85\">20. Comunicaci\u00f3n Organizacional<\/p>\n\n\n\n<p class=\"has-black-color has-text-color has-link-color wp-elements-ffd5dd6fa0b3ad51fff92129a0307259\">21. Contabilidad P\u00fablica<\/p>\n\n\n\n<p class=\"has-black-color has-text-color has-link-color wp-elements-4d91e05d026c4109bd9f9134a9fdd4ec\">22. Derecho Administrativo<\/p>\n\n\n\n<p class=\"has-black-color has-text-color has-link-color wp-elements-a7e5d8c3280d1c9a8ee0d10af66db5dc\">23. Gesti\u00f3n P\u00fablica, Desarrollo de Proyectos y Programas<\/p>\n\n\n\n<p class=\"has-black-color has-text-color has-link-color wp-elements-c8330b738c6425434688b5470f681d28\">24. Ingles T\u00e9cnico<\/p>\n\n\n\n<p class=\"has-black-color has-text-color has-link-color wp-elements-6956029b945db115ce00a39fa338237e\">25. Presupuesto y Finanzas P\u00fablicas<\/p>\n\n\n\n<p class=\"has-black-color has-text-color has-link-color wp-elements-697763e3e283b04ed3c63543ae6ed913\">26. \u00c9tica de la Gesti\u00f3n P\u00fablica<\/p>\n\n\n\n<p class=\"has-black-color has-text-color has-link-color wp-elements-52ef3e422926d0884f09ad305064b1bb\">27. An\u00e1lisis y Desarrollo Organizacional<\/p>\n\n\n\n<p class=\"has-black-color has-text-color has-link-color wp-elements-7cfa7deef76d5d81cdb2be757530f07e\">28. Pr\u00e1ctica Profesionalizante III<\/p>\n","protected":false},"excerpt":{"rendered":"<p>T\u00cdTULO QUE OTORGA:&nbsp;\u00abT\u00e9cnico Superior en Administraci\u00f3n P\u00fablica con Orientaci\u00f3n Penitenciaria\u00bb MODALIDAD:&nbsp;Presencial DURACI\u00d3N DE LA CARRERA:&nbsp;3&nbsp;a\u00f1os HORARIOS:\u00a019 a 24. UBICACI\u00d3N:&nbsp;Unidad Acad\u00e9mica INFOPE&nbsp;&nbsp;(Instituto de Formaci\u00f3n Penitenciaria)&nbsp; La Tecnicatura en Administraci\u00f3n P\u00fablica reconoce la importancia de contar con profesionales especializados en el \u00e1mbito p\u00fablico, que puedan conocer e intervenir en beneficio del proceso administrativo, interpretar, dise\u00f1ar e implementar [&hellip;]<\/p>\n","protected":false},"author":26,"featured_media":0,"parent":0,"menu_order":0,"comment_status":"closed","ping_status":"closed","template":"","meta":{"_et_pb_use_builder":"off","_et_pb_old_content":"","_et_gb_content_width":"1080","footnotes":""},"class_list":["post-1153","page","type-page","status-publish","hentry"],"_links":{"self":[{"href":"https:\/\/informacionoficial.mendoza.gob.ar\/seguridadyjusticia\/wp-json\/wp\/v2\/pages\/1153","targetHints":{"allow":["GET"]}}],"collection":[{"href":"https:\/\/informacionoficial.mendoza.gob.ar\/seguridadyjusticia\/wp-json\/wp\/v2\/pages"}],"about":[{"href":"https:\/\/informacionoficial.mendoza.gob.ar\/seguridadyjusticia\/wp-json\/wp\/v2\/types\/page"}],"author":[{"embeddable":true,"href":"https:\/\/informacionoficial.mendoza.gob.ar\/seguridadyjusticia\/wp-json\/wp\/v2\/users\/26"}],"replies":[{"embeddable":true,"href":"https:\/\/informacionoficial.mendoza.gob.ar\/seguridadyjusticia\/wp-json\/wp\/v2\/comments?post=1153"}],"version-history":[{"count":2,"href":"https:\/\/informacionoficial.mendoza.gob.ar\/seguridadyjusticia\/wp-json\/wp\/v2\/pages\/1153\/revisions"}],"predecessor-version":[{"id":1720,"href":"https:\/\/informacionoficial.mendoza.gob.ar\/seguridadyjusticia\/wp-json\/wp\/v2\/pages\/1153\/revisions\/1720"}],"wp:attachment":[{"href":"https:\/\/informacionoficial.mendoza.gob.ar\/seguridadyjusticia\/wp-json\/wp\/v2\/media?parent=1153"}],"curies":[{"name":"wp","href":"https:\/\/api.w.org\/{rel}","templated":true}]}}