{"id":1949,"date":"2025-09-16T16:32:58","date_gmt":"2025-09-16T14:32:58","guid":{"rendered":"https:\/\/informacionoficial.mendoza.gob.ar\/seguridadyjusticia\/?page_id=1949"},"modified":"2025-09-23T10:40:12","modified_gmt":"2025-09-23T13:40:12","slug":"no-compre-robado","status":"publish","type":"page","link":"https:\/\/informacionoficial.mendoza.gob.ar\/seguridadyjusticia\/no-compre-robado\/","title":{"rendered":"No compres robado"},"content":{"rendered":"\n<h5 class=\"wp-block-heading has-black-color has-text-color has-link-color has-medium-font-size wp-elements-e2079ee507d2030a84fcdb2e05ac3d81\"><strong>Si es muy barato, sospech\u00e1. No seas c\u00f3mplice. Si nadie compra, nadie roba.<\/strong><\/h5>\n\n\n\n<p class=\"has-black-color has-text-color has-link-color wp-elements-034628d4f0e96517781202b905100d78\">\ud83c\udfa5 Videos basados en robos reales registrados en Mendoza.<br>\ud83d\udcde Denunci\u00e1 de forma an\u00f3nima: <strong>0800 222 6111<\/strong><br>\ud83d\udcac Mensajes por WhatsApp: <strong>261 592 7481<\/strong> <em>(solo mensajes, no llamadas)<\/em><\/p>\n\n\n\n<p class=\"has-black-color has-text-color has-link-color wp-elements-fb848ed8e83b85fd6cb89560e89db408\">\ud83d\udc49 <strong>Mir\u00e1 los videos. Informate. Sumate.<\/strong><\/p>\n\n\n\n<p><\/p>\n\n\n\n<figure class=\"wp-block-embed is-type-video is-provider-youtube wp-block-embed-youtube wp-embed-aspect-16-9 wp-has-aspect-ratio\"><div class=\"wp-block-embed__wrapper\">\n<iframe loading=\"lazy\" title=\"NO COMPRES ROBADO\" width=\"1080\" height=\"608\" src=\"https:\/\/www.youtube.com\/embed\/RneR6quBpN8?feature=oembed\"  allow=\"accelerometer; autoplay; clipboard-write; encrypted-media; gyroscope; picture-in-picture; web-share\" referrerpolicy=\"strict-origin-when-cross-origin\" allowfullscreen><\/iframe>\n<\/div><\/figure>\n\n\n\n<h3 class=\"wp-block-heading has-black-color has-text-color has-link-color wp-elements-e08c39ed6e10ee616e5e487a97f7fb4d\">\ud83d\udfe9 \u00bfPor qu\u00e9 esta campa\u00f1a?<\/h3>\n\n\n\n<p class=\"has-black-color has-text-color has-link-color wp-elements-1b33ab5ae2b116587f3527f5decc3521\"><strong>Detr\u00e1s de cada objeto robado hay un delito. Detr\u00e1s de cada compra, una elecci\u00f3n.<\/strong><\/p>\n\n\n\n<p class=\"has-black-color has-text-color has-link-color wp-elements-06abbf51c7305a3a97fa0f7207f69dbe\">En Mendoza, muchos robos simples \u2014de celulares, bicicletas, autopartes y otros bienes\u2014 terminan en un mercado paralelo donde se venden sin control ni registro.<\/p>\n\n\n\n<p class=\"has-black-color has-text-color has-link-color wp-elements-cec8bb375febf4123ade74aec1beb150\"><strong>Si nadie compra, nadie roba.<\/strong><\/p>\n\n\n\n<p class=\"has-black-color has-text-color has-link-color wp-elements-d8727c29e582633019d6795a8fd3a31e\">Esta campa\u00f1a busca visibilizar esa cadena, mostrar c\u00f3mo opera el circuito ilegal y cortar con el mercado negro de bienes robados. Porque quien compra tambi\u00e9n es parte del problema.<\/p>\n\n\n\n<h3 class=\"wp-block-heading has-black-color has-text-color has-link-color wp-elements-c331a9bdff692b9e99ebfb42567d886d\">\ud83d\udfe6 C\u00f3mo denunciar<\/h3>\n\n\n\n<p class=\"has-black-color has-text-color has-link-color wp-elements-43c26080bfa3c6bafb7d7ed81cc450fa\"><strong>\u00bfViste algo sospechoso? \u00bfSab\u00e9s d\u00f3nde se venden objetos robados? \u00bfReconociste un bien que te robaron que est\u00e1 a la venta? <\/strong><\/p>\n\n\n\n<p class=\"has-black-color has-text-color has-link-color wp-elements-d4297ffb37f628308af2ba06ec1f06a5\">\ud83d\udcde <strong>Llam\u00e1 al 0800 222 6111<\/strong><br>\u2714 Gratuito<br>\u2714 An\u00f3nimo<br>\u2714 Disponible las 24 horas<\/p>\n\n\n\n<p class=\"has-black-color has-text-color has-link-color wp-elements-c79ae22dbe62006b0c8dc8119297a9f6\">\ud83d\udcac <strong>Escrib\u00ed por WhatsApp al 261 592 7481<\/strong><br>\u2714 Solo mensajes <em>(no llamadas)<\/em><br>\u2714 An\u00f3nimo<br>\u2714 Disponible las 24 horas<\/p>\n\n\n\n<p class=\"has-black-color has-text-color has-link-color wp-elements-cdfa0a49d13d7edde92047af8ca976ef\">Dej\u00e1 tu mensaje. <strong>No hace falta que te identifiques, salvo que as\u00ed lo prefieras<\/strong>. El sistema registra tu denuncia y la deriva al \u00e1rea correspondiente para su an\u00e1lisis.<\/p>\n\n\n\n<p class=\"has-black-color has-text-color has-link-color wp-elements-3064477ff32aba324647c69e495884d0\">Record\u00e1 dejar la mayor cantidad de datos posible: <strong>\u00bfQui\u00e9n? \u00bfD\u00f3nde? \u00bfCu\u00e1ndo? \u00bfC\u00f3mo?<\/strong>. Cuanta m\u00e1s informaci\u00f3n tengamos, m\u00e1s efectiva ser\u00e1 la intervenci\u00f3n.<\/p>\n\n\n\n<h3 class=\"wp-block-heading has-black-color has-text-color has-link-color wp-elements-203e02fbfb4da1db009b2d187574e269\">\ud83d\udfe8 La ley en acci\u00f3n<\/h3>\n\n\n\n<p class=\"has-black-color has-text-color has-link-color wp-elements-114197ba3f1ba5ff6c832e86261c4a2e\"><strong>Ley 9556: una herramienta para frenar el mercado negro<\/strong><\/p>\n\n\n\n<p class=\"has-black-color has-text-color has-link-color wp-elements-9f800dd743502c9dd85dc4225b34e47a\">Esta Ley le da facultades concretas a la Polic\u00eda de Mendoza de auditor\u00eda e inspecci\u00f3n para desbaratar mercados ilegales. <\/p>\n\n\n\n<p class=\"has-black-color has-text-color has-link-color wp-elements-fd4fc2dd8f2f9f1b10d5a8267fc22307\"><strong>Queremos una provincia m\u00e1s segura, con reglas claras y comercio honesto.<\/strong><\/p>\n\n\n\n<h3 class=\"wp-block-heading has-black-color has-text-color has-link-color wp-elements-c82040377cf1720acb7bd452f24c14f3\"><strong>\ud83d\udfe5 <\/strong>NO SEAS PARTE DEL DELITO<\/h3>\n\n\n\n<p class=\"has-black-color has-text-color has-link-color wp-elements-c02776bef66a24182fdae41e3ccdd2c3\">Cada compra cuenta. Cada decisi\u00f3n suma.<br><strong>No compres robado. Denunci\u00e1.<\/strong><br>\ud83d\udcde <strong>0800 222 6111<\/strong> | \ud83d\udcac <strong>WhatsApp 261 592 7481<\/strong><br>No seas c\u00f3mplice. <strong>Si nadie compra, nadie roba.<\/strong><\/p>\n\n\n\n<p><\/p>\n\n\n\n<p><\/p>\n\n\n\n<p><\/p>\n","protected":false},"excerpt":{"rendered":"<p>Si es muy barato, sospech\u00e1. No seas c\u00f3mplice. Si nadie compra, nadie roba. \ud83c\udfa5 Videos basados en robos reales registrados en Mendoza.\ud83d\udcde Denunci\u00e1 de forma an\u00f3nima: 0800 222 6111\ud83d\udcac Mensajes por WhatsApp: 261 592 7481 (solo mensajes, no llamadas) \ud83d\udc49 Mir\u00e1 los videos. Informate. Sumate. \ud83d\udfe9 \u00bfPor qu\u00e9 esta campa\u00f1a? Detr\u00e1s de cada objeto robado [&hellip;]<\/p>\n","protected":false},"author":27,"featured_media":0,"parent":0,"menu_order":0,"comment_status":"closed","ping_status":"closed","template":"","meta":{"_et_pb_use_builder":"off","_et_pb_old_content":"","_et_gb_content_width":"1080","footnotes":""},"class_list":["post-1949","page","type-page","status-publish","hentry"],"_links":{"self":[{"href":"https:\/\/informacionoficial.mendoza.gob.ar\/seguridadyjusticia\/wp-json\/wp\/v2\/pages\/1949","targetHints":{"allow":["GET"]}}],"collection":[{"href":"https:\/\/informacionoficial.mendoza.gob.ar\/seguridadyjusticia\/wp-json\/wp\/v2\/pages"}],"about":[{"href":"https:\/\/informacionoficial.mendoza.gob.ar\/seguridadyjusticia\/wp-json\/wp\/v2\/types\/page"}],"author":[{"embeddable":true,"href":"https:\/\/informacionoficial.mendoza.gob.ar\/seguridadyjusticia\/wp-json\/wp\/v2\/users\/27"}],"replies":[{"embeddable":true,"href":"https:\/\/informacionoficial.mendoza.gob.ar\/seguridadyjusticia\/wp-json\/wp\/v2\/comments?post=1949"}],"version-history":[{"count":4,"href":"https:\/\/informacionoficial.mendoza.gob.ar\/seguridadyjusticia\/wp-json\/wp\/v2\/pages\/1949\/revisions"}],"predecessor-version":[{"id":1999,"href":"https:\/\/informacionoficial.mendoza.gob.ar\/seguridadyjusticia\/wp-json\/wp\/v2\/pages\/1949\/revisions\/1999"}],"wp:attachment":[{"href":"https:\/\/informacionoficial.mendoza.gob.ar\/seguridadyjusticia\/wp-json\/wp\/v2\/media?parent=1949"}],"curies":[{"name":"wp","href":"https:\/\/api.w.org\/{rel}","templated":true}]}}