{"id":1960,"date":"2025-09-18T13:49:27","date_gmt":"2025-09-18T16:49:27","guid":{"rendered":"https:\/\/informacionoficial.mendoza.gob.ar\/seguridadyjusticia\/?page_id=1960"},"modified":"2025-09-23T11:59:58","modified_gmt":"2025-09-23T14:59:58","slug":"plan-estrategico-contra-el-abigeato","status":"publish","type":"page","link":"https:\/\/informacionoficial.mendoza.gob.ar\/seguridadyjusticia\/plan-estrategico-contra-el-abigeato\/","title":{"rendered":"Plan Estrat\u00e9gico contra el Abigeato"},"content":{"rendered":"<p>[et_pb_section fb_built=\u00bb1&#8243; _builder_version=\u00bb4.27.4&#8243; _module_preset=\u00bbdefault\u00bb global_colors_info=\u00bb{}\u00bb][et_pb_row _builder_version=\u00bb4.27.4&#8243; _module_preset=\u00bbdefault\u00bb min_height=\u00bb75.8px\u00bb custom_padding=\u00bb36px|||||\u00bb global_colors_info=\u00bb{}\u00bb][et_pb_column type=\u00bb4_4&#8243; _builder_version=\u00bb4.27.4&#8243; _module_preset=\u00bbdefault\u00bb global_colors_info=\u00bb{}\u00bb][et_pb_text _builder_version=\u00bb4.27.4&#8243; _module_preset=\u00bbdefault\u00bb text_font=\u00bb|800|||||||\u00bb text_text_color=\u00bb#000000&#8243; text_font_size=\u00bb40px\u00bb text_line_height=\u00bb1.8em\u00bb link_font=\u00bb|700|||||||\u00bb link_font_size=\u00bb40px\u00bb global_colors_info=\u00bb{}\u00bb]<\/p>\n<p>Plan Estrat\u00e9gico contra el Abigeato<\/p>\n<p>[\/et_pb_text][\/et_pb_column][\/et_pb_row][et_pb_row _builder_version=\u00bb4.27.4&#8243; _module_preset=\u00bbdefault\u00bb][et_pb_column _builder_version=\u00bb4.27.4&#8243; _module_preset=\u00bbdefault\u00bb type=\u00bb4_4&#8243;][et_pb_text _builder_version=\u00bb4.27.4&#8243; _module_preset=\u00bbdefault\u00bb hover_enabled=\u00bb0&#8243; sticky_enabled=\u00bb0&#8243; locked=\u00bboff\u00bb custom_margin=\u00bb-29px|||||\u00bb]<\/p>\n<p><span style=\"font-size: medium\">Implementado en Mendoza desde mayo de 2025, este plan integral busca prevenir y combatir el robo de ganado, la faena clandestina y la comercializaci\u00f3n de carne sin respaldo sanitario ni documentaci\u00f3n legal. Mediante operativos de la Polic\u00eda Rural, controles en rutas y comercios, y el trabajo conjunto con organismos provinciales y municipales, se procura asegurar la trazabilidad de los productos, resguardar la salud de la poblaci\u00f3n y proteger la actividad ganadera en todo el territorio provincial.<\/span><\/p>\n<p>[\/et_pb_text][\/et_pb_column][\/et_pb_row][et_pb_row _builder_version=\u00bb4.27.4&#8243; _module_preset=\u00bbdefault\u00bb custom_padding=\u00bb0px||9px|||\u00bb global_colors_info=\u00bb{}\u00bb][et_pb_column type=\u00bb4_4&#8243; _builder_version=\u00bb4.27.4&#8243; _module_preset=\u00bbdefault\u00bb global_colors_info=\u00bb{}\u00bb][et_pb_text _builder_version=\u00bb4.27.4&#8243; _module_preset=\u00bbdefault\u00bb text_font=\u00bb|700|||||||\u00bb hover_enabled=\u00bb0&#8243; global_colors_info=\u00bb{}\u00bb sticky_enabled=\u00bb0&#8243; custom_margin=\u00bb-29px||-18px|||\u00bb custom_padding=\u00bb8px|||||\u00bb]<\/p>\n<h5 class=\"et_pb_toggle_title et-fb-editable-element et-fb-editable-element__editing et-fb-editable-element et-fb-editable-element et-fb-editable-element__editing\" data-shortcode-id=\"3.1.0.0.0-1758634586424\" data-quickaccess-id=\"toggle\" data-quickaccess-order=\"1\"><span style=\"font-size: x-large\"><strong><\/strong><\/span><\/h5>\n<p><span style=\"font-size: x-large\"><\/span><\/p>\n<p><span style=\"font-size: x-large\"><\/span><\/p>\n<h5 class=\"et_pb_toggle_title et-fb-editable-element et-fb-editable-element__editing et-fb-editable-element et-fb-editable-element et-fb-editable-element__editing\" data-shortcode-id=\"3.1.0.0.0-1758634586424\" data-quickaccess-id=\"toggle\" data-quickaccess-order=\"1\"><span style=\"font-size: x-large\"><strong>\u00abLa seguridad<\/strong> <strong>rural la<\/strong> <strong>construimos<\/strong> <strong>entre<\/strong> <strong>todos\u00bb<\/strong><\/span><\/h5>\n<h5 class=\"et_pb_toggle_title et-fb-editable-element et-fb-editable-element__editing\" data-shortcode-id=\"3.1.0.0.0-1758638852365\" data-quickaccess-id=\"toggle\" data-quickaccess-order=\"1\"><\/h5>\n<p>[\/et_pb_text][\/et_pb_column][\/et_pb_row][et_pb_row _builder_version=\u00bb4.27.4&#8243; _module_preset=\u00bbdefault\u00bb custom_margin=\u00bb3px|auto||auto||\u00bb custom_padding=\u00bb6px|||||\u00bb locked=\u00bboff\u00bb global_colors_info=\u00bb{}\u00bb][et_pb_column type=\u00bb4_4&#8243; _builder_version=\u00bb4.27.4&#8243; _module_preset=\u00bbdefault\u00bb global_colors_info=\u00bb{}\u00bb][et_pb_tabs _builder_version=\u00bb4.27.4&#8243; _module_preset=\u00bbdefault\u00bb custom_padding=\u00bb||27px|48px||\u00bb global_colors_info=\u00bb{}\u00bb][et_pb_tab title=\u00bbPOLIC\u00cdA RURAL\u00bb _builder_version=\u00bb4.27.4&#8243; _module_preset=\u00bbdefault\u00bb global_colors_info=\u00bb{}\u00bb]<\/p>\n<p><strong style=\"font-size: 14px\"><img loading=\"lazy\" decoding=\"async\" src=\"https:\/\/mza-dicaws-portal-uploads-media-prod.s3.amazonaws.com\/informacion-oficial\/uploads\/sites\/16\/2025\/09\/ESCUDO_RURAL.png\" width=\"187\" height=\"250\" \/><\/strong><\/p>\n<p><span style=\"color: #000000\">La Polic\u00eda Rural es la unidad especializada de la Polic\u00eda de Mendoza dedicada a prevenir y combatir delitos y contravenciones en el \u00e1mbito rural. Su intervenci\u00f3n abarca todo el territorio provincial, protegiendo la producci\u00f3n agropecuaria, la fauna y flora aut\u00f3ctona, y la seguridad de las comunidades rurales.<\/span><\/p>\n<p><strong><\/strong><\/p>\n<p><span style=\"color: #000000\"><strong>DELEGACIONES<\/strong><\/span><\/p>\n<p><span style=\"color: #000000\"><strong>SEDE CENTRAL<\/strong><\/span><br \/><span style=\"color: #000000\">Direcci\u00f3n: Parque Metropolitano Sur, Maip\u00fa<br \/>Correo: <a href=\"mailto:polrural-centro@mendoza.gov.ar\" style=\"color: #000000\">polrural-centro@mendoza.gov.ar<\/a><\/span><\/p>\n<p><span style=\"color: #000000\"><strong>DELEGACI\u00d3N ZONA SUR<\/strong><\/span><br \/><span style=\"color: #000000\">Direcci\u00f3n: RN N\u00b0 146 y RN N\u00b0 154, Paraje de Colonia Elena, Cuadro Nacional, San Rafael<br \/>Correo: <a href=\"polrural-sur@mendoza.gov.ar\" style=\"color: #000000\">polrural-sur@mendoza.gov.ar<\/a><\/span><\/p>\n<p><span style=\"color: #000000\"><strong>DELEGACI\u00d3N VALLE DE UCO<\/strong><\/span><br \/><span style=\"color: #000000\">Direcci\u00f3n: RN N\u00b0 40 y RN N\u00b0 143, Distrito de Pareditas, San Carlos<br \/>Correo: <a href=\"mailto:polrural-valledeuco@mendoza.gov.ar\" style=\"color: #000000\">polrural-valledeuco@mendoza.gov.ar<\/a><\/span><\/p>\n<p><span style=\"color: #000000\"><strong>DELEGACI\u00d3N ZONA ESTE<\/strong><\/span><br \/><span style=\"color: #000000\">Direcci\u00f3n: Calle Nueva Gil y RN N\u00b0 71 La Central, Rivadavia<br \/>Correo: <a href=\"mailto:polrural-este@mendoza.gov.ar\" style=\"color: #000000\">polrural-este@mendoza.gov.ar<\/a><\/span><\/p>\n<p><span style=\"color: #000000\"><strong>HISTORIA<\/strong><\/span><\/p>\n<p><span style=\"color: #000000\">Desde principios del siglo XX, la seguridad en zonas rurales estaba a cargo de destacamentos de campa\u00f1a, unidades peque\u00f1as y con recursos limitados. En 2002 se cre\u00f3 el Grupo Operativo T\u00e1ctico Rural (G.O.TA.R), destinado a patrullajes y controles en rutas, zonas ganaderas y caminos rurales.<\/span><\/p>\n<p><span style=\"color: #000000\">El \u00e9xito de esta iniciativa impuls\u00f3 la formalizaci\u00f3n de la Polic\u00eda Rural, creada oficialmente el 18 de octubre de 2005 mediante la Resoluci\u00f3n N\u00b0 614 M y J, como unidad especializada en prevenci\u00f3n, investigaci\u00f3n y represi\u00f3n de delitos rurales.<\/span><\/p>\n<ul><\/ul>\n<p>[\/et_pb_tab][et_pb_tab title=\u00bb\u00c1REAS DE ACTUACI\u00d3N\u00bb _builder_version=\u00bb4.27.4&#8243; _module_preset=\u00bbdefault\u00bb global_colors_info=\u00bb{}\u00bb]<\/p>\n<p><span style=\"color: #000000\"><strong>GANADER\u00cdA<\/strong><\/span><\/p>\n<p><span style=\"color: #000000\">Se previene el abigeato, se controla la seguridad vial ante animales sueltos y se verifica el cumplimiento de normativas administrativas. Los controles incluyen identificaci\u00f3n de animales y documentaci\u00f3n. Ante irregularidades, la justicia puede disponer medidas como el secuestro de la hacienda.<\/span><\/p>\n<p><span style=\"color: #000000\">Organismos intervinientes: Ministerio P\u00fablico Fiscal, Juzgados de Paz, SENASA, Direcci\u00f3n Provincial de Ganader\u00eda.<\/span><\/p>\n<p><span>\u00a0<\/span><span style=\"color: #000000\"><strong style=\"font-size: 14px\">SUSTANCIAS ALIMENTICIAS<\/strong><\/span><\/p>\n<p><span style=\"color: #000000\">Se inspeccionan productos c\u00e1rnicos en tr\u00e1nsito y comercios para garantizar su trazabilidad y prevenir delitos contra la salud p\u00fablica vinculados al abigeato y faena clandestina.<\/span><\/p>\n<p><span><span style=\"color: #000000\">Organismos intervinientes: Ministerio P\u00fablico Fiscal, Direcci\u00f3n Provincial de Ganader\u00eda, municipios.<\/span><br \/><span style=\"color: #000000\">Las sanciones pueden incluir prisi\u00f3n de 3 a 10 a\u00f1os y multas de $10.000 a $200.0<\/span>00.<\/span><\/p>\n<p><span>\u00a0<\/span><span style=\"color: #000000\"><strong style=\"font-size: 14px\">AGRICULTURA<\/strong><\/span><\/p>\n<p><span style=\"color: #000000\">Se realizan controles de transporte de productos frutihort\u00edcolas para verificar su origen legal y prevenir delitos contra la producci\u00f3n y maquinaria agr\u00edcola. Cuando no se puede comprobar el origen de la carga, se deriva a la Direcci\u00f3n de Fiscalizaci\u00f3n y Control de la provincia.<\/span><\/p>\n<p><span style=\"color: #000000\">Organismos intervinientes: Ministerio P\u00fablico Fiscal, Direcci\u00f3n de Fiscalizaci\u00f3n y Control, Direcci\u00f3n de Contingencias Clim\u00e1ticas, SENASA.<\/span><\/p>\n<p><span style=\"color: #000000\">\u00a0<strong>FAUNA<\/strong><\/span><\/p>\n<p><span style=\"color: #000000\">Se protege la fauna y flora aut\u00f3ctona, previniendo la caza furtiva y la degradaci\u00f3n ecol\u00f3gica. Los infractores son puestos a disposici\u00f3n de la justicia y los elementos incautados se secuestran.<\/span><\/p>\n<p><span style=\"color: #000000\">Organismos intervinientes: Ministerio P\u00fablico Fiscal, Juzgados de Paz, Direcci\u00f3n de Biodiversidad y Ecoparque.<\/span><\/p>\n<p><span>\u00a0<\/span><\/p>\n<p>[\/et_pb_tab][et_pb_tab title=\u00bbRECOMENDACIONES\u00bb _builder_version=\u00bb4.27.4&#8243; _module_preset=\u00bbdefault\u00bb global_colors_info=\u00bb{}\u00bb]<\/p>\n<p>\u2705<span style=\"color: #000000\"> Comun\u00edquese con la Polic\u00eda ante veh\u00edculos o personas sospechosas.<br \/>\u2705 Denuncie el comercio clandestino de carnes o productos agr\u00edcolas.<br \/>\u2705 Mantenga herramientas y maquinaria bajo llave y cerca de su vivienda.<br \/>\u2705<\/span><span><span style=\"color: #000000\"> Identifique y resguarde sus animales de ganado.<\/span><br \/><\/span><span style=\"color: #000000\">\u274c No salga de su hogar ante ruidos extra\u00f1os; llame al 911.<br \/>\u2705 No permita el ingreso a su propiedad de personas desconocidas.\u00a0<\/span><\/p>\n<p>[\/et_pb_tab][\/et_pb_tabs][\/et_pb_column][\/et_pb_row][\/et_pb_section]<\/p>\n","protected":false},"excerpt":{"rendered":"<p>Plan Estrat\u00e9gico contra el AbigeatoImplementado en Mendoza desde mayo de 2025, este plan integral busca prevenir y combatir el robo de ganado, la faena clandestina y la comercializaci\u00f3n de carne sin respaldo sanitario ni documentaci\u00f3n legal. Mediante operativos de la Polic\u00eda Rural, controles en rutas y comercios, y el trabajo conjunto con organismos provinciales y [&hellip;]<\/p>\n","protected":false},"author":27,"featured_media":0,"parent":0,"menu_order":0,"comment_status":"closed","ping_status":"closed","template":"","meta":{"_et_pb_use_builder":"on","_et_pb_old_content":"","_et_gb_content_width":"","footnotes":""},"class_list":["post-1960","page","type-page","status-publish","hentry"],"_links":{"self":[{"href":"https:\/\/informacionoficial.mendoza.gob.ar\/seguridadyjusticia\/wp-json\/wp\/v2\/pages\/1960","targetHints":{"allow":["GET"]}}],"collection":[{"href":"https:\/\/informacionoficial.mendoza.gob.ar\/seguridadyjusticia\/wp-json\/wp\/v2\/pages"}],"about":[{"href":"https:\/\/informacionoficial.mendoza.gob.ar\/seguridadyjusticia\/wp-json\/wp\/v2\/types\/page"}],"author":[{"embeddable":true,"href":"https:\/\/informacionoficial.mendoza.gob.ar\/seguridadyjusticia\/wp-json\/wp\/v2\/users\/27"}],"replies":[{"embeddable":true,"href":"https:\/\/informacionoficial.mendoza.gob.ar\/seguridadyjusticia\/wp-json\/wp\/v2\/comments?post=1960"}],"version-history":[{"count":13,"href":"https:\/\/informacionoficial.mendoza.gob.ar\/seguridadyjusticia\/wp-json\/wp\/v2\/pages\/1960\/revisions"}],"predecessor-version":[{"id":2005,"href":"https:\/\/informacionoficial.mendoza.gob.ar\/seguridadyjusticia\/wp-json\/wp\/v2\/pages\/1960\/revisions\/2005"}],"wp:attachment":[{"href":"https:\/\/informacionoficial.mendoza.gob.ar\/seguridadyjusticia\/wp-json\/wp\/v2\/media?parent=1960"}],"curies":[{"name":"wp","href":"https:\/\/api.w.org\/{rel}","templated":true}]}}