{"id":2350,"date":"2026-01-07T09:22:24","date_gmt":"2026-01-07T12:22:24","guid":{"rendered":"https:\/\/informacionoficial.mendoza.gob.ar\/seguridadyjusticia\/?page_id=2350"},"modified":"2026-01-15T11:03:51","modified_gmt":"2026-01-15T14:03:51","slug":"unidad-de-mujeres-y-disidencias","status":"publish","type":"page","link":"https:\/\/informacionoficial.mendoza.gob.ar\/seguridadyjusticia\/unidad-de-mujeres-y-disidencias\/","title":{"rendered":"Unidad de Mujeres y Disidencias"},"content":{"rendered":"\n<figure class=\"wp-block-image size-large is-resized\"><img loading=\"lazy\" decoding=\"async\" width=\"1024\" height=\"290\" src=\"https:\/\/mza-dicaws-portal-uploads-media-prod.s3.amazonaws.com\/informacion-oficial\/uploads\/sites\/16\/2026\/01\/MUJERES-1-1024x290.png\" alt=\"\" class=\"wp-image-2588\" style=\"width:1108px;height:auto\" srcset=\"https:\/\/mza-dicaws-portal-uploads-media-prod.s3.amazonaws.com\/informacion-oficial\/uploads\/sites\/16\/2026\/01\/MUJERES-1-980x278.png 980w, https:\/\/mza-dicaws-portal-uploads-media-prod.s3.amazonaws.com\/informacion-oficial\/uploads\/sites\/16\/2026\/01\/MUJERES-1-480x136.png 480w\" sizes=\"(min-width: 0px) and (max-width: 480px) 480px, (min-width: 481px) and (max-width: 980px) 980px, (min-width: 981px) 1024px, 100vw\" \/><\/figure>\n\n\n\n<p><\/p>\n\n\n\n<p><a href=\"mailto:umujeresydisidencia@mendoza.gov.ar\">umujeresydisidencia@mendoza.gov.ar<\/a><\/p>\n\n\n\n<p class=\"has-black-color has-text-color has-link-color wp-elements-4277b1179efddf1a91a1a7aae4f37591\">La Unidad de las Mujeres y las Disidencias se crea con el objetivo de consolidar un espacio jerarquizado que visibilice la situaci\u00f3n de las mujeres y las diversidades sexuales que integran el Servicio Penitenciario, tanto del personal penitenciario como de las personas privadas de la libertad, orientado a la prevenci\u00f3n y erradicaci\u00f3n de la violencia y la discriminaci\u00f3n por motivos de g\u00e9nero, sexo u orientaci\u00f3n sexual.<\/p>\n\n\n\n<p class=\"has-black-color has-text-color has-link-color wp-elements-a65e8f74a8a05d7edfbca394590a4dad\">Formada por tres Divisiones: Divisi\u00f3n Pol\u00edticas de G\u00e9nero para Personal Penitenciario; Divisi\u00f3n Administrativa y Divisi\u00f3n Abordaje a Personas Privadas de Libertad (que incluye Programa de Abordaje a Varones detenidos por Violencias contra las mujeres; Diversidad Sexual y Ni\u00f1ez en contexto de encierro); promueve acciones destinadas a transversalizar la perspectiva de g\u00e9nero y construir abordajes complejos e integrales.<\/p>\n\n\n\n<p class=\"has-black-color has-text-color has-link-color wp-elements-e382667e62bea22166b47a8782721839\"><strong>DIVISI\u00d3N POL\u00cdTICAS DE G\u00c9NERO PARA PERSONAL PENITENCIARIO<\/strong><\/p>\n\n\n\n<p class=\"has-black-color has-text-color has-link-color wp-elements-026602c8d0bed662eece89eb1bafe070\"><strong>OBJETIVOS PRINCIPALES<\/strong><\/p>\n\n\n\n<ul class=\"wp-block-list\">\n<li class=\"has-black-color has-text-color has-link-color wp-elements-8830a52808522dffdcefff5620ad8988\">Dise\u00f1ar y coordinar pol\u00edticas de prevenci\u00f3n de violencia y discriminaci\u00f3n por motivos de g\u00e9nero&nbsp; en los \u00e1mbitos laboral, familiar y social.<\/li>\n\n\n\n<li class=\"has-black-color has-text-color has-link-color wp-elements-57af3af63762d7b338b8a5e3097ddf94\">Atender situaciones de violencias contra las mujeres y articular intra e interinstitucionalmente para prevenir el agravamiento de la situaci\u00f3n<\/li>\n\n\n\n<li class=\"has-black-color has-text-color has-link-color wp-elements-47076a0e22563aaa62cf19819b205294\">Capacitar y sensibilizar al personal penitenciario femenino y masculino en perspectiva de g\u00e9nero y diversidades sexuales.<\/li>\n<\/ul>\n\n\n\n<p class=\"has-black-color has-text-color has-link-color wp-elements-e5ee3f24cbc4d86d2a00b76cbd1a7c9f\"><strong>TAREAS<\/strong><\/p>\n\n\n\n<ul class=\"wp-block-list\">\n<li class=\"has-black-color has-text-color has-link-color wp-elements-ed6e909356f113e2a12938d410587d33\">Acciones de difusi\u00f3n y actividades de car\u00e1cter participativo&nbsp; tendientes a visibilizar las desigualdades y violencias por motivos de g\u00e9nero en los \u00e1mbitos donde las mujeres desarrollan sus relaciones interpersonales.<\/li>\n\n\n\n<li class=\"has-black-color has-text-color has-link-color wp-elements-4eb763c7062d36fd8c2e73bdac937ae0\">Creaci\u00f3n de normativas institucionales para la prevenci\u00f3n de las violencias por motivo de g\u00e9nero.<\/li>\n\n\n\n<li class=\"has-black-color has-text-color has-link-color wp-elements-903aeab75027602ebfec216440231cbd\">Intervenci\u00f3n en situaciones de violencias contra las mujeres en las que est\u00e9n implicadas el personal penitenciario, aplicaci\u00f3n de protocolo de intervenci\u00f3n y de las medidas preventivas correspondientes.<\/li>\n\n\n\n<li class=\"has-black-color has-text-color has-link-color wp-elements-94571d9d53f3e709ba9af232d9324cb5\">Acompa\u00f1amiento y derivaci\u00f3n del personal post intervenciones por violencias contra las mujeres.<\/li>\n\n\n\n<li class=\"has-black-color has-text-color has-link-color wp-elements-bc9bb92bbb7904e4edac32d3f45d98ff\">Dispositivo de abordaje grupal de varones personal penitenciario involucrados en hechos de violencias contra las mujeres.<\/li>\n\n\n\n<li class=\"has-black-color has-text-color has-link-color wp-elements-3755b8d9e12d624fa2c3493d309224a2\">Cursos y talleres de sensibilizaci\u00f3n sobre los derechos de las mujeres y disidencias para prevenir situaciones de violencia y\/o vulneraci\u00f3n de derechos tanto del personal como de las personas privadas de libertad que asisten.<\/li>\n\n\n\n<li class=\"has-black-color has-text-color has-link-color wp-elements-d5f6bb521396e807f0ac28848dccb30c\">Recolectar datos, elaborar estad\u00edsticas y socializar informaci\u00f3n sobre la violencia contra las mujeres en el \u00e1mbito laboral.<\/li>\n<\/ul>\n\n\n\n<p class=\"has-black-color has-text-color has-link-color wp-elements-152530c6cde312feddd2160b9ec9e086\"><a><\/a>La Unidad de las Mujeres y las Disidencias con el objetivo de prevenir y erradicar todo tipo de discriminaci\u00f3n y violencia por motivos de g\u00e9nero, comunica los canales de comunicaci\u00f3n para solicitar asesoramiento y\/o atenci\u00f3n ante cualquier situaci\u00f3n (real o potencial) de violencias contra las mujeres donde est\u00e9n involucrados:<\/p>\n\n\n\n<ol class=\"wp-block-list\">\n<li class=\"has-black-color has-text-color has-link-color wp-elements-edf0e2a0796e907e21be3640a5dc38eb\">var\u00f3n personal penitenciario (como presunto agresor) y mujer personal penitenciario (como v\u00edctima) con v\u00ednculo afectivo y\/o laboral.<\/li>\n\n\n\n<li class=\"has-black-color has-text-color has-link-color wp-elements-6f7089f99abd045ba3fcd25a4561c1e3\">var\u00f3n personal penitenciario (como presunto agresor) y mujer civil (como v\u00edctima).<\/li>\n\n\n\n<li class=\"has-black-color has-text-color has-link-color wp-elements-283df2ed26d689a1eb878e5c6d9a0bc5\">var\u00f3n civil&nbsp; (como presunto agresor) y mujer personal penitenciario (como v\u00edctima).<\/li>\n<\/ol>\n","protected":false},"excerpt":{"rendered":"<p>umujeresydisidencia@mendoza.gov.ar La Unidad de las Mujeres y las Disidencias se crea con el objetivo de consolidar un espacio jerarquizado que visibilice la situaci\u00f3n de las mujeres y las diversidades sexuales que integran el Servicio Penitenciario, tanto del personal penitenciario como de las personas privadas de la libertad, orientado a la prevenci\u00f3n y erradicaci\u00f3n de la [&hellip;]<\/p>\n","protected":false},"author":27,"featured_media":0,"parent":0,"menu_order":0,"comment_status":"closed","ping_status":"closed","template":"","meta":{"_et_pb_use_builder":"off","_et_pb_old_content":"","_et_gb_content_width":"1080","footnotes":""},"class_list":["post-2350","page","type-page","status-publish","hentry"],"_links":{"self":[{"href":"https:\/\/informacionoficial.mendoza.gob.ar\/seguridadyjusticia\/wp-json\/wp\/v2\/pages\/2350","targetHints":{"allow":["GET"]}}],"collection":[{"href":"https:\/\/informacionoficial.mendoza.gob.ar\/seguridadyjusticia\/wp-json\/wp\/v2\/pages"}],"about":[{"href":"https:\/\/informacionoficial.mendoza.gob.ar\/seguridadyjusticia\/wp-json\/wp\/v2\/types\/page"}],"author":[{"embeddable":true,"href":"https:\/\/informacionoficial.mendoza.gob.ar\/seguridadyjusticia\/wp-json\/wp\/v2\/users\/27"}],"replies":[{"embeddable":true,"href":"https:\/\/informacionoficial.mendoza.gob.ar\/seguridadyjusticia\/wp-json\/wp\/v2\/comments?post=2350"}],"version-history":[{"count":3,"href":"https:\/\/informacionoficial.mendoza.gob.ar\/seguridadyjusticia\/wp-json\/wp\/v2\/pages\/2350\/revisions"}],"predecessor-version":[{"id":2591,"href":"https:\/\/informacionoficial.mendoza.gob.ar\/seguridadyjusticia\/wp-json\/wp\/v2\/pages\/2350\/revisions\/2591"}],"wp:attachment":[{"href":"https:\/\/informacionoficial.mendoza.gob.ar\/seguridadyjusticia\/wp-json\/wp\/v2\/media?parent=2350"}],"curies":[{"name":"wp","href":"https:\/\/api.w.org\/{rel}","templated":true}]}}