{"id":388,"date":"2025-05-20T14:56:57","date_gmt":"2025-05-20T12:56:57","guid":{"rendered":"https:\/\/informacionoficial.mendoza.gob.ar\/seguridadyjusticia\/?page_id=388"},"modified":"2026-04-15T09:28:53","modified_gmt":"2026-04-15T12:28:53","slug":"banda-de-musica","status":"publish","type":"page","link":"https:\/\/informacionoficial.mendoza.gob.ar\/seguridadyjusticia\/banda-de-musica\/","title":{"rendered":"Banda de M\u00fasica"},"content":{"rendered":"<p>[et_pb_section fb_built=\u00bb1&#8243; admin_label=\u00bbsection\u00bb _builder_version=\u00bb4.16&#8243; global_colors_info=\u00bb{}\u00bb][et_pb_row admin_label=\u00bbrow\u00bb _builder_version=\u00bb4.16&#8243; background_size=\u00bbinitial\u00bb background_position=\u00bbtop_left\u00bb background_repeat=\u00bbrepeat\u00bb global_colors_info=\u00bb{}\u00bb][et_pb_column type=\u00bb4_4&#8243; _builder_version=\u00bb4.16&#8243; custom_padding=\u00bb|||\u00bb global_colors_info=\u00bb{}\u00bb custom_padding__hover=\u00bb|||\u00bb][et_pb_post_title meta=\u00bboff\u00bb featured_image=\u00bboff\u00bb _builder_version=\u00bb4.27.4&#8243; _module_preset=\u00bbdefault\u00bb locked=\u00bboff\u00bb global_colors_info=\u00bb{}\u00bb][\/et_pb_post_title][et_pb_text admin_label=\u00bbText\u00bb _builder_version=\u00bb4.16&#8243; background_size=\u00bbinitial\u00bb background_position=\u00bbtop_left\u00bb background_repeat=\u00bbrepeat\u00bb global_colors_info=\u00bb{}\u00bb]<!-- divi:paragraph {\"style\":{\"elements\":{\"link\":{\"color\":{\"text\":\"var:preset|color|black\"}}}},\"textColor\":\"black\",\"fontSize\":\"small\"} --><\/p>\n<p class=\"has-black-color has-text-color has-link-color has-small-font-size\">La Banda de M\u00fasica de la Polic\u00eda de Mendoza se puede solicitar comunic\u00e1ndose al siguiente correo electr\u00f3nico: <a href=\"mailto:jefaturadistritaluno@mendoza.gov.ar\">jefaturadistritaluno@mendoza.gov.ar<\/a>.<\/p>\n<p>\u00a0<a href=\"https:\/\/www.mendoza.gov.ar\/wp-content\/uploads\/sites\/26\/2025\/03\/Formulario-SOLICITUD-1.pdf\" style=\"font-size: 14px\"><img decoding=\"async\" src=\"https:\/\/www.mendoza.gov.ar\/wp-content\/uploads\/sites\/26\/2025\/03\/NUEVA_IMAGEN_BANDA-700x330.jpg\" alt=\"\" \/><\/a><\/p>\n<p>\u00a0<span style=\"font-size: 14px\">\u00a0<\/span><\/p>\n<p><span style=\"color: #000000\"><strong>El 13 de diciembre de 2022, el Senado de la provincia de Mendoza sancion\u00f3 con fuerza de Ley que la Banda de M\u00fasica de la Polic\u00eda de Mendoza \u201cCabo 1\u00b0 Gustavo Ramet\u201d y la Banda de M\u00fasica de la Polic\u00eda de Mendoza Regional Sur \u201cFelipe Rodr\u00edguez Servin\u201d. Sean declaradas PATRIMONIO CULTURAL INTANGIBLE DE LA PROVINCIA DE MENDOZA.\u00a0<\/strong><\/span>\u00a0<\/p>\n<p><span style=\"color: #000000;font-size: 14px\">De esta manera, la Ley 9439 establece este honor para nuestras Bandas que con dedicaci\u00f3n, profesionalismo y vocaci\u00f3n de servicio, son un nexo cultural con la comunidad y el Ministerio de Seguridad y Justicia.<\/span>\u00a0<\/p>\n<p>\u00a0<a href=\"https:\/\/www.mendoza.gov.ar\/wp-content\/uploads\/sites\/26\/2023\/01\/DECLARACION-DE-PATRIMONIO-CULTURAL-INTANGIBLE-BANDA-DE-MUSICA-1.pdf\" style=\"font-size: 14px\">Declaraci\u00f3n de Patrimonio Cultural Intangible<\/a><\/p>\n<p>&nbsp;<\/p>\n<p class=\"has-black-color has-text-color has-link-color has-medium-font-size\"><strong>RESE\u00d1A\u00a0HIST\u00d3RICA<\/strong><\/p>\n<p class=\"has-black-color has-text-color has-link-color has-medium-font-size\"><strong style=\"color: #000000;font-size: 20px\">BANDA DE M\u00daSICA \u201cCABO 1\u00ba GUSTAVO RAMET\u201d<\/strong><\/p>\n<p><span style=\"color: #000000;font-size: 14px\">La Banda del Ministerio de Seguridad y Justicia es la m\u00e1s antigua de Mendoza, y tiene sus ra\u00edces con el mismo nacimiento de la Patria. Cada a\u00f1o, los m\u00fasicos presentan unas 300 actuaciones en la provincia, conectando con miles de ciudadanos mendocinos como del resto del pa\u00eds y extranjeros.<\/span><\/p>\n<p><span style=\"color: #000000;font-size: 14px\">En su trayectoria, el tes\u00f3n, el esfuerzo y el servicio a la comunidad fueron la clave para el desarrollo con que sus integrantes llevaron adelante el desempe\u00f1o musical, brindando a la comunidad un acercamiento a trav\u00e9s de la m\u00fasica en sus distintas facetas intentando respaldar diariamente la tranquilidad p\u00fablica, ofreciendo \u201cprevenci\u00f3n\u201c mediante el arte, acercando la comunidad a la polic\u00eda y la polic\u00eda a la comunidad.<\/span><\/p>\n<p><span style=\"color: #000000;font-size: 14px\">Importantes m\u00fasicos y directores han pasado por sus filas en estos doscientos a\u00f1os de permanencia junto a la comunidad mendocina, como el maestro Cayetano Silva quien fue autor de la mundialmente famosa MARCHA \u00abSAN LORENZO\u00bb<\/span><strong style=\"color: #000000;font-size: 14px\">.<\/strong><\/p>\n<p><span style=\"color: #000000\">La labor desarrollada por esta Banda se ve recompensada por iniciativa de varios medios mendocinos, que le han otorgado importantes premios tales como: LIRA DE ORO A LA EXCELENCIA (Sindicato de M\u00fasicos de Cuyo), premio PACHAMAMA (Honorable c\u00e1mara de Legisladores ), premio ESCENARIO (Diario Uno), menci\u00f3n especial Subsecretaria de relaciones con la Comunidad, Diploma de Honor Subsecretario de Seguridad entre otros, que llenan de orgullo al Ministerio de Seguridad y Justicia y a todo el conjunto de m\u00fasicos que integran la Banda de M\u00fasica de la Polic\u00eda de Mendoza.\u00a0 \u00a0<\/span>\u00a0\u00a0<\/p>\n<p>&nbsp;<\/p>\n<p class=\"has-black-color has-text-color has-link-color has-medium-font-size\" id=\"block-f78aa380-7481-480a-83f6-aa50538d0df0\"><strong>EVENTOS<\/strong><\/p>\n<p class=\"has-black-color has-text-color has-link-color has-medium-font-size\"><strong><img decoding=\"async\" src=\"https:\/\/mza-dicaws-portal-uploads-media-prod.s3.amazonaws.com\/informacion-oficial\/uploads\/sites\/16\/2026\/04\/EVENTOS_SEMANALES_15_4_26.jpeg\" \/><\/strong><\/p>\n<p class=\"has-black-color has-text-color has-link-color has-medium-font-size\">\n<p class=\"has-black-color has-text-color has-link-color has-medium-font-size\">\n<p class=\"has-black-color has-text-color has-link-color has-medium-font-size\"><strong>CONTACTO<\/strong><\/p>\n<p class=\"has-black-color has-text-color has-link-color has-medium-font-size\"><strong>TEL\u00c9FONO: 4201802<\/strong><\/p>\n<p class=\"has-black-color has-text-color has-link-color has-medium-font-size\"><strong>CORREO OFICIAL: <a href=\"mailto:bandamusica@mendoza.gov.ar\">bandamusica@mendoza.gov.ar<\/a><\/strong><\/p>\n<p class=\"has-black-color has-text-color has-link-color has-medium-font-size\"><strong>DOMICILIO: Boulogne Sur Mer 3457, Ciudad de Mendoza<\/strong>.<\/p>\n<p class=\"has-black-color has-text-color has-link-color has-medium-font-size\"><strong>DIRECTOR:<\/strong> <strong>Subcomisario P.P. Lic. SALAZAR GALLELLI, Mauricio<\/strong><\/p>\n<p class=\"has-black-color has-text-color has-link-color has-medium-font-size\"><strong><\/strong><\/p>\n<p class=\"has-black-color has-text-color has-link-color has-medium-font-size\"><strong><\/strong><\/p>\n<p class=\"has-black-color has-text-color has-link-color has-medium-font-size\"><strong><\/strong><\/p>\n<p class=\"has-black-color has-text-color has-link-color has-medium-font-size\"><strong><\/strong><\/p>\n<p class=\"has-black-color has-text-color has-link-color has-medium-font-size\"><strong><\/strong><\/p>\n<p>&nbsp;<\/p>\n<p>&nbsp;<\/p>\n<p>&nbsp;<\/p>\n<p>&nbsp;<\/p>\n<p>&nbsp;<\/p>\n<p>&nbsp;<\/p>\n<p>&nbsp;<\/p>\n<p>&nbsp;<\/p>\n<p>&nbsp;<\/p>\n<p>&nbsp;<\/p>\n<p>&nbsp;<\/p>\n<p>&nbsp;<\/p>\n<p>&nbsp;<\/p>\n<p>&nbsp;<\/p>\n<p>&nbsp;<\/p>\n<p>&nbsp;<\/p>\n<p>&nbsp;<\/p>\n<p>&nbsp;<\/p>\n<p>&nbsp;<\/p>\n<p>&nbsp;<\/p>\n<p><!-- \/divi:paragraph --><!-- divi:paragraph {\"style\":{\"elements\":{\"link\":{\"color\":{\"text\":\"var:preset|color|black\"}}}},\"textColor\":\"black\",\"fontSize\":\"medium\"} --><!-- \/divi:paragraph --><!-- divi:paragraph {\"style\":{\"elements\":{\"link\":{\"color\":{\"text\":\"var:preset|color|black\"}}}},\"textColor\":\"black\",\"fontSize\":\"medium\"} --><!-- \/divi:paragraph --><!-- divi:paragraph {\"style\":{\"elements\":{\"link\":{\"color\":{\"text\":\"var:preset|color|black\"}}}},\"textColor\":\"black\",\"fontSize\":\"medium\"} --><!-- \/divi:paragraph --><!-- divi:paragraph {\"style\":{\"elements\":{\"link\":{\"color\":{\"text\":\"var:preset|color|black\"}}}},\"textColor\":\"black\",\"fontSize\":\"medium\"} --><\/p>\n<p>&nbsp;<\/p>\n<p>&nbsp;<\/p>\n<p>&nbsp;<\/p>\n<p>&nbsp;<\/p>\n<p>&nbsp;<\/p>\n<p>&nbsp;<\/p>\n<p>&nbsp;<\/p>\n<p>&nbsp;<\/p>\n<p>&nbsp;<\/p>\n<p>&nbsp;<\/p>\n<p>&nbsp;<\/p>\n<p>&nbsp;<\/p>\n<p>&nbsp;<\/p>\n<p>&nbsp;<\/p>\n<p>&nbsp;<\/p>\n<p>&nbsp;<\/p>\n<p>&nbsp;<\/p>\n<p>&nbsp;<\/p>\n<p>&nbsp;<\/p>\n<p>&nbsp;<\/p>\n<p>&nbsp;<\/p>\n<p>&nbsp;<\/p>\n<p><!-- \/divi:paragraph -->[\/et_pb_text][\/et_pb_column][\/et_pb_row][\/et_pb_section]<\/p>\n","protected":false},"excerpt":{"rendered":"<p>La Banda de M\u00fasica de la Polic\u00eda de Mendoza se puede solicitar comunic\u00e1ndose al siguiente correo electr\u00f3nico: jefaturadistritaluno@mendoza.gov.ar. \u00a0 \u00a0\u00a0 El 13 de diciembre de 2022, el Senado de la provincia de Mendoza sancion\u00f3 con fuerza de Ley que la Banda de M\u00fasica de la Polic\u00eda de Mendoza \u201cCabo 1\u00b0 Gustavo Ramet\u201d y la Banda [&hellip;]<\/p>\n","protected":false},"author":27,"featured_media":0,"parent":0,"menu_order":0,"comment_status":"closed","ping_status":"closed","template":"","meta":{"_et_pb_use_builder":"on","_et_pb_old_content":"<!-- wp:paragraph {\"style\":{\"elements\":{\"link\":{\"color\":{\"text\":\"var:preset|color|black\"}}}},\"textColor\":\"black\",\"fontSize\":\"small\"} -->\n<p class=\"has-black-color has-text-color has-link-color has-small-font-size\">La Banda de M\u00fasica de la Polic\u00eda de Mendoza se puede solicitar comunic\u00e1ndose al siguiente correo electr\u00f3nico: <a href=\"mailto:jefaturadistritaluno@mendoza.gov.ar\">jefaturadistritaluno@mendoza.gov.ar<\/a>.<\/p>\n<!-- \/wp:paragraph -->\n\n<!-- wp:image {\"linkDestination\":\"custom\"} -->\n<figure class=\"wp-block-image\"><a href=\"https:\/\/www.mendoza.gov.ar\/wp-content\/uploads\/sites\/26\/2025\/03\/Formulario-SOLICITUD-1.pdf\"><img src=\"https:\/\/www.mendoza.gov.ar\/wp-content\/uploads\/sites\/26\/2025\/03\/NUEVA_IMAGEN_BANDA-700x330.jpg\" alt=\"\" \/><\/a><\/figure>\n<!-- \/wp:image -->\n\n<!-- wp:paragraph {\"style\":{\"elements\":{\"link\":{\"color\":{\"text\":\"var:preset|color|black\"}}}},\"textColor\":\"black\"} -->\n<p class=\"has-black-color has-text-color has-link-color\"><strong>El 13 de diciembre de 2022, el Senado de la provincia de Mendoza sancion\u00f3 con fuerza de Ley que la Banda de M\u00fasica de la Polic\u00eda de Mendoza \u201cCabo 1\u00b0 Gustavo Ramet\u201d y la Banda de M\u00fasica de la Polic\u00eda de Mendoza Regional Sur \u201cFelipe Rodr\u00edguez Servin\u201d. Sean declaradas PATRIMONIO CULTURAL INTANGIBLE DE LA PROVINCIA DE MENDOZA.&nbsp;<\/strong><\/p>\n<!-- \/wp:paragraph -->\n\n<!-- wp:paragraph {\"style\":{\"elements\":{\"link\":{\"color\":{\"text\":\"var:preset|color|black\"}}}},\"textColor\":\"black\"} -->\n<p class=\"has-black-color has-text-color has-link-color\">De esta manera, la Ley 9439 establece este honor para nuestras Bandas que con dedicaci\u00f3n, profesionalismo y vocaci\u00f3n de servicio, son un nexo cultural con la comunidad y el Ministerio de Seguridad y Justicia.<\/p>\n<!-- \/wp:paragraph -->\n\n<!-- wp:paragraph {\"style\":{\"elements\":{\"link\":{\"color\":{\"text\":\"var:preset|color|vivid-cyan-blue\"}}}},\"textColor\":\"vivid-cyan-blue\"} -->\n<p class=\"has-vivid-cyan-blue-color has-text-color has-link-color\"><a href=\"https:\/\/www.mendoza.gov.ar\/wp-content\/uploads\/sites\/26\/2023\/01\/DECLARACION-DE-PATRIMONIO-CULTURAL-INTANGIBLE-BANDA-DE-MUSICA-1.pdf\">Declaraci\u00f3n de Patrimonio Cultural Intangible<\/a><\/p>\n<!-- \/wp:paragraph -->\n\n<!-- wp:paragraph {\"style\":{\"elements\":{\"link\":{\"color\":{\"text\":\"var:preset|color|black\"}}}},\"textColor\":\"black\",\"fontSize\":\"medium\"} -->\n<p class=\"has-black-color has-text-color has-link-color has-medium-font-size\"><strong>RESE\u00d1A&nbsp;HIST\u00d3RICA<\/strong><\/p>\n<!-- \/wp:paragraph -->\n\n<!-- wp:paragraph {\"style\":{\"elements\":{\"link\":{\"color\":{\"text\":\"var:preset|color|black\"}}}},\"textColor\":\"black\",\"fontSize\":\"medium\"} -->\n<p class=\"has-black-color has-text-color has-link-color has-medium-font-size\"><strong>BANDA DE M\u00daSICA \u201cCABO 1\u00ba GUSTAVO RAMET\u201d<\/strong><\/p>\n<!-- \/wp:paragraph -->\n\n<!-- wp:paragraph {\"style\":{\"elements\":{\"link\":{\"color\":{\"text\":\"var:preset|color|black\"}}}},\"textColor\":\"black\"} -->\n<p class=\"has-black-color has-text-color has-link-color\">La Banda del Ministerio de Seguridad y Justicia es la m\u00e1s antigua de Mendoza, y tiene sus ra\u00edces con el mismo nacimiento de la Patria. Cada a\u00f1o, los m\u00fasicos presentan unas 300 actuaciones en la provincia, conectando con miles de ciudadanos mendocinos como del resto del pa\u00eds y extranjeros.<\/p>\n<!-- \/wp:paragraph -->\n\n<!-- wp:paragraph {\"style\":{\"elements\":{\"link\":{\"color\":{\"text\":\"var:preset|color|black\"}}}},\"textColor\":\"black\"} -->\n<p class=\"has-black-color has-text-color has-link-color\">En su trayectoria, el tes\u00f3n, el esfuerzo y el servicio a la comunidad fueron la clave para el desarrollo con que sus integrantes llevaron adelante el desempe\u00f1o musical, brindando a la comunidad un acercamiento a trav\u00e9s de la m\u00fasica en sus distintas facetas intentando respaldar diariamente la tranquilidad p\u00fablica, ofreciendo \u201cprevenci\u00f3n\u201c mediante el arte, acercando la comunidad a la polic\u00eda y la polic\u00eda a la comunidad.<\/p>\n<!-- \/wp:paragraph -->\n\n<!-- wp:paragraph {\"style\":{\"elements\":{\"link\":{\"color\":{\"text\":\"var:preset|color|black\"}}}},\"textColor\":\"black\"} -->\n<p class=\"has-black-color has-text-color has-link-color\">Importantes m\u00fasicos y directores han pasado por sus filas en estos doscientos a\u00f1os de permanencia junto a la comunidad mendocina, como el maestro Cayetano Silva quien fue autor de la mundialmente famosa MARCHA \"SAN LORENZO\"<strong>.<\/strong><\/p>\n<!-- \/wp:paragraph -->\n\n<!-- wp:paragraph {\"style\":{\"elements\":{\"link\":{\"color\":{\"text\":\"var:preset|color|black\"}}}},\"textColor\":\"black\"} -->\n<p class=\"has-black-color has-text-color has-link-color\">La labor desarrollada por esta Banda se ve recompensada por iniciativa de varios medios mendocinos, que le han otorgado importantes premios tales como: LIRA DE ORO A LA EXCELENCIA (Sindicato de M\u00fasicos de Cuyo), premio PACHAMAMA (Honorable c\u00e1mara de Legisladores ), premio ESCENARIO (Diario Uno), menci\u00f3n especial Subsecretaria de relaciones con la Comunidad, Diploma de Honor Subsecretario de Seguridad entre otros, que llenan de orgullo al Ministerio de Seguridad y Justicia y a todo el conjunto de m\u00fasicos que integran la Banda de M\u00fasica de la Polic\u00eda de Mendoza.<\/p>\n<!-- \/wp:paragraph -->\n\n<!-- wp:paragraph {\"style\":{\"elements\":{\"link\":{\"color\":{\"text\":\"var:preset|color|black\"}}}},\"textColor\":\"black\",\"fontSize\":\"medium\"} -->\n<p class=\"has-black-color has-text-color has-link-color has-medium-font-size\" id=\"block-f78aa380-7481-480a-83f6-aa50538d0df0\"><strong>CONTACTO<\/strong><\/p>\n<!-- \/wp:paragraph -->\n\n<!-- wp:paragraph {\"style\":{\"elements\":{\"link\":{\"color\":{\"text\":\"var:preset|color|black\"}}}},\"textColor\":\"black\",\"fontSize\":\"medium\"} -->\n<p class=\"has-black-color has-text-color has-link-color has-medium-font-size\" id=\"block-6e1cd8f2-c6a3-496d-adbc-6ada162b7292\"><strong>TEL\u00c9FONO: 4201802<\/strong><\/p>\n<!-- \/wp:paragraph -->\n\n<!-- wp:paragraph {\"style\":{\"elements\":{\"link\":{\"color\":{\"text\":\"var:preset|color|black\"}}}},\"textColor\":\"black\",\"fontSize\":\"medium\"} -->\n<p class=\"has-black-color has-text-color has-link-color has-medium-font-size\" id=\"block-9997f01b-e40b-4084-a30d-75fd19af53b4\"><strong>CORREO OFICIAL: <a href=\"mailto:bandamusica@mendoza.gov.ar\">bandamusica@mendoza.gov.ar<\/a><\/strong><\/p>\n<!-- \/wp:paragraph -->\n\n<!-- wp:paragraph {\"style\":{\"elements\":{\"link\":{\"color\":{\"text\":\"var:preset|color|black\"}}}},\"textColor\":\"black\",\"fontSize\":\"medium\"} -->\n<p class=\"has-black-color has-text-color has-link-color has-medium-font-size\" id=\"block-f0196426-7cf2-43f1-9a89-18db4dc455e8\"><strong>DOMICILIO: Boulogne Sur Mer 3457, Ciudad de Mendoza<\/strong>.<\/p>\n<!-- \/wp:paragraph -->\n\n<!-- wp:paragraph {\"style\":{\"elements\":{\"link\":{\"color\":{\"text\":\"var:preset|color|black\"}}}},\"textColor\":\"black\",\"fontSize\":\"medium\"} -->\n<p class=\"has-black-color has-text-color has-link-color has-medium-font-size\" id=\"block-69b52da5-39d3-40aa-87c6-449250fcc41e\"><strong>DIRECTOR:<\/strong> <strong>Subcomisario P.P. Lic. SALAZAR GALLELLI, Mauricio<\/strong><\/p>\n<!-- \/wp:paragraph -->","_et_gb_content_width":"1080","footnotes":""},"class_list":["post-388","page","type-page","status-publish","hentry"],"_links":{"self":[{"href":"https:\/\/informacionoficial.mendoza.gob.ar\/seguridadyjusticia\/wp-json\/wp\/v2\/pages\/388","targetHints":{"allow":["GET"]}}],"collection":[{"href":"https:\/\/informacionoficial.mendoza.gob.ar\/seguridadyjusticia\/wp-json\/wp\/v2\/pages"}],"about":[{"href":"https:\/\/informacionoficial.mendoza.gob.ar\/seguridadyjusticia\/wp-json\/wp\/v2\/types\/page"}],"author":[{"embeddable":true,"href":"https:\/\/informacionoficial.mendoza.gob.ar\/seguridadyjusticia\/wp-json\/wp\/v2\/users\/27"}],"replies":[{"embeddable":true,"href":"https:\/\/informacionoficial.mendoza.gob.ar\/seguridadyjusticia\/wp-json\/wp\/v2\/comments?post=388"}],"version-history":[{"count":50,"href":"https:\/\/informacionoficial.mendoza.gob.ar\/seguridadyjusticia\/wp-json\/wp\/v2\/pages\/388\/revisions"}],"predecessor-version":[{"id":2804,"href":"https:\/\/informacionoficial.mendoza.gob.ar\/seguridadyjusticia\/wp-json\/wp\/v2\/pages\/388\/revisions\/2804"}],"wp:attachment":[{"href":"https:\/\/informacionoficial.mendoza.gob.ar\/seguridadyjusticia\/wp-json\/wp\/v2\/media?parent=388"}],"curies":[{"name":"wp","href":"https:\/\/api.w.org\/{rel}","templated":true}]}}