{"id":434,"date":"2025-07-10T16:46:52","date_gmt":"2025-07-10T14:46:52","guid":{"rendered":"https:\/\/informacionoficial.mendoza.gob.ar\/seguridadyjusticia\/?page_id=434"},"modified":"2026-02-27T12:18:54","modified_gmt":"2026-02-27T15:18:54","slug":"capacitacion","status":"publish","type":"page","link":"https:\/\/informacionoficial.mendoza.gob.ar\/seguridadyjusticia\/capacitacion\/","title":{"rendered":"Capacitaci\u00f3n"},"content":{"rendered":"\n<p class=\"has-black-color has-text-color has-link-color wp-elements-e971727a6a053f671f0cb7533eb18e6b\">En el marco del plan de profesionalizaci\u00f3n de efectivos policiales, te compartimos el calendario de capacitaciones y talleres.&nbsp;<\/p>\n\n\n\n<p class=\"has-black-color has-text-color has-link-color wp-elements-35831f9a9bfc84fcb5482b61bba76de3\">Para m\u00e1s informaci\u00f3n podes comunicarte con el Departamento de Capacitaci\u00f3n al (261) 3859088 o a trav\u00e9s de&nbsp;<a href=\"mailto:departamentocapacitacion@mendoza.gov.ar\" target=\"_blank\" rel=\"noreferrer noopener\">departamentocapacitacion@mendoza.gov.ar<\/a>.<\/p>\n\n\n\n<figure class=\"wp-block-image is-resized\"><img decoding=\"async\" src=\"https:\/\/www.mendoza.gov.ar\/wp-content\/uploads\/sites\/26\/2024\/08\/ciclo_formacion_CALENDARIO.jpg\" alt=\"\" class=\"wp-image-8438\" style=\"aspect-ratio:1;width:1108px;height:auto\" \/><\/figure>\n\n\n\n<p class=\"has-black-color has-text-color has-link-color has-medium-font-size wp-elements-9ea9de3557edab6b4469dff93e6affdc\"><\/p>\n\n\n\n<hr class=\"wp-block-separator has-alpha-channel-opacity\" \/>\n\n\n\n<div style=\"height:48px\" aria-hidden=\"true\" class=\"wp-block-spacer\"><\/div>\n\n\n\n<figure class=\"wp-block-image size-large\"><img loading=\"lazy\" decoding=\"async\" width=\"819\" height=\"1024\" src=\"https:\/\/mza-dicaws-portal-uploads-media-prod.s3.amazonaws.com\/informacion-oficial\/uploads\/sites\/16\/2026\/02\/WhatsApp-Image-2026-02-27-at-11.12.12-819x1024.jpeg\" alt=\"\" class=\"wp-image-2703\" \/><\/figure>\n\n\n\n<p><\/p>\n\n\n\n<p class=\"has-black-color has-text-color has-link-color has-medium-font-size wp-elements-3c9fd9aa1ba739374f0c7f75b3631b09\"><strong>Tercera edici\u00f3n del Curso de Especializaci\u00f3n en Ciberdelitos y Evidencia Digital<\/strong><\/p>\n\n\n\n<p class=\"has-black-color has-text-color has-link-color wp-elements-0806a06fd566330fc0e05de1bf9e23af\">En el marco de las pol\u00edticas de fortalecimiento institucional y lucha contra el cibercrimen, el Ministerio de Seguridad y Justicia y el Ministerio P\u00fablico Fiscal pondr\u00e1n en marcha la tercera edici\u00f3n del Curso de Especializaci\u00f3n en Ciberdelitos y Evidencia Digital, una capacitaci\u00f3n que cuenta con certificaci\u00f3n internacional de Boston University y se dictar\u00e1 bajo modalidad presencial y virtual.<\/p>\n\n\n\n<p class=\"has-black-color has-text-color has-link-color wp-elements-a96dc636e54fe92b02a3b2af27bf0c04\">La apertura se realizar\u00e1 el pr\u00f3ximo 3 de marzo en la Universidad Champagnat y estar\u00e1 encabezada por autoridades acad\u00e9micas, policiales y judiciales de la provincia.<\/p>\n\n\n\n<p class=\"has-black-color has-text-color has-link-color has-medium-font-size wp-elements-6a98cceca5991d68387fd52db4f8be71\"><strong>Referentes internacionales disertar\u00e1n tras la apertura<\/strong><\/p>\n\n\n\n<p class=\"has-black-color has-text-color has-link-color wp-elements-e18fbf02ba08d009b356a9c34e9834e8\">Tras el acto formal, la jornada incluir\u00e1 un panel integrado por especialistas en cooperaci\u00f3n internacional, investigaci\u00f3n de criptoactivos y an\u00e1lisis de evidencia digital, con trayectoria en organismos como Interpol y Europol, adem\u00e1s de experiencia en el sector tecnol\u00f3gico especializado en trazabilidad blockchain.<\/p>\n\n\n\n<p class=\"has-black-color has-text-color has-link-color wp-elements-7a2eb95240df8050245fa59727f896a6\">Entre los expositores se destacan el mag\u00edster Rafael Garc\u00eda Borda, director general acad\u00e9mico de Cliclex y coordinador del Equipo de Criptoactivos de la Procuraci\u00f3n General ante la Suprema Corte de Justicia de la provincia de Buenos Aires; el ingeniero Adri\u00e1n Acosta, presidente del Grupo de las Am\u00e9ricas de Interpol y director general de Cibercrimen; y el doctor \u00c1lvaro Garc\u00eda, director de Operaciones Comerciales de Merkle Science, con experiencia en Europol (Cibercrimen) y exintegrante de Chainalysis<\/p>\n\n\n\n<p class=\"has-black-color has-text-color has-link-color wp-elements-28d5855bf05cdbc40878970038c69cb8\">El curso tendr\u00e1 una duraci\u00f3n de cuatro meses y est\u00e1 dirigido a personal del Ministerio P\u00fablico Fiscal, abogados, integrantes de las fuerzas de seguridad y profesionales interesados en incorporar herramientas actualizadas para la prevenci\u00f3n e investigaci\u00f3n de delitos inform\u00e1ticos.<\/p>\n\n\n\n<p class=\"has-black-color has-text-color has-link-color wp-elements-68214bbc80339afa4bdfe3b33a40c426\">La propuesta acad\u00e9mica combina contenidos te\u00f3ricos y pr\u00e1cticos, con un enfoque interdisciplinario que integra aspectos legales, psicol\u00f3gicos y de inform\u00e1tica forense. A lo largo de la capacitaci\u00f3n se abordar\u00e1 el impacto de las nuevas tecnolog\u00edas en la comisi\u00f3n de delitos, el tratamiento de la evidencia digital y las metodolog\u00edas adecuadas para su correcta incorporaci\u00f3n en procesos judiciales.<\/p>\n\n\n\n<p class=\"has-black-color has-text-color has-link-color wp-elements-3122a15b55807c45833f1b95535d03cc\">El curso es arancelado y, al finalizar, los participantes contar\u00e1n con competencias actualizadas para enfrentar los desaf\u00edos que plantean los ciberdelitos, fortaleciendo su capacidad de prevenci\u00f3n, an\u00e1lisis e intervenci\u00f3n en investigaciones vinculadas al entorno digital.<\/p>\n\n\n\n<p>Para inscripciones y m\u00e1s informaci\u00f3n, los interesados pueden completar el formulario disponible en&nbsp;<a href=\"https:\/\/forms.gle\/tUqz5GhveZsFyVbE8\" target=\"_blank\" rel=\"noreferrer noopener\">https:\/\/forms.gle\/tUqz5GhveZsFyVbE8<\/a>&nbsp;o escribir a&nbsp;<a href=\"mailto:capacitaciones@laboratoriocliclex.org\" target=\"_blank\" rel=\"noreferrer noopener\">capacitaciones@laboratoriocliclex.org<\/a>. Tambi\u00e9n se encuentran habilitados los tel\u00e9fonos +54 9 2214400613 (solo WhatsApp), +54 9 2614 16-3223 y el correo electr\u00f3nico&nbsp;<a href=\"mailto:info@cliclex.com.ar\" target=\"_blank\" rel=\"noreferrer noopener\">info@cliclex.com.ar<\/a>.<\/p>\n\n\n\n<p class=\"has-black-color has-text-color has-link-color has-medium-font-size wp-elements-5475f24cf08ce9d8b6e55bc596ce3342\"><strong>Expositores<\/strong><\/p>\n\n\n\n<p class=\"has-black-color has-text-color has-link-color has-medium-font-size wp-elements-744bcc18cfdad75f29849c710be4cfa5\"><em>Magister Rafael Garc\u00eda Borda<\/em><\/p>\n\n\n\n<p class=\"has-black-color has-text-color has-link-color wp-elements-a64512371431abf0e02d70056f130021\">Director General Acad\u00e9mico de Cliclex, coordinador del Equipo de Criptoactivos de la Procuraci\u00f3n General ante la Suprema Corte de Justicia de la provincia de Buenos Aires. Especialista en investigaci\u00f3n judicial de criptoactivos, trazabilidad blockchain y evidencia digital aplicada al proceso penal. Referente en articulaci\u00f3n entre tecnolog\u00eda y sistema judicial.<\/p>\n\n\n\n<p class=\"has-black-color has-text-color has-link-color has-medium-font-size wp-elements-91607842e2970d3823f9d5b2d0160b21\"><em>Ingeniero Adri\u00e1n Acosta<\/em><\/p>\n\n\n\n<p class=\"has-black-color has-text-color has-link-color wp-elements-25764b2abf2eda8feceafa8a826feeff\">Presidente del Grupo de las Am\u00e9ricas de Interpol. Director General de Cibercrimen. Experto en cooperaci\u00f3n internacional en ciberdelito, investigaciones transnacionales y coordinaci\u00f3n estrat\u00e9gica entre agencias de seguridad del continente.<\/p>\n\n\n\n<p class=\"has-black-color has-text-color has-link-color has-medium-font-size wp-elements-87be25cbbe92ee67b7685ea10579ae15\"><em>Doctor \u00c1lvaro Garc\u00eda<\/em><\/p>\n\n\n\n<p class=\"has-black-color has-text-color has-link-color wp-elements-328821247cdf5deff09fe84a306e2579\">Director de Operaciones Comerciales \u2013 Merkle Science. Experiencia en Europol (Cibercrimen). Ex Chainalysis. Especialista en an\u00e1lisis blockchain, prevenci\u00f3n de lavado con criptoactivos e inteligencia financiera digital aplicada a investigaciones complejas.<\/p>\n\n\n\n<p class=\"has-black-color has-text-color has-link-color has-small-font-size wp-elements-fda5219e57c5e39af04793b491c56396\"><\/p>\n\n\n\n<p class=\"has-black-color has-text-color has-link-color wp-elements-9ac00cf961d1ea846fe5a532228b76c6\"><\/p>\n","protected":false},"excerpt":{"rendered":"<p>En el marco del plan de profesionalizaci\u00f3n de efectivos policiales, te compartimos el calendario de capacitaciones y talleres.&nbsp; Para m\u00e1s informaci\u00f3n podes comunicarte con el Departamento de Capacitaci\u00f3n al (261) 3859088 o a trav\u00e9s de&nbsp;departamentocapacitacion@mendoza.gov.ar. Tercera edici\u00f3n del Curso de Especializaci\u00f3n en Ciberdelitos y Evidencia Digital En el marco de las pol\u00edticas de fortalecimiento institucional [&hellip;]<\/p>\n","protected":false},"author":52,"featured_media":0,"parent":0,"menu_order":0,"comment_status":"closed","ping_status":"closed","template":"","meta":{"_et_pb_use_builder":"","_et_pb_old_content":"","_et_gb_content_width":"1080","footnotes":""},"class_list":["post-434","page","type-page","status-publish","hentry"],"_links":{"self":[{"href":"https:\/\/informacionoficial.mendoza.gob.ar\/seguridadyjusticia\/wp-json\/wp\/v2\/pages\/434","targetHints":{"allow":["GET"]}}],"collection":[{"href":"https:\/\/informacionoficial.mendoza.gob.ar\/seguridadyjusticia\/wp-json\/wp\/v2\/pages"}],"about":[{"href":"https:\/\/informacionoficial.mendoza.gob.ar\/seguridadyjusticia\/wp-json\/wp\/v2\/types\/page"}],"author":[{"embeddable":true,"href":"https:\/\/informacionoficial.mendoza.gob.ar\/seguridadyjusticia\/wp-json\/wp\/v2\/users\/52"}],"replies":[{"embeddable":true,"href":"https:\/\/informacionoficial.mendoza.gob.ar\/seguridadyjusticia\/wp-json\/wp\/v2\/comments?post=434"}],"version-history":[{"count":33,"href":"https:\/\/informacionoficial.mendoza.gob.ar\/seguridadyjusticia\/wp-json\/wp\/v2\/pages\/434\/revisions"}],"predecessor-version":[{"id":2707,"href":"https:\/\/informacionoficial.mendoza.gob.ar\/seguridadyjusticia\/wp-json\/wp\/v2\/pages\/434\/revisions\/2707"}],"wp:attachment":[{"href":"https:\/\/informacionoficial.mendoza.gob.ar\/seguridadyjusticia\/wp-json\/wp\/v2\/media?parent=434"}],"curies":[{"name":"wp","href":"https:\/\/api.w.org\/{rel}","templated":true}]}}