{"id":538,"date":"2025-06-04T19:15:57","date_gmt":"2025-06-04T17:15:57","guid":{"rendered":"https:\/\/informacionoficial.mendoza.gob.ar\/seguridadyjusticia\/?page_id=538"},"modified":"2025-08-13T18:09:55","modified_gmt":"2025-08-13T16:09:55","slug":"resolucion-de-conflicto-2","status":"publish","type":"page","link":"https:\/\/informacionoficial.mendoza.gob.ar\/seguridadyjusticia\/resolucion-de-conflicto-2\/","title":{"rendered":"Resoluci\u00f3n de Conflictos"},"content":{"rendered":"[et_pb_section fb_built=\u00bb1&#8243; admin_label=\u00bbsection\u00bb _builder_version=\u00bb4.16&#8243; global_colors_info=\u00bb{}\u00bb][et_pb_row admin_label=\u00bbrow\u00bb _builder_version=\u00bb4.16&#8243; background_size=\u00bbinitial\u00bb background_position=\u00bbtop_left\u00bb background_repeat=\u00bbrepeat\u00bb global_colors_info=\u00bb{}\u00bb][et_pb_column type=\u00bb4_4&#8243; _builder_version=\u00bb4.16&#8243; custom_padding=\u00bb|||\u00bb global_colors_info=\u00bb{}\u00bb custom_padding__hover=\u00bb|||\u00bb][et_pb_post_title _builder_version=\u00bb4.27.4&#8243; _module_preset=\u00bbdefault\u00bb meta=\u00bboff\u00bb featured_image=\u00bboff\u00bb hover_enabled=\u00bb0&#8243; sticky_enabled=\u00bb0&#8243;][\/et_pb_post_title][et_pb_text admin_label=\u00bbText\u00bb _builder_version=\u00bb4.16&#8243; background_size=\u00bbinitial\u00bb background_position=\u00bbtop_left\u00bb background_repeat=\u00bbrepeat\u00bb global_colors_info=\u00bb{}\u00bb]\n<p class=\"has-black-color has-text-color has-link-color wp-elements-e0871722977b64e1815288ffe57fb877\" style=\"font-size:14px\">La mediaci\u00f3n comunitaria es un servicio gratuito, voluntario, que no requiere de asistencia letrada. A trav\u00e9s de un tercero neutral que participa como mediador, se asiste a las partes para ayudarlas a modificar la din\u00e1mica de la relaci\u00f3n conflictiva, producto de la convivencia. se utiliza el dialogo como medio para reforzar la cultura de la pacificaci\u00f3n.<\/p>\n\n\n\n<p class=\"has-black-color has-text-color has-link-color wp-elements-1d19773e8e894e5e9e27d6d6f7bd6bf2\"><strong>Objetivo Espec\u00edfico<\/strong><\/p>\n\n\n\n<p class=\"has-black-color has-text-color has-link-color wp-elements-a94ed2153847f2cd9f01ff9f1089d524\" style=\"font-size:14px\">Generar un espacio de resoluci\u00f3n de conflictos para la comunidad con metodolog\u00edas alternativas, para la pacificaci\u00f3n social.<strong><\/strong><\/p>\n\n\n\n<p class=\"has-black-color has-text-color has-link-color wp-elements-6181ec76956292c157d6edfb6f42545f\"><strong>Objetivos secundarios<\/strong>:&nbsp;<\/p>\n\n\n\n<p class=\"has-black-color has-text-color has-link-color wp-elements-498c889d44b00c7566bfbc9ac608583b\" style=\"font-size:14px\">Fomentar la difusi\u00f3n de los M\u00e9todos Alternativos, con distintas estrategias de comunicaci\u00f3n; capacitar al personal policial y civil en M\u00e9todos Alternativos de Resoluci\u00f3n de Conflictos; disminuir los niveles de violencia en la comunidad a trav\u00e9s de estos m\u00e9todos.<strong><\/strong><\/p>\n\n\n\n<p class=\"has-black-color has-text-color has-link-color wp-elements-58e6d2787e3f20ad382a774981e16549\"><strong>Actividades<\/strong><\/p>\n\n\n\n<p class=\"has-black-color has-text-color has-link-color wp-elements-c59d743e0e8ec03a73cc89b4c57b5af0\" style=\"font-size:14px\">El \u00e1rea utiliza\u00a0los m\u00e9todos alternativos de resoluci\u00f3n de conflictos en todos los casos que voluntariamente lo solicite, cualquier persona de la comunidad, as\u00ed como\u00a0 todos aquellos que fueran derivados por el Juzgado de Faltas, Oficinas Fiscales, Comisarias, tambi\u00e9n\u00a0 casos derivados desde el 911 para trabajar en territorio ej. usurpaciones, manifestaciones, etc\u00e9tera.  En el caso de mediaciones comunales se\u00a0realiza un acta en el cual las partes acuerdan la soluci\u00f3n a su conflicto, el cual es firmado por ellas y por el mediador; este es un proceso voluntario, confidencial y libre; el beneficio m\u00e1s importante es que tanto la justicia como las personas que intervienen ahorran recursos, tiempo y dinero.<\/p>\n\n\n\n<p class=\"has-black-color has-text-color has-link-color wp-elements-0e63c4c0d1ef945fcc6ab89d920ea05c\"><strong>\u00bfC\u00f3mo funciona?<\/strong><\/p>\n\n\n\n<p class=\"has-black-color has-text-color has-link-color wp-elements-3854ed1a30b0291e27d4b8d6e4970fe5\" style=\"font-size:14px\">El mediador facilita la comunicaci\u00f3n entre las partes que intervienen en la mediaci\u00f3n y las acompa\u00f1a en la b\u00fasqueda de soluciones mutuamente satisfactoria al conflicto que los vincula. A partir de opciones y propuestas sugeridas por los propios interesados, se logran convenios que tienen el alcance de acuerdos privados.<\/p>\n\n\n\n<p class=\"has-black-color has-text-color has-link-color wp-elements-f54e3f579653f5c39a37c8f290a6d1d7\" style=\"font-size:14px\">El \u00e1rea de resoluci\u00f3n de conflictos trata abordajes complejos, son situaciones de emergencias que necesitan resolverse con urgencia. Muchas veces se emplean diferentes mecanismos y herramientas para poder llegar a una soluci\u00f3n satisfactoria. Problemas de violencia en barrios, a partir de hechos delictivos graves (homicidios, violaciones, etc\u00e9tera) Cortes de ruta (piquetes), encadenamientos, reclamos, usurpaciones de barrios, etc. Si bien no son mediaciones propiamente dichas, el equipo acude a efectos de brindar alternativas de soluci\u00f3n. Muchas veces se comparten los abordajes con personal del Grupo de Resoluci\u00f3n de Incidentes y Secuestros\u00a0(GRIS). En casos de toma de rehenes, peligros de muerte, etc\u00e9tera.<\/p>\n\n\n\n<p class=\"has-black-color has-text-color has-link-color wp-elements-36667e08fc3e4f8114a8242808ccf3fb\" style=\"font-size:14px\"><strong>\u00bfQu\u00e9 casos pueden ser mediables?<\/strong><\/p>\n\n\n\n<ul class=\"wp-block-list\">\n<li class=\"has-black-color has-text-color has-link-color wp-elements-fdc8e29a109bf8c979f759ba68390240\" style=\"font-size:14px\">Cuestiones edilicias (medianeras, filtraciones, mantenimiento edilicio)<\/li>\n\n\n\n<li class=\"has-black-color has-text-color has-link-color wp-elements-d08f820c6e06a5d964a21eb63fa8932c\" style=\"font-size:14px\">Temas referidos a normas de edificios, o planeamiento urbano<\/li>\n\n\n\n<li class=\"has-black-color has-text-color has-link-color wp-elements-ef60f82f5c12fb2962277b6c4e181e3a\" style=\"font-size:14px\">Invasi\u00f3n de especies arb\u00f3reas<\/li>\n\n\n\n<li class=\"has-black-color has-text-color has-link-color wp-elements-e7b77b849be884810393fc11a9589570\" style=\"font-size:14px\">Problemas de consorcio (expensas, mantenimiento, etc.)<\/li>\n\n\n\n<li class=\"has-black-color has-text-color has-link-color wp-elements-a35f27b9c5517cf80326a4ce1d80d713\" style=\"font-size:14px\">Problemas relacionales o de convivencia: discriminaci\u00f3n, falta de respeto mutuo, representantes negativos, violencia en el discurso y en la acci\u00f3n, invasi\u00f3n visual o sonora, olores desagradables)<\/li>\n\n\n\n<li class=\"has-black-color has-text-color has-link-color wp-elements-96edcee158ca71f29a09ab3a6c7c1a5c\" style=\"font-size:14px\">Uso de espacios comunes<\/li>\n\n\n\n<li class=\"has-black-color has-text-color has-link-color wp-elements-434d95f4280db285daab13047d5125eb\" style=\"font-size:14px\">Tenencia de animales dom\u00e9sticos<\/li>\n\n\n\n<li class=\"has-black-color has-text-color has-link-color wp-elements-e14e0fabdf48f7d68dbea2d9b2e1dda1\" style=\"font-size:14px\">Disfuncionalidad en la comunicaci\u00f3n<\/li>\n\n\n\n<li class=\"has-black-color has-text-color has-link-color wp-elements-24033535d5fda50fde3a536b2f3b131a\" style=\"font-size:14px\">Uso del espacio p\u00fablico<\/li>\n\n\n\n<li class=\"has-black-color has-text-color has-link-color wp-elements-2db434aa28b095b0db90714a1511b9a2\" style=\"font-size:14px\">Asentamientos<\/li>\n\n\n\n<li class=\"has-black-color has-text-color has-link-color wp-elements-5f0ed7b3b0ecffb45eff116abc056e07\" style=\"font-size:14px\">Usurpaci\u00f3n de viviendas<\/li>\n<\/ul>\n\n\n\n<p class=\"has-black-color has-text-color has-link-color wp-elements-810b68447ea202f46bd4fbab9bf43b3b\">\u00bf<strong>Qu\u00e9 casos no son mediables?<\/strong><\/p>\n\n\n\n<ul class=\"wp-block-list\">\n<li class=\"has-black-color has-text-color has-link-color wp-elements-1d14ed8e3cf956c43cf0ba82265ea5e1\" style=\"font-size:14px\">Cuando existe violencia excesiva.<\/li>\n\n\n\n<li class=\"has-black-color has-text-color has-link-color wp-elements-434591011b3bc77f6f6ee7afaa8fa16a\" style=\"font-size:14px\">Pluralidad de diferentes reclamos por un mismo vecino (recurrencia en los conflictos)<\/li>\n\n\n\n<li class=\"has-black-color has-text-color has-link-color wp-elements-6ae7d34914c1df8be4703889388d04d2\" style=\"font-size:14px\">Existencia de alta conflictividad.<\/li>\n\n\n\n<li class=\"has-black-color has-text-color has-link-color wp-elements-d4b7d2985f92f594cec7d14d6cbc7273\" style=\"font-size:14px\">Problem\u00e1tica de larga data.<\/li>\n\n\n\n<li class=\"has-black-color has-text-color has-link-color wp-elements-67e6b10f5187b80c3e8cfcde0a5121ce\" style=\"font-size:14px\">En situaciones de posibles delitos de acci\u00f3n p\u00fablica (maltratos de menores, mujeres golpeadas, lesiones, hurtos, robos, etc.)<\/li>\n\n\n\n<li class=\"has-black-color has-text-color has-link-color wp-elements-16861714123bf934d67cc7b2d656f9a9\" style=\"font-size:14px\">Por motivo de tem\u00e1tica de competencia exclusiva u excluyentes de la administraci\u00f3n comunal.<\/li>\n<\/ul>\n\n\n\n<p class=\"has-black-color has-text-color has-link-color wp-elements-2e604b466c7a9e16c796f74d3a4f3310\"><strong>\u00bfD\u00f3nde se brinda el servicio?<\/strong><\/p>\n\n\n\n<p class=\"has-black-color has-text-color has-link-color wp-elements-37a0df1b5c083597bf0757de65efe1e2\" style=\"font-size:14px\">Los interesados deben asistir al \u00e1rea de resoluci\u00f3n de conflictos, dependiente de la Direcci\u00f3n General de Relaciones con la Comunidad del Ministerio de Seguridad y Justicia de lunes a viernes entre las 8 y las 20 horas, donde personal especializado lo asesorara para llevar adelante la mediaci\u00f3n o lo&nbsp;derivar\u00e1 (si el caso no puede ser mediado) al organismo que corresponda, para intentar solucionar su problema.<\/p>\n\n\n\n<p class=\"has-black-color has-text-color has-link-color wp-elements-9b313e9c3e8cbad19145eb365ddc2691\"><strong>Contacto: <a href=\"mailto:cefarias@mendoza.gov.ar\">cefarias@mendoza.gov.ar<\/a>\u00a0<\/strong><\/p>\n[\/et_pb_text][\/et_pb_column][\/et_pb_row][\/et_pb_section]","protected":false},"excerpt":{"rendered":"<p>La mediaci\u00f3n comunitaria es un servicio gratuito, voluntario, que no requiere de asistencia letrada. A trav\u00e9s de un tercero neutral que participa como mediador, se asiste a las partes para ayudarlas a modificar la din\u00e1mica de la relaci\u00f3n conflictiva, producto de la convivencia. se utiliza el dialogo como medio para reforzar la cultura de la [&hellip;]<\/p>\n","protected":false},"author":26,"featured_media":0,"parent":0,"menu_order":0,"comment_status":"closed","ping_status":"closed","template":"","meta":{"_et_pb_use_builder":"on","_et_pb_old_content":"<!-- wp:paragraph {\"style\":{\"elements\":{\"link\":{\"color\":{\"text\":\"var:preset|color|black\"}}},\"typography\":{\"fontSize\":\"14px\"}},\"textColor\":\"black\"} -->\n<p class=\"has-black-color has-text-color has-link-color\" style=\"font-size:14px\">La mediaci\u00f3n comunitaria es un servicio gratuito, voluntario, que no requiere de asistencia letrada. A trav\u00e9s de un tercero neutral que participa como mediador, se asiste a las partes para ayudarlas a modificar la din\u00e1mica de la relaci\u00f3n conflictiva, producto de la convivencia. se utiliza el dialogo como medio para reforzar la cultura de la pacificaci\u00f3n.<\/p>\n<!-- \/wp:paragraph -->\n\n<!-- wp:paragraph {\"style\":{\"elements\":{\"link\":{\"color\":{\"text\":\"var:preset|color|black\"}}}},\"textColor\":\"black\"} -->\n<p class=\"has-black-color has-text-color has-link-color\"><strong>Objetivo Espec\u00edfico<\/strong><\/p>\n<!-- \/wp:paragraph -->\n\n<!-- wp:paragraph {\"style\":{\"elements\":{\"link\":{\"color\":{\"text\":\"var:preset|color|black\"}}},\"typography\":{\"fontSize\":\"14px\"}},\"textColor\":\"black\"} -->\n<p class=\"has-black-color has-text-color has-link-color\" style=\"font-size:14px\">Generar un espacio de resoluci\u00f3n de conflictos para la comunidad con metodolog\u00edas alternativas, para la pacificaci\u00f3n social.<strong><\/strong><\/p>\n<!-- \/wp:paragraph -->\n\n<!-- wp:paragraph {\"style\":{\"elements\":{\"link\":{\"color\":{\"text\":\"var:preset|color|black\"}}}},\"textColor\":\"black\"} -->\n<p class=\"has-black-color has-text-color has-link-color\"><strong>Objetivos secundarios<\/strong>:&nbsp;<\/p>\n<!-- \/wp:paragraph -->\n\n<!-- wp:paragraph {\"style\":{\"elements\":{\"link\":{\"color\":{\"text\":\"var:preset|color|black\"}}},\"typography\":{\"fontSize\":\"14px\"}},\"textColor\":\"black\"} -->\n<p class=\"has-black-color has-text-color has-link-color\" style=\"font-size:14px\">Fomentar la difusi\u00f3n de los M\u00e9todos Alternativos, con distintas estrategias de comunicaci\u00f3n; capacitar al personal policial y civil en M\u00e9todos Alternativos de Resoluci\u00f3n de Conflictos; disminuir los niveles de violencia en la comunidad a trav\u00e9s de estos m\u00e9todos.<strong><\/strong><\/p>\n<!-- \/wp:paragraph -->\n\n<!-- wp:paragraph {\"style\":{\"elements\":{\"link\":{\"color\":{\"text\":\"var:preset|color|black\"}}}},\"textColor\":\"black\"} -->\n<p class=\"has-black-color has-text-color has-link-color\"><strong>Actividades<\/strong><\/p>\n<!-- \/wp:paragraph -->\n\n<!-- wp:paragraph {\"style\":{\"elements\":{\"link\":{\"color\":{\"text\":\"var:preset|color|black\"}}},\"typography\":{\"fontSize\":\"14px\"}},\"textColor\":\"black\"} -->\n<p class=\"has-black-color has-text-color has-link-color\" style=\"font-size:14px\">El \u00e1rea utiliza\u00a0los m\u00e9todos alternativos de resoluci\u00f3n de conflictos en todos los casos que voluntariamente lo solicite, cualquier persona de la comunidad, as\u00ed como\u00a0 todos aquellos que fueran derivados por el Juzgado de Faltas, Oficinas Fiscales, Comisarias, tambi\u00e9n\u00a0 casos derivados desde el 911 para trabajar en territorio ej. usurpaciones, manifestaciones, etc\u00e9tera.  En el caso de mediaciones comunales se\u00a0realiza un acta en el cual las partes acuerdan la soluci\u00f3n a su conflicto, el cual es firmado por ellas y por el mediador; este es un proceso voluntario, confidencial y libre; el beneficio m\u00e1s importante es que tanto la justicia como las personas que intervienen ahorran recursos, tiempo y dinero.<\/p>\n<!-- \/wp:paragraph -->\n\n<!-- wp:paragraph {\"style\":{\"elements\":{\"link\":{\"color\":{\"text\":\"var:preset|color|black\"}}}},\"textColor\":\"black\"} -->\n<p class=\"has-black-color has-text-color has-link-color\"><strong>\u00bfC\u00f3mo funciona?<\/strong><\/p>\n<!-- \/wp:paragraph -->\n\n<!-- wp:paragraph {\"style\":{\"elements\":{\"link\":{\"color\":{\"text\":\"var:preset|color|black\"}}},\"typography\":{\"fontSize\":\"14px\"}},\"textColor\":\"black\"} -->\n<p class=\"has-black-color has-text-color has-link-color\" style=\"font-size:14px\">El mediador facilita la comunicaci\u00f3n entre las partes que intervienen en la mediaci\u00f3n y las acompa\u00f1a en la b\u00fasqueda de soluciones mutuamente satisfactoria al conflicto que los vincula. A partir de opciones y propuestas sugeridas por los propios interesados, se logran convenios que tienen el alcance de acuerdos privados.<\/p>\n<!-- \/wp:paragraph -->\n\n<!-- wp:paragraph {\"style\":{\"elements\":{\"link\":{\"color\":{\"text\":\"var:preset|color|black\"}}},\"typography\":{\"fontSize\":\"14px\"}},\"textColor\":\"black\"} -->\n<p class=\"has-black-color has-text-color has-link-color\" style=\"font-size:14px\">El \u00e1rea de resoluci\u00f3n de conflictos trata abordajes complejos, son situaciones de emergencias que necesitan resolverse con urgencia. Muchas veces se emplean diferentes mecanismos y herramientas para poder llegar a una soluci\u00f3n satisfactoria. Problemas de violencia en barrios, a partir de hechos delictivos graves (homicidios, violaciones, etc\u00e9tera) Cortes de ruta (piquetes), encadenamientos, reclamos, usurpaciones de barrios, etc. Si bien no son mediaciones propiamente dichas, el equipo acude a efectos de brindar alternativas de soluci\u00f3n. Muchas veces se comparten los abordajes con personal del Grupo de Resoluci\u00f3n de Incidentes y Secuestros\u00a0(GRIS). En casos de toma de rehenes, peligros de muerte, etc\u00e9tera.<\/p>\n<!-- \/wp:paragraph -->\n\n<!-- wp:paragraph {\"style\":{\"elements\":{\"link\":{\"color\":{\"text\":\"var:preset|color|black\"}}},\"typography\":{\"fontSize\":\"14px\"}},\"textColor\":\"black\"} -->\n<p class=\"has-black-color has-text-color has-link-color\" style=\"font-size:14px\"><strong>\u00bfQu\u00e9 casos pueden ser mediables?<\/strong><\/p>\n<!-- \/wp:paragraph -->\n\n<!-- wp:list -->\n<ul class=\"wp-block-list\"><!-- wp:list-item {\"style\":{\"elements\":{\"link\":{\"color\":{\"text\":\"var:preset|color|black\"}}},\"typography\":{\"fontSize\":\"14px\"}},\"textColor\":\"black\"} -->\n<li class=\"has-black-color has-text-color has-link-color\" style=\"font-size:14px\">Cuestiones edilicias (medianeras, filtraciones, mantenimiento edilicio)<\/li>\n<!-- \/wp:list-item -->\n\n<!-- wp:list-item {\"style\":{\"elements\":{\"link\":{\"color\":{\"text\":\"var:preset|color|black\"}}},\"typography\":{\"fontSize\":\"14px\"}},\"textColor\":\"black\"} -->\n<li class=\"has-black-color has-text-color has-link-color\" style=\"font-size:14px\">Temas referidos a normas de edificios, o planeamiento urbano<\/li>\n<!-- \/wp:list-item -->\n\n<!-- wp:list-item {\"style\":{\"elements\":{\"link\":{\"color\":{\"text\":\"var:preset|color|black\"}}},\"typography\":{\"fontSize\":\"14px\"}},\"textColor\":\"black\"} -->\n<li class=\"has-black-color has-text-color has-link-color\" style=\"font-size:14px\">Invasi\u00f3n de especies arb\u00f3reas<\/li>\n<!-- \/wp:list-item -->\n\n<!-- wp:list-item {\"style\":{\"elements\":{\"link\":{\"color\":{\"text\":\"var:preset|color|black\"}}},\"typography\":{\"fontSize\":\"14px\"}},\"textColor\":\"black\"} -->\n<li class=\"has-black-color has-text-color has-link-color\" style=\"font-size:14px\">Problemas de consorcio (expensas, mantenimiento, etc.)<\/li>\n<!-- \/wp:list-item -->\n\n<!-- wp:list-item {\"style\":{\"elements\":{\"link\":{\"color\":{\"text\":\"var:preset|color|black\"}}},\"typography\":{\"fontSize\":\"14px\"}},\"textColor\":\"black\"} -->\n<li class=\"has-black-color has-text-color has-link-color\" style=\"font-size:14px\">Problemas relacionales o de convivencia: discriminaci\u00f3n, falta de respeto mutuo, representantes negativos, violencia en el discurso y en la acci\u00f3n, invasi\u00f3n visual o sonora, olores desagradables)<\/li>\n<!-- \/wp:list-item -->\n\n<!-- wp:list-item {\"style\":{\"elements\":{\"link\":{\"color\":{\"text\":\"var:preset|color|black\"}}},\"typography\":{\"fontSize\":\"14px\"}},\"textColor\":\"black\"} -->\n<li class=\"has-black-color has-text-color has-link-color\" style=\"font-size:14px\">Uso de espacios comunes<\/li>\n<!-- \/wp:list-item -->\n\n<!-- wp:list-item {\"style\":{\"elements\":{\"link\":{\"color\":{\"text\":\"var:preset|color|black\"}}},\"typography\":{\"fontSize\":\"14px\"}},\"textColor\":\"black\"} -->\n<li class=\"has-black-color has-text-color has-link-color\" style=\"font-size:14px\">Tenencia de animales dom\u00e9sticos<\/li>\n<!-- \/wp:list-item -->\n\n<!-- wp:list-item {\"style\":{\"elements\":{\"link\":{\"color\":{\"text\":\"var:preset|color|black\"}}},\"typography\":{\"fontSize\":\"14px\"}},\"textColor\":\"black\"} -->\n<li class=\"has-black-color has-text-color has-link-color\" style=\"font-size:14px\">Disfuncionalidad en la comunicaci\u00f3n<\/li>\n<!-- \/wp:list-item -->\n\n<!-- wp:list-item {\"style\":{\"elements\":{\"link\":{\"color\":{\"text\":\"var:preset|color|black\"}}},\"typography\":{\"fontSize\":\"14px\"}},\"textColor\":\"black\"} -->\n<li class=\"has-black-color has-text-color has-link-color\" style=\"font-size:14px\">Uso del espacio p\u00fablico<\/li>\n<!-- \/wp:list-item -->\n\n<!-- wp:list-item {\"style\":{\"elements\":{\"link\":{\"color\":{\"text\":\"var:preset|color|black\"}}},\"typography\":{\"fontSize\":\"14px\"}},\"textColor\":\"black\"} -->\n<li class=\"has-black-color has-text-color has-link-color\" style=\"font-size:14px\">Asentamientos<\/li>\n<!-- \/wp:list-item -->\n\n<!-- wp:list-item {\"style\":{\"elements\":{\"link\":{\"color\":{\"text\":\"var:preset|color|black\"}}},\"typography\":{\"fontSize\":\"14px\"}},\"textColor\":\"black\"} -->\n<li class=\"has-black-color has-text-color has-link-color\" style=\"font-size:14px\">Usurpaci\u00f3n de viviendas<\/li>\n<!-- \/wp:list-item --><\/ul>\n<!-- \/wp:list -->\n\n<!-- wp:paragraph {\"style\":{\"elements\":{\"link\":{\"color\":{\"text\":\"var:preset|color|black\"}}}},\"textColor\":\"black\"} -->\n<p class=\"has-black-color has-text-color has-link-color\">\u00bf<strong>Qu\u00e9 casos no son mediables?<\/strong><\/p>\n<!-- \/wp:paragraph -->\n\n<!-- wp:list -->\n<ul class=\"wp-block-list\"><!-- wp:list-item {\"style\":{\"elements\":{\"link\":{\"color\":{\"text\":\"var:preset|color|black\"}}},\"typography\":{\"fontSize\":\"14px\"}},\"textColor\":\"black\"} -->\n<li class=\"has-black-color has-text-color has-link-color\" style=\"font-size:14px\">Cuando existe violencia excesiva.<\/li>\n<!-- \/wp:list-item -->\n\n<!-- wp:list-item {\"style\":{\"elements\":{\"link\":{\"color\":{\"text\":\"var:preset|color|black\"}}},\"typography\":{\"fontSize\":\"14px\"}},\"textColor\":\"black\"} -->\n<li class=\"has-black-color has-text-color has-link-color\" style=\"font-size:14px\">Pluralidad de diferentes reclamos por un mismo vecino (recurrencia en los conflictos)<\/li>\n<!-- \/wp:list-item -->\n\n<!-- wp:list-item {\"style\":{\"elements\":{\"link\":{\"color\":{\"text\":\"var:preset|color|black\"}}},\"typography\":{\"fontSize\":\"14px\"}},\"textColor\":\"black\"} -->\n<li class=\"has-black-color has-text-color has-link-color\" style=\"font-size:14px\">Existencia de alta conflictividad.<\/li>\n<!-- \/wp:list-item -->\n\n<!-- wp:list-item {\"style\":{\"elements\":{\"link\":{\"color\":{\"text\":\"var:preset|color|black\"}}},\"typography\":{\"fontSize\":\"14px\"}},\"textColor\":\"black\"} -->\n<li class=\"has-black-color has-text-color has-link-color\" style=\"font-size:14px\">Problem\u00e1tica de larga data.<\/li>\n<!-- \/wp:list-item -->\n\n<!-- wp:list-item {\"style\":{\"elements\":{\"link\":{\"color\":{\"text\":\"var:preset|color|black\"}}},\"typography\":{\"fontSize\":\"14px\"}},\"textColor\":\"black\"} -->\n<li class=\"has-black-color has-text-color has-link-color\" style=\"font-size:14px\">En situaciones de posibles delitos de acci\u00f3n p\u00fablica (maltratos de menores, mujeres golpeadas, lesiones, hurtos, robos, etc.)<\/li>\n<!-- \/wp:list-item -->\n\n<!-- wp:list-item {\"style\":{\"elements\":{\"link\":{\"color\":{\"text\":\"var:preset|color|black\"}}},\"typography\":{\"fontSize\":\"14px\"}},\"textColor\":\"black\"} -->\n<li class=\"has-black-color has-text-color has-link-color\" style=\"font-size:14px\">Por motivo de tem\u00e1tica de competencia exclusiva u excluyentes de la administraci\u00f3n comunal.<\/li>\n<!-- \/wp:list-item --><\/ul>\n<!-- \/wp:list -->\n\n<!-- wp:paragraph {\"style\":{\"elements\":{\"link\":{\"color\":{\"text\":\"var:preset|color|black\"}}}},\"textColor\":\"black\"} -->\n<p class=\"has-black-color has-text-color has-link-color\"><strong>\u00bfD\u00f3nde se brinda el servicio?<\/strong><\/p>\n<!-- \/wp:paragraph -->\n\n<!-- wp:paragraph {\"style\":{\"elements\":{\"link\":{\"color\":{\"text\":\"var:preset|color|black\"}}},\"typography\":{\"fontSize\":\"14px\"}},\"textColor\":\"black\"} -->\n<p class=\"has-black-color has-text-color has-link-color\" style=\"font-size:14px\">Los interesados deben asistir al \u00e1rea de resoluci\u00f3n de conflictos, dependiente de la Direcci\u00f3n General de Relaciones con la Comunidad del Ministerio de Seguridad y Justicia de lunes a viernes entre las 8 y las 20 horas, donde personal especializado lo asesorara para llevar adelante la mediaci\u00f3n o lo&nbsp;derivar\u00e1 (si el caso no puede ser mediado) al organismo que corresponda, para intentar solucionar su problema.<\/p>\n<!-- \/wp:paragraph -->\n\n<!-- wp:paragraph {\"style\":{\"elements\":{\"link\":{\"color\":{\"text\":\"var:preset|color|black\"}}}},\"textColor\":\"black\"} -->\n<p class=\"has-black-color has-text-color has-link-color\"><strong>Contacto: <a href=\"mailto:cefarias@mendoza.gov.ar\">cefarias@mendoza.gov.ar<\/a>\u00a0<\/strong><\/p>\n<!-- \/wp:paragraph -->","_et_gb_content_width":"1080","footnotes":""},"class_list":["post-538","page","type-page","status-publish","hentry"],"_links":{"self":[{"href":"https:\/\/informacionoficial.mendoza.gob.ar\/seguridadyjusticia\/wp-json\/wp\/v2\/pages\/538","targetHints":{"allow":["GET"]}}],"collection":[{"href":"https:\/\/informacionoficial.mendoza.gob.ar\/seguridadyjusticia\/wp-json\/wp\/v2\/pages"}],"about":[{"href":"https:\/\/informacionoficial.mendoza.gob.ar\/seguridadyjusticia\/wp-json\/wp\/v2\/types\/page"}],"author":[{"embeddable":true,"href":"https:\/\/informacionoficial.mendoza.gob.ar\/seguridadyjusticia\/wp-json\/wp\/v2\/users\/26"}],"replies":[{"embeddable":true,"href":"https:\/\/informacionoficial.mendoza.gob.ar\/seguridadyjusticia\/wp-json\/wp\/v2\/comments?post=538"}],"version-history":[{"count":10,"href":"https:\/\/informacionoficial.mendoza.gob.ar\/seguridadyjusticia\/wp-json\/wp\/v2\/pages\/538\/revisions"}],"predecessor-version":[{"id":1814,"href":"https:\/\/informacionoficial.mendoza.gob.ar\/seguridadyjusticia\/wp-json\/wp\/v2\/pages\/538\/revisions\/1814"}],"wp:attachment":[{"href":"https:\/\/informacionoficial.mendoza.gob.ar\/seguridadyjusticia\/wp-json\/wp\/v2\/media?parent=538"}],"curies":[{"name":"wp","href":"https:\/\/api.w.org\/{rel}","templated":true}]}}