{"id":544,"date":"2025-06-04T19:41:17","date_gmt":"2025-06-04T17:41:17","guid":{"rendered":"https:\/\/informacionoficial.mendoza.gob.ar\/seguridadyjusticia\/?page_id=544"},"modified":"2025-08-13T18:11:10","modified_gmt":"2025-08-13T16:11:10","slug":"p-re-d-i","status":"publish","type":"page","link":"https:\/\/informacionoficial.mendoza.gob.ar\/seguridadyjusticia\/p-re-d-i\/","title":{"rendered":"P.Re.D.I."},"content":{"rendered":"[et_pb_section fb_built=\u00bb1&#8243; admin_label=\u00bbsection\u00bb _builder_version=\u00bb4.16&#8243; global_colors_info=\u00bb{}\u00bb][et_pb_row admin_label=\u00bbrow\u00bb _builder_version=\u00bb4.16&#8243; background_size=\u00bbinitial\u00bb background_position=\u00bbtop_left\u00bb background_repeat=\u00bbrepeat\u00bb global_colors_info=\u00bb{}\u00bb][et_pb_column type=\u00bb4_4&#8243; _builder_version=\u00bb4.16&#8243; custom_padding=\u00bb|||\u00bb global_colors_info=\u00bb{}\u00bb custom_padding__hover=\u00bb|||\u00bb][et_pb_post_title _builder_version=\u00bb4.27.4&#8243; _module_preset=\u00bbdefault\u00bb meta=\u00bboff\u00bb featured_image=\u00bboff\u00bb hover_enabled=\u00bb0&#8243; sticky_enabled=\u00bb0&#8243; locked=\u00bboff\u00bb][\/et_pb_post_title][et_pb_text admin_label=\u00bbText\u00bb _builder_version=\u00bb4.16&#8243; background_size=\u00bbinitial\u00bb background_position=\u00bbtop_left\u00bb background_repeat=\u00bbrepeat\u00bb global_colors_info=\u00bb{}\u00bb]\n<p class=\"has-black-color has-text-color has-link-color has-medium-font-size wp-elements-8289811b6132cc99d4b42931f17a650c\"><strong>Programa de Recuperaci\u00f3n de Documento de Identidad<\/strong><\/p>\n\n\n\n<p class=\"has-black-color has-text-color has-link-color wp-elements-17ebf63ae0f358e2b67b6636c6b5d8e4\" style=\"font-size:14px\">Se trata de un programa que permite descongestionar la gran cantidad de DNI que se encuentran en dependencias policiales, hospitales p\u00fablicos y privados y l\u00edneas de colectivos, etc\u00e9tera. Adem\u00e1s de crear una red interprovincial de recuperaci\u00f3n de documentos extraviados para contribuir sobre todo con el turismo interno y los problemas que se generan por extravi\u00f3 o robo de documentaci\u00f3n.<\/p>\n\n\n\n<p class=\"has-text-align-left has-black-color has-text-color has-link-color wp-elements-158ada2bab1d71da9920c7b1e02b2803\" style=\"font-size:14px\"><strong>Objetivos <\/strong><\/p>\n\n\n\n<p class=\"has-black-color has-text-color has-link-color wp-elements-03fc9391b8cb1acbd561a9d1c0acead0\" style=\"font-size:14px\">Recuperar documentos extraviados.<\/p>\n\n\n\n<p class=\"has-black-color has-text-color has-link-color wp-elements-2a55cd1309daf574607f42f97ce75596\" style=\"font-size:14px\">Contribuir con los ciudadanos en la recuperaci\u00f3n de su identidad.<\/p>\n\n\n\n<p class=\"has-black-color has-text-color has-link-color wp-elements-aa3ddf29b362e9e8da61a403d09a05f7\" style=\"font-size:14px\">Favorecer la seguridad personal ayudando a los ciudadanos a estar identificados.<\/p>\n\n\n\n<p class=\"has-black-color has-text-color has-link-color wp-elements-00c9bf422c2de84aac1f8e29fcae387c\" style=\"font-size:14px\">Sistematizar los datos de personas con falta de documentaci\u00f3n.<\/p>\n\n\n\n<p class=\"has-black-color has-text-color has-link-color wp-elements-88b45fa27692d04c72a5d195a401b24c\" style=\"font-size:14px\"><strong>Objetivos a largo plazo<\/strong><\/p>\n\n\n\n<p class=\"has-black-color has-text-color has-link-color wp-elements-2a9176fc8e973d42453dd35e51f5fb55\" style=\"font-size:14px\">-Generar un sistema digital cruzado y\/o articulado con otras instituciones para contar con una base de datos unificada a nivel nacional<\/p>\n\n\n\n<p class=\"has-black-color has-text-color has-link-color wp-elements-c906153f0acf9ebb824dec3af8e770dc\" style=\"font-size:14px\">-Difundir y capacitar en forma constante, sobre todo al personal policial, en cuanto a los objetivos y metodolog\u00eda del programa, de forma que participen y compartan su experiencia, para su correcto funcionamiento<\/p>\n\n\n\n<p class=\"has-black-color has-text-color has-link-color wp-elements-f860cad04942310e1e6378952f482ee4\" style=\"font-size:14px\"><strong>Actividades<\/strong><\/p>\n\n\n\n<p class=\"has-black-color has-text-color has-link-color wp-elements-666ec5ba6f5d3823acaafb73a54e90bf\" style=\"font-size:14px\">Recuperaci\u00f3n de documentaci\u00f3n personal extraviada o que haya sido robada y encontrada en la v\u00eda p\u00fablica, ya sea por personal policial, quienes la entregan en las dependencias a las cuales pertenecen, o por civiles, quienes las pueden entregar en cualquier dependencia policial o Ministerio de Seguridad&nbsp; Por lo tanto, todas las dependencias de la Provincia de Mendoza tienen la obligaci\u00f3n de remitir toda la documentaci\u00f3n que poseen a la oficina del P.RE.D.I., donde se concentra, organiza, clasifica y se entrega dicha documentaci\u00f3n.<\/p>\n\n\n\n<p class=\"has-black-color has-text-color has-link-color wp-elements-499194b10146ede0aa25998a866c118e\" style=\"font-size:14px\">Recibida la comunicaci\u00f3n telef\u00f3nica o notificaci\u00f3n, el titular deber\u00e1 presentarse en la oficina del PREDI con fotocopia y original de alg\u00fan documento que acredite su identidad.\u00a0 El Programa tambi\u00e9n coordina acciones con dependencias de otras Localidades y Provincias para la entrega de documentaci\u00f3n a titulares que se encuentran con dificultades para su b\u00fasqueda.<\/p>\n\n\n\n<p class=\"has-black-color has-text-color has-link-color wp-elements-2f5e6987a9634cdcd6d3b786c6f948f3\" style=\"font-size:14px\">La documentaci\u00f3n permanece en el PREDI durante seis meses, pasado ese lapso de tiempo, la documentaci\u00f3n que no ha sido entregada al titular se anula y se le da de baja. Luego se lleva al Registro Civil de Casa de Gobierno, para su destrucci\u00f3n.<\/p>\n\n\n\n<p class=\"has-black-color has-text-color has-link-color wp-elements-89ad27df7b00d1727a4cf0e239622947\" style=\"font-size:14px\"><strong>Contactos: <a href=\"mailto:cefarias@mendoza.gov.ar\">cefarias@mendoza.gov.ar<\/a><\/strong><\/p>\n\n\n\n<p><\/p>\n\n\n\n<p><\/p>\n\n\n\n<p><\/p>\n[\/et_pb_text][\/et_pb_column][\/et_pb_row][\/et_pb_section]","protected":false},"excerpt":{"rendered":"<p>Programa de Recuperaci\u00f3n de Documento de Identidad Se trata de un programa que permite descongestionar la gran cantidad de DNI que se encuentran en dependencias policiales, hospitales p\u00fablicos y privados y l\u00edneas de colectivos, etc\u00e9tera. Adem\u00e1s de crear una red interprovincial de recuperaci\u00f3n de documentos extraviados para contribuir sobre todo con el turismo interno y [&hellip;]<\/p>\n","protected":false},"author":26,"featured_media":0,"parent":0,"menu_order":0,"comment_status":"closed","ping_status":"closed","template":"","meta":{"_et_pb_use_builder":"on","_et_pb_old_content":"<!-- wp:paragraph {\"style\":{\"elements\":{\"link\":{\"color\":{\"text\":\"var:preset|color|black\"}}}},\"textColor\":\"black\",\"fontSize\":\"medium\"} -->\n<p class=\"has-black-color has-text-color has-link-color has-medium-font-size\"><strong>Programa de Recuperaci\u00f3n de Documento de Identidad<\/strong><\/p>\n<!-- \/wp:paragraph -->\n\n<!-- wp:paragraph {\"style\":{\"elements\":{\"link\":{\"color\":{\"text\":\"var:preset|color|black\"}}},\"typography\":{\"fontSize\":\"14px\"}},\"textColor\":\"black\"} -->\n<p class=\"has-black-color has-text-color has-link-color\" style=\"font-size:14px\">Se trata de un programa que permite descongestionar la gran cantidad de DNI que se encuentran en dependencias policiales, hospitales p\u00fablicos y privados y l\u00edneas de colectivos, etc\u00e9tera. Adem\u00e1s de crear una red interprovincial de recuperaci\u00f3n de documentos extraviados para contribuir sobre todo con el turismo interno y los problemas que se generan por extravi\u00f3 o robo de documentaci\u00f3n.<\/p>\n<!-- \/wp:paragraph -->\n\n<!-- wp:paragraph {\"align\":\"left\",\"style\":{\"elements\":{\"link\":{\"color\":{\"text\":\"var:preset|color|black\"}}},\"typography\":{\"fontSize\":\"14px\"}},\"textColor\":\"black\"} -->\n<p class=\"has-text-align-left has-black-color has-text-color has-link-color\" style=\"font-size:14px\"><strong>Objetivos <\/strong><\/p>\n<!-- \/wp:paragraph -->\n\n<!-- wp:paragraph {\"style\":{\"elements\":{\"link\":{\"color\":{\"text\":\"var:preset|color|black\"}}},\"typography\":{\"fontSize\":\"14px\"}},\"textColor\":\"black\"} -->\n<p class=\"has-black-color has-text-color has-link-color\" style=\"font-size:14px\">Recuperar documentos extraviados.<\/p>\n<!-- \/wp:paragraph -->\n\n<!-- wp:paragraph {\"style\":{\"elements\":{\"link\":{\"color\":{\"text\":\"var:preset|color|black\"}}},\"typography\":{\"fontSize\":\"14px\"}},\"textColor\":\"black\"} -->\n<p class=\"has-black-color has-text-color has-link-color\" style=\"font-size:14px\">Contribuir con los ciudadanos en la recuperaci\u00f3n de su identidad.<\/p>\n<!-- \/wp:paragraph -->\n\n<!-- wp:paragraph {\"style\":{\"elements\":{\"link\":{\"color\":{\"text\":\"var:preset|color|black\"}}},\"typography\":{\"fontSize\":\"14px\"}},\"textColor\":\"black\"} -->\n<p class=\"has-black-color has-text-color has-link-color\" style=\"font-size:14px\">Favorecer la seguridad personal ayudando a los ciudadanos a estar identificados.<\/p>\n<!-- \/wp:paragraph -->\n\n<!-- wp:paragraph {\"style\":{\"elements\":{\"link\":{\"color\":{\"text\":\"var:preset|color|black\"}}},\"typography\":{\"fontSize\":\"14px\"}},\"textColor\":\"black\"} -->\n<p class=\"has-black-color has-text-color has-link-color\" style=\"font-size:14px\">Sistematizar los datos de personas con falta de documentaci\u00f3n.<\/p>\n<!-- \/wp:paragraph -->\n\n<!-- wp:paragraph {\"style\":{\"elements\":{\"link\":{\"color\":{\"text\":\"var:preset|color|black\"}}},\"typography\":{\"fontSize\":\"14px\"}},\"textColor\":\"black\"} -->\n<p class=\"has-black-color has-text-color has-link-color\" style=\"font-size:14px\"><strong>Objetivos a largo plazo<\/strong><\/p>\n<!-- \/wp:paragraph -->\n\n<!-- wp:paragraph {\"style\":{\"elements\":{\"link\":{\"color\":{\"text\":\"var:preset|color|black\"}}},\"typography\":{\"fontSize\":\"14px\"}},\"textColor\":\"black\"} -->\n<p class=\"has-black-color has-text-color has-link-color\" style=\"font-size:14px\">-Generar un sistema digital cruzado y\/o articulado con otras instituciones para contar con una base de datos unificada a nivel nacional<\/p>\n<!-- \/wp:paragraph -->\n\n<!-- wp:paragraph {\"style\":{\"elements\":{\"link\":{\"color\":{\"text\":\"var:preset|color|black\"}}},\"typography\":{\"fontSize\":\"14px\"}},\"textColor\":\"black\"} -->\n<p class=\"has-black-color has-text-color has-link-color\" style=\"font-size:14px\">-Difundir y capacitar en forma constante, sobre todo al personal policial, en cuanto a los objetivos y metodolog\u00eda del programa, de forma que participen y compartan su experiencia, para su correcto funcionamiento<\/p>\n<!-- \/wp:paragraph -->\n\n<!-- wp:paragraph {\"style\":{\"elements\":{\"link\":{\"color\":{\"text\":\"var:preset|color|black\"}}},\"typography\":{\"fontSize\":\"14px\"}},\"textColor\":\"black\"} -->\n<p class=\"has-black-color has-text-color has-link-color\" style=\"font-size:14px\"><strong>Actividades<\/strong><\/p>\n<!-- \/wp:paragraph -->\n\n<!-- wp:paragraph {\"style\":{\"elements\":{\"link\":{\"color\":{\"text\":\"var:preset|color|black\"}}},\"typography\":{\"fontSize\":\"14px\"}},\"textColor\":\"black\"} -->\n<p class=\"has-black-color has-text-color has-link-color\" style=\"font-size:14px\">Recuperaci\u00f3n de documentaci\u00f3n personal extraviada o que haya sido robada y encontrada en la v\u00eda p\u00fablica, ya sea por personal policial, quienes la entregan en las dependencias a las cuales pertenecen, o por civiles, quienes las pueden entregar en cualquier dependencia policial o Ministerio de Seguridad&nbsp; Por lo tanto, todas las dependencias de la Provincia de Mendoza tienen la obligaci\u00f3n de remitir toda la documentaci\u00f3n que poseen a la oficina del P.RE.D.I., donde se concentra, organiza, clasifica y se entrega dicha documentaci\u00f3n.<\/p>\n<!-- \/wp:paragraph -->\n\n<!-- wp:paragraph {\"style\":{\"elements\":{\"link\":{\"color\":{\"text\":\"var:preset|color|black\"}}},\"typography\":{\"fontSize\":\"14px\"}},\"textColor\":\"black\"} -->\n<p class=\"has-black-color has-text-color has-link-color\" style=\"font-size:14px\">Recibida la comunicaci\u00f3n telef\u00f3nica o notificaci\u00f3n, el titular deber\u00e1 presentarse en la oficina del PREDI con fotocopia y original de alg\u00fan documento que acredite su identidad.\u00a0 El Programa tambi\u00e9n coordina acciones con dependencias de otras Localidades y Provincias para la entrega de documentaci\u00f3n a titulares que se encuentran con dificultades para su b\u00fasqueda.<\/p>\n<!-- \/wp:paragraph -->\n\n<!-- wp:paragraph {\"style\":{\"elements\":{\"link\":{\"color\":{\"text\":\"var:preset|color|black\"}}},\"typography\":{\"fontSize\":\"14px\"}},\"textColor\":\"black\"} -->\n<p class=\"has-black-color has-text-color has-link-color\" style=\"font-size:14px\">La documentaci\u00f3n permanece en el PREDI durante seis meses, pasado ese lapso de tiempo, la documentaci\u00f3n que no ha sido entregada al titular se anula y se le da de baja. Luego se lleva al Registro Civil de Casa de Gobierno, para su destrucci\u00f3n.<\/p>\n<!-- \/wp:paragraph -->\n\n<!-- wp:paragraph {\"style\":{\"elements\":{\"link\":{\"color\":{\"text\":\"var:preset|color|black\"}}},\"typography\":{\"fontSize\":\"14px\"}},\"textColor\":\"black\"} -->\n<p class=\"has-black-color has-text-color has-link-color\" style=\"font-size:14px\"><strong>Contactos: <a href=\"mailto:cefarias@mendoza.gov.ar\">cefarias@mendoza.gov.ar<\/a><\/strong><\/p>\n<!-- \/wp:paragraph -->\n\n<!-- wp:paragraph -->\n<p><\/p>\n<!-- \/wp:paragraph -->\n\n<!-- wp:paragraph -->\n<p><\/p>\n<!-- \/wp:paragraph -->\n\n<!-- wp:paragraph -->\n<p><\/p>\n<!-- \/wp:paragraph -->","_et_gb_content_width":"1080","footnotes":""},"class_list":["post-544","page","type-page","status-publish","hentry"],"_links":{"self":[{"href":"https:\/\/informacionoficial.mendoza.gob.ar\/seguridadyjusticia\/wp-json\/wp\/v2\/pages\/544","targetHints":{"allow":["GET"]}}],"collection":[{"href":"https:\/\/informacionoficial.mendoza.gob.ar\/seguridadyjusticia\/wp-json\/wp\/v2\/pages"}],"about":[{"href":"https:\/\/informacionoficial.mendoza.gob.ar\/seguridadyjusticia\/wp-json\/wp\/v2\/types\/page"}],"author":[{"embeddable":true,"href":"https:\/\/informacionoficial.mendoza.gob.ar\/seguridadyjusticia\/wp-json\/wp\/v2\/users\/26"}],"replies":[{"embeddable":true,"href":"https:\/\/informacionoficial.mendoza.gob.ar\/seguridadyjusticia\/wp-json\/wp\/v2\/comments?post=544"}],"version-history":[{"count":16,"href":"https:\/\/informacionoficial.mendoza.gob.ar\/seguridadyjusticia\/wp-json\/wp\/v2\/pages\/544\/revisions"}],"predecessor-version":[{"id":1818,"href":"https:\/\/informacionoficial.mendoza.gob.ar\/seguridadyjusticia\/wp-json\/wp\/v2\/pages\/544\/revisions\/1818"}],"wp:attachment":[{"href":"https:\/\/informacionoficial.mendoza.gob.ar\/seguridadyjusticia\/wp-json\/wp\/v2\/media?parent=544"}],"curies":[{"name":"wp","href":"https:\/\/api.w.org\/{rel}","templated":true}]}}