{"id":548,"date":"2025-06-04T20:33:57","date_gmt":"2025-06-04T18:33:57","guid":{"rendered":"https:\/\/informacionoficial.mendoza.gob.ar\/seguridadyjusticia\/?page_id=548"},"modified":"2025-08-13T18:12:06","modified_gmt":"2025-08-13T16:12:06","slug":"programa-escuela-segura","status":"publish","type":"page","link":"https:\/\/informacionoficial.mendoza.gob.ar\/seguridadyjusticia\/programa-escuela-segura\/","title":{"rendered":"Escuela Segura"},"content":{"rendered":"[et_pb_section fb_built=\u00bb1&#8243; admin_label=\u00bbsection\u00bb _builder_version=\u00bb4.16&#8243; global_colors_info=\u00bb{}\u00bb][et_pb_row admin_label=\u00bbrow\u00bb _builder_version=\u00bb4.16&#8243; background_size=\u00bbinitial\u00bb background_position=\u00bbtop_left\u00bb background_repeat=\u00bbrepeat\u00bb global_colors_info=\u00bb{}\u00bb][et_pb_column type=\u00bb4_4&#8243; _builder_version=\u00bb4.16&#8243; custom_padding=\u00bb|||\u00bb global_colors_info=\u00bb{}\u00bb custom_padding__hover=\u00bb|||\u00bb][et_pb_post_title _builder_version=\u00bb4.27.4&#8243; _module_preset=\u00bbdefault\u00bb meta=\u00bboff\u00bb featured_image=\u00bboff\u00bb hover_enabled=\u00bb0&#8243; sticky_enabled=\u00bb0&#8243; locked=\u00bboff\u00bb][\/et_pb_post_title][et_pb_text admin_label=\u00bbText\u00bb _builder_version=\u00bb4.16&#8243; background_size=\u00bbinitial\u00bb background_position=\u00bbtop_left\u00bb background_repeat=\u00bbrepeat\u00bb global_colors_info=\u00bb{}\u00bb]\n<p class=\"has-black-color has-text-color has-link-color wp-elements-70cba817b53c87e6b6557c890b0c4de5\" style=\"font-size:14px\">El programa se estructura a partir de ejes tem\u00e1ticos que se adaptan a las caracter\u00edsticas, demandas y particularidades de cada comunidad escolar. Su abordaje es flexible, contextual y con enfoque preventivo. Los principales ejes de intervenci\u00f3n son:<\/p>\n\n\n\n<ul class=\"wp-block-list\">\n<li class=\"has-black-color has-text-color has-link-color wp-elements-a27962779479fd6569a7bd1c04581f45\" style=\"font-size:14px\"><strong>Pr\u00e1cticas de cuidado y prevenci\u00f3n en seguridad personal:<\/strong> se busca fomentar la conciencia sobre el autocuidado ante situaciones de riesgo, promoviendo el uso adecuado de los recursos institucionales de asistencia y emergencia, como los servicios 911, 102 y 144. Se apunta a la toma de decisiones responsables y el fortalecimiento de la autonom\u00eda en ni\u00f1as, ni\u00f1os y adolescentes.<\/li>\n\n\n\n<li class=\"has-black-color has-text-color has-link-color wp-elements-29650f5625d07a2b4f2650195e495566\" style=\"font-size:14px\"><strong>C\u00f3digo de Contravenciones de la Provincia de Mendoza:<\/strong> se introduce el marco normativo vigente con una perspectiva educativa y preventiva, para comprender los alcances de las normas de convivencia y las consecuencias de su transgresi\u00f3n, favoreciendo procesos reflexivos m\u00e1s que punitivos.<\/li>\n\n\n\n<li class=\"has-black-color has-text-color has-link-color wp-elements-38fcb98eaa60aff721d10f9c3ad7b841\" style=\"font-size:14px\"><strong>Prevenci\u00f3n de ciberdelitos y violencia digital:<\/strong> se aborda la problem\u00e1tica del uso riesgoso de redes sociales, grooming, acoso digital y otras pr\u00e1cticas que afectan la integridad ps\u00edquica, emocional y f\u00edsica de ni\u00f1as, ni\u00f1os y adolescentes. Se brinda informaci\u00f3n sobre canales de denuncia, tales como la l\u00ednea 137.<\/li>\n<\/ul>\n\n\n\n<p class=\"has-black-color has-text-color has-link-color wp-elements-df28bc33032032dc3ef7ed73d06558f7\"><strong>Objetivo General<\/strong><\/p>\n\n\n\n<p class=\"has-black-color has-text-color has-link-color wp-elements-7798529fa51cd6ed335329096bb862f0\" style=\"font-size:14px\">Dise\u00f1ar e implementar estrategias preventivas situadas, construidas en consenso con la comunidad educativa, orientadas a la promoci\u00f3n de entornos escolares seguros. El programa busca identificar factores de riesgo socio ambiental vinculados al contexto escolar y fortalecer capacidades institucionales y comunitarias para la prevenci\u00f3n de situaciones que vulneren los derechos de ni\u00f1as, ni\u00f1os y adolescentes. Asimismo, se propone sensibilizar a los diferentes actores escolares sobre pr\u00e1cticas de cuidado y medidas de seguridad ciudadana.<\/p>\n\n\n\n<p class=\"has-black-color has-text-color has-link-color wp-elements-7582e3ae8c31b41d6f8c2609e6faf503\" style=\"font-size:14px\"><strong>Objetivos Espec\u00edficos<\/strong><\/p>\n\n\n\n<ul class=\"wp-block-list\">\n<li class=\"has-black-color has-text-color has-link-color wp-elements-b57df432b569e925a9c8b6c8bbc7f488\" style=\"font-size:14px\">Promover el desarrollo de una cultura de la prevenci\u00f3n y el autocuidado dentro del \u00e1mbito escolar.<\/li>\n\n\n\n<li class=\"has-black-color has-text-color has-link-color wp-elements-c4aadb02e64b0b5d7764ac53624e55d2\" style=\"font-size:14px\">Identificar de manera temprana situaciones de riesgo, violencia o vulnerabilidad que afecten a la comunidad educativa.<\/li>\n\n\n\n<li class=\"has-black-color has-text-color has-link-color wp-elements-ad66af0dec36c9e413df007c444754b3\" style=\"font-size:14px\">Brindar herramientas legales, institucionales y pedag\u00f3gicas para el abordaje preventivo de problem\u00e1ticas vinculadas a la seguridad.<\/li>\n<\/ul>\n\n\n\n<p class=\"has-black-color has-text-color has-link-color wp-elements-f860cad04942310e1e6378952f482ee4\" style=\"font-size:14px\"><strong>Actividades<\/strong><\/p>\n\n\n\n<p class=\"has-black-color has-text-color has-link-color wp-elements-2493ef179e3e1dc75a7ff2d8057a6e37\" style=\"font-size:14px\">El programa est\u00e1 destinado a estudiantes de nivel primario (6\u00ba y 7\u00ba grado) y nivel secundario (1\u00ba y 2\u00ba a\u00f1o) de instituciones p\u00fablicas y privadas. Se implementa mediante charlas-taller en el aula<strong>, <\/strong>con una metodolog\u00eda participativa, adaptada al contexto social y comunitario de cada establecimiento. Las actividades est\u00e1n orientadas al fortalecimiento de la ciudadan\u00eda activa, el ejercicio de derechos y la construcci\u00f3n de v\u00ednculos escolares basados en el respeto y el cuidado mutuo.<\/p>\n\n\n\n<p class=\"has-black-color has-text-color has-link-color wp-elements-bc0269f347d31a79a2c5b9cc85127681\" style=\"font-size:14px\">Para garantizar el desarrollo adecuado de cada encuentro, se solicita que est\u00e9 presente el\/la docente a cargo del curso o el personal designado por la instituci\u00f3n, a fin de acompa\u00f1ar la din\u00e1mica del grupo y facilitar la posterior continuidad del trabajo en el aula.<\/p>\n\n\n\n<p class=\"has-black-color has-text-color has-link-color wp-elements-ac4dbd6749b6e859bfbd5e19fb2fc490\" style=\"font-size:14px\"><strong>Contacto: <a href=\"mailto:mycoria@mendoza.gov.ar\">mycoria@mendoza.gov.ar<\/a><\/strong><\/p>\n[\/et_pb_text][\/et_pb_column][\/et_pb_row][\/et_pb_section]","protected":false},"excerpt":{"rendered":"<p>El programa se estructura a partir de ejes tem\u00e1ticos que se adaptan a las caracter\u00edsticas, demandas y particularidades de cada comunidad escolar. Su abordaje es flexible, contextual y con enfoque preventivo. Los principales ejes de intervenci\u00f3n son: Pr\u00e1cticas de cuidado y prevenci\u00f3n en seguridad personal: se busca fomentar la conciencia sobre el autocuidado ante situaciones [&hellip;]<\/p>\n","protected":false},"author":26,"featured_media":0,"parent":0,"menu_order":0,"comment_status":"closed","ping_status":"closed","template":"","meta":{"_et_pb_use_builder":"on","_et_pb_old_content":"<!-- wp:paragraph {\"style\":{\"elements\":{\"link\":{\"color\":{\"text\":\"var:preset|color|black\"}}},\"typography\":{\"fontSize\":\"14px\"}},\"textColor\":\"black\"} -->\n<p class=\"has-black-color has-text-color has-link-color\" style=\"font-size:14px\">El programa se estructura a partir de ejes tem\u00e1ticos que se adaptan a las caracter\u00edsticas, demandas y particularidades de cada comunidad escolar. Su abordaje es flexible, contextual y con enfoque preventivo. Los principales ejes de intervenci\u00f3n son:<\/p>\n<!-- \/wp:paragraph -->\n\n<!-- wp:list -->\n<ul class=\"wp-block-list\"><!-- wp:list-item {\"style\":{\"elements\":{\"link\":{\"color\":{\"text\":\"var:preset|color|black\"}}},\"typography\":{\"fontSize\":\"14px\"}},\"textColor\":\"black\"} -->\n<li class=\"has-black-color has-text-color has-link-color\" style=\"font-size:14px\"><strong>Pr\u00e1cticas de cuidado y prevenci\u00f3n en seguridad personal:<\/strong> se busca fomentar la conciencia sobre el autocuidado ante situaciones de riesgo, promoviendo el uso adecuado de los recursos institucionales de asistencia y emergencia, como los servicios 911, 102 y 144. Se apunta a la toma de decisiones responsables y el fortalecimiento de la autonom\u00eda en ni\u00f1as, ni\u00f1os y adolescentes.<\/li>\n<!-- \/wp:list-item -->\n\n<!-- wp:list-item {\"style\":{\"elements\":{\"link\":{\"color\":{\"text\":\"var:preset|color|black\"}}},\"typography\":{\"fontSize\":\"14px\"}},\"textColor\":\"black\"} -->\n<li class=\"has-black-color has-text-color has-link-color\" style=\"font-size:14px\"><strong>C\u00f3digo de Contravenciones de la Provincia de Mendoza:<\/strong> se introduce el marco normativo vigente con una perspectiva educativa y preventiva, para comprender los alcances de las normas de convivencia y las consecuencias de su transgresi\u00f3n, favoreciendo procesos reflexivos m\u00e1s que punitivos.<\/li>\n<!-- \/wp:list-item -->\n\n<!-- wp:list-item {\"style\":{\"elements\":{\"link\":{\"color\":{\"text\":\"var:preset|color|black\"}}},\"typography\":{\"fontSize\":\"14px\"}},\"textColor\":\"black\"} -->\n<li class=\"has-black-color has-text-color has-link-color\" style=\"font-size:14px\"><strong>Prevenci\u00f3n de ciberdelitos y violencia digital:<\/strong> se aborda la problem\u00e1tica del uso riesgoso de redes sociales, grooming, acoso digital y otras pr\u00e1cticas que afectan la integridad ps\u00edquica, emocional y f\u00edsica de ni\u00f1as, ni\u00f1os y adolescentes. Se brinda informaci\u00f3n sobre canales de denuncia, tales como la l\u00ednea 137.<\/li>\n<!-- \/wp:list-item --><\/ul>\n<!-- \/wp:list -->\n\n<!-- wp:paragraph {\"style\":{\"elements\":{\"link\":{\"color\":{\"text\":\"var:preset|color|black\"}}}},\"textColor\":\"black\"} -->\n<p class=\"has-black-color has-text-color has-link-color\"><strong>Objetivo General<\/strong><\/p>\n<!-- \/wp:paragraph -->\n\n<!-- wp:paragraph {\"style\":{\"elements\":{\"link\":{\"color\":{\"text\":\"var:preset|color|black\"}}},\"typography\":{\"fontSize\":\"14px\"}},\"textColor\":\"black\"} -->\n<p class=\"has-black-color has-text-color has-link-color\" style=\"font-size:14px\">Dise\u00f1ar e implementar estrategias preventivas situadas, construidas en consenso con la comunidad educativa, orientadas a la promoci\u00f3n de entornos escolares seguros. El programa busca identificar factores de riesgo socio ambiental vinculados al contexto escolar y fortalecer capacidades institucionales y comunitarias para la prevenci\u00f3n de situaciones que vulneren los derechos de ni\u00f1as, ni\u00f1os y adolescentes. Asimismo, se propone sensibilizar a los diferentes actores escolares sobre pr\u00e1cticas de cuidado y medidas de seguridad ciudadana.<\/p>\n<!-- \/wp:paragraph -->\n\n<!-- wp:paragraph {\"style\":{\"elements\":{\"link\":{\"color\":{\"text\":\"var:preset|color|black\"}}},\"typography\":{\"fontSize\":\"14px\"}},\"textColor\":\"black\"} -->\n<p class=\"has-black-color has-text-color has-link-color\" style=\"font-size:14px\"><strong>Objetivos Espec\u00edficos<\/strong><\/p>\n<!-- \/wp:paragraph -->\n\n<!-- wp:list -->\n<ul class=\"wp-block-list\"><!-- wp:list-item {\"style\":{\"elements\":{\"link\":{\"color\":{\"text\":\"var:preset|color|black\"}}},\"typography\":{\"fontSize\":\"14px\"}},\"textColor\":\"black\"} -->\n<li class=\"has-black-color has-text-color has-link-color\" style=\"font-size:14px\">Promover el desarrollo de una cultura de la prevenci\u00f3n y el autocuidado dentro del \u00e1mbito escolar.<\/li>\n<!-- \/wp:list-item -->\n\n<!-- wp:list-item {\"style\":{\"elements\":{\"link\":{\"color\":{\"text\":\"var:preset|color|black\"}}},\"typography\":{\"fontSize\":\"14px\"}},\"textColor\":\"black\"} -->\n<li class=\"has-black-color has-text-color has-link-color\" style=\"font-size:14px\">Identificar de manera temprana situaciones de riesgo, violencia o vulnerabilidad que afecten a la comunidad educativa.<\/li>\n<!-- \/wp:list-item -->\n\n<!-- wp:list-item {\"style\":{\"elements\":{\"link\":{\"color\":{\"text\":\"var:preset|color|black\"}}},\"typography\":{\"fontSize\":\"14px\"}},\"textColor\":\"black\"} -->\n<li class=\"has-black-color has-text-color has-link-color\" style=\"font-size:14px\">Brindar herramientas legales, institucionales y pedag\u00f3gicas para el abordaje preventivo de problem\u00e1ticas vinculadas a la seguridad.<\/li>\n<!-- \/wp:list-item --><\/ul>\n<!-- \/wp:list -->\n\n<!-- wp:paragraph {\"style\":{\"elements\":{\"link\":{\"color\":{\"text\":\"var:preset|color|black\"}}},\"typography\":{\"fontSize\":\"14px\"}},\"textColor\":\"black\"} -->\n<p class=\"has-black-color has-text-color has-link-color\" style=\"font-size:14px\"><strong>Actividades<\/strong><\/p>\n<!-- \/wp:paragraph -->\n\n<!-- wp:paragraph {\"style\":{\"elements\":{\"link\":{\"color\":{\"text\":\"var:preset|color|black\"}}},\"typography\":{\"fontSize\":\"14px\"}},\"textColor\":\"black\"} -->\n<p class=\"has-black-color has-text-color has-link-color\" style=\"font-size:14px\">El programa est\u00e1 destinado a estudiantes de nivel primario (6\u00ba y 7\u00ba grado) y nivel secundario (1\u00ba y 2\u00ba a\u00f1o) de instituciones p\u00fablicas y privadas. Se implementa mediante charlas-taller en el aula<strong>, <\/strong>con una metodolog\u00eda participativa, adaptada al contexto social y comunitario de cada establecimiento. Las actividades est\u00e1n orientadas al fortalecimiento de la ciudadan\u00eda activa, el ejercicio de derechos y la construcci\u00f3n de v\u00ednculos escolares basados en el respeto y el cuidado mutuo.<\/p>\n<!-- \/wp:paragraph -->\n\n<!-- wp:paragraph {\"style\":{\"elements\":{\"link\":{\"color\":{\"text\":\"var:preset|color|black\"}}},\"typography\":{\"fontSize\":\"14px\"}},\"textColor\":\"black\"} -->\n<p class=\"has-black-color has-text-color has-link-color\" style=\"font-size:14px\">Para garantizar el desarrollo adecuado de cada encuentro, se solicita que est\u00e9 presente el\/la docente a cargo del curso o el personal designado por la instituci\u00f3n, a fin de acompa\u00f1ar la din\u00e1mica del grupo y facilitar la posterior continuidad del trabajo en el aula.<\/p>\n<!-- \/wp:paragraph -->\n\n<!-- wp:paragraph {\"style\":{\"elements\":{\"link\":{\"color\":{\"text\":\"var:preset|color|black\"}}},\"typography\":{\"fontSize\":\"14px\"}},\"textColor\":\"black\"} -->\n<p class=\"has-black-color has-text-color has-link-color\" style=\"font-size:14px\"><strong>Contacto: <a href=\"mailto:mycoria@mendoza.gov.ar\">mycoria@mendoza.gov.ar<\/a><\/strong><\/p>\n<!-- \/wp:paragraph -->","_et_gb_content_width":"1080","footnotes":""},"class_list":["post-548","page","type-page","status-publish","hentry"],"_links":{"self":[{"href":"https:\/\/informacionoficial.mendoza.gob.ar\/seguridadyjusticia\/wp-json\/wp\/v2\/pages\/548","targetHints":{"allow":["GET"]}}],"collection":[{"href":"https:\/\/informacionoficial.mendoza.gob.ar\/seguridadyjusticia\/wp-json\/wp\/v2\/pages"}],"about":[{"href":"https:\/\/informacionoficial.mendoza.gob.ar\/seguridadyjusticia\/wp-json\/wp\/v2\/types\/page"}],"author":[{"embeddable":true,"href":"https:\/\/informacionoficial.mendoza.gob.ar\/seguridadyjusticia\/wp-json\/wp\/v2\/users\/26"}],"replies":[{"embeddable":true,"href":"https:\/\/informacionoficial.mendoza.gob.ar\/seguridadyjusticia\/wp-json\/wp\/v2\/comments?post=548"}],"version-history":[{"count":10,"href":"https:\/\/informacionoficial.mendoza.gob.ar\/seguridadyjusticia\/wp-json\/wp\/v2\/pages\/548\/revisions"}],"predecessor-version":[{"id":1820,"href":"https:\/\/informacionoficial.mendoza.gob.ar\/seguridadyjusticia\/wp-json\/wp\/v2\/pages\/548\/revisions\/1820"}],"wp:attachment":[{"href":"https:\/\/informacionoficial.mendoza.gob.ar\/seguridadyjusticia\/wp-json\/wp\/v2\/media?parent=548"}],"curies":[{"name":"wp","href":"https:\/\/api.w.org\/{rel}","templated":true}]}}