{"id":615,"date":"2025-06-19T18:06:31","date_gmt":"2025-06-19T16:06:31","guid":{"rendered":"https:\/\/informacionoficial.mendoza.gob.ar\/seguridadyjusticia\/?page_id=615"},"modified":"2025-08-13T18:08:28","modified_gmt":"2025-08-13T16:08:28","slug":"atencion-a-victimas-de-delito","status":"publish","type":"page","link":"https:\/\/informacionoficial.mendoza.gob.ar\/seguridadyjusticia\/atencion-a-victimas-de-delito\/","title":{"rendered":"Atenci\u00f3n a V\u00edctimas de Delito"},"content":{"rendered":"[et_pb_section fb_built=\u00bb1&#8243; admin_label=\u00bbsection\u00bb _builder_version=\u00bb4.16&#8243; global_colors_info=\u00bb{}\u00bb][et_pb_row admin_label=\u00bbrow\u00bb _builder_version=\u00bb4.16&#8243; background_size=\u00bbinitial\u00bb background_position=\u00bbtop_left\u00bb background_repeat=\u00bbrepeat\u00bb global_colors_info=\u00bb{}\u00bb][et_pb_column type=\u00bb4_4&#8243; _builder_version=\u00bb4.16&#8243; custom_padding=\u00bb|||\u00bb global_colors_info=\u00bb{}\u00bb custom_padding__hover=\u00bb|||\u00bb][et_pb_post_title _builder_version=\u00bb4.27.4&#8243; _module_preset=\u00bbdefault\u00bb meta=\u00bboff\u00bb featured_image=\u00bboff\u00bb hover_enabled=\u00bb0&#8243; sticky_enabled=\u00bb0&#8243;][\/et_pb_post_title][et_pb_text admin_label=\u00bbText\u00bb _builder_version=\u00bb4.16&#8243; background_size=\u00bbinitial\u00bb background_position=\u00bbtop_left\u00bb background_repeat=\u00bbrepeat\u00bb global_colors_info=\u00bb{}\u00bb]\n<p class=\"has-black-color has-text-color has-link-color wp-elements-0e2e85e77efdfcca9e3fdbd447b98d65\">El&nbsp;Centro de Atenci\u00f3n a V\u00edctimas de Delitos (C.A.V.D.)&nbsp;es un organismo cuyo objetivo es<strong>&nbsp;<\/strong>brindar asistencia integral a la v\u00edctima de un delito y a su entorno familiar.<\/p>\n\n\n\n<p class=\"has-black-color has-text-color has-link-color wp-elements-1dee3de9a621f6eb507aa015ee765947\">Surge ante la necesidad de la comunidad mendocina de&nbsp;una respuesta del Estado debido a las secuelas que deja un hecho delictivo. Las acciones que ofrece este programa est\u00e1n orientadas a&nbsp;contener a las v\u00edctimas de violencia, disminuir su estado de abandono, y ayudar a que reciban la atenci\u00f3n jur\u00eddica, psicol\u00f3gica y social correspondiente.<\/p>\n\n\n\n<p class=\"has-black-color has-text-color has-link-color wp-elements-d014a3b23cb9bcf499572eff1d8fbe57\">Es importante definir el marco legal que gu\u00eda las funciones del programa, para ello consideramos que nos ocupamos de las v\u00edctimas de delitos, entendiendo por v\u00edctima toda aquella persona que ha sufrido una agresi\u00f3n f\u00edsica o en sus bienes, conducta que debe estar tipificada en el C\u00f3digo Penal.<\/p>\n\n\n\n<p class=\"has-black-color has-text-color has-link-color wp-elements-5e03bc67991a53525260be6f68b1845a\">El hecho de que la v\u00edctima no tenga necesaria informaci\u00f3n sobre sus derechos, que no se respete su dignidad humana y que su problema sea mediatizado, da como resultado la re victimizaci\u00f3n.<\/p>\n\n\n\n<p class=\"has-black-color has-text-color has-link-color has-medium-font-size wp-elements-e31d4f23394b55a0bc15841b93b15678\"><strong>Asistencia Integral a la V\u00edctima<\/strong><\/p>\n\n\n\n<p class=\"has-black-color has-text-color has-link-color wp-elements-ec6d03d7a4950b3edbd8d75d4770373e\">El Centro asiste a la v\u00edctima a trav\u00e9s de un&nbsp;Equipo Profesional Interdisciplinario, tiene como objetos contener, asesorar legalmente y derivar el caso si el equipo eval\u00faa la necesidad de un tratamiento. Para ello se efect\u00faa diagn\u00f3stico victimol\u00f3gico, el que es remitido al efector que tendr\u00e1 a cargo el tratamiento.<\/p>\n\n\n\n<p class=\"has-black-color has-text-color has-link-color has-medium-font-size wp-elements-06038e7b6a08b6f3c50baa9398167cfe\"><strong>Prevenci\u00f3n Comunitaria<\/strong><\/p>\n\n\n\n<p class=\"has-black-color has-text-color has-link-color wp-elements-a275581c8ba31651708568d991459997\">La conducta il\u00edcita recorre toda la trama del tejido social, por ello el C.A.V.D. trabaja a trav\u00e9s del equipo profesional en&nbsp;acciones que tiendan a disminuir la aparici\u00f3n de nuevas situaciones de conflicto<strong>.<\/strong><\/p>\n\n\n\n<p class=\"has-black-color has-text-color has-link-color wp-elements-7fc4d49725ad4b6dc31970b7c902d839\">Se establece contacto con las redes sociales y se integra la problem\u00e1tica de las v\u00edctimas a los programas existentes en el Gobierno de Mendoza.<\/p>\n\n\n\n<p class=\"has-black-color has-text-color has-link-color has-medium-font-size wp-elements-fbf2ab3871586ae9830df42f8a0b4b9d\"><strong>SEDES<\/strong><\/p>\n\n\n\n<p class=\"has-black-color has-text-color has-link-color wp-elements-68c00e3f30e905d5f94606d95ceb2647\"><strong>GRAN MENDOZA<\/strong><br>Calle Salta 617, Godoy Cruz, Mendoza.<br>Consultas y turnos: 261-3615865<br>Celular de guardia: 261-361-2998<\/p>\n\n\n\n<p class=\"has-black-color has-text-color has-link-color wp-elements-b6c3ea9d14a731bca0ec7b6028312eb4\"><br><strong>DELEGACI\u00d3N ZONA ESTE<\/strong><br>Centro comercial Barrio San Pedro, sobre avenida Eva Per\u00f3n, San Mart\u00edn, Mendoza.<br>Tel\u00e9fono fijo: 0263-442-3246.<br>Celular de guardia: 261-382-5257.<\/p>\n\n\n\n<p class=\"has-black-color has-text-color has-link-color wp-elements-c3d0792678ab81a831626458fea8e91a\"><br><strong>DELEGACI\u00d3N ZONA SUR<\/strong><br>Celular de guardia: 261-543-9208.<\/p>\n\n\n\n<p class=\"has-black-color has-text-color has-link-color wp-elements-1043980e2ad3f946ae8daff9c873ee56\"><br><strong>DELEGACI\u00d3N VALLE DE UCO<\/strong><br>Calle Bernardo Quiroga Nro. 109 de Eugenio Bustos, San Carlos, Mendoza.<br>Celular de guardia: 261-667-9099 \/ 261-305-4316.<\/p>\n\n\n\n<p class=\"has-black-color has-text-color has-link-color wp-elements-9ac00cf961d1ea846fe5a532228b76c6\"><\/p>\n[\/et_pb_text][\/et_pb_column][\/et_pb_row][\/et_pb_section]","protected":false},"excerpt":{"rendered":"<p>El&nbsp;Centro de Atenci\u00f3n a V\u00edctimas de Delitos (C.A.V.D.)&nbsp;es un organismo cuyo objetivo es&nbsp;brindar asistencia integral a la v\u00edctima de un delito y a su entorno familiar. Surge ante la necesidad de la comunidad mendocina de&nbsp;una respuesta del Estado debido a las secuelas que deja un hecho delictivo. Las acciones que ofrece este programa est\u00e1n orientadas [&hellip;]<\/p>\n","protected":false},"author":26,"featured_media":0,"parent":0,"menu_order":0,"comment_status":"closed","ping_status":"closed","template":"","meta":{"_et_pb_use_builder":"on","_et_pb_old_content":"<!-- wp:paragraph {\"style\":{\"elements\":{\"link\":{\"color\":{\"text\":\"var:preset|color|black\"}}}},\"textColor\":\"black\"} -->\n<p class=\"has-black-color has-text-color has-link-color\">El&nbsp;Centro de Atenci\u00f3n a V\u00edctimas de Delitos (C.A.V.D.)&nbsp;es un organismo cuyo objetivo es<strong>&nbsp;<\/strong>brindar asistencia integral a la v\u00edctima de un delito y a su entorno familiar.<\/p>\n<!-- \/wp:paragraph -->\n\n<!-- wp:paragraph {\"style\":{\"elements\":{\"link\":{\"color\":{\"text\":\"var:preset|color|black\"}}}},\"textColor\":\"black\"} -->\n<p class=\"has-black-color has-text-color has-link-color\">Surge ante la necesidad de la comunidad mendocina de&nbsp;una respuesta del Estado debido a las secuelas que deja un hecho delictivo. Las acciones que ofrece este programa est\u00e1n orientadas a&nbsp;contener a las v\u00edctimas de violencia, disminuir su estado de abandono, y ayudar a que reciban la atenci\u00f3n jur\u00eddica, psicol\u00f3gica y social correspondiente.<\/p>\n<!-- \/wp:paragraph -->\n\n<!-- wp:paragraph {\"style\":{\"elements\":{\"link\":{\"color\":{\"text\":\"var:preset|color|black\"}}}},\"textColor\":\"black\"} -->\n<p class=\"has-black-color has-text-color has-link-color\">Es importante definir el marco legal que gu\u00eda las funciones del programa, para ello consideramos que nos ocupamos de las v\u00edctimas de delitos, entendiendo por v\u00edctima toda aquella persona que ha sufrido una agresi\u00f3n f\u00edsica o en sus bienes, conducta que debe estar tipificada en el C\u00f3digo Penal.<\/p>\n<!-- \/wp:paragraph -->\n\n<!-- wp:paragraph {\"style\":{\"elements\":{\"link\":{\"color\":{\"text\":\"var:preset|color|black\"}}}},\"textColor\":\"black\"} -->\n<p class=\"has-black-color has-text-color has-link-color\">El hecho de que la v\u00edctima no tenga necesaria informaci\u00f3n sobre sus derechos, que no se respete su dignidad humana y que su problema sea mediatizado, da como resultado la re victimizaci\u00f3n.<\/p>\n<!-- \/wp:paragraph -->\n\n<!-- wp:paragraph {\"style\":{\"elements\":{\"link\":{\"color\":{\"text\":\"var:preset|color|black\"}}}},\"textColor\":\"black\",\"fontSize\":\"medium\"} -->\n<p class=\"has-black-color has-text-color has-link-color has-medium-font-size\"><strong>Asistencia Integral a la V\u00edctima<\/strong><\/p>\n<!-- \/wp:paragraph -->\n\n<!-- wp:paragraph {\"style\":{\"elements\":{\"link\":{\"color\":{\"text\":\"var:preset|color|black\"}}}},\"textColor\":\"black\"} -->\n<p class=\"has-black-color has-text-color has-link-color\">El Centro asiste a la v\u00edctima a trav\u00e9s de un&nbsp;Equipo Profesional Interdisciplinario, tiene como objetos contener, asesorar legalmente y derivar el caso si el equipo eval\u00faa la necesidad de un tratamiento. Para ello se efect\u00faa diagn\u00f3stico victimol\u00f3gico, el que es remitido al efector que tendr\u00e1 a cargo el tratamiento.<\/p>\n<!-- \/wp:paragraph -->\n\n<!-- wp:paragraph {\"style\":{\"elements\":{\"link\":{\"color\":{\"text\":\"var:preset|color|black\"}}}},\"textColor\":\"black\",\"fontSize\":\"medium\"} -->\n<p class=\"has-black-color has-text-color has-link-color has-medium-font-size\"><strong>Prevenci\u00f3n Comunitaria<\/strong><\/p>\n<!-- \/wp:paragraph -->\n\n<!-- wp:paragraph {\"style\":{\"elements\":{\"link\":{\"color\":{\"text\":\"var:preset|color|black\"}}}},\"textColor\":\"black\"} -->\n<p class=\"has-black-color has-text-color has-link-color\">La conducta il\u00edcita recorre toda la trama del tejido social, por ello el C.A.V.D. trabaja a trav\u00e9s del equipo profesional en&nbsp;acciones que tiendan a disminuir la aparici\u00f3n de nuevas situaciones de conflicto<strong>.<\/strong><\/p>\n<!-- \/wp:paragraph -->\n\n<!-- wp:paragraph {\"style\":{\"elements\":{\"link\":{\"color\":{\"text\":\"var:preset|color|black\"}}}},\"textColor\":\"black\"} -->\n<p class=\"has-black-color has-text-color has-link-color\">Se establece contacto con las redes sociales y se integra la problem\u00e1tica de las v\u00edctimas a los programas existentes en el Gobierno de Mendoza.<\/p>\n<!-- \/wp:paragraph -->\n\n<!-- wp:paragraph {\"style\":{\"elements\":{\"link\":{\"color\":{\"text\":\"var:preset|color|black\"}}}},\"textColor\":\"black\",\"fontSize\":\"medium\"} -->\n<p class=\"has-black-color has-text-color has-link-color has-medium-font-size\"><strong>SEDES<\/strong><\/p>\n<!-- \/wp:paragraph -->\n\n<!-- wp:paragraph {\"style\":{\"elements\":{\"link\":{\"color\":{\"text\":\"var:preset|color|black\"}}}},\"textColor\":\"black\"} -->\n<p class=\"has-black-color has-text-color has-link-color\"><strong>GRAN MENDOZA<\/strong><br>Calle Salta 617, Godoy Cruz, Mendoza.<br>Consultas y turnos: 261-3615865<br>Celular de guardia: 261-361-2998<\/p>\n<!-- \/wp:paragraph -->\n\n<!-- wp:paragraph {\"style\":{\"elements\":{\"link\":{\"color\":{\"text\":\"var:preset|color|black\"}}}},\"textColor\":\"black\"} -->\n<p class=\"has-black-color has-text-color has-link-color\"><br><strong>DELEGACI\u00d3N ZONA ESTE<\/strong><br>Centro comercial Barrio San Pedro, sobre avenida Eva Per\u00f3n, San Mart\u00edn, Mendoza.<br>Tel\u00e9fono fijo: 0263-442-3246.<br>Celular de guardia: 261-382-5257.<\/p>\n<!-- \/wp:paragraph -->\n\n<!-- wp:paragraph {\"style\":{\"elements\":{\"link\":{\"color\":{\"text\":\"var:preset|color|black\"}}}},\"textColor\":\"black\"} -->\n<p class=\"has-black-color has-text-color has-link-color\"><br><strong>DELEGACI\u00d3N ZONA SUR<\/strong><br>Celular de guardia: 261-543-9208.<\/p>\n<!-- \/wp:paragraph -->\n\n<!-- wp:paragraph {\"style\":{\"elements\":{\"link\":{\"color\":{\"text\":\"var:preset|color|black\"}}}},\"textColor\":\"black\"} -->\n<p class=\"has-black-color has-text-color has-link-color\"><br><strong>DELEGACI\u00d3N VALLE DE UCO<\/strong><br>Calle Bernardo Quiroga Nro. 109 de Eugenio Bustos, San Carlos, Mendoza.<br>Celular de guardia: 261-667-9099 \/ 261-305-4316.<\/p>\n<!-- \/wp:paragraph -->\n\n<!-- wp:paragraph {\"style\":{\"elements\":{\"link\":{\"color\":{\"text\":\"var:preset|color|black\"}}}},\"textColor\":\"black\"} -->\n<p class=\"has-black-color has-text-color has-link-color\"><\/p>\n<!-- \/wp:paragraph -->","_et_gb_content_width":"1080","footnotes":""},"class_list":["post-615","page","type-page","status-publish","hentry"],"_links":{"self":[{"href":"https:\/\/informacionoficial.mendoza.gob.ar\/seguridadyjusticia\/wp-json\/wp\/v2\/pages\/615","targetHints":{"allow":["GET"]}}],"collection":[{"href":"https:\/\/informacionoficial.mendoza.gob.ar\/seguridadyjusticia\/wp-json\/wp\/v2\/pages"}],"about":[{"href":"https:\/\/informacionoficial.mendoza.gob.ar\/seguridadyjusticia\/wp-json\/wp\/v2\/types\/page"}],"author":[{"embeddable":true,"href":"https:\/\/informacionoficial.mendoza.gob.ar\/seguridadyjusticia\/wp-json\/wp\/v2\/users\/26"}],"replies":[{"embeddable":true,"href":"https:\/\/informacionoficial.mendoza.gob.ar\/seguridadyjusticia\/wp-json\/wp\/v2\/comments?post=615"}],"version-history":[{"count":7,"href":"https:\/\/informacionoficial.mendoza.gob.ar\/seguridadyjusticia\/wp-json\/wp\/v2\/pages\/615\/revisions"}],"predecessor-version":[{"id":1812,"href":"https:\/\/informacionoficial.mendoza.gob.ar\/seguridadyjusticia\/wp-json\/wp\/v2\/pages\/615\/revisions\/1812"}],"wp:attachment":[{"href":"https:\/\/informacionoficial.mendoza.gob.ar\/seguridadyjusticia\/wp-json\/wp\/v2\/media?parent=615"}],"curies":[{"name":"wp","href":"https:\/\/api.w.org\/{rel}","templated":true}]}}