{"id":633,"date":"2025-06-23T17:09:34","date_gmt":"2025-06-23T15:09:34","guid":{"rendered":"https:\/\/informacionoficial.mendoza.gob.ar\/seguridadyjusticia\/?page_id=633"},"modified":"2026-02-24T10:42:23","modified_gmt":"2026-02-24T13:42:23","slug":"informacion-institucional-para-ministerios","status":"publish","type":"page","link":"https:\/\/informacionoficial.mendoza.gob.ar\/seguridadyjusticia\/informacion-institucional-para-ministerios\/","title":{"rendered":"Informaci\u00f3n Institucional"},"content":{"rendered":"<p>[et_pb_section fb_built=\u00bb1&#8243; _builder_version=\u00bb4.27.2&#8243; _module_preset=\u00bbdefault\u00bb custom_margin=\u00bb0px||0px||false|false\u00bb custom_padding=\u00bb0px||0px||false|false\u00bb global_colors_info=\u00bb{}\u00bb][et_pb_row _builder_version=\u00bb4.27.4&#8243; _module_preset=\u00bbdefault\u00bb max_width=\u00bb100%\u00bb global_colors_info=\u00bb{}\u00bb][et_pb_column type=\u00bb4_4&#8243; _builder_version=\u00bb4.27.4&#8243; _module_preset=\u00bbdefault\u00bb global_colors_info=\u00bb{}\u00bb][et_pb_post_title meta=\u00bboff\u00bb featured_image=\u00bboff\u00bb _builder_version=\u00bb4.27.4&#8243; _module_preset=\u00bbdefault\u00bb title_text_align=\u00bbcenter\u00bb title_text_color=\u00bb#666666&#8243; global_colors_info=\u00bb{}\u00bb][\/et_pb_post_title][\/et_pb_column][\/et_pb_row][\/et_pb_section][et_pb_section fb_built=\u00bb1&#8243; _builder_version=\u00bb4.27.2&#8243; _module_preset=\u00bbdefault\u00bb custom_margin=\u00bb0px||0px||false|false\u00bb custom_padding=\u00bb0px||0px||false|false\u00bb global_colors_info=\u00bb{}\u00bb][et_pb_row _builder_version=\u00bb4.27.4&#8243; _module_preset=\u00bbdefault\u00bb max_width=\u00bb100%\u00bb global_colors_info=\u00bb{}\u00bb][et_pb_column type=\u00bb4_4&#8243; _builder_version=\u00bb4.27.4&#8243; _module_preset=\u00bbdefault\u00bb global_colors_info=\u00bb{}\u00bb][et_pb_heading title=\u00bbMisi\u00f3n\u00bb _builder_version=\u00bb4.27.4&#8243; _module_preset=\u00bbdefault\u00bb title_level=\u00bbh2&#8243; title_text_align=\u00bbcenter\u00bb title_text_color=\u00bb#FFFFFF\u00bb background_color=\u00bb#C8A977&#8243; custom_margin=\u00bb0px||0px||false|false\u00bb custom_padding=\u00bb1em||1em||false|false\u00bb title_text_shadow_style=\u00bbpreset1&#8243; border_radii=\u00bboff|15px|15px||\u00bb global_colors_info=\u00bb{}\u00bb][\/et_pb_heading][et_pb_text _builder_version=\u00bb4.27.4&#8243; _module_preset=\u00bbdefault\u00bb custom_margin=\u00bb0px||0px||false|false\u00bb custom_padding=\u00bb1em|1em|1em|1em|false|false\u00bb border_radii=\u00bboff|||15px|15px\u00bb border_width_all=\u00bb1px\u00bb global_colors_info=\u00bb{}\u00bb]<\/p>\n<p>Fortalecer la seguridad, el acceso a la justicia y la protecci\u00f3n de los derechos humanos de todos los mendocinos, mediante pol\u00edticas p\u00fablicas integrales, innovadoras y colaborativas. A trav\u00e9s de la modernizaci\u00f3n tecnol\u00f3gica, la formaci\u00f3n continua de nuestros equipos, el profesionalismo de las fuerzas de seguridad y la eficiencia en el servicio penitenciario, y el trabajo conjunto con la comunidad, buscamos construir una provincia m\u00e1s segura, inclusiva y justa para todos.<\/p>\n<p>[\/et_pb_text][\/et_pb_column][\/et_pb_row][et_pb_row _builder_version=\u00bb4.27.4&#8243; _module_preset=\u00bbdefault\u00bb max_width=\u00bb100%\u00bb global_colors_info=\u00bb{}\u00bb][et_pb_column type=\u00bb4_4&#8243; _builder_version=\u00bb4.27.4&#8243; _module_preset=\u00bbdefault\u00bb global_colors_info=\u00bb{}\u00bb][et_pb_heading title=\u00bbVisi\u00f3n\u00bb _builder_version=\u00bb4.27.4&#8243; _module_preset=\u00bbdefault\u00bb title_level=\u00bbh2&#8243; title_text_align=\u00bbcenter\u00bb title_text_color=\u00bb#FFFFFF\u00bb background_color=\u00bb#C8A977&#8243; custom_margin=\u00bb0px||0px||false|false\u00bb custom_padding=\u00bb1em||1em||false|false\u00bb title_text_shadow_style=\u00bbpreset1&#8243; border_radii=\u00bboff|15px|15px||\u00bb global_colors_info=\u00bb{}\u00bb][\/et_pb_heading][et_pb_text _builder_version=\u00bb4.27.2&#8243; _module_preset=\u00bbdefault\u00bb custom_margin=\u00bb0px||0px||false|false\u00bb custom_padding=\u00bb1em|1em|1em|1em|false|false\u00bb border_radii=\u00bboff|||15px|15px\u00bb border_width_all=\u00bb1px\u00bb global_colors_info=\u00bb{}\u00bb]<\/p>\n<p>Ser un modelo de gesti\u00f3n de seguridad y justicia, reconocido por su capacidad de adaptaci\u00f3n, eficiencia y compromiso con la \u00e9tica p\u00fablica. Aspiramos a consolidar un sistema de seguridad, justicia y administraci\u00f3n penitenciaria que inspire confianza, promueva la equidad y responda de manera efectiva a los desaf\u00edos del siglo XXI.<\/p>\n<p>[\/et_pb_text][\/et_pb_column][\/et_pb_row][et_pb_row _builder_version=\u00bb4.27.4&#8243; _module_preset=\u00bbdefault\u00bb max_width=\u00bb100%\u00bb global_colors_info=\u00bb{}\u00bb][et_pb_column type=\u00bb4_4&#8243; _builder_version=\u00bb4.27.4&#8243; _module_preset=\u00bbdefault\u00bb global_colors_info=\u00bb{}\u00bb][et_pb_heading title=\u00bbOrganigrama\u00bb _builder_version=\u00bb4.27.4&#8243; _module_preset=\u00bbdefault\u00bb title_level=\u00bbh2&#8243; title_text_align=\u00bbcenter\u00bb title_text_color=\u00bb#FFFFFF\u00bb background_color=\u00bb#C8A977&#8243; custom_margin=\u00bb0px||0px||false|false\u00bb custom_padding=\u00bb1em||1em||false|false\u00bb hover_enabled=\u00bb0&#8243; title_text_shadow_style=\u00bbpreset1&#8243; border_radii=\u00bboff|15px|15px||\u00bb global_colors_info=\u00bb{}\u00bb sticky_enabled=\u00bb0&#8243;][\/et_pb_heading][et_pb_toggle title=\u00bbVer\u00bb open_toggle_text_color=\u00bbRGBA(255,255,255,0)\u00bb icon_color=\u00bb#666666&#8243; toggle_icon=\u00bb&#x3b;||divi||400&#8243; use_icon_font_size=\u00bbon\u00bb icon_font_size=\u00bb25px\u00bb open_icon_color=\u00bb#000F9F\u00bb _builder_version=\u00bb4.27.4&#8243; _module_preset=\u00bbdefault\u00bb text_orientation=\u00bbcenter\u00bb custom_margin=\u00bb0px||0px||false|false\u00bb hover_enabled=\u00bb0&#8243; border_radii=\u00bboff|||15px|15px\u00bb global_colors_info=\u00bb{}\u00bb sticky_enabled=\u00bb0&#8243;]<\/p>\n<p><img decoding=\"async\" src=\"https:\/\/mza-dicaws-portal-uploads-media-prod.s3.amazonaws.com\/informacion-oficial\/uploads\/sites\/16\/2026\/02\/Organigrama_Seguridad_mod-scaled.png\" \/><\/p>\n<p>[\/et_pb_toggle][\/et_pb_column][\/et_pb_row][\/et_pb_section]<\/p>\n","protected":false},"excerpt":{"rendered":"<p>Fortalecer la seguridad, el acceso a la justicia y la protecci\u00f3n de los derechos humanos de todos los mendocinos, mediante pol\u00edticas p\u00fablicas integrales, innovadoras y colaborativas. A trav\u00e9s de la modernizaci\u00f3n tecnol\u00f3gica, la formaci\u00f3n continua de nuestros equipos, el profesionalismo de las fuerzas de seguridad y la eficiencia en el servicio penitenciario, y el trabajo [&hellip;]<\/p>\n","protected":false},"author":60,"featured_media":0,"parent":0,"menu_order":0,"comment_status":"closed","ping_status":"closed","template":"","meta":{"_et_pb_use_builder":"on","_et_pb_old_content":"","_et_gb_content_width":"","footnotes":""},"class_list":["post-633","page","type-page","status-publish","hentry"],"_links":{"self":[{"href":"https:\/\/informacionoficial.mendoza.gob.ar\/seguridadyjusticia\/wp-json\/wp\/v2\/pages\/633","targetHints":{"allow":["GET"]}}],"collection":[{"href":"https:\/\/informacionoficial.mendoza.gob.ar\/seguridadyjusticia\/wp-json\/wp\/v2\/pages"}],"about":[{"href":"https:\/\/informacionoficial.mendoza.gob.ar\/seguridadyjusticia\/wp-json\/wp\/v2\/types\/page"}],"author":[{"embeddable":true,"href":"https:\/\/informacionoficial.mendoza.gob.ar\/seguridadyjusticia\/wp-json\/wp\/v2\/users\/60"}],"replies":[{"embeddable":true,"href":"https:\/\/informacionoficial.mendoza.gob.ar\/seguridadyjusticia\/wp-json\/wp\/v2\/comments?post=633"}],"version-history":[{"count":10,"href":"https:\/\/informacionoficial.mendoza.gob.ar\/seguridadyjusticia\/wp-json\/wp\/v2\/pages\/633\/revisions"}],"predecessor-version":[{"id":2668,"href":"https:\/\/informacionoficial.mendoza.gob.ar\/seguridadyjusticia\/wp-json\/wp\/v2\/pages\/633\/revisions\/2668"}],"wp:attachment":[{"href":"https:\/\/informacionoficial.mendoza.gob.ar\/seguridadyjusticia\/wp-json\/wp\/v2\/media?parent=633"}],"curies":[{"name":"wp","href":"https:\/\/api.w.org\/{rel}","templated":true}]}}