{"id":846,"date":"2025-07-11T16:30:26","date_gmt":"2025-07-11T14:30:26","guid":{"rendered":"https:\/\/informacionoficial.mendoza.gob.ar\/seguridadyjusticia\/?page_id=846"},"modified":"2025-08-06T15:29:51","modified_gmt":"2025-08-06T13:29:51","slug":"informacion-institucional-servicio-penitenciario","status":"publish","type":"page","link":"https:\/\/informacionoficial.mendoza.gob.ar\/seguridadyjusticia\/informacion-institucional-servicio-penitenciario\/","title":{"rendered":"Informaci\u00f3n Institucional Servicio Penitenciario"},"content":{"rendered":"<p>[et_pb_section fb_built=\u00bb1&#8243; _builder_version=\u00bb4.27.2&#8243; _module_preset=\u00bbdefault\u00bb custom_margin=\u00bb0px||0px||false|false\u00bb custom_padding=\u00bb0px||0px||false|false\u00bb global_colors_info=\u00bb{}\u00bb][et_pb_row _builder_version=\u00bb4.27.4&#8243; _module_preset=\u00bbdefault\u00bb max_width=\u00bb100%\u00bb global_colors_info=\u00bb{}\u00bb][et_pb_column type=\u00bb4_4&#8243; _builder_version=\u00bb4.27.4&#8243; _module_preset=\u00bbdefault\u00bb global_colors_info=\u00bb{}\u00bb][et_pb_post_title meta=\u00bboff\u00bb featured_image=\u00bboff\u00bb _builder_version=\u00bb4.27.4&#8243; _module_preset=\u00bbdefault\u00bb title_text_align=\u00bbcenter\u00bb title_text_color=\u00bb#666666&#8243; global_colors_info=\u00bb{}\u00bb][\/et_pb_post_title][\/et_pb_column][\/et_pb_row][\/et_pb_section][et_pb_section fb_built=\u00bb1&#8243; _builder_version=\u00bb4.27.2&#8243; _module_preset=\u00bbdefault\u00bb custom_margin=\u00bb0px||0px||false|false\u00bb custom_padding=\u00bb0px||0px||false|false\u00bb global_colors_info=\u00bb{}\u00bb][et_pb_row _builder_version=\u00bb4.27.4&#8243; _module_preset=\u00bbdefault\u00bb max_width=\u00bb100%\u00bb custom_margin=\u00bb-11px|auto||auto||\u00bb global_colors_info=\u00bb{}\u00bb][et_pb_column type=\u00bb4_4&#8243; _builder_version=\u00bb4.27.4&#8243; _module_preset=\u00bbdefault\u00bb global_colors_info=\u00bb{}\u00bb][et_pb_heading title=\u00bbQui\u00e9nes somos\u00bb _builder_version=\u00bb4.27.4&#8243; _module_preset=\u00bbdefault\u00bb title_level=\u00bbh2&#8243; title_text_align=\u00bbcenter\u00bb title_text_color=\u00bb#FFFFFF\u00bb background_color=\u00bb#C8A977&#8243; custom_margin=\u00bb0px||0px||false|false\u00bb custom_padding=\u00bb1em||1em||false|false\u00bb title_text_shadow_style=\u00bbpreset1&#8243; border_radii=\u00bboff|15px|15px||\u00bb global_colors_info=\u00bb{}\u00bb][\/et_pb_heading][et_pb_text _builder_version=\u00bb4.27.4&#8243; _module_preset=\u00bbdefault\u00bb custom_margin=\u00bb0px||0px||false|false\u00bb custom_padding=\u00bb1em|1em|1em|1em|false|false\u00bb border_radii=\u00bboff|||15px|15px\u00bb border_width_all=\u00bb1px\u00bb global_colors_info=\u00bb{}\u00bb]<\/p>\n<div class=\"service-content-block\">\n<h6 title=\"HISTORIA\">HISTORIA<\/h6>\n<\/div>\n<p>La construcci\u00f3n de la c\u00e1rcel emblema de la provincia data de 1905, momento en que se colocaba la piedra fundamental en los terrenos donados por don Emilio Civit. A lo largo de la historia se registran antecedentes relacionados\u00a0 a la guarda y custodia de personas privadas de la libertad.<\/p>\n<p>Referirnos al Servicio Penitenciario de Mendoza es remontarnos a la \u00e9poca de nuestro gran capit\u00e1n de Los Andes, el general don Jos\u00e9 de San Mart\u00edn, quien durante su paso por nuestra provincia, en la conformaci\u00f3n del hist\u00f3rico Ej\u00e9rcito de Los Andes,\u00a0 destinaba personal al cuidado y custodia de quienes alteraban el orden o incumpl\u00edan con las estrictas normas disciplinarias.<\/p>\n<p>Cuando ejerci\u00f3 la gobernaci\u00f3n de Cuyo, dio buena cuenta de su inter\u00e9s por el problema carcelario y fue quien, en 1816, comunic\u00f3 al Cabildo mendocino la creaci\u00f3n de un establecimiento e introdujo mejoras carcelarias, con la revolucionaria idea de que las c\u00e1rceles no son un castigo.<\/p>\n<p>En nuestra provincia, el primer intento por construir una penitenciar\u00eda data de 1853, mediante un proyecto impulsado por el Dr. Vicente Gil, por entonces ministro general de Gobierno de la provincia de Mendoza y por el diputado Lemos Godoy. Posteriormente, el 5 de febrero de 1855 surgen los primeros ensayos de los reglamentos para las c\u00e1rceles y once a\u00f1os despu\u00e9s, es aprobado el c\u00f3digo penal de Carlos Tejedor.<\/p>\n<p>Es importante destacar que nuestra provincia fue la primera en materializar un edificio de concepci\u00f3n penitenciaria en la Rep\u00fablica Argentina. Su construcci\u00f3n, impulsada a ra\u00edz del sismo en 1861, comenz\u00f3 en 1864 y finaliz\u00f3 un a\u00f1o despu\u00e9s, con un plano inspirado en la c\u00e1rcel penitenciaria de Santiago de Chile.<\/p>\n<p>En 1906, se realiza el primer censo carcelario por parte de Antonio Ballv\u00e9, director de la Penitenciar\u00eda Nacional, teniendo en la provincia de Mendoza para esa fecha, 180 internos entre varones y mujeres alojados en el cabildo de la Ciudad actualmente el \u00e1rea fundacional, bajo el control y custodia de los llamados en esa \u00e9poca \u201cVigilantes\u201d.<\/p>\n<p>Sorprende a muchos, se\u00f1alar que la c\u00e1rcel acompa\u00f1\u00f3 desde los albores de la nacionalidad el desarrollo de la provincia, cumpliendo la funci\u00f3n que la sociedad le encomend\u00f3 a trav\u00e9s de los tiempos.<\/p>\n<p>Fueron transcurriendo los a\u00f1os y fue entonces que en 1910, se inaugura el actual Complejo Penitenciario\u00a0 N\u00ba 1, Boulogne Sur Mer. As\u00ed, comenz\u00f3 nuestro hist\u00f3rico Servicio Penitenciario a dar sus primeros pasos.<\/p>\n<p>Mientras Mendoza creci\u00f3 hasta lo que es su actualidad, las c\u00e1rceles provinciales crecieron en el cumplimiento de su funci\u00f3n, con un sesgo institucional n\u00edtido: la humanizaci\u00f3n de la pena.<\/p>\n<p>Sin ninguna duda, el crecimiento de la provincia, ha sido acompa\u00f1ado por el Servicio Penitenciario, no s\u00f3lo adapt\u00e1ndose a las exigencias que hoy demanda la sociedad, sino tambi\u00e9n constituy\u00e9ndose en una Instituci\u00f3n moderna, profesional y eficiente, al servicio de la comunidad mendocina.<\/p>\n<p>Durante los \u00faltimos a\u00f1os, la implementaci\u00f3n de nuevas pol\u00edticas, produjo un cambio institucional, el cual dio surgimiento, no s\u00f3lo a un edificio propio para nuclear y administrar las c\u00e1rceles, sino tambi\u00e9n, para trabajar en la mejora, construcci\u00f3n y reacondicionamiento de los distintos establecimientos penales, trasformando al de Mendoza, en uno de los Servicios Penitenciarios m\u00e1s grandes e importantes del pa\u00eds.<\/p>\n<p>[\/et_pb_text][\/et_pb_column][\/et_pb_row][et_pb_row _builder_version=\u00bb4.27.4&#8243; _module_preset=\u00bbdefault\u00bb max_width=\u00bb100%\u00bb global_colors_info=\u00bb{}\u00bb][et_pb_column type=\u00bb4_4&#8243; _builder_version=\u00bb4.27.4&#8243; _module_preset=\u00bbdefault\u00bb global_colors_info=\u00bb{}\u00bb][et_pb_heading title=\u00bbMisi\u00f3n\u00bb _builder_version=\u00bb4.27.4&#8243; _module_preset=\u00bbdefault\u00bb title_level=\u00bbh2&#8243; title_text_align=\u00bbcenter\u00bb title_text_color=\u00bb#FFFFFF\u00bb background_color=\u00bb#C8A977&#8243; custom_margin=\u00bb0px||0px||false|false\u00bb custom_padding=\u00bb1em||1em||false|false\u00bb title_text_shadow_style=\u00bbpreset1&#8243; border_radii=\u00bboff|15px|15px||\u00bb global_colors_info=\u00bb{}\u00bb][\/et_pb_heading][et_pb_text _builder_version=\u00bb4.27.4&#8243; _module_preset=\u00bbdefault\u00bb custom_margin=\u00bb0px||0px||false|false\u00bb custom_padding=\u00bb1em|1em|1em|1em|false|false\u00bb border_radii=\u00bboff|||15px|15px\u00bb border_width_all=\u00bb1px\u00bb global_colors_info=\u00bb{}\u00bb]<\/p>\n<p><span>Somos una Instituci\u00f3n homog\u00e9nea que brinda un servicio p\u00fablico respetuoso de los derechos y dignidad de las personas privadas de su libertad. Creemos en la educaci\u00f3n y profesionalizaci\u00f3n de nuestros funcionarios a trav\u00e9s de pol\u00edticas comprometidas en el crecimiento y el desarrollo humano, con medidas de control interno justas, seguras y razonables.<\/span><\/p>\n<p>[\/et_pb_text][\/et_pb_column][\/et_pb_row][et_pb_row _builder_version=\u00bb4.27.4&#8243; _module_preset=\u00bbdefault\u00bb max_width=\u00bb100%\u00bb global_colors_info=\u00bb{}\u00bb][et_pb_column type=\u00bb4_4&#8243; _builder_version=\u00bb4.27.4&#8243; _module_preset=\u00bbdefault\u00bb global_colors_info=\u00bb{}\u00bb][et_pb_heading title=\u00bbVisi\u00f3n\u00bb _builder_version=\u00bb4.27.4&#8243; _module_preset=\u00bbdefault\u00bb title_level=\u00bbh2&#8243; title_text_align=\u00bbcenter\u00bb title_text_color=\u00bb#FFFFFF\u00bb background_color=\u00bb#C8A977&#8243; custom_margin=\u00bb0px||0px||false|false\u00bb custom_padding=\u00bb1em||1em||false|false\u00bb title_text_shadow_style=\u00bbpreset1&#8243; border_radii=\u00bboff|15px|15px||\u00bb global_colors_info=\u00bb{}\u00bb][\/et_pb_heading][et_pb_text _builder_version=\u00bb4.27.4&#8243; _module_preset=\u00bbdefault\u00bb custom_margin=\u00bb0px||0px||false|false\u00bb custom_padding=\u00bb1em|1em|1em|1em|false|false\u00bb border_radii=\u00bboff|||15px|15px\u00bb border_width_all=\u00bb1px\u00bb global_colors_info=\u00bb{}\u00bb]<\/p>\n<p><span>La misi\u00f3n del Servicio Penitenciario de Mendoza es garantizar la seguridad y el bienestar de las personas privadas de su libertad, procurando que el r\u00e9gimen interdisciplinario, debidamente capacitado, contribuya a preservar y mejorar sus condiciones sociales, educativas y sanitarias; posibilitando su reinserci\u00f3n social en cumplimiento del marco legal vigente.<\/span><\/p>\n<p>[\/et_pb_text][\/et_pb_column][\/et_pb_row][\/et_pb_section][et_pb_section fb_built=\u00bb1&#8243; _builder_version=\u00bb4.27.4&#8243; _module_preset=\u00bbdefault\u00bb custom_margin=\u00bb0px||0px||false|false\u00bb custom_padding=\u00bb0px||0px||false|false\u00bb border_color_bottom=\u00bb#c8a977&#8243; global_colors_info=\u00bb{}\u00bb][et_pb_row _builder_version=\u00bb4.27.4&#8243; _module_preset=\u00bbdefault\u00bb max_width=\u00bb100%\u00bb global_colors_info=\u00bb{}\u00bb][et_pb_column type=\u00bb4_4&#8243; _builder_version=\u00bb4.27.4&#8243; _module_preset=\u00bbdefault\u00bb global_colors_info=\u00bb{}\u00bb][et_pb_heading title=\u00bbPlan estrat\u00e9gico\u00bb _builder_version=\u00bb4.27.4&#8243; _module_preset=\u00bbdefault\u00bb title_level=\u00bbh2&#8243; title_text_align=\u00bbcenter\u00bb title_text_color=\u00bb#FFFFFF\u00bb background_color=\u00bb#C8A977&#8243; custom_margin=\u00bb0px||0px||false|false\u00bb custom_padding=\u00bb1em||1em||false|false\u00bb title_text_shadow_style=\u00bbpreset1&#8243; border_radii=\u00bboff|15px|15px||\u00bb global_colors_info=\u00bb{}\u00bb][\/et_pb_heading][et_pb_text _builder_version=\u00bb4.27.2&#8243; _module_preset=\u00bbdefault\u00bb custom_margin=\u00bb0px||0px||false|false\u00bb custom_padding=\u00bb1em|1em|1em|1em|false|false\u00bb border_radii=\u00bboff|||15px|15px\u00bb border_width_all=\u00bb1px\u00bb global_colors_info=\u00bb{}\u00bb]<\/p>\n<div class=\"service-content-block\">\n<h6 title=\"EJES\">EJES<\/h6>\n<\/div>\n<p>Human\u00edsticos; seguridad; contable; influencia moral; infraestructura; legal.<\/p>\n<p><strong>Human\u00edstico<\/strong>: El Eje institucional en lo human\u00edstico se centrar\u00e1 en perseguir la excelencia en la formaci\u00f3n de la persona; aumentando la calidad formando y fijando valores y principios fundamentales. Buscando motivaciones que produzcan la sinergia entre las personas potenciar la asistencia espiritual en todos sus aspectos.<\/p>\n<p><strong>Seguridad:<span>\u00a0<\/span><\/strong>Optimizaci\u00f3n del recurso humano; capacitaci\u00f3n del recurso humano en post de la construcci\u00f3n integral de la seguridad siempre enmarcado en el respeto de los derechos de los internos; profundizar en seguridad din\u00e1mica; evaluaci\u00f3n de protocolos de actuaci\u00f3n en seguridad; adecuaci\u00f3n de protocolos; jerarquizaci\u00f3n de personal de seguridad;\u00a0 coordinaci\u00f3n con \u00e1reas de tratamiento y administrativas; elaboraci\u00f3n de agenda de capacitaci\u00f3n anual.<\/p>\n<p><strong>Contable:<span>\u00a0<\/span><\/strong>Definir presupuesto seg\u00fan necesidades proyectadas; priorizar la distribuci\u00f3n de recursos tomando como base las necesidades b\u00e1sicas de las personas privadas de su libertad, las vigencias e imprevistos que puedan surgir; valoraci\u00f3n de la eficiencia en la aplicaci\u00f3n de los recursos en concordancia con el resto de los ejes.<\/p>\n<p>Maximizar los recursos de autogesti\u00f3n a trav\u00e9s de acciones de interacci\u00f3n con otras instituciones; mantener el correcto mantenimiento del capital existente para ampliarlo en base al crecimiento institucional; revisi\u00f3n anual de los acuerdos salariales tendientes a mejorar las remuneraciones del personal penitenciario.<\/p>\n<p><strong>Influencia moral:<span>\u00a0<\/span><\/strong>Educaci\u00f3n; capacitaci\u00f3n laboral; asistencia espiritual; producci\u00f3n laboral; actividades culturales; deporte y recreaci\u00f3n; abordaje terap\u00e9utico; asistencia y acompa\u00f1amiento social; asistencia de la salud.<\/p>\n<p><strong>Infraestructura:<span>\u00a0<\/span><\/strong>Crecimiento edilicio para cubrir el d\u00e9ficit actual, previendo que la demanda futura quede satisfecha; incrementar el recurso humano calificado, incrementar las \u00e1reas de servicio, de tratamiento de la salud y educaci\u00f3n; regionalizar el servicio penitenciario; incrementar la infraestructuras para capacitaci\u00f3n del personal; incrementar la estructura edilicia de talleres de capacitaci\u00f3n y de producci\u00f3n; incrementar lugares de alojamiento que permitan discriminar la problem\u00e1tica de tipos de delito y situaci\u00f3n procesal, sexo y edad.<\/p>\n<p><strong>Legal:<span>\u00a0<\/span><\/strong>Capacitar al personal sobre la legislaci\u00f3n vigente; asesoramiento legal al personal a las personas privadas de su libertad y a su entorno familiar; control de legalidad de los procedimientos; generaci\u00f3n de proyectos legales.<\/p>\n<p>[\/et_pb_text][\/et_pb_column][\/et_pb_row][et_pb_row _builder_version=\u00bb4.27.4&#8243; _module_preset=\u00bbdefault\u00bb max_width=\u00bb100%\u00bb global_colors_info=\u00bb{}\u00bb][et_pb_column type=\u00bb4_4&#8243; _builder_version=\u00bb4.27.4&#8243; _module_preset=\u00bbdefault\u00bb global_colors_info=\u00bb{}\u00bb][et_pb_heading title=\u00bbObjetivo\u00bb _builder_version=\u00bb4.27.4&#8243; _module_preset=\u00bbdefault\u00bb title_level=\u00bbh2&#8243; title_text_align=\u00bbcenter\u00bb title_text_color=\u00bb#FFFFFF\u00bb background_color=\u00bb#C8A977&#8243; custom_margin=\u00bb0px||0px||false|false\u00bb custom_padding=\u00bb1em||1em||false|false\u00bb title_text_shadow_style=\u00bbpreset1&#8243; border_radii=\u00bboff|15px|15px||\u00bb global_colors_info=\u00bb{}\u00bb][\/et_pb_heading][et_pb_text _builder_version=\u00bb4.27.2&#8243; _module_preset=\u00bbdefault\u00bb custom_margin=\u00bb0px||0px||false|false\u00bb custom_padding=\u00bb1em|1em|1em|1em|false|false\u00bb border_radii=\u00bboff|||15px|15px\u00bb border_width_all=\u00bb1px\u00bb global_colors_info=\u00bb{}\u00bb]<\/p>\n<div class=\"service-content-block\">\n<p><strong>Seg\u00fan Ley 7493<\/strong><\/p>\n<p><strong>Art\u00edculo 1\u00ba<\/strong><span>\u00a0<\/span>\u2013 El Servicio Penitenciario de la Provincia de Mendoza es el organismo civil, armado, jerarquizado y profesional integrante del Sistema de Justicia y Seguridad P\u00fablica de la Provincia, que tiene por finalidad la ejecuci\u00f3n de las penas privativas de la libertad, para lograr que el condenado adquiera la capacidad de comprender y respetar la ley, procurando su adecuada reinserci\u00f3n social y promoviendo la comprensi\u00f3n y el apoyo de la sociedad.<\/p>\n<p>En la ejecuci\u00f3n de esta finalidad, la custodia y guarda de procesados y condenados se har\u00e1 del modo que resulte m\u00e1s favorable para resguardar su dignidad, su personalidad y el principio de inocencia. Asimismo, tiene a su cargo la emisi\u00f3n y confecci\u00f3n de dict\u00e1menes criminol\u00f3gicos, funciones previstas en la Ley Nacional de Ejecuci\u00f3n Penal.<\/p>\n<\/div>\n<p>[\/et_pb_text][\/et_pb_column][\/et_pb_row][et_pb_row _builder_version=\u00bb4.27.4&#8243; _module_preset=\u00bbdefault\u00bb max_width=\u00bb100%\u00bb custom_padding=\u00bb||57px|||\u00bb global_colors_info=\u00bb{}\u00bb][et_pb_column type=\u00bb4_4&#8243; _builder_version=\u00bb4.27.4&#8243; _module_preset=\u00bbdefault\u00bb global_colors_info=\u00bb{}\u00bb][et_pb_heading title=\u00bbFunciones\u00bb _builder_version=\u00bb4.27.4&#8243; _module_preset=\u00bbdefault\u00bb title_level=\u00bbh2&#8243; title_text_align=\u00bbcenter\u00bb title_text_color=\u00bb#FFFFFF\u00bb background_color=\u00bb#C8A977&#8243; custom_margin=\u00bb0px||0px||false|false\u00bb custom_padding=\u00bb1em||1em||false|false\u00bb title_text_shadow_style=\u00bbpreset1&#8243; border_radii=\u00bboff|15px|15px||\u00bb global_colors_info=\u00bb{}\u00bb][\/et_pb_heading][et_pb_text _builder_version=\u00bb4.27.2&#8243; _module_preset=\u00bbdefault\u00bb custom_margin=\u00bb0px||0px||false|false\u00bb custom_padding=\u00bb1em|1em|1em|1em|false|false\u00bb border_radii=\u00bboff|||15px|15px\u00bb border_width_all=\u00bb1px\u00bb global_colors_info=\u00bb{}\u00bb]<\/p>\n<div class=\"service-content-block\">\n<div class=\"col-md-10\">\n<p><strong>Seg\u00fan Ley 7976<\/strong><\/p>\n<p><strong>Art\u00edculo 5\u00ba<\/strong><span>\u00a0<\/span>\u2013 Son funciones de la Direcci\u00f3n General del Servicio Penitenciario:<\/p>\n<p><strong>a)<\/strong><span>\u00a0<\/span>Procurar la reinserci\u00f3n social de los condenados a penas privativas de libertad, de conformidad con lo establecido por la Ley 24.660 y sus modificatorias.<\/p>\n<p><strong>b)<\/strong><span>\u00a0<\/span>Velar por la seguridad y custodia de las personas sometidas a procesos y de las condenadas a penas privativas de la libertad, garantizando sus derechos fundamentales.<\/p>\n<p><strong>c)<\/strong><span>\u00a0<\/span>Adoptar todas las medidas que requiera la protecci\u00f3n de los derechos humanos de las personas privadas de libertad bajo su jurisdicci\u00f3n, en particular su vida e integridad f\u00edsica.<\/p>\n<p><strong>d)<\/strong><span>\u00a0<\/span>Organizar y ejecutar la pol\u00edtica penitenciaria que fije el Poder Ejecutivo Provincial a trav\u00e9s de la Subsecretar\u00eda de Justicia y Derechos Humanos;<\/p>\n<p><strong>e)<\/strong><span>\u00a0<\/span>Asesorar al Poder Ejecutivo Provincial en todo asunto que se relacione con la pol\u00edtica penitenciaria.<\/p>\n<p><strong>f)<\/strong><span>\u00a0<\/span>Cooperar con otros organismos en la elaboraci\u00f3n de una pol\u00edtica de prevenci\u00f3n de la delincuencia.<\/p>\n<\/div>\n<\/div>\n<p>[\/et_pb_text][\/et_pb_column][\/et_pb_row][\/et_pb_section]<\/p>\n","protected":false},"excerpt":{"rendered":"<p>HISTORIA La construcci\u00f3n de la c\u00e1rcel emblema de la provincia data de 1905, momento en que se colocaba la piedra fundamental en los terrenos donados por don Emilio Civit. A lo largo de la historia se registran antecedentes relacionados\u00a0 a la guarda y custodia de personas privadas de la libertad. Referirnos al Servicio Penitenciario de [&hellip;]<\/p>\n","protected":false},"author":27,"featured_media":0,"parent":0,"menu_order":0,"comment_status":"closed","ping_status":"closed","template":"","meta":{"_et_pb_use_builder":"on","_et_pb_old_content":"","_et_gb_content_width":"","footnotes":""},"class_list":["post-846","page","type-page","status-publish","hentry"],"_links":{"self":[{"href":"https:\/\/informacionoficial.mendoza.gob.ar\/seguridadyjusticia\/wp-json\/wp\/v2\/pages\/846","targetHints":{"allow":["GET"]}}],"collection":[{"href":"https:\/\/informacionoficial.mendoza.gob.ar\/seguridadyjusticia\/wp-json\/wp\/v2\/pages"}],"about":[{"href":"https:\/\/informacionoficial.mendoza.gob.ar\/seguridadyjusticia\/wp-json\/wp\/v2\/types\/page"}],"author":[{"embeddable":true,"href":"https:\/\/informacionoficial.mendoza.gob.ar\/seguridadyjusticia\/wp-json\/wp\/v2\/users\/27"}],"replies":[{"embeddable":true,"href":"https:\/\/informacionoficial.mendoza.gob.ar\/seguridadyjusticia\/wp-json\/wp\/v2\/comments?post=846"}],"version-history":[{"count":8,"href":"https:\/\/informacionoficial.mendoza.gob.ar\/seguridadyjusticia\/wp-json\/wp\/v2\/pages\/846\/revisions"}],"predecessor-version":[{"id":1711,"href":"https:\/\/informacionoficial.mendoza.gob.ar\/seguridadyjusticia\/wp-json\/wp\/v2\/pages\/846\/revisions\/1711"}],"wp:attachment":[{"href":"https:\/\/informacionoficial.mendoza.gob.ar\/seguridadyjusticia\/wp-json\/wp\/v2\/media?parent=846"}],"curies":[{"name":"wp","href":"https:\/\/api.w.org\/{rel}","templated":true}]}}