{"id":882,"date":"2025-07-11T18:19:46","date_gmt":"2025-07-11T16:19:46","guid":{"rendered":"https:\/\/informacionoficial.mendoza.gob.ar\/seguridadyjusticia\/?page_id=882"},"modified":"2026-01-15T10:47:09","modified_gmt":"2026-01-15T13:47:09","slug":"0800-800-7362-pena","status":"publish","type":"page","link":"https:\/\/informacionoficial.mendoza.gob.ar\/seguridadyjusticia\/0800-800-7362-pena\/","title":{"rendered":"0800-800-7362 (PENA)"},"content":{"rendered":"[et_pb_section fb_built=\u00bb1&#8243; admin_label=\u00bbsection\u00bb _builder_version=\u00bb4.16&#8243; global_colors_info=\u00bb{}\u00bb][et_pb_row admin_label=\u00bbrow\u00bb _builder_version=\u00bb4.16&#8243; background_size=\u00bbinitial\u00bb background_position=\u00bbtop_left\u00bb background_repeat=\u00bbrepeat\u00bb global_colors_info=\u00bb{}\u00bb][et_pb_column type=\u00bb4_4&#8243; _builder_version=\u00bb4.16&#8243; custom_padding=\u00bb|||\u00bb global_colors_info=\u00bb{}\u00bb custom_padding__hover=\u00bb|||\u00bb][et_pb_image src=\u00bbhttps:\/\/mza-dicaws-portal-uploads-media-prod.s3.amazonaws.com\/informacion-oficial\/uploads\/sites\/16\/2026\/01\/encabezado.jpg\u00bb _builder_version=\u00bb4.27.4&#8243; _module_preset=\u00bbdefault\u00bb title_text=\u00bbencabezado\u00bb hover_enabled=\u00bb0&#8243; sticky_enabled=\u00bb0&#8243;][\/et_pb_image][et_pb_text admin_label=\u00bbText\u00bb _builder_version=\u00bb4.16&#8243; background_size=\u00bbinitial\u00bb background_position=\u00bbtop_left\u00bb background_repeat=\u00bbrepeat\u00bb global_colors_info=\u00bb{}\u00bb]<p><strong style=\"color: #000000;font-size: 20px\">CENTRO DE ATENCI\u00d3N INSTITUCIONAL<\/strong><\/p>\n<p><!-- \/wp:post-content --><\/p>\n<p><!-- wp:paragraph {\"style\":{\"elements\":{\"link\":{\"color\":{\"text\":\"var:preset|color|black\"}}}},\"textColor\":\"black\"} --><\/p>\n<p class=\"has-black-color has-text-color has-link-color\">La implementaci\u00f3n del Centro de Atenci\u00f3n Institucional tiene como objetivo aumentar las herramientas con que cuenta el Servicio Penitenciario de Mendoza, para garantizar la transparencia de sus acciones en todos los \u00e1mbitos, dejando en claro el compromiso \u00e9tico y la responsabilidad institucional, en busca de resultados legales con mayor eficacia.<\/p>\n<p><!-- \/wp:paragraph --><\/p>\n<p><!-- wp:paragraph {\"style\":{\"elements\":{\"link\":{\"color\":{\"text\":\"var:preset|color|black\"}}}},\"textColor\":\"black\"} --><\/p>\n<p class=\"has-black-color has-text-color has-link-color\">Este Centro de Atenci\u00f3n Institucional resulta un canal activo para la prevenci\u00f3n y el cese de cualquier hecho de corrupci\u00f3n, y un inmediato canal para la administraci\u00f3n penitenciaria para trabajar en la protecci\u00f3n de los Derechos Humanos, ya sea de las personas privadas de su libertad, de los agentes penitenciarios y de todos como aquellos que est\u00e9n involucrados en la esfera del Servicio Penitenciario de Mendoza.<\/p>\n<p><!-- \/wp:paragraph --><\/p>[\/et_pb_text][\/et_pb_column][\/et_pb_row][et_pb_row _builder_version=\u00bb4.27.4&#8243; _module_preset=\u00bbdefault\u00bb module_alignment=\u00bbcenter\u00bb hover_enabled=\u00bb0&#8243; sticky_enabled=\u00bb0&#8243;][et_pb_column _builder_version=\u00bb4.27.4&#8243; _module_preset=\u00bbdefault\u00bb type=\u00bb4_4&#8243;][et_pb_image src=\u00bbhttps:\/\/mza-dicaws-portal-uploads-media-prod.s3.amazonaws.com\/informacion-oficial\/uploads\/sites\/16\/2026\/01\/clasificacion.png\u00bb _builder_version=\u00bb4.27.4&#8243; _module_preset=\u00bbdefault\u00bb hover_enabled=\u00bb0&#8243; sticky_enabled=\u00bb0&#8243; title_text=\u00bbclasificacion\u00bb][\/et_pb_image][\/et_pb_column][\/et_pb_row][et_pb_row _builder_version=\u00bb4.27.4&#8243; _module_preset=\u00bbdefault\u00bb][et_pb_column _builder_version=\u00bb4.27.4&#8243; _module_preset=\u00bbdefault\u00bb type=\u00bb4_4&#8243;][et_pb_text _builder_version=\u00bb4.27.4&#8243; _module_preset=\u00bbdefault\u00bb hover_enabled=\u00bb0&#8243; sticky_enabled=\u00bb0&#8243; custom_margin=\u00bb-33px|||||\u00bb]<p><span style=\"color: #000000\">En concordancia con la naturaleza de la tarea encomendada, los operadores firman un acta de confidencialidad respecto al manejo de la informaci\u00f3n que derive de los llamados a los que tengan acceso o de las que tengan conocimiento. Ello con el fin de salvaguardar la naturaleza de reserva respecto del nombre y dem\u00e1s datos de la persona y de los terceros a los que les consten los hechos.<\/span><\/p>[\/et_pb_text][\/et_pb_column][\/et_pb_row][\/et_pb_section]","protected":false},"excerpt":{"rendered":"<p>CENTRO DE ATENCI\u00d3N INSTITUCIONAL La implementaci\u00f3n del Centro de Atenci\u00f3n Institucional tiene como objetivo aumentar las herramientas con que cuenta el Servicio Penitenciario de Mendoza, para garantizar la transparencia de sus acciones en todos los \u00e1mbitos, dejando en claro el compromiso \u00e9tico y la responsabilidad institucional, en busca de resultados legales con mayor eficacia. Este [&hellip;]<\/p>\n","protected":false},"author":26,"featured_media":0,"parent":0,"menu_order":0,"comment_status":"closed","ping_status":"closed","template":"","meta":{"_et_pb_use_builder":"on","_et_pb_old_content":"<!-- wp:image {\"id\":9596} -->\n<figure class=\"wp-block-image\"><img src=\"https:\/\/www.mendoza.gov.ar\/wp-content\/uploads\/sites\/26\/2025\/02\/0800.png\" alt=\"\" class=\"wp-image-9596\" \/><\/figure>\n<!-- \/wp:image -->\n\n<!-- wp:paragraph {\"style\":{\"elements\":{\"link\":{\"color\":{\"text\":\"var:preset|color|black\"}}}},\"textColor\":\"black\",\"fontSize\":\"medium\"} -->\n<p class=\"has-black-color has-text-color has-link-color has-medium-font-size\"><strong>CENTRO DE ATENCI\u00d3N INSTITUCIONAL<\/strong><\/p>\n<!-- \/wp:paragraph -->\n\n<!-- wp:paragraph {\"style\":{\"elements\":{\"link\":{\"color\":{\"text\":\"var:preset|color|black\"}}}},\"textColor\":\"black\"} -->\n<p class=\"has-black-color has-text-color has-link-color\">La implementaci\u00f3n del Centro de Atenci\u00f3n Institucional tiene como objetivo aumentar las herramientas con que cuenta el Servicio Penitenciario de Mendoza, para garantizar la transparencia de sus acciones en todos los \u00e1mbitos, dejando en claro el compromiso \u00e9tico y la responsabilidad institucional, en busca de resultados legales con mayor eficacia.<\/p>\n<!-- \/wp:paragraph -->\n\n<!-- wp:paragraph {\"style\":{\"elements\":{\"link\":{\"color\":{\"text\":\"var:preset|color|black\"}}}},\"textColor\":\"black\"} -->\n<p class=\"has-black-color has-text-color has-link-color\">Este Centro de Atenci\u00f3n Institucional resulta un canal activo para la prevenci\u00f3n y el cese de cualquier hecho de corrupci\u00f3n, y un inmediato canal para la administraci\u00f3n penitenciaria para trabajar en la protecci\u00f3n de los Derechos Humanos, ya sea de las personas privadas de su libertad, de los agentes penitenciarios y de todos como aquellos que est\u00e9n involucrados en la esfera del Servicio Penitenciario de Mendoza<\/p>\n<!-- \/wp:paragraph -->\n\n<!-- wp:paragraph {\"style\":{\"elements\":{\"link\":{\"color\":{\"text\":\"var:preset|color|black\"}}}},\"textColor\":\"black\",\"fontSize\":\"medium\"} -->\n<p class=\"has-black-color has-text-color has-link-color has-medium-font-size\"><strong>CLASIFICACI\u00d3N DE COMUNICACIONES RECEPCIONADAS<\/strong><\/p>\n<!-- \/wp:paragraph -->\n\n<!-- wp:paragraph {\"style\":{\"elements\":{\"link\":{\"color\":{\"text\":\"var:preset|color|black\"}}}},\"textColor\":\"black\"} -->\n<p class=\"has-black-color has-text-color has-link-color\"><strong>1-IRREGULARIDADES DEL PERSONAL PENITENCIARIO<\/strong><br><strong>2-IRREGULARIDADES DE LOS INTERNOS<\/strong><br><strong>3-IRREGULARIDADES DE INFRAESTRUCTURA<\/strong><br><strong>4-PROBLEM\u00c1TICA ADMINISTRATIVA<\/strong><br><strong>5-DADIVAS\/COIMAS<\/strong><\/p>\n<!-- \/wp:paragraph -->\n\n<!-- wp:paragraph {\"style\":{\"elements\":{\"link\":{\"color\":{\"text\":\"var:preset|color|black\"}}}},\"textColor\":\"black\",\"fontSize\":\"medium\"} -->\n<p class=\"has-black-color has-text-color has-link-color has-medium-font-size\"><strong>CONFIDENCIALIDAD DE LA INFORMACI\u00d3N<\/strong><\/p>\n<!-- \/wp:paragraph -->\n\n<!-- wp:paragraph {\"style\":{\"elements\":{\"link\":{\"color\":{\"text\":\"var:preset|color|black\"}}}},\"textColor\":\"black\"} -->\n<p class=\"has-black-color has-text-color has-link-color\">En concordancia con la naturaleza de la tarea encomendada, los operadores firman un acta de confidencialidad respecto al manejo de la informaci\u00f3n que derive de los llamados a los que tengan acceso o de las que tengan conocimiento. Ello con el fin de salvaguardar la naturaleza de reserva respecto del nombre y dem\u00e1s datos de la persona y de los terceros a los que les consten los hechos.<\/p>\n<!-- \/wp:paragraph -->","_et_gb_content_width":"1080","footnotes":""},"class_list":["post-882","page","type-page","status-publish","hentry"],"_links":{"self":[{"href":"https:\/\/informacionoficial.mendoza.gob.ar\/seguridadyjusticia\/wp-json\/wp\/v2\/pages\/882","targetHints":{"allow":["GET"]}}],"collection":[{"href":"https:\/\/informacionoficial.mendoza.gob.ar\/seguridadyjusticia\/wp-json\/wp\/v2\/pages"}],"about":[{"href":"https:\/\/informacionoficial.mendoza.gob.ar\/seguridadyjusticia\/wp-json\/wp\/v2\/types\/page"}],"author":[{"embeddable":true,"href":"https:\/\/informacionoficial.mendoza.gob.ar\/seguridadyjusticia\/wp-json\/wp\/v2\/users\/26"}],"replies":[{"embeddable":true,"href":"https:\/\/informacionoficial.mendoza.gob.ar\/seguridadyjusticia\/wp-json\/wp\/v2\/comments?post=882"}],"version-history":[{"count":11,"href":"https:\/\/informacionoficial.mendoza.gob.ar\/seguridadyjusticia\/wp-json\/wp\/v2\/pages\/882\/revisions"}],"predecessor-version":[{"id":2587,"href":"https:\/\/informacionoficial.mendoza.gob.ar\/seguridadyjusticia\/wp-json\/wp\/v2\/pages\/882\/revisions\/2587"}],"wp:attachment":[{"href":"https:\/\/informacionoficial.mendoza.gob.ar\/seguridadyjusticia\/wp-json\/wp\/v2\/media?parent=882"}],"curies":[{"name":"wp","href":"https:\/\/api.w.org\/{rel}","templated":true}]}}