{"id":895,"date":"2025-07-11T18:51:35","date_gmt":"2025-07-11T16:51:35","guid":{"rendered":"https:\/\/informacionoficial.mendoza.gob.ar\/seguridadyjusticia\/?page_id=895"},"modified":"2026-04-06T10:42:56","modified_gmt":"2026-04-06T13:42:56","slug":"banda-de-musica-del-servicio-penitenciario-de-mendoza-san-miguel-arcangel","status":"publish","type":"page","link":"https:\/\/informacionoficial.mendoza.gob.ar\/seguridadyjusticia\/banda-de-musica-del-servicio-penitenciario-de-mendoza-san-miguel-arcangel\/","title":{"rendered":"Banda de M\u00fasica del Servicio Penitenciario de Mendoza \u00abSan Miguel Arc\u00e1ngel\u00bb"},"content":{"rendered":"<p>[et_pb_section fb_built=\u00bb1&#8243; admin_label=\u00bbsection\u00bb _builder_version=\u00bb4.16&#8243; custom_padding=\u00bb9px|||||\u00bb global_colors_info=\u00bb{}\u00bb][et_pb_row admin_label=\u00bbrow\u00bb _builder_version=\u00bb4.16&#8243; background_size=\u00bbinitial\u00bb background_position=\u00bbtop_left\u00bb background_repeat=\u00bbrepeat\u00bb global_colors_info=\u00bb{}\u00bb][et_pb_column type=\u00bb4_4&#8243; _builder_version=\u00bb4.16&#8243; custom_padding=\u00bb|||\u00bb global_colors_info=\u00bb{}\u00bb custom_padding__hover=\u00bb|||\u00bb][et_pb_image src=\u00bbhttps:\/\/mza-dicaws-portal-uploads-media-prod.s3.amazonaws.com\/informacion-oficial\/uploads\/sites\/16\/2026\/02\/banda-de-musica.png\u00bb title_text=\u00bbbanda de m\u00fasica\u00bb _builder_version=\u00bb4.27.4&#8243; _module_preset=\u00bbdefault\u00bb global_colors_info=\u00bb{}\u00bb][\/et_pb_image][et_pb_post_title meta=\u00bboff\u00bb featured_image=\u00bboff\u00bb _builder_version=\u00bb4.27.4&#8243; _module_preset=\u00bbdefault\u00bb locked=\u00bboff\u00bb global_colors_info=\u00bb{}\u00bb][\/et_pb_post_title][et_pb_text admin_label=\u00bbText\u00bb _builder_version=\u00bb4.16&#8243; background_size=\u00bbinitial\u00bb background_position=\u00bbtop_left\u00bb background_repeat=\u00bbrepeat\u00bb global_colors_info=\u00bb{}\u00bb]<!-- divi:paragraph {\"style\":{\"elements\":{\"link\":{\"color\":{\"text\":\"var:preset|color|black\"}}}},\"textColor\":\"black\"} --><\/p>\n<p class=\"has-black-color has-text-color has-link-color\">A partir de Resoluci\u00f3n 1645\/22, se da lugar a la creaci\u00f3n de la Banda de M\u00fasica del Servicio Penitenciario de Mendoza, \u201cSan Miguel Arc\u00e1ngel\u201d, con dependencia org\u00e1nica y funcional de la Oficina de Prensa y Difusi\u00f3n de dicha instituci\u00f3n.<span style=\"font-size: 14px;color: #666666\">\u00a0<\/span><\/p>\n<p>\u00a0<span style=\"color: #000000;font-size: 14px\">Es oportuno mencionar que fue la Oficina de Ceremonial y Protocolo quien propuso la creaci\u00f3n de la Banda de M\u00fasica del Servicio Penitenciario de Mendoza, en honor al General Don Jos\u00e9 de San Mart\u00edn, quien tom\u00f3 como factor fundamental la incorporaci\u00f3n de bandas militares, que acompa\u00f1aran y templaran el esp\u00edritu de sus soldados en las campa\u00f1as de lucha por la libertad y soberan\u00eda de nuestro pueblo.\u00a0<\/span><\/p>\n<p><span style=\"color: #000000;font-size: 14px\">El hecho de contar con una banda de m\u00fasica genera una identidad propia, la cual redunda en un estado de apego del personal a las celebraciones institucionales. Por ello, la misi\u00f3n de la banda ser\u00e1 representar a nuestro Servicio Penitenciario en eventos internos, como as\u00ed tambi\u00e9n en los distintos actos que se desarrollen por fuera, con el objeto de exteriorizar el crecimiento institucional, abrirse, crear lazos, y realizar distintos aportes a la sociedad y\/o a otras fuerzas.<\/span>\u00a0<\/p>\n<p>\u00a0<a href=\"https:\/\/mza-dicaws-portal-uploads-media-prod.s3.amazonaws.com\/informacion-oficial\/uploads\/sites\/16\/2026\/04\/NOTA-BANDA.pdf\" style=\"font-size: 14px\">Pedido de la Banda &#8211; DESCARGAR<\/a><\/p>\n<p>&nbsp;<\/p>\n<p>&nbsp;<\/p>\n<p><!-- \/divi:paragraph -->[\/et_pb_text][\/et_pb_column][\/et_pb_row][\/et_pb_section]<\/p>\n","protected":false},"excerpt":{"rendered":"<p>A partir de Resoluci\u00f3n 1645\/22, se da lugar a la creaci\u00f3n de la Banda de M\u00fasica del Servicio Penitenciario de Mendoza, \u201cSan Miguel Arc\u00e1ngel\u201d, con dependencia org\u00e1nica y funcional de la Oficina de Prensa y Difusi\u00f3n de dicha instituci\u00f3n.\u00a0 \u00a0Es oportuno mencionar que fue la Oficina de Ceremonial y Protocolo quien propuso la creaci\u00f3n de [&hellip;]<\/p>\n","protected":false},"author":52,"featured_media":0,"parent":0,"menu_order":0,"comment_status":"closed","ping_status":"closed","template":"","meta":{"_et_pb_use_builder":"on","_et_pb_old_content":"<!-- wp:paragraph {\"style\":{\"elements\":{\"link\":{\"color\":{\"text\":\"var:preset|color|black\"}}}},\"textColor\":\"black\"} -->\n<p class=\"has-black-color has-text-color has-link-color\">A partir de Resoluci\u00f3n 1645\/22, se da lugar a la creaci\u00f3n de la Banda de M\u00fasica del Servicio Penitenciario de Mendoza, \u201cSan Miguel Arc\u00e1ngel\u201d, con dependencia org\u00e1nica y funcional de la Oficina de Prensa y Difusi\u00f3n de dicha instituci\u00f3n.<\/p>\n<!-- \/wp:paragraph -->\n\n<!-- wp:paragraph {\"style\":{\"elements\":{\"link\":{\"color\":{\"text\":\"var:preset|color|black\"}}}},\"textColor\":\"black\"} -->\n<p class=\"has-black-color has-text-color has-link-color\">Es oportuno mencionar que fue la Oficina de Ceremonial y Protocolo quien propuso la creaci\u00f3n de la Banda de M\u00fasica del Servicio Penitenciario de Mendoza, en honor al General Don Jos\u00e9 de San Mart\u00edn, quien tom\u00f3 como factor fundamental la incorporaci\u00f3n de bandas militares, que acompa\u00f1aran y templaran el esp\u00edritu de sus soldados en las campa\u00f1as de lucha por la libertad y soberan\u00eda de nuestro pueblo.<\/p>\n<!-- \/wp:paragraph -->\n\n<!-- wp:paragraph {\"style\":{\"elements\":{\"link\":{\"color\":{\"text\":\"var:preset|color|black\"}}}},\"textColor\":\"black\"} -->\n<p class=\"has-black-color has-text-color has-link-color\">El hecho de contar con una banda de m\u00fasica genera una identidad propia, la cual redunda en un estado de apego del personal a las celebraciones institucionales. Por ello, la misi\u00f3n de la banda ser\u00e1 representar a nuestro Servicio Penitenciario en eventos internos, como as\u00ed tambi\u00e9n en los distintos actos que se desarrollen por fuera, con el objeto de exteriorizar el crecimiento institucional, abrirse, crear lazos, y realizar distintos aportes a la sociedad y\/o a otras fuerzas.<\/p>\n<!-- \/wp:paragraph -->\n\n<!-- wp:paragraph {\"style\":{\"elements\":{\"link\":{\"color\":{\"text\":\"var:preset|color|vivid-cyan-blue\"}}}},\"textColor\":\"vivid-cyan-blue\"} -->\n<p class=\"has-vivid-cyan-blue-color has-text-color has-link-color\"><a href=\"https:\/\/www.mendoza.gov.ar\/wp-content\/uploads\/sites\/26\/2025\/03\/PAPELERIA-2023-27-Membrete-SPM-DGRAL-1.pdf\">Pedido de la Banda - DESCARGAR<\/a><\/p>\n<!-- \/wp:paragraph -->","_et_gb_content_width":"1080","footnotes":""},"class_list":["post-895","page","type-page","status-publish","hentry"],"_links":{"self":[{"href":"https:\/\/informacionoficial.mendoza.gob.ar\/seguridadyjusticia\/wp-json\/wp\/v2\/pages\/895","targetHints":{"allow":["GET"]}}],"collection":[{"href":"https:\/\/informacionoficial.mendoza.gob.ar\/seguridadyjusticia\/wp-json\/wp\/v2\/pages"}],"about":[{"href":"https:\/\/informacionoficial.mendoza.gob.ar\/seguridadyjusticia\/wp-json\/wp\/v2\/types\/page"}],"author":[{"embeddable":true,"href":"https:\/\/informacionoficial.mendoza.gob.ar\/seguridadyjusticia\/wp-json\/wp\/v2\/users\/52"}],"replies":[{"embeddable":true,"href":"https:\/\/informacionoficial.mendoza.gob.ar\/seguridadyjusticia\/wp-json\/wp\/v2\/comments?post=895"}],"version-history":[{"count":14,"href":"https:\/\/informacionoficial.mendoza.gob.ar\/seguridadyjusticia\/wp-json\/wp\/v2\/pages\/895\/revisions"}],"predecessor-version":[{"id":2778,"href":"https:\/\/informacionoficial.mendoza.gob.ar\/seguridadyjusticia\/wp-json\/wp\/v2\/pages\/895\/revisions\/2778"}],"wp:attachment":[{"href":"https:\/\/informacionoficial.mendoza.gob.ar\/seguridadyjusticia\/wp-json\/wp\/v2\/media?parent=895"}],"curies":[{"name":"wp","href":"https:\/\/api.w.org\/{rel}","templated":true}]}}