{"id":964,"date":"2025-07-22T18:21:11","date_gmt":"2025-07-22T16:21:11","guid":{"rendered":"https:\/\/informacionoficial.mendoza.gob.ar\/seguridadyjusticia\/?page_id=964"},"modified":"2026-04-23T12:54:52","modified_gmt":"2026-04-23T15:54:52","slug":"informes-de-gestion","status":"publish","type":"page","link":"https:\/\/informacionoficial.mendoza.gob.ar\/seguridadyjusticia\/informes-de-gestion\/","title":{"rendered":"Informes de Gesti\u00f3n Servicio Penitenciario"},"content":{"rendered":"<p>[et_pb_section fb_built=\u00bb1&#8243; admin_label=\u00bbsection\u00bb _builder_version=\u00bb4.16&#8243; global_colors_info=\u00bb{}\u00bb][et_pb_row admin_label=\u00bbrow\u00bb _builder_version=\u00bb4.16&#8243; background_size=\u00bbinitial\u00bb background_position=\u00bbtop_left\u00bb background_repeat=\u00bbrepeat\u00bb global_colors_info=\u00bb{}\u00bb][et_pb_column type=\u00bb4_4&#8243; _builder_version=\u00bb4.16&#8243; custom_padding=\u00bb|||\u00bb global_colors_info=\u00bb{}\u00bb custom_padding__hover=\u00bb|||\u00bb][et_pb_image src=\u00bbhttps:\/\/mza-dicaws-portal-uploads-media-prod.s3.amazonaws.com\/informacion-oficial\/uploads\/sites\/16\/2026\/02\/infomes-de-gestion.png\u00bb title_text=\u00bbinfomes de gestion\u00bb _builder_version=\u00bb4.27.4&#8243; _module_preset=\u00bbdefault\u00bb global_colors_info=\u00bb{}\u00bb][\/et_pb_image][et_pb_post_title meta=\u00bboff\u00bb featured_image=\u00bboff\u00bb _builder_version=\u00bb4.27.4&#8243; _module_preset=\u00bbdefault\u00bb locked=\u00bboff\u00bb global_colors_info=\u00bb{}\u00bb][\/et_pb_post_title][et_pb_text admin_label=\u00bbText\u00bb _builder_version=\u00bb4.16&#8243; background_size=\u00bbinitial\u00bb background_position=\u00bbtop_left\u00bb background_repeat=\u00bbrepeat\u00bb custom_margin=\u00bb-22px|||||\u00bb global_colors_info=\u00bb{}\u00bb]<!-- divi:paragraph {\"style\":{\"elements\":{\"link\":{\"color\":{\"text\":\"var:preset|color|black\"}}},\"typography\":{\"fontSize\":\"14px\"}},\"textColor\":\"black\"} --><\/p>\n<p class=\"has-black-color has-text-color has-link-color\" style=\"font-size: 14px\">En pos de la transparencia y la responsabilidad en la gesti\u00f3n p\u00fablica, el Servicio Penitenciario ha trabajado fuertemente en la producci\u00f3n de estad\u00edsticas e investigaciones que sirvan de fuente de informaci\u00f3n para las pol\u00edticas penitenciarias, y gu\u00eden las decisiones de las autoridades con datos concretos y precisos que permitan hacer evaluaciones de la realidad, adem\u00e1s de aportar informaci\u00f3n p\u00fablica, para que todo ciudadano pueda tener acceso a los datos del Servicio Penitenciario, continuando as\u00ed con la decisi\u00f3n de ser una instituci\u00f3n abierta a la sociedad, que muestra su gesti\u00f3n y rinde cuentas a la ciudadan\u00eda.<\/p>\n<p class=\"has-black-color has-text-color has-link-color\" style=\"font-size: 14px\">La elaboraci\u00f3n de \u201cInformes de Gesti\u00f3n\u201d desde 2016 ha permitido detallar las principales actividades llevadas a cabo por la instituci\u00f3n, en materia de Tratamiento, Educaci\u00f3n, Trabajo, Salud, Seguridad, Obras e Infraestructura Penitenciaria, RRHH, mediante la informatizaci\u00f3n de datos, y su acompa\u00f1amiento estad\u00edstico correspondiente.<\/p>\n<p class=\"has-black-color has-text-color has-link-color\" style=\"font-size: 14px\"><a href=\"https:\/\/www.mendoza.gov.ar\/wp-content\/uploads\/sites\/26\/2025\/02\/EstudioJovenesAdultos2024Final.docx.pdf\"><strong>Estudio de J\u00f3venes Adultos privados de la libertad en el Servicio Penitenciario de Mendoza 2024<\/strong><\/a><\/p>\n<p class=\"has-black-color has-text-color has-link-color\" style=\"font-size: 14px\"><a href=\"https:\/\/www.mendoza.gov.ar\/wp-content\/uploads\/sites\/26\/2025\/06\/INFORME-GESTION-2024-SPMZA_2024.pdf\"><strong><\/strong><\/a><a href=\"https:\/\/informacionoficial.mendoza.gob.ar\/seguridadyjusticia\/servicio-penitenciario\/\"><strong>Memoria Anual 2025<\/strong><\/a><\/p>\n<p class=\"has-black-color has-text-color has-link-color\" style=\"font-size: 14px\"><a href=\"https:\/\/www.mendoza.gov.ar\/wp-content\/uploads\/sites\/26\/2025\/06\/INFORME-GESTION-2024-SPMZA_2024.pdf\"><strong>Memoria Anual 2024<\/strong><\/a><\/p>\n<p class=\"has-black-color has-text-color has-link-color\" style=\"font-size: 14px\"><a href=\"https:\/\/www.mendoza.gov.ar\/wp-content\/uploads\/sites\/26\/2025\/02\/MEMORIA-ANUAL-VERSION-DIGITAL-2023.pdf\"><strong>Memoria Anual 2023<\/strong><\/a><\/p>\n<p class=\"has-black-color has-text-color has-link-color\" style=\"font-size: 14px\"><a href=\"https:\/\/www.mendoza.gov.ar\/wp-content\/uploads\/sites\/26\/2025\/02\/MEMORIA-ANUAL-VERSION-DIGITAL-2022.pdf\"><strong>Memoria Anual 2022<\/strong><\/a><\/p>\n<p class=\"has-black-color has-text-color has-link-color\" style=\"font-size: 14px\"><a href=\"https:\/\/www.mendoza.gov.ar\/wp-content\/uploads\/sites\/26\/2025\/02\/MEMORIA-ANUAL-VERSION-DIGITAL-2021-C.pdf\"><strong>Memoria Anual 2021<\/strong><\/a><\/p>\n<p class=\"has-black-color has-text-color has-link-color\" style=\"font-size: 14px\"><a href=\"https:\/\/www.mendoza.gov.ar\/wp-content\/uploads\/sites\/26\/2025\/02\/MEMORIA-ANUAL-VERSION-DIGITAL-2020_FINAL_compressed2.pdf\"><strong>Memoria Anual 2020<\/strong><\/a><\/p>\n<p class=\"has-black-color has-text-color has-link-color\" style=\"font-size: 14px\"><a href=\"https:\/\/www.mendoza.gov.ar\/wp-content\/uploads\/sites\/26\/2025\/02\/memoria-anual-spp-2019.pdf\"><strong>Memoria Anual 2019<\/strong><\/a><\/p>\n<p class=\"has-black-color has-text-color has-link-color\" style=\"font-size: 14px\"><a href=\"https:\/\/www.mendoza.gov.ar\/wp-content\/uploads\/sites\/26\/2025\/02\/original-memoria-anual-2018-version-digital_optimize-3.pdf\"><strong>Memoria Anual 2018<\/strong><\/a><\/p>\n<p class=\"has-black-color has-text-color has-link-color\" style=\"font-size: 14px\"><a href=\"https:\/\/www.mendoza.gov.ar\/wp-content\/uploads\/sites\/26\/2025\/02\/ORIGINAL-MEMORIA-ANUAL-2017_original_optimize.pdf\"><strong>Memoria Anual 2017<\/strong><\/a><\/p>\n<p class=\"has-black-color has-text-color has-link-color\" style=\"font-size: 14px\"><a href=\"https:\/\/www.mendoza.gov.ar\/wp-content\/uploads\/sites\/26\/2025\/02\/ORIGINAL-MEMORIA-ANUAL-2016-version-digital.pdf\"><strong>Memoria Anual 2016<\/strong><\/a><\/p>\n<p class=\"has-black-color has-text-color has-link-color\" style=\"font-size: 14px\"><strong>INFORMES DE GESTI\u00d3N<\/strong><\/p>\n<p class=\"has-black-color has-text-color has-link-color\" style=\"font-size: 14px\">Por otro lado, el Servicio Penitenciario Provincial ha trabajado en diferentes relevamientos de informaci\u00f3n en conjunto con la Direcci\u00f3n Nacional de Pol\u00edtica Criminal en Materia de Justicia y Legislaci\u00f3n Penal, organismo encargado de realizar la estad\u00edstica oficial en materia judicial y carcelaria del pa\u00eds.<\/p>\n<p class=\"has-black-color has-text-color has-link-color\" style=\"font-size: 14px\">A partir de lo dispuesto por la Ley 25266 del a\u00f1o 2000, la Direcci\u00f3n cre\u00f3 el Sistema Nacional de Estad\u00edsticas de la Ejecuci\u00f3n de la Pena (SNEEP) para unificar datos de las diferentes unidades penitenciarias de la Argentina y contar con informaci\u00f3n actual y precisa de la totalidad de la poblaci\u00f3n privada de la libertad por una imputaci\u00f3n penal.<\/p>\n<p class=\"has-black-color has-text-color has-link-color\" style=\"font-size: 14px\"><a href=\"http:\/\/datos.jus.gob.ar\/dataset\/sneep\">http:\/\/datos.jus.gob.ar\/dataset\/sneep<\/a><\/p>\n<p>&nbsp;<\/p>\n<p>&nbsp;<\/p>\n<p>&nbsp;<\/p>\n<p>&nbsp;<\/p>\n<p><!-- \/divi:paragraph -->[\/et_pb_text][\/et_pb_column][\/et_pb_row][\/et_pb_section]<\/p>\n","protected":false},"excerpt":{"rendered":"<p>En pos de la transparencia y la responsabilidad en la gesti\u00f3n p\u00fablica, el Servicio Penitenciario ha trabajado fuertemente en la producci\u00f3n de estad\u00edsticas e investigaciones que sirvan de fuente de informaci\u00f3n para las pol\u00edticas penitenciarias, y gu\u00eden las decisiones de las autoridades con datos concretos y precisos que permitan hacer evaluaciones de la realidad, adem\u00e1s [&hellip;]<\/p>\n","protected":false},"author":27,"featured_media":0,"parent":0,"menu_order":0,"comment_status":"closed","ping_status":"closed","template":"","meta":{"_et_pb_use_builder":"on","_et_pb_old_content":"<!-- wp:paragraph {\"style\":{\"elements\":{\"link\":{\"color\":{\"text\":\"var:preset|color|black\"}}},\"typography\":{\"fontSize\":\"14px\"}},\"textColor\":\"black\"} -->\n<p class=\"has-black-color has-text-color has-link-color\" style=\"font-size:14px\">En pos de la transparencia y la responsabilidad en la gesti\u00f3n p\u00fablica, el Servicio Penitenciario ha trabajado fuertemente en la producci\u00f3n de estad\u00edsticas e investigaciones que sirvan de fuente de informaci\u00f3n para las pol\u00edticas penitenciarias, y gu\u00eden las decisiones de las autoridades con datos concretos y precisos que permitan hacer evaluaciones de la realidad, adem\u00e1s de aportar informaci\u00f3n p\u00fablica, para que todo ciudadano pueda tener acceso a los datos del Servicio Penitenciario, continuando as\u00ed con la decisi\u00f3n de ser una instituci\u00f3n abierta a la sociedad, que muestra su gesti\u00f3n y rinde cuentas a la ciudadan\u00eda.<\/p>\n<!-- \/wp:paragraph -->\n\n<!-- wp:paragraph {\"style\":{\"elements\":{\"link\":{\"color\":{\"text\":\"var:preset|color|black\"}}},\"typography\":{\"fontSize\":\"14px\"}},\"textColor\":\"black\"} -->\n<p class=\"has-black-color has-text-color has-link-color\" style=\"font-size:14px\">La elaboraci\u00f3n de \u201cInformes de Gesti\u00f3n\u201d desde 2016 ha permitido detallar las principales actividades llevadas a cabo por la instituci\u00f3n, en materia de Tratamiento, Educaci\u00f3n, Trabajo, Salud, Seguridad, Obras e Infraestructura Penitenciaria, RRHH, mediante la informatizaci\u00f3n de datos, y su acompa\u00f1amiento estad\u00edstico correspondiente.<\/p>\n<!-- \/wp:paragraph -->\n\n<!-- wp:paragraph {\"style\":{\"typography\":{\"fontSize\":\"14px\"}}} -->\n<p style=\"font-size:14px\"><a href=\"https:\/\/www.mendoza.gov.ar\/wp-content\/uploads\/sites\/26\/2025\/02\/EstudioJovenesAdultos2024Final.docx.pdf\"><strong>Estudio de J\u00f3venes Adultos privados de la libertad en el Servicio Penitenciario de Mendoza 2024<\/strong><\/a><\/p>\n<!-- \/wp:paragraph -->\n\n<!-- wp:paragraph {\"style\":{\"typography\":{\"fontSize\":\"14px\"}}} -->\n<p style=\"font-size:14px\"><a href=\"https:\/\/www.mendoza.gov.ar\/wp-content\/uploads\/sites\/26\/2025\/06\/INFORME-GESTION-2024-SPMZA_2024.pdf\"><strong>Memoria Anual 2024<\/strong><\/a><\/p>\n<!-- \/wp:paragraph -->\n\n<!-- wp:paragraph {\"style\":{\"typography\":{\"fontSize\":\"14px\"}}} -->\n<p style=\"font-size:14px\"><a href=\"https:\/\/www.mendoza.gov.ar\/wp-content\/uploads\/sites\/26\/2025\/02\/MEMORIA-ANUAL-VERSION-DIGITAL-2023.pdf\"><strong>Memoria Anual 2023<\/strong><\/a><\/p>\n<!-- \/wp:paragraph -->\n\n<!-- wp:paragraph {\"style\":{\"typography\":{\"fontSize\":\"14px\"}}} -->\n<p style=\"font-size:14px\"><a href=\"https:\/\/www.mendoza.gov.ar\/wp-content\/uploads\/sites\/26\/2025\/02\/MEMORIA-ANUAL-VERSION-DIGITAL-2022.pdf\"><strong>Memoria Anual 2022<\/strong><\/a><\/p>\n<!-- \/wp:paragraph -->\n\n<!-- wp:paragraph {\"style\":{\"typography\":{\"fontSize\":\"14px\"}}} -->\n<p style=\"font-size:14px\"><a href=\"https:\/\/www.mendoza.gov.ar\/wp-content\/uploads\/sites\/26\/2025\/02\/MEMORIA-ANUAL-VERSION-DIGITAL-2021-C.pdf\"><strong>Memoria Anual 2021<\/strong><\/a><\/p>\n<!-- \/wp:paragraph -->\n\n<!-- wp:paragraph {\"style\":{\"typography\":{\"fontSize\":\"14px\"}}} -->\n<p style=\"font-size:14px\"><a href=\"https:\/\/www.mendoza.gov.ar\/wp-content\/uploads\/sites\/26\/2025\/02\/MEMORIA-ANUAL-VERSION-DIGITAL-2020_FINAL_compressed2.pdf\"><strong>Memoria Anual 2020<\/strong><\/a><\/p>\n<!-- \/wp:paragraph -->\n\n<!-- wp:paragraph {\"style\":{\"typography\":{\"fontSize\":\"14px\"}}} -->\n<p style=\"font-size:14px\"><a href=\"https:\/\/www.mendoza.gov.ar\/wp-content\/uploads\/sites\/26\/2025\/02\/memoria-anual-spp-2019.pdf\"><strong>Memoria Anual 2019<\/strong><\/a><\/p>\n<!-- \/wp:paragraph -->\n\n<!-- wp:paragraph {\"style\":{\"typography\":{\"fontSize\":\"14px\"}}} -->\n<p style=\"font-size:14px\"><a href=\"https:\/\/www.mendoza.gov.ar\/wp-content\/uploads\/sites\/26\/2025\/02\/original-memoria-anual-2018-version-digital_optimize-3.pdf\"><strong>Memoria Anual 2018<\/strong><\/a><\/p>\n<!-- \/wp:paragraph -->\n\n<!-- wp:paragraph {\"style\":{\"typography\":{\"fontSize\":\"14px\"}}} -->\n<p style=\"font-size:14px\"><a href=\"https:\/\/www.mendoza.gov.ar\/wp-content\/uploads\/sites\/26\/2025\/02\/ORIGINAL-MEMORIA-ANUAL-2017_original_optimize.pdf\"><strong>Memoria Anual 2017<\/strong><\/a><\/p>\n<!-- \/wp:paragraph -->\n\n<!-- wp:paragraph {\"style\":{\"typography\":{\"fontSize\":\"14px\"}}} -->\n<p style=\"font-size:14px\"><a href=\"https:\/\/www.mendoza.gov.ar\/wp-content\/uploads\/sites\/26\/2025\/02\/ORIGINAL-MEMORIA-ANUAL-2016-version-digital.pdf\"><strong>Memoria Anual 2016<\/strong><\/a><\/p>\n<!-- \/wp:paragraph -->\n\n<!-- wp:paragraph {\"style\":{\"elements\":{\"link\":{\"color\":{\"text\":\"var:preset|color|black\"}}},\"typography\":{\"fontSize\":\"14px\"}},\"textColor\":\"black\"} -->\n<p class=\"has-black-color has-text-color has-link-color\" style=\"font-size:14px\"><strong>INFORMES DE GESTI\u00d3N<\/strong><\/p>\n<!-- \/wp:paragraph -->\n\n<!-- wp:paragraph {\"style\":{\"elements\":{\"link\":{\"color\":{\"text\":\"var:preset|color|black\"}}},\"typography\":{\"fontSize\":\"14px\"}},\"textColor\":\"black\"} -->\n<p class=\"has-black-color has-text-color has-link-color\" style=\"font-size:14px\">Por otro lado, el Servicio Penitenciario Provincial ha trabajado en diferentes relevamientos de informaci\u00f3n en conjunto con la Direcci\u00f3n Nacional de Pol\u00edtica Criminal en Materia de Justicia y Legislaci\u00f3n Penal, organismo encargado de realizar la estad\u00edstica oficial en materia judicial y carcelaria del pa\u00eds.<\/p>\n<!-- \/wp:paragraph -->\n\n<!-- wp:paragraph {\"style\":{\"elements\":{\"link\":{\"color\":{\"text\":\"var:preset|color|black\"}}},\"typography\":{\"fontSize\":\"14px\"}},\"textColor\":\"black\"} -->\n<p class=\"has-black-color has-text-color has-link-color\" style=\"font-size:14px\">A partir de lo dispuesto por la Ley 25266 del a\u00f1o 2000, la Direcci\u00f3n cre\u00f3 el Sistema Nacional de Estad\u00edsticas de la Ejecuci\u00f3n de la Pena (SNEEP) para unificar datos de las diferentes unidades penitenciarias de la Argentina y contar con informaci\u00f3n actual y precisa de la totalidad de la poblaci\u00f3n privada de la libertad por una imputaci\u00f3n penal.<\/p>\n<!-- \/wp:paragraph -->\n\n<!-- wp:paragraph -->\n<p><a href=\"http:\/\/datos.jus.gob.ar\/dataset\/sneep\">http:\/\/datos.jus.gob.ar\/dataset\/sneep<\/a><\/p>\n<!-- \/wp:paragraph -->","_et_gb_content_width":"1080","footnotes":""},"class_list":["post-964","page","type-page","status-publish","hentry"],"_links":{"self":[{"href":"https:\/\/informacionoficial.mendoza.gob.ar\/seguridadyjusticia\/wp-json\/wp\/v2\/pages\/964","targetHints":{"allow":["GET"]}}],"collection":[{"href":"https:\/\/informacionoficial.mendoza.gob.ar\/seguridadyjusticia\/wp-json\/wp\/v2\/pages"}],"about":[{"href":"https:\/\/informacionoficial.mendoza.gob.ar\/seguridadyjusticia\/wp-json\/wp\/v2\/types\/page"}],"author":[{"embeddable":true,"href":"https:\/\/informacionoficial.mendoza.gob.ar\/seguridadyjusticia\/wp-json\/wp\/v2\/users\/27"}],"replies":[{"embeddable":true,"href":"https:\/\/informacionoficial.mendoza.gob.ar\/seguridadyjusticia\/wp-json\/wp\/v2\/comments?post=964"}],"version-history":[{"count":16,"href":"https:\/\/informacionoficial.mendoza.gob.ar\/seguridadyjusticia\/wp-json\/wp\/v2\/pages\/964\/revisions"}],"predecessor-version":[{"id":2904,"href":"https:\/\/informacionoficial.mendoza.gob.ar\/seguridadyjusticia\/wp-json\/wp\/v2\/pages\/964\/revisions\/2904"}],"wp:attachment":[{"href":"https:\/\/informacionoficial.mendoza.gob.ar\/seguridadyjusticia\/wp-json\/wp\/v2\/media?parent=964"}],"curies":[{"name":"wp","href":"https:\/\/api.w.org\/{rel}","templated":true}]}}