{"id":985,"date":"2025-07-23T16:58:12","date_gmt":"2025-07-23T14:58:12","guid":{"rendered":"https:\/\/informacionoficial.mendoza.gob.ar\/seguridadyjusticia\/?page_id=985"},"modified":"2025-08-13T15:40:39","modified_gmt":"2025-08-13T13:40:39","slug":"repar-registro-provincial-de-armas","status":"publish","type":"page","link":"https:\/\/informacionoficial.mendoza.gob.ar\/seguridadyjusticia\/repar-registro-provincial-de-armas\/","title":{"rendered":"Repar &#8211; Registro provincial de armas"},"content":{"rendered":"<p>[et_pb_section fb_built=\u00bb1&#8243; _builder_version=\u00bb4.27.4&#8243; _module_preset=\u00bbdefault\u00bb border_color_bottom=\u00bb#c8a977&#8243; global_colors_info=\u00bb{}\u00bb][et_pb_row _builder_version=\u00bb4.27.4&#8243; _module_preset=\u00bbdefault\u00bb min_height=\u00bb75.8px\u00bb custom_padding=\u00bb36px|||||\u00bb global_colors_info=\u00bb{}\u00bb][et_pb_column type=\u00bb4_4&#8243; _builder_version=\u00bb4.27.4&#8243; _module_preset=\u00bbdefault\u00bb global_colors_info=\u00bb{}\u00bb][et_pb_text _builder_version=\u00bb4.27.4&#8243; _module_preset=\u00bbdefault\u00bb text_font=\u00bb|800|||||||\u00bb text_text_color=\u00bb#000000&#8243; text_font_size=\u00bb40px\u00bb link_font=\u00bb|700|||||||\u00bb link_font_size=\u00bb40px\u00bb global_colors_info=\u00bb{}\u00bb]<\/p>\n<p>Re.P.Ar.<\/p>\n<p>[\/et_pb_text][\/et_pb_column][\/et_pb_row][et_pb_row _builder_version=\u00bb4.27.4&#8243; _module_preset=\u00bbdefault\u00bb global_colors_info=\u00bb{}\u00bb][et_pb_column type=\u00bb4_4&#8243; _builder_version=\u00bb4.27.4&#8243; _module_preset=\u00bbdefault\u00bb global_colors_info=\u00bb{}\u00bb][et_pb_accordion _builder_version=\u00bb4.27.4&#8243; _module_preset=\u00bbdefault\u00bb min_height=\u00bb78.7px\u00bb global_colors_info=\u00bb{}\u00bb][et_pb_accordion_item title=\u00bbRegistro Provincial de Armas\u00bb open=\u00bbon\u00bb _builder_version=\u00bb4.27.4&#8243; _module_preset=\u00bbdefault\u00bb global_colors_info=\u00bb{}\u00bb][\/et_pb_accordion_item][\/et_pb_accordion][et_pb_text _builder_version=\u00bb4.27.4&#8243; _module_preset=\u00bbdefault\u00bb global_colors_info=\u00bb{}\u00bb]<\/p>\n<p><span style=\"color: #000000\">La Direcci\u00f3n del Re.P.AR de Mendoza tiene como principal funci\u00f3n la aplicaci\u00f3n de la Ley N\u00b0 20.429 y 24.492\/95, con sus respectivos decretos reglamentarios N\u00b0 395\/75 Y 252\/94,\u00a0 por ello y de conformidad a las atribuciones conferida por la presente\u00a0 Ley 20429, tiene como funci\u00f3n ser la autoridad local de fiscalizaci\u00f3n, permitiendo\u00a0 realizar control, registro, supervisi\u00f3n, inspecci\u00f3n para asegurar el cumplimiento de las obligaciones, prohibiciones por parte de los administrados y garantizar que se respete el principio de legalidad.<\/span><\/p>\n<p><span style=\"color: #000000\">En esta direcci\u00f3n se gestiona todo lo relacionado a tr\u00e1mites de armas; como solicitud de credencial de leg\u00edtimo usuario individual de armas de fuego (C.L.U.), credencial de tenencia, credencial de portaci\u00f3n, tarjetas de municiones, empadronamiento, habilitaciones y controles; de Pol\u00edgonos, Armer\u00edas, Empresas de Seguridad, etc\u00e9tera.<\/span><\/p>\n<p><span style=\"color: #000000\">Teniendo gran injerencia en la Gesti\u00f3n de Tr\u00e1mites al personal policial en actividad o retirado perteneciente a esta provincia, ampliando la atenci\u00f3n a civiles. Podr\u00e1 despejar dudas, gestionar cualquier tipo de tr\u00e1mites, que extiende la ANMaC. <\/span><\/p>\n<p><strong><span style=\"color: #000000\">Contacto: lunes a viernes, de 08.00 a 13.00 horas<\/span><\/strong><\/p>\n<p><span><\/span><\/p>\n<p>[\/et_pb_text][\/et_pb_column][\/et_pb_row][et_pb_row _builder_version=\u00bb4.27.4&#8243; _module_preset=\u00bbdefault\u00bb custom_margin=\u00bb3px|auto||auto||\u00bb custom_padding=\u00bb6px|||||\u00bb locked=\u00bboff\u00bb global_colors_info=\u00bb{}\u00bb][et_pb_column type=\u00bb4_4&#8243; _builder_version=\u00bb4.27.4&#8243; _module_preset=\u00bbdefault\u00bb hover_enabled=\u00bb0&#8243; global_colors_info=\u00bb{}\u00bb sticky_enabled=\u00bb0&#8243;][et_pb_tabs _builder_version=\u00bb4.27.4&#8243; _module_preset=\u00bbdefault\u00bb custom_padding=\u00bb||27px|32px||\u00bb hover_enabled=\u00bb0&#8243; global_colors_info=\u00bb{}\u00bb sticky_enabled=\u00bb0&#8243;][et_pb_tab title=\u00bbCENTROS DE ATENCI\u00d3N\u00bb _builder_version=\u00bb4.27.4&#8243; _module_preset=\u00bbdefault\u00bb global_colors_info=\u00bb{}\u00bb]<\/p>\n<p><strong><span style=\"color: #000000\">DIRECCI\u00d3N REPAR<\/span><\/strong><\/p>\n<p><span style=\"color: #000000\">Calle Salta 672-Godoy Cruz.<\/span><\/p>\n<p><span style=\"color: #000000\">Tel\u00e9fono: 2615167017<\/span><\/p>\n<p><span style=\"color: #000000\"><\/span><\/p>\n<p><em><span style=\"color: #000000\">DELEGACI\u00d3N REPAR ZONA ESTE<\/span><\/em><\/p>\n<p><span style=\"color: #000000\">Calle San Isidro 482 y Constituci\u00f3n -Registro Civil-Rivadavia<\/span><\/p>\n<p><span style=\"color: #000000\">Tel\u00e9fono: 2634590600.<\/span><\/p>\n<p><span style=\"color: #000000\"><\/span><\/p>\n<p><em><span style=\"color: #000000\">DELEGACI\u00d3N REPAR ZONA SUR<\/span><\/em><\/p>\n<p><span style=\"color: #000000\">Calle Maza 870 -San Rafael.\u00a0<\/span><\/p>\n<p><span style=\"color: #000000\">Tel\u00e9fono: 260435524.<\/span><\/p>\n<p><span style=\"color: #000000\"><strong><em>&#8211; CONTACTOS GENERALES:<\/em><\/strong><\/span><\/p>\n<p><span style=\"color: #000000\">Tel\u00e9fono: 2634482006.<\/span><\/p>\n<p><span style=\"color: #000000\">Web:\u00a0 https:\/\/www.mendoza.gov.ar\/seguridad\/<\/span><\/p>\n<p><span style=\"color: #000000\">Correo: <a href=\"mailto:repar@mendoza.gov.com\" style=\"color: #000000\">repar@mendoza.gov.com \/ <\/a>direccionrepar@mendoza.gov.ar<\/span><\/p>\n<p>[\/et_pb_tab][et_pb_tab title=\u00bbREQUISITOS PARA TR\u00c1MITES\u00bb _builder_version=\u00bb4.27.4&#8243; _module_preset=\u00bbdefault\u00bb global_colors_info=\u00bb{}\u00bb]<\/p>\n<p><a href=\"https:\/\/informacionoficial.mendoza.gob.ar\/seguridadyjusticia\/tipo-de-tramite\/\" style=\"font-size: 14px\">TIPO DE TR\u00c1MITE<\/a><strong><\/strong><\/p>\n<p><a href=\"https:\/\/informacionoficial.mendoza.gob.ar\/seguridadyjusticia\/instructivo-para-solicitudes-electronicas-de-tramites\/\" style=\"font-size: 14px\">INSTRUCTIVO PARA SOLICITUDES<\/a><strong><\/strong><\/p>\n<p><span><\/span><\/p>\n<p>[\/et_pb_tab][et_pb_tab title=\u00bbTRANSPORTE DE ARMAS\u00bb _builder_version=\u00bb4.27.4&#8243; _module_preset=\u00bbdefault\u00bb global_colors_info=\u00bb{}\u00bb]<\/p>\n<p><span style=\"color: #000000\">La Ley establece:<\/span><\/p>\n<ul>\n<li><span style=\"color: #000000\">El arma o armas deber\u00e1n hallarse descargadas y separadas de sus municiones, las cuales no podr\u00e1n estar alojadas en cargadores cuando se trate de armas que los empleen.<\/span><\/li>\n<li><span style=\"color: #000000\">Las armas deber\u00e1n colocarse en cajas o fundas, o en cualquier otro envoltorio apropiado.<\/span><\/li>\n<li><span style=\"color: #000000\">Se procurar\u00e1, dentro de lo posible, disimular su contenido.<\/span><\/li>\n<li><span style=\"color: #000000\">En ning\u00fan caso deber\u00e1 llevarse el arma en pistoleras, sobaqueras, en bolsillos o adosada al cuerpo.<\/span><\/li>\n<li><span style=\"color: #000000\">Cuando se viaje en veh\u00edculo, las armas y sus municiones deber\u00e1n ser transportadas en el ba\u00fal, evitando hacerlo en la guantera o sobre el portaequipaje.<\/span><\/li>\n<li><span style=\"color: #000000\">Siempre que se transporte un arma de fuego, deber\u00e1 hacerse con la documentaci\u00f3n correspondiente: la credencial que acredite que quien realiza el transporte posee la calidad de leg\u00edtimo usuario acorde con la clasificaci\u00f3n del material, su documento de identidad personal y la credencial de tenencia del arma o armas transportadas.<\/span><\/li>\n<\/ul>\n<p><span style=\"color: #000000\">Se adjunta para conocimiento la Resoluci\u00f3n N\u00ba 67 sobre renovaci\u00f3n de credencial de leg\u00edtimos usuarios individuales sin necesidad de presentaci\u00f3n del certificado de idoneidad en el manejo de armas de fuego.<\/span><br \/><span style=\"color: #000000\">Descargue Resoluci\u00f3n N\u00ba 67.<\/span><\/p>\n<p><span>\u00a0<\/span><\/p>\n<p>[\/et_pb_tab][\/et_pb_tabs][\/et_pb_column][\/et_pb_row][\/et_pb_section]<\/p>\n","protected":false},"excerpt":{"rendered":"<p>Re.P.Ar.La Direcci\u00f3n del Re.P.AR de Mendoza tiene como principal funci\u00f3n la aplicaci\u00f3n de la Ley N\u00b0 20.429 y 24.492\/95, con sus respectivos decretos reglamentarios N\u00b0 395\/75 Y 252\/94,\u00a0 por ello y de conformidad a las atribuciones conferida por la presente\u00a0 Ley 20429, tiene como funci\u00f3n ser la autoridad local de fiscalizaci\u00f3n, permitiendo\u00a0 realizar control, registro, [&hellip;]<\/p>\n","protected":false},"author":27,"featured_media":0,"parent":0,"menu_order":0,"comment_status":"closed","ping_status":"closed","template":"","meta":{"_et_pb_use_builder":"on","_et_pb_old_content":"","_et_gb_content_width":"","footnotes":""},"class_list":["post-985","page","type-page","status-publish","hentry"],"_links":{"self":[{"href":"https:\/\/informacionoficial.mendoza.gob.ar\/seguridadyjusticia\/wp-json\/wp\/v2\/pages\/985","targetHints":{"allow":["GET"]}}],"collection":[{"href":"https:\/\/informacionoficial.mendoza.gob.ar\/seguridadyjusticia\/wp-json\/wp\/v2\/pages"}],"about":[{"href":"https:\/\/informacionoficial.mendoza.gob.ar\/seguridadyjusticia\/wp-json\/wp\/v2\/types\/page"}],"author":[{"embeddable":true,"href":"https:\/\/informacionoficial.mendoza.gob.ar\/seguridadyjusticia\/wp-json\/wp\/v2\/users\/27"}],"replies":[{"embeddable":true,"href":"https:\/\/informacionoficial.mendoza.gob.ar\/seguridadyjusticia\/wp-json\/wp\/v2\/comments?post=985"}],"version-history":[{"count":13,"href":"https:\/\/informacionoficial.mendoza.gob.ar\/seguridadyjusticia\/wp-json\/wp\/v2\/pages\/985\/revisions"}],"predecessor-version":[{"id":1780,"href":"https:\/\/informacionoficial.mendoza.gob.ar\/seguridadyjusticia\/wp-json\/wp\/v2\/pages\/985\/revisions\/1780"}],"wp:attachment":[{"href":"https:\/\/informacionoficial.mendoza.gob.ar\/seguridadyjusticia\/wp-json\/wp\/v2\/media?parent=985"}],"curies":[{"name":"wp","href":"https:\/\/api.w.org\/{rel}","templated":true}]}}