{"id":1612,"date":"2025-08-26T20:56:54","date_gmt":"2025-08-26T18:56:54","guid":{"rendered":"https:\/\/informacionoficial.mendoza.gob.ar\/turismo\/?page_id=1612"},"modified":"2026-03-04T12:09:26","modified_gmt":"2026-03-04T15:09:26","slug":"financiamiento","status":"publish","type":"page","link":"https:\/\/informacionoficial.mendoza.gob.ar\/turismo\/financiamiento\/","title":{"rendered":"Financiamiento"},"content":{"rendered":"<p>[et_pb_section fb_built=\u00bb1&#8243; _builder_version=\u00bb4.27.2&#8243; _module_preset=\u00bbdefault\u00bb width=\u00bb99.9%\u00bb custom_margin=\u00bb0px||0px||false|false\u00bb custom_padding=\u00bb0px||0px||false|false\u00bb global_colors_info=\u00bb{}\u00bb][et_pb_row _builder_version=\u00bb4.27.4&#8243; _module_preset=\u00bbdefault\u00bb max_width=\u00bb100%\u00bb global_colors_info=\u00bb{}\u00bb][et_pb_column type=\u00bb4_4&#8243; _builder_version=\u00bb4.27.4&#8243; _module_preset=\u00bbdefault\u00bb global_colors_info=\u00bb{}\u00bb][et_pb_post_title meta=\u00bboff\u00bb featured_image=\u00bboff\u00bb _builder_version=\u00bb4.27.4&#8243; _module_preset=\u00bbdefault\u00bb title_text_align=\u00bbcenter\u00bb title_text_color=\u00bb#666666&#8243; global_colors_info=\u00bb{}\u00bb][\/et_pb_post_title][\/et_pb_column][\/et_pb_row][et_pb_row _builder_version=\u00bb4.27.4&#8243; _module_preset=\u00bbdefault\u00bb max_width=\u00bb100%\u00bb global_colors_info=\u00bb{}\u00bb][et_pb_column type=\u00bb4_4&#8243; _builder_version=\u00bb4.27.4&#8243; _module_preset=\u00bbdefault\u00bb global_colors_info=\u00bb{}\u00bb][et_pb_heading title=\u00bbFactibilidad Tur\u00edstica\u00bb _builder_version=\u00bb4.27.4&#8243; _module_preset=\u00bbdefault\u00bb title_level=\u00bbh2&#8243; title_text_align=\u00bbcenter\u00bb background_color=\u00bb#C8A977&#8243; custom_margin=\u00bb0px||0px||false|false\u00bb custom_padding=\u00bb1em||1em||false|false\u00bb title_text_shadow_style=\u00bbpreset1&#8243; border_radii=\u00bboff|15px|15px||\u00bb global_colors_info=\u00bb{}\u00bb][\/et_pb_heading][et_pb_toggle title=\u00bbCertificado de factibilidad tur\u00edstica\u00bb open_toggle_text_color=\u00bb#C8A977&#8243; open_toggle_background_color=\u00bbRGBA(255,255,255,0)\u00bb closed_toggle_text_color=\u00bb#C8A977&#8243; closed_toggle_background_color=\u00bbRGBA(255,255,255,0)\u00bb icon_color=\u00bb#C8A977&#8243; toggle_icon=\u00bb&#xe050;||divi||400&#8243; open_icon_color=\u00bb#C8A977&#8243; open_toggle_icon=\u00bb&#x21;||divi||400&#8243; admin_label=\u00bbConmutador\u00bb _builder_version=\u00bb4.27.4&#8243; _module_preset=\u00bbdefault\u00bb title_text_color=\u00bb#C8A977&#8243; body_font=\u00bb||||||||\u00bb body_text_color=\u00bb#02000A\u00bb background_color=\u00bb#C8A977&#8243; custom_margin=\u00bb13px||13px|||\u00bb custom_padding=\u00bb||20px|||\u00bb border_radii=\u00bbon|12px|12px|12px|12px\u00bb border_width_all=\u00bb2px\u00bb border_color_all=\u00bb#C8A977&#8243; locked=\u00bboff\u00bb global_colors_info=\u00bb{}\u00bb]<\/p>\n<p>La asistencia que presta EMETUR consiste en avalar la relaci\u00f3n con el Turismo de los proyectos que solicitan pr\u00e9stamos ante organismos crediticios.<\/p>\n<p>[\/et_pb_toggle][et_pb_toggle title=\u00bbSolicitud de asesoramiento\u00bb open_toggle_text_color=\u00bb#C8A977&#8243; open_toggle_background_color=\u00bbRGBA(255,255,255,0)\u00bb closed_toggle_text_color=\u00bb#C8A977&#8243; closed_toggle_background_color=\u00bbRGBA(255,255,255,0)\u00bb icon_color=\u00bb#C8A977&#8243; toggle_icon=\u00bb&#xe050;||divi||400&#8243; open_icon_color=\u00bb#C8A977&#8243; open_toggle_icon=\u00bb&#x21;||divi||400&#8243; admin_label=\u00bbConmutador\u00bb _builder_version=\u00bb4.27.4&#8243; _module_preset=\u00bbdefault\u00bb title_text_color=\u00bb#C8A977&#8243; body_font=\u00bb||||||||\u00bb body_text_color=\u00bb#02000A\u00bb background_color=\u00bb#C8A977&#8243; custom_margin=\u00bb||13px|||\u00bb custom_padding=\u00bb||20px|||\u00bb border_radii=\u00bbon|12px|12px|12px|12px\u00bb border_width_all=\u00bb2px\u00bb border_color_all=\u00bb#C8A977&#8243; locked=\u00bboff\u00bb global_colors_info=\u00bb{}\u00bb]<\/p>\n<p>Lic. Carolina C. Victoria<\/p>\n<p>Direcci\u00f3n de Desarrollo e Innovaci\u00f3n Tur\u00edstica<\/p>\n<p><a href=\"mailto:cvictoria@mendoza.gov.ar\">cvictoria@mendoza.gov.ar<\/a><\/p>\n<p>[\/et_pb_toggle][\/et_pb_column][\/et_pb_row][\/et_pb_section][et_pb_section fb_built=\u00bb1&#8243; _builder_version=\u00bb4.27.2&#8243; _module_preset=\u00bbdefault\u00bb background_color=\u00bb#C8A977&#8243; min_height=\u00bb278.8px\u00bb custom_margin=\u00bb44px|||||\u00bb custom_padding=\u00bb1em||1em||false|false\u00bb global_colors_info=\u00bb{}\u00bb][et_pb_row _builder_version=\u00bb4.27.4&#8243; _module_preset=\u00bbdefault\u00bb custom_margin=\u00bb26px|auto||auto|false|false\u00bb custom_padding=\u00bb1em||1em||false|false\u00bb border_radii=\u00bbon|14px|14px|14px|14px\u00bb global_colors_info=\u00bb{}\u00bb][et_pb_column type=\u00bb4_4&#8243; _builder_version=\u00bb4.27.2&#8243; _module_preset=\u00bbdefault\u00bb global_colors_info=\u00bb{}\u00bb][et_pb_heading title=\u00bbFuentes de financiamiento\u00bb _builder_version=\u00bb4.27.4&#8243; _module_preset=\u00bbdefault\u00bb title_level=\u00bbh2&#8243; title_font=\u00bb|700|||||||\u00bb title_text_align=\u00bbcenter\u00bb title_text_color=\u00bb#FFFFFF\u00bb title_font_size=\u00bb34px\u00bb custom_margin=\u00bb0px||0px||true|false\u00bb custom_padding=\u00bb0px||0px||false|true\u00bb global_colors_info=\u00bb{}\u00bb][\/et_pb_heading][\/et_pb_column][\/et_pb_row][et_pb_row column_structure=\u00bb1_2,1_2&#8243; use_custom_gutter=\u00bbon\u00bb _builder_version=\u00bb4.27.4&#8243; _module_preset=\u00bbdefault\u00bb background_color=\u00bb#C8A977&#8243; custom_margin=\u00bb||||false|false\u00bb border_radii=\u00bbon|14px|14px|14px|14px\u00bb border_width_right=\u00bb5px\u00bb border_color_right=\u00bb#C8A977&#8243; border_width_bottom=\u00bb5px\u00bb border_color_bottom=\u00bb#C8A977&#8243; border_width_left=\u00bb5px\u00bb border_color_left=\u00bb#C8A977&#8243; global_colors_info=\u00bb{}\u00bb][et_pb_column type=\u00bb1_2&#8243; _builder_version=\u00bb4.27.4&#8243; _module_preset=\u00bbdefault\u00bb global_colors_info=\u00bb{}\u00bb][et_pb_text _builder_version=\u00bb4.27.4&#8243; _module_preset=\u00bbdefault\u00bb header_3_text_align=\u00bbcenter\u00bb header_3_text_color=\u00bb#C8A977&#8243; background_color=\u00bb#FFFFFF\u00bb transform_translate_linked=\u00bboff\u00bb transform_translate_linked__hover=\u00bbon\u00bb custom_padding=\u00bb1em||0.5em||false|false\u00bb border_radii=\u00bbon|14px|14px|14px|14px\u00bb global_colors_info=\u00bb{}\u00bb border_color_all__hover_enabled=\u00bbon|hover\u00bb border_width_all__hover_enabled=\u00bbon|hover\u00bb transform_styles__hover_enabled=\u00bbon|hover\u00bb transform_scale__hover_enabled=\u00bbon|hover\u00bb transform_translate__hover_enabled=\u00bbon|hover\u00bb transform_rotate__hover_enabled=\u00bbon|hover\u00bb transform_skew__hover_enabled=\u00bbon|hover\u00bb transform_origin__hover_enabled=\u00bbon|hover\u00bb transform_translate__hover=\u00bb-3px|-3px\u00bb header_3_text_color__hover_enabled=\u00bbon|hover\u00bb header_3_text_color__hover=\u00bb#C8A977&#8243;]<\/p>\n<h3><span style=\"font-size: medium\"><a href=\"https:\/\/www.ftyc.gob.ar\/inversion\/\">Fondo para la Transformaci\u00f3n y el Crecimiento de Mendoza<\/a><\/span><\/h3>\n<h3 style=\"text-align: center\"><a href=\"https:\/\/www.ftyc.gob.ar\/inversion\/\">INVERSI\u00d3N<\/a><\/h3>\n<p>[\/et_pb_text][\/et_pb_column][et_pb_column type=\u00bb1_2&#8243; _builder_version=\u00bb4.27.4&#8243; _module_preset=\u00bbdefault\u00bb global_colors_info=\u00bb{}\u00bb][et_pb_text _builder_version=\u00bb4.27.4&#8243; _module_preset=\u00bbdefault\u00bb header_3_text_align=\u00bbcenter\u00bb header_3_text_color=\u00bb#C8A977&#8243; background_color=\u00bb#FFFFFF\u00bb transform_translate_linked=\u00bboff\u00bb transform_translate_linked__hover=\u00bbon\u00bb custom_padding=\u00bb1em||0.5em||false|false\u00bb border_radii=\u00bbon|14px|14px|14px|14px\u00bb global_colors_info=\u00bb{}\u00bb border_color_all__hover_enabled=\u00bbon|hover\u00bb border_width_all__hover_enabled=\u00bbon|hover\u00bb transform_styles__hover_enabled=\u00bbon|hover\u00bb transform_scale__hover_enabled=\u00bbon|hover\u00bb transform_translate__hover_enabled=\u00bbon|hover\u00bb transform_rotate__hover_enabled=\u00bbon|hover\u00bb transform_skew__hover_enabled=\u00bbon|hover\u00bb transform_origin__hover_enabled=\u00bbon|hover\u00bb transform_translate__hover=\u00bb-3px|-3px\u00bb header_3_text_color__hover_enabled=\u00bbon|hover\u00bb header_3_text_color__hover=\u00bb#C8A977&#8243;]<\/p>\n<h3><span style=\"font-size: medium\"><a href=\"https:\/\/www.ftyc.gob.ar\/capital-de-trabajo\/\">Fondo para la Transformaci\u00f3n y el Crecimiento de Mendoza<\/a><\/span><\/h3>\n<h3 style=\"text-align: center\"><a href=\"https:\/\/www.ftyc.gob.ar\/capital-de-trabajo\/\">CAPITAL DE TRABAJO<\/a><\/h3>\n<p>[\/et_pb_text][\/et_pb_column][\/et_pb_row][et_pb_row column_structure=\u00bb1_3,1_3,1_3&#8243; use_custom_gutter=\u00bbon\u00bb _builder_version=\u00bb4.27.4&#8243; _module_preset=\u00bbdefault\u00bb background_color=\u00bb#C8A977&#8243; min_height=\u00bb96px\u00bb custom_margin=\u00bb|auto|25px|auto|false|false\u00bb border_radii=\u00bbon|14px|14px|14px|14px\u00bb border_width_right=\u00bb5px\u00bb border_color_right=\u00bb#C8A977&#8243; border_width_bottom=\u00bb5px\u00bb border_color_bottom=\u00bb#C8A977&#8243; border_width_left=\u00bb5px\u00bb border_color_left=\u00bb#C8A977&#8243; global_colors_info=\u00bb{}\u00bb][et_pb_column type=\u00bb1_3&#8243; _builder_version=\u00bb4.27.4&#8243; _module_preset=\u00bbdefault\u00bb global_colors_info=\u00bb{}\u00bb][et_pb_text _builder_version=\u00bb4.27.4&#8243; _module_preset=\u00bbdefault\u00bb header_3_text_align=\u00bbcenter\u00bb header_3_text_color=\u00bb#C8A977&#8243; background_color=\u00bb#FFFFFF\u00bb transform_translate_linked=\u00bboff\u00bb custom_padding=\u00bb1em||0.5em||false|false\u00bb border_radii=\u00bbon|14px|14px|14px|14px\u00bb global_colors_info=\u00bb{}\u00bb border_color_all__hover_enabled=\u00bbon|hover\u00bb border_width_all__hover_enabled=\u00bbon|hover\u00bb transform_styles__hover_enabled=\u00bbon|hover\u00bb transform_scale__hover_enabled=\u00bbon|hover\u00bb transform_translate__hover=\u00bb-3px|-3px\u00bb transform_translate__hover_enabled=\u00bbon|hover\u00bb transform_rotate__hover_enabled=\u00bbon|hover\u00bb transform_skew__hover_enabled=\u00bbon|hover\u00bb transform_origin__hover_enabled=\u00bbon|hover\u00bb header_3_text_color__hover_enabled=\u00bbon|hover\u00bb header_3_text_color__hover=\u00bb#C8A977&#8243;]<\/p>\n<h3><a href=\"https:\/\/cfi.org.ar\/creditos\">Consejo Federal de Inversiones<\/a><\/h3>\n<p>[\/et_pb_text][\/et_pb_column][et_pb_column type=\u00bb1_3&#8243; _builder_version=\u00bb4.27.4&#8243; _module_preset=\u00bbdefault\u00bb global_colors_info=\u00bb{}\u00bb][et_pb_text _builder_version=\u00bb4.27.4&#8243; _module_preset=\u00bbdefault\u00bb header_3_text_align=\u00bbcenter\u00bb header_3_text_color=\u00bb#C8A977&#8243; background_color=\u00bb#FFFFFF\u00bb transform_translate_linked=\u00bboff\u00bb custom_padding=\u00bb1em||0.5em||false|false\u00bb hover_enabled=\u00bb0&#8243; border_radii=\u00bbon|14px|14px|14px|14px\u00bb global_colors_info=\u00bb{}\u00bb border_color_all__hover_enabled=\u00bbon|hover\u00bb border_width_all__hover_enabled=\u00bbon|hover\u00bb transform_styles__hover_enabled=\u00bbon|hover\u00bb transform_scale__hover_enabled=\u00bbon|hover\u00bb transform_translate__hover=\u00bb-3px|-3px\u00bb transform_translate__hover_enabled=\u00bbon|hover\u00bb transform_rotate__hover_enabled=\u00bbon|hover\u00bb transform_skew__hover_enabled=\u00bbon|hover\u00bb transform_origin__hover_enabled=\u00bbon|hover\u00bb header_3_text_color__hover_enabled=\u00bbon|hover\u00bb header_3_text_color__hover=\u00bb#C8A977&#8243; link_option_url=\u00bbhttps:\/\/competitividadmendoza.com.ar\/agencia-innovacion\/\u00bb sticky_enabled=\u00bb0&#8243;]<\/p>\n<h3><a href=\"https:\/\/competitividadmendoza.com.ar\/agencia-innovacion\/\">Agencia de Innovaci\u00f3n, Ciencia y Tecnolog\u00eda Mendoza<\/a><\/h3>\n<p>[\/et_pb_text][\/et_pb_column][et_pb_column type=\u00bb1_3&#8243; _builder_version=\u00bb4.27.4&#8243; _module_preset=\u00bbdefault\u00bb global_colors_info=\u00bb{}\u00bb][et_pb_text _builder_version=\u00bb4.27.4&#8243; _module_preset=\u00bbdefault\u00bb header_3_text_align=\u00bbcenter\u00bb header_3_text_color=\u00bb#C8A977&#8243; background_color=\u00bb#FFFFFF\u00bb transform_translate_linked=\u00bboff\u00bb custom_padding=\u00bb1em||0.5em||false|false\u00bb link_option_url=\u00bbhttps:\/\/informacionoficial.mendoza.gob.ar\/turismo\/programa-de-inversion-turistica-municipal\/\u00bb border_radii=\u00bbon|14px|14px|14px|14px\u00bb global_colors_info=\u00bb{}\u00bb border_color_all__hover_enabled=\u00bbon|hover\u00bb border_width_all__hover_enabled=\u00bbon|hover\u00bb transform_styles__hover_enabled=\u00bbon|hover\u00bb transform_scale__hover_enabled=\u00bbon|hover\u00bb transform_translate__hover=\u00bb-3px|-3px\u00bb transform_translate__hover_enabled=\u00bbon|hover\u00bb transform_rotate__hover_enabled=\u00bbon|hover\u00bb transform_skew__hover_enabled=\u00bbon|hover\u00bb transform_origin__hover_enabled=\u00bbon|hover\u00bb header_3_text_color__hover_enabled=\u00bbon|hover\u00bb header_3_text_color__hover=\u00bb#C8A977&#8243;]<\/p>\n<h3><a href=\"https:\/\/informacionoficial.mendoza.gob.ar\/turismo\/programa-de-inversion-turistica-municipal\/\">Programa de inversi\u00f3n tur\u00edstica municipal<\/a><\/h3>\n<p>[\/et_pb_text][\/et_pb_column][\/et_pb_row][et_pb_row use_custom_gutter=\u00bbon\u00bb _builder_version=\u00bb4.27.4&#8243; _module_preset=\u00bbdefault\u00bb background_color=\u00bb#C8A977&#8243; custom_margin=\u00bb|auto|25px|auto|false|false\u00bb custom_padding=\u00bb9px|||||\u00bb border_radii=\u00bbon|14px|14px|14px|14px\u00bb border_width_right=\u00bb5px\u00bb border_color_right=\u00bb#C8A977&#8243; border_width_bottom=\u00bb5px\u00bb border_color_bottom=\u00bb#C8A977&#8243; border_width_left=\u00bb5px\u00bb border_color_left=\u00bb#C8A977&#8243; global_colors_info=\u00bb{}\u00bb][et_pb_column type=\u00bb4_4&#8243; _builder_version=\u00bb4.27.4&#8243; _module_preset=\u00bbdefault\u00bb global_colors_info=\u00bb{}\u00bb][et_pb_text _builder_version=\u00bb4.27.4&#8243; _module_preset=\u00bbdefault\u00bb header_3_text_align=\u00bbcenter\u00bb header_3_text_color=\u00bb#C8A977&#8243; background_color=\u00bb#FFFFFF\u00bb transform_translate_linked=\u00bboff\u00bb custom_padding=\u00bb1em||0.5em||false|false\u00bb link_option_url=\u00bbhttps:\/\/www.ftyc.gob.ar\/pioneros\/\u00bb border_radii=\u00bbon|14px|14px|14px|14px\u00bb global_colors_info=\u00bb{}\u00bb border_color_all__hover_enabled=\u00bbon|hover\u00bb border_width_all__hover_enabled=\u00bbon|hover\u00bb transform_styles__hover_enabled=\u00bbon|hover\u00bb transform_scale__hover_enabled=\u00bbon|hover\u00bb transform_translate__hover=\u00bb-3px|-3px\u00bb transform_translate__hover_enabled=\u00bbon|hover\u00bb transform_rotate__hover_enabled=\u00bbon|hover\u00bb transform_skew__hover_enabled=\u00bbon|hover\u00bb transform_origin__hover_enabled=\u00bbon|hover\u00bb header_3_text_color__hover_enabled=\u00bbon|hover\u00bb header_3_text_color__hover=\u00bb#C8A977&#8243;]<\/p>\n<h3><a href=\"https:\/\/www.ftyc.gob.ar\/pioneros\/\">FTyC &#8211; Pioneros<\/a><\/h3>\n<p>[\/et_pb_text][\/et_pb_column][\/et_pb_row][\/et_pb_section]<\/p>\n","protected":false},"excerpt":{"rendered":"<p>La asistencia que presta EMETUR consiste en avalar la relaci\u00f3n con el Turismo de los proyectos que solicitan pr\u00e9stamos ante organismos crediticios.Lic. Carolina C. Victoria Direcci\u00f3n de Desarrollo e Innovaci\u00f3n Tur\u00edstica cvictoria@mendoza.gov.arFondo para la Transformaci\u00f3n y el Crecimiento de Mendoza INVERSI\u00d3NFondo para la Transformaci\u00f3n y el Crecimiento de Mendoza CAPITAL DE TRABAJOConsejo Federal de InversionesAgencia [&hellip;]<\/p>\n","protected":false},"author":16,"featured_media":0,"parent":0,"menu_order":0,"comment_status":"closed","ping_status":"closed","template":"","meta":{"_et_pb_use_builder":"on","_et_pb_old_content":"","_et_gb_content_width":"","footnotes":""},"class_list":["post-1612","page","type-page","status-publish","hentry"],"_links":{"self":[{"href":"https:\/\/informacionoficial.mendoza.gob.ar\/turismo\/wp-json\/wp\/v2\/pages\/1612","targetHints":{"allow":["GET"]}}],"collection":[{"href":"https:\/\/informacionoficial.mendoza.gob.ar\/turismo\/wp-json\/wp\/v2\/pages"}],"about":[{"href":"https:\/\/informacionoficial.mendoza.gob.ar\/turismo\/wp-json\/wp\/v2\/types\/page"}],"author":[{"embeddable":true,"href":"https:\/\/informacionoficial.mendoza.gob.ar\/turismo\/wp-json\/wp\/v2\/users\/16"}],"replies":[{"embeddable":true,"href":"https:\/\/informacionoficial.mendoza.gob.ar\/turismo\/wp-json\/wp\/v2\/comments?post=1612"}],"version-history":[{"count":19,"href":"https:\/\/informacionoficial.mendoza.gob.ar\/turismo\/wp-json\/wp\/v2\/pages\/1612\/revisions"}],"predecessor-version":[{"id":2963,"href":"https:\/\/informacionoficial.mendoza.gob.ar\/turismo\/wp-json\/wp\/v2\/pages\/1612\/revisions\/2963"}],"wp:attachment":[{"href":"https:\/\/informacionoficial.mendoza.gob.ar\/turismo\/wp-json\/wp\/v2\/media?parent=1612"}],"curies":[{"name":"wp","href":"https:\/\/api.w.org\/{rel}","templated":true}]}}