{"id":2908,"date":"2026-02-06T14:38:08","date_gmt":"2026-02-06T17:38:08","guid":{"rendered":"https:\/\/informacionoficial.mendoza.gob.ar\/turismo\/?page_id=2908"},"modified":"2026-04-14T10:23:52","modified_gmt":"2026-04-14T13:23:52","slug":"historias-tradiciones-y-leyendas","status":"publish","type":"page","link":"https:\/\/informacionoficial.mendoza.gob.ar\/turismo\/archivo-tematico-de-turismo\/historias-tradiciones-y-leyendas\/","title":{"rendered":"Historias, Tradiciones y Leyendas"},"content":{"rendered":"<p>[et_pb_section fb_built=\u00bb1&#8243; _builder_version=\u00bb4.27.4&#8243; _module_preset=\u00bbdefault\u00bb locked=\u00bboff\u00bb global_colors_info=\u00bb{}\u00bb][et_pb_row _builder_version=\u00bb4.27.4&#8243; _module_preset=\u00bbdefault\u00bb locked=\u00bboff\u00bb global_colors_info=\u00bb{}\u00bb][et_pb_column type=\u00bb4_4&#8243; _builder_version=\u00bb4.27.4&#8243; _module_preset=\u00bbdefault\u00bb global_colors_info=\u00bb{}\u00bb][et_pb_icon font_icon=\u00bb&#xf1da;||fa||900&#8243; icon_color=\u00bb#000f9f\u00bb _builder_version=\u00bb4.27.4&#8243; _module_preset=\u00bbdefault\u00bb custom_padding=\u00bb|975px||||\u00bb global_colors_info=\u00bb{}\u00bb][\/et_pb_icon][\/et_pb_column][\/et_pb_row][et_pb_row _builder_version=\u00bb4.27.4&#8243; _module_preset=\u00bbdefault\u00bb global_colors_info=\u00bb{}\u00bb][et_pb_column type=\u00bb4_4&#8243; _builder_version=\u00bb4.27.4&#8243; _module_preset=\u00bbdefault\u00bb global_colors_info=\u00bb{}\u00bb][et_pb_heading title=\u00bbArchivo Tem\u00e1tico de Turismo\u00bb url=\u00bbhttps:\/\/informacionoficial.mendoza.gob.ar\/turismo\/archivo-tematico-de-turismo\/\u00bb _builder_version=\u00bb4.27.4&#8243; _module_preset=\u00bbdefault\u00bb title_font_size=\u00bb26px\u00bb title_letter_spacing=\u00bb3px\u00bb width=\u00bb100%\u00bb custom_padding=\u00bb|597px||||\u00bb global_colors_info=\u00bb{}\u00bb][\/et_pb_heading][et_pb_heading title=\u00bbHistorias, Tradiciones y Leyendas\u00bb _builder_version=\u00bb4.27.4&#8243; _module_preset=\u00bbdefault\u00bb title_font_size=\u00bb37px\u00bb custom_padding=\u00bb|537px||||\u00bb global_colors_info=\u00bb{}\u00bb][\/et_pb_heading][\/et_pb_column][\/et_pb_row][et_pb_row _builder_version=\u00bb4.27.4&#8243; _module_preset=\u00bbdefault\u00bb module_alignment=\u00bbcenter\u00bb custom_margin=\u00bb4px|auto||auto||\u00bb custom_padding=\u00bb||59px|||\u00bb global_colors_info=\u00bb{}\u00bb][et_pb_column type=\u00bb4_4&#8243; _builder_version=\u00bb4.27.4&#8243; _module_preset=\u00bbdefault\u00bb global_colors_info=\u00bb{}\u00bb][et_pb_toggle title=\u00bbHistorias, Tradiciones y Leyendas\u00bb open_toggle_text_color=\u00bb#afafaf\u00bb open_toggle_background_color=\u00bb#ffffff\u00bb icon_color=\u00bb#be9e76&#8243; _builder_version=\u00bb4.27.4&#8243; _module_preset=\u00bbdefault\u00bb title_text_color=\u00bb#be9e76&#8243; title_font_size=\u00bb16px\u00bb body_text_color=\u00bb#be9e76&#8243; background_color=\u00bb#ffffff\u00bb hover_enabled=\u00bb0&#8243; border_radii=\u00bbon|12px|12px|12px|12px\u00bb border_color_all=\u00bb#d8bfa2&#8243; global_colors_info=\u00bb{}\u00bb sticky_enabled=\u00bb0&#8243;]<\/p>\n<ul>\n<li><a href=\"https:\/\/observatoriomdz.tur.ar\/archivo_tematico\/901-historia_Y_Perspectivas\/901-Guaymallen_Historia_Y_Perspectivas.pdf\" target=\"_blank\">Guaymall\u00e9n Historia Y Perspectivas<\/a><\/li>\n<li><a href=\"https:\/\/observatoriomdz.tur.ar\/archivo_tematico\/901-historia_Y_Perspectivas\/901-Junin_Historia_Y_Perspectivas.pdf\" target=\"_blank\">Jun\u00edn Historia Y Perspectivas<\/a><\/li>\n<li><a href=\"https:\/\/observatoriomdz.tur.ar\/archivo_tematico\/901-historia_Y_Perspectivas\/901-Las_Heras_Historia_Y_Perspectivas.pdf\" target=\"_blank\">Las Heras Historia Y Perspectivas<\/a><\/li>\n<li><a href=\"https:\/\/observatoriomdz.tur.ar\/archivo_tematico\/901-historia_Y_Perspectivas\/901-Lujan_De_Cuyo_Historia_Y_Perspectivas.pdf\" target=\"_blank\">Lujan De Cuyo Historia Y Perspectivas<\/a><\/li>\n<li><a href=\"https:\/\/observatoriomdz.tur.ar\/archivo_tematico\/901-historia_Y_Perspectivas\/901-Maipu_Historia_Y_Perspectivas.pdf\" target=\"_blank\">Maip\u00fa Historia Y Perspectivas<\/a><\/li>\n<li><a href=\"https:\/\/observatoriomdz.tur.ar\/archivo_tematico\/901-historia_Y_Perspectivas\/901-Mendoza_Historia_Y_Perspectiva.pdf\" target=\"_blank\">Mendoza Historia Y Perspectiva<\/a><\/li>\n<li><a href=\"https:\/\/observatoriomdz.tur.ar\/archivo_tematico\/901-historia_Y_Perspectivas\/901-San_Martin_Historia_Y_Perspectivas.pdf\" target=\"_blank\">San Martin Historia Y Perspectivas<\/a><\/li>\n<li><a href=\"https:\/\/observatoriomdz.tur.ar\/archivo_tematico\/901-historia_Y_Perspectivas\/901-Tunuyan_Historia_Y_Perspectivas.pdf\" target=\"_blank\">Tunuyan Historia Y Perspectivas<\/a><\/li>\n<li><a href=\"https:\/\/observatoriomdz.tur.ar\/archivo_tematico\/901-historia_Y_Perspectivas\/901-Valle_De_Uco_Historia_Y_Perspectiva.pdf\" target=\"_blank\">Valle De Uco Historia Y Perspectiva<\/a><\/li>\n<li><a href=\"https:\/\/observatoriomdz.tur.ar\/archivo_tematico\/903-Virgen_De_La_Carrodilla\/903-Virgen_De_La_Carrodilla.pdf\" target=\"_blank\">Virgen De La Carrodilla<\/a><\/li>\n<li><a href=\"https:\/\/observatoriomdz.tur.ar\/archivo_tematico\/904-Toponimia_Tradiciones_Y_Leyendas_Mendocinas\/904-Toponimia_Tradiciones_Y_Leyendas_Mendocinas.pdf\" target=\"_blank\">Toponimia Tradiciones Y Leyendas Mendocinas<\/a><\/li>\n<li><a href=\"https:\/\/observatoriomdz.tur.ar\/archivo_tematico\/908-San_Jose_De_Corocorto_Y_Fundacion_De_La_Paz\/908-San_Jose_De_Corocorto_Y_Fundacion_De_La_Paz.pdf\" target=\"_blank\">San Jos\u00e9 De Corocorto Y Fundaci\u00f3n De La Paz<\/a><\/li>\n<li><a href=\"https:\/\/observatoriomdz.tur.ar\/archivo_tematico\/910-Poblaciones_Pre_Y_Posthispanicas_De_Mendoza\/910-Poblaciones_Pre_Y_Posthispanicas_De_Mendoza.pdf\" target=\"_blank\">Poblaciones Pre Y Posthispanicas De Mendoza<\/a><\/li>\n<li><a href=\"https:\/\/observatoriomdz.tur.ar\/archivo_tematico\/915-Ntra_Sra_Del_Rosario_De_Mendoza_Patrona_De_Cuyo\/915-Ntra_Sra_Del_Rosario_De_Mendoza_Patrona_De_Cuyo.pdf\" target=\"_blank\">Ntra Sra Del Rosario De Mendoza Patrona De Cuyo<\/a><\/li>\n<li><a href=\"https:\/\/observatoriomdz.tur.ar\/archivo_tematico\/916-Los_Huarpes_Y_Su_Cultura\/916-Los_Huarpes_Y_Su_Cultura.pdf\" target=\"_blank\">Los Huarpes Y Su Cultura<\/a><\/li>\n<li><a href=\"https:\/\/observatoriomdz.tur.ar\/archivo_tematico\/919-Las_Calles_Cuentan_Su_Historia\/919-Las_Calles_Cuentan_Su_Historia.pdf\" target=\"_blank\">Las Calles Cuentan Su Historia<\/a><\/li>\n<li><a href=\"https:\/\/observatoriomdz.tur.ar\/archivo_tematico\/926-El_Parque_General_San_Martin\/926-El_Parque_General_San_Martin.pdf\" target=\"_blank\">El Parque General San Mart\u00edn<\/a><\/li>\n<li><a href=\"https:\/\/observatoriomdz.tur.ar\/archivo_tematico\/933-Historia_De_Mendoza\/933-Historia_De_Mendoza.pdf\" target=\"_blank\">Historia De Mendoza<\/a><\/li>\n<\/ul>\n<p>[\/et_pb_toggle][et_pb_code _builder_version=\u00bb4.27.4&#8243; _module_preset=\u00bbdefault\u00bb custom_css_free_form=\u00bb\/* ==== Acordeones personalizados estilo Divi (versi\u00f3n clara) ==== *\/||||.et_pb_toggle.custom_toggle {||    border: 2px solid #d8bfa2 !important; \/* Marr\u00f3n claro *\/||    border-radius: 10px !important;||    background-color: #ffffff !important; \/* Fondo blanco *\/||    margin-bottom: 0px !important;||    box-shadow: 0 3px 8px rgba(0, 0, 0, 0.05) !important;||    overflow: hidden !important;||    transition: all 0.2s ease !important;||  }||  ||  \/* T\u00edtulo del acorde\u00f3n *\/||  .et_pb_toggle.custom_toggle .et_pb_toggle_title {||    background-color: #ffffff !important;||    color: #be9e76 !important;||    font-weight: 500 !important;||    \/*padding: 0px 0px !important;*\/||    \/*border-bottom: 1px solid #ecd8c1 !important;*\/||    position: relative !important;||    cursor: pointer !important;||  }||  ||\/* Primero anulamos el icono de Divi *\/||.et_pb_toggle.custom_toggle .et_pb_toggle_title:before {||    font-family: ETmodules !important; \/* la fuente de Divi que tiene + \/ &#8211; *\/||    font-weight: 400 !important;||    font-size: 16px !important;       \/* tama\u00f1o del + \/ &#8211; *\/||    color: #be9e76 !important;        \/* color marr\u00f3n *\/||    \/*right: 20px !important;*\/           \/* posici\u00f3n horizontal *\/||}||||||\/* Cambiar el icono cuando el acorde\u00f3n est\u00e1 abierto *\/||.et_pb_toggle.custom_toggle.et_pb_toggle_open .et_pb_toggle_title:before {||    content: %22%922191%22 !important; \/* flechita hacia arriba *\/||    font-family: inherit !important; \/* usa la fuente normal para Unicode *\/||  ||  font-weight: 400 !important;||    font-size: 21px !important;       \/* tama\u00f1o del + \/ &#8211; *\/||    color: #be9e76 !important;       \/* mismo color marr\u00f3n *\/||}||||||  \/* Flechita en lugar de \u201c+ \/ -\u201d *\/||  .et_pb_toggle.custom_toggle .et_pb_toggle_title::after {||    \/*content: %22\u25bc%22 !important;*\/ \/* flecha hacia abajo *\/||    ||    \/*content: %22%92E050%22 !important;*\/||    \/*color: #C8A977;*\/||    font-family: ETmodules !important;||    font-weight: 400 !important; \/* la fuente de Divi que tiene los iconos *\/||    position: absolute !important;||    right: 20px !important;||    top: 50% !important;||    transform: translateY(-50%) !important;||    font-size: 14px !important;||    color: #8B4513 !important;||    transition: transform 0.3s ease !important;||  }||  ||  \/* Cuando est\u00e1 abierto, gira la flecha hacia arriba *\/||  \/*.et_pb_toggle.custom_toggle.et_pb_toggle_open .et_pb_toggle_title::after {||    content: %22\u25b2%22 !important;||  }||  *\/||  \/* Hover *\/||  .et_pb_toggle.custom_toggle .et_pb_toggle_title:hover {||    background-color: #fffaf5 !important;||  }||  ||  \/* Contenido del acorde\u00f3n *\/||  .et_pb_toggle.custom_toggle .et_pb_toggle_content {||    background-color: #ffffff !important;||    color: #333 !important;||    padding: 6px 22px !important;||    line-height: 1.6em !important;||  }||  ||  \/* Enlaces *\/||  .et_pb_toggle.custom_toggle .et_pb_toggle_content a {||    color: #8B4513 !important;||    text-decoration: none !important;||    font-weight: 500 !important;||  }||  ||  .et_pb_toggle.custom_toggle .et_pb_toggle_content a:hover {||    text-decoration: underline !important;||  }||||\/* Quitar vi\u00f1etas de los listados dentro de los acordeones *\/||.et_pb_toggle.custom_toggle .et_pb_toggle_content ul {||    list-style: none !important; \/* quita los puntitos *\/||    padding-left: 0 !important;  \/* quita la sangr\u00eda *\/||    margin: 0 !important;         \/* opcional, elimina margen superior\/inferior *\/||}||  \u00bb global_colors_info=\u00bb{}\u00bb]<!-- [et_pb_line_break_holder] -->[\/et_pb_code][\/et_pb_column][\/et_pb_row][\/et_pb_section]<\/p>\n","protected":false},"excerpt":{"rendered":"<p>Guaymall\u00e9n Historia Y Perspectivas Jun\u00edn Historia Y Perspectivas Las Heras Historia Y Perspectivas Lujan De Cuyo Historia Y Perspectivas Maip\u00fa Historia Y Perspectivas Mendoza Historia Y Perspectiva San Martin Historia Y Perspectivas Tunuyan Historia Y Perspectivas Valle De Uco Historia Y Perspectiva Virgen De La Carrodilla Toponimia Tradiciones Y Leyendas Mendocinas San Jos\u00e9 De Corocorto [&hellip;]<\/p>\n","protected":false},"author":16,"featured_media":0,"parent":1976,"menu_order":0,"comment_status":"closed","ping_status":"closed","template":"","meta":{"_et_pb_use_builder":"on","_et_pb_old_content":"","_et_gb_content_width":"","footnotes":""},"class_list":["post-2908","page","type-page","status-publish","hentry"],"_links":{"self":[{"href":"https:\/\/informacionoficial.mendoza.gob.ar\/turismo\/wp-json\/wp\/v2\/pages\/2908","targetHints":{"allow":["GET"]}}],"collection":[{"href":"https:\/\/informacionoficial.mendoza.gob.ar\/turismo\/wp-json\/wp\/v2\/pages"}],"about":[{"href":"https:\/\/informacionoficial.mendoza.gob.ar\/turismo\/wp-json\/wp\/v2\/types\/page"}],"author":[{"embeddable":true,"href":"https:\/\/informacionoficial.mendoza.gob.ar\/turismo\/wp-json\/wp\/v2\/users\/16"}],"replies":[{"embeddable":true,"href":"https:\/\/informacionoficial.mendoza.gob.ar\/turismo\/wp-json\/wp\/v2\/comments?post=2908"}],"version-history":[{"count":5,"href":"https:\/\/informacionoficial.mendoza.gob.ar\/turismo\/wp-json\/wp\/v2\/pages\/2908\/revisions"}],"predecessor-version":[{"id":3160,"href":"https:\/\/informacionoficial.mendoza.gob.ar\/turismo\/wp-json\/wp\/v2\/pages\/2908\/revisions\/3160"}],"up":[{"embeddable":true,"href":"https:\/\/informacionoficial.mendoza.gob.ar\/turismo\/wp-json\/wp\/v2\/pages\/1976"}],"wp:attachment":[{"href":"https:\/\/informacionoficial.mendoza.gob.ar\/turismo\/wp-json\/wp\/v2\/media?parent=2908"}],"curies":[{"name":"wp","href":"https:\/\/api.w.org\/{rel}","templated":true}]}}